{"id":1012,"date":"2022-03-10T17:44:27","date_gmt":"2022-03-10T16:44:27","guid":{"rendered":"https:\/\/new.sviluppoqualita.it\/?page_id=1012"},"modified":"2025-06-20T21:54:46","modified_gmt":"2025-06-20T19:54:46","slug":"master-ed-alta-formazione","status":"publish","type":"page","link":"https:\/\/www.ampipointservizimg.it\/?page_id=1012","title":{"rendered":"Master ed alta formazione"},"content":{"rendered":"\t\t<div data-elementor-type=\"wp-page\" data-elementor-id=\"1012\" class=\"elementor elementor-1012\" data-elementor-post-type=\"page\">\n\t\t\t\t\t\t<section class=\"elementor-section elementor-top-section elementor-element elementor-element-1beeb94 elementor-section-boxed elementor-section-height-default elementor-section-height-default\" data-id=\"1beeb94\" data-element_type=\"section\">\n\t\t\t\t\t\t<div class=\"elementor-container elementor-column-gap-default\">\n\t\t\t\t\t<div class=\"elementor-column elementor-col-100 elementor-top-column elementor-element elementor-element-215296e\" data-id=\"215296e\" data-element_type=\"column\">\n\t\t\t<div class=\"elementor-widget-wrap elementor-element-populated\">\n\t\t\t\t\t\t<div class=\"elementor-element elementor-element-c3b68a3 elementor-widget elementor-widget-heading\" data-id=\"c3b68a3\" data-element_type=\"widget\" data-widget_type=\"heading.default\">\n\t\t\t\t<div class=\"elementor-widget-container\">\n\t\t\t\t\t<h2 class=\"elementor-heading-title elementor-size-default\">Master Universitari<\/h2>\t\t\t\t<\/div>\n\t\t\t\t<\/div>\n\t\t\t\t<div class=\"elementor-element elementor-element-e14d68f elementor-widget elementor-widget-text-editor\" data-id=\"e14d68f\" data-element_type=\"widget\" data-widget_type=\"text-editor.default\">\n\t\t\t\t<div class=\"elementor-widget-container\">\n\t\t\t\t\t\t\t\t\t<p><img fetchpriority=\"high\" decoding=\"async\" class=\"alignright wp-image-5478\" src=\"https:\/\/www.ampipointservizimg.it\/wp-content\/uploads\/2025\/06\/corsi-alta-formazione-cosa-sono-946x494.jpg.webp\" alt=\"\" width=\"500\" height=\"261\" srcset=\"https:\/\/www.ampipointservizimg.it\/wp-content\/uploads\/2025\/06\/corsi-alta-formazione-cosa-sono-946x494.jpg.webp 946w, https:\/\/www.ampipointservizimg.it\/wp-content\/uploads\/2025\/06\/corsi-alta-formazione-cosa-sono-946x494.jpg-300x157.webp 300w, https:\/\/www.ampipointservizimg.it\/wp-content\/uploads\/2025\/06\/corsi-alta-formazione-cosa-sono-946x494.jpg-768x401.webp 768w, https:\/\/www.ampipointservizimg.it\/wp-content\/uploads\/2025\/06\/corsi-alta-formazione-cosa-sono-946x494.jpg-290x150.webp 290w, https:\/\/www.ampipointservizimg.it\/wp-content\/uploads\/2025\/06\/corsi-alta-formazione-cosa-sono-946x494.jpg-600x313.webp 600w\" sizes=\"(max-width: 500px) 100vw, 500px\" \/>Abbiamo stretto una proficua collaborazione con la rete GTC, e insieme alle prestigiose universit\u00e0 E-campus ha arricchito il proprio ventaglio formativo con una vasta selezione di master e corsi avanzati erogati online. Questi programmi sono pensati per giovani laureati e professionisti che desiderano arricchire o aggiornare le proprie competenze in modo flessibile e accessibile.<\/p><p>Questo partenariato si distingue per la sua continua ricerca di innovazione e per il solido collegamento con il mondo professionale, garantendo cos\u00ec un\u2019esperienza formativa completa e all\u2019avanguardia. La qualit\u00e0 dei corsi proposti \u00e8 uno dei suoi tratti distintivi, insieme alla professionalit\u00e0 dei docenti e al supporto personalizzato offerto agli studenti.<\/p><p>Grazie a questa collaborazione, AMPI si afferma come un punto di riferimento imprescindibile per l\u2019istruzione post-laurea, offrendo agli studenti l\u2019opportunit\u00e0 di perseguire i propri obiettivi di carriera con flessibilit\u00e0 e qualit\u00e0.<\/p>\t\t\t\t\t\t\t\t<\/div>\n\t\t\t\t<\/div>\n\t\t\t\t<div class=\"elementor-element elementor-element-d99ca2c elementor-widget elementor-widget-accordion\" data-id=\"d99ca2c\" data-element_type=\"widget\" data-widget_type=\"accordion.default\">\n\t\t\t\t<div class=\"elementor-widget-container\">\n\t\t\t\t\t\t\t<div class=\"elementor-accordion\">\n\t\t\t\t\t\t\t<div class=\"elementor-accordion-item\">\n\t\t\t\t\t<div id=\"elementor-tab-title-2281\" class=\"elementor-tab-title\" data-tab=\"1\" role=\"button\" aria-controls=\"elementor-tab-content-2281\" aria-expanded=\"false\">\n\t\t\t\t\t\t\t\t\t\t\t\t\t<span class=\"elementor-accordion-icon elementor-accordion-icon-left\" aria-hidden=\"true\">\n\t\t\t\t\t\t\t\t\t\t\t\t\t\t\t<span class=\"elementor-accordion-icon-closed\"><i class=\"fas fa-plus\"><\/i><\/span>\n\t\t\t\t\t\t\t\t<span class=\"elementor-accordion-icon-opened\"><i class=\"fas fa-minus\"><\/i><\/span>\n\t\t\t\t\t\t\t\t\t\t\t\t\t\t<\/span>\n\t\t\t\t\t\t\t\t\t\t\t\t<a class=\"elementor-accordion-title\" tabindex=\"0\">ALTA FORMAZIONE: PRIVACY E TRATTAMENTO DEI DATI<\/a>\n\t\t\t\t\t<\/div>\n\t\t\t\t\t<div id=\"elementor-tab-content-2281\" class=\"elementor-tab-content elementor-clearfix\" data-tab=\"1\" role=\"region\" aria-labelledby=\"elementor-tab-title-2281\"><p>Il corso Alta Formazione sulla Gestione della responsabilit\u00e0 sociale mira a fornire tutte le competenze e nozioni necessarie per garantire l\u2019implementazione <em>di<\/em>\u00a0una politica\u00a0<em>di responsabilit\u00e0 sociale<\/em>\u00a0che garantisca il rispetto etico\u00a0<em>dei<\/em>\u00a0propri lavoratori.<\/p><\/div>\n\t\t\t\t<\/div>\n\t\t\t\t\t\t\t<div class=\"elementor-accordion-item\">\n\t\t\t\t\t<div id=\"elementor-tab-title-2282\" class=\"elementor-tab-title\" data-tab=\"2\" role=\"button\" aria-controls=\"elementor-tab-content-2282\" aria-expanded=\"false\">\n\t\t\t\t\t\t\t\t\t\t\t\t\t<span class=\"elementor-accordion-icon elementor-accordion-icon-left\" aria-hidden=\"true\">\n\t\t\t\t\t\t\t\t\t\t\t\t\t\t\t<span class=\"elementor-accordion-icon-closed\"><i class=\"fas fa-plus\"><\/i><\/span>\n\t\t\t\t\t\t\t\t<span class=\"elementor-accordion-icon-opened\"><i class=\"fas fa-minus\"><\/i><\/span>\n\t\t\t\t\t\t\t\t\t\t\t\t\t\t<\/span>\n\t\t\t\t\t\t\t\t\t\t\t\t<a class=\"elementor-accordion-title\" tabindex=\"0\">Master Universitari<\/a>\n\t\t\t\t\t<\/div>\n\t\t\t\t\t<div id=\"elementor-tab-content-2282\" class=\"elementor-tab-content elementor-clearfix\" data-tab=\"2\" role=\"region\" aria-labelledby=\"elementor-tab-title-2282\"><p>Master Universitari lle diverse facolt\u00e0<\/p><\/div>\n\t\t\t\t<\/div>\n\t\t\t\t\t\t\t<div class=\"elementor-accordion-item\">\n\t\t\t\t\t<div id=\"elementor-tab-title-2283\" class=\"elementor-tab-title\" data-tab=\"3\" role=\"button\" aria-controls=\"elementor-tab-content-2283\" aria-expanded=\"false\">\n\t\t\t\t\t\t\t\t\t\t\t\t\t<span class=\"elementor-accordion-icon elementor-accordion-icon-left\" aria-hidden=\"true\">\n\t\t\t\t\t\t\t\t\t\t\t\t\t\t\t<span class=\"elementor-accordion-icon-closed\"><i class=\"fas fa-plus\"><\/i><\/span>\n\t\t\t\t\t\t\t\t<span class=\"elementor-accordion-icon-opened\"><i class=\"fas fa-minus\"><\/i><\/span>\n\t\t\t\t\t\t\t\t\t\t\t\t\t\t<\/span>\n\t\t\t\t\t\t\t\t\t\t\t\t<a class=\"elementor-accordion-title\" tabindex=\"0\">MASTER QUALITA' AMBIENTE SICUREZZA<\/a>\n\t\t\t\t\t<\/div>\n\t\t\t\t\t<div id=\"elementor-tab-content-2283\" class=\"elementor-tab-content elementor-clearfix\" data-tab=\"3\" role=\"region\" aria-labelledby=\"elementor-tab-title-2283\"><div class=\"wpb_text_column wpb_content_element \"><div class=\"wpb_wrapper\"><div class=\"wpb_text_column wpb_content_element \"><div class=\"wpb_wrapper\"><p>Il Master offre un percorso formativo che ha come obiettivo quello di formare le\u00a0<strong>figure professionali nel campo del monitoraggio ambientale e della prevenzione dei rischi per la salute dell\u2019uomo e dell\u2019ambiente.<\/strong><\/p><\/div><\/div><\/div><\/div><\/div>\n\t\t\t\t<\/div>\n\t\t\t\t\t\t\t<div class=\"elementor-accordion-item\">\n\t\t\t\t\t<div id=\"elementor-tab-title-2284\" class=\"elementor-tab-title\" data-tab=\"4\" role=\"button\" aria-controls=\"elementor-tab-content-2284\" aria-expanded=\"false\">\n\t\t\t\t\t\t\t\t\t\t\t\t\t<span class=\"elementor-accordion-icon elementor-accordion-icon-left\" aria-hidden=\"true\">\n\t\t\t\t\t\t\t\t\t\t\t\t\t\t\t<span class=\"elementor-accordion-icon-closed\"><i class=\"fas fa-plus\"><\/i><\/span>\n\t\t\t\t\t\t\t\t<span class=\"elementor-accordion-icon-opened\"><i class=\"fas fa-minus\"><\/i><\/span>\n\t\t\t\t\t\t\t\t\t\t\t\t\t\t<\/span>\n\t\t\t\t\t\t\t\t\t\t\t\t<a class=\"elementor-accordion-title\" tabindex=\"0\">ALTA FORMAZIONE: SGSL<\/a>\n\t\t\t\t\t<\/div>\n\t\t\t\t\t<div id=\"elementor-tab-content-2284\" class=\"elementor-tab-content elementor-clearfix\" data-tab=\"4\" role=\"region\" aria-labelledby=\"elementor-tab-title-2284\"><div class=\"wpb_text_column wpb_content_element \"><div class=\"wpb_wrapper\"><p>Il Corso di Alta Formazione mira a formare esperti sulla\u00a0<strong>sicurezza nei luoghi di lavoro, per tutte le attivit\u00e0, sia civili che industriali.<\/strong><\/p><\/div><\/div><\/div>\n\t\t\t\t<\/div>\n\t\t\t\t\t\t\t<div class=\"elementor-accordion-item\">\n\t\t\t\t\t<div id=\"elementor-tab-title-2285\" class=\"elementor-tab-title\" data-tab=\"5\" role=\"button\" aria-controls=\"elementor-tab-content-2285\" aria-expanded=\"false\">\n\t\t\t\t\t\t\t\t\t\t\t\t\t<span class=\"elementor-accordion-icon elementor-accordion-icon-left\" aria-hidden=\"true\">\n\t\t\t\t\t\t\t\t\t\t\t\t\t\t\t<span class=\"elementor-accordion-icon-closed\"><i class=\"fas fa-plus\"><\/i><\/span>\n\t\t\t\t\t\t\t\t<span class=\"elementor-accordion-icon-opened\"><i class=\"fas fa-minus\"><\/i><\/span>\n\t\t\t\t\t\t\t\t\t\t\t\t\t\t<\/span>\n\t\t\t\t\t\t\t\t\t\t\t\t<a class=\"elementor-accordion-title\" tabindex=\"0\">ALTA FORMAZIONE: GESTIONE DELLA RESPONSABILITA' SOCIALE<\/a>\n\t\t\t\t\t<\/div>\n\t\t\t\t\t<div id=\"elementor-tab-content-2285\" class=\"elementor-tab-content elementor-clearfix\" data-tab=\"5\" role=\"region\" aria-labelledby=\"elementor-tab-title-2285\"><div class=\"wpb_text_column wpb_content_element \"><div class=\"wpb_wrapper\"><p>Il Corso di Alta Formazione mira a formare esperti sulla\u00a0<strong>sicurezza nei luoghi di lavoro, per tutte le attivit\u00e0, sia civili che industriali.<\/strong><\/p><\/div><\/div><\/div>\n\t\t\t\t<\/div>\n\t\t\t\t\t\t\t\t<\/div>\n\t\t\t\t\t\t<\/div>\n\t\t\t\t<\/div>\n\t\t\t\t\t<\/div>\n\t\t<\/div>\n\t\t\t\t\t<\/div>\n\t\t<\/section>\n\t\t\t\t<\/div>\n\t\t","protected":false},"excerpt":{"rendered":"<p>Master Universitari Abbiamo stretto una proficua collaborazione con la rete GTC, e insieme alle prestigiose universit\u00e0 E-campus ha arricchito il proprio ventaglio formativo con una vasta selezione di master e corsi avanzati erogati online. Questi programmi sono pensati per giovani laureati e professionisti che desiderano arricchire o aggiornare le proprie competenze in modo flessibile e accessibile. Questo partenariato si distingue [&hellip;]<\/p>\n","protected":false},"author":1,"featured_media":0,"parent":0,"menu_order":0,"comment_status":"closed","ping_status":"closed","template":"","meta":{"footnotes":""},"class_list":["post-1012","page","type-page","status-publish","hentry"],"yoast_head":"<!-- This site is optimized with the Yoast SEO plugin v25.4 - https:\/\/yoast.com\/wordpress\/plugins\/seo\/ -->\n<title>Master ed alta formazione - Ampi Point Servizi emmegi<\/title>\n<meta name=\"robots\" content=\"index, follow, max-snippet:-1, max-image-preview:large, max-video-preview:-1\" \/>\n<link rel=\"canonical\" href=\"https:\/\/www.ampipointservizimg.it\/?page_id=1012\" \/>\n<meta property=\"og:locale\" content=\"it_IT\" \/>\n<meta property=\"og:type\" content=\"article\" \/>\n<meta property=\"og:title\" content=\"Master ed alta formazione - Ampi Point Servizi emmegi\" \/>\n<meta property=\"og:description\" content=\"Master Universitari Abbiamo stretto una proficua collaborazione con la rete GTC, e insieme alle prestigiose universit\u00e0 E-campus ha arricchito il proprio ventaglio formativo con una vasta selezione di master e corsi avanzati erogati online. Questi programmi sono pensati per giovani laureati e professionisti che desiderano arricchire o aggiornare le proprie competenze in modo flessibile e accessibile. Questo partenariato si distingue [&hellip;]\" \/>\n<meta property=\"og:url\" content=\"https:\/\/www.ampipointservizimg.it\/?page_id=1012\" \/>\n<meta property=\"og:site_name\" content=\"Ampi Point Servizi emmegi\" \/>\n<meta property=\"article:modified_time\" content=\"2025-06-20T19:54:46+00:00\" \/>\n<meta property=\"og:image\" content=\"https:\/\/www.ampipointservizimg.it\/wp-content\/uploads\/2025\/06\/corsi-alta-formazione-cosa-sono-946x494.jpg.webp\" \/>\n\t<meta property=\"og:image:width\" content=\"946\" \/>\n\t<meta property=\"og:image:height\" content=\"494\" \/>\n\t<meta property=\"og:image:type\" content=\"image\/webp\" \/>\n<meta name=\"twitter:card\" content=\"summary_large_image\" \/>\n<meta name=\"twitter:label1\" content=\"Tempo di lettura stimato\" \/>\n\t<meta name=\"twitter:data1\" content=\"2 minuti\" \/>\n<script type=\"application\/ld+json\" class=\"yoast-schema-graph\">{\"@context\":\"https:\/\/schema.org\",\"@graph\":[{\"@type\":\"WebPage\",\"@id\":\"https:\/\/www.ampipointservizimg.it\/?page_id=1012\",\"url\":\"https:\/\/www.ampipointservizimg.it\/?page_id=1012\",\"name\":\"Master ed alta formazione - Ampi Point Servizi emmegi\",\"isPartOf\":{\"@id\":\"https:\/\/www.ampipointservizimg.it\/#website\"},\"primaryImageOfPage\":{\"@id\":\"https:\/\/www.ampipointservizimg.it\/?page_id=1012#primaryimage\"},\"image\":{\"@id\":\"https:\/\/www.ampipointservizimg.it\/?page_id=1012#primaryimage\"},\"thumbnailUrl\":\"https:\/\/www.ampipointservizimg.it\/wp-content\/uploads\/2025\/06\/corsi-alta-formazione-cosa-sono-946x494.jpg.webp\",\"datePublished\":\"2022-03-10T16:44:27+00:00\",\"dateModified\":\"2025-06-20T19:54:46+00:00\",\"breadcrumb\":{\"@id\":\"https:\/\/www.ampipointservizimg.it\/?page_id=1012#breadcrumb\"},\"inLanguage\":\"it-IT\",\"potentialAction\":[{\"@type\":\"ReadAction\",\"target\":[\"https:\/\/www.ampipointservizimg.it\/?page_id=1012\"]}]},{\"@type\":\"ImageObject\",\"inLanguage\":\"it-IT\",\"@id\":\"https:\/\/www.ampipointservizimg.it\/?page_id=1012#primaryimage\",\"url\":\"https:\/\/www.ampipointservizimg.it\/wp-content\/uploads\/2025\/06\/corsi-alta-formazione-cosa-sono-946x494.jpg.webp\",\"contentUrl\":\"https:\/\/www.ampipointservizimg.it\/wp-content\/uploads\/2025\/06\/corsi-alta-formazione-cosa-sono-946x494.jpg.webp\",\"width\":946,\"height\":494},{\"@type\":\"BreadcrumbList\",\"@id\":\"https:\/\/www.ampipointservizimg.it\/?page_id=1012#breadcrumb\",\"itemListElement\":[{\"@type\":\"ListItem\",\"position\":1,\"name\":\"Home\",\"item\":\"https:\/\/www.ampipointservizimg.it\/\"},{\"@type\":\"ListItem\",\"position\":2,\"name\":\"Master ed alta formazione\"}]},{\"@type\":\"WebSite\",\"@id\":\"https:\/\/www.ampipointservizimg.it\/#website\",\"url\":\"https:\/\/www.ampipointservizimg.it\/\",\"name\":\"Ampi Point Servizi emmegi\",\"description\":\"\",\"publisher\":{\"@id\":\"https:\/\/www.ampipointservizimg.it\/#organization\"},\"potentialAction\":[{\"@type\":\"SearchAction\",\"target\":{\"@type\":\"EntryPoint\",\"urlTemplate\":\"https:\/\/www.ampipointservizimg.it\/?s={search_term_string}\"},\"query-input\":{\"@type\":\"PropertyValueSpecification\",\"valueRequired\":true,\"valueName\":\"search_term_string\"}}],\"inLanguage\":\"it-IT\"},{\"@type\":\"Organization\",\"@id\":\"https:\/\/www.ampipointservizimg.it\/#organization\",\"name\":\"Sviluppo Qualit\u00e0\",\"alternateName\":\"Sviluppo Qualit\u00e0\",\"url\":\"https:\/\/www.ampipointservizimg.it\/\",\"logo\":{\"@type\":\"ImageObject\",\"inLanguage\":\"it-IT\",\"@id\":\"https:\/\/www.ampipointservizimg.it\/#\/schema\/logo\/image\/\",\"url\":\"https:\/\/www.ampipointservizimg.it\/wp-content\/uploads\/2025\/06\/cropped-logo_con_ampi-1.png\",\"contentUrl\":\"https:\/\/www.ampipointservizimg.it\/wp-content\/uploads\/2025\/06\/cropped-logo_con_ampi-1.png\",\"width\":2269,\"height\":544,\"caption\":\"Sviluppo Qualit\u00e0\"},\"image\":{\"@id\":\"https:\/\/www.ampipointservizimg.it\/#\/schema\/logo\/image\/\"}}]}<\/script>\n<!-- \/ Yoast SEO plugin. -->","yoast_head_json":{"title":"Master ed alta formazione - Ampi Point Servizi emmegi","robots":{"index":"index","follow":"follow","max-snippet":"max-snippet:-1","max-image-preview":"max-image-preview:large","max-video-preview":"max-video-preview:-1"},"canonical":"https:\/\/www.ampipointservizimg.it\/?page_id=1012","og_locale":"it_IT","og_type":"article","og_title":"Master ed alta formazione - Ampi Point Servizi emmegi","og_description":"Master Universitari Abbiamo stretto una proficua collaborazione con la rete GTC, e insieme alle prestigiose universit\u00e0 E-campus ha arricchito il proprio ventaglio formativo con una vasta selezione di master e corsi avanzati erogati online. Questi programmi sono pensati per giovani laureati e professionisti che desiderano arricchire o aggiornare le proprie competenze in modo flessibile e accessibile. Questo partenariato si distingue [&hellip;]","og_url":"https:\/\/www.ampipointservizimg.it\/?page_id=1012","og_site_name":"Ampi Point Servizi emmegi","article_modified_time":"2025-06-20T19:54:46+00:00","og_image":[{"width":946,"height":494,"url":"https:\/\/www.ampipointservizimg.it\/wp-content\/uploads\/2025\/06\/corsi-alta-formazione-cosa-sono-946x494.jpg.webp","type":"image\/webp"}],"twitter_card":"summary_large_image","twitter_misc":{"Tempo di lettura stimato":"2 minuti"},"schema":{"@context":"https:\/\/schema.org","@graph":[{"@type":"WebPage","@id":"https:\/\/www.ampipointservizimg.it\/?page_id=1012","url":"https:\/\/www.ampipointservizimg.it\/?page_id=1012","name":"Master ed alta formazione - Ampi Point Servizi emmegi","isPartOf":{"@id":"https:\/\/www.ampipointservizimg.it\/#website"},"primaryImageOfPage":{"@id":"https:\/\/www.ampipointservizimg.it\/?page_id=1012#primaryimage"},"image":{"@id":"https:\/\/www.ampipointservizimg.it\/?page_id=1012#primaryimage"},"thumbnailUrl":"https:\/\/www.ampipointservizimg.it\/wp-content\/uploads\/2025\/06\/corsi-alta-formazione-cosa-sono-946x494.jpg.webp","datePublished":"2022-03-10T16:44:27+00:00","dateModified":"2025-06-20T19:54:46+00:00","breadcrumb":{"@id":"https:\/\/www.ampipointservizimg.it\/?page_id=1012#breadcrumb"},"inLanguage":"it-IT","potentialAction":[{"@type":"ReadAction","target":["https:\/\/www.ampipointservizimg.it\/?page_id=1012"]}]},{"@type":"ImageObject","inLanguage":"it-IT","@id":"https:\/\/www.ampipointservizimg.it\/?page_id=1012#primaryimage","url":"https:\/\/www.ampipointservizimg.it\/wp-content\/uploads\/2025\/06\/corsi-alta-formazione-cosa-sono-946x494.jpg.webp","contentUrl":"https:\/\/www.ampipointservizimg.it\/wp-content\/uploads\/2025\/06\/corsi-alta-formazione-cosa-sono-946x494.jpg.webp","width":946,"height":494},{"@type":"BreadcrumbList","@id":"https:\/\/www.ampipointservizimg.it\/?page_id=1012#breadcrumb","itemListElement":[{"@type":"ListItem","position":1,"name":"Home","item":"https:\/\/www.ampipointservizimg.it\/"},{"@type":"ListItem","position":2,"name":"Master ed alta formazione"}]},{"@type":"WebSite","@id":"https:\/\/www.ampipointservizimg.it\/#website","url":"https:\/\/www.ampipointservizimg.it\/","name":"Ampi Point Servizi emmegi","description":"","publisher":{"@id":"https:\/\/www.ampipointservizimg.it\/#organization"},"potentialAction":[{"@type":"SearchAction","target":{"@type":"EntryPoint","urlTemplate":"https:\/\/www.ampipointservizimg.it\/?s={search_term_string}"},"query-input":{"@type":"PropertyValueSpecification","valueRequired":true,"valueName":"search_term_string"}}],"inLanguage":"it-IT"},{"@type":"Organization","@id":"https:\/\/www.ampipointservizimg.it\/#organization","name":"Sviluppo Qualit\u00e0","alternateName":"Sviluppo Qualit\u00e0","url":"https:\/\/www.ampipointservizimg.it\/","logo":{"@type":"ImageObject","inLanguage":"it-IT","@id":"https:\/\/www.ampipointservizimg.it\/#\/schema\/logo\/image\/","url":"https:\/\/www.ampipointservizimg.it\/wp-content\/uploads\/2025\/06\/cropped-logo_con_ampi-1.png","contentUrl":"https:\/\/www.ampipointservizimg.it\/wp-content\/uploads\/2025\/06\/cropped-logo_con_ampi-1.png","width":2269,"height":544,"caption":"Sviluppo Qualit\u00e0"},"image":{"@id":"https:\/\/www.ampipointservizimg.it\/#\/schema\/logo\/image\/"}}]}},"_links":{"self":[{"href":"https:\/\/www.ampipointservizimg.it\/index.php?rest_route=\/wp\/v2\/pages\/1012","targetHints":{"allow":["GET"]}}],"collection":[{"href":"https:\/\/www.ampipointservizimg.it\/index.php?rest_route=\/wp\/v2\/pages"}],"about":[{"href":"https:\/\/www.ampipointservizimg.it\/index.php?rest_route=\/wp\/v2\/types\/page"}],"author":[{"embeddable":true,"href":"https:\/\/www.ampipointservizimg.it\/index.php?rest_route=\/wp\/v2\/users\/1"}],"replies":[{"embeddable":true,"href":"https:\/\/www.ampipointservizimg.it\/index.php?rest_route=%2Fwp%2Fv2%2Fcomments&post=1012"}],"version-history":[{"count":6,"href":"https:\/\/www.ampipointservizimg.it\/index.php?rest_route=\/wp\/v2\/pages\/1012\/revisions"}],"predecessor-version":[{"id":5482,"href":"https:\/\/www.ampipointservizimg.it\/index.php?rest_route=\/wp\/v2\/pages\/1012\/revisions\/5482"}],"wp:attachment":[{"href":"https:\/\/www.ampipointservizimg.it\/index.php?rest_route=%2Fwp%2Fv2%2Fmedia&parent=1012"}],"curies":[{"name":"wp","href":"https:\/\/api.w.org\/{rel}","templated":true}]}}