{"id":945,"date":"2022-03-09T17:00:59","date_gmt":"2022-03-09T16:00:59","guid":{"rendered":"https:\/\/new.sviluppoqualita.it\/?page_id=945"},"modified":"2025-02-22T09:43:29","modified_gmt":"2025-02-22T08:43:29","slug":"ricerca-e-sviluppo","status":"publish","type":"page","link":"https:\/\/www.ampipointservizimg.it\/?page_id=945","title":{"rendered":"Credito d\u2019imposta ricerca e sviluppo"},"content":{"rendered":"\t\t<div data-elementor-type=\"wp-page\" data-elementor-id=\"945\" class=\"elementor elementor-945\" data-elementor-post-type=\"page\">\n\t\t\t\t\t\t<section class=\"elementor-section elementor-top-section elementor-element elementor-element-5cb68a0 elementor-section-boxed elementor-section-height-default elementor-section-height-default\" data-id=\"5cb68a0\" data-element_type=\"section\">\n\t\t\t\t\t\t<div class=\"elementor-container elementor-column-gap-default\">\n\t\t\t\t\t<div class=\"elementor-column elementor-col-100 elementor-top-column elementor-element elementor-element-23e6db4\" data-id=\"23e6db4\" data-element_type=\"column\">\n\t\t\t<div class=\"elementor-widget-wrap elementor-element-populated\">\n\t\t\t\t\t\t<div class=\"elementor-element elementor-element-f42ce9b elementor-widget elementor-widget-spacer\" data-id=\"f42ce9b\" data-element_type=\"widget\" data-widget_type=\"spacer.default\">\n\t\t\t\t<div class=\"elementor-widget-container\">\n\t\t\t\t\t\t\t<div class=\"elementor-spacer\">\n\t\t\t<div class=\"elementor-spacer-inner\"><\/div>\n\t\t<\/div>\n\t\t\t\t\t\t<\/div>\n\t\t\t\t<\/div>\n\t\t\t\t<div class=\"elementor-element elementor-element-e45e91d elementor-widget elementor-widget-heading\" data-id=\"e45e91d\" data-element_type=\"widget\" data-widget_type=\"heading.default\">\n\t\t\t\t<div class=\"elementor-widget-container\">\n\t\t\t\t\t<h1 class=\"elementor-heading-title elementor-size-default\">Credito d\u2019imposta ricerca e sviluppo,<br>innovazione tecnologica, design e ideazione estetica<\/h1>\t\t\t\t<\/div>\n\t\t\t\t<\/div>\n\t\t\t\t\t<\/div>\n\t\t<\/div>\n\t\t\t\t\t<\/div>\n\t\t<\/section>\n\t\t\t\t<section class=\"elementor-section elementor-top-section elementor-element elementor-element-e2dfb4b elementor-section-boxed elementor-section-height-default elementor-section-height-default\" data-id=\"e2dfb4b\" data-element_type=\"section\">\n\t\t\t\t\t\t<div class=\"elementor-container elementor-column-gap-default\">\n\t\t\t\t\t<div class=\"elementor-column elementor-col-66 elementor-top-column elementor-element elementor-element-6f841fc\" data-id=\"6f841fc\" data-element_type=\"column\">\n\t\t\t<div class=\"elementor-widget-wrap elementor-element-populated\">\n\t\t\t\t\t\t<div class=\"elementor-element elementor-element-85d195c elementor-widget elementor-widget-text-editor\" data-id=\"85d195c\" data-element_type=\"widget\" data-widget_type=\"text-editor.default\">\n\t\t\t\t<div class=\"elementor-widget-container\">\n\t\t\t\t\t\t\t\t\t<div class=\"flex flex-grow flex-col max-w-full\"><div class=\"min-h-[20px] text-message flex flex-col items-start gap-3 whitespace-pre-wrap break-words [.text-message+&amp;]:mt-5 overflow-x-auto\" data-message-author-role=\"assistant\" data-message-id=\"3192e46f-3d08-42d0-be28-24089cf1f65b\"><div class=\"markdown prose w-full break-words dark:prose-invert dark\"><h3 class=\"mb-4\">\u00a0<\/h3><p>La normativa finanziaria ha esteso con modifiche il beneficio fiscale per la ricerca e sviluppo, l&#8217;innovazione tecnologica e il design. Questo credito d&#8217;imposta R&amp;S\/I\/D, modellato dalla legge di bilancio, pu\u00f2 essere accumulato con il nuovo patent box, ma i costi su cui si basa devono escludere il beneficio fiscale della super deduzione del 110%, come precisato dall&#8217;Agenzia delle Entrate nella circolare 5\/E del 2023.<\/p><p>Le percentuali di utilizzo del credito variano a seconda del settore di investimento, e grazie alla proroga concessa dalla manovra finanziaria, le imprese del Mezzogiorno possono beneficiare anche del Bonus ricerca e sviluppo per il Sud, con un&#8217;aliquota fino al 45%.<\/p><p>Il credito d&#8217;imposta R&amp;S\/I\/D \u00e8 disponibile per imprese residenti in Italia, indipendentemente da dimensioni, settore, forma giuridica o regime contabile. La sua finalit\u00e0 principale \u00e8 sostenere la competitivit\u00e0 aziendale attraverso stimoli agli investimenti in ricerca, sviluppo, innovazione tecnologica e design.<\/p><p>Per beneficiare di questo incentivo, \u00e8 necessario rispettare normative sulla sicurezza e la regolarit\u00e0 contributiva. Non possono accedere a tali benefici le imprese in stato di liquidazione volontaria, fallimento, liquidazione coatta amministrativa, concordato preventivo senza continuit\u00e0 aziendale, o soggette a sanzioni interdittive.<\/p><p>Il credito d&#8217;imposta pu\u00f2 essere utilizzato in compensazione entro un limite massimo annuale, con la possibilit\u00e0 di riportare l&#8217;eccedenza non utilizzata nei periodi successivi. Le attivit\u00e0 ammissibili riguardano ricerca e sviluppo, innovazione tecnologica, e design e ideazione estetica, ognuna con specifiche caratteristiche definite nel Decreto attuativo del Ministero dello Sviluppo Economico del 26 maggio 2020.<\/p><p>Le spese agevolabili includono, a seconda delle attivit\u00e0:<\/p><ol><li><p><strong>Ricerca e Sviluppo:<\/strong><\/p><ul><li>Spese di personale per ricercatori e tecnici.<\/li><li>Quote di ammortamento, canoni di locazione e altre spese per beni materiali e software.<\/li><li>Spese per contratti di ricerca extra muros.<\/li><li>Quote di ammortamento relative all&#8217;acquisto di privative industriali.<\/li><li>Spese per servizi di consulenza e materiali utilizzati nei progetti di ricerca e sviluppo.<\/li><\/ul><\/li><li><p><strong>Innovazione Tecnologica, 4.0 e Green:<\/strong><\/p><ul><li>Spese di personale.<\/li><li>Quote di ammortamento, canoni di locazione e altre spese per beni materiali e software.<\/li><li>Spese per contratti aventi ad oggetto l&#8217;innovazione tecnologica.<\/li><li>Spese per servizi di consulenza e materiali utilizzati nelle attivit\u00e0 di innovazione tecnologica.<\/li><\/ul><\/li><li><p><strong>Design e Ideazione Estetica:<\/strong><\/p><ul><li>Spese di personale.<\/li><li>Quote di ammortamento, canoni di locazione e altre spese per beni materiali mobili.<\/li><li>Spese per contratti aventi ad oggetto l&#8217;innovazione estetica.<\/li><li>Spese per servizi di consulenza e materiali utilizzati nelle attivit\u00e0 di design e ideazione estetica.<\/li><\/ul><\/li><\/ol><p>L&#8217;accesso all&#8217;agevolazione richiede l&#8217;indicazione del credito nella dichiarazione dei redditi relativa al periodo di sostenimento delle spese e nei periodi successivi. Il credito pu\u00f2 essere utilizzato in compensazione dal periodo successivo a quello delle spese, presentando il modello F24 tramite i servizi telematici dell&#8217;Agenzia delle Entrate.<\/p><p>Per ottenere il riconoscimento del credito, \u00e8 necessaria una certificazione delle spese ammissibili da parte del revisore legale dei conti, e le imprese devono redigere e conservare una relazione tecnica asseverata che descriva le attivit\u00e0 svolte e i risultati ottenuti.<\/p><p>Sviluppo Qualit\u00e0 offre assistenza per la revisione preliminare delle attivit\u00e0 progettuali, la completezza della documentazione e gli adempimenti legati all&#8217;utilizzo del credito d&#8217;imposta R&amp;S. Per ulteriori informazioni e consulenze sul Credito d\u2019imposta per Ricerca e Sviluppo e altri incentivi del Piano Transizione 4.0, \u00e8 possibile contattarci compilando il form sottostante<\/p><\/div><\/div><\/div><div class=\"mt-1 flex justify-start gap-3 empty:hidden\"><div class=\"text-gray-400 flex self-end lg:self-center justify-center lg:justify-start mt-0 gap-1 visible\">\u00a0<\/div><\/div>\t\t\t\t\t\t\t\t<\/div>\n\t\t\t\t<\/div>\n\t\t\t\t\t<\/div>\n\t\t<\/div>\n\t\t\t\t<div class=\"elementor-column elementor-col-33 elementor-top-column elementor-element elementor-element-a72bcba\" data-id=\"a72bcba\" data-element_type=\"column\">\n\t\t\t<div class=\"elementor-widget-wrap elementor-element-populated\">\n\t\t\t\t\t\t<div class=\"elementor-element elementor-element-5fe26fe elementor-widget elementor-widget-image\" data-id=\"5fe26fe\" data-element_type=\"widget\" data-widget_type=\"image.default\">\n\t\t\t\t<div class=\"elementor-widget-container\">\n\t\t\t\t\t\t\t\t\t\t\t\t\t\t\t<img fetchpriority=\"high\" decoding=\"async\" width=\"720\" height=\"405\" src=\"https:\/\/www.ampipointservizimg.it\/wp-content\/uploads\/2025\/02\/Credito-imposta-rs-1024x576.webp\" class=\"attachment-large size-large wp-image-5106\" alt=\"\" srcset=\"https:\/\/www.ampipointservizimg.it\/wp-content\/uploads\/2025\/02\/Credito-imposta-rs-1024x576.webp 1024w, https:\/\/www.ampipointservizimg.it\/wp-content\/uploads\/2025\/02\/Credito-imposta-rs-300x169.webp 300w, https:\/\/www.ampipointservizimg.it\/wp-content\/uploads\/2025\/02\/Credito-imposta-rs-768x432.webp 768w, https:\/\/www.ampipointservizimg.it\/wp-content\/uploads\/2025\/02\/Credito-imposta-rs-1536x864.webp 1536w, https:\/\/www.ampipointservizimg.it\/wp-content\/uploads\/2025\/02\/Credito-imposta-rs-600x338.webp 600w, https:\/\/www.ampipointservizimg.it\/wp-content\/uploads\/2025\/02\/Credito-imposta-rs.webp 1920w\" sizes=\"(max-width: 720px) 100vw, 720px\" \/>\t\t\t\t\t\t\t\t\t\t\t\t\t\t\t<\/div>\n\t\t\t\t<\/div>\n\t\t\t\t<div class=\"elementor-element elementor-element-5d12615 elementor-widget elementor-widget-text-editor\" data-id=\"5d12615\" data-element_type=\"widget\" data-widget_type=\"text-editor.default\">\n\t\t\t\t<div class=\"elementor-widget-container\">\n\t\t\t\t\t\t\t\t\t<h3>Richiedi ulteriori informazioni sul Credito d\u2019imposta ricerca e sviluppo<\/h3><p>Compila il form sottostante e verrai ricontattato nel pi\u00f9 breve tempo possibile<\/p>\t\t\t\t\t\t\t\t<\/div>\n\t\t\t\t<\/div>\n\t\t\t\t<div class=\"elementor-element elementor-element-26fc5ef elementor-widget elementor-widget-shortcode\" data-id=\"26fc5ef\" data-element_type=\"widget\" data-widget_type=\"shortcode.default\">\n\t\t\t\t<div class=\"elementor-widget-container\">\n\t\t\t\t\t\t\t<div class=\"elementor-shortcode\">\n<div class=\"wpcf7 no-js\" id=\"wpcf7-f1418-o1\" lang=\"it-IT\" dir=\"ltr\" data-wpcf7-id=\"1418\">\n<div class=\"screen-reader-response\"><p role=\"status\" aria-live=\"polite\" aria-atomic=\"true\"><\/p> <ul><\/ul><\/div>\n<form action=\"\/index.php?rest_route=%2Fwp%2Fv2%2Fpages%2F945#wpcf7-f1418-o1\" method=\"post\" class=\"wpcf7-form init\" aria-label=\"Modulo di contatto\" novalidate=\"novalidate\" data-status=\"init\">\n<fieldset class=\"hidden-fields-container\"><input type=\"hidden\" name=\"_wpcf7\" value=\"1418\" \/><input type=\"hidden\" name=\"_wpcf7_version\" value=\"6.1\" \/><input type=\"hidden\" name=\"_wpcf7_locale\" value=\"it_IT\" \/><input type=\"hidden\" name=\"_wpcf7_unit_tag\" value=\"wpcf7-f1418-o1\" \/><input type=\"hidden\" name=\"_wpcf7_container_post\" value=\"0\" \/><input type=\"hidden\" name=\"_wpcf7_posted_data_hash\" value=\"\" \/><input type=\"hidden\" name=\"_wpcf7_recaptcha_response\" value=\"\" \/>\n<\/fieldset>\n<p><label> Nome<br \/>\n<span class=\"wpcf7-form-control-wrap\" data-name=\"nome\"><input size=\"40\" maxlength=\"400\" class=\"wpcf7-form-control wpcf7-text wpcf7-validates-as-required\" aria-required=\"true\" aria-invalid=\"false\" value=\"\" type=\"text\" name=\"nome\" \/><\/span> <\/label>\n<\/p>\n<p><label> Cognome<br \/>\n<span class=\"wpcf7-form-control-wrap\" data-name=\"cognome\"><input size=\"40\" maxlength=\"400\" class=\"wpcf7-form-control wpcf7-text wpcf7-validates-as-required\" aria-required=\"true\" aria-invalid=\"false\" value=\"\" type=\"text\" name=\"cognome\" \/><\/span> <\/label>\n<\/p>\n<p><label> Azienda (facoltativo)<br \/>\n<span class=\"wpcf7-form-control-wrap\" data-name=\"azienda\"><input size=\"40\" maxlength=\"400\" class=\"wpcf7-form-control wpcf7-text\" aria-invalid=\"false\" value=\"\" type=\"text\" name=\"azienda\" \/><\/span> <\/label>\n<\/p>\n<p><label> Telefono<br \/>\n<span class=\"wpcf7-form-control-wrap\" data-name=\"telefono\"><input size=\"40\" maxlength=\"400\" class=\"wpcf7-form-control wpcf7-text wpcf7-validates-as-required\" aria-required=\"true\" aria-invalid=\"false\" value=\"\" type=\"text\" name=\"telefono\" \/><\/span> <\/label>\n<\/p>\n<p><label> E-mail<br \/>\n<span class=\"wpcf7-form-control-wrap\" data-name=\"email\"><input size=\"40\" maxlength=\"400\" class=\"wpcf7-form-control wpcf7-email wpcf7-validates-as-required wpcf7-text wpcf7-validates-as-email\" aria-required=\"true\" aria-invalid=\"false\" value=\"\" type=\"email\" name=\"email\" \/><\/span> <\/label>\n<\/p>\n<p><label> Messaggio<br \/>\n<span class=\"wpcf7-form-control-wrap\" data-name=\"messaggio\"><textarea cols=\"40\" rows=\"10\" maxlength=\"2000\" class=\"wpcf7-form-control wpcf7-textarea wpcf7-validates-as-required\" aria-required=\"true\" aria-invalid=\"false\" name=\"messaggio\"><\/textarea><\/span> <\/label><br \/>\n<label><br \/>\nAutorizzo al trattamento dati personali, in riferimento agli articoli 13\/14 del GDPR 679\/16, secondo le modalit\u00e0 e nei limiti di cui all\u2019informativa presente nel sito. <span class=\"wpcf7-form-control-wrap\" data-name=\"gdpr\"><span class=\"wpcf7-form-control wpcf7-acceptance\"><span class=\"wpcf7-list-item\"><input type=\"checkbox\" name=\"gdpr\" value=\"1\" aria-invalid=\"false\" \/><\/span><\/span><\/span><br \/>\n<\/label>\n<\/p>\n<p><input class=\"wpcf7-form-control wpcf7-submit has-spinner\" type=\"submit\" value=\"Invia\" \/>\n<\/p><div class=\"wpcf7-response-output\" aria-hidden=\"true\"><\/div>\n<\/form>\n<\/div>\n<\/div>\n\t\t\t\t\t\t<\/div>\n\t\t\t\t<\/div>\n\t\t\t\t\t<\/div>\n\t\t<\/div>\n\t\t\t\t\t<\/div>\n\t\t<\/section>\n\t\t\t\t<section class=\"elementor-section elementor-top-section elementor-element elementor-element-6e9b9cb elementor-section-boxed elementor-section-height-default elementor-section-height-default\" data-id=\"6e9b9cb\" data-element_type=\"section\">\n\t\t\t\t\t\t<div class=\"elementor-container elementor-column-gap-default\">\n\t\t\t\t\t<div class=\"elementor-column elementor-col-100 elementor-top-column elementor-element elementor-element-6e6984c\" data-id=\"6e6984c\" data-element_type=\"column\">\n\t\t\t<div class=\"elementor-widget-wrap elementor-element-populated\">\n\t\t\t\t\t\t<div class=\"elementor-element elementor-element-85e1739 elementor-widget elementor-widget-spacer\" data-id=\"85e1739\" data-element_type=\"widget\" data-widget_type=\"spacer.default\">\n\t\t\t\t<div class=\"elementor-widget-container\">\n\t\t\t\t\t\t\t<div class=\"elementor-spacer\">\n\t\t\t<div class=\"elementor-spacer-inner\"><\/div>\n\t\t<\/div>\n\t\t\t\t\t\t<\/div>\n\t\t\t\t<\/div>\n\t\t\t\t\t<\/div>\n\t\t<\/div>\n\t\t\t\t\t<\/div>\n\t\t<\/section>\n\t\t\t\t<\/div>\n\t\t","protected":false},"excerpt":{"rendered":"<p>Credito d\u2019imposta ricerca e sviluppo,innovazione tecnologica, design e ideazione estetica \u00a0 La normativa finanziaria ha esteso con modifiche il beneficio fiscale per la ricerca e sviluppo, l&#8217;innovazione tecnologica e il design. Questo credito d&#8217;imposta R&amp;S\/I\/D, modellato dalla legge di bilancio, pu\u00f2 essere accumulato con il nuovo patent box, ma i costi su cui si basa devono escludere il beneficio fiscale [&hellip;]<\/p>\n","protected":false},"author":1,"featured_media":0,"parent":0,"menu_order":0,"comment_status":"closed","ping_status":"closed","template":"","meta":{"footnotes":""},"class_list":["post-945","page","type-page","status-publish","hentry"],"yoast_head":"<!-- This site is optimized with the Yoast SEO plugin v25.4 - https:\/\/yoast.com\/wordpress\/plugins\/seo\/ -->\n<title>Credito d\u2019imposta ricerca e sviluppo - Ampi Point Servizi emmegi<\/title>\n<meta name=\"robots\" content=\"index, follow, max-snippet:-1, max-image-preview:large, max-video-preview:-1\" \/>\n<link rel=\"canonical\" href=\"https:\/\/www.ampipointservizimg.it\/?page_id=945\" \/>\n<meta property=\"og:locale\" content=\"it_IT\" \/>\n<meta property=\"og:type\" content=\"article\" \/>\n<meta property=\"og:title\" content=\"Credito d\u2019imposta ricerca e sviluppo - Ampi Point Servizi emmegi\" \/>\n<meta property=\"og:description\" content=\"Credito d\u2019imposta ricerca e sviluppo,innovazione tecnologica, design e ideazione estetica \u00a0 La normativa finanziaria ha esteso con modifiche il beneficio fiscale per la ricerca e sviluppo, l&#8217;innovazione tecnologica e il design. Questo credito d&#8217;imposta R&amp;S\/I\/D, modellato dalla legge di bilancio, pu\u00f2 essere accumulato con il nuovo patent box, ma i costi su cui si basa devono escludere il beneficio fiscale [&hellip;]\" \/>\n<meta property=\"og:url\" content=\"https:\/\/www.ampipointservizimg.it\/?page_id=945\" \/>\n<meta property=\"og:site_name\" content=\"Ampi Point Servizi emmegi\" \/>\n<meta property=\"article:modified_time\" content=\"2025-02-22T08:43:29+00:00\" \/>\n<meta property=\"og:image\" content=\"https:\/\/new.sviluppoqualita.it\/wp-content\/uploads\/2025\/02\/Credito-imposta-rs-1024x576.webp\" \/>\n<meta name=\"twitter:card\" content=\"summary_large_image\" \/>\n<meta name=\"twitter:label1\" content=\"Tempo di lettura stimato\" \/>\n\t<meta name=\"twitter:data1\" content=\"4 minuti\" \/>\n<script type=\"application\/ld+json\" class=\"yoast-schema-graph\">{\"@context\":\"https:\/\/schema.org\",\"@graph\":[{\"@type\":\"WebPage\",\"@id\":\"https:\/\/www.ampipointservizimg.it\/?page_id=945\",\"url\":\"https:\/\/www.ampipointservizimg.it\/?page_id=945\",\"name\":\"Credito d\u2019imposta ricerca e sviluppo - Ampi Point Servizi emmegi\",\"isPartOf\":{\"@id\":\"https:\/\/www.ampipointservizimg.it\/#website\"},\"primaryImageOfPage\":{\"@id\":\"https:\/\/www.ampipointservizimg.it\/?page_id=945#primaryimage\"},\"image\":{\"@id\":\"https:\/\/www.ampipointservizimg.it\/?page_id=945#primaryimage\"},\"thumbnailUrl\":\"https:\/\/new.sviluppoqualita.it\/wp-content\/uploads\/2025\/02\/Credito-imposta-rs-1024x576.webp\",\"datePublished\":\"2022-03-09T16:00:59+00:00\",\"dateModified\":\"2025-02-22T08:43:29+00:00\",\"breadcrumb\":{\"@id\":\"https:\/\/www.ampipointservizimg.it\/?page_id=945#breadcrumb\"},\"inLanguage\":\"it-IT\",\"potentialAction\":[{\"@type\":\"ReadAction\",\"target\":[\"https:\/\/www.ampipointservizimg.it\/?page_id=945\"]}]},{\"@type\":\"ImageObject\",\"inLanguage\":\"it-IT\",\"@id\":\"https:\/\/www.ampipointservizimg.it\/?page_id=945#primaryimage\",\"url\":\"https:\/\/new.sviluppoqualita.it\/wp-content\/uploads\/2025\/02\/Credito-imposta-rs-1024x576.webp\",\"contentUrl\":\"https:\/\/new.sviluppoqualita.it\/wp-content\/uploads\/2025\/02\/Credito-imposta-rs-1024x576.webp\"},{\"@type\":\"BreadcrumbList\",\"@id\":\"https:\/\/www.ampipointservizimg.it\/?page_id=945#breadcrumb\",\"itemListElement\":[{\"@type\":\"ListItem\",\"position\":1,\"name\":\"Home\",\"item\":\"https:\/\/www.ampipointservizimg.it\/\"},{\"@type\":\"ListItem\",\"position\":2,\"name\":\"Credito d\u2019imposta ricerca e sviluppo\"}]},{\"@type\":\"WebSite\",\"@id\":\"https:\/\/www.ampipointservizimg.it\/#website\",\"url\":\"https:\/\/www.ampipointservizimg.it\/\",\"name\":\"Ampi Point Servizi emmegi\",\"description\":\"\",\"publisher\":{\"@id\":\"https:\/\/www.ampipointservizimg.it\/#organization\"},\"potentialAction\":[{\"@type\":\"SearchAction\",\"target\":{\"@type\":\"EntryPoint\",\"urlTemplate\":\"https:\/\/www.ampipointservizimg.it\/?s={search_term_string}\"},\"query-input\":{\"@type\":\"PropertyValueSpecification\",\"valueRequired\":true,\"valueName\":\"search_term_string\"}}],\"inLanguage\":\"it-IT\"},{\"@type\":\"Organization\",\"@id\":\"https:\/\/www.ampipointservizimg.it\/#organization\",\"name\":\"Sviluppo Qualit\u00e0\",\"alternateName\":\"Sviluppo Qualit\u00e0\",\"url\":\"https:\/\/www.ampipointservizimg.it\/\",\"logo\":{\"@type\":\"ImageObject\",\"inLanguage\":\"it-IT\",\"@id\":\"https:\/\/www.ampipointservizimg.it\/#\/schema\/logo\/image\/\",\"url\":\"https:\/\/www.ampipointservizimg.it\/wp-content\/uploads\/2025\/06\/cropped-logo_con_ampi-1.png\",\"contentUrl\":\"https:\/\/www.ampipointservizimg.it\/wp-content\/uploads\/2025\/06\/cropped-logo_con_ampi-1.png\",\"width\":2269,\"height\":544,\"caption\":\"Sviluppo Qualit\u00e0\"},\"image\":{\"@id\":\"https:\/\/www.ampipointservizimg.it\/#\/schema\/logo\/image\/\"}}]}<\/script>\n<!-- \/ Yoast SEO plugin. -->","yoast_head_json":{"title":"Credito d\u2019imposta ricerca e sviluppo - Ampi Point Servizi emmegi","robots":{"index":"index","follow":"follow","max-snippet":"max-snippet:-1","max-image-preview":"max-image-preview:large","max-video-preview":"max-video-preview:-1"},"canonical":"https:\/\/www.ampipointservizimg.it\/?page_id=945","og_locale":"it_IT","og_type":"article","og_title":"Credito d\u2019imposta ricerca e sviluppo - Ampi Point Servizi emmegi","og_description":"Credito d\u2019imposta ricerca e sviluppo,innovazione tecnologica, design e ideazione estetica \u00a0 La normativa finanziaria ha esteso con modifiche il beneficio fiscale per la ricerca e sviluppo, l&#8217;innovazione tecnologica e il design. Questo credito d&#8217;imposta R&amp;S\/I\/D, modellato dalla legge di bilancio, pu\u00f2 essere accumulato con il nuovo patent box, ma i costi su cui si basa devono escludere il beneficio fiscale [&hellip;]","og_url":"https:\/\/www.ampipointservizimg.it\/?page_id=945","og_site_name":"Ampi Point Servizi emmegi","article_modified_time":"2025-02-22T08:43:29+00:00","og_image":[{"url":"https:\/\/new.sviluppoqualita.it\/wp-content\/uploads\/2025\/02\/Credito-imposta-rs-1024x576.webp","type":"","width":"","height":""}],"twitter_card":"summary_large_image","twitter_misc":{"Tempo di lettura stimato":"4 minuti"},"schema":{"@context":"https:\/\/schema.org","@graph":[{"@type":"WebPage","@id":"https:\/\/www.ampipointservizimg.it\/?page_id=945","url":"https:\/\/www.ampipointservizimg.it\/?page_id=945","name":"Credito d\u2019imposta ricerca e sviluppo - Ampi Point Servizi emmegi","isPartOf":{"@id":"https:\/\/www.ampipointservizimg.it\/#website"},"primaryImageOfPage":{"@id":"https:\/\/www.ampipointservizimg.it\/?page_id=945#primaryimage"},"image":{"@id":"https:\/\/www.ampipointservizimg.it\/?page_id=945#primaryimage"},"thumbnailUrl":"https:\/\/new.sviluppoqualita.it\/wp-content\/uploads\/2025\/02\/Credito-imposta-rs-1024x576.webp","datePublished":"2022-03-09T16:00:59+00:00","dateModified":"2025-02-22T08:43:29+00:00","breadcrumb":{"@id":"https:\/\/www.ampipointservizimg.it\/?page_id=945#breadcrumb"},"inLanguage":"it-IT","potentialAction":[{"@type":"ReadAction","target":["https:\/\/www.ampipointservizimg.it\/?page_id=945"]}]},{"@type":"ImageObject","inLanguage":"it-IT","@id":"https:\/\/www.ampipointservizimg.it\/?page_id=945#primaryimage","url":"https:\/\/new.sviluppoqualita.it\/wp-content\/uploads\/2025\/02\/Credito-imposta-rs-1024x576.webp","contentUrl":"https:\/\/new.sviluppoqualita.it\/wp-content\/uploads\/2025\/02\/Credito-imposta-rs-1024x576.webp"},{"@type":"BreadcrumbList","@id":"https:\/\/www.ampipointservizimg.it\/?page_id=945#breadcrumb","itemListElement":[{"@type":"ListItem","position":1,"name":"Home","item":"https:\/\/www.ampipointservizimg.it\/"},{"@type":"ListItem","position":2,"name":"Credito d\u2019imposta ricerca e sviluppo"}]},{"@type":"WebSite","@id":"https:\/\/www.ampipointservizimg.it\/#website","url":"https:\/\/www.ampipointservizimg.it\/","name":"Ampi Point Servizi emmegi","description":"","publisher":{"@id":"https:\/\/www.ampipointservizimg.it\/#organization"},"potentialAction":[{"@type":"SearchAction","target":{"@type":"EntryPoint","urlTemplate":"https:\/\/www.ampipointservizimg.it\/?s={search_term_string}"},"query-input":{"@type":"PropertyValueSpecification","valueRequired":true,"valueName":"search_term_string"}}],"inLanguage":"it-IT"},{"@type":"Organization","@id":"https:\/\/www.ampipointservizimg.it\/#organization","name":"Sviluppo Qualit\u00e0","alternateName":"Sviluppo Qualit\u00e0","url":"https:\/\/www.ampipointservizimg.it\/","logo":{"@type":"ImageObject","inLanguage":"it-IT","@id":"https:\/\/www.ampipointservizimg.it\/#\/schema\/logo\/image\/","url":"https:\/\/www.ampipointservizimg.it\/wp-content\/uploads\/2025\/06\/cropped-logo_con_ampi-1.png","contentUrl":"https:\/\/www.ampipointservizimg.it\/wp-content\/uploads\/2025\/06\/cropped-logo_con_ampi-1.png","width":2269,"height":544,"caption":"Sviluppo Qualit\u00e0"},"image":{"@id":"https:\/\/www.ampipointservizimg.it\/#\/schema\/logo\/image\/"}}]}},"_links":{"self":[{"href":"https:\/\/www.ampipointservizimg.it\/index.php?rest_route=\/wp\/v2\/pages\/945","targetHints":{"allow":["GET"]}}],"collection":[{"href":"https:\/\/www.ampipointservizimg.it\/index.php?rest_route=\/wp\/v2\/pages"}],"about":[{"href":"https:\/\/www.ampipointservizimg.it\/index.php?rest_route=\/wp\/v2\/types\/page"}],"author":[{"embeddable":true,"href":"https:\/\/www.ampipointservizimg.it\/index.php?rest_route=\/wp\/v2\/users\/1"}],"replies":[{"embeddable":true,"href":"https:\/\/www.ampipointservizimg.it\/index.php?rest_route=%2Fwp%2Fv2%2Fcomments&post=945"}],"version-history":[{"count":3,"href":"https:\/\/www.ampipointservizimg.it\/index.php?rest_route=\/wp\/v2\/pages\/945\/revisions"}],"predecessor-version":[{"id":5109,"href":"https:\/\/www.ampipointservizimg.it\/index.php?rest_route=\/wp\/v2\/pages\/945\/revisions\/5109"}],"wp:attachment":[{"href":"https:\/\/www.ampipointservizimg.it\/index.php?rest_route=%2Fwp%2Fv2%2Fmedia&parent=945"}],"curies":[{"name":"wp","href":"https:\/\/api.w.org\/{rel}","templated":true}]}}