{"id":157,"date":"2022-02-25T17:43:42","date_gmt":"2022-02-25T16:43:42","guid":{"rendered":"https:\/\/new.sviluppoqualita.it\/prodotto\/entrainement-general-corso-francese\/"},"modified":"2025-07-08T23:16:12","modified_gmt":"2025-07-08T21:16:12","slug":"entrainement-general-corso-francese","status":"publish","type":"product","link":"https:\/\/www.ampipointservizimg.it\/?product=entrainement-general-corso-francese","title":{"rendered":"Formazione Generale"},"content":{"rendered":"<table width=\"759\">\n<tbody>\n<tr>\n<td rowspan=\"5\" width=\"69\"><\/td>\n<td colspan=\"2\" width=\"138\">Titre<\/td>\n<td colspan=\"2\" width=\"552\">cours de formation g\u00e9n\u00e9rale des travailleurs<\/td>\n<\/tr>\n<tr>\n<td colspan=\"2\" width=\"138\">B\u00e9n\u00e9ficiares<\/td>\n<td colspan=\"2\" width=\"552\">Le cours vise \u00e0 fournir aux travailleurs les principes g\u00e9n\u00e9raux de la loi sur la sant\u00e9 et la s\u00e9curit\u00e9 au travail conform\u00e9ment \u00e0 la l\u00e9gislation en vigueur (article 37 D\u00e9cret l\u00e9gislatif n. 81 de 2008).La formation des travailleurs vise \u00e0 cr\u00e9er une prise de conscience et une culture sur les risques et les mesures de s\u00e9curit\u00e9 \u00e0 appliquer pour pr\u00e9venir les accidents. L&#8217;art. 37 du d\u00e9cret \u00e9gislatif. 81\/08 pr\u00e9voit que l&#8217;Employeur forme tous ses employ\u00e9s, dans le respect du contenu et de la dur\u00e9e pr\u00e9vus dans l&#8217;accord entre le ministre du Travail et des Politiques sociales, le ministre de la Sant\u00e9, les r\u00e9gions et provinces autonomes de Trento et Bolzano pour la formation des travailleurs sanctionn\u00e9s par la Conf\u00e9rence nationale des r\u00e9gions le 21\/12\/2011 (lois r\u00e9p. n \u00b0 221 \/ CSR) (JO n \u00b0 8 du 11-1-2012).<\/td>\n<\/tr>\n<tr>\n<td colspan=\"2\" width=\"138\">Objectifs et buts<\/td>\n<td colspan=\"2\" width=\"552\">Fournir aux participants les informations et les mises \u00e0 jour n\u00e9cessaires pour conna\u00eetre les principes du syst\u00e8me de pr\u00e9vention et de protection adopt\u00e9 par les entreprises et \u00e0 travers quels outils et<br \/>\nstrat\u00e9gies le travailleur est appel\u00e9 \u00e0 op\u00e9rer pour pr\u00e9server l&#8217;\u00e9tat de s\u00e9curit\u00e9 sur le lieu de travail.Le cours g\u00e9n\u00e9ral de formation et d&#8217;information des travailleurs s&#8217;adresse aux employeurs\u00a0 qui\u00a0 souhaitent\u00a0 maintenir\u00a0 leur\u00a0 entreprise\u00a0 en\u00a0 conformit\u00e9\u00a0 avec\u00a0 le\u00a0 d\u00e9cret l\u00e9gislatif 81\/2008 et modifications ult\u00e9rieures.En effet, le d\u00e9cret oblige l&#8217;employeur \u00e0 former\u00a0 et\u00a0 informer\u00a0 les\u00a0 travailleurs\u00a0 de\u00a0 son\u00a0 entreprise\u00a0 sur\u00a0 les\u00a0 risques\u00a0 sp\u00e9cifiques\u00a0 de l&#8217;activit\u00e9 exerc\u00e9e au sein de l&#8217;entreprise.<br \/>\nLe\u00a0 cours\u00a0 de\u00a0 formation\u00a0 et\u00a0 d&#8217;information\u00a0 du\u00a0 travailleur\u00a0 consiste\u00a0 \u00e0\u00a0 fournir\u00a0 toutes\u00a0 les notions\u00a0 principales\u00a0 sur\u00a0 les\u00a0 aspects\u00a0 de\u00a0 s\u00e9curit\u00e9,\u00a0 les\u00a0 obligations\u00a0 \u00e0\u00a0 respecter\u00a0 et\u00a0 les interdictions pour la pr\u00e9vention des risques \u00e9ventuels pr\u00e9sents pendant le travail.<\/td>\n<\/tr>\n<tr>\n<td colspan=\"2\" width=\"138\">L\u00e9gislation de r\u00e9f\u00e9rence<\/td>\n<td colspan=\"2\" width=\"552\">\u2022 D\u00e9cret l\u00e9gislatif 81\/08 modifications et ajouts ult\u00e9rieurs;<br \/>\n\u2022 Accord \u00c9tat &#8211; R\u00e9gions n \u00b0 221 du 21 d\u00e9cembre 2011;<br \/>\n\u2022 Accord \u00c9tat &#8211; R\u00e9gions n \u00b0 153 du 25 juillet 2012;<br \/>\n\u2022 Accord \u00c9tat &#8211; R\u00e9gions n \u00b0 128 du 07 juillet 2016.<\/td>\n<\/tr>\n<tr>\n<td colspan=\"2\" width=\"138\">Exigences d\u2019admission<\/td>\n<td colspan=\"2\" width=\"552\">Aucune \u00e9xigence<\/td>\n<\/tr>\n<tr>\n<td colspan=\"2\" rowspan=\"2\" width=\"138\">Programme du cours<\/td>\n<td colspan=\"2\" width=\"552\">DISCIPLINES ET CONTENU<\/td>\n<td><\/td>\n<\/tr>\n<tr>\n<td colspan=\"2\" width=\"552\">Module g\u00e9n\u00e9ral (4 heures)<br \/>\n-Notes sur le syst\u00e8me l\u00e9gislatif sur la s\u00e9curit\u00e9 des travailleurs.<br \/>\n-Concepts de risque.<br \/>\n-Le syst\u00e8me institutionnel de pr\u00e9vention.<br \/>\n-Les sujets du syst\u00e8me de pr\u00e9vention de l&#8217;entreprise selon le d\u00e9cret l\u00e9gislatif 81\/2008: t\u00e2ches, obligations et responsabilit\u00e9s.<br \/>\n-Dommages, pr\u00e9vention, protection.<br \/>\n-Organisation de la pr\u00e9vention des entreprises.<br \/>\n-Droits, devoirs et sanctions pour les diff\u00e9rents sujets de la soci\u00e9t\u00e9. Organes de surveillance, de contr\u00f4le et d&#8217;assistance.<\/td>\n<td><\/td>\n<\/tr>\n<tr>\n<td colspan=\"2\" width=\"138\">Dur\u00e9e et modalit\u00e9s<\/td>\n<td colspan=\"2\" width=\"552\">Le cours a une dur\u00e9e de 4 heures, la m\u00eame pour tous les travailleurs, et peut \u00eatre r\u00e9alis\u00e9 en mode e-learning avec des caract\u00e9ristiques sp\u00e9cifiques de qualit\u00e9 et de<br \/>\ncertification des sessions de mise en relation des participants.<\/td>\n<td><\/td>\n<\/tr>\n<tr>\n<td colspan=\"2\" width=\"138\">Notation<\/td>\n<td colspan=\"2\" width=\"552\">L&#8217;\u00e9valuation des apprentissages se fait sur la base de tests \u00e0 choix multiples et de jeux-questionnaires qui peuvent \u00e9galement \u00eatre<br \/>\nadministr\u00e9s durant le cours.<\/td>\n<td><\/td>\n<\/tr>\n<tr>\n<td colspan=\"2\" width=\"138\">Certificat<br \/>\nformatif relach\u00e9<\/td>\n<td colspan=\"2\" width=\"552\">Certificat de participation \u00e0 la \u00abformation g\u00e9n\u00e9rale des travailleurs\u00bb de 4 heures.<\/td>\n<td><\/td>\n<\/tr>\n<tr>\n<td colspan=\"2\" width=\"138\">Enseignement<\/td>\n<td colspan=\"2\" width=\"552\">Enseignants en possession des conditions requises par l&#8217;arr\u00eat\u00e9 interminist\u00e9riel du 6 mars 2013, pris en application de l&#8217;article 6, paragraphe 8, lettre m bis), du d\u00e9cret<br \/>\nl\u00e9gislatif no. 81\/2008, qui est entr\u00e9 en vigueur le 18 mars 2014.<\/td>\n<td><\/td>\n<\/tr>\n<tr>\n<td colspan=\"2\" width=\"138\">Si\u00e9ge<\/td>\n<td colspan=\"2\" width=\"552\">Le cours peut \u00eatre dispens\u00e9 enti\u00e8rement en e-learning selon les modalit\u00e9s d\u00e9finies \u00e0 l&#8217;annexe II de l&#8217;Accord \u00c9tat &#8211; R\u00e9gions du 7 juillet 2016. En cas de cours en classe, le cours sera dispens\u00e9, selon un calendrier pr\u00e9\u00e9tabli , dans l&#8217;un des emplacements les plus proches situ\u00e9s sur le territoire national. Il est possible d&#8217;admettre un nombre<br \/>\nmaximum de participants \u00e0 chaque cours \u00e9gal \u00e0 35 unit\u00e9s.<\/td>\n<td><\/td>\n<\/tr>\n<\/tbody>\n<\/table>\n","protected":false},"excerpt":{"rendered":"<p>Titre cours de formation g\u00e9n\u00e9rale des travailleurs B\u00e9n\u00e9ficiares Le cours vise \u00e0 fournir aux travailleurs les principes g\u00e9n\u00e9raux de la loi sur la sant\u00e9 et la s\u00e9curit\u00e9 au travail conform\u00e9ment \u00e0 la l\u00e9gislation en vigueur (article 37 D\u00e9cret l\u00e9gislatif n. 81 de 2008).La formation des travailleurs vise \u00e0 cr\u00e9er une prise de conscience et une culture sur les risques et [&hellip;]<\/p>\n","protected":false},"featured_media":156,"template":"","meta":[],"product_brand":[],"product_cat":[26,54,917],"product_tag":[31,40],"class_list":{"0":"post-157","1":"product","2":"type-product","3":"status-publish","4":"has-post-thumbnail","6":"product_cat-corsi-lingua-straniera","7":"product_cat-lingua-francese-lang","8":"product_cat-corsi-fad","9":"product_tag-corsi-sicurezza-d-lgs-81-08-lavoratori","10":"product_tag-corso-4-ore","12":"first","13":"instock","14":"taxable","15":"shipping-taxable","16":"purchasable","17":"product-type-simple"},"yoast_head":"<!-- This site is optimized with the Yoast SEO plugin v25.4 - https:\/\/yoast.com\/wordpress\/plugins\/seo\/ -->\n<title>Formazione Generale - Ampi Point Servizi emmegi<\/title>\n<meta name=\"robots\" content=\"index, follow, max-snippet:-1, max-image-preview:large, max-video-preview:-1\" \/>\n<link rel=\"canonical\" href=\"https:\/\/www.ampipointservizimg.it\/?product=entrainement-general-corso-francese\" \/>\n<meta property=\"og:locale\" content=\"it_IT\" \/>\n<meta property=\"og:type\" content=\"article\" \/>\n<meta property=\"og:title\" content=\"Formazione Generale - Ampi Point Servizi emmegi\" \/>\n<meta property=\"og:description\" content=\"Titre cours de formation g\u00e9n\u00e9rale des travailleurs B\u00e9n\u00e9ficiares Le cours vise \u00e0 fournir aux travailleurs les principes g\u00e9n\u00e9raux de la loi sur la sant\u00e9 et la s\u00e9curit\u00e9 au travail conform\u00e9ment \u00e0 la l\u00e9gislation en vigueur (article 37 D\u00e9cret l\u00e9gislatif n. 81 de 2008).La formation des travailleurs vise \u00e0 cr\u00e9er une prise de conscience et une culture sur les risques et [&hellip;]\" \/>\n<meta property=\"og:url\" content=\"https:\/\/www.ampipointservizimg.it\/?product=entrainement-general-corso-francese\" \/>\n<meta property=\"og:site_name\" content=\"Ampi Point Servizi emmegi\" \/>\n<meta property=\"article:modified_time\" content=\"2025-07-08T21:16:12+00:00\" \/>\n<meta property=\"og:image\" content=\"https:\/\/www.ampipointservizimg.it\/wp-content\/uploads\/2022\/02\/Entrainement-general.jpg\" \/>\n\t<meta property=\"og:image:width\" content=\"300\" \/>\n\t<meta property=\"og:image:height\" content=\"300\" \/>\n\t<meta property=\"og:image:type\" content=\"image\/jpeg\" \/>\n<meta name=\"twitter:card\" content=\"summary_large_image\" \/>\n<meta name=\"twitter:label1\" content=\"Tempo di lettura stimato\" \/>\n\t<meta name=\"twitter:data1\" content=\"3 minuti\" \/>\n<script type=\"application\/ld+json\" class=\"yoast-schema-graph\">{\"@context\":\"https:\/\/schema.org\",\"@graph\":[{\"@type\":\"WebPage\",\"@id\":\"https:\/\/www.ampipointservizimg.it\/?product=entrainement-general-corso-francese\",\"url\":\"https:\/\/www.ampipointservizimg.it\/?product=entrainement-general-corso-francese\",\"name\":\"Formazione Generale - Ampi Point Servizi emmegi\",\"isPartOf\":{\"@id\":\"https:\/\/www.ampipointservizimg.it\/#website\"},\"primaryImageOfPage\":{\"@id\":\"https:\/\/www.ampipointservizimg.it\/?product=entrainement-general-corso-francese#primaryimage\"},\"image\":{\"@id\":\"https:\/\/www.ampipointservizimg.it\/?product=entrainement-general-corso-francese#primaryimage\"},\"thumbnailUrl\":\"https:\/\/www.ampipointservizimg.it\/wp-content\/uploads\/2022\/02\/Entrainement-general.jpg\",\"datePublished\":\"2022-02-25T16:43:42+00:00\",\"dateModified\":\"2025-07-08T21:16:12+00:00\",\"breadcrumb\":{\"@id\":\"https:\/\/www.ampipointservizimg.it\/?product=entrainement-general-corso-francese#breadcrumb\"},\"inLanguage\":\"it-IT\",\"potentialAction\":[{\"@type\":\"ReadAction\",\"target\":[\"https:\/\/www.ampipointservizimg.it\/?product=entrainement-general-corso-francese\"]}]},{\"@type\":\"ImageObject\",\"inLanguage\":\"it-IT\",\"@id\":\"https:\/\/www.ampipointservizimg.it\/?product=entrainement-general-corso-francese#primaryimage\",\"url\":\"https:\/\/www.ampipointservizimg.it\/wp-content\/uploads\/2022\/02\/Entrainement-general.jpg\",\"contentUrl\":\"https:\/\/www.ampipointservizimg.it\/wp-content\/uploads\/2022\/02\/Entrainement-general.jpg\",\"width\":300,\"height\":300},{\"@type\":\"BreadcrumbList\",\"@id\":\"https:\/\/www.ampipointservizimg.it\/?product=entrainement-general-corso-francese#breadcrumb\",\"itemListElement\":[{\"@type\":\"ListItem\",\"position\":1,\"name\":\"Home\",\"item\":\"https:\/\/www.ampipointservizimg.it\/\"},{\"@type\":\"ListItem\",\"position\":2,\"name\":\"Shop\",\"item\":\"https:\/\/www.ampipointservizimg.it\/?page_id=91\"},{\"@type\":\"ListItem\",\"position\":3,\"name\":\"Formazione Generale\"}]},{\"@type\":\"WebSite\",\"@id\":\"https:\/\/www.ampipointservizimg.it\/#website\",\"url\":\"https:\/\/www.ampipointservizimg.it\/\",\"name\":\"Ampi Point Servizi emmegi\",\"description\":\"\",\"publisher\":{\"@id\":\"https:\/\/www.ampipointservizimg.it\/#organization\"},\"potentialAction\":[{\"@type\":\"SearchAction\",\"target\":{\"@type\":\"EntryPoint\",\"urlTemplate\":\"https:\/\/www.ampipointservizimg.it\/?s={search_term_string}\"},\"query-input\":{\"@type\":\"PropertyValueSpecification\",\"valueRequired\":true,\"valueName\":\"search_term_string\"}}],\"inLanguage\":\"it-IT\"},{\"@type\":\"Organization\",\"@id\":\"https:\/\/www.ampipointservizimg.it\/#organization\",\"name\":\"Sviluppo Qualit\u00e0\",\"alternateName\":\"Sviluppo Qualit\u00e0\",\"url\":\"https:\/\/www.ampipointservizimg.it\/\",\"logo\":{\"@type\":\"ImageObject\",\"inLanguage\":\"it-IT\",\"@id\":\"https:\/\/www.ampipointservizimg.it\/#\/schema\/logo\/image\/\",\"url\":\"https:\/\/www.ampipointservizimg.it\/wp-content\/uploads\/2025\/06\/cropped-logo_con_ampi-1.png\",\"contentUrl\":\"https:\/\/www.ampipointservizimg.it\/wp-content\/uploads\/2025\/06\/cropped-logo_con_ampi-1.png\",\"width\":2269,\"height\":544,\"caption\":\"Sviluppo Qualit\u00e0\"},\"image\":{\"@id\":\"https:\/\/www.ampipointservizimg.it\/#\/schema\/logo\/image\/\"}}]}<\/script>\n<!-- \/ Yoast SEO plugin. -->","yoast_head_json":{"title":"Formazione Generale - Ampi Point Servizi emmegi","robots":{"index":"index","follow":"follow","max-snippet":"max-snippet:-1","max-image-preview":"max-image-preview:large","max-video-preview":"max-video-preview:-1"},"canonical":"https:\/\/www.ampipointservizimg.it\/?product=entrainement-general-corso-francese","og_locale":"it_IT","og_type":"article","og_title":"Formazione Generale - Ampi Point Servizi emmegi","og_description":"Titre cours de formation g\u00e9n\u00e9rale des travailleurs B\u00e9n\u00e9ficiares Le cours vise \u00e0 fournir aux travailleurs les principes g\u00e9n\u00e9raux de la loi sur la sant\u00e9 et la s\u00e9curit\u00e9 au travail conform\u00e9ment \u00e0 la l\u00e9gislation en vigueur (article 37 D\u00e9cret l\u00e9gislatif n. 81 de 2008).La formation des travailleurs vise \u00e0 cr\u00e9er une prise de conscience et une culture sur les risques et [&hellip;]","og_url":"https:\/\/www.ampipointservizimg.it\/?product=entrainement-general-corso-francese","og_site_name":"Ampi Point Servizi emmegi","article_modified_time":"2025-07-08T21:16:12+00:00","og_image":[{"width":300,"height":300,"url":"https:\/\/www.ampipointservizimg.it\/wp-content\/uploads\/2022\/02\/Entrainement-general.jpg","type":"image\/jpeg"}],"twitter_card":"summary_large_image","twitter_misc":{"Tempo di lettura stimato":"3 minuti"},"schema":{"@context":"https:\/\/schema.org","@graph":[{"@type":"WebPage","@id":"https:\/\/www.ampipointservizimg.it\/?product=entrainement-general-corso-francese","url":"https:\/\/www.ampipointservizimg.it\/?product=entrainement-general-corso-francese","name":"Formazione Generale - Ampi Point Servizi emmegi","isPartOf":{"@id":"https:\/\/www.ampipointservizimg.it\/#website"},"primaryImageOfPage":{"@id":"https:\/\/www.ampipointservizimg.it\/?product=entrainement-general-corso-francese#primaryimage"},"image":{"@id":"https:\/\/www.ampipointservizimg.it\/?product=entrainement-general-corso-francese#primaryimage"},"thumbnailUrl":"https:\/\/www.ampipointservizimg.it\/wp-content\/uploads\/2022\/02\/Entrainement-general.jpg","datePublished":"2022-02-25T16:43:42+00:00","dateModified":"2025-07-08T21:16:12+00:00","breadcrumb":{"@id":"https:\/\/www.ampipointservizimg.it\/?product=entrainement-general-corso-francese#breadcrumb"},"inLanguage":"it-IT","potentialAction":[{"@type":"ReadAction","target":["https:\/\/www.ampipointservizimg.it\/?product=entrainement-general-corso-francese"]}]},{"@type":"ImageObject","inLanguage":"it-IT","@id":"https:\/\/www.ampipointservizimg.it\/?product=entrainement-general-corso-francese#primaryimage","url":"https:\/\/www.ampipointservizimg.it\/wp-content\/uploads\/2022\/02\/Entrainement-general.jpg","contentUrl":"https:\/\/www.ampipointservizimg.it\/wp-content\/uploads\/2022\/02\/Entrainement-general.jpg","width":300,"height":300},{"@type":"BreadcrumbList","@id":"https:\/\/www.ampipointservizimg.it\/?product=entrainement-general-corso-francese#breadcrumb","itemListElement":[{"@type":"ListItem","position":1,"name":"Home","item":"https:\/\/www.ampipointservizimg.it\/"},{"@type":"ListItem","position":2,"name":"Shop","item":"https:\/\/www.ampipointservizimg.it\/?page_id=91"},{"@type":"ListItem","position":3,"name":"Formazione Generale"}]},{"@type":"WebSite","@id":"https:\/\/www.ampipointservizimg.it\/#website","url":"https:\/\/www.ampipointservizimg.it\/","name":"Ampi Point Servizi emmegi","description":"","publisher":{"@id":"https:\/\/www.ampipointservizimg.it\/#organization"},"potentialAction":[{"@type":"SearchAction","target":{"@type":"EntryPoint","urlTemplate":"https:\/\/www.ampipointservizimg.it\/?s={search_term_string}"},"query-input":{"@type":"PropertyValueSpecification","valueRequired":true,"valueName":"search_term_string"}}],"inLanguage":"it-IT"},{"@type":"Organization","@id":"https:\/\/www.ampipointservizimg.it\/#organization","name":"Sviluppo Qualit\u00e0","alternateName":"Sviluppo Qualit\u00e0","url":"https:\/\/www.ampipointservizimg.it\/","logo":{"@type":"ImageObject","inLanguage":"it-IT","@id":"https:\/\/www.ampipointservizimg.it\/#\/schema\/logo\/image\/","url":"https:\/\/www.ampipointservizimg.it\/wp-content\/uploads\/2025\/06\/cropped-logo_con_ampi-1.png","contentUrl":"https:\/\/www.ampipointservizimg.it\/wp-content\/uploads\/2025\/06\/cropped-logo_con_ampi-1.png","width":2269,"height":544,"caption":"Sviluppo Qualit\u00e0"},"image":{"@id":"https:\/\/www.ampipointservizimg.it\/#\/schema\/logo\/image\/"}}]}},"_links":{"self":[{"href":"https:\/\/www.ampipointservizimg.it\/index.php?rest_route=\/wp\/v2\/product\/157","targetHints":{"allow":["GET"]}}],"collection":[{"href":"https:\/\/www.ampipointservizimg.it\/index.php?rest_route=\/wp\/v2\/product"}],"about":[{"href":"https:\/\/www.ampipointservizimg.it\/index.php?rest_route=\/wp\/v2\/types\/product"}],"wp:featuredmedia":[{"embeddable":true,"href":"https:\/\/www.ampipointservizimg.it\/index.php?rest_route=\/wp\/v2\/media\/156"}],"wp:attachment":[{"href":"https:\/\/www.ampipointservizimg.it\/index.php?rest_route=%2Fwp%2Fv2%2Fmedia&parent=157"}],"wp:term":[{"taxonomy":"product_brand","embeddable":true,"href":"https:\/\/www.ampipointservizimg.it\/index.php?rest_route=%2Fwp%2Fv2%2Fproduct_brand&post=157"},{"taxonomy":"product_cat","embeddable":true,"href":"https:\/\/www.ampipointservizimg.it\/index.php?rest_route=%2Fwp%2Fv2%2Fproduct_cat&post=157"},{"taxonomy":"product_tag","embeddable":true,"href":"https:\/\/www.ampipointservizimg.it\/index.php?rest_route=%2Fwp%2Fv2%2Fproduct_tag&post=157"}],"curies":[{"name":"wp","href":"https:\/\/api.w.org\/{rel}","templated":true}]}}