{"id":162,"date":"2022-02-25T17:45:23","date_gmt":"2022-02-25T16:45:23","guid":{"rendered":"https:\/\/new.sviluppoqualita.it\/prodotto\/risque-biologique-covid-19-employeurs-corso-francese\/"},"modified":"2025-07-08T23:16:12","modified_gmt":"2025-07-08T21:16:12","slug":"risque-biologique-covid-19-employeurs-corso-francese","status":"publish","type":"product","link":"https:\/\/www.ampipointservizimg.it\/?product=risque-biologique-covid-19-employeurs-corso-francese","title":{"rendered":"Corso Covid datore di lavoro"},"content":{"rendered":"<table style=\"width: 59.4182%;\" width=\"825\">\n<tbody>\n<tr>\n<td style=\"width: 143px;\" width=\"139\">Titre<\/td>\n<td style=\"width: 674px;\" colspan=\"2\" width=\"555\">Risque biologique COVID 19<\/td>\n<\/tr>\n<tr>\n<td style=\"width: 143px;\" width=\"139\">B\u00e9n\u00e9fiaires<\/td>\n<td style=\"width: 674px;\" colspan=\"2\" width=\"555\">Le cours s&#8217;adresse aux employeurs (entrepreneurs, ind\u00e9pendants) qui ne peuvent pas travailler de mani\u00e8re agile ou qui sont contraints d&#8217;\u00eatre physiquement pr\u00e9sents sur le lieu de travail, avec un risque d&#8217;exposition \u00e0 des sources de contamination biologique.<\/td>\n<\/tr>\n<tr>\n<td style=\"width: 143px;\" width=\"139\">Objectifs et buts<\/td>\n<td style=\"width: 674px;\" colspan=\"2\" width=\"555\">Le cours pr\u00e9pare \u00e0 \u00e9viter les risques de contagion, de contamination et en g\u00e9n\u00e9ral \u00e0 r\u00e9duire \u00a0l&#8217;exposition \u00a0aux \u00a0risques \u00a0biologiques, \u00a0avec \u00a0une \u00a0attention \u00a0particuli\u00e8re \u00a0au nouveau Covid19.<\/td>\n<\/tr>\n<tr>\n<td style=\"width: 143px;\" width=\"139\">L\u00e9gislation de ref\u00e9rence<\/td>\n<td style=\"width: 674px;\" colspan=\"2\" width=\"555\">D\u00e9cret l\u00e9gislatif 81\/08 et modifications ult\u00e9rieures<\/p>\n<p>D\u00c9CRET-LOI 19 mai 2020, n. 34<\/td>\n<\/tr>\n<tr>\n<td style=\"width: 143px;\" width=\"139\">Exigences<\/td>\n<td style=\"width: 674px;\" colspan=\"2\" rowspan=\"2\" width=\"555\">Aucune<\/td>\n<\/tr>\n<tr>\n<td style=\"width: 143px;\">d\u2019admission<\/td>\n<\/tr>\n<tr>\n<td style=\"width: 143px;\" width=\"139\">Dur\u00e9e et<\/td>\n<td style=\"width: 674px;\" colspan=\"2\" rowspan=\"2\" width=\"555\">Le cours dure 4 heures et peut \u00eatre suivi en mode e-learning avec la technologie LMS (Learning Management System), capable de surveiller et de certifier les performances, la tra\u00e7abilit\u00e9 et l&#8217;ach\u00e8vement des activit\u00e9s p\u00e9dagogiques de chaque utilisateur.<\/td>\n<\/tr>\n<tr>\n<td style=\"width: 143px;\">modalit\u00e9<\/td>\n<\/tr>\n<tr>\n<td style=\"width: 817px;\" colspan=\"3\" width=\"825\"><\/td>\n<\/tr>\n<tr>\n<td style=\"width: 817px;\" colspan=\"3\" width=\"825\"><\/td>\n<\/tr>\n<tr>\n<td style=\"width: 292px;\" colspan=\"2\" rowspan=\"11\" width=\"173\">Programme du cours<\/td>\n<td style=\"width: 525px;\" rowspan=\"11\" width=\"521\">Module g\u00e9n\u00e9ral<\/p>\n<p>Risque biologique<\/p>\n<p>Un aper\u00e7u du risque biologique<\/p>\n<p>Risque canc\u00e9rig\u00e8ne<\/p>\n<p>Forme sp\u00e9cifique<\/p>\n<p>10 \u00e9tapes pour \u00e9viter la propagation du COVID19<\/p>\n<p>Dialogue sur le Coronavirus (FAQ) Comment se laver les mains Femmes et enfants<br \/>\nRisques pour les voyageurs<\/p>\n<p>\u00c9valuation des risques \u00e0 partir du test Covid<\/td>\n<\/tr>\n<tr>\n<td style=\"width: 292px;\" colspan=\"2\" width=\"173\">Notation<\/td>\n<td style=\"width: 525px;\" width=\"521\">V\u00e9rification de l&#8217;apprentissage par des tests, avec des questions \u00e0 choix multiples, inclus dans le cours e-learning.<\/td>\n<\/tr>\n<tr>\n<td style=\"width: 292px;\" colspan=\"2\">Certificat formatif<\/td>\n<td style=\"width: 525px;\" rowspan=\"2\" width=\"521\">Attestation de pr\u00e9sence \u00abCOVID 19 risque biologique\u00bb au format pdf<\/td>\n<\/tr>\n<tr>\n<td style=\"width: 292px;\" colspan=\"2\">relach\u00e9<\/td>\n<\/tr>\n<\/tbody>\n<\/table>\n","protected":false},"excerpt":{"rendered":"<p>Titre Risque biologique COVID 19 B\u00e9n\u00e9fiaires Le cours s&#8217;adresse aux employeurs (entrepreneurs, ind\u00e9pendants) qui ne peuvent pas travailler de mani\u00e8re agile ou qui sont contraints d&#8217;\u00eatre physiquement pr\u00e9sents sur le lieu de travail, avec un risque d&#8217;exposition \u00e0 des sources de contamination biologique. Objectifs et buts Le cours pr\u00e9pare \u00e0 \u00e9viter les risques de contagion, de contamination et en g\u00e9n\u00e9ral [&hellip;]<\/p>\n","protected":false},"featured_media":158,"template":"","meta":[],"product_brand":[],"product_cat":[26,54,917],"product_tag":[39,40],"class_list":{"0":"post-162","1":"product","2":"type-product","3":"status-publish","4":"has-post-thumbnail","6":"product_cat-corsi-lingua-straniera","7":"product_cat-lingua-francese-lang","8":"product_cat-corsi-fad","9":"product_tag-corsi-sicurezza-d-lgs-81-08-datoriali-e-per-professionisti","10":"product_tag-corso-4-ore","12":"first","13":"instock","14":"taxable","15":"shipping-taxable","16":"purchasable","17":"product-type-simple"},"yoast_head":"<!-- This site is optimized with the Yoast SEO plugin v25.4 - https:\/\/yoast.com\/wordpress\/plugins\/seo\/ -->\n<title>Corso Covid datore di lavoro - Ampi Point Servizi emmegi<\/title>\n<meta name=\"robots\" content=\"index, follow, max-snippet:-1, max-image-preview:large, max-video-preview:-1\" \/>\n<link rel=\"canonical\" href=\"https:\/\/www.ampipointservizimg.it\/?product=risque-biologique-covid-19-employeurs-corso-francese\" \/>\n<meta property=\"og:locale\" content=\"it_IT\" \/>\n<meta property=\"og:type\" content=\"article\" \/>\n<meta property=\"og:title\" content=\"Corso Covid datore di lavoro - Ampi Point Servizi emmegi\" \/>\n<meta property=\"og:description\" content=\"Titre Risque biologique COVID 19 B\u00e9n\u00e9fiaires Le cours s&#8217;adresse aux employeurs (entrepreneurs, ind\u00e9pendants) qui ne peuvent pas travailler de mani\u00e8re agile ou qui sont contraints d&#8217;\u00eatre physiquement pr\u00e9sents sur le lieu de travail, avec un risque d&#8217;exposition \u00e0 des sources de contamination biologique. Objectifs et buts Le cours pr\u00e9pare \u00e0 \u00e9viter les risques de contagion, de contamination et en g\u00e9n\u00e9ral [&hellip;]\" \/>\n<meta property=\"og:url\" content=\"https:\/\/www.ampipointservizimg.it\/?product=risque-biologique-covid-19-employeurs-corso-francese\" \/>\n<meta property=\"og:site_name\" content=\"Ampi Point Servizi emmegi\" \/>\n<meta property=\"article:modified_time\" content=\"2025-07-08T21:16:12+00:00\" \/>\n<meta property=\"og:image\" content=\"https:\/\/www.ampipointservizimg.it\/wp-content\/uploads\/2022\/02\/Risque-biologique-Covid-19-Employeurs.jpg\" \/>\n\t<meta property=\"og:image:width\" content=\"300\" \/>\n\t<meta property=\"og:image:height\" content=\"300\" \/>\n\t<meta property=\"og:image:type\" content=\"image\/jpeg\" \/>\n<meta name=\"twitter:card\" content=\"summary_large_image\" \/>\n<meta name=\"twitter:label1\" content=\"Tempo di lettura stimato\" \/>\n\t<meta name=\"twitter:data1\" content=\"1 minuto\" \/>\n<script type=\"application\/ld+json\" class=\"yoast-schema-graph\">{\"@context\":\"https:\/\/schema.org\",\"@graph\":[{\"@type\":\"WebPage\",\"@id\":\"https:\/\/www.ampipointservizimg.it\/?product=risque-biologique-covid-19-employeurs-corso-francese\",\"url\":\"https:\/\/www.ampipointservizimg.it\/?product=risque-biologique-covid-19-employeurs-corso-francese\",\"name\":\"Corso Covid datore di lavoro - Ampi Point Servizi emmegi\",\"isPartOf\":{\"@id\":\"https:\/\/www.ampipointservizimg.it\/#website\"},\"primaryImageOfPage\":{\"@id\":\"https:\/\/www.ampipointservizimg.it\/?product=risque-biologique-covid-19-employeurs-corso-francese#primaryimage\"},\"image\":{\"@id\":\"https:\/\/www.ampipointservizimg.it\/?product=risque-biologique-covid-19-employeurs-corso-francese#primaryimage\"},\"thumbnailUrl\":\"https:\/\/www.ampipointservizimg.it\/wp-content\/uploads\/2022\/02\/Risque-biologique-Covid-19-Employeurs.jpg\",\"datePublished\":\"2022-02-25T16:45:23+00:00\",\"dateModified\":\"2025-07-08T21:16:12+00:00\",\"breadcrumb\":{\"@id\":\"https:\/\/www.ampipointservizimg.it\/?product=risque-biologique-covid-19-employeurs-corso-francese#breadcrumb\"},\"inLanguage\":\"it-IT\",\"potentialAction\":[{\"@type\":\"ReadAction\",\"target\":[\"https:\/\/www.ampipointservizimg.it\/?product=risque-biologique-covid-19-employeurs-corso-francese\"]}]},{\"@type\":\"ImageObject\",\"inLanguage\":\"it-IT\",\"@id\":\"https:\/\/www.ampipointservizimg.it\/?product=risque-biologique-covid-19-employeurs-corso-francese#primaryimage\",\"url\":\"https:\/\/www.ampipointservizimg.it\/wp-content\/uploads\/2022\/02\/Risque-biologique-Covid-19-Employeurs.jpg\",\"contentUrl\":\"https:\/\/www.ampipointservizimg.it\/wp-content\/uploads\/2022\/02\/Risque-biologique-Covid-19-Employeurs.jpg\",\"width\":300,\"height\":300},{\"@type\":\"BreadcrumbList\",\"@id\":\"https:\/\/www.ampipointservizimg.it\/?product=risque-biologique-covid-19-employeurs-corso-francese#breadcrumb\",\"itemListElement\":[{\"@type\":\"ListItem\",\"position\":1,\"name\":\"Home\",\"item\":\"https:\/\/www.ampipointservizimg.it\/\"},{\"@type\":\"ListItem\",\"position\":2,\"name\":\"Shop\",\"item\":\"https:\/\/www.ampipointservizimg.it\/?page_id=91\"},{\"@type\":\"ListItem\",\"position\":3,\"name\":\"Corso Covid datore di lavoro\"}]},{\"@type\":\"WebSite\",\"@id\":\"https:\/\/www.ampipointservizimg.it\/#website\",\"url\":\"https:\/\/www.ampipointservizimg.it\/\",\"name\":\"Ampi Point Servizi emmegi\",\"description\":\"\",\"publisher\":{\"@id\":\"https:\/\/www.ampipointservizimg.it\/#organization\"},\"potentialAction\":[{\"@type\":\"SearchAction\",\"target\":{\"@type\":\"EntryPoint\",\"urlTemplate\":\"https:\/\/www.ampipointservizimg.it\/?s={search_term_string}\"},\"query-input\":{\"@type\":\"PropertyValueSpecification\",\"valueRequired\":true,\"valueName\":\"search_term_string\"}}],\"inLanguage\":\"it-IT\"},{\"@type\":\"Organization\",\"@id\":\"https:\/\/www.ampipointservizimg.it\/#organization\",\"name\":\"Sviluppo Qualit\u00e0\",\"alternateName\":\"Sviluppo Qualit\u00e0\",\"url\":\"https:\/\/www.ampipointservizimg.it\/\",\"logo\":{\"@type\":\"ImageObject\",\"inLanguage\":\"it-IT\",\"@id\":\"https:\/\/www.ampipointservizimg.it\/#\/schema\/logo\/image\/\",\"url\":\"https:\/\/www.ampipointservizimg.it\/wp-content\/uploads\/2025\/06\/cropped-logo_con_ampi-1.png\",\"contentUrl\":\"https:\/\/www.ampipointservizimg.it\/wp-content\/uploads\/2025\/06\/cropped-logo_con_ampi-1.png\",\"width\":2269,\"height\":544,\"caption\":\"Sviluppo Qualit\u00e0\"},\"image\":{\"@id\":\"https:\/\/www.ampipointservizimg.it\/#\/schema\/logo\/image\/\"}}]}<\/script>\n<!-- \/ Yoast SEO plugin. -->","yoast_head_json":{"title":"Corso Covid datore di lavoro - Ampi Point Servizi emmegi","robots":{"index":"index","follow":"follow","max-snippet":"max-snippet:-1","max-image-preview":"max-image-preview:large","max-video-preview":"max-video-preview:-1"},"canonical":"https:\/\/www.ampipointservizimg.it\/?product=risque-biologique-covid-19-employeurs-corso-francese","og_locale":"it_IT","og_type":"article","og_title":"Corso Covid datore di lavoro - Ampi Point Servizi emmegi","og_description":"Titre Risque biologique COVID 19 B\u00e9n\u00e9fiaires Le cours s&#8217;adresse aux employeurs (entrepreneurs, ind\u00e9pendants) qui ne peuvent pas travailler de mani\u00e8re agile ou qui sont contraints d&#8217;\u00eatre physiquement pr\u00e9sents sur le lieu de travail, avec un risque d&#8217;exposition \u00e0 des sources de contamination biologique. Objectifs et buts Le cours pr\u00e9pare \u00e0 \u00e9viter les risques de contagion, de contamination et en g\u00e9n\u00e9ral [&hellip;]","og_url":"https:\/\/www.ampipointservizimg.it\/?product=risque-biologique-covid-19-employeurs-corso-francese","og_site_name":"Ampi Point Servizi emmegi","article_modified_time":"2025-07-08T21:16:12+00:00","og_image":[{"width":300,"height":300,"url":"https:\/\/www.ampipointservizimg.it\/wp-content\/uploads\/2022\/02\/Risque-biologique-Covid-19-Employeurs.jpg","type":"image\/jpeg"}],"twitter_card":"summary_large_image","twitter_misc":{"Tempo di lettura stimato":"1 minuto"},"schema":{"@context":"https:\/\/schema.org","@graph":[{"@type":"WebPage","@id":"https:\/\/www.ampipointservizimg.it\/?product=risque-biologique-covid-19-employeurs-corso-francese","url":"https:\/\/www.ampipointservizimg.it\/?product=risque-biologique-covid-19-employeurs-corso-francese","name":"Corso Covid datore di lavoro - Ampi Point Servizi emmegi","isPartOf":{"@id":"https:\/\/www.ampipointservizimg.it\/#website"},"primaryImageOfPage":{"@id":"https:\/\/www.ampipointservizimg.it\/?product=risque-biologique-covid-19-employeurs-corso-francese#primaryimage"},"image":{"@id":"https:\/\/www.ampipointservizimg.it\/?product=risque-biologique-covid-19-employeurs-corso-francese#primaryimage"},"thumbnailUrl":"https:\/\/www.ampipointservizimg.it\/wp-content\/uploads\/2022\/02\/Risque-biologique-Covid-19-Employeurs.jpg","datePublished":"2022-02-25T16:45:23+00:00","dateModified":"2025-07-08T21:16:12+00:00","breadcrumb":{"@id":"https:\/\/www.ampipointservizimg.it\/?product=risque-biologique-covid-19-employeurs-corso-francese#breadcrumb"},"inLanguage":"it-IT","potentialAction":[{"@type":"ReadAction","target":["https:\/\/www.ampipointservizimg.it\/?product=risque-biologique-covid-19-employeurs-corso-francese"]}]},{"@type":"ImageObject","inLanguage":"it-IT","@id":"https:\/\/www.ampipointservizimg.it\/?product=risque-biologique-covid-19-employeurs-corso-francese#primaryimage","url":"https:\/\/www.ampipointservizimg.it\/wp-content\/uploads\/2022\/02\/Risque-biologique-Covid-19-Employeurs.jpg","contentUrl":"https:\/\/www.ampipointservizimg.it\/wp-content\/uploads\/2022\/02\/Risque-biologique-Covid-19-Employeurs.jpg","width":300,"height":300},{"@type":"BreadcrumbList","@id":"https:\/\/www.ampipointservizimg.it\/?product=risque-biologique-covid-19-employeurs-corso-francese#breadcrumb","itemListElement":[{"@type":"ListItem","position":1,"name":"Home","item":"https:\/\/www.ampipointservizimg.it\/"},{"@type":"ListItem","position":2,"name":"Shop","item":"https:\/\/www.ampipointservizimg.it\/?page_id=91"},{"@type":"ListItem","position":3,"name":"Corso Covid datore di lavoro"}]},{"@type":"WebSite","@id":"https:\/\/www.ampipointservizimg.it\/#website","url":"https:\/\/www.ampipointservizimg.it\/","name":"Ampi Point Servizi emmegi","description":"","publisher":{"@id":"https:\/\/www.ampipointservizimg.it\/#organization"},"potentialAction":[{"@type":"SearchAction","target":{"@type":"EntryPoint","urlTemplate":"https:\/\/www.ampipointservizimg.it\/?s={search_term_string}"},"query-input":{"@type":"PropertyValueSpecification","valueRequired":true,"valueName":"search_term_string"}}],"inLanguage":"it-IT"},{"@type":"Organization","@id":"https:\/\/www.ampipointservizimg.it\/#organization","name":"Sviluppo Qualit\u00e0","alternateName":"Sviluppo Qualit\u00e0","url":"https:\/\/www.ampipointservizimg.it\/","logo":{"@type":"ImageObject","inLanguage":"it-IT","@id":"https:\/\/www.ampipointservizimg.it\/#\/schema\/logo\/image\/","url":"https:\/\/www.ampipointservizimg.it\/wp-content\/uploads\/2025\/06\/cropped-logo_con_ampi-1.png","contentUrl":"https:\/\/www.ampipointservizimg.it\/wp-content\/uploads\/2025\/06\/cropped-logo_con_ampi-1.png","width":2269,"height":544,"caption":"Sviluppo Qualit\u00e0"},"image":{"@id":"https:\/\/www.ampipointservizimg.it\/#\/schema\/logo\/image\/"}}]}},"_links":{"self":[{"href":"https:\/\/www.ampipointservizimg.it\/index.php?rest_route=\/wp\/v2\/product\/162","targetHints":{"allow":["GET"]}}],"collection":[{"href":"https:\/\/www.ampipointservizimg.it\/index.php?rest_route=\/wp\/v2\/product"}],"about":[{"href":"https:\/\/www.ampipointservizimg.it\/index.php?rest_route=\/wp\/v2\/types\/product"}],"wp:featuredmedia":[{"embeddable":true,"href":"https:\/\/www.ampipointservizimg.it\/index.php?rest_route=\/wp\/v2\/media\/158"}],"wp:attachment":[{"href":"https:\/\/www.ampipointservizimg.it\/index.php?rest_route=%2Fwp%2Fv2%2Fmedia&parent=162"}],"wp:term":[{"taxonomy":"product_brand","embeddable":true,"href":"https:\/\/www.ampipointservizimg.it\/index.php?rest_route=%2Fwp%2Fv2%2Fproduct_brand&post=162"},{"taxonomy":"product_cat","embeddable":true,"href":"https:\/\/www.ampipointservizimg.it\/index.php?rest_route=%2Fwp%2Fv2%2Fproduct_cat&post=162"},{"taxonomy":"product_tag","embeddable":true,"href":"https:\/\/www.ampipointservizimg.it\/index.php?rest_route=%2Fwp%2Fv2%2Fproduct_tag&post=162"}],"curies":[{"name":"wp","href":"https:\/\/api.w.org\/{rel}","templated":true}]}}