{"id":171,"date":"2022-02-28T15:09:43","date_gmt":"2022-02-28T14:09:43","guid":{"rendered":"https:\/\/new.sviluppoqualita.it\/prodotto\/formazione-lavoratori-rischio-basso-corso-francese\/"},"modified":"2025-07-08T23:16:12","modified_gmt":"2025-07-08T21:16:12","slug":"formazione-lavoratori-rischio-basso-corso-francese","status":"publish","type":"product","link":"https:\/\/www.ampipointservizimg.it\/?product=formazione-lavoratori-rischio-basso-corso-francese","title":{"rendered":"Formazione Lavoratori Rischio Basso"},"content":{"rendered":"<table style=\"width: 59.2736%;\" width=\"826\">\n<tbody>\n<tr>\n<td style=\"width: 122px;\" width=\"118\">\n<table>\n<tbody>\n<tr>\n<td width=\"118\">Titre<\/td>\n<\/tr>\n<\/tbody>\n<\/table>\n<\/td>\n<td style=\"width: 694px;\" colspan=\"2\" width=\"577\">Cours de <a href=\"https:\/\/shop.networkgtc.it\/product-category\/corsi-lingua-straniera\/lingua-francese-lang\/\">f<\/a>ormation g\u00e9n\u00e9rale des travailleurs<\/td>\n<\/tr>\n<tr>\n<td style=\"width: 122px;\" width=\"118\">B\u00e9n\u00e9ficiaires<\/td>\n<td style=\"width: 694px;\" colspan=\"2\" width=\"577\">Le cours vise \u00e0 fournir aux travailleurs les principes g\u00e9n\u00e9raux de la loi sur la sant\u00e9 et la s\u00e9curit\u00e9 au travail conform\u00e9ment \u00e0 la l\u00e9gislation en vigueur (article 37 du d\u00e9cret l\u00e9gislatif n \u00b0 81 de 2008). La formation des travailleurs vise \u00e0 cr\u00e9er une prise de conscience et une culture sur les risques et les mesures de s\u00e9curit\u00e9 \u00e0 appliquer pour pr\u00e9venir les accidents. L&#8217;art. 37 du d\u00e9cret l\u00e9gislatif. 81\/08 pr\u00e9voit que l&#8217;employeur forme tous ses employ\u00e9s, conform\u00e9ment au contenu et \u00e0 la dur\u00e9e pr\u00e9vus dans l&#8217;accord entre le ministre du Travail et des Politiques sociales, le ministre de la Sant\u00e9, les r\u00e9gions et provinces autonomes de Trento et Bolzano pour la formation des travailleurs sanctionn\u00e9s par la Conf\u00e9rence nationale des r\u00e9gions le 21\/12\/2011 (lois r\u00e9p. n \u00b0 221 \/ CSR) (JO n \u00b0 8 du 11-1-2012).<\/td>\n<\/tr>\n<tr>\n<td style=\"width: 122px;\" width=\"118\">Buts et<\/td>\n<td style=\"width: 694px;\" colspan=\"2\" rowspan=\"2\" width=\"577\">Fournir aux participants les informations et les mises \u00e0 jour n\u00e9cessaires pour conna\u00eetre les principes du syst\u00e8me de pr\u00e9vention et de protection adopt\u00e9s par les entreprises et \u00e0 travers quels outils et strat\u00e9gies le travailleur est appel\u00e9 \u00e0 op\u00e9rer pour pr\u00e9server l&#8217;\u00e9tat de s\u00e9curit\u00e9 sur le lieu de travail.<br \/>\nLe cours g\u00e9n\u00e9ral de formation et d&#8217;information pour les travailleurs s&#8217;adresse aux employeurs qui souhaitent maintenir leur entreprise en conformit\u00e9 avec le d\u00e9cret l\u00e9gislatif n.81 \/ 2008 et ses modifications ult\u00e9rieures.<br \/>\nEn effet, le d\u00e9cret oblige l&#8217;employeur \u00e0 former et informer les travailleurs de son entreprise sur les risques sp\u00e9cifiques de l&#8217;activit\u00e9 exerc\u00e9e au sein de l&#8217;entreprise.<br \/>\nLe cours de formation et d&#8217;information du travailleur consiste \u00e0 fournir toutes les notions principales sur les aspects de s\u00e9curit\u00e9, les obligations \u00e0 respecter et les interdictions pour la pr\u00e9vention des risques \u00e9ventuels pr\u00e9sents pendant le travail.<\/td>\n<\/tr>\n<tr>\n<td style=\"width: 122px;\">objectifs<\/td>\n<\/tr>\n<tr>\n<td style=\"width: 122px;\" width=\"118\">L\u00e9gislation de<\/td>\n<td style=\"width: 161px;\">\u2022<\/td>\n<td style=\"width: 533px;\">Article 37, paragraphe 2, du d\u00e9cret l\u00e9gislatif 9 avril 2008 n. 81, et modifications et ajouts ult\u00e9rieurs;<\/td>\n<\/tr>\n<tr>\n<td style=\"width: 122px;\">r\u00e9f\u00e9rence<\/td>\n<td style=\"width: 161px;\">\u2022<\/td>\n<td style=\"width: 533px;\" width=\"529\">Accord \u00c9tat-R\u00e9gions du 21 d\u00e9cembre 2011; Actes de r\u00e9pertoire n. 221 \/ CSR du<br \/>\n21 d\u00e9cembre 2011 (Journal officiel du 11 janvier 2012, n \u00b0 8).<\/td>\n<\/tr>\n<tr>\n<td style=\"width: 122px;\" width=\"118\">Dur\u00e9e et<\/td>\n<td style=\"width: 694px;\" colspan=\"2\" rowspan=\"2\" width=\"577\">Le cours dure 4 heures et peut \u00eatre r\u00e9alis\u00e9 en mode e-learning avec des caract\u00e9ristiques sp\u00e9cifiques \u00a0de \u00a0qualit\u00e9 \u00a0et \u00a0de \u00a0certification \u00a0des \u00a0sessions \u00a0de \u00a0mise \u00a0en \u00a0relation \u00a0des participants, ou en mode frontal en classe.<\/td>\n<\/tr>\n<tr>\n<td style=\"width: 122px;\">modalit\u00e9s<\/td>\n<\/tr>\n<tr>\n<td style=\"width: 122px;\"><\/td>\n<td style=\"width: 694px;\" colspan=\"2\" width=\"577\">Module g\u00e9n\u00e9ral (4 heures)<\/td>\n<\/tr>\n<tr>\n<td style=\"width: 122px;\"><\/td>\n<td style=\"width: 694px;\" colspan=\"2\">\u2022\u00a0 \u00a0Formation g\u00e9n\u00e9rale<\/td>\n<\/tr>\n<tr>\n<td style=\"width: 122px;\" width=\"118\">Programme du<\/td>\n<td style=\"width: 694px;\" colspan=\"2\" width=\"577\">\u2022\u00a0 \u00a0Protection de la sant\u00e9 et de la s\u00e9curit\u00e9<br \/>\n\u2022\u00a0 \u00a0Chiffres de la s\u00e9curit\u00e9<br \/>\n\u2022\u00a0 \u00a0Accord sur les r\u00e9gions d&#8217;\u00c9tat 2011<br \/>\n\u2022\u00a0 \u00a0Le syst\u00e8me l\u00e9gislatif<br \/>\n\u2022\u00a0 \u00a0Droits et devoirs pour votre s\u00e9curit\u00e9<\/td>\n<\/tr>\n<tr>\n<td style=\"width: 122px;\">cours<\/td>\n<td style=\"width: 694px;\" colspan=\"2\" width=\"577\">\u2022\u00a0 \u00a0Notions de danger, de risque, de dommage<br \/>\n\u2022\u00a0 \u00a0Les sujets du syst\u00e8me de pr\u00e9vention de l&#8217;entreprise<br \/>\n\u2022\u00a0 \u00a0Les sujets du dispositif de pr\u00e9vention en entreprise 2<br \/>\n\u2022\u00a0 \u00a0Contenu du DVR<br \/>\n\u2022\u00a0 \u00a0L&#8217;\u00e9valuation des risques<br \/>\n\u2022\u00a0 \u00a0Syst\u00e8me de s\u00e9curit\u00e9 institutionnel<\/td>\n<\/tr>\n<tr>\n<td style=\"width: 122px;\" width=\"118\">Notation<\/td>\n<td style=\"width: 694px;\" colspan=\"2\" width=\"577\">La v\u00e9rification des apprentissages se fait sur la base de jeux de quiz et de tests \u00e0 choix multiples.<\/td>\n<\/tr>\n<tr>\n<td style=\"width: 122px;\">Certificat<\/td>\n<td style=\"width: 694px;\" colspan=\"2\" rowspan=\"2\" width=\"577\">Certificat de participation \u00e0 la \u00abformation g\u00e9n\u00e9rale des travailleurs\u00bb de 4 heures.<\/td>\n<\/tr>\n<tr>\n<td style=\"width: 122px;\">d\u00e9livr\u00e9<\/td>\n<\/tr>\n<tr>\n<td style=\"width: 122px;\" width=\"118\">Enseignement<\/td>\n<td style=\"width: 694px;\" colspan=\"2\" width=\"577\">Enseignants en possession des conditions requises par l&#8217;arr\u00eat\u00e9 interminist\u00e9riel du 6 mars<br \/>\n2013, pris en application de l&#8217;article 6, paragraphe 8, lettre m bis), du d\u00e9cret l\u00e9gislatif no.<br \/>\n81\/2008, qui est entr\u00e9 en vigueur le 18 mars 2014.<\/td>\n<\/tr>\n<tr>\n<td style=\"width: 122px;\" width=\"118\">Si\u00e9ge<\/td>\n<td style=\"width: 694px;\" colspan=\"2\">Le cours peut \u00eatre dispens\u00e9 enti\u00e8rement en e-learning selon \u00a0les \u00a0modalit\u00e9s \u00a0d\u00e9finies \u00a0\u00e0 l&#8217;annexe II de l&#8217;Accord \u00c9tat &#8211; R\u00e9gions du 7 juillet 2016. En cas de cours en salle de classe, le cours sera dispens\u00e9, selon un calendrier pr\u00e9\u00e9tabli, dans l&#8217;un des lieux les plus proches situ\u00e9s tout au long du territoire national avec un effectif limit\u00e9 \u00e0 35 \u00e9tudiants.<\/td>\n<\/tr>\n<\/tbody>\n<\/table>\n<div><\/div>\n<div><\/div>\n","protected":false},"excerpt":{"rendered":"<p>Titre Cours de formation g\u00e9n\u00e9rale des travailleurs B\u00e9n\u00e9ficiaires Le cours vise \u00e0 fournir aux travailleurs les principes g\u00e9n\u00e9raux de la loi sur la sant\u00e9 et la s\u00e9curit\u00e9 au travail conform\u00e9ment \u00e0 la l\u00e9gislation en vigueur (article 37 du d\u00e9cret l\u00e9gislatif n \u00b0 81 de 2008). La formation des travailleurs vise \u00e0 cr\u00e9er une prise de conscience et une culture sur [&hellip;]<\/p>\n","protected":false},"featured_media":170,"template":"","meta":[],"product_brand":[],"product_cat":[26,54,917],"product_tag":[31,45],"class_list":{"0":"post-171","1":"product","2":"type-product","3":"status-publish","4":"has-post-thumbnail","6":"product_cat-corsi-lingua-straniera","7":"product_cat-lingua-francese-lang","8":"product_cat-corsi-fad","9":"product_tag-corsi-sicurezza-d-lgs-81-08-lavoratori","10":"product_tag-corso-8-ore","12":"first","13":"instock","14":"taxable","15":"shipping-taxable","16":"purchasable","17":"product-type-simple"},"yoast_head":"<!-- This site is optimized with the Yoast SEO plugin v25.4 - https:\/\/yoast.com\/wordpress\/plugins\/seo\/ -->\n<title>Formazione Lavoratori Rischio Basso - Ampi Point Servizi emmegi<\/title>\n<meta name=\"robots\" content=\"index, follow, max-snippet:-1, max-image-preview:large, max-video-preview:-1\" \/>\n<link rel=\"canonical\" href=\"https:\/\/www.ampipointservizimg.it\/?product=formazione-lavoratori-rischio-basso-corso-francese\" \/>\n<meta property=\"og:locale\" content=\"it_IT\" \/>\n<meta property=\"og:type\" content=\"article\" \/>\n<meta property=\"og:title\" content=\"Formazione Lavoratori Rischio Basso - Ampi Point Servizi emmegi\" \/>\n<meta property=\"og:description\" content=\"Titre Cours de formation g\u00e9n\u00e9rale des travailleurs B\u00e9n\u00e9ficiaires Le cours vise \u00e0 fournir aux travailleurs les principes g\u00e9n\u00e9raux de la loi sur la sant\u00e9 et la s\u00e9curit\u00e9 au travail conform\u00e9ment \u00e0 la l\u00e9gislation en vigueur (article 37 du d\u00e9cret l\u00e9gislatif n \u00b0 81 de 2008). La formation des travailleurs vise \u00e0 cr\u00e9er une prise de conscience et une culture sur [&hellip;]\" \/>\n<meta property=\"og:url\" content=\"https:\/\/www.ampipointservizimg.it\/?product=formazione-lavoratori-rischio-basso-corso-francese\" \/>\n<meta property=\"og:site_name\" content=\"Ampi Point Servizi emmegi\" \/>\n<meta property=\"article:modified_time\" content=\"2025-07-08T21:16:12+00:00\" \/>\n<meta property=\"og:image\" content=\"https:\/\/www.ampipointservizimg.it\/wp-content\/uploads\/2022\/02\/Formation-des-travailleurs-a-faible-risque.jpg\" \/>\n\t<meta property=\"og:image:width\" content=\"300\" \/>\n\t<meta property=\"og:image:height\" content=\"300\" \/>\n\t<meta property=\"og:image:type\" content=\"image\/jpeg\" \/>\n<meta name=\"twitter:card\" content=\"summary_large_image\" \/>\n<meta name=\"twitter:label1\" content=\"Tempo di lettura stimato\" \/>\n\t<meta name=\"twitter:data1\" content=\"3 minuti\" \/>\n<script type=\"application\/ld+json\" class=\"yoast-schema-graph\">{\"@context\":\"https:\/\/schema.org\",\"@graph\":[{\"@type\":\"WebPage\",\"@id\":\"https:\/\/www.ampipointservizimg.it\/?product=formazione-lavoratori-rischio-basso-corso-francese\",\"url\":\"https:\/\/www.ampipointservizimg.it\/?product=formazione-lavoratori-rischio-basso-corso-francese\",\"name\":\"Formazione Lavoratori Rischio Basso - Ampi Point Servizi emmegi\",\"isPartOf\":{\"@id\":\"https:\/\/www.ampipointservizimg.it\/#website\"},\"primaryImageOfPage\":{\"@id\":\"https:\/\/www.ampipointservizimg.it\/?product=formazione-lavoratori-rischio-basso-corso-francese#primaryimage\"},\"image\":{\"@id\":\"https:\/\/www.ampipointservizimg.it\/?product=formazione-lavoratori-rischio-basso-corso-francese#primaryimage\"},\"thumbnailUrl\":\"https:\/\/www.ampipointservizimg.it\/wp-content\/uploads\/2022\/02\/Formation-des-travailleurs-a-faible-risque.jpg\",\"datePublished\":\"2022-02-28T14:09:43+00:00\",\"dateModified\":\"2025-07-08T21:16:12+00:00\",\"breadcrumb\":{\"@id\":\"https:\/\/www.ampipointservizimg.it\/?product=formazione-lavoratori-rischio-basso-corso-francese#breadcrumb\"},\"inLanguage\":\"it-IT\",\"potentialAction\":[{\"@type\":\"ReadAction\",\"target\":[\"https:\/\/www.ampipointservizimg.it\/?product=formazione-lavoratori-rischio-basso-corso-francese\"]}]},{\"@type\":\"ImageObject\",\"inLanguage\":\"it-IT\",\"@id\":\"https:\/\/www.ampipointservizimg.it\/?product=formazione-lavoratori-rischio-basso-corso-francese#primaryimage\",\"url\":\"https:\/\/www.ampipointservizimg.it\/wp-content\/uploads\/2022\/02\/Formation-des-travailleurs-a-faible-risque.jpg\",\"contentUrl\":\"https:\/\/www.ampipointservizimg.it\/wp-content\/uploads\/2022\/02\/Formation-des-travailleurs-a-faible-risque.jpg\",\"width\":300,\"height\":300},{\"@type\":\"BreadcrumbList\",\"@id\":\"https:\/\/www.ampipointservizimg.it\/?product=formazione-lavoratori-rischio-basso-corso-francese#breadcrumb\",\"itemListElement\":[{\"@type\":\"ListItem\",\"position\":1,\"name\":\"Home\",\"item\":\"https:\/\/www.ampipointservizimg.it\/\"},{\"@type\":\"ListItem\",\"position\":2,\"name\":\"Shop\",\"item\":\"https:\/\/www.ampipointservizimg.it\/?page_id=91\"},{\"@type\":\"ListItem\",\"position\":3,\"name\":\"Formazione Lavoratori Rischio Basso\"}]},{\"@type\":\"WebSite\",\"@id\":\"https:\/\/www.ampipointservizimg.it\/#website\",\"url\":\"https:\/\/www.ampipointservizimg.it\/\",\"name\":\"Ampi Point Servizi emmegi\",\"description\":\"\",\"publisher\":{\"@id\":\"https:\/\/www.ampipointservizimg.it\/#organization\"},\"potentialAction\":[{\"@type\":\"SearchAction\",\"target\":{\"@type\":\"EntryPoint\",\"urlTemplate\":\"https:\/\/www.ampipointservizimg.it\/?s={search_term_string}\"},\"query-input\":{\"@type\":\"PropertyValueSpecification\",\"valueRequired\":true,\"valueName\":\"search_term_string\"}}],\"inLanguage\":\"it-IT\"},{\"@type\":\"Organization\",\"@id\":\"https:\/\/www.ampipointservizimg.it\/#organization\",\"name\":\"Sviluppo Qualit\u00e0\",\"alternateName\":\"Sviluppo Qualit\u00e0\",\"url\":\"https:\/\/www.ampipointservizimg.it\/\",\"logo\":{\"@type\":\"ImageObject\",\"inLanguage\":\"it-IT\",\"@id\":\"https:\/\/www.ampipointservizimg.it\/#\/schema\/logo\/image\/\",\"url\":\"https:\/\/www.ampipointservizimg.it\/wp-content\/uploads\/2025\/06\/cropped-logo_con_ampi-1.png\",\"contentUrl\":\"https:\/\/www.ampipointservizimg.it\/wp-content\/uploads\/2025\/06\/cropped-logo_con_ampi-1.png\",\"width\":2269,\"height\":544,\"caption\":\"Sviluppo Qualit\u00e0\"},\"image\":{\"@id\":\"https:\/\/www.ampipointservizimg.it\/#\/schema\/logo\/image\/\"}}]}<\/script>\n<!-- \/ Yoast SEO plugin. -->","yoast_head_json":{"title":"Formazione Lavoratori Rischio Basso - Ampi Point Servizi emmegi","robots":{"index":"index","follow":"follow","max-snippet":"max-snippet:-1","max-image-preview":"max-image-preview:large","max-video-preview":"max-video-preview:-1"},"canonical":"https:\/\/www.ampipointservizimg.it\/?product=formazione-lavoratori-rischio-basso-corso-francese","og_locale":"it_IT","og_type":"article","og_title":"Formazione Lavoratori Rischio Basso - Ampi Point Servizi emmegi","og_description":"Titre Cours de formation g\u00e9n\u00e9rale des travailleurs B\u00e9n\u00e9ficiaires Le cours vise \u00e0 fournir aux travailleurs les principes g\u00e9n\u00e9raux de la loi sur la sant\u00e9 et la s\u00e9curit\u00e9 au travail conform\u00e9ment \u00e0 la l\u00e9gislation en vigueur (article 37 du d\u00e9cret l\u00e9gislatif n \u00b0 81 de 2008). La formation des travailleurs vise \u00e0 cr\u00e9er une prise de conscience et une culture sur [&hellip;]","og_url":"https:\/\/www.ampipointservizimg.it\/?product=formazione-lavoratori-rischio-basso-corso-francese","og_site_name":"Ampi Point Servizi emmegi","article_modified_time":"2025-07-08T21:16:12+00:00","og_image":[{"width":300,"height":300,"url":"https:\/\/www.ampipointservizimg.it\/wp-content\/uploads\/2022\/02\/Formation-des-travailleurs-a-faible-risque.jpg","type":"image\/jpeg"}],"twitter_card":"summary_large_image","twitter_misc":{"Tempo di lettura stimato":"3 minuti"},"schema":{"@context":"https:\/\/schema.org","@graph":[{"@type":"WebPage","@id":"https:\/\/www.ampipointservizimg.it\/?product=formazione-lavoratori-rischio-basso-corso-francese","url":"https:\/\/www.ampipointservizimg.it\/?product=formazione-lavoratori-rischio-basso-corso-francese","name":"Formazione Lavoratori Rischio Basso - Ampi Point Servizi emmegi","isPartOf":{"@id":"https:\/\/www.ampipointservizimg.it\/#website"},"primaryImageOfPage":{"@id":"https:\/\/www.ampipointservizimg.it\/?product=formazione-lavoratori-rischio-basso-corso-francese#primaryimage"},"image":{"@id":"https:\/\/www.ampipointservizimg.it\/?product=formazione-lavoratori-rischio-basso-corso-francese#primaryimage"},"thumbnailUrl":"https:\/\/www.ampipointservizimg.it\/wp-content\/uploads\/2022\/02\/Formation-des-travailleurs-a-faible-risque.jpg","datePublished":"2022-02-28T14:09:43+00:00","dateModified":"2025-07-08T21:16:12+00:00","breadcrumb":{"@id":"https:\/\/www.ampipointservizimg.it\/?product=formazione-lavoratori-rischio-basso-corso-francese#breadcrumb"},"inLanguage":"it-IT","potentialAction":[{"@type":"ReadAction","target":["https:\/\/www.ampipointservizimg.it\/?product=formazione-lavoratori-rischio-basso-corso-francese"]}]},{"@type":"ImageObject","inLanguage":"it-IT","@id":"https:\/\/www.ampipointservizimg.it\/?product=formazione-lavoratori-rischio-basso-corso-francese#primaryimage","url":"https:\/\/www.ampipointservizimg.it\/wp-content\/uploads\/2022\/02\/Formation-des-travailleurs-a-faible-risque.jpg","contentUrl":"https:\/\/www.ampipointservizimg.it\/wp-content\/uploads\/2022\/02\/Formation-des-travailleurs-a-faible-risque.jpg","width":300,"height":300},{"@type":"BreadcrumbList","@id":"https:\/\/www.ampipointservizimg.it\/?product=formazione-lavoratori-rischio-basso-corso-francese#breadcrumb","itemListElement":[{"@type":"ListItem","position":1,"name":"Home","item":"https:\/\/www.ampipointservizimg.it\/"},{"@type":"ListItem","position":2,"name":"Shop","item":"https:\/\/www.ampipointservizimg.it\/?page_id=91"},{"@type":"ListItem","position":3,"name":"Formazione Lavoratori Rischio Basso"}]},{"@type":"WebSite","@id":"https:\/\/www.ampipointservizimg.it\/#website","url":"https:\/\/www.ampipointservizimg.it\/","name":"Ampi Point Servizi emmegi","description":"","publisher":{"@id":"https:\/\/www.ampipointservizimg.it\/#organization"},"potentialAction":[{"@type":"SearchAction","target":{"@type":"EntryPoint","urlTemplate":"https:\/\/www.ampipointservizimg.it\/?s={search_term_string}"},"query-input":{"@type":"PropertyValueSpecification","valueRequired":true,"valueName":"search_term_string"}}],"inLanguage":"it-IT"},{"@type":"Organization","@id":"https:\/\/www.ampipointservizimg.it\/#organization","name":"Sviluppo Qualit\u00e0","alternateName":"Sviluppo Qualit\u00e0","url":"https:\/\/www.ampipointservizimg.it\/","logo":{"@type":"ImageObject","inLanguage":"it-IT","@id":"https:\/\/www.ampipointservizimg.it\/#\/schema\/logo\/image\/","url":"https:\/\/www.ampipointservizimg.it\/wp-content\/uploads\/2025\/06\/cropped-logo_con_ampi-1.png","contentUrl":"https:\/\/www.ampipointservizimg.it\/wp-content\/uploads\/2025\/06\/cropped-logo_con_ampi-1.png","width":2269,"height":544,"caption":"Sviluppo Qualit\u00e0"},"image":{"@id":"https:\/\/www.ampipointservizimg.it\/#\/schema\/logo\/image\/"}}]}},"_links":{"self":[{"href":"https:\/\/www.ampipointservizimg.it\/index.php?rest_route=\/wp\/v2\/product\/171","targetHints":{"allow":["GET"]}}],"collection":[{"href":"https:\/\/www.ampipointservizimg.it\/index.php?rest_route=\/wp\/v2\/product"}],"about":[{"href":"https:\/\/www.ampipointservizimg.it\/index.php?rest_route=\/wp\/v2\/types\/product"}],"wp:featuredmedia":[{"embeddable":true,"href":"https:\/\/www.ampipointservizimg.it\/index.php?rest_route=\/wp\/v2\/media\/170"}],"wp:attachment":[{"href":"https:\/\/www.ampipointservizimg.it\/index.php?rest_route=%2Fwp%2Fv2%2Fmedia&parent=171"}],"wp:term":[{"taxonomy":"product_brand","embeddable":true,"href":"https:\/\/www.ampipointservizimg.it\/index.php?rest_route=%2Fwp%2Fv2%2Fproduct_brand&post=171"},{"taxonomy":"product_cat","embeddable":true,"href":"https:\/\/www.ampipointservizimg.it\/index.php?rest_route=%2Fwp%2Fv2%2Fproduct_cat&post=171"},{"taxonomy":"product_tag","embeddable":true,"href":"https:\/\/www.ampipointservizimg.it\/index.php?rest_route=%2Fwp%2Fv2%2Fproduct_tag&post=171"}],"curies":[{"name":"wp","href":"https:\/\/api.w.org\/{rel}","templated":true}]}}