{"id":197,"date":"2022-02-28T18:12:25","date_gmt":"2022-02-28T17:12:25","guid":{"rendered":"https:\/\/new.sviluppoqualita.it\/prodotto\/manager-privacy\/"},"modified":"2025-07-08T23:16:12","modified_gmt":"2025-07-08T21:16:12","slug":"manager-privacy","status":"publish","type":"product","link":"https:\/\/www.ampipointservizimg.it\/?product=manager-privacy","title":{"rendered":"Manager Privacy"},"content":{"rendered":"<table>\n<tbody>\n<tr>\n<td><strong>Titolo<\/strong><\/td>\n<td><strong>Manager Privacy<\/strong><\/td>\n<\/tr>\n<tr>\n<td><strong>Destinatari<\/strong><\/td>\n<td>Responsabili, referenti o collaboratori che all\u2019interno delle aziende hanno lo scopo di garantire l\u2019adozione di idonee misure organizzative nel trattamento dei dati personali.<\/td>\n<\/tr>\n<tr>\n<td><strong>Obiettivi e finalit\u00e0 <\/strong><\/td>\n<td>Il Manager Privacy \u00e8 responsabile per le attivit\u00e0 di trattamento di dati personali: coordina trasversalmente i soggetti coinvolti nel trattamento dei dati personali, al fine di garantire il rispetto delle norme di legge applicabili e il raggiungimento nonch\u00e9 il mantenimento del livello di protezione adeguato in base ad uno specifico trattamento di dati personali effettuato, coordinando trasversalmente i soggetti in essi coinvolti. L\u2019obiettivo del corso \u00e8 quello di fornire ai partecipanti le conoscenze riguardo ai principi di protezione dei dati fin dalla progettazione, le responsabilit\u00e0 connesse al trattamento dei dati personali, le norme di legge italiane ed europee in materia di trattamento e di protezione dei dati personali, gli strumenti e metodi di pianificazione, programmazione e controllo aziendale.<\/td>\n<\/tr>\n<tr>\n<td><strong>Normativa di riferimento: <\/strong><\/td>\n<td>Regolamento (UE) 2016\/679 del Parlamento europeo e del Consiglio del 27 aprile 2016 Regolamento Generale sulla Protezione dei Dati. Decreto legislativo 10 agosto 2018, n. 101.<\/td>\n<\/tr>\n<tr>\n<td><strong>Requisiti di ammissione <\/strong><\/td>\n<td>Diploma di scuola media superiore<\/td>\n<\/tr>\n<tr>\n<td><strong>Durata e modalit\u00e0 <\/strong><\/td>\n<td>Il corso ha una durata di 60 ore erogate completamente in modalit\u00e0 elearning con tecnologia L.M.S. (Learning Management System), in grado di monitorare e di certificare lo svolgimento, la tracciabilit\u00e0 e il completamento delle attivit\u00e0 didattiche di ciascun utente. (piattaforma http:\/\/www.privacy.piattaformafad.com)<\/td>\n<\/tr>\n<tr>\n<td><strong>Programma<\/strong><\/td>\n<td>&#8211; Normativa privacy, finalit\u00e0 e cambiamenti; &#8211; Introduzione alla norma; &#8211; Trasferimento dati all\u2019estero; &#8211; I soggetti che eseguono i trattamenti della privacy; &#8211; Politica di gestione; &#8211; Le norme legali applicabili ai contratti; &#8211; Inquadramento dell\u2019organizzazione; &#8211; Le possibili minacce e i rischi critici; &#8211; La valutazione d\u2019impatto sulla protezione dei dati DPIA; &#8211; Privacy by design e by default; &#8211; La propriet\u00e0 intellettuale; &#8211; Le reti di telecomunicazione; &#8211; Gli standard della sicurezza; &#8211; Normativa in materia di protezione e trattamento; &#8211; Data breach; &#8211; Sistemi distribuiti, sistemi di mobilit\u00e0, data sets (big data); &#8211; Attacchi informatici e contromisure per evitarli; &#8211; Analisi criminologica dei sistemi informativi; &#8211; Le metodologie e gli standard per l\u2019analisi dei processi aziendali; &#8211; Gli strumenti per la creazione di presentazioni multimediali; &#8211; I costi, benefici e rischi di un\u2019architettura di sistema; &#8211; I metodi per lo sviluppo del software e la loro logica; &#8211; L\u2019impatto dei cambiamenti del business sugli aspetti legali; &#8211; La strategia dell\u2019informazione e della sicurezza nell\u2019organizzazione; &#8211; Relazione con istituzioni, autorit\u00e0 e forze dell\u2019ordine; &#8211; Le minacce cyber; &#8211; Adesione ai codici di condotta; &#8211; Le best practice; &#8211; Le problematiche relative ai dati non strutturati; &#8211; Le applicazioni esistenti e le relative architetture; &#8211; Le applicazioni ICT utenti rilevanti; &#8211; Le problematiche legate alle dimensioni dei data sets; &#8211; Le strategie digitali, le tecnologie web, cloud e mobile; &#8211; Tecniche di rilevamento sicurezza dati; &#8211; I requisiti dell\u2019architettura dei sistemi; &#8211; Le nuove tecnologie emergenti; &#8211; Il potenziale e le opportunit\u00e0 offerte dagli standard; &#8211; Il ritorno dell\u2019investimento; &#8211; Metodi di sviluppo delle competenze; &#8211; I tipici KPI; &#8211; Metodologie di analisi di competenze e skill;<\/td>\n<\/tr>\n<tr>\n<td><strong>Valutazione <\/strong><\/td>\n<td>Verifica di apprendimento tramite test finale, con domande a risposta multipla, incluso nel corso on line.<\/td>\n<\/tr>\n<tr>\n<td><strong>Attestato formativo rilasciato<\/strong><\/td>\n<td>Verr\u00e0 rilasciato attestato di frequenza in formato pdf<\/td>\n<\/tr>\n<\/tbody>\n<\/table>\n","protected":false},"excerpt":{"rendered":"<p>Titolo Manager Privacy Destinatari Responsabili, referenti o collaboratori che all\u2019interno delle aziende hanno lo scopo di garantire l\u2019adozione di idonee misure organizzative nel trattamento dei dati personali. Obiettivi e finalit\u00e0 Il Manager Privacy \u00e8 responsabile per le attivit\u00e0 di trattamento di dati personali: coordina trasversalmente i soggetti coinvolti nel trattamento dei dati personali, al fine di garantire il rispetto delle [&hellip;]<\/p>\n","protected":false},"featured_media":196,"template":"","meta":[],"product_brand":[],"product_cat":[70,917],"product_tag":[],"class_list":{"0":"post-197","1":"product","2":"type-product","3":"status-publish","4":"has-post-thumbnail","6":"product_cat-privacy","7":"product_cat-corsi-fad","9":"first","10":"instock","11":"taxable","12":"shipping-taxable","13":"purchasable","14":"product-type-simple"},"yoast_head":"<!-- This site is optimized with the Yoast SEO plugin v25.4 - https:\/\/yoast.com\/wordpress\/plugins\/seo\/ -->\n<title>Manager Privacy - Ampi Point Servizi emmegi<\/title>\n<meta name=\"robots\" content=\"index, follow, max-snippet:-1, max-image-preview:large, max-video-preview:-1\" \/>\n<link rel=\"canonical\" href=\"https:\/\/www.ampipointservizimg.it\/?product=manager-privacy\" \/>\n<meta property=\"og:locale\" content=\"it_IT\" \/>\n<meta property=\"og:type\" content=\"article\" \/>\n<meta property=\"og:title\" content=\"Manager Privacy - Ampi Point Servizi emmegi\" \/>\n<meta property=\"og:description\" content=\"Titolo Manager Privacy Destinatari Responsabili, referenti o collaboratori che all\u2019interno delle aziende hanno lo scopo di garantire l\u2019adozione di idonee misure organizzative nel trattamento dei dati personali. Obiettivi e finalit\u00e0 Il Manager Privacy \u00e8 responsabile per le attivit\u00e0 di trattamento di dati personali: coordina trasversalmente i soggetti coinvolti nel trattamento dei dati personali, al fine di garantire il rispetto delle [&hellip;]\" \/>\n<meta property=\"og:url\" content=\"https:\/\/www.ampipointservizimg.it\/?product=manager-privacy\" \/>\n<meta property=\"og:site_name\" content=\"Ampi Point Servizi emmegi\" \/>\n<meta property=\"article:modified_time\" content=\"2025-07-08T21:16:12+00:00\" \/>\n<meta property=\"og:image\" content=\"https:\/\/www.ampipointservizimg.it\/wp-content\/uploads\/2022\/02\/manager-privacy.jpg\" \/>\n\t<meta property=\"og:image:width\" content=\"300\" \/>\n\t<meta property=\"og:image:height\" content=\"300\" \/>\n\t<meta property=\"og:image:type\" content=\"image\/jpeg\" \/>\n<meta name=\"twitter:card\" content=\"summary_large_image\" \/>\n<meta name=\"twitter:label1\" content=\"Tempo di lettura stimato\" \/>\n\t<meta name=\"twitter:data1\" content=\"3 minuti\" \/>\n<script type=\"application\/ld+json\" class=\"yoast-schema-graph\">{\"@context\":\"https:\/\/schema.org\",\"@graph\":[{\"@type\":\"WebPage\",\"@id\":\"https:\/\/www.ampipointservizimg.it\/?product=manager-privacy\",\"url\":\"https:\/\/www.ampipointservizimg.it\/?product=manager-privacy\",\"name\":\"Manager Privacy - Ampi Point Servizi emmegi\",\"isPartOf\":{\"@id\":\"https:\/\/www.ampipointservizimg.it\/#website\"},\"primaryImageOfPage\":{\"@id\":\"https:\/\/www.ampipointservizimg.it\/?product=manager-privacy#primaryimage\"},\"image\":{\"@id\":\"https:\/\/www.ampipointservizimg.it\/?product=manager-privacy#primaryimage\"},\"thumbnailUrl\":\"https:\/\/www.ampipointservizimg.it\/wp-content\/uploads\/2022\/02\/manager-privacy.jpg\",\"datePublished\":\"2022-02-28T17:12:25+00:00\",\"dateModified\":\"2025-07-08T21:16:12+00:00\",\"breadcrumb\":{\"@id\":\"https:\/\/www.ampipointservizimg.it\/?product=manager-privacy#breadcrumb\"},\"inLanguage\":\"it-IT\",\"potentialAction\":[{\"@type\":\"ReadAction\",\"target\":[\"https:\/\/www.ampipointservizimg.it\/?product=manager-privacy\"]}]},{\"@type\":\"ImageObject\",\"inLanguage\":\"it-IT\",\"@id\":\"https:\/\/www.ampipointservizimg.it\/?product=manager-privacy#primaryimage\",\"url\":\"https:\/\/www.ampipointservizimg.it\/wp-content\/uploads\/2022\/02\/manager-privacy.jpg\",\"contentUrl\":\"https:\/\/www.ampipointservizimg.it\/wp-content\/uploads\/2022\/02\/manager-privacy.jpg\",\"width\":300,\"height\":300},{\"@type\":\"BreadcrumbList\",\"@id\":\"https:\/\/www.ampipointservizimg.it\/?product=manager-privacy#breadcrumb\",\"itemListElement\":[{\"@type\":\"ListItem\",\"position\":1,\"name\":\"Home\",\"item\":\"https:\/\/www.ampipointservizimg.it\/\"},{\"@type\":\"ListItem\",\"position\":2,\"name\":\"Shop\",\"item\":\"https:\/\/www.ampipointservizimg.it\/?page_id=91\"},{\"@type\":\"ListItem\",\"position\":3,\"name\":\"Manager Privacy\"}]},{\"@type\":\"WebSite\",\"@id\":\"https:\/\/www.ampipointservizimg.it\/#website\",\"url\":\"https:\/\/www.ampipointservizimg.it\/\",\"name\":\"Ampi Point Servizi emmegi\",\"description\":\"\",\"publisher\":{\"@id\":\"https:\/\/www.ampipointservizimg.it\/#organization\"},\"potentialAction\":[{\"@type\":\"SearchAction\",\"target\":{\"@type\":\"EntryPoint\",\"urlTemplate\":\"https:\/\/www.ampipointservizimg.it\/?s={search_term_string}\"},\"query-input\":{\"@type\":\"PropertyValueSpecification\",\"valueRequired\":true,\"valueName\":\"search_term_string\"}}],\"inLanguage\":\"it-IT\"},{\"@type\":\"Organization\",\"@id\":\"https:\/\/www.ampipointservizimg.it\/#organization\",\"name\":\"Sviluppo Qualit\u00e0\",\"alternateName\":\"Sviluppo Qualit\u00e0\",\"url\":\"https:\/\/www.ampipointservizimg.it\/\",\"logo\":{\"@type\":\"ImageObject\",\"inLanguage\":\"it-IT\",\"@id\":\"https:\/\/www.ampipointservizimg.it\/#\/schema\/logo\/image\/\",\"url\":\"https:\/\/www.ampipointservizimg.it\/wp-content\/uploads\/2025\/06\/cropped-logo_con_ampi-1.png\",\"contentUrl\":\"https:\/\/www.ampipointservizimg.it\/wp-content\/uploads\/2025\/06\/cropped-logo_con_ampi-1.png\",\"width\":2269,\"height\":544,\"caption\":\"Sviluppo Qualit\u00e0\"},\"image\":{\"@id\":\"https:\/\/www.ampipointservizimg.it\/#\/schema\/logo\/image\/\"}}]}<\/script>\n<!-- \/ Yoast SEO plugin. -->","yoast_head_json":{"title":"Manager Privacy - Ampi Point Servizi emmegi","robots":{"index":"index","follow":"follow","max-snippet":"max-snippet:-1","max-image-preview":"max-image-preview:large","max-video-preview":"max-video-preview:-1"},"canonical":"https:\/\/www.ampipointservizimg.it\/?product=manager-privacy","og_locale":"it_IT","og_type":"article","og_title":"Manager Privacy - Ampi Point Servizi emmegi","og_description":"Titolo Manager Privacy Destinatari Responsabili, referenti o collaboratori che all\u2019interno delle aziende hanno lo scopo di garantire l\u2019adozione di idonee misure organizzative nel trattamento dei dati personali. Obiettivi e finalit\u00e0 Il Manager Privacy \u00e8 responsabile per le attivit\u00e0 di trattamento di dati personali: coordina trasversalmente i soggetti coinvolti nel trattamento dei dati personali, al fine di garantire il rispetto delle [&hellip;]","og_url":"https:\/\/www.ampipointservizimg.it\/?product=manager-privacy","og_site_name":"Ampi Point Servizi emmegi","article_modified_time":"2025-07-08T21:16:12+00:00","og_image":[{"width":300,"height":300,"url":"https:\/\/www.ampipointservizimg.it\/wp-content\/uploads\/2022\/02\/manager-privacy.jpg","type":"image\/jpeg"}],"twitter_card":"summary_large_image","twitter_misc":{"Tempo di lettura stimato":"3 minuti"},"schema":{"@context":"https:\/\/schema.org","@graph":[{"@type":"WebPage","@id":"https:\/\/www.ampipointservizimg.it\/?product=manager-privacy","url":"https:\/\/www.ampipointservizimg.it\/?product=manager-privacy","name":"Manager Privacy - Ampi Point Servizi emmegi","isPartOf":{"@id":"https:\/\/www.ampipointservizimg.it\/#website"},"primaryImageOfPage":{"@id":"https:\/\/www.ampipointservizimg.it\/?product=manager-privacy#primaryimage"},"image":{"@id":"https:\/\/www.ampipointservizimg.it\/?product=manager-privacy#primaryimage"},"thumbnailUrl":"https:\/\/www.ampipointservizimg.it\/wp-content\/uploads\/2022\/02\/manager-privacy.jpg","datePublished":"2022-02-28T17:12:25+00:00","dateModified":"2025-07-08T21:16:12+00:00","breadcrumb":{"@id":"https:\/\/www.ampipointservizimg.it\/?product=manager-privacy#breadcrumb"},"inLanguage":"it-IT","potentialAction":[{"@type":"ReadAction","target":["https:\/\/www.ampipointservizimg.it\/?product=manager-privacy"]}]},{"@type":"ImageObject","inLanguage":"it-IT","@id":"https:\/\/www.ampipointservizimg.it\/?product=manager-privacy#primaryimage","url":"https:\/\/www.ampipointservizimg.it\/wp-content\/uploads\/2022\/02\/manager-privacy.jpg","contentUrl":"https:\/\/www.ampipointservizimg.it\/wp-content\/uploads\/2022\/02\/manager-privacy.jpg","width":300,"height":300},{"@type":"BreadcrumbList","@id":"https:\/\/www.ampipointservizimg.it\/?product=manager-privacy#breadcrumb","itemListElement":[{"@type":"ListItem","position":1,"name":"Home","item":"https:\/\/www.ampipointservizimg.it\/"},{"@type":"ListItem","position":2,"name":"Shop","item":"https:\/\/www.ampipointservizimg.it\/?page_id=91"},{"@type":"ListItem","position":3,"name":"Manager Privacy"}]},{"@type":"WebSite","@id":"https:\/\/www.ampipointservizimg.it\/#website","url":"https:\/\/www.ampipointservizimg.it\/","name":"Ampi Point Servizi emmegi","description":"","publisher":{"@id":"https:\/\/www.ampipointservizimg.it\/#organization"},"potentialAction":[{"@type":"SearchAction","target":{"@type":"EntryPoint","urlTemplate":"https:\/\/www.ampipointservizimg.it\/?s={search_term_string}"},"query-input":{"@type":"PropertyValueSpecification","valueRequired":true,"valueName":"search_term_string"}}],"inLanguage":"it-IT"},{"@type":"Organization","@id":"https:\/\/www.ampipointservizimg.it\/#organization","name":"Sviluppo Qualit\u00e0","alternateName":"Sviluppo Qualit\u00e0","url":"https:\/\/www.ampipointservizimg.it\/","logo":{"@type":"ImageObject","inLanguage":"it-IT","@id":"https:\/\/www.ampipointservizimg.it\/#\/schema\/logo\/image\/","url":"https:\/\/www.ampipointservizimg.it\/wp-content\/uploads\/2025\/06\/cropped-logo_con_ampi-1.png","contentUrl":"https:\/\/www.ampipointservizimg.it\/wp-content\/uploads\/2025\/06\/cropped-logo_con_ampi-1.png","width":2269,"height":544,"caption":"Sviluppo Qualit\u00e0"},"image":{"@id":"https:\/\/www.ampipointservizimg.it\/#\/schema\/logo\/image\/"}}]}},"_links":{"self":[{"href":"https:\/\/www.ampipointservizimg.it\/index.php?rest_route=\/wp\/v2\/product\/197","targetHints":{"allow":["GET"]}}],"collection":[{"href":"https:\/\/www.ampipointservizimg.it\/index.php?rest_route=\/wp\/v2\/product"}],"about":[{"href":"https:\/\/www.ampipointservizimg.it\/index.php?rest_route=\/wp\/v2\/types\/product"}],"wp:featuredmedia":[{"embeddable":true,"href":"https:\/\/www.ampipointservizimg.it\/index.php?rest_route=\/wp\/v2\/media\/196"}],"wp:attachment":[{"href":"https:\/\/www.ampipointservizimg.it\/index.php?rest_route=%2Fwp%2Fv2%2Fmedia&parent=197"}],"wp:term":[{"taxonomy":"product_brand","embeddable":true,"href":"https:\/\/www.ampipointservizimg.it\/index.php?rest_route=%2Fwp%2Fv2%2Fproduct_brand&post=197"},{"taxonomy":"product_cat","embeddable":true,"href":"https:\/\/www.ampipointservizimg.it\/index.php?rest_route=%2Fwp%2Fv2%2Fproduct_cat&post=197"},{"taxonomy":"product_tag","embeddable":true,"href":"https:\/\/www.ampipointservizimg.it\/index.php?rest_route=%2Fwp%2Fv2%2Fproduct_tag&post=197"}],"curies":[{"name":"wp","href":"https:\/\/api.w.org\/{rel}","templated":true}]}}