{"id":219,"date":"2022-02-28T18:17:00","date_gmt":"2022-02-28T17:17:00","guid":{"rendered":"https:\/\/new.sviluppoqualita.it\/prodotto\/corso-manager\/"},"modified":"2025-07-08T23:16:11","modified_gmt":"2025-07-08T21:16:11","slug":"corso-manager","status":"publish","type":"product","link":"https:\/\/www.ampipointservizimg.it\/?product=corso-manager","title":{"rendered":"Corso Manager"},"content":{"rendered":"<div id=\"div-scarica-scheda-tecnica\" style=\"text-align: center;padding: 7px;color: white;padding-top: 10px\"><!-- blu 094775 rosso d1222b --> <a href=\"https:\/\/www.networkgtc.it\/schede\/Manager_Privacy.pdf\" style=\"padding: 10px;border: 1px solid #dddddd;background-color: #d1222b;color: white\" target=\"_blank\" rel=\"noopener noreferrer\"> <i class=\"fa fa-file-pdf-o\" style=\"padding-left: 5px;;color: white\" aria-hidden=\"true\"><\/i> <span style=\"border-left: 1px solid white\"> Visualizza Scheda Tecnica in PDF<\/span><\/a><\/div>\n<p>&nbsp;<\/p>\n<table class=\"tabella-scheda-tecnica-networkgtc\" style=\"width: 100%;height: 225px\">\n<tbody>\n<tr style=\"height: 54px\">\n<td style=\"width: 15.9124%;border-width: 1pt;border-style: solid;height: 54px\">\n<p class=\"s1\" style=\"padding-left: 7pt;padding-right: 9pt;text-indent: 0pt;text-align: center\"><span style=\"font-size: 12pt;font-family: georgia, palatino, serif;color: #000000\"><strong>Titolo<\/strong><\/span><\/p>\n<\/td>\n<td style=\"width: 113.258%;border-width: 1pt;border-style: solid;height: 54px\">\n<p class=\"s2\" style=\"padding-left: 5pt;text-indent: 0pt;text-align: left\"><span style=\"font-size: 12pt;font-family: georgia, palatino, serif;color: #000000\"><strong>Manager Privacy<\/strong><\/span><\/p>\n<\/td>\n<\/tr>\n<tr style=\"height: 161px\">\n<td style=\"width: 15.9124%;border-width: 1pt;border-style: solid;height: 161px\">\n<p class=\"s1\" style=\"padding-left: 14pt;padding-right: 16pt;text-indent: 0pt;text-align: center\"><span style=\"font-size: 12pt;font-family: georgia, palatino, serif;color: #000000\"><strong>Destinatari<\/strong><\/span><\/p>\n<\/td>\n<td style=\"width: 113.258%;border-width: 1pt;border-style: solid;height: 161px\">Responsabili, referenti o collaboratori che all\u2019interno delle aziende hanno lo scopo di garantire l\u2019adozione di idonee misure organizzative nel trattamento dei dati personali.<\/td>\n<\/tr>\n<tr style=\"height: 67px\">\n<td style=\"width: 15.9124%;border-width: 1pt;border-style: solid;text-align: center;height: 10px\"><span style=\"font-size: 12pt;font-family: georgia, palatino, serif;color: #000000\"><strong>Obiettivi e finalit\u00e0<br \/>\n<\/strong><\/span><\/td>\n<td style=\"width: 113.258%;border-width: 1pt;border-style: solid;height: 10px\">Il <a href=\"https:\/\/shop.networkgtc.it\/product-category\/certificazioni\/certificazione-delle-competenze-iso-170242012\/\">Manager Privacy<\/a> \u00e8 responsabile per le attivit\u00e0 di trattamento di dati<\/p>\n<p>personali: coordina trasversalmente i soggetti coinvolti nel trattamento dei dati personali, al fine di garantire il rispetto delle norme di legge applicabili e il raggiungimento nonch\u00e9 il mantenimento del livello d protezione adeguato in base ad uno specifico trattamento di dati personali effettuato, coordinando trasversalmente i soggetti in essi coinvolti.<\/p>\n<p>L\u2019obiettivo del corso \u00e8 quello di fornire ai partecipanti le conoscenze riguardo ai principi di protezione dei dati fin dalla progettazione, le responsabilit\u00e0 connesse al trattamento dei dati personali, le norme di legge italiane ed europee in materia di trattamento e di protezione dei dati personali, gli strumenti e metodi di pianificazione, programmazione e controllo aziendale.<\/td>\n<\/tr>\n<tr>\n<td style=\"text-align: center\"><span><strong>Normativa di riferimento:<br \/>\n<\/strong><\/span><\/td>\n<td>Regolamento (UE) 2016\/679 del Parlamento europeo e del Consiglio del<\/p>\n<p>27 aprile 2016 &#8211; Regolamento Generale sulla Protezione dei Dati. Decreto legislativo 10 agosto 2018, n. 101.<\/td>\n<\/tr>\n<tr>\n<td style=\"text-align: center\"><span><strong>Requisiti di ammissione<br \/>\n<\/strong><\/span><\/td>\n<td>Diploma di scuola media superiore<\/td>\n<\/tr>\n<tr>\n<td style=\"text-align: center\"><span><strong>Durata e modalit\u00e0<br \/>\n<\/strong><\/span><\/td>\n<td>Il corso ha una durata di 60 ore erogate completamente in modalit\u00e0 e- learning con tecnologia L.M.S. (Learning Management System), in grado di monitorare e di certificare lo svolgimento, la tracciabilit\u00e0 e il completamento delle attivit\u00e0 didattiche di ciascun utente.<\/p>\n<p>(piattaforma <a href=\"http:\/\/www.privacy.piattaformafad.com\">http:\/\/www.privacy.piattaformafad.co<\/a>m)<\/td>\n<\/tr>\n<tr>\n<td style=\"text-align: center\"><span><strong>Programma<\/strong><\/span><\/td>\n<td>Normativa privacy, finalit\u00e0 e cambiamenti;<br \/>\nIntroduzione alla norma;<br \/>\nTrasferimento dati all\u2019estero;<br \/>\nI soggetti che eseguono i trattamenti della privacy; Politica di gestione;<br \/>\nLe norme legali applicabili ai contratti;<br \/>\nInquadramento dell\u2019organizzazione;<br \/>\nLe possibili minacce e i rischi critici;<br \/>\nLa valutazione d\u2019impatto sulla protezione dei dati DPIA;<br \/>\nPrivacy by design e by default; La propriet\u00e0 intellettuale;<br \/>\nLe reti di telecomunicazione; Gli standard della sicurezza;<br \/>\nNormativa in materia di protezione e trattamento; Data breach;<br \/>\nSistemi distribuiti, sistemi di mobilit\u00e0, data sets (big data); Attacchi informatici e contromisure per evitarli;<br \/>\nAnalisi criminologica dei sistemi informativi;<br \/>\nLe metodologie e gli standard per l\u2019analisi dei processi aziendali;<br \/>\nGli strumenti per la creazione di presentazioni multimediali;<br \/>\nI costi, benefici e rischi di un\u2019architettura di sistema;<br \/>\nI metodi per lo sviluppo del software e la loro logica;<br \/>\nL\u2019impatto dei cambiamenti del business sugli aspetti legali;<br \/>\nLa strategia dell\u2019informazione e della sicurezza nell\u2019organizzazione; Relazione con istituzioni, autorit\u00e0 e forze dell\u2019ordine;<br \/>\nLe minacce cyber;<br \/>\nAdesione ai codici di condotta; Le best practice;<br \/>\nLe problematiche relative ai dati non strutturati; Le applicazioni esistenti e le relative architetture; Le applicazioni ICT utenti rilevanti;<br \/>\nLe problematiche legate alle dimensioni dei data sets; Le strategie digitali, le tecnologie web, cloud e mobile; Tecniche di rilevamento sicurezza dati;<br \/>\nI requisiti dell\u2019architettura dei sistemi;<br \/>\nLe nuove tecnologie emergenti;<br \/>\nIl potenziale e le opportunit\u00e0 offerte dagli standard;<br \/>\nIl ritorno dell\u2019investimento;<br \/>\nMetodi di sviluppo delle competenze; I tipici KPI;<br \/>\nMetodologie di analisi di competenze e skill;<\/td>\n<\/tr>\n<tr>\n<td style=\"text-align: center\"><span><strong>Valutazione<br \/>\n<\/strong><\/span><\/td>\n<td>Verifica di apprendimento tramite test finale, con domande a risposta multipla, incluso nel corso on line.<\/td>\n<\/tr>\n<tr>\n<td style=\"text-align: center\"><strong>Attestato formativo rilasciato<\/strong><\/td>\n<td>Verr\u00e0 rilasciato attestato di frequenza in formato pdf<\/td>\n<\/tr>\n<\/tbody>\n<\/table>\n","protected":false},"excerpt":{"rendered":"<p>Visualizza Scheda Tecnica in PDF &nbsp; Titolo Manager Privacy Destinatari Responsabili, referenti o collaboratori che all\u2019interno delle aziende hanno lo scopo di garantire l\u2019adozione di idonee misure organizzative nel trattamento dei dati personali. Obiettivi e finalit\u00e0 Il Manager Privacy \u00e8 responsabile per le attivit\u00e0 di trattamento di dati personali: coordina trasversalmente i soggetti coinvolti nel trattamento dei dati personali, al [&hellip;]<\/p>\n","protected":false},"featured_media":216,"template":"","meta":[],"product_brand":[],"product_cat":[83],"product_tag":[84,95],"class_list":{"0":"post-219","1":"product","2":"type-product","3":"status-publish","4":"has-post-thumbnail","6":"product_cat-certificazione-delle-competenze-iso-170242012","7":"product_tag-certificazioni-delle-competenze-iso-170242012","8":"product_tag-corso-60-ore","10":"first","11":"instock","12":"virtual","13":"taxable","14":"purchasable","15":"product-type-simple"},"yoast_head":"<!-- This site is optimized with the Yoast SEO plugin v25.4 - https:\/\/yoast.com\/wordpress\/plugins\/seo\/ -->\n<title>Corso Manager - Ampi Point Servizi emmegi<\/title>\n<meta name=\"robots\" content=\"index, follow, max-snippet:-1, max-image-preview:large, max-video-preview:-1\" \/>\n<link rel=\"canonical\" href=\"https:\/\/www.ampipointservizimg.it\/?product=corso-manager\" \/>\n<meta property=\"og:locale\" content=\"it_IT\" \/>\n<meta property=\"og:type\" content=\"article\" \/>\n<meta property=\"og:title\" content=\"Corso Manager - Ampi Point Servizi emmegi\" \/>\n<meta property=\"og:description\" content=\"Visualizza Scheda Tecnica in PDF &nbsp; Titolo Manager Privacy Destinatari Responsabili, referenti o collaboratori che all\u2019interno delle aziende hanno lo scopo di garantire l\u2019adozione di idonee misure organizzative nel trattamento dei dati personali. Obiettivi e finalit\u00e0 Il Manager Privacy \u00e8 responsabile per le attivit\u00e0 di trattamento di dati personali: coordina trasversalmente i soggetti coinvolti nel trattamento dei dati personali, al [&hellip;]\" \/>\n<meta property=\"og:url\" content=\"https:\/\/www.ampipointservizimg.it\/?product=corso-manager\" \/>\n<meta property=\"og:site_name\" content=\"Ampi Point Servizi emmegi\" \/>\n<meta property=\"article:modified_time\" content=\"2025-07-08T21:16:11+00:00\" \/>\n<meta property=\"og:image\" content=\"https:\/\/www.ampipointservizimg.it\/wp-content\/uploads\/2022\/02\/manager.jpg\" \/>\n\t<meta property=\"og:image:width\" content=\"300\" \/>\n\t<meta property=\"og:image:height\" content=\"300\" \/>\n\t<meta property=\"og:image:type\" content=\"image\/jpeg\" \/>\n<meta name=\"twitter:card\" content=\"summary_large_image\" \/>\n<meta name=\"twitter:label1\" content=\"Tempo di lettura stimato\" \/>\n\t<meta name=\"twitter:data1\" content=\"3 minuti\" \/>\n<script type=\"application\/ld+json\" class=\"yoast-schema-graph\">{\"@context\":\"https:\/\/schema.org\",\"@graph\":[{\"@type\":\"WebPage\",\"@id\":\"https:\/\/www.ampipointservizimg.it\/?product=corso-manager\",\"url\":\"https:\/\/www.ampipointservizimg.it\/?product=corso-manager\",\"name\":\"Corso Manager - Ampi Point Servizi emmegi\",\"isPartOf\":{\"@id\":\"https:\/\/www.ampipointservizimg.it\/#website\"},\"primaryImageOfPage\":{\"@id\":\"https:\/\/www.ampipointservizimg.it\/?product=corso-manager#primaryimage\"},\"image\":{\"@id\":\"https:\/\/www.ampipointservizimg.it\/?product=corso-manager#primaryimage\"},\"thumbnailUrl\":\"https:\/\/www.ampipointservizimg.it\/wp-content\/uploads\/2022\/02\/manager.jpg\",\"datePublished\":\"2022-02-28T17:17:00+00:00\",\"dateModified\":\"2025-07-08T21:16:11+00:00\",\"breadcrumb\":{\"@id\":\"https:\/\/www.ampipointservizimg.it\/?product=corso-manager#breadcrumb\"},\"inLanguage\":\"it-IT\",\"potentialAction\":[{\"@type\":\"ReadAction\",\"target\":[\"https:\/\/www.ampipointservizimg.it\/?product=corso-manager\"]}]},{\"@type\":\"ImageObject\",\"inLanguage\":\"it-IT\",\"@id\":\"https:\/\/www.ampipointservizimg.it\/?product=corso-manager#primaryimage\",\"url\":\"https:\/\/www.ampipointservizimg.it\/wp-content\/uploads\/2022\/02\/manager.jpg\",\"contentUrl\":\"https:\/\/www.ampipointservizimg.it\/wp-content\/uploads\/2022\/02\/manager.jpg\",\"width\":300,\"height\":300},{\"@type\":\"BreadcrumbList\",\"@id\":\"https:\/\/www.ampipointservizimg.it\/?product=corso-manager#breadcrumb\",\"itemListElement\":[{\"@type\":\"ListItem\",\"position\":1,\"name\":\"Home\",\"item\":\"https:\/\/www.ampipointservizimg.it\/\"},{\"@type\":\"ListItem\",\"position\":2,\"name\":\"Shop\",\"item\":\"https:\/\/www.ampipointservizimg.it\/?page_id=91\"},{\"@type\":\"ListItem\",\"position\":3,\"name\":\"Corso Manager\"}]},{\"@type\":\"WebSite\",\"@id\":\"https:\/\/www.ampipointservizimg.it\/#website\",\"url\":\"https:\/\/www.ampipointservizimg.it\/\",\"name\":\"Ampi Point Servizi emmegi\",\"description\":\"\",\"publisher\":{\"@id\":\"https:\/\/www.ampipointservizimg.it\/#organization\"},\"potentialAction\":[{\"@type\":\"SearchAction\",\"target\":{\"@type\":\"EntryPoint\",\"urlTemplate\":\"https:\/\/www.ampipointservizimg.it\/?s={search_term_string}\"},\"query-input\":{\"@type\":\"PropertyValueSpecification\",\"valueRequired\":true,\"valueName\":\"search_term_string\"}}],\"inLanguage\":\"it-IT\"},{\"@type\":\"Organization\",\"@id\":\"https:\/\/www.ampipointservizimg.it\/#organization\",\"name\":\"Sviluppo Qualit\u00e0\",\"alternateName\":\"Sviluppo Qualit\u00e0\",\"url\":\"https:\/\/www.ampipointservizimg.it\/\",\"logo\":{\"@type\":\"ImageObject\",\"inLanguage\":\"it-IT\",\"@id\":\"https:\/\/www.ampipointservizimg.it\/#\/schema\/logo\/image\/\",\"url\":\"https:\/\/www.ampipointservizimg.it\/wp-content\/uploads\/2025\/06\/cropped-logo_con_ampi-1.png\",\"contentUrl\":\"https:\/\/www.ampipointservizimg.it\/wp-content\/uploads\/2025\/06\/cropped-logo_con_ampi-1.png\",\"width\":2269,\"height\":544,\"caption\":\"Sviluppo Qualit\u00e0\"},\"image\":{\"@id\":\"https:\/\/www.ampipointservizimg.it\/#\/schema\/logo\/image\/\"}}]}<\/script>\n<!-- \/ Yoast SEO plugin. -->","yoast_head_json":{"title":"Corso Manager - Ampi Point Servizi emmegi","robots":{"index":"index","follow":"follow","max-snippet":"max-snippet:-1","max-image-preview":"max-image-preview:large","max-video-preview":"max-video-preview:-1"},"canonical":"https:\/\/www.ampipointservizimg.it\/?product=corso-manager","og_locale":"it_IT","og_type":"article","og_title":"Corso Manager - Ampi Point Servizi emmegi","og_description":"Visualizza Scheda Tecnica in PDF &nbsp; Titolo Manager Privacy Destinatari Responsabili, referenti o collaboratori che all\u2019interno delle aziende hanno lo scopo di garantire l\u2019adozione di idonee misure organizzative nel trattamento dei dati personali. Obiettivi e finalit\u00e0 Il Manager Privacy \u00e8 responsabile per le attivit\u00e0 di trattamento di dati personali: coordina trasversalmente i soggetti coinvolti nel trattamento dei dati personali, al [&hellip;]","og_url":"https:\/\/www.ampipointservizimg.it\/?product=corso-manager","og_site_name":"Ampi Point Servizi emmegi","article_modified_time":"2025-07-08T21:16:11+00:00","og_image":[{"width":300,"height":300,"url":"https:\/\/www.ampipointservizimg.it\/wp-content\/uploads\/2022\/02\/manager.jpg","type":"image\/jpeg"}],"twitter_card":"summary_large_image","twitter_misc":{"Tempo di lettura stimato":"3 minuti"},"schema":{"@context":"https:\/\/schema.org","@graph":[{"@type":"WebPage","@id":"https:\/\/www.ampipointservizimg.it\/?product=corso-manager","url":"https:\/\/www.ampipointservizimg.it\/?product=corso-manager","name":"Corso Manager - Ampi Point Servizi emmegi","isPartOf":{"@id":"https:\/\/www.ampipointservizimg.it\/#website"},"primaryImageOfPage":{"@id":"https:\/\/www.ampipointservizimg.it\/?product=corso-manager#primaryimage"},"image":{"@id":"https:\/\/www.ampipointservizimg.it\/?product=corso-manager#primaryimage"},"thumbnailUrl":"https:\/\/www.ampipointservizimg.it\/wp-content\/uploads\/2022\/02\/manager.jpg","datePublished":"2022-02-28T17:17:00+00:00","dateModified":"2025-07-08T21:16:11+00:00","breadcrumb":{"@id":"https:\/\/www.ampipointservizimg.it\/?product=corso-manager#breadcrumb"},"inLanguage":"it-IT","potentialAction":[{"@type":"ReadAction","target":["https:\/\/www.ampipointservizimg.it\/?product=corso-manager"]}]},{"@type":"ImageObject","inLanguage":"it-IT","@id":"https:\/\/www.ampipointservizimg.it\/?product=corso-manager#primaryimage","url":"https:\/\/www.ampipointservizimg.it\/wp-content\/uploads\/2022\/02\/manager.jpg","contentUrl":"https:\/\/www.ampipointservizimg.it\/wp-content\/uploads\/2022\/02\/manager.jpg","width":300,"height":300},{"@type":"BreadcrumbList","@id":"https:\/\/www.ampipointservizimg.it\/?product=corso-manager#breadcrumb","itemListElement":[{"@type":"ListItem","position":1,"name":"Home","item":"https:\/\/www.ampipointservizimg.it\/"},{"@type":"ListItem","position":2,"name":"Shop","item":"https:\/\/www.ampipointservizimg.it\/?page_id=91"},{"@type":"ListItem","position":3,"name":"Corso Manager"}]},{"@type":"WebSite","@id":"https:\/\/www.ampipointservizimg.it\/#website","url":"https:\/\/www.ampipointservizimg.it\/","name":"Ampi Point Servizi emmegi","description":"","publisher":{"@id":"https:\/\/www.ampipointservizimg.it\/#organization"},"potentialAction":[{"@type":"SearchAction","target":{"@type":"EntryPoint","urlTemplate":"https:\/\/www.ampipointservizimg.it\/?s={search_term_string}"},"query-input":{"@type":"PropertyValueSpecification","valueRequired":true,"valueName":"search_term_string"}}],"inLanguage":"it-IT"},{"@type":"Organization","@id":"https:\/\/www.ampipointservizimg.it\/#organization","name":"Sviluppo Qualit\u00e0","alternateName":"Sviluppo Qualit\u00e0","url":"https:\/\/www.ampipointservizimg.it\/","logo":{"@type":"ImageObject","inLanguage":"it-IT","@id":"https:\/\/www.ampipointservizimg.it\/#\/schema\/logo\/image\/","url":"https:\/\/www.ampipointservizimg.it\/wp-content\/uploads\/2025\/06\/cropped-logo_con_ampi-1.png","contentUrl":"https:\/\/www.ampipointservizimg.it\/wp-content\/uploads\/2025\/06\/cropped-logo_con_ampi-1.png","width":2269,"height":544,"caption":"Sviluppo Qualit\u00e0"},"image":{"@id":"https:\/\/www.ampipointservizimg.it\/#\/schema\/logo\/image\/"}}]}},"_links":{"self":[{"href":"https:\/\/www.ampipointservizimg.it\/index.php?rest_route=\/wp\/v2\/product\/219","targetHints":{"allow":["GET"]}}],"collection":[{"href":"https:\/\/www.ampipointservizimg.it\/index.php?rest_route=\/wp\/v2\/product"}],"about":[{"href":"https:\/\/www.ampipointservizimg.it\/index.php?rest_route=\/wp\/v2\/types\/product"}],"wp:featuredmedia":[{"embeddable":true,"href":"https:\/\/www.ampipointservizimg.it\/index.php?rest_route=\/wp\/v2\/media\/216"}],"wp:attachment":[{"href":"https:\/\/www.ampipointservizimg.it\/index.php?rest_route=%2Fwp%2Fv2%2Fmedia&parent=219"}],"wp:term":[{"taxonomy":"product_brand","embeddable":true,"href":"https:\/\/www.ampipointservizimg.it\/index.php?rest_route=%2Fwp%2Fv2%2Fproduct_brand&post=219"},{"taxonomy":"product_cat","embeddable":true,"href":"https:\/\/www.ampipointservizimg.it\/index.php?rest_route=%2Fwp%2Fv2%2Fproduct_cat&post=219"},{"taxonomy":"product_tag","embeddable":true,"href":"https:\/\/www.ampipointservizimg.it\/index.php?rest_route=%2Fwp%2Fv2%2Fproduct_tag&post=219"}],"curies":[{"name":"wp","href":"https:\/\/api.w.org\/{rel}","templated":true}]}}