{"id":229,"date":"2022-02-28T18:18:51","date_gmt":"2022-02-28T17:18:51","guid":{"rendered":"https:\/\/new.sviluppoqualita.it\/prodotto\/certificazione-informatica-full\/"},"modified":"2025-07-08T23:16:11","modified_gmt":"2025-07-08T21:16:11","slug":"certificazione-informatica-full","status":"publish","type":"product","link":"https:\/\/www.ampipointservizimg.it\/?product=certificazione-informatica-full","title":{"rendered":"Certificazione Informatica Full"},"content":{"rendered":"<table class=\"tabella-scheda-tecnica-networkgtc\" style=\"width: 100%; height: 1466.57px;\">\n<tbody>\n<tr style=\"height: 54px;\">\n<td style=\"width: 15.9124%; border-width: 1pt; border-style: solid; height: 54px;\">\n<p class=\"s1\" style=\"padding-left: 7pt; padding-right: 9pt; text-indent: 0pt; text-align: center;\"><span style=\"font-size: 12pt; font-family: georgia, palatino, serif; color: #000000;\"><strong>Titolo<\/strong><\/span><\/p>\n<\/td>\n<td style=\"width: 113.258%; border-width: 1pt; border-style: solid; height: 54px;\">\n<p class=\"s2\" style=\"padding-left: 5pt; text-indent: 0pt; text-align: left;\"><span style=\"font-size: 12pt; font-family: georgia, palatino, serif; color: #000000;\">Passaporto informatico: Certificazione Informatica Full<\/span><\/p>\n<\/td>\n<\/tr>\n<tr style=\"height: 161px;\">\n<td style=\"width: 15.9124%; border-width: 1pt; border-style: solid; height: 161px;\">\n<p class=\"s1\" style=\"padding-left: 14pt; padding-right: 16pt; text-indent: 0pt; text-align: center;\"><span style=\"font-size: 12pt; font-family: georgia, palatino, serif; color: #000000;\"><strong>Obiettivi e Finalit\u00e0<\/strong><\/span><\/p>\n<\/td>\n<td style=\"width: 113.258%; border-width: 1pt; border-style: solid; height: 161px;\"><span style=\"font-size: 12pt; font-family: georgia, palatino, serif; color: #000000;\"> Certificazione Informatica FULL certifica competenze informatiche per una gestione avanzata dei processi di informazione e comunicazione in ambito privato, sociale e professionale, che richiedono un corretto utilizzo del computer, dei suoi applicativi e di Internet. La certificazione \u00e8 consigliata a chi \u00e8 gi\u00e0 in possesso delle competenze M02, M03, M06 (salvo avvalersi della preparazione fornita dai corsi online di Informatica).<br \/>\nIl percorso di certificazione si compone di 7 esami. Ogni esame testa una macro-competenza.<br \/>\n<\/span><\/td>\n<\/tr>\n<tr style=\"height: 67px;\">\n<td style=\"width: 15.9124%; border-width: 1pt; border-style: solid; text-align: center; height: 67px;\"><span style=\"font-size: 12pt; font-family: georgia, palatino, serif; color: #000000;\"><strong>Moduli<\/strong><\/span><\/td>\n<td style=\"width: 113.258%; border-width: 1pt; border-style: solid; height: 67px;\">\n<p class=\"s3\" style=\"padding-top: 9pt; padding-left: 5pt; text-indent: 0pt; text-align: left;\"><span style=\"font-size: 12pt; font-family: georgia, palatino, serif; color: #000000;\">M01: Informatica e Sicurezza<br \/>\nM04: Internet e Online collaboration<br \/>\nM05: Videoscrittura e rappresentazione immagini livello avanzato<br \/>\nM07: Fogli di calcolo livello avanzato<br \/>\nM08: Database livello avanzato<br \/>\nM09: Gestione delle presentazioni livello avanzato<br \/>\nM10: E-citizen e Smart DCA<br \/>\n<\/span><\/p>\n<\/td>\n<\/tr>\n<tr style=\"height: 67px;\">\n<td style=\"width: 15.9124%; border-width: 1pt; border-style: solid; text-align: center; height: 67px;\"><span style=\"font-size: 12pt; font-family: georgia, palatino, serif; color: #000000;\"><strong>Informatica e sicurezza<\/strong><\/span><\/td>\n<td style=\"width: 113.258%; border-width: 1pt; border-style: solid; height: 67px;\">\n<p class=\"s3\" style=\"padding-top: 9pt; padding-left: 5pt; text-indent: 0pt; text-align: left;\"><span style=\"font-size: 12pt; font-family: georgia, palatino, serif; color: #000000;\">L\u2019utente \u00e8 in possesso di nozioni e di un\u2019adeguata padronanza della terminologia informatica relativa a computer [hardware], periferiche e vari supporti di uso comune [pen-drive, hard disk esterni, CD-ROM, DVD]. Conosce la differenza fra i vari linguaggi di programmazione. \u00c8 in grado di effettuare in totale autonomia semplici operazioni con il sistema operativo e di individuare il programma [software] pi\u00f9 adatto in base alle specifiche necessit\u00e0.<br \/>\nCompletano la macrocompetenza Internet e il possesso dei concetti basilari sulla navigazione [browsing], sulla struttura di un sito e l\u2019utilizzo della posta elettronica in modo corretto e consapevole. Per questo \u00e8 prevista un\u2019ampia sezione d\u2019esame dedicata al tema della sicurezza, della privacy e delle buone pratiche di condotta in Rete.<br \/>\n<\/span><\/p>\n<\/td>\n<\/tr>\n<tr style=\"height: 139px;\">\n<td style=\"width: 15.9124%; border-width: 1pt; border-style: solid; text-align: center; height: 139px;\"><span style=\"font-size: 12pt; font-family: georgia, palatino, serif; color: #000000;\"><strong>Internet e online collaboration<\/strong><\/span><\/td>\n<td style=\"width: 113.258%; border-width: 1pt; border-style: solid; height: 139px;\"><span style=\"font-size: 12pt; font-family: georgia, palatino, serif; color: #000000;\">Internet \u00e8 oggi il mezzo e al tempo stesso la dimensione in cui ci muoviamo, comunichiamo e creiamo relazioni. Vi si accede attraverso molteplici supporti (notebook, smartphone, tablet) che presuppongono diverse tipologie di fruizione dei contenuti e le cui tecnologie si evolvono con estrema rapidit\u00e0. Acquisire una certificazione in questo ambito significa dimostrare, oltre l\u2019effettiva conoscenza teorica degli strumenti e del linguaggio digitale, anche quella dei meccanismi e delle regole per una comunicazione online efficace e sicura.<br \/>\n<\/span><span style=\"font-size: 12pt; font-family: georgia, palatino, serif; color: #000000;\"><br \/>\nL\u2019utente sa utilizzare i programmi per la navigazione (browser) e la ricerca di informazioni in Rete (motori di ricerca). \u00c8 in grado di comprendere la struttura di un sito; sa utilizzer\u00e0 con disinvoltura la posta elettronica [via client o via web e posta certificata], inclusa la gestione di allegati, e i principali programmi di trasmissione dati e messaggistica istantanea [Voip, Skype, Podcast]. L\u2019utente certificato si muove con destrezza nell\u2019ambito dei principali social network e utilizza con disinvoltura i servizi di e-commerce [inclusi home-banking e ticketing online] che hanno rivoluzionato il nostro modo di fare acquisti e la conseguente gestione del tempo. 52<\/span><span style=\"font-size: 12pt; font-family: georgia, palatino, serif; color: #000000;\"><br \/>\nConosce l\u2019importanza delle buone pratiche di comportamento [netiquette] e della privacy per evitare violazioni o altri rischi sia per i propri dati in Rete che per la persona.<\/span><span style=\"font-size: 12pt; font-family: georgia, palatino, serif; color: #000000;\"><br \/>\nIl tema della sicurezza informatica introduce alla cosiddetta Online Collaboration, ovvero la condivisione di informazioni e dati da parte di pi\u00f9 utenti connessi, costantemente aggiornati [sincronizzazione], allo scopo di collaborare e interagire attraverso diverse piattaforme in base alle finalit\u00e0.<br \/>\nNe sono esempi i calendari o la gestione di meeting online per pianificare attivit\u00e0, il cloud computing e le memorie di massa remote per avere accesso alle proprie risorse in ogni momento oppure i siti di e-learning.<br \/>\n<\/span><\/td>\n<\/tr>\n<tr style=\"height: 22px;\">\n<td style=\"width: 15.9124%; height: 22px; text-align: center;\"><strong>Videoscrittura e rappresentazione immagini livello avanzato<\/strong><\/td>\n<td style=\"width: 113.258%; height: 22px;\">L\u2019utente ha dimestichezza con le operazioni di base dei principali software di editing testuale.<\/p>\n<p>Utilizza strumenti e adotta trucchi per sfruttare al meglio le infinite potenzialit\u00e0 di questo indispensabile strumento, grazie a sofisticate funzioni, per confezionare prodotti qualitativamente appropriati rispetto alle specifiche finalit\u00e0.<br \/>\nApplica le tecniche di organizzazione del contenuto, sia per una corretta comprensione sia per la resa grafica, attraverso operazioni avanzate di formattazione, tabulazione e modifica di formati e caratteri.<\/p>\n<p>Sa agire sulla pagina e sul paragrafo, grazie alle tante opzioni stilistiche disponibili e al corredo di tabelle, grafici, immagini e tutti quegli elementi utili a una resa del testo visivamente pi\u00f9 efficace e d\u2019impatto.<\/p>\n<p>\u00c8 in grado di esercitare controllo e gestione del documento [correzione, modifica, inserimento di commenti, utilizzo del dizionario e revisione con la possibilit\u00e0 di confrontare pi\u00f9 versioni dello stesso], nonch\u00e9 all\u2019inserimento di elementi esterni, collegamenti ipertestuali e infine alla distribuzione attraverso la stampa o la condivisione tramite posta elettronica.<\/td>\n<\/tr>\n<tr style=\"height: 46px;\">\n<td style=\"width: 15.9124%; border-width: 1pt; border-style: solid; text-align: center; height: 46px;\"><span style=\"font-size: 12pt; font-family: georgia, palatino, serif; color: #000000;\"><strong>Foglio di calcolo livello avanzato<\/strong><\/span><\/td>\n<td style=\"width: 113.258%; border-width: 1pt; border-style: solid; height: 46px;\">Il Foglio di Calcolo \u00e8 uno delle realt\u00e0 pi\u00f9 complete fra gli applicativi di uso comune, che si presta ad interessanti utilizzi a tutti i livelli. Non a caso l\u2019attestazione di un buon livello di utilizzo di questo programma \u00e8 una delle abilit\u00e0 pi\u00f9 richieste nella gran parte degli ambienti professionali.<\/p>\n<p>L\u2019utente sa operare su cartelle di lavoro sia semplici che complesse, mettere in relazione la molteplicit\u00e0 di dati e 53<br \/>\noperazioni elaborando grafici e tabelle in base alle necessit\u00e0 e utilizzi specifici.<\/p>\n<p>\u00c8 in grado di creare un prodotto avanzato per contenuti e livello di personalizzazione, non solo grazie ad elementi stilistici di formattazione ma anche attraverso l\u2019inserimento di oggetti, collegamenti ipertestuali e grafici, integrando dati esterni e mettendoli in relazione, per comunicare al meglio i propri risultati, in maniera efficace e significativa.<\/td>\n<\/tr>\n<tr style=\"height: 22px;\">\n<td style=\"width: 15.9124%; height: 22px; text-align: center;\"><strong>Database livelllo avanzato<\/strong><\/td>\n<td style=\"width: 113.258%; height: 22px;\"><strong>L\u2019utente \u00e8 consapevole delle enormi potenzialit\u00e0 dei software di gestione di dati di tipo relazionale. I dati sono collegati tra loro da una relazione, la cui complessit\u00e0 presuppone una conoscenza accurata delle basi e delle logiche che ne regolano il funzionamento e, in seguito, delle infinite risorse che esso offre. L\u2019utente utilizza correttamente l\u2019interfaccia grafica per svolgere le operazioni relative alla creazione di tabelle e all\u2019inserimento di dati [record] attraverso le maschere, ordinandoli e mettendoli in relazione attraverso l\u2019uso di filtri e query, per poi esportarne i risultati e creare dei report funzionali a specifici obiettivi professionali.<\/strong><br \/>\n<strong>Sa esportare\/importare dati da e verso l\u2019esterno.<\/strong><\/td>\n<\/tr>\n<tr style=\"height: 1.55035px;\">\n<td style=\"width: 15.9124%; border-width: 1pt; border-style: solid; height: 314.567px;\" rowspan=\"2\">\n<p class=\"s1\" style=\"padding-left: 11pt; text-indent: -5pt; text-align: center;\"><span style=\"font-size: 12pt; font-family: georgia, palatino, serif; color: #000000;\"><strong>\u00a0Gestione delle presentazioni livello avanzato<\/strong><\/span><\/p>\n<\/td>\n<\/tr>\n<tr style=\"height: 309px;\">\n<td style=\"width: 113.258%; border-width: 1pt; border-style: solid; height: 309px;\">L\u2019utente sa comunicare al meglio un\u2019idea, un progetto, la relazione di uno studio o la conclusione di un lavoro, presentare dei risultati in maniera efficace attraverso l\u2019ausilio di strumenti grafici e multimediali.Conosce i software di presentazioni pi\u00f9 diffusi con un focus specifico su Microsoft Powerpoint.Ha gi\u00e0 dimestichezza con le funzioni basilari di una struttura-modello, \u00e8 in grado di realizzare un documento articolato e ben pianificato per struttura e durata e sa personalizzarne i contenuti grazie ad un utilizzo avanzato della formattazione e degli strumenti, come l\u2019inserimento di collegamenti ipertestuali, oggetti multimediali, animazioni ed effetti del testo, file audio, forme e immagini. Sa gestiore in modo efficace le slide per realizzare una presentazione di sicuro effetto.\u200b<\/td>\n<\/tr>\n<tr style=\"height: 227px;\">\n<td style=\"width: 15.9124%; border-width: 1pt; border-style: solid; height: 118px;\">\n<p class=\"s1\" style=\"padding-top: 3pt; padding-left: 7pt; padding-right: 9pt; text-indent: 0pt; text-align: center;\"><span style=\"font-size: 12pt; font-family: georgia, palatino, serif; color: #000000;\"><strong>E-citizen e Smart DCA<\/strong><\/span><\/p>\n<\/td>\n<td style=\"width: 113.258%; border-width: 1pt; border-style: solid; height: 118px;\">Questa macrocompetenza \u00e8 stata sviluppata per rispondere a due esigenze specifiche.<\/p>\n<p>La prima [E-citizen] \u00e8 quella di un\u2019alfabetizzazione informatica di base con l\u2019obiettivo di contrastare il digital divide, agevolando l\u2019accesso da parte di tutti i cittadini alle infinite risorse offerte dalla Rete.<\/p>\n<p>L\u2019utente possiede le nozioni essenziali relative all\u2019uso di un computer e di Internet.<\/p>\n<p>Sa inviare e ricevere email; \u00e8 in grado di navigare utilizzando i browser e i motori di ricerca per reperire e selezionare informazioni attendibili, in maniera critica e responsabile; utilizza in autonomia e in sicurezza i numerosi servizi oggi di uso comune (e-commerce, home-banking, ticketing on line, ecc.). \u00c8 consapevole dei molti rischi derivanti dalla Rete e dall\u2019interazione in circuiti sociali virtuali.<\/p>\n<p>Smart DCA [Digital Competence Assessment], invevce, si pone l\u2019obiettivo di trasferire le competenze per un utilizzo corretto, responsabile ed etico delle TSI [Tecnologie della Societ\u00e0 dell\u2019Informazione], secondo quanto predisposto in merito dalla Comunit\u00e0 Europea.<\/p>\n<p>L\u2019utente conosce tutti gli strumenti e le azioni a tutela della propria sicurezza e della privacy per evitare virus, furti d\u2019informazioni o dati personali e<\/p>\n<p class=\"s3\" style=\"padding-top: 1pt; padding-left: 5pt; padding-right: 4pt; text-indent: 0pt; text-align: justify;\"><span style=\"font-size: 12pt; font-family: georgia, palatino, serif; color: #000000;\">\u00a0<\/span><\/p>\n<\/td>\n<\/tr>\n<\/tbody>\n<\/table>\n","protected":false},"excerpt":{"rendered":"<p>Titolo Passaporto informatico: Certificazione Informatica Full Obiettivi e Finalit\u00e0 Certificazione Informatica FULL certifica competenze informatiche per una gestione avanzata dei processi di informazione e comunicazione in ambito privato, sociale e professionale, che richiedono un corretto utilizzo del computer, dei suoi applicativi e di Internet. La certificazione \u00e8 consigliata a chi \u00e8 gi\u00e0 in possesso delle competenze M02, M03, M06 (salvo [&hellip;]<\/p>\n","protected":false},"featured_media":228,"template":"","meta":[],"product_brand":[],"product_cat":[82,101],"product_tag":[102,88],"class_list":{"0":"post-229","1":"product","2":"type-product","3":"status-publish","4":"has-post-thumbnail","6":"product_cat-certificazioni","7":"product_cat-certificazioni-informatiche","8":"product_tag-certificazioni-informatiche","9":"product_tag-corso-ore","11":"first","12":"instock","13":"virtual","14":"taxable","15":"purchasable","16":"product-type-simple"},"yoast_head":"<!-- This site is optimized with the Yoast SEO plugin v25.4 - https:\/\/yoast.com\/wordpress\/plugins\/seo\/ -->\n<title>Certificazione Informatica Full - Ampi Point Servizi emmegi<\/title>\n<meta name=\"robots\" content=\"index, follow, max-snippet:-1, max-image-preview:large, max-video-preview:-1\" \/>\n<link rel=\"canonical\" href=\"https:\/\/www.ampipointservizimg.it\/?product=certificazione-informatica-full\" \/>\n<meta property=\"og:locale\" content=\"it_IT\" \/>\n<meta property=\"og:type\" content=\"article\" \/>\n<meta property=\"og:title\" content=\"Certificazione Informatica Full - Ampi Point Servizi emmegi\" \/>\n<meta property=\"og:description\" content=\"Titolo Passaporto informatico: Certificazione Informatica Full Obiettivi e Finalit\u00e0 Certificazione Informatica FULL certifica competenze informatiche per una gestione avanzata dei processi di informazione e comunicazione in ambito privato, sociale e professionale, che richiedono un corretto utilizzo del computer, dei suoi applicativi e di Internet. La certificazione \u00e8 consigliata a chi \u00e8 gi\u00e0 in possesso delle competenze M02, M03, M06 (salvo [&hellip;]\" \/>\n<meta property=\"og:url\" content=\"https:\/\/www.ampipointservizimg.it\/?product=certificazione-informatica-full\" \/>\n<meta property=\"og:site_name\" content=\"Ampi Point Servizi emmegi\" \/>\n<meta property=\"article:modified_time\" content=\"2025-07-08T21:16:11+00:00\" \/>\n<meta property=\"og:image\" content=\"https:\/\/www.ampipointservizimg.it\/wp-content\/uploads\/2022\/02\/Certificazione-informatica-full.jpg\" \/>\n\t<meta property=\"og:image:width\" content=\"300\" \/>\n\t<meta property=\"og:image:height\" content=\"300\" \/>\n\t<meta property=\"og:image:type\" content=\"image\/jpeg\" \/>\n<meta name=\"twitter:card\" content=\"summary_large_image\" \/>\n<meta name=\"twitter:label1\" content=\"Tempo di lettura stimato\" \/>\n\t<meta name=\"twitter:data1\" content=\"6 minuti\" \/>\n<script type=\"application\/ld+json\" class=\"yoast-schema-graph\">{\"@context\":\"https:\/\/schema.org\",\"@graph\":[{\"@type\":\"WebPage\",\"@id\":\"https:\/\/www.ampipointservizimg.it\/?product=certificazione-informatica-full\",\"url\":\"https:\/\/www.ampipointservizimg.it\/?product=certificazione-informatica-full\",\"name\":\"Certificazione Informatica Full - Ampi Point Servizi emmegi\",\"isPartOf\":{\"@id\":\"https:\/\/www.ampipointservizimg.it\/#website\"},\"primaryImageOfPage\":{\"@id\":\"https:\/\/www.ampipointservizimg.it\/?product=certificazione-informatica-full#primaryimage\"},\"image\":{\"@id\":\"https:\/\/www.ampipointservizimg.it\/?product=certificazione-informatica-full#primaryimage\"},\"thumbnailUrl\":\"https:\/\/www.ampipointservizimg.it\/wp-content\/uploads\/2022\/02\/Certificazione-informatica-full.jpg\",\"datePublished\":\"2022-02-28T17:18:51+00:00\",\"dateModified\":\"2025-07-08T21:16:11+00:00\",\"breadcrumb\":{\"@id\":\"https:\/\/www.ampipointservizimg.it\/?product=certificazione-informatica-full#breadcrumb\"},\"inLanguage\":\"it-IT\",\"potentialAction\":[{\"@type\":\"ReadAction\",\"target\":[\"https:\/\/www.ampipointservizimg.it\/?product=certificazione-informatica-full\"]}]},{\"@type\":\"ImageObject\",\"inLanguage\":\"it-IT\",\"@id\":\"https:\/\/www.ampipointservizimg.it\/?product=certificazione-informatica-full#primaryimage\",\"url\":\"https:\/\/www.ampipointservizimg.it\/wp-content\/uploads\/2022\/02\/Certificazione-informatica-full.jpg\",\"contentUrl\":\"https:\/\/www.ampipointservizimg.it\/wp-content\/uploads\/2022\/02\/Certificazione-informatica-full.jpg\",\"width\":300,\"height\":300},{\"@type\":\"BreadcrumbList\",\"@id\":\"https:\/\/www.ampipointservizimg.it\/?product=certificazione-informatica-full#breadcrumb\",\"itemListElement\":[{\"@type\":\"ListItem\",\"position\":1,\"name\":\"Home\",\"item\":\"https:\/\/www.ampipointservizimg.it\/\"},{\"@type\":\"ListItem\",\"position\":2,\"name\":\"Shop\",\"item\":\"https:\/\/www.ampipointservizimg.it\/?page_id=91\"},{\"@type\":\"ListItem\",\"position\":3,\"name\":\"Certificazione Informatica Full\"}]},{\"@type\":\"WebSite\",\"@id\":\"https:\/\/www.ampipointservizimg.it\/#website\",\"url\":\"https:\/\/www.ampipointservizimg.it\/\",\"name\":\"Ampi Point Servizi emmegi\",\"description\":\"\",\"publisher\":{\"@id\":\"https:\/\/www.ampipointservizimg.it\/#organization\"},\"potentialAction\":[{\"@type\":\"SearchAction\",\"target\":{\"@type\":\"EntryPoint\",\"urlTemplate\":\"https:\/\/www.ampipointservizimg.it\/?s={search_term_string}\"},\"query-input\":{\"@type\":\"PropertyValueSpecification\",\"valueRequired\":true,\"valueName\":\"search_term_string\"}}],\"inLanguage\":\"it-IT\"},{\"@type\":\"Organization\",\"@id\":\"https:\/\/www.ampipointservizimg.it\/#organization\",\"name\":\"Sviluppo Qualit\u00e0\",\"alternateName\":\"Sviluppo Qualit\u00e0\",\"url\":\"https:\/\/www.ampipointservizimg.it\/\",\"logo\":{\"@type\":\"ImageObject\",\"inLanguage\":\"it-IT\",\"@id\":\"https:\/\/www.ampipointservizimg.it\/#\/schema\/logo\/image\/\",\"url\":\"https:\/\/www.ampipointservizimg.it\/wp-content\/uploads\/2025\/06\/cropped-logo_con_ampi-1.png\",\"contentUrl\":\"https:\/\/www.ampipointservizimg.it\/wp-content\/uploads\/2025\/06\/cropped-logo_con_ampi-1.png\",\"width\":2269,\"height\":544,\"caption\":\"Sviluppo Qualit\u00e0\"},\"image\":{\"@id\":\"https:\/\/www.ampipointservizimg.it\/#\/schema\/logo\/image\/\"}}]}<\/script>\n<!-- \/ Yoast SEO plugin. -->","yoast_head_json":{"title":"Certificazione Informatica Full - Ampi Point Servizi emmegi","robots":{"index":"index","follow":"follow","max-snippet":"max-snippet:-1","max-image-preview":"max-image-preview:large","max-video-preview":"max-video-preview:-1"},"canonical":"https:\/\/www.ampipointservizimg.it\/?product=certificazione-informatica-full","og_locale":"it_IT","og_type":"article","og_title":"Certificazione Informatica Full - Ampi Point Servizi emmegi","og_description":"Titolo Passaporto informatico: Certificazione Informatica Full Obiettivi e Finalit\u00e0 Certificazione Informatica FULL certifica competenze informatiche per una gestione avanzata dei processi di informazione e comunicazione in ambito privato, sociale e professionale, che richiedono un corretto utilizzo del computer, dei suoi applicativi e di Internet. La certificazione \u00e8 consigliata a chi \u00e8 gi\u00e0 in possesso delle competenze M02, M03, M06 (salvo [&hellip;]","og_url":"https:\/\/www.ampipointservizimg.it\/?product=certificazione-informatica-full","og_site_name":"Ampi Point Servizi emmegi","article_modified_time":"2025-07-08T21:16:11+00:00","og_image":[{"width":300,"height":300,"url":"https:\/\/www.ampipointservizimg.it\/wp-content\/uploads\/2022\/02\/Certificazione-informatica-full.jpg","type":"image\/jpeg"}],"twitter_card":"summary_large_image","twitter_misc":{"Tempo di lettura stimato":"6 minuti"},"schema":{"@context":"https:\/\/schema.org","@graph":[{"@type":"WebPage","@id":"https:\/\/www.ampipointservizimg.it\/?product=certificazione-informatica-full","url":"https:\/\/www.ampipointservizimg.it\/?product=certificazione-informatica-full","name":"Certificazione Informatica Full - Ampi Point Servizi emmegi","isPartOf":{"@id":"https:\/\/www.ampipointservizimg.it\/#website"},"primaryImageOfPage":{"@id":"https:\/\/www.ampipointservizimg.it\/?product=certificazione-informatica-full#primaryimage"},"image":{"@id":"https:\/\/www.ampipointservizimg.it\/?product=certificazione-informatica-full#primaryimage"},"thumbnailUrl":"https:\/\/www.ampipointservizimg.it\/wp-content\/uploads\/2022\/02\/Certificazione-informatica-full.jpg","datePublished":"2022-02-28T17:18:51+00:00","dateModified":"2025-07-08T21:16:11+00:00","breadcrumb":{"@id":"https:\/\/www.ampipointservizimg.it\/?product=certificazione-informatica-full#breadcrumb"},"inLanguage":"it-IT","potentialAction":[{"@type":"ReadAction","target":["https:\/\/www.ampipointservizimg.it\/?product=certificazione-informatica-full"]}]},{"@type":"ImageObject","inLanguage":"it-IT","@id":"https:\/\/www.ampipointservizimg.it\/?product=certificazione-informatica-full#primaryimage","url":"https:\/\/www.ampipointservizimg.it\/wp-content\/uploads\/2022\/02\/Certificazione-informatica-full.jpg","contentUrl":"https:\/\/www.ampipointservizimg.it\/wp-content\/uploads\/2022\/02\/Certificazione-informatica-full.jpg","width":300,"height":300},{"@type":"BreadcrumbList","@id":"https:\/\/www.ampipointservizimg.it\/?product=certificazione-informatica-full#breadcrumb","itemListElement":[{"@type":"ListItem","position":1,"name":"Home","item":"https:\/\/www.ampipointservizimg.it\/"},{"@type":"ListItem","position":2,"name":"Shop","item":"https:\/\/www.ampipointservizimg.it\/?page_id=91"},{"@type":"ListItem","position":3,"name":"Certificazione Informatica Full"}]},{"@type":"WebSite","@id":"https:\/\/www.ampipointservizimg.it\/#website","url":"https:\/\/www.ampipointservizimg.it\/","name":"Ampi Point Servizi emmegi","description":"","publisher":{"@id":"https:\/\/www.ampipointservizimg.it\/#organization"},"potentialAction":[{"@type":"SearchAction","target":{"@type":"EntryPoint","urlTemplate":"https:\/\/www.ampipointservizimg.it\/?s={search_term_string}"},"query-input":{"@type":"PropertyValueSpecification","valueRequired":true,"valueName":"search_term_string"}}],"inLanguage":"it-IT"},{"@type":"Organization","@id":"https:\/\/www.ampipointservizimg.it\/#organization","name":"Sviluppo Qualit\u00e0","alternateName":"Sviluppo Qualit\u00e0","url":"https:\/\/www.ampipointservizimg.it\/","logo":{"@type":"ImageObject","inLanguage":"it-IT","@id":"https:\/\/www.ampipointservizimg.it\/#\/schema\/logo\/image\/","url":"https:\/\/www.ampipointservizimg.it\/wp-content\/uploads\/2025\/06\/cropped-logo_con_ampi-1.png","contentUrl":"https:\/\/www.ampipointservizimg.it\/wp-content\/uploads\/2025\/06\/cropped-logo_con_ampi-1.png","width":2269,"height":544,"caption":"Sviluppo Qualit\u00e0"},"image":{"@id":"https:\/\/www.ampipointservizimg.it\/#\/schema\/logo\/image\/"}}]}},"_links":{"self":[{"href":"https:\/\/www.ampipointservizimg.it\/index.php?rest_route=\/wp\/v2\/product\/229","targetHints":{"allow":["GET"]}}],"collection":[{"href":"https:\/\/www.ampipointservizimg.it\/index.php?rest_route=\/wp\/v2\/product"}],"about":[{"href":"https:\/\/www.ampipointservizimg.it\/index.php?rest_route=\/wp\/v2\/types\/product"}],"wp:featuredmedia":[{"embeddable":true,"href":"https:\/\/www.ampipointservizimg.it\/index.php?rest_route=\/wp\/v2\/media\/228"}],"wp:attachment":[{"href":"https:\/\/www.ampipointservizimg.it\/index.php?rest_route=%2Fwp%2Fv2%2Fmedia&parent=229"}],"wp:term":[{"taxonomy":"product_brand","embeddable":true,"href":"https:\/\/www.ampipointservizimg.it\/index.php?rest_route=%2Fwp%2Fv2%2Fproduct_brand&post=229"},{"taxonomy":"product_cat","embeddable":true,"href":"https:\/\/www.ampipointservizimg.it\/index.php?rest_route=%2Fwp%2Fv2%2Fproduct_cat&post=229"},{"taxonomy":"product_tag","embeddable":true,"href":"https:\/\/www.ampipointservizimg.it\/index.php?rest_route=%2Fwp%2Fv2%2Fproduct_tag&post=229"}],"curies":[{"name":"wp","href":"https:\/\/api.w.org\/{rel}","templated":true}]}}