{"id":232,"date":"2022-02-28T18:18:56","date_gmt":"2022-02-28T17:18:56","guid":{"rendered":"https:\/\/new.sviluppoqualita.it\/prodotto\/corso-certificazione-c2\/"},"modified":"2025-07-08T23:16:11","modified_gmt":"2025-07-08T21:16:11","slug":"corso-certificazione-c2","status":"publish","type":"product","link":"https:\/\/www.ampipointservizimg.it\/?product=corso-certificazione-c2","title":{"rendered":"Certificazione inglese C2"},"content":{"rendered":"<h2>DESCRIZIONE E FINALIT\u00c0<\/h2>\n<p>La Certificazione Inglese C2 \u00e8 l&#8217;unica certificazione linguistica alla quale viene assegnato il massimo punteggio nel concorsi pubblici e nelle Graduatorie dei Concorsi Scolastici. Chi certifica il proprio inglese con questo livello di preparazione sapr\u00e0:<\/p>\n<ul>\n<li>Riuscire a capire tutti i concetti durante una conversazione articolata su una molteplicit\u00e0 di argomenti;<\/li>\n<li>Dialogare con scioltezza e disinvoltura con chi \u00e8 esperto in lingua inglese;<\/li>\n<li>Impegnarsi in discussioni in situazioni familiari e non familiari con contributi chiari e pertinenti;<\/li>\n<li>Ottenere informazioni da diverse fonti.<\/li>\n<\/ul>\n<h2>A CHI \u00c8 DESTINATO<\/h2>\n<p>La Certificazione di Inglese C2 di LRN pu\u00f2 essere conseguita da tutti quei candidati che abbiano superato i 16 anni di et\u00e0 ed \u00e8 rivolta a chiunque voglia conseguire la\u00a0<strong>Certificazione LRN di lingua inglese ESOL International C2<\/strong>\u00a0per dimostrare capacit\u00e0 di espressione chiara e strutturata su una gamma di argomenti complessi, mostrando di saper controllare le strutture discorsive e i meccanismi di una conversazione articolata.<\/p>\n<h2>MODALIT\u00c0<\/h2>\n<p>Il corso <strong>Certificazione Inglese C2<\/strong> viene erogato completamente in <strong>modalit\u00e0 e-learning,<\/strong> ovvero <em>online.\u00a0<\/em> Uno dei nostri vantaggi, oltre al fatto di poter seguire le lezioni <em>dove vuoi<\/em> e <em>quando vuoi<\/em>, \u00e8 quello di avere a propria disposizione una <strong>Piattaforma didattica con annessa Area Utente Personale<\/strong>, alla quale accedere medianti credenziali personali, dove saranno rese accessibili tutte le lezioni del corso e:<\/p>\n<ul>\n<li>Materiale didattico di supporto alle lezioni;<\/li>\n<li>Bibliografie e Sitografie, per gli approfondimenti;<\/li>\n<li>Esercizi per l&#8217;esame finale.<\/li>\n<\/ul>\n<h2>PROGRAMMA E DOCENTI<\/h2>\n<p>Il <strong>programma<\/strong> d&#8217;esame del corso online si concentra sulla valutazione di 4 specifiche abilit\u00e0:<\/p>\n<ol>\n<li><strong>Speaking: <\/strong>la lingua parlata \u00e8 il cuore dell\u2019interazione umana a casa, a lavoro e nella societ\u00e0;<\/li>\n<li><strong>Listening: <\/strong>il saper ascoltare e comprendere \u00e8 un aspetto fondamentale per ottenere un impiego, mantenere un\u2019occupazione e per progredire nel lavoro e nello studio;<\/li>\n<li><strong>Reading: <\/strong>una buona capacit\u00e0 di lettura in lingua inglese \u00e8 centrale per apprendere in modo rapido ed efficace;<\/li>\n<li><strong>Writing:<\/strong> la scrittura migliora anche l\u2019acquisizione del linguaggio: poter utilizzare le parole, le frasi per comunicare in un\u2019altra lingua le proprie idee in modo efficace \u00e8 uno strumento indispensabile a scuola come nel lavoro e nella vita di tutti i giorni.<\/li>\n<\/ol>\n<p>Un <strong>Docente qualificato<\/strong> e madrelingua ti offrir\u00e0 tutto il supporto necessario per conseguire un&#8217;ottima preparazione: verrai seguito nel migliore fino al superamento della prova finale.<\/p>\n<h2>VALUTAZIONE E CERTIFICAZIONE<\/h2>\n<p>Per far s\u00ec che tutti, al termine del corso per la certificazione di inglese, abbiano raggiunto un buon livello di apprendimento abbiamo deciso di testare le competenze ottenute mediante un esame di <strong>verifica finale online<\/strong>:<\/p>\n<ul>\n<li>Una prova <em>scritta<\/em>;<\/li>\n<li>Una prova <em>orale.<\/em><\/li>\n<\/ul>\n<p>Al superamento dell&#8217;esame verr\u00e0 rilasciata l&#8217;attestazione della\u00a0<strong>Certificazione LRN di lingua inglese ESOL International C2.<\/strong> La<strong> Certificazione inglese C2 \u00e8 riconosciuta MIUR<\/strong> ed \u00e8 spendibile in tutti i concorsi del Mondo Scuola<a href=\"https:\/\/www.networkgtc.it\/concorsi-scuola-2021\/\">.<\/a> Le certificazioni linguistiche sono quelle che attribuiscono un maggior punteggio nelle varie fasce d&#8217;appartenenza dei concorsi:<\/p>\n<ul>\n<li><em>Certificazione inglese <\/em><a href=\"https:\/\/shop.networkgtc.it\/prodotto\/corso-certificazione-b2\/\"><em><strong>B2<\/strong><\/em><\/a>:<strong> + 3 punti;<\/strong><\/li>\n<li><em>Certificazione inglese <strong>C1<\/strong><\/em><strong>:<\/strong> <strong>+ 4 punti;<\/strong><\/li>\n<li><em>Certificazione inglese <strong>C2<\/strong>:<\/em> <strong>+ 6 punti.<\/strong><\/li>\n<\/ul>\n","protected":false},"excerpt":{"rendered":"<p>DESCRIZIONE E FINALIT\u00c0 La Certificazione Inglese C2 \u00e8 l&#8217;unica certificazione linguistica alla quale viene assegnato il massimo punteggio nel concorsi pubblici e nelle Graduatorie dei Concorsi Scolastici. Chi certifica il proprio inglese con questo livello di preparazione sapr\u00e0: Riuscire a capire tutti i concetti durante una conversazione articolata su una molteplicit\u00e0 di argomenti; Dialogare con scioltezza e disinvoltura con chi [&hellip;]<\/p>\n","protected":false},"featured_media":231,"template":"","meta":[],"product_brand":[],"product_cat":[82,109],"product_tag":[],"class_list":{"0":"post-232","1":"product","2":"type-product","3":"status-publish","4":"has-post-thumbnail","6":"product_cat-certificazioni","7":"product_cat-certificazioni-linguistiche","9":"first","10":"instock","11":"taxable","12":"shipping-taxable","13":"purchasable","14":"product-type-simple"},"yoast_head":"<!-- This site is optimized with the Yoast SEO plugin v25.4 - https:\/\/yoast.com\/wordpress\/plugins\/seo\/ -->\n<title>Certificazione inglese C2 - Ampi Point Servizi emmegi<\/title>\n<meta name=\"robots\" content=\"index, follow, max-snippet:-1, max-image-preview:large, max-video-preview:-1\" \/>\n<link rel=\"canonical\" href=\"https:\/\/www.ampipointservizimg.it\/?product=corso-certificazione-c2\" \/>\n<meta property=\"og:locale\" content=\"it_IT\" \/>\n<meta property=\"og:type\" content=\"article\" \/>\n<meta property=\"og:title\" content=\"Certificazione inglese C2 - Ampi Point Servizi emmegi\" \/>\n<meta property=\"og:description\" content=\"DESCRIZIONE E FINALIT\u00c0 La Certificazione Inglese C2 \u00e8 l&#8217;unica certificazione linguistica alla quale viene assegnato il massimo punteggio nel concorsi pubblici e nelle Graduatorie dei Concorsi Scolastici. Chi certifica il proprio inglese con questo livello di preparazione sapr\u00e0: Riuscire a capire tutti i concetti durante una conversazione articolata su una molteplicit\u00e0 di argomenti; Dialogare con scioltezza e disinvoltura con chi [&hellip;]\" \/>\n<meta property=\"og:url\" content=\"https:\/\/www.ampipointservizimg.it\/?product=corso-certificazione-c2\" \/>\n<meta property=\"og:site_name\" content=\"Ampi Point Servizi emmegi\" \/>\n<meta property=\"article:modified_time\" content=\"2025-07-08T21:16:11+00:00\" \/>\n<meta property=\"og:image\" content=\"https:\/\/www.ampipointservizimg.it\/wp-content\/uploads\/2022\/02\/CERTIFICAZIONE-C2.jpg\" \/>\n\t<meta property=\"og:image:width\" content=\"300\" \/>\n\t<meta property=\"og:image:height\" content=\"300\" \/>\n\t<meta property=\"og:image:type\" content=\"image\/jpeg\" \/>\n<meta name=\"twitter:card\" content=\"summary_large_image\" \/>\n<meta name=\"twitter:label1\" content=\"Tempo di lettura stimato\" \/>\n\t<meta name=\"twitter:data1\" content=\"2 minuti\" \/>\n<script type=\"application\/ld+json\" class=\"yoast-schema-graph\">{\"@context\":\"https:\/\/schema.org\",\"@graph\":[{\"@type\":\"WebPage\",\"@id\":\"https:\/\/www.ampipointservizimg.it\/?product=corso-certificazione-c2\",\"url\":\"https:\/\/www.ampipointservizimg.it\/?product=corso-certificazione-c2\",\"name\":\"Certificazione inglese C2 - Ampi Point Servizi emmegi\",\"isPartOf\":{\"@id\":\"https:\/\/www.ampipointservizimg.it\/#website\"},\"primaryImageOfPage\":{\"@id\":\"https:\/\/www.ampipointservizimg.it\/?product=corso-certificazione-c2#primaryimage\"},\"image\":{\"@id\":\"https:\/\/www.ampipointservizimg.it\/?product=corso-certificazione-c2#primaryimage\"},\"thumbnailUrl\":\"https:\/\/www.ampipointservizimg.it\/wp-content\/uploads\/2022\/02\/CERTIFICAZIONE-C2.jpg\",\"datePublished\":\"2022-02-28T17:18:56+00:00\",\"dateModified\":\"2025-07-08T21:16:11+00:00\",\"breadcrumb\":{\"@id\":\"https:\/\/www.ampipointservizimg.it\/?product=corso-certificazione-c2#breadcrumb\"},\"inLanguage\":\"it-IT\",\"potentialAction\":[{\"@type\":\"ReadAction\",\"target\":[\"https:\/\/www.ampipointservizimg.it\/?product=corso-certificazione-c2\"]}]},{\"@type\":\"ImageObject\",\"inLanguage\":\"it-IT\",\"@id\":\"https:\/\/www.ampipointservizimg.it\/?product=corso-certificazione-c2#primaryimage\",\"url\":\"https:\/\/www.ampipointservizimg.it\/wp-content\/uploads\/2022\/02\/CERTIFICAZIONE-C2.jpg\",\"contentUrl\":\"https:\/\/www.ampipointservizimg.it\/wp-content\/uploads\/2022\/02\/CERTIFICAZIONE-C2.jpg\",\"width\":300,\"height\":300},{\"@type\":\"BreadcrumbList\",\"@id\":\"https:\/\/www.ampipointservizimg.it\/?product=corso-certificazione-c2#breadcrumb\",\"itemListElement\":[{\"@type\":\"ListItem\",\"position\":1,\"name\":\"Home\",\"item\":\"https:\/\/www.ampipointservizimg.it\/\"},{\"@type\":\"ListItem\",\"position\":2,\"name\":\"Shop\",\"item\":\"https:\/\/www.ampipointservizimg.it\/?page_id=91\"},{\"@type\":\"ListItem\",\"position\":3,\"name\":\"Certificazione inglese C2\"}]},{\"@type\":\"WebSite\",\"@id\":\"https:\/\/www.ampipointservizimg.it\/#website\",\"url\":\"https:\/\/www.ampipointservizimg.it\/\",\"name\":\"Ampi Point Servizi emmegi\",\"description\":\"\",\"publisher\":{\"@id\":\"https:\/\/www.ampipointservizimg.it\/#organization\"},\"potentialAction\":[{\"@type\":\"SearchAction\",\"target\":{\"@type\":\"EntryPoint\",\"urlTemplate\":\"https:\/\/www.ampipointservizimg.it\/?s={search_term_string}\"},\"query-input\":{\"@type\":\"PropertyValueSpecification\",\"valueRequired\":true,\"valueName\":\"search_term_string\"}}],\"inLanguage\":\"it-IT\"},{\"@type\":\"Organization\",\"@id\":\"https:\/\/www.ampipointservizimg.it\/#organization\",\"name\":\"Sviluppo Qualit\u00e0\",\"alternateName\":\"Sviluppo Qualit\u00e0\",\"url\":\"https:\/\/www.ampipointservizimg.it\/\",\"logo\":{\"@type\":\"ImageObject\",\"inLanguage\":\"it-IT\",\"@id\":\"https:\/\/www.ampipointservizimg.it\/#\/schema\/logo\/image\/\",\"url\":\"https:\/\/www.ampipointservizimg.it\/wp-content\/uploads\/2025\/06\/cropped-logo_con_ampi-1.png\",\"contentUrl\":\"https:\/\/www.ampipointservizimg.it\/wp-content\/uploads\/2025\/06\/cropped-logo_con_ampi-1.png\",\"width\":2269,\"height\":544,\"caption\":\"Sviluppo Qualit\u00e0\"},\"image\":{\"@id\":\"https:\/\/www.ampipointservizimg.it\/#\/schema\/logo\/image\/\"}}]}<\/script>\n<!-- \/ Yoast SEO plugin. -->","yoast_head_json":{"title":"Certificazione inglese C2 - Ampi Point Servizi emmegi","robots":{"index":"index","follow":"follow","max-snippet":"max-snippet:-1","max-image-preview":"max-image-preview:large","max-video-preview":"max-video-preview:-1"},"canonical":"https:\/\/www.ampipointservizimg.it\/?product=corso-certificazione-c2","og_locale":"it_IT","og_type":"article","og_title":"Certificazione inglese C2 - Ampi Point Servizi emmegi","og_description":"DESCRIZIONE E FINALIT\u00c0 La Certificazione Inglese C2 \u00e8 l&#8217;unica certificazione linguistica alla quale viene assegnato il massimo punteggio nel concorsi pubblici e nelle Graduatorie dei Concorsi Scolastici. Chi certifica il proprio inglese con questo livello di preparazione sapr\u00e0: Riuscire a capire tutti i concetti durante una conversazione articolata su una molteplicit\u00e0 di argomenti; Dialogare con scioltezza e disinvoltura con chi [&hellip;]","og_url":"https:\/\/www.ampipointservizimg.it\/?product=corso-certificazione-c2","og_site_name":"Ampi Point Servizi emmegi","article_modified_time":"2025-07-08T21:16:11+00:00","og_image":[{"width":300,"height":300,"url":"https:\/\/www.ampipointservizimg.it\/wp-content\/uploads\/2022\/02\/CERTIFICAZIONE-C2.jpg","type":"image\/jpeg"}],"twitter_card":"summary_large_image","twitter_misc":{"Tempo di lettura stimato":"2 minuti"},"schema":{"@context":"https:\/\/schema.org","@graph":[{"@type":"WebPage","@id":"https:\/\/www.ampipointservizimg.it\/?product=corso-certificazione-c2","url":"https:\/\/www.ampipointservizimg.it\/?product=corso-certificazione-c2","name":"Certificazione inglese C2 - Ampi Point Servizi emmegi","isPartOf":{"@id":"https:\/\/www.ampipointservizimg.it\/#website"},"primaryImageOfPage":{"@id":"https:\/\/www.ampipointservizimg.it\/?product=corso-certificazione-c2#primaryimage"},"image":{"@id":"https:\/\/www.ampipointservizimg.it\/?product=corso-certificazione-c2#primaryimage"},"thumbnailUrl":"https:\/\/www.ampipointservizimg.it\/wp-content\/uploads\/2022\/02\/CERTIFICAZIONE-C2.jpg","datePublished":"2022-02-28T17:18:56+00:00","dateModified":"2025-07-08T21:16:11+00:00","breadcrumb":{"@id":"https:\/\/www.ampipointservizimg.it\/?product=corso-certificazione-c2#breadcrumb"},"inLanguage":"it-IT","potentialAction":[{"@type":"ReadAction","target":["https:\/\/www.ampipointservizimg.it\/?product=corso-certificazione-c2"]}]},{"@type":"ImageObject","inLanguage":"it-IT","@id":"https:\/\/www.ampipointservizimg.it\/?product=corso-certificazione-c2#primaryimage","url":"https:\/\/www.ampipointservizimg.it\/wp-content\/uploads\/2022\/02\/CERTIFICAZIONE-C2.jpg","contentUrl":"https:\/\/www.ampipointservizimg.it\/wp-content\/uploads\/2022\/02\/CERTIFICAZIONE-C2.jpg","width":300,"height":300},{"@type":"BreadcrumbList","@id":"https:\/\/www.ampipointservizimg.it\/?product=corso-certificazione-c2#breadcrumb","itemListElement":[{"@type":"ListItem","position":1,"name":"Home","item":"https:\/\/www.ampipointservizimg.it\/"},{"@type":"ListItem","position":2,"name":"Shop","item":"https:\/\/www.ampipointservizimg.it\/?page_id=91"},{"@type":"ListItem","position":3,"name":"Certificazione inglese C2"}]},{"@type":"WebSite","@id":"https:\/\/www.ampipointservizimg.it\/#website","url":"https:\/\/www.ampipointservizimg.it\/","name":"Ampi Point Servizi emmegi","description":"","publisher":{"@id":"https:\/\/www.ampipointservizimg.it\/#organization"},"potentialAction":[{"@type":"SearchAction","target":{"@type":"EntryPoint","urlTemplate":"https:\/\/www.ampipointservizimg.it\/?s={search_term_string}"},"query-input":{"@type":"PropertyValueSpecification","valueRequired":true,"valueName":"search_term_string"}}],"inLanguage":"it-IT"},{"@type":"Organization","@id":"https:\/\/www.ampipointservizimg.it\/#organization","name":"Sviluppo Qualit\u00e0","alternateName":"Sviluppo Qualit\u00e0","url":"https:\/\/www.ampipointservizimg.it\/","logo":{"@type":"ImageObject","inLanguage":"it-IT","@id":"https:\/\/www.ampipointservizimg.it\/#\/schema\/logo\/image\/","url":"https:\/\/www.ampipointservizimg.it\/wp-content\/uploads\/2025\/06\/cropped-logo_con_ampi-1.png","contentUrl":"https:\/\/www.ampipointservizimg.it\/wp-content\/uploads\/2025\/06\/cropped-logo_con_ampi-1.png","width":2269,"height":544,"caption":"Sviluppo Qualit\u00e0"},"image":{"@id":"https:\/\/www.ampipointservizimg.it\/#\/schema\/logo\/image\/"}}]}},"_links":{"self":[{"href":"https:\/\/www.ampipointservizimg.it\/index.php?rest_route=\/wp\/v2\/product\/232","targetHints":{"allow":["GET"]}}],"collection":[{"href":"https:\/\/www.ampipointservizimg.it\/index.php?rest_route=\/wp\/v2\/product"}],"about":[{"href":"https:\/\/www.ampipointservizimg.it\/index.php?rest_route=\/wp\/v2\/types\/product"}],"wp:featuredmedia":[{"embeddable":true,"href":"https:\/\/www.ampipointservizimg.it\/index.php?rest_route=\/wp\/v2\/media\/231"}],"wp:attachment":[{"href":"https:\/\/www.ampipointservizimg.it\/index.php?rest_route=%2Fwp%2Fv2%2Fmedia&parent=232"}],"wp:term":[{"taxonomy":"product_brand","embeddable":true,"href":"https:\/\/www.ampipointservizimg.it\/index.php?rest_route=%2Fwp%2Fv2%2Fproduct_brand&post=232"},{"taxonomy":"product_cat","embeddable":true,"href":"https:\/\/www.ampipointservizimg.it\/index.php?rest_route=%2Fwp%2Fv2%2Fproduct_cat&post=232"},{"taxonomy":"product_tag","embeddable":true,"href":"https:\/\/www.ampipointservizimg.it\/index.php?rest_route=%2Fwp%2Fv2%2Fproduct_tag&post=232"}],"curies":[{"name":"wp","href":"https:\/\/api.w.org\/{rel}","templated":true}]}}