{"id":2438,"date":"2023-06-09T16:57:15","date_gmt":"2023-06-09T14:57:15","guid":{"rendered":"https:\/\/new.sviluppoqualita.it\/?post_type=product&#038;p=2438"},"modified":"2025-07-08T23:16:03","modified_gmt":"2025-07-08T21:16:03","slug":"pes-pav-e-pei","status":"publish","type":"product","link":"https:\/\/www.ampipointservizimg.it\/?product=pes-pav-e-pei","title":{"rendered":"PES, PAV e PEI"},"content":{"rendered":"<table>\n<tbody>\n<tr>\n<td width=\"119\"><strong>Titolo<\/strong><\/td>\n<td width=\"541\"><strong>Corso di formazione teorico\/pratico per PAV, PES e PEI<\/strong><\/td>\n<\/tr>\n<tr>\n<td width=\"119\">&nbsp;<\/p>\n<p>&nbsp;<\/p>\n<p>&nbsp;<\/p>\n<p><strong>Destinatari<\/strong><\/td>\n<td width=\"541\">Il percorso formativo \u00e8 rivolto a tutti coloro che operano in \u201clavori elettrici\u201d sia sotto tensione, sia fuori tensione.<\/p>\n<p>Responsabili (RSPP) e Addetti al Servizio di Prevenzione e Protezione (ASPP); personale che necessita di una conoscenza pi\u00f9 approfondita delle tematiche inerenti la sicurezza elettrica (preposti, capi squadra, capi cantiere, lavoratori, etc.).<\/p>\n<p>Manutentori, impiantisti elettrici che operano su impianti e apparecchiature con tensione nominale fino a 1000 volt.<\/td>\n<\/tr>\n<tr>\n<td width=\"119\">&nbsp;<\/p>\n<p>&nbsp;<\/p>\n<p>&nbsp;<\/p>\n<p><strong>Obiettivi e Finalit\u00e0<\/strong><\/td>\n<td width=\"541\">Il corso intende fornire le competenze tecniche (livelli di competenze teoriche, livelli di competenze pratiche) per le figure di PAV, PES e PEI.<\/p>\n<p>Le persone che eseguono lavori elettrici devono essere in possesso delle qualifiche stabilite dalla norma CEI 11-27\/1. Tali qualifiche devono essere attribuite dal datore di lavoro e formalizzate per iscritto. Il datore di lavoro deve cio\u00e8 indicare tra i suoi dipendenti chi pu\u00f2 svolgere i lavori fuori tensione e in prossimit\u00e0 (PES e PAV) e chi, invece, pu\u00f2 eseguire i lavori elettrici sotto tensione (PEI).<\/td>\n<\/tr>\n<tr>\n<td width=\"119\">&nbsp;<\/p>\n<p>&nbsp;<\/p>\n<p><strong>Normativa <\/strong><strong>di riferimento<\/strong><\/td>\n<td width=\"541\">\u00b7\u00a0\u00a0\u00a0 D.lgs. n.81\/08 e s. s. m. e i.;<\/p>\n<p>\u00b7\u00a0\u00a0\u00a0 Norma CEI 11-27\/1;<\/p>\n<p>\u00b7\u00a0\u00a0\u00a0 Norma CEI 11-1 e 64-8;<\/p>\n<p>\u00b7\u00a0\u00a0\u00a0\u00a0\u00a0 CEI EN 50110-1<\/td>\n<\/tr>\n<tr>\n<td width=\"119\"><strong>Requisiti di ammissione<\/strong><\/td>\n<td width=\"541\">Conoscenze di base dell\u2019impiantistica elettrica; equilibrio, attenzione, precisione e ogni altra caratteristica che concorra a far ritenere affidabile l\u2019operatore.<\/td>\n<\/tr>\n<tr>\n<td width=\"119\"><strong>Durata e modalit\u00e0<\/strong><\/td>\n<td width=\"541\">Durata totale del corso: 16 ore (12 e-learning + 4 aula\/pratica):<\/td>\n<\/tr>\n<\/tbody>\n<\/table>\n<table>\n<tbody>\n<tr>\n<td rowspan=\"2\" width=\"119\">&nbsp;<\/p>\n<p>&nbsp;<\/p>\n<p>&nbsp;<\/p>\n<p>&nbsp;<\/p>\n<p>&nbsp;<\/p>\n<p>&nbsp;<\/p>\n<p>&nbsp;<\/p>\n<p>&nbsp;<\/p>\n<p>&nbsp;<\/p>\n<p>&nbsp;<\/p>\n<p>&nbsp;<\/p>\n<p>&nbsp;<\/p>\n<p>&nbsp;<\/p>\n<p>&nbsp;<\/p>\n<p>&nbsp;<\/p>\n<p>&nbsp;<\/p>\n<p>&nbsp;<\/p>\n<p>&nbsp;<\/p>\n<p>&nbsp;<\/p>\n<p>&nbsp;<\/p>\n<p><strong>Programma del corso<\/strong><\/td>\n<td width=\"541\"><strong><em>DISCIPLINE E CONTENUTI<\/em><\/strong><\/td>\n<\/tr>\n<tr>\n<td width=\"541\"><strong>Livello 1 &#8211; Conoscenze teoriche<\/strong><\/p>\n<p>\u00b7\u00a0\u00a0\u00a0\u00a0\u00a0\u00a0\u00a0\u00a0 Sicurezza sul lavoro ecco i principi cardini<\/p>\n<p>\u00b7\u00a0\u00a0\u00a0\u00a0\u00a0\u00a0\u00a0\u00a0 Nozioni Basilari di Sicurezza<\/p>\n<p>\u00b7\u00a0\u00a0\u00a0\u00a0\u00a0\u00a0\u00a0\u00a0 applicazione D.lgs. 81 Titolo I;<\/p>\n<p>\u00b7\u00a0\u00a0\u00a0\u00a0\u00a0\u00a0\u00a0\u00a0 Diritti e doveri per la tua sicurezza<\/p>\n<p>\u00b7\u00a0\u00a0\u00a0\u00a0\u00a0\u00a0\u00a0\u00a0 principi di Elettrotecnica;<\/p>\n<p>\u00b7\u00a0\u00a0\u00a0\u00a0\u00a0\u00a0\u00a0\u00a0 Sorgenti Rischio Elettrico<\/p>\n<p>\u00b7\u00a0\u00a0\u00a0\u00a0\u00a0\u00a0\u00a0\u00a0 Rischio Elecrrico Punti Essenziali<\/p>\n<p>\u00b7\u00a0\u00a0\u00a0\u00a0\u00a0\u00a0\u00a0\u00a0 diritti e doveri della sicurezza;<\/p>\n<p>\u00b7\u00a0\u00a0\u00a0\u00a0\u00a0\u00a0\u00a0\u00a0 normativa Rischio Elettrico;<\/p>\n<p>\u00b7\u00a0\u00a0\u00a0\u00a0\u00a0\u00a0\u00a0\u00a0 Effetti della Corrente sul Corpo Umano<\/p>\n<p>\u00b7\u00a0\u00a0\u00a0\u00a0\u00a0\u00a0\u00a0\u00a0 Situazione da Shock<\/p>\n<p>\u00b7\u00a0\u00a0\u00a0\u00a0\u00a0\u00a0\u00a0\u00a0 Legislazione in materia di sicurezza per i lavori elettrici<\/p>\n<p>\u00b7\u00a0\u00a0\u00a0\u00a0\u00a0\u00a0\u00a0\u00a0 Addetti ai Lavori elettrici<\/p>\n<p>\u00b7\u00a0\u00a0\u00a0\u00a0\u00a0\u00a0\u00a0\u00a0 Regole Vitali per chi lavora con l&#8217;elettricit\u00e0<\/p>\n<p>\u00b7\u00a0\u00a0\u00a0\u00a0\u00a0\u00a0\u00a0\u00a0 Organizzazione del lavoro;<\/p>\n<p>\u00b7\u00a0\u00a0\u00a0\u00a0\u00a0\u00a0\u00a0\u00a0 dpi;<\/p>\n<p>\u00b7\u00a0\u00a0\u00a0\u00a0\u00a0\u00a0\u00a0\u00a0 dpi Avanzati;<\/p>\n<p>\u00b7\u00a0\u00a0\u00a0\u00a0\u00a0\u00a0\u00a0\u00a0 organizzazione emergenza primo soccorso;<\/p>\n<p>\u00b7\u00a0\u00a0\u00a0\u00a0\u00a0\u00a0\u00a0\u00a0 Antincendio<\/p>\n<p>\u00b7\u00a0\u00a0\u00a0\u00a0\u00a0\u00a0\u00a0\u00a0 Sicurezza Antincendio<\/p>\n<p>\u00b7\u00a0\u00a0\u00a0\u00a0\u00a0\u00a0\u00a0\u00a0 Uso degli estintori<\/p>\n<p>&nbsp;<\/p>\n<p>&nbsp;<\/p>\n<p><strong>Livello 2 \u2013 Conoscenze pratiche<\/strong><\/p>\n<p>\u00b7\u00a0\u00a0\u00a0\u00a0\u00a0\u00a0\u00a0\u00a0 Valutazione del Rischio Elettrico<\/p>\n<p>\u00b7\u00a0\u00a0\u00a0\u00a0\u00a0\u00a0\u00a0\u00a0 Lavori Elettrici<\/p>\n<p>\u00b7\u00a0\u00a0\u00a0\u00a0\u00a0\u00a0\u00a0\u00a0 Attrezzature e DPI<\/p>\n<p>\u00b7\u00a0\u00a0\u00a0\u00a0\u00a0\u00a0\u00a0\u00a0 La Manutenzione Elettrica in sicurezza<\/p>\n<p>\u00b7\u00a0\u00a0\u00a0\u00a0\u00a0\u00a0\u00a0\u00a0 Napo in &#8230; manutenzione in &#8230; sicurezza<\/p>\n<p>\u00b7\u00a0\u00a0\u00a0\u00a0\u00a0\u00a0\u00a0\u00a0 La sicurezza nell&#8217;esecuzione dei lavori elettrici<\/td>\n<\/tr>\n<tr>\n<td width=\"119\"><strong>Valutazione<\/strong><\/td>\n<td width=\"541\">La valutazione finale verr\u00e0 effettuata mediante una verifica di apprendimento in aula (esame finale).<\/td>\n<\/tr>\n<tr>\n<td width=\"119\"><strong>Attestato<\/strong><\/p>\n<p><strong>Formativo Rilasciato<\/strong><\/td>\n<td width=\"541\">Attestato di frequenza di \u201cPAV, PES e PEI addetti lavori elettrici fuori tensione, in prossimit\u00e0 e sotto tensione\u201ddi 16 ore.<\/td>\n<\/tr>\n<tr>\n<td width=\"119\">&nbsp;<\/p>\n<p><strong>Docenza<\/strong><\/td>\n<td width=\"541\">Docenti con provata competenza nel campo dei lavori elettrici e in possesso delle necessarie conoscenze professionali.<\/td>\n<\/tr>\n<tr>\n<td width=\"119\">&nbsp;<\/p>\n<p><strong>Sede<\/strong><\/td>\n<td width=\"541\">Per la parte in aula, il corso sar\u00e0 erogato, secondo un calendario prestabilito, in una delle sedi pi\u00f9 vicine dislocate sul territorio nazionale.<\/td>\n<\/tr>\n<\/tbody>\n<\/table>\n<table>\n<tbody>\n<tr>\n<td width=\"119\"><\/td>\n<td width=\"541\"><strong>Livello 2A &#8211; Conoscenze teoriche<\/strong><\/p>\n<p>\u00b7\u00a0\u00a0\u00a0\u00a0\u00a0\u00a0\u00a0\u00a0 lavori elettrici sotto tensione in bassa tensione;<\/p>\n<p>\u00b7\u00a0\u00a0\u00a0\u00a0\u00a0\u00a0\u00a0\u00a0 conoscenze e Capacit\u00e0 per operativit\u00e0;<\/p>\n<p>\u00b7\u00a0\u00a0\u00a0\u00a0\u00a0\u00a0\u00a0\u00a0 sicurezza nei lavori in presenza di rischio elettrico;<\/p>\n<p>\u00b7\u00a0\u00a0\u00a0\u00a0\u00a0\u00a0\u00a0\u00a0 formazione Specialistica Rischio Elettrico;<\/p>\n<p>\u00b7\u00a0\u00a0\u00a0\u00a0\u00a0\u00a0\u00a0\u00a0 uso e verifica dei Dpi previsti nelle disposizioni aziendali.<\/p>\n<p>&nbsp;<\/p>\n<p><strong>Livello 2B \u2013 Conoscenze pratiche<\/strong><\/p>\n<p>\u00b7\u00a0\u00a0\u00a0\u00a0\u00a0\u00a0\u00a0\u00a0 Conoscenze pratiche: preparazione del lavoro;<\/p>\n<p>\u00b7\u00a0\u00a0\u00a0\u00a0\u00a0\u00a0\u00a0\u00a0 valutazione rischi;<\/p>\n<p>\u00b7\u00a0\u00a0\u00a0\u00a0\u00a0\u00a0\u00a0\u00a0 scambio informazioni;<\/p>\n<p>\u00b7\u00a0\u00a0\u00a0\u00a0\u00a0\u00a0\u00a0\u00a0 competenze nei singoli ruoli;<\/p>\n<p>\u00b7\u00a0\u00a0\u00a0\u00a0\u00a0\u00a0\u00a0\u00a0 analisi del lavoro;<\/p>\n<p>\u00b7\u00a0\u00a0\u00a0\u00a0\u00a0\u00a0\u00a0\u00a0 scelta attrezzatura;<\/p>\n<p>\u00b7\u00a0\u00a0\u00a0\u00a0\u00a0\u00a0\u00a0\u00a0 definizione del posto di lavoro;<\/p>\n<p>\u00b7\u00a0\u00a0\u00a0\u00a0\u00a0\u00a0\u00a0\u00a0 preparazione cantiere;<\/p>\n<p>\u00b7\u00a0\u00a0\u00a0\u00a0\u00a0\u00a0\u00a0\u00a0 protezione da parti prossime;<\/p>\n<p>\u00b7\u00a0\u00a0\u00a0\u00a0\u00a0\u00a0\u00a0\u00a0 sequenze operative dei lavori.<\/td>\n<\/tr>\n<\/tbody>\n<\/table>\n","protected":false},"excerpt":{"rendered":"<p>Titolo Corso di formazione teorico\/pratico per PAV, PES e PEI &nbsp; &nbsp; &nbsp; Destinatari Il percorso formativo \u00e8 rivolto a tutti coloro che operano in \u201clavori elettrici\u201d sia sotto tensione, sia fuori tensione. Responsabili (RSPP) e Addetti al Servizio di Prevenzione e Protezione (ASPP); personale che necessita di una conoscenza pi\u00f9 approfondita delle tematiche inerenti la sicurezza elettrica (preposti, capi [&hellip;]<\/p>\n","protected":false},"featured_media":2439,"template":"","meta":[],"product_brand":[],"product_cat":[28,916],"product_tag":[],"class_list":{"0":"post-2438","1":"product","2":"type-product","3":"status-publish","4":"has-post-thumbnail","6":"product_cat-corsi-sicurezza-d-lgs-81-08","7":"product_cat-blended","9":"first","10":"instock","11":"taxable","12":"shipping-taxable","13":"product-type-simple"},"yoast_head":"<!-- This site is optimized with the Yoast SEO plugin v25.4 - https:\/\/yoast.com\/wordpress\/plugins\/seo\/ -->\n<title>PES, PAV e PEI - Ampi Point Servizi emmegi<\/title>\n<meta name=\"robots\" content=\"index, follow, max-snippet:-1, max-image-preview:large, max-video-preview:-1\" \/>\n<link rel=\"canonical\" href=\"https:\/\/www.ampipointservizimg.it\/?product=pes-pav-e-pei\" \/>\n<meta property=\"og:locale\" content=\"it_IT\" \/>\n<meta property=\"og:type\" content=\"article\" \/>\n<meta property=\"og:title\" content=\"PES, PAV e PEI - Ampi Point Servizi emmegi\" \/>\n<meta property=\"og:description\" content=\"Titolo Corso di formazione teorico\/pratico per PAV, PES e PEI &nbsp; &nbsp; &nbsp; Destinatari Il percorso formativo \u00e8 rivolto a tutti coloro che operano in \u201clavori elettrici\u201d sia sotto tensione, sia fuori tensione. Responsabili (RSPP) e Addetti al Servizio di Prevenzione e Protezione (ASPP); personale che necessita di una conoscenza pi\u00f9 approfondita delle tematiche inerenti la sicurezza elettrica (preposti, capi [&hellip;]\" \/>\n<meta property=\"og:url\" content=\"https:\/\/www.ampipointservizimg.it\/?product=pes-pav-e-pei\" \/>\n<meta property=\"og:site_name\" content=\"Ampi Point Servizi emmegi\" \/>\n<meta property=\"article:modified_time\" content=\"2025-07-08T21:16:03+00:00\" \/>\n<meta property=\"og:image\" content=\"https:\/\/www.ampipointservizimg.it\/wp-content\/uploads\/2023\/06\/PES-PAV-e-PEI-icon.jpg\" \/>\n\t<meta property=\"og:image:width\" content=\"300\" \/>\n\t<meta property=\"og:image:height\" content=\"300\" \/>\n\t<meta property=\"og:image:type\" content=\"image\/jpeg\" \/>\n<meta name=\"twitter:card\" content=\"summary_large_image\" \/>\n<meta name=\"twitter:label1\" content=\"Tempo di lettura stimato\" \/>\n\t<meta name=\"twitter:data1\" content=\"4 minuti\" \/>\n<script type=\"application\/ld+json\" class=\"yoast-schema-graph\">{\"@context\":\"https:\/\/schema.org\",\"@graph\":[{\"@type\":\"WebPage\",\"@id\":\"https:\/\/www.ampipointservizimg.it\/?product=pes-pav-e-pei\",\"url\":\"https:\/\/www.ampipointservizimg.it\/?product=pes-pav-e-pei\",\"name\":\"PES, PAV e PEI - Ampi Point Servizi emmegi\",\"isPartOf\":{\"@id\":\"https:\/\/www.ampipointservizimg.it\/#website\"},\"primaryImageOfPage\":{\"@id\":\"https:\/\/www.ampipointservizimg.it\/?product=pes-pav-e-pei#primaryimage\"},\"image\":{\"@id\":\"https:\/\/www.ampipointservizimg.it\/?product=pes-pav-e-pei#primaryimage\"},\"thumbnailUrl\":\"https:\/\/www.ampipointservizimg.it\/wp-content\/uploads\/2023\/06\/PES-PAV-e-PEI-icon.jpg\",\"datePublished\":\"2023-06-09T14:57:15+00:00\",\"dateModified\":\"2025-07-08T21:16:03+00:00\",\"breadcrumb\":{\"@id\":\"https:\/\/www.ampipointservizimg.it\/?product=pes-pav-e-pei#breadcrumb\"},\"inLanguage\":\"it-IT\",\"potentialAction\":[{\"@type\":\"ReadAction\",\"target\":[\"https:\/\/www.ampipointservizimg.it\/?product=pes-pav-e-pei\"]}]},{\"@type\":\"ImageObject\",\"inLanguage\":\"it-IT\",\"@id\":\"https:\/\/www.ampipointservizimg.it\/?product=pes-pav-e-pei#primaryimage\",\"url\":\"https:\/\/www.ampipointservizimg.it\/wp-content\/uploads\/2023\/06\/PES-PAV-e-PEI-icon.jpg\",\"contentUrl\":\"https:\/\/www.ampipointservizimg.it\/wp-content\/uploads\/2023\/06\/PES-PAV-e-PEI-icon.jpg\",\"width\":300,\"height\":300},{\"@type\":\"BreadcrumbList\",\"@id\":\"https:\/\/www.ampipointservizimg.it\/?product=pes-pav-e-pei#breadcrumb\",\"itemListElement\":[{\"@type\":\"ListItem\",\"position\":1,\"name\":\"Home\",\"item\":\"https:\/\/www.ampipointservizimg.it\/\"},{\"@type\":\"ListItem\",\"position\":2,\"name\":\"Shop\",\"item\":\"https:\/\/www.ampipointservizimg.it\/?page_id=91\"},{\"@type\":\"ListItem\",\"position\":3,\"name\":\"PES, PAV e PEI\"}]},{\"@type\":\"WebSite\",\"@id\":\"https:\/\/www.ampipointservizimg.it\/#website\",\"url\":\"https:\/\/www.ampipointservizimg.it\/\",\"name\":\"Ampi Point Servizi emmegi\",\"description\":\"\",\"publisher\":{\"@id\":\"https:\/\/www.ampipointservizimg.it\/#organization\"},\"potentialAction\":[{\"@type\":\"SearchAction\",\"target\":{\"@type\":\"EntryPoint\",\"urlTemplate\":\"https:\/\/www.ampipointservizimg.it\/?s={search_term_string}\"},\"query-input\":{\"@type\":\"PropertyValueSpecification\",\"valueRequired\":true,\"valueName\":\"search_term_string\"}}],\"inLanguage\":\"it-IT\"},{\"@type\":\"Organization\",\"@id\":\"https:\/\/www.ampipointservizimg.it\/#organization\",\"name\":\"Sviluppo Qualit\u00e0\",\"alternateName\":\"Sviluppo Qualit\u00e0\",\"url\":\"https:\/\/www.ampipointservizimg.it\/\",\"logo\":{\"@type\":\"ImageObject\",\"inLanguage\":\"it-IT\",\"@id\":\"https:\/\/www.ampipointservizimg.it\/#\/schema\/logo\/image\/\",\"url\":\"https:\/\/www.ampipointservizimg.it\/wp-content\/uploads\/2025\/06\/cropped-logo_con_ampi-1.png\",\"contentUrl\":\"https:\/\/www.ampipointservizimg.it\/wp-content\/uploads\/2025\/06\/cropped-logo_con_ampi-1.png\",\"width\":2269,\"height\":544,\"caption\":\"Sviluppo Qualit\u00e0\"},\"image\":{\"@id\":\"https:\/\/www.ampipointservizimg.it\/#\/schema\/logo\/image\/\"}}]}<\/script>\n<!-- \/ Yoast SEO plugin. -->","yoast_head_json":{"title":"PES, PAV e PEI - Ampi Point Servizi emmegi","robots":{"index":"index","follow":"follow","max-snippet":"max-snippet:-1","max-image-preview":"max-image-preview:large","max-video-preview":"max-video-preview:-1"},"canonical":"https:\/\/www.ampipointservizimg.it\/?product=pes-pav-e-pei","og_locale":"it_IT","og_type":"article","og_title":"PES, PAV e PEI - Ampi Point Servizi emmegi","og_description":"Titolo Corso di formazione teorico\/pratico per PAV, PES e PEI &nbsp; &nbsp; &nbsp; Destinatari Il percorso formativo \u00e8 rivolto a tutti coloro che operano in \u201clavori elettrici\u201d sia sotto tensione, sia fuori tensione. Responsabili (RSPP) e Addetti al Servizio di Prevenzione e Protezione (ASPP); personale che necessita di una conoscenza pi\u00f9 approfondita delle tematiche inerenti la sicurezza elettrica (preposti, capi [&hellip;]","og_url":"https:\/\/www.ampipointservizimg.it\/?product=pes-pav-e-pei","og_site_name":"Ampi Point Servizi emmegi","article_modified_time":"2025-07-08T21:16:03+00:00","og_image":[{"width":300,"height":300,"url":"https:\/\/www.ampipointservizimg.it\/wp-content\/uploads\/2023\/06\/PES-PAV-e-PEI-icon.jpg","type":"image\/jpeg"}],"twitter_card":"summary_large_image","twitter_misc":{"Tempo di lettura stimato":"4 minuti"},"schema":{"@context":"https:\/\/schema.org","@graph":[{"@type":"WebPage","@id":"https:\/\/www.ampipointservizimg.it\/?product=pes-pav-e-pei","url":"https:\/\/www.ampipointservizimg.it\/?product=pes-pav-e-pei","name":"PES, PAV e PEI - Ampi Point Servizi emmegi","isPartOf":{"@id":"https:\/\/www.ampipointservizimg.it\/#website"},"primaryImageOfPage":{"@id":"https:\/\/www.ampipointservizimg.it\/?product=pes-pav-e-pei#primaryimage"},"image":{"@id":"https:\/\/www.ampipointservizimg.it\/?product=pes-pav-e-pei#primaryimage"},"thumbnailUrl":"https:\/\/www.ampipointservizimg.it\/wp-content\/uploads\/2023\/06\/PES-PAV-e-PEI-icon.jpg","datePublished":"2023-06-09T14:57:15+00:00","dateModified":"2025-07-08T21:16:03+00:00","breadcrumb":{"@id":"https:\/\/www.ampipointservizimg.it\/?product=pes-pav-e-pei#breadcrumb"},"inLanguage":"it-IT","potentialAction":[{"@type":"ReadAction","target":["https:\/\/www.ampipointservizimg.it\/?product=pes-pav-e-pei"]}]},{"@type":"ImageObject","inLanguage":"it-IT","@id":"https:\/\/www.ampipointservizimg.it\/?product=pes-pav-e-pei#primaryimage","url":"https:\/\/www.ampipointservizimg.it\/wp-content\/uploads\/2023\/06\/PES-PAV-e-PEI-icon.jpg","contentUrl":"https:\/\/www.ampipointservizimg.it\/wp-content\/uploads\/2023\/06\/PES-PAV-e-PEI-icon.jpg","width":300,"height":300},{"@type":"BreadcrumbList","@id":"https:\/\/www.ampipointservizimg.it\/?product=pes-pav-e-pei#breadcrumb","itemListElement":[{"@type":"ListItem","position":1,"name":"Home","item":"https:\/\/www.ampipointservizimg.it\/"},{"@type":"ListItem","position":2,"name":"Shop","item":"https:\/\/www.ampipointservizimg.it\/?page_id=91"},{"@type":"ListItem","position":3,"name":"PES, PAV e PEI"}]},{"@type":"WebSite","@id":"https:\/\/www.ampipointservizimg.it\/#website","url":"https:\/\/www.ampipointservizimg.it\/","name":"Ampi Point Servizi emmegi","description":"","publisher":{"@id":"https:\/\/www.ampipointservizimg.it\/#organization"},"potentialAction":[{"@type":"SearchAction","target":{"@type":"EntryPoint","urlTemplate":"https:\/\/www.ampipointservizimg.it\/?s={search_term_string}"},"query-input":{"@type":"PropertyValueSpecification","valueRequired":true,"valueName":"search_term_string"}}],"inLanguage":"it-IT"},{"@type":"Organization","@id":"https:\/\/www.ampipointservizimg.it\/#organization","name":"Sviluppo Qualit\u00e0","alternateName":"Sviluppo Qualit\u00e0","url":"https:\/\/www.ampipointservizimg.it\/","logo":{"@type":"ImageObject","inLanguage":"it-IT","@id":"https:\/\/www.ampipointservizimg.it\/#\/schema\/logo\/image\/","url":"https:\/\/www.ampipointservizimg.it\/wp-content\/uploads\/2025\/06\/cropped-logo_con_ampi-1.png","contentUrl":"https:\/\/www.ampipointservizimg.it\/wp-content\/uploads\/2025\/06\/cropped-logo_con_ampi-1.png","width":2269,"height":544,"caption":"Sviluppo Qualit\u00e0"},"image":{"@id":"https:\/\/www.ampipointservizimg.it\/#\/schema\/logo\/image\/"}}]}},"_links":{"self":[{"href":"https:\/\/www.ampipointservizimg.it\/index.php?rest_route=\/wp\/v2\/product\/2438","targetHints":{"allow":["GET"]}}],"collection":[{"href":"https:\/\/www.ampipointservizimg.it\/index.php?rest_route=\/wp\/v2\/product"}],"about":[{"href":"https:\/\/www.ampipointservizimg.it\/index.php?rest_route=\/wp\/v2\/types\/product"}],"wp:featuredmedia":[{"embeddable":true,"href":"https:\/\/www.ampipointservizimg.it\/index.php?rest_route=\/wp\/v2\/media\/2439"}],"wp:attachment":[{"href":"https:\/\/www.ampipointservizimg.it\/index.php?rest_route=%2Fwp%2Fv2%2Fmedia&parent=2438"}],"wp:term":[{"taxonomy":"product_brand","embeddable":true,"href":"https:\/\/www.ampipointservizimg.it\/index.php?rest_route=%2Fwp%2Fv2%2Fproduct_brand&post=2438"},{"taxonomy":"product_cat","embeddable":true,"href":"https:\/\/www.ampipointservizimg.it\/index.php?rest_route=%2Fwp%2Fv2%2Fproduct_cat&post=2438"},{"taxonomy":"product_tag","embeddable":true,"href":"https:\/\/www.ampipointservizimg.it\/index.php?rest_route=%2Fwp%2Fv2%2Fproduct_tag&post=2438"}],"curies":[{"name":"wp","href":"https:\/\/api.w.org\/{rel}","templated":true}]}}