{"id":2444,"date":"2023-06-09T17:19:30","date_gmt":"2023-06-09T15:19:30","guid":{"rendered":"https:\/\/new.sviluppoqualita.it\/?post_type=product&#038;p=2444"},"modified":"2025-07-08T23:16:02","modified_gmt":"2025-07-08T21:16:02","slug":"corso-rischio-legionella-prevenzione-e-controllo","status":"publish","type":"product","link":"https:\/\/www.ampipointservizimg.it\/?product=corso-rischio-legionella-prevenzione-e-controllo","title":{"rendered":"Corso Rischio Legionella: prevenzione e controllo"},"content":{"rendered":"<h2><strong>DESCRIZIONE E FINALIT\u00c0<\/strong><\/h2>\n<p>Il Corso online &#8220;<strong>Rischio Legionella: prevenzione e controllo<\/strong>&#8221; fornisce ai partecipanti le conoscenze di base per meglio comprendere il rischio Legionella nei luoghi di lavoro con l\u2019obiettivo di aumentare la consapevolezza sui rischi di Legionellosi connessi con le attivit\u00e0 lavorative e promuovere comportamenti volti al miglioramento degli esiti in termini di prevenzione per il lavoratore e per gli altri utenti della struttura. L&#8217;esposizione ad agenti biologici sui luoghi di lavoro \u00e8 normata dal Titolo X del D.lgs 81\/2008, la Legionella \u00e8 classificata al gruppo 2 tra gli agenti patogeni. Il rischio Legionellosi (biologico) pu\u00f2 essere presente in tutte le attivit\u00e0 con impianti che comportano un moderato riscaldamento dell&#8217;acqua (da 25 a 42\u00b0C) e la sua nebulizzazione (micro gocce dal diametro da 1 a 5 micron) tra cui impianti idrosanitari e di condizionamento.<\/p>\n<h2><strong>A CHI \u00c8 DESTINATO\u00a0 <\/strong><\/h2>\n<p>Il <strong>Corso &#8220;Rischio Legionella&#8221;<\/strong> si rivolge:<\/p>\n<ul>\n<li>RSPP, ASPP, consulenti in materia di salute e sicurezza sui luoghi di lavoro;<\/li>\n<li>Tecnici addetti alla verifica, manutenzione e controllo del funzionamento degli impianti;<\/li>\n<li>Progettisti termotecnici e civili.<\/li>\n<\/ul>\n<h2><strong>MODALIT\u00c0 E DURATA<\/strong><\/h2>\n<p>Il Corso &#8220;<strong>Rischio Legionella: prevenzione e controllo<\/strong>&#8221; viene erogato in modalit\u00e0 <strong>e-learning<\/strong> ed ha una durata complessiva di <strong>4 ore<\/strong>. Al momento dell&#8217;iscrizione verranno fornite le Credenziali d&#8217;accesso alla Piattaforma. Ogni utente avr\u00e0 cos\u00ec modo di usufruire della propria Area Utente in cui trover\u00e0 tutto il materiale didattico da utilizzare durante il corso.<\/p>\n<h2><strong>PROGRAMMA E DOCENTI<\/strong><\/h2>\n<p>Il <strong>Programma<\/strong> del Corso Rischio Legionella online \u00e8 costituito da 6 capitali in cui vengono trattate le seguenti tematiche:<\/p>\n<ul>\n<li><strong>CAPITOLO 1 &#8211; Legionellosi:<\/strong>\n<ul>\n<li><em>Caratteristiche del batterio Legionella; <\/em><\/li>\n<li><em>La fonte energetica della Legionella; <\/em><\/li>\n<li><em>Tipi di malattie;<\/em><\/li>\n<li><em>Prevalenza e fattori di rischio; <\/em><\/li>\n<li><em>Trattamento della malattia del legionario; <\/em><\/li>\n<li><em>Tipi di organismi che causano malattie; <\/em><\/li>\n<li><em>Virulenza e patogenicit\u00e0.<\/em><\/li>\n<\/ul>\n<\/li>\n<li><strong>CAPITOLO 2 &#8211; Ecologia e fonti ambientali di Legionella:<\/strong>\n<ul>\n<li><em>Fonti naturali di Legionella;<\/em><\/li>\n<li><em>Fattori che influenzano la crescita di Legionella; <\/em><\/li>\n<li><em>Biofilm; <\/em><\/li>\n<li><em>Fonti di infezione da Legionella.<\/em><\/li>\n<\/ul>\n<\/li>\n<li><strong>CAPITOLO 3 &#8211; Approcci alla gestione del rischio:<\/strong>\n<ul>\n<li><em>Esposizione ambientale e malattie; <\/em><\/li>\n<li><em>Obiettivi basati sulla salute; <\/em><\/li>\n<li><em>Piani di sicurezza dell&#8217;acqua;<\/em><\/li>\n<li><em>Valutazione del sistema; <\/em><\/li>\n<li><em>Monitoraggio; <\/em><\/li>\n<li><em>Gestione e comunicazione.<\/em><\/li>\n<\/ul>\n<\/li>\n<li><strong>CAPITOLO 4 &#8211; Protocollo di controllo del rischio legionellosi:<\/strong>\n<ul>\n<li><em>Valutazione e gestione del rischio nelle strutture sanitarie; <\/em><\/li>\n<li><em>Valutazione del rischio; <\/em><\/li>\n<li><em>Gestione del rischio; <\/em><\/li>\n<li><em>Campionamento; <\/em><\/li>\n<li><em>Prevenzione della legionellosi correlata a procedure assistenziali;<\/em><\/li>\n<li><em>Diagnosi di legionellosi e sorveglianza attiva.<\/em><\/li>\n<\/ul>\n<\/li>\n<li><strong>CAPITOLO 5 &#8211; Sorveglianza e indagine epidemiologica:<\/strong>\n<ul>\n<li><em>La Sorveglianza epidemiologica della legionellosi;<\/em><\/li>\n<li><em>Il sistema di sorveglianza speciale: il registro nazionale della legionellosi; <\/em><\/li>\n<li><em>L&#8217;indagine epidemiologica.<\/em><\/li>\n<\/ul>\n<\/li>\n<li><strong>CAPITOLO 6 &#8211; Indicazioni per la realizzazione e la gestione degli impianti:<\/strong>\n<ul>\n<li><em>Impianti idro-sanitari;<\/em><\/li>\n<li><em>Impianti aeraulici; <\/em><\/li>\n<li><em>Torri di raffreddamento e condensatori evaporativi;<\/em><\/li>\n<li><em>Gestione degli impianti idro-sanitari; <\/em><\/li>\n<li><em>Gestione degli impianti aeraulici; <\/em><\/li>\n<li><em>Sanificazione dell&#8217;impianto; <\/em><\/li>\n<li><em>Gestione degli impianti di raffreddamento a torri evaporative o a condensatori evaporativi; <\/em><\/li>\n<li><em>Documentazione degli interventi<\/em><\/li>\n<\/ul>\n<\/li>\n<\/ul>\n<h2><strong>VALUTAZIONE E CERTIFICAZIONE<\/strong><\/h2>\n<p>Alla fine di ogni capitolo del Corso \u00e8 prevista una breve prova d&#8217;esame per verificare, mano mano, il livello di apprendimento . La prova sar\u00e0 composta da domande a risposta multipla su tutti gli argomenti contenuti all&#8217;interno del capito terminato. Al termine delle lezioni e al superamento dell&#8217;esame conclusivo verr\u00e0 rilasciato l&#8217;<strong>Attestato di Frequenza del Corso &#8220;<em>Il rischio Legionella: prevenzione e controllo&#8221;<\/em><\/strong>.<\/p>\n","protected":false},"excerpt":{"rendered":"<p>DESCRIZIONE E FINALIT\u00c0 Il Corso online &#8220;Rischio Legionella: prevenzione e controllo&#8221; fornisce ai partecipanti le conoscenze di base per meglio comprendere il rischio Legionella nei luoghi di lavoro con l\u2019obiettivo di aumentare la consapevolezza sui rischi di Legionellosi connessi con le attivit\u00e0 lavorative e promuovere comportamenti volti al miglioramento degli esiti in termini di prevenzione per il lavoratore e per [&hellip;]<\/p>\n","protected":false},"featured_media":2445,"template":"","meta":[],"product_brand":[],"product_cat":[28,917],"product_tag":[],"class_list":{"0":"post-2444","1":"product","2":"type-product","3":"status-publish","4":"has-post-thumbnail","6":"product_cat-corsi-sicurezza-d-lgs-81-08","7":"product_cat-corsi-fad","9":"first","10":"instock","11":"taxable","12":"shipping-taxable","13":"purchasable","14":"product-type-simple"},"yoast_head":"<!-- This site is optimized with the Yoast SEO plugin v25.4 - https:\/\/yoast.com\/wordpress\/plugins\/seo\/ -->\n<title>Corso Rischio Legionella: prevenzione e controllo - Ampi Point Servizi emmegi<\/title>\n<meta name=\"robots\" content=\"index, follow, max-snippet:-1, max-image-preview:large, max-video-preview:-1\" \/>\n<link rel=\"canonical\" href=\"https:\/\/www.ampipointservizimg.it\/?product=corso-rischio-legionella-prevenzione-e-controllo\" \/>\n<meta property=\"og:locale\" content=\"it_IT\" \/>\n<meta property=\"og:type\" content=\"article\" \/>\n<meta property=\"og:title\" content=\"Corso Rischio Legionella: prevenzione e controllo - Ampi Point Servizi emmegi\" \/>\n<meta property=\"og:description\" content=\"DESCRIZIONE E FINALIT\u00c0 Il Corso online &#8220;Rischio Legionella: prevenzione e controllo&#8221; fornisce ai partecipanti le conoscenze di base per meglio comprendere il rischio Legionella nei luoghi di lavoro con l\u2019obiettivo di aumentare la consapevolezza sui rischi di Legionellosi connessi con le attivit\u00e0 lavorative e promuovere comportamenti volti al miglioramento degli esiti in termini di prevenzione per il lavoratore e per [&hellip;]\" \/>\n<meta property=\"og:url\" content=\"https:\/\/www.ampipointservizimg.it\/?product=corso-rischio-legionella-prevenzione-e-controllo\" \/>\n<meta property=\"og:site_name\" content=\"Ampi Point Servizi emmegi\" \/>\n<meta property=\"article:modified_time\" content=\"2025-07-08T21:16:02+00:00\" \/>\n<meta property=\"og:image\" content=\"https:\/\/www.ampipointservizimg.it\/wp-content\/uploads\/2023\/06\/rischio-legionella_icon.jpg\" \/>\n\t<meta property=\"og:image:width\" content=\"400\" \/>\n\t<meta property=\"og:image:height\" content=\"400\" \/>\n\t<meta property=\"og:image:type\" content=\"image\/jpeg\" \/>\n<meta name=\"twitter:card\" content=\"summary_large_image\" \/>\n<meta name=\"twitter:label1\" content=\"Tempo di lettura stimato\" \/>\n\t<meta name=\"twitter:data1\" content=\"2 minuti\" \/>\n<script type=\"application\/ld+json\" class=\"yoast-schema-graph\">{\"@context\":\"https:\/\/schema.org\",\"@graph\":[{\"@type\":\"WebPage\",\"@id\":\"https:\/\/www.ampipointservizimg.it\/?product=corso-rischio-legionella-prevenzione-e-controllo\",\"url\":\"https:\/\/www.ampipointservizimg.it\/?product=corso-rischio-legionella-prevenzione-e-controllo\",\"name\":\"Corso Rischio Legionella: prevenzione e controllo - Ampi Point Servizi emmegi\",\"isPartOf\":{\"@id\":\"https:\/\/www.ampipointservizimg.it\/#website\"},\"primaryImageOfPage\":{\"@id\":\"https:\/\/www.ampipointservizimg.it\/?product=corso-rischio-legionella-prevenzione-e-controllo#primaryimage\"},\"image\":{\"@id\":\"https:\/\/www.ampipointservizimg.it\/?product=corso-rischio-legionella-prevenzione-e-controllo#primaryimage\"},\"thumbnailUrl\":\"https:\/\/www.ampipointservizimg.it\/wp-content\/uploads\/2023\/06\/rischio-legionella_icon.jpg\",\"datePublished\":\"2023-06-09T15:19:30+00:00\",\"dateModified\":\"2025-07-08T21:16:02+00:00\",\"breadcrumb\":{\"@id\":\"https:\/\/www.ampipointservizimg.it\/?product=corso-rischio-legionella-prevenzione-e-controllo#breadcrumb\"},\"inLanguage\":\"it-IT\",\"potentialAction\":[{\"@type\":\"ReadAction\",\"target\":[\"https:\/\/www.ampipointservizimg.it\/?product=corso-rischio-legionella-prevenzione-e-controllo\"]}]},{\"@type\":\"ImageObject\",\"inLanguage\":\"it-IT\",\"@id\":\"https:\/\/www.ampipointservizimg.it\/?product=corso-rischio-legionella-prevenzione-e-controllo#primaryimage\",\"url\":\"https:\/\/www.ampipointservizimg.it\/wp-content\/uploads\/2023\/06\/rischio-legionella_icon.jpg\",\"contentUrl\":\"https:\/\/www.ampipointservizimg.it\/wp-content\/uploads\/2023\/06\/rischio-legionella_icon.jpg\",\"width\":400,\"height\":400},{\"@type\":\"BreadcrumbList\",\"@id\":\"https:\/\/www.ampipointservizimg.it\/?product=corso-rischio-legionella-prevenzione-e-controllo#breadcrumb\",\"itemListElement\":[{\"@type\":\"ListItem\",\"position\":1,\"name\":\"Home\",\"item\":\"https:\/\/www.ampipointservizimg.it\/\"},{\"@type\":\"ListItem\",\"position\":2,\"name\":\"Shop\",\"item\":\"https:\/\/www.ampipointservizimg.it\/?page_id=91\"},{\"@type\":\"ListItem\",\"position\":3,\"name\":\"Corso Rischio Legionella: prevenzione e controllo\"}]},{\"@type\":\"WebSite\",\"@id\":\"https:\/\/www.ampipointservizimg.it\/#website\",\"url\":\"https:\/\/www.ampipointservizimg.it\/\",\"name\":\"Ampi Point Servizi emmegi\",\"description\":\"\",\"publisher\":{\"@id\":\"https:\/\/www.ampipointservizimg.it\/#organization\"},\"potentialAction\":[{\"@type\":\"SearchAction\",\"target\":{\"@type\":\"EntryPoint\",\"urlTemplate\":\"https:\/\/www.ampipointservizimg.it\/?s={search_term_string}\"},\"query-input\":{\"@type\":\"PropertyValueSpecification\",\"valueRequired\":true,\"valueName\":\"search_term_string\"}}],\"inLanguage\":\"it-IT\"},{\"@type\":\"Organization\",\"@id\":\"https:\/\/www.ampipointservizimg.it\/#organization\",\"name\":\"Sviluppo Qualit\u00e0\",\"alternateName\":\"Sviluppo Qualit\u00e0\",\"url\":\"https:\/\/www.ampipointservizimg.it\/\",\"logo\":{\"@type\":\"ImageObject\",\"inLanguage\":\"it-IT\",\"@id\":\"https:\/\/www.ampipointservizimg.it\/#\/schema\/logo\/image\/\",\"url\":\"https:\/\/www.ampipointservizimg.it\/wp-content\/uploads\/2025\/06\/cropped-logo_con_ampi-1.png\",\"contentUrl\":\"https:\/\/www.ampipointservizimg.it\/wp-content\/uploads\/2025\/06\/cropped-logo_con_ampi-1.png\",\"width\":2269,\"height\":544,\"caption\":\"Sviluppo Qualit\u00e0\"},\"image\":{\"@id\":\"https:\/\/www.ampipointservizimg.it\/#\/schema\/logo\/image\/\"}}]}<\/script>\n<!-- \/ Yoast SEO plugin. -->","yoast_head_json":{"title":"Corso Rischio Legionella: prevenzione e controllo - Ampi Point Servizi emmegi","robots":{"index":"index","follow":"follow","max-snippet":"max-snippet:-1","max-image-preview":"max-image-preview:large","max-video-preview":"max-video-preview:-1"},"canonical":"https:\/\/www.ampipointservizimg.it\/?product=corso-rischio-legionella-prevenzione-e-controllo","og_locale":"it_IT","og_type":"article","og_title":"Corso Rischio Legionella: prevenzione e controllo - Ampi Point Servizi emmegi","og_description":"DESCRIZIONE E FINALIT\u00c0 Il Corso online &#8220;Rischio Legionella: prevenzione e controllo&#8221; fornisce ai partecipanti le conoscenze di base per meglio comprendere il rischio Legionella nei luoghi di lavoro con l\u2019obiettivo di aumentare la consapevolezza sui rischi di Legionellosi connessi con le attivit\u00e0 lavorative e promuovere comportamenti volti al miglioramento degli esiti in termini di prevenzione per il lavoratore e per [&hellip;]","og_url":"https:\/\/www.ampipointservizimg.it\/?product=corso-rischio-legionella-prevenzione-e-controllo","og_site_name":"Ampi Point Servizi emmegi","article_modified_time":"2025-07-08T21:16:02+00:00","og_image":[{"width":400,"height":400,"url":"https:\/\/www.ampipointservizimg.it\/wp-content\/uploads\/2023\/06\/rischio-legionella_icon.jpg","type":"image\/jpeg"}],"twitter_card":"summary_large_image","twitter_misc":{"Tempo di lettura stimato":"2 minuti"},"schema":{"@context":"https:\/\/schema.org","@graph":[{"@type":"WebPage","@id":"https:\/\/www.ampipointservizimg.it\/?product=corso-rischio-legionella-prevenzione-e-controllo","url":"https:\/\/www.ampipointservizimg.it\/?product=corso-rischio-legionella-prevenzione-e-controllo","name":"Corso Rischio Legionella: prevenzione e controllo - Ampi Point Servizi emmegi","isPartOf":{"@id":"https:\/\/www.ampipointservizimg.it\/#website"},"primaryImageOfPage":{"@id":"https:\/\/www.ampipointservizimg.it\/?product=corso-rischio-legionella-prevenzione-e-controllo#primaryimage"},"image":{"@id":"https:\/\/www.ampipointservizimg.it\/?product=corso-rischio-legionella-prevenzione-e-controllo#primaryimage"},"thumbnailUrl":"https:\/\/www.ampipointservizimg.it\/wp-content\/uploads\/2023\/06\/rischio-legionella_icon.jpg","datePublished":"2023-06-09T15:19:30+00:00","dateModified":"2025-07-08T21:16:02+00:00","breadcrumb":{"@id":"https:\/\/www.ampipointservizimg.it\/?product=corso-rischio-legionella-prevenzione-e-controllo#breadcrumb"},"inLanguage":"it-IT","potentialAction":[{"@type":"ReadAction","target":["https:\/\/www.ampipointservizimg.it\/?product=corso-rischio-legionella-prevenzione-e-controllo"]}]},{"@type":"ImageObject","inLanguage":"it-IT","@id":"https:\/\/www.ampipointservizimg.it\/?product=corso-rischio-legionella-prevenzione-e-controllo#primaryimage","url":"https:\/\/www.ampipointservizimg.it\/wp-content\/uploads\/2023\/06\/rischio-legionella_icon.jpg","contentUrl":"https:\/\/www.ampipointservizimg.it\/wp-content\/uploads\/2023\/06\/rischio-legionella_icon.jpg","width":400,"height":400},{"@type":"BreadcrumbList","@id":"https:\/\/www.ampipointservizimg.it\/?product=corso-rischio-legionella-prevenzione-e-controllo#breadcrumb","itemListElement":[{"@type":"ListItem","position":1,"name":"Home","item":"https:\/\/www.ampipointservizimg.it\/"},{"@type":"ListItem","position":2,"name":"Shop","item":"https:\/\/www.ampipointservizimg.it\/?page_id=91"},{"@type":"ListItem","position":3,"name":"Corso Rischio Legionella: prevenzione e controllo"}]},{"@type":"WebSite","@id":"https:\/\/www.ampipointservizimg.it\/#website","url":"https:\/\/www.ampipointservizimg.it\/","name":"Ampi Point Servizi emmegi","description":"","publisher":{"@id":"https:\/\/www.ampipointservizimg.it\/#organization"},"potentialAction":[{"@type":"SearchAction","target":{"@type":"EntryPoint","urlTemplate":"https:\/\/www.ampipointservizimg.it\/?s={search_term_string}"},"query-input":{"@type":"PropertyValueSpecification","valueRequired":true,"valueName":"search_term_string"}}],"inLanguage":"it-IT"},{"@type":"Organization","@id":"https:\/\/www.ampipointservizimg.it\/#organization","name":"Sviluppo Qualit\u00e0","alternateName":"Sviluppo Qualit\u00e0","url":"https:\/\/www.ampipointservizimg.it\/","logo":{"@type":"ImageObject","inLanguage":"it-IT","@id":"https:\/\/www.ampipointservizimg.it\/#\/schema\/logo\/image\/","url":"https:\/\/www.ampipointservizimg.it\/wp-content\/uploads\/2025\/06\/cropped-logo_con_ampi-1.png","contentUrl":"https:\/\/www.ampipointservizimg.it\/wp-content\/uploads\/2025\/06\/cropped-logo_con_ampi-1.png","width":2269,"height":544,"caption":"Sviluppo Qualit\u00e0"},"image":{"@id":"https:\/\/www.ampipointservizimg.it\/#\/schema\/logo\/image\/"}}]}},"_links":{"self":[{"href":"https:\/\/www.ampipointservizimg.it\/index.php?rest_route=\/wp\/v2\/product\/2444","targetHints":{"allow":["GET"]}}],"collection":[{"href":"https:\/\/www.ampipointservizimg.it\/index.php?rest_route=\/wp\/v2\/product"}],"about":[{"href":"https:\/\/www.ampipointservizimg.it\/index.php?rest_route=\/wp\/v2\/types\/product"}],"wp:featuredmedia":[{"embeddable":true,"href":"https:\/\/www.ampipointservizimg.it\/index.php?rest_route=\/wp\/v2\/media\/2445"}],"wp:attachment":[{"href":"https:\/\/www.ampipointservizimg.it\/index.php?rest_route=%2Fwp%2Fv2%2Fmedia&parent=2444"}],"wp:term":[{"taxonomy":"product_brand","embeddable":true,"href":"https:\/\/www.ampipointservizimg.it\/index.php?rest_route=%2Fwp%2Fv2%2Fproduct_brand&post=2444"},{"taxonomy":"product_cat","embeddable":true,"href":"https:\/\/www.ampipointservizimg.it\/index.php?rest_route=%2Fwp%2Fv2%2Fproduct_cat&post=2444"},{"taxonomy":"product_tag","embeddable":true,"href":"https:\/\/www.ampipointservizimg.it\/index.php?rest_route=%2Fwp%2Fv2%2Fproduct_tag&post=2444"}],"curies":[{"name":"wp","href":"https:\/\/api.w.org\/{rel}","templated":true}]}}