{"id":2446,"date":"2023-06-09T17:33:37","date_gmt":"2023-06-09T15:33:37","guid":{"rendered":"https:\/\/new.sviluppoqualita.it\/?post_type=product&#038;p=2446"},"modified":"2025-07-08T23:16:02","modified_gmt":"2025-07-08T21:16:02","slug":"covid-manager","status":"publish","type":"product","link":"https:\/\/www.ampipointservizimg.it\/?product=covid-manager","title":{"rendered":"Covid Manager"},"content":{"rendered":"<h2>DESCRIZIONE E FINALIT\u00c0<\/h2>\n<p>Il <strong>Corso Covid Manager<\/strong> ha l&#8217;obiettivo \u00e8 approfondire conoscenze, competenze e responsabilit\u00e0 di coloro che svolgono funzioni di coordinamento per l\u2019attuazione delle misure di prevenzione e controllo anti-contagio da Covid-19 nonch\u00e9 punto di contatto per le strutture del Sistema Sanitario Regionale. Dai primi casi di Sars-CoV-2, risalenti a febbraio 2020, il legislatore italiano ha provveduto ad emanare dei protocolli anti-contagio da applicare nelle attivit\u00e0 produttive industriali e commerciali, indicando specifiche misure di sicurezza da adottare attraverso protocolli anti-contagio interni. Il Corso Covid Manager online fornisce il quadro normativo, gli strumenti operativi e gli esempi pratici utili per chi, incaricato dalla propria azienda o come soggetto esterno, assumer\u00e0 l\u2019incarico di Covid Manager, definendone i requisiti, i compiti e le responsabilit\u00e0.<\/p>\n<h2>A CHI \u00c8 DESTINATO<\/h2>\n<p>Il <strong>Corso Covid Manager<\/strong> \u00e8 consigliato a tutti coloro che hanno necessit\u00e0 di apprendere tutte le competenze necessarie per fronteggiare e gestire l&#8217;emergenza sanitaria dovuta al Covid 19 e che devono ricoprire, appunto, <a href=\"https:\/\/www.portalenetworkgtc.it\/2021\/05\/25\/covid-manager-corso-formazione\/\">il ruolo di Covid Manager<\/a>. In particolare:<\/p>\n<ul>\n<li><em>Personale che ha responsabilit\u00e0 di Covid Management;<\/em><\/li>\n<li><em>Dirigenti per la sicurezza;<\/em><\/li>\n<li><em>RSPP, ASPP;<\/em><\/li>\n<li><em>Consulenti sulla salute e sulla sicurezza del lavoro;<\/em><\/li>\n<li><em>Tecnici della prevenzione.<\/em><\/li>\n<\/ul>\n<p>Oltre alla formazione sulla gestione dell&#8217;emergenza Covid 19, Network GTC offre a tutti la possibilit\u00e0 di formarsi anche su come evitare o ridurre il rischio di contagio nei luoghi di lavoro, sia ai <a href=\"https:\/\/shop.networkgtc.it\/prodotto\/rischio-biologico-covid-19-lavoratori\/\">dipendenti<\/a> sia ai<a href=\"https:\/\/shop.networkgtc.it\/prodotto\/rischio-biologico-covid-19\/\"> datori di lavoro.<\/a><\/p>\n<h2>MODALIT\u00c0 E DURATA<\/h2>\n<p>Il<strong> Corso Covid Manager <\/strong>ha una durata di<strong> 8 ore<\/strong> ed\u00a0\u00e8 erogato completamente <strong>online<\/strong> per dare la possibilit\u00e0 a tutti di poter seguire le lezioni da qualsiasi luogo e in qualsiasi orario. Al momento dell&#8217;iscrizione al Corso, verranno fornite le credenziali d&#8217;accesso all&#8217;<strong>Area Utente Privata<\/strong> della Piattaforma che monitora in tempo reale l&#8217;avanzamento delle attivit\u00e0. Acquistando il corso, ogni utente avr\u00e0 a diposizione:<\/p>\n<ul>\n<li><strong>Materiale didattico;<\/strong><\/li>\n<li><strong>Videolezioni e Dispense;<\/strong><\/li>\n<li><strong>Sitografia e Bibliografia;<\/strong><\/li>\n<li><strong>File per esercitazioni.<\/strong><\/li>\n<\/ul>\n<h2>PROGRAMMA E DOCENTI<\/h2>\n<p>Il <strong>Programma<\/strong> \u00e8 costituito da <strong>4 Aree<\/strong> differenti d&#8217;Apprendimento:<\/p>\n<ul>\n<li><strong>AREA TECNICA<\/strong> (2 ore):\n<ul>\n<li>I Protocolli nazionali condivisi di regolamentazione delle misure per il contrasto e il contenimento della diffusione del Coronavirus SARS-CoV-2 per le sedi aziendali e per i cantieri;<\/li>\n<li>I dispositivi di protezione individuali (DPI) per contenere il contagio da COVID-19: caratteristiche tecniche, scelta e corrette modalit\u00e0 di utilizzo delle mascherine per la protezione delle vie respiratorie (chirurgiche, FFP2 e FFP3);<\/li>\n<li>Applicare le misure anti-contagio COVID-19 richieste dai protocolli nazionali nelle aziende: casi tipici;<\/li>\n<li>Esempi pratici di una corretta applicazione delle misure tecnico-organizzative anti-contagio per la tutela dei lavoratori in azienda;<\/li>\n<li>Modifiche sull\u2019organizzazione aziendale per contenere il contagio da COVID-19 ed effetti sulle misure per la salute e sicurezza del lavoro;<\/li>\n<li>La normativa sulla tutela della salute e sicurezza dei lavoratori in \u201cSmartworking\u201d;<\/li>\n<li>INAIL e COVID-19: cosa significa infortunio da \u201cCoronavirus\u201d SARS-CoV-2;<\/li>\n<li>Pulizia e sanificazione degli ambienti di lavoro: come e quando effettuarle;<\/li>\n<li>Illustrazione della Check list di controllo per la corretta attuazione delle misure anti-contagio COVID-19;<\/li>\n<\/ul>\n<\/li>\n<\/ul>\n<p>&nbsp;<\/p>\n<ul>\n<li><strong>AREA PSICOLOGICA E COMUNICAZIONE<\/strong>\u00a0(2 ore):\n<ul>\n<li>La situazione di emergenza sanitaria dovuta alla pandemia da COVID-19 e il vissuto di incertezza: reazioni emotive e bisogni degli individui e dei diversi ruoli aziendali;<\/li>\n<li>Lo stress correlato alla pandemia da SARS-CoV-2 (Coronavirus) e alle restrizioni imposte per limitare il contagio: effetti sulle emozioni (paura, ansia, rabbia), sui comportamenti (adesione, contestazione o rifiuto delle regole), sulle relazioni (unione contro un nemico comune o conflittualit\u00e0 interna), sulla prestazione lavorativa (riorganizzazione a turni, distanza interpersonale, ulteriori DPI, smartworking);<\/li>\n<li>Competenze tecniche e trasversali richieste al Covid-manager: l\u2019importanza delle soft skills;<\/li>\n<li>Gli stili di leadership secondo la teoria della leadership situazionale;<\/li>\n<li>La funzione del leader nell\u2019affrontare le situazioni di emergenza;<\/li>\n<li>Gli interlocutori aziendali del Covid-manager: Datore di Lavoro, RSPP, ASPP, RLS, Medico competente, dirigenti e preposti, lavoratori;<\/li>\n<li>Possibili criticit\u00e0 nella relazione con gli interlocutori e modalit\u00e0 di gestirle;<\/li>\n<li>Le competenze comunicative del leader: ascolto attivo ed empatico, comunicazione assertiva in situazione di emergenza, comunicazione non violenta per la gestione dei conflitti;<\/li>\n<\/ul>\n<\/li>\n<\/ul>\n<p>&nbsp;<\/p>\n<ul>\n<li><strong>AREA SANITARIA<\/strong>\u00a0(2 ore):\n<ul>\n<li>Il virus SARS-CoV-2 (Coronavirus): caratteristiche fondamentali;<\/li>\n<li>La malattia causata dal virus SARS-CoV-2: concetti di epidemiologia per comprendere nascita e sviluppo della pandemia da COVID-19;<\/li>\n<li>Le principali vie di trasmissione e contagio da Coronavirus SARS-CoV-2 e i sintomi caratteristici;<\/li>\n<li>Il ruolo del Medico Competente aziendale (D. Lgs. 81\/08) nella gestione del Rischio da COVID-19;<\/li>\n<li>La Sorveglianza Sanitaria nella pandemia: criticit\u00e0 e importanza;<\/li>\n<li>La gestione di persone sintomatiche in Azienda: misure di gestione immediata e successiva all\u2019allontanamento;<\/li>\n<li>I lavoratori \u201cFragili\u201d: chi sono e come gestire la loro presenza in azienda;<\/li>\n<li>Il reintegro dei lavoratori che hanno superato l\u2019infezione Covid-19;<\/li>\n<li>Gli screening test in azienda (tamponi e test sierologici): a cosa servono e quando farli;<\/li>\n<\/ul>\n<\/li>\n<\/ul>\n<p>&nbsp;<\/p>\n<ul>\n<li><strong>AREA NORMATIVA<\/strong>\u00a0(2 ore):\n<ul>\n<li>Valutazione dei rischi nei luoghi di lavoro (D. Lgs. 81\/08): come classificare il rischio da COVID-19.<\/li>\n<li>Impatto delle misure anti-contagio sulla valutazione dei rischi per la salute e sicurezza dei lavoratori prevista dal D. Lgs. 81\/08;<\/li>\n<li>Il ruolo del COVID-MANAGER nella valutazione dei rischi per la salute e sicurezza del lavoro;<\/li>\n<li>L\u2019aggiornamento del Documento di Valutazione dei Rischi e le procedure di lavoro;<\/li>\n<li>Covid Manager, Datore di lavoro, Dirigenti, Preposti, RSPP e Consulenti: Responsabilit\u00e0 penali e civili in caso di morte o lesioni patite da uno o pi\u00f9 lavoratori per causa del \u201cCoronavirus\u201d;<\/li>\n<li>I requisiti previsti dall\u2019art. 30 del D. Lgs. 81\/08 per l\u2019adozione di un Modello di Organizzazione e Gestione di cui al D. Lgs. 231\/01 idoneo a prevenire i reati in materia di sicurezza del lavoro in rapporto alle nuove disposizioni statali e regionali per la prevenzione del contagio da COVID-19: sovrapposizioni e novit\u00e0;<\/li>\n<li>Obblighi od opportunit\u00e0 di aggiornamento del Modello organizzativo previsto dal D. Lgs. 231\/01 aziendale.<\/li>\n<\/ul>\n<\/li>\n<\/ul>\n<p>ll Corso formazione Covid Manager \u00e8 tenuto da<strong> Docenti Esperti<\/strong> nel settore.<\/p>\n<h2>VALUTAZIONE E CERTIFICAZIONE<\/h2>\n<p>Al termine del Corso formativo ogni iscritto dovr\u00e0 sostenere una <strong>verifica finale<\/strong> costituita da<em> domande a risposta multipla<\/em>. Tutti coloro che riusciranno ad ottenere una valutazione sufficiente riceveranno l<strong>&#8216;Attestato di frequenza &#8220;Covid Manager&#8221; &#8211; durata 8 ore.<\/strong> <em>In caso contrario, Network GTC ti permette di poter riprovare l&#8217;esame fino al superamento!<\/em><\/p>\n","protected":false},"excerpt":{"rendered":"<p>DESCRIZIONE E FINALIT\u00c0 Il Corso Covid Manager ha l&#8217;obiettivo \u00e8 approfondire conoscenze, competenze e responsabilit\u00e0 di coloro che svolgono funzioni di coordinamento per l\u2019attuazione delle misure di prevenzione e controllo anti-contagio da Covid-19 nonch\u00e9 punto di contatto per le strutture del Sistema Sanitario Regionale. Dai primi casi di Sars-CoV-2, risalenti a febbraio 2020, il legislatore italiano ha provveduto ad emanare [&hellip;]<\/p>\n","protected":false},"featured_media":2447,"template":"","meta":[],"product_brand":[],"product_cat":[28,917],"product_tag":[],"class_list":{"0":"post-2446","1":"product","2":"type-product","3":"status-publish","4":"has-post-thumbnail","6":"product_cat-corsi-sicurezza-d-lgs-81-08","7":"product_cat-corsi-fad","9":"first","10":"instock","11":"taxable","12":"shipping-taxable","13":"purchasable","14":"product-type-simple"},"yoast_head":"<!-- This site is optimized with the Yoast SEO plugin v25.4 - https:\/\/yoast.com\/wordpress\/plugins\/seo\/ -->\n<title>Covid Manager - Ampi Point Servizi emmegi<\/title>\n<meta name=\"robots\" content=\"index, follow, max-snippet:-1, max-image-preview:large, max-video-preview:-1\" \/>\n<link rel=\"canonical\" href=\"https:\/\/www.ampipointservizimg.it\/?product=covid-manager\" \/>\n<meta property=\"og:locale\" content=\"it_IT\" \/>\n<meta property=\"og:type\" content=\"article\" \/>\n<meta property=\"og:title\" content=\"Covid Manager - Ampi Point Servizi emmegi\" \/>\n<meta property=\"og:description\" content=\"DESCRIZIONE E FINALIT\u00c0 Il Corso Covid Manager ha l&#8217;obiettivo \u00e8 approfondire conoscenze, competenze e responsabilit\u00e0 di coloro che svolgono funzioni di coordinamento per l\u2019attuazione delle misure di prevenzione e controllo anti-contagio da Covid-19 nonch\u00e9 punto di contatto per le strutture del Sistema Sanitario Regionale. Dai primi casi di Sars-CoV-2, risalenti a febbraio 2020, il legislatore italiano ha provveduto ad emanare [&hellip;]\" \/>\n<meta property=\"og:url\" content=\"https:\/\/www.ampipointservizimg.it\/?product=covid-manager\" \/>\n<meta property=\"og:site_name\" content=\"Ampi Point Servizi emmegi\" \/>\n<meta property=\"article:modified_time\" content=\"2025-07-08T21:16:02+00:00\" \/>\n<meta property=\"og:image\" content=\"https:\/\/www.ampipointservizimg.it\/wp-content\/uploads\/2023\/06\/covid-manager_icon.jpg\" \/>\n\t<meta property=\"og:image:width\" content=\"400\" \/>\n\t<meta property=\"og:image:height\" content=\"400\" \/>\n\t<meta property=\"og:image:type\" content=\"image\/jpeg\" \/>\n<meta name=\"twitter:card\" content=\"summary_large_image\" \/>\n<meta name=\"twitter:label1\" content=\"Tempo di lettura stimato\" \/>\n\t<meta name=\"twitter:data1\" content=\"5 minuti\" \/>\n<script type=\"application\/ld+json\" class=\"yoast-schema-graph\">{\"@context\":\"https:\/\/schema.org\",\"@graph\":[{\"@type\":\"WebPage\",\"@id\":\"https:\/\/www.ampipointservizimg.it\/?product=covid-manager\",\"url\":\"https:\/\/www.ampipointservizimg.it\/?product=covid-manager\",\"name\":\"Covid Manager - Ampi Point Servizi emmegi\",\"isPartOf\":{\"@id\":\"https:\/\/www.ampipointservizimg.it\/#website\"},\"primaryImageOfPage\":{\"@id\":\"https:\/\/www.ampipointservizimg.it\/?product=covid-manager#primaryimage\"},\"image\":{\"@id\":\"https:\/\/www.ampipointservizimg.it\/?product=covid-manager#primaryimage\"},\"thumbnailUrl\":\"https:\/\/www.ampipointservizimg.it\/wp-content\/uploads\/2023\/06\/covid-manager_icon.jpg\",\"datePublished\":\"2023-06-09T15:33:37+00:00\",\"dateModified\":\"2025-07-08T21:16:02+00:00\",\"breadcrumb\":{\"@id\":\"https:\/\/www.ampipointservizimg.it\/?product=covid-manager#breadcrumb\"},\"inLanguage\":\"it-IT\",\"potentialAction\":[{\"@type\":\"ReadAction\",\"target\":[\"https:\/\/www.ampipointservizimg.it\/?product=covid-manager\"]}]},{\"@type\":\"ImageObject\",\"inLanguage\":\"it-IT\",\"@id\":\"https:\/\/www.ampipointservizimg.it\/?product=covid-manager#primaryimage\",\"url\":\"https:\/\/www.ampipointservizimg.it\/wp-content\/uploads\/2023\/06\/covid-manager_icon.jpg\",\"contentUrl\":\"https:\/\/www.ampipointservizimg.it\/wp-content\/uploads\/2023\/06\/covid-manager_icon.jpg\",\"width\":400,\"height\":400},{\"@type\":\"BreadcrumbList\",\"@id\":\"https:\/\/www.ampipointservizimg.it\/?product=covid-manager#breadcrumb\",\"itemListElement\":[{\"@type\":\"ListItem\",\"position\":1,\"name\":\"Home\",\"item\":\"https:\/\/www.ampipointservizimg.it\/\"},{\"@type\":\"ListItem\",\"position\":2,\"name\":\"Shop\",\"item\":\"https:\/\/www.ampipointservizimg.it\/?page_id=91\"},{\"@type\":\"ListItem\",\"position\":3,\"name\":\"Covid Manager\"}]},{\"@type\":\"WebSite\",\"@id\":\"https:\/\/www.ampipointservizimg.it\/#website\",\"url\":\"https:\/\/www.ampipointservizimg.it\/\",\"name\":\"Ampi Point Servizi emmegi\",\"description\":\"\",\"publisher\":{\"@id\":\"https:\/\/www.ampipointservizimg.it\/#organization\"},\"potentialAction\":[{\"@type\":\"SearchAction\",\"target\":{\"@type\":\"EntryPoint\",\"urlTemplate\":\"https:\/\/www.ampipointservizimg.it\/?s={search_term_string}\"},\"query-input\":{\"@type\":\"PropertyValueSpecification\",\"valueRequired\":true,\"valueName\":\"search_term_string\"}}],\"inLanguage\":\"it-IT\"},{\"@type\":\"Organization\",\"@id\":\"https:\/\/www.ampipointservizimg.it\/#organization\",\"name\":\"Sviluppo Qualit\u00e0\",\"alternateName\":\"Sviluppo Qualit\u00e0\",\"url\":\"https:\/\/www.ampipointservizimg.it\/\",\"logo\":{\"@type\":\"ImageObject\",\"inLanguage\":\"it-IT\",\"@id\":\"https:\/\/www.ampipointservizimg.it\/#\/schema\/logo\/image\/\",\"url\":\"https:\/\/www.ampipointservizimg.it\/wp-content\/uploads\/2025\/06\/cropped-logo_con_ampi-1.png\",\"contentUrl\":\"https:\/\/www.ampipointservizimg.it\/wp-content\/uploads\/2025\/06\/cropped-logo_con_ampi-1.png\",\"width\":2269,\"height\":544,\"caption\":\"Sviluppo Qualit\u00e0\"},\"image\":{\"@id\":\"https:\/\/www.ampipointservizimg.it\/#\/schema\/logo\/image\/\"}}]}<\/script>\n<!-- \/ Yoast SEO plugin. -->","yoast_head_json":{"title":"Covid Manager - Ampi Point Servizi emmegi","robots":{"index":"index","follow":"follow","max-snippet":"max-snippet:-1","max-image-preview":"max-image-preview:large","max-video-preview":"max-video-preview:-1"},"canonical":"https:\/\/www.ampipointservizimg.it\/?product=covid-manager","og_locale":"it_IT","og_type":"article","og_title":"Covid Manager - Ampi Point Servizi emmegi","og_description":"DESCRIZIONE E FINALIT\u00c0 Il Corso Covid Manager ha l&#8217;obiettivo \u00e8 approfondire conoscenze, competenze e responsabilit\u00e0 di coloro che svolgono funzioni di coordinamento per l\u2019attuazione delle misure di prevenzione e controllo anti-contagio da Covid-19 nonch\u00e9 punto di contatto per le strutture del Sistema Sanitario Regionale. Dai primi casi di Sars-CoV-2, risalenti a febbraio 2020, il legislatore italiano ha provveduto ad emanare [&hellip;]","og_url":"https:\/\/www.ampipointservizimg.it\/?product=covid-manager","og_site_name":"Ampi Point Servizi emmegi","article_modified_time":"2025-07-08T21:16:02+00:00","og_image":[{"width":400,"height":400,"url":"https:\/\/www.ampipointservizimg.it\/wp-content\/uploads\/2023\/06\/covid-manager_icon.jpg","type":"image\/jpeg"}],"twitter_card":"summary_large_image","twitter_misc":{"Tempo di lettura stimato":"5 minuti"},"schema":{"@context":"https:\/\/schema.org","@graph":[{"@type":"WebPage","@id":"https:\/\/www.ampipointservizimg.it\/?product=covid-manager","url":"https:\/\/www.ampipointservizimg.it\/?product=covid-manager","name":"Covid Manager - Ampi Point Servizi emmegi","isPartOf":{"@id":"https:\/\/www.ampipointservizimg.it\/#website"},"primaryImageOfPage":{"@id":"https:\/\/www.ampipointservizimg.it\/?product=covid-manager#primaryimage"},"image":{"@id":"https:\/\/www.ampipointservizimg.it\/?product=covid-manager#primaryimage"},"thumbnailUrl":"https:\/\/www.ampipointservizimg.it\/wp-content\/uploads\/2023\/06\/covid-manager_icon.jpg","datePublished":"2023-06-09T15:33:37+00:00","dateModified":"2025-07-08T21:16:02+00:00","breadcrumb":{"@id":"https:\/\/www.ampipointservizimg.it\/?product=covid-manager#breadcrumb"},"inLanguage":"it-IT","potentialAction":[{"@type":"ReadAction","target":["https:\/\/www.ampipointservizimg.it\/?product=covid-manager"]}]},{"@type":"ImageObject","inLanguage":"it-IT","@id":"https:\/\/www.ampipointservizimg.it\/?product=covid-manager#primaryimage","url":"https:\/\/www.ampipointservizimg.it\/wp-content\/uploads\/2023\/06\/covid-manager_icon.jpg","contentUrl":"https:\/\/www.ampipointservizimg.it\/wp-content\/uploads\/2023\/06\/covid-manager_icon.jpg","width":400,"height":400},{"@type":"BreadcrumbList","@id":"https:\/\/www.ampipointservizimg.it\/?product=covid-manager#breadcrumb","itemListElement":[{"@type":"ListItem","position":1,"name":"Home","item":"https:\/\/www.ampipointservizimg.it\/"},{"@type":"ListItem","position":2,"name":"Shop","item":"https:\/\/www.ampipointservizimg.it\/?page_id=91"},{"@type":"ListItem","position":3,"name":"Covid Manager"}]},{"@type":"WebSite","@id":"https:\/\/www.ampipointservizimg.it\/#website","url":"https:\/\/www.ampipointservizimg.it\/","name":"Ampi Point Servizi emmegi","description":"","publisher":{"@id":"https:\/\/www.ampipointservizimg.it\/#organization"},"potentialAction":[{"@type":"SearchAction","target":{"@type":"EntryPoint","urlTemplate":"https:\/\/www.ampipointservizimg.it\/?s={search_term_string}"},"query-input":{"@type":"PropertyValueSpecification","valueRequired":true,"valueName":"search_term_string"}}],"inLanguage":"it-IT"},{"@type":"Organization","@id":"https:\/\/www.ampipointservizimg.it\/#organization","name":"Sviluppo Qualit\u00e0","alternateName":"Sviluppo Qualit\u00e0","url":"https:\/\/www.ampipointservizimg.it\/","logo":{"@type":"ImageObject","inLanguage":"it-IT","@id":"https:\/\/www.ampipointservizimg.it\/#\/schema\/logo\/image\/","url":"https:\/\/www.ampipointservizimg.it\/wp-content\/uploads\/2025\/06\/cropped-logo_con_ampi-1.png","contentUrl":"https:\/\/www.ampipointservizimg.it\/wp-content\/uploads\/2025\/06\/cropped-logo_con_ampi-1.png","width":2269,"height":544,"caption":"Sviluppo Qualit\u00e0"},"image":{"@id":"https:\/\/www.ampipointservizimg.it\/#\/schema\/logo\/image\/"}}]}},"_links":{"self":[{"href":"https:\/\/www.ampipointservizimg.it\/index.php?rest_route=\/wp\/v2\/product\/2446","targetHints":{"allow":["GET"]}}],"collection":[{"href":"https:\/\/www.ampipointservizimg.it\/index.php?rest_route=\/wp\/v2\/product"}],"about":[{"href":"https:\/\/www.ampipointservizimg.it\/index.php?rest_route=\/wp\/v2\/types\/product"}],"wp:featuredmedia":[{"embeddable":true,"href":"https:\/\/www.ampipointservizimg.it\/index.php?rest_route=\/wp\/v2\/media\/2447"}],"wp:attachment":[{"href":"https:\/\/www.ampipointservizimg.it\/index.php?rest_route=%2Fwp%2Fv2%2Fmedia&parent=2446"}],"wp:term":[{"taxonomy":"product_brand","embeddable":true,"href":"https:\/\/www.ampipointservizimg.it\/index.php?rest_route=%2Fwp%2Fv2%2Fproduct_brand&post=2446"},{"taxonomy":"product_cat","embeddable":true,"href":"https:\/\/www.ampipointservizimg.it\/index.php?rest_route=%2Fwp%2Fv2%2Fproduct_cat&post=2446"},{"taxonomy":"product_tag","embeddable":true,"href":"https:\/\/www.ampipointservizimg.it\/index.php?rest_route=%2Fwp%2Fv2%2Fproduct_tag&post=2446"}],"curies":[{"name":"wp","href":"https:\/\/api.w.org\/{rel}","templated":true}]}}