{"id":2491,"date":"2023-06-12T18:14:02","date_gmt":"2023-06-12T16:14:02","guid":{"rendered":"https:\/\/new.sviluppoqualita.it\/?post_type=product&#038;p=2491"},"modified":"2025-07-08T23:16:02","modified_gmt":"2025-07-08T21:16:02","slug":"asseveratore-della-sicurezza","status":"publish","type":"product","link":"https:\/\/www.ampipointservizimg.it\/?product=asseveratore-della-sicurezza","title":{"rendered":"Asseveratore della sicurezza"},"content":{"rendered":"<p>Asseveratore dei sistemi di gestione della sicurezza<\/p>\n<h2><strong>Descrizione finalit\u00e0 e vantaggi<\/strong><\/h2>\n<p>Formare Professionisti in grado di valutare ed asseverare sistemi di gestione SGSL e di supportare il datore di lavoro nel controllo di attuazione di sistemi gi gestione per la Sicurezza sul lavoro e responsabilit\u00e0 amministrativa dell&#8217;impresa. I soggetti asseveratori, sono soggetti che hanno un\u2019elevata esperienza in ambito di sicurezza in merito ai modelli di organizzazione e gestione della sicurezza, nel dettaglio al termine del corso gli Asseveratori avranno: &#8211; competenze in ambito di pianificazione della sicurezza, attraverso lo studio e l\u2019analisi della legislazione di base in materia di sicurezza e igiene sul lavoro; &#8211; capacit\u00e0 di individuazione, analisi e valutazione dei rischi e di elaborazione e pianificazione delle conseguenti misure di sicurezza; &#8211; conoscenza di tutti i ruoli e relative responsabilit\u00e0 in materia di sicurezza, compresi quelli previsti dalla normativa sui lavori pubblici, e conoscenza del sistema sanzionatorio e dei controlli degli organi di vigilanza; &#8211; competenza sugli aspetti igienico-sanitari negli ambienti di lavoro e l\u2019obbligo di sorveglianza sanitaria dei lavoratori; &#8211; competenza sui dispositivi di protezione individuale; &#8211; conoscenza delle norme in merito ai lavori in quota e competenza sulle opere provvisionali; &#8211; conoscenze sulle principali macchine, attrezzature e impianti di cantiere; &#8211; competenze sulle modalit\u00e0 di realizzazione in sicurezza dei principali lavori edili; &#8211; conoscenze sugli obblighi documentali a carico di committenti, imprese e coordinatori per la sicurezza. &#8211; conoscenza delle principali norme e linee guida in materia; &#8211; conoscenza e capacit\u00e0 di applicare i principi, le procedure e i metodi di audit, con particolare riferimento alla preparazione di check list e piani di Audit, passando dai concetti di comunicazione all\u2019interno di un team, all\u2019applicazione delle non conformit\u00e0.<\/p>\n<h2><strong>A chi \u00e8 destinato<\/strong><\/h2>\n<p>L\u2019asseveratore di sistemi di gestione SGSL, figura introdotta indirettamente dall\u2019art. 51 del D.lgs 81\/08 e s.m.i., dove si cita per la prima volta l\u2019Asseverazione di Sistemi di Gestione SGSL (richiamati all\u2019art. 30), da non confondere con la Certificazione dei Sistemi di gestione conformi alla norma OHSAS 18001:2007, \u00e8 un professionista qualificato che pu\u00f2 assolvere un incarico per conto di un Ente Bilaterale, ma che al fine di ottemperare a quanto previsto dalla norma deve essere in grado di garantire adeguata conoscenza e competenza, non solo delle procedure ma anche dei contenuti. Al corso possono partecipare RSPP, ASPP, Consulenti per la Sicurezza, Auditor, Responsabili Aziendali di sistemi di gestione, Dirigenti aziendali delegati, il requisito minimo richiesto \u00e8 l\u2019istruzione secondaria superiore<\/p>\n<h2><strong>Modalit\u00e0 e Durata<\/strong><\/h2>\n<p>Il corso ha una durata di 32 ore erogabile completamente in modalit\u00e0 e-learning (LMS) Learning Management System, in grado di monitorare e di certificare lo svolgimento, la tracciabilit\u00e0 e il completamento delle attivit\u00e0 didattiche di ciascun utente.<\/p>\n<h2><strong>Programma e Docenti<\/strong><\/h2>\n<p>MODULO 1. La legislazione di base in materia di sicurezza e di igiene sul lavoro &#8211; Il sistema sanzionatorio ed i controlli &#8211; Il Testo Unico in materia di salute e sicurezza nei luoghi di lavoro con particolare riferimento al Titolo I &#8211; I soggetti del Sistema di Prevenzione Aziendale &#8211; Individuazione, analisi e valutazione dei rischi \u00a0 MODULO 2. Indicazioni Tecnico\/Normative sull\u2019applicazione del D.Lgs. 81\/2008 &#8211; Aspetti igienico\u2013sanitari nella valutazione del rischio degli ambienti di lavoro &#8211; Gli obblighi documentali da parte dei committenti, imprese, coordinatori per la sicurezza &#8211; DPI \u00a0 MODULO 3. I Modelli di Gestione e la loro Asseverazione &#8211; Il sistema di accreditamento e di certificazioni in Italia: il quadro legislativo italiano di riferimento &#8211; La Responsabilit\u00e0 Amministrativa dell\u2019Impresa secondo i contenuti del D.Lgs. 231\/01 \u00a0 MODULO 4. I termini, le definizioni e le tipologie dell\u2019Audit &#8211; I Principi dell\u2019attivit\u00e0 di Audit di terza parte &#8211; La preparazione del piano di Audit: &#8211; La gestione dell\u2019Audit<\/p>\n<h2><strong>Valutazione e Attestazione<\/strong><\/h2>\n<p>La verifica dell\u2019apprendimento \u00e8 svolta mediante test, somministrabili anche in itinere, per un totale minimo di 30 domande, ciascuna con almeno 3 risposte alternative.<\/p>\n","protected":false},"excerpt":{"rendered":"<p>Asseveratore dei sistemi di gestione della sicurezza Descrizione finalit\u00e0 e vantaggi Formare Professionisti in grado di valutare ed asseverare sistemi di gestione SGSL e di supportare il datore di lavoro nel controllo di attuazione di sistemi gi gestione per la Sicurezza sul lavoro e responsabilit\u00e0 amministrativa dell&#8217;impresa. I soggetti asseveratori, sono soggetti che hanno un\u2019elevata esperienza in ambito di sicurezza [&hellip;]<\/p>\n","protected":false},"featured_media":2492,"template":"","meta":[],"product_brand":[],"product_cat":[917,734],"product_tag":[],"class_list":{"0":"post-2491","1":"product","2":"type-product","3":"status-publish","4":"has-post-thumbnail","6":"product_cat-corsi-fad","7":"product_cat-corsi-professionali","9":"first","10":"instock","11":"taxable","12":"shipping-taxable","13":"purchasable","14":"product-type-simple"},"yoast_head":"<!-- This site is optimized with the Yoast SEO plugin v25.4 - https:\/\/yoast.com\/wordpress\/plugins\/seo\/ -->\n<title>Asseveratore della sicurezza - Ampi Point Servizi emmegi<\/title>\n<meta name=\"robots\" content=\"index, follow, max-snippet:-1, max-image-preview:large, max-video-preview:-1\" \/>\n<link rel=\"canonical\" href=\"https:\/\/www.ampipointservizimg.it\/?product=asseveratore-della-sicurezza\" \/>\n<meta property=\"og:locale\" content=\"it_IT\" \/>\n<meta property=\"og:type\" content=\"article\" \/>\n<meta property=\"og:title\" content=\"Asseveratore della sicurezza - Ampi Point Servizi emmegi\" \/>\n<meta property=\"og:description\" content=\"Asseveratore dei sistemi di gestione della sicurezza Descrizione finalit\u00e0 e vantaggi Formare Professionisti in grado di valutare ed asseverare sistemi di gestione SGSL e di supportare il datore di lavoro nel controllo di attuazione di sistemi gi gestione per la Sicurezza sul lavoro e responsabilit\u00e0 amministrativa dell&#8217;impresa. I soggetti asseveratori, sono soggetti che hanno un\u2019elevata esperienza in ambito di sicurezza [&hellip;]\" \/>\n<meta property=\"og:url\" content=\"https:\/\/www.ampipointservizimg.it\/?product=asseveratore-della-sicurezza\" \/>\n<meta property=\"og:site_name\" content=\"Ampi Point Servizi emmegi\" \/>\n<meta property=\"article:modified_time\" content=\"2025-07-08T21:16:02+00:00\" \/>\n<meta property=\"og:image\" content=\"https:\/\/www.ampipointservizimg.it\/wp-content\/uploads\/2023\/06\/asseveratore-della-sicurezza.jpg\" \/>\n\t<meta property=\"og:image:width\" content=\"400\" \/>\n\t<meta property=\"og:image:height\" content=\"400\" \/>\n\t<meta property=\"og:image:type\" content=\"image\/jpeg\" \/>\n<meta name=\"twitter:card\" content=\"summary_large_image\" \/>\n<meta name=\"twitter:label1\" content=\"Tempo di lettura stimato\" \/>\n\t<meta name=\"twitter:data1\" content=\"4 minuti\" \/>\n<script type=\"application\/ld+json\" class=\"yoast-schema-graph\">{\"@context\":\"https:\/\/schema.org\",\"@graph\":[{\"@type\":\"WebPage\",\"@id\":\"https:\/\/www.ampipointservizimg.it\/?product=asseveratore-della-sicurezza\",\"url\":\"https:\/\/www.ampipointservizimg.it\/?product=asseveratore-della-sicurezza\",\"name\":\"Asseveratore della sicurezza - Ampi Point Servizi emmegi\",\"isPartOf\":{\"@id\":\"https:\/\/www.ampipointservizimg.it\/#website\"},\"primaryImageOfPage\":{\"@id\":\"https:\/\/www.ampipointservizimg.it\/?product=asseveratore-della-sicurezza#primaryimage\"},\"image\":{\"@id\":\"https:\/\/www.ampipointservizimg.it\/?product=asseveratore-della-sicurezza#primaryimage\"},\"thumbnailUrl\":\"https:\/\/www.ampipointservizimg.it\/wp-content\/uploads\/2023\/06\/asseveratore-della-sicurezza.jpg\",\"datePublished\":\"2023-06-12T16:14:02+00:00\",\"dateModified\":\"2025-07-08T21:16:02+00:00\",\"breadcrumb\":{\"@id\":\"https:\/\/www.ampipointservizimg.it\/?product=asseveratore-della-sicurezza#breadcrumb\"},\"inLanguage\":\"it-IT\",\"potentialAction\":[{\"@type\":\"ReadAction\",\"target\":[\"https:\/\/www.ampipointservizimg.it\/?product=asseveratore-della-sicurezza\"]}]},{\"@type\":\"ImageObject\",\"inLanguage\":\"it-IT\",\"@id\":\"https:\/\/www.ampipointservizimg.it\/?product=asseveratore-della-sicurezza#primaryimage\",\"url\":\"https:\/\/www.ampipointservizimg.it\/wp-content\/uploads\/2023\/06\/asseveratore-della-sicurezza.jpg\",\"contentUrl\":\"https:\/\/www.ampipointservizimg.it\/wp-content\/uploads\/2023\/06\/asseveratore-della-sicurezza.jpg\",\"width\":400,\"height\":400},{\"@type\":\"BreadcrumbList\",\"@id\":\"https:\/\/www.ampipointservizimg.it\/?product=asseveratore-della-sicurezza#breadcrumb\",\"itemListElement\":[{\"@type\":\"ListItem\",\"position\":1,\"name\":\"Home\",\"item\":\"https:\/\/www.ampipointservizimg.it\/\"},{\"@type\":\"ListItem\",\"position\":2,\"name\":\"Shop\",\"item\":\"https:\/\/www.ampipointservizimg.it\/?page_id=91\"},{\"@type\":\"ListItem\",\"position\":3,\"name\":\"Asseveratore della sicurezza\"}]},{\"@type\":\"WebSite\",\"@id\":\"https:\/\/www.ampipointservizimg.it\/#website\",\"url\":\"https:\/\/www.ampipointservizimg.it\/\",\"name\":\"Ampi Point Servizi emmegi\",\"description\":\"\",\"publisher\":{\"@id\":\"https:\/\/www.ampipointservizimg.it\/#organization\"},\"potentialAction\":[{\"@type\":\"SearchAction\",\"target\":{\"@type\":\"EntryPoint\",\"urlTemplate\":\"https:\/\/www.ampipointservizimg.it\/?s={search_term_string}\"},\"query-input\":{\"@type\":\"PropertyValueSpecification\",\"valueRequired\":true,\"valueName\":\"search_term_string\"}}],\"inLanguage\":\"it-IT\"},{\"@type\":\"Organization\",\"@id\":\"https:\/\/www.ampipointservizimg.it\/#organization\",\"name\":\"Sviluppo Qualit\u00e0\",\"alternateName\":\"Sviluppo Qualit\u00e0\",\"url\":\"https:\/\/www.ampipointservizimg.it\/\",\"logo\":{\"@type\":\"ImageObject\",\"inLanguage\":\"it-IT\",\"@id\":\"https:\/\/www.ampipointservizimg.it\/#\/schema\/logo\/image\/\",\"url\":\"https:\/\/www.ampipointservizimg.it\/wp-content\/uploads\/2025\/06\/cropped-logo_con_ampi-1.png\",\"contentUrl\":\"https:\/\/www.ampipointservizimg.it\/wp-content\/uploads\/2025\/06\/cropped-logo_con_ampi-1.png\",\"width\":2269,\"height\":544,\"caption\":\"Sviluppo Qualit\u00e0\"},\"image\":{\"@id\":\"https:\/\/www.ampipointservizimg.it\/#\/schema\/logo\/image\/\"}}]}<\/script>\n<!-- \/ Yoast SEO plugin. -->","yoast_head_json":{"title":"Asseveratore della sicurezza - Ampi Point Servizi emmegi","robots":{"index":"index","follow":"follow","max-snippet":"max-snippet:-1","max-image-preview":"max-image-preview:large","max-video-preview":"max-video-preview:-1"},"canonical":"https:\/\/www.ampipointservizimg.it\/?product=asseveratore-della-sicurezza","og_locale":"it_IT","og_type":"article","og_title":"Asseveratore della sicurezza - Ampi Point Servizi emmegi","og_description":"Asseveratore dei sistemi di gestione della sicurezza Descrizione finalit\u00e0 e vantaggi Formare Professionisti in grado di valutare ed asseverare sistemi di gestione SGSL e di supportare il datore di lavoro nel controllo di attuazione di sistemi gi gestione per la Sicurezza sul lavoro e responsabilit\u00e0 amministrativa dell&#8217;impresa. I soggetti asseveratori, sono soggetti che hanno un\u2019elevata esperienza in ambito di sicurezza [&hellip;]","og_url":"https:\/\/www.ampipointservizimg.it\/?product=asseveratore-della-sicurezza","og_site_name":"Ampi Point Servizi emmegi","article_modified_time":"2025-07-08T21:16:02+00:00","og_image":[{"width":400,"height":400,"url":"https:\/\/www.ampipointservizimg.it\/wp-content\/uploads\/2023\/06\/asseveratore-della-sicurezza.jpg","type":"image\/jpeg"}],"twitter_card":"summary_large_image","twitter_misc":{"Tempo di lettura stimato":"4 minuti"},"schema":{"@context":"https:\/\/schema.org","@graph":[{"@type":"WebPage","@id":"https:\/\/www.ampipointservizimg.it\/?product=asseveratore-della-sicurezza","url":"https:\/\/www.ampipointservizimg.it\/?product=asseveratore-della-sicurezza","name":"Asseveratore della sicurezza - Ampi Point Servizi emmegi","isPartOf":{"@id":"https:\/\/www.ampipointservizimg.it\/#website"},"primaryImageOfPage":{"@id":"https:\/\/www.ampipointservizimg.it\/?product=asseveratore-della-sicurezza#primaryimage"},"image":{"@id":"https:\/\/www.ampipointservizimg.it\/?product=asseveratore-della-sicurezza#primaryimage"},"thumbnailUrl":"https:\/\/www.ampipointservizimg.it\/wp-content\/uploads\/2023\/06\/asseveratore-della-sicurezza.jpg","datePublished":"2023-06-12T16:14:02+00:00","dateModified":"2025-07-08T21:16:02+00:00","breadcrumb":{"@id":"https:\/\/www.ampipointservizimg.it\/?product=asseveratore-della-sicurezza#breadcrumb"},"inLanguage":"it-IT","potentialAction":[{"@type":"ReadAction","target":["https:\/\/www.ampipointservizimg.it\/?product=asseveratore-della-sicurezza"]}]},{"@type":"ImageObject","inLanguage":"it-IT","@id":"https:\/\/www.ampipointservizimg.it\/?product=asseveratore-della-sicurezza#primaryimage","url":"https:\/\/www.ampipointservizimg.it\/wp-content\/uploads\/2023\/06\/asseveratore-della-sicurezza.jpg","contentUrl":"https:\/\/www.ampipointservizimg.it\/wp-content\/uploads\/2023\/06\/asseveratore-della-sicurezza.jpg","width":400,"height":400},{"@type":"BreadcrumbList","@id":"https:\/\/www.ampipointservizimg.it\/?product=asseveratore-della-sicurezza#breadcrumb","itemListElement":[{"@type":"ListItem","position":1,"name":"Home","item":"https:\/\/www.ampipointservizimg.it\/"},{"@type":"ListItem","position":2,"name":"Shop","item":"https:\/\/www.ampipointservizimg.it\/?page_id=91"},{"@type":"ListItem","position":3,"name":"Asseveratore della sicurezza"}]},{"@type":"WebSite","@id":"https:\/\/www.ampipointservizimg.it\/#website","url":"https:\/\/www.ampipointservizimg.it\/","name":"Ampi Point Servizi emmegi","description":"","publisher":{"@id":"https:\/\/www.ampipointservizimg.it\/#organization"},"potentialAction":[{"@type":"SearchAction","target":{"@type":"EntryPoint","urlTemplate":"https:\/\/www.ampipointservizimg.it\/?s={search_term_string}"},"query-input":{"@type":"PropertyValueSpecification","valueRequired":true,"valueName":"search_term_string"}}],"inLanguage":"it-IT"},{"@type":"Organization","@id":"https:\/\/www.ampipointservizimg.it\/#organization","name":"Sviluppo Qualit\u00e0","alternateName":"Sviluppo Qualit\u00e0","url":"https:\/\/www.ampipointservizimg.it\/","logo":{"@type":"ImageObject","inLanguage":"it-IT","@id":"https:\/\/www.ampipointservizimg.it\/#\/schema\/logo\/image\/","url":"https:\/\/www.ampipointservizimg.it\/wp-content\/uploads\/2025\/06\/cropped-logo_con_ampi-1.png","contentUrl":"https:\/\/www.ampipointservizimg.it\/wp-content\/uploads\/2025\/06\/cropped-logo_con_ampi-1.png","width":2269,"height":544,"caption":"Sviluppo Qualit\u00e0"},"image":{"@id":"https:\/\/www.ampipointservizimg.it\/#\/schema\/logo\/image\/"}}]}},"_links":{"self":[{"href":"https:\/\/www.ampipointservizimg.it\/index.php?rest_route=\/wp\/v2\/product\/2491","targetHints":{"allow":["GET"]}}],"collection":[{"href":"https:\/\/www.ampipointservizimg.it\/index.php?rest_route=\/wp\/v2\/product"}],"about":[{"href":"https:\/\/www.ampipointservizimg.it\/index.php?rest_route=\/wp\/v2\/types\/product"}],"wp:featuredmedia":[{"embeddable":true,"href":"https:\/\/www.ampipointservizimg.it\/index.php?rest_route=\/wp\/v2\/media\/2492"}],"wp:attachment":[{"href":"https:\/\/www.ampipointservizimg.it\/index.php?rest_route=%2Fwp%2Fv2%2Fmedia&parent=2491"}],"wp:term":[{"taxonomy":"product_brand","embeddable":true,"href":"https:\/\/www.ampipointservizimg.it\/index.php?rest_route=%2Fwp%2Fv2%2Fproduct_brand&post=2491"},{"taxonomy":"product_cat","embeddable":true,"href":"https:\/\/www.ampipointservizimg.it\/index.php?rest_route=%2Fwp%2Fv2%2Fproduct_cat&post=2491"},{"taxonomy":"product_tag","embeddable":true,"href":"https:\/\/www.ampipointservizimg.it\/index.php?rest_route=%2Fwp%2Fv2%2Fproduct_tag&post=2491"}],"curies":[{"name":"wp","href":"https:\/\/api.w.org\/{rel}","templated":true}]}}