{"id":2493,"date":"2023-06-12T18:20:57","date_gmt":"2023-06-12T16:20:57","guid":{"rendered":"https:\/\/new.sviluppoqualita.it\/?post_type=product&#038;p=2493"},"modified":"2025-07-08T23:16:02","modified_gmt":"2025-07-08T21:16:02","slug":"progettista-di-impianti-fotovoltaici-2","status":"publish","type":"product","link":"https:\/\/www.ampipointservizimg.it\/?product=progettista-di-impianti-fotovoltaici-2","title":{"rendered":"Progettista di impianti fotovoltaici"},"content":{"rendered":"<p>Progettista di Impianti Fotovoltaici<\/p>\n<h2><strong>Descrizione finalit\u00e0 e vantaggi<\/strong><\/h2>\n<p>Scopo del corso \u00e8 quello di provvedere ad una formazione completa su tutti gli aspetti tecnici ed impiantistici riguardanti la tecnologia e la realizzazione di impianti fotovoltaici. Il corso fornisce le competenze tecnico-progettuali e normative fondamentali per una corretta realizzazione degli impianti secondo le tecnologie pi\u00f9 aggiornate.<\/p>\n<h2><strong>A chi \u00e8 destinato<\/strong><\/h2>\n<p>Il corso per progettisti di impianti fotovoltaici si rivolge sia a coloro che intendano acquisire o approfondire le conoscenze e le competenze sul fotovoltaico, sia a professionisti e tecnici di settore: architetti, ingegneri, periti e diplomati tecnici che intendano specializzarsi nella realizzazione di impianti fotovoltaici, aumentando le proprie opportunit\u00e0 di lavoro.<\/p>\n<h2><strong>Modalit\u00e0 e Durata<\/strong><\/h2>\n<p>Il corso ha una durata di 40 ore erogabile completamente in modalit\u00e0 e-learning (L.M.S.) Learning Management System, in grado di monitorare e di certificare lo svolgimento, la tracciabilit\u00e0 e il completamento delle attivit\u00e0 didattiche di ciascun utente.<\/p>\n<h2><strong>Programma e Docenti<\/strong><\/h2>\n<p>MODULO 1 \u2013 Nozioni fondamentali. &#8211; Generalit\u00e0; &#8211; Unit\u00e0 di misura; &#8211; Irraggiamento Solare; &#8211; Principio di funzionamento; &#8211; La cella Fotovoltaica; &#8211; Dal Modulo al Campo. MODULO 2 \u2013 Moduli Fotovoltaici. &#8211; Moduli Fotovoltaici; &#8211; Tipi di Moduli; &#8211; Prove meccaniche e smaltimento; &#8211; Caratteristiche elettriche; &#8211; Moduli Innovativi; &#8211; Quale Modulo Scegliere. MODULO 3 \u2013 Sistema di Conversione. &#8211; Conversione della Potenza; &#8211; Funzioni del Sistema di Conversioni; &#8211; Tipo di Conversione; &#8211; Scelta del sistema di Conversione. MODULO 4 \u2013 Strutture. &#8211; Strutture di Sostegno. MODULO 5 \u2013 Analisi Economica. &#8211; Parametri economici di un investimento; &#8211; RID e SPP; &#8211; Le detrazioni fiscali; &#8211; Certificati Bianchi TEE; &#8211; Business Plan. MODULO 6 \u2013 Parallelo con Rete. &#8211; TICA; &#8211; Norme tecniche. MODULO 7 \u2013 Progetto elettrico. &#8211; Redazione del progetto secondo normativa; &#8211; Cavi Elettrici; &#8211; Protezione, manovra e sezionamento; &#8211; Messa a terra; &#8211; Protezione contro i fulmini. MODULO 8 \u2013 Dimensionamento e Installazione. &#8211; Stima della radiazione solare; &#8211; Producibilit\u00e0 e dimensionamento; &#8211; Verifiche tecnico funzionali; &#8211; Pulizia pannelli. MODULO 9 \u2013 Pratiche burocratiche. &#8211; Titolo Autorizzativo; &#8211; GSE; &#8211; Terna \u2013 Gaudi. MODULO 10 \u2013 Esempi di Dimensionamento. &#8211; Esempio ABB<\/p>\n<h2><strong>Valutazione e Attestazione<\/strong><\/h2>\n<p>La valutazione finale verr\u00e0 effettuata mediante una verifica di apprendimento finale (esame finale).<!-- blu 094775 rosso d1222b --><\/p>\n","protected":false},"excerpt":{"rendered":"<p>Progettista di Impianti Fotovoltaici Descrizione finalit\u00e0 e vantaggi Scopo del corso \u00e8 quello di provvedere ad una formazione completa su tutti gli aspetti tecnici ed impiantistici riguardanti la tecnologia e la realizzazione di impianti fotovoltaici. Il corso fornisce le competenze tecnico-progettuali e normative fondamentali per una corretta realizzazione degli impianti secondo le tecnologie pi\u00f9 aggiornate. A chi \u00e8 destinato Il [&hellip;]<\/p>\n","protected":false},"featured_media":2494,"template":"","meta":[],"product_brand":[],"product_cat":[917,734],"product_tag":[],"class_list":{"0":"post-2493","1":"product","2":"type-product","3":"status-publish","4":"has-post-thumbnail","6":"product_cat-corsi-fad","7":"product_cat-corsi-professionali","9":"first","10":"instock","11":"taxable","12":"shipping-taxable","13":"purchasable","14":"product-type-simple"},"yoast_head":"<!-- This site is optimized with the Yoast SEO plugin v25.4 - https:\/\/yoast.com\/wordpress\/plugins\/seo\/ -->\n<title>Progettista di impianti fotovoltaici - Ampi Point Servizi emmegi<\/title>\n<meta name=\"robots\" content=\"index, follow, max-snippet:-1, max-image-preview:large, max-video-preview:-1\" \/>\n<link rel=\"canonical\" href=\"https:\/\/www.ampipointservizimg.it\/?product=progettista-di-impianti-fotovoltaici-2\" \/>\n<meta property=\"og:locale\" content=\"it_IT\" \/>\n<meta property=\"og:type\" content=\"article\" \/>\n<meta property=\"og:title\" content=\"Progettista di impianti fotovoltaici - Ampi Point Servizi emmegi\" \/>\n<meta property=\"og:description\" content=\"Progettista di Impianti Fotovoltaici Descrizione finalit\u00e0 e vantaggi Scopo del corso \u00e8 quello di provvedere ad una formazione completa su tutti gli aspetti tecnici ed impiantistici riguardanti la tecnologia e la realizzazione di impianti fotovoltaici. Il corso fornisce le competenze tecnico-progettuali e normative fondamentali per una corretta realizzazione degli impianti secondo le tecnologie pi\u00f9 aggiornate. A chi \u00e8 destinato Il [&hellip;]\" \/>\n<meta property=\"og:url\" content=\"https:\/\/www.ampipointservizimg.it\/?product=progettista-di-impianti-fotovoltaici-2\" \/>\n<meta property=\"og:site_name\" content=\"Ampi Point Servizi emmegi\" \/>\n<meta property=\"article:modified_time\" content=\"2025-07-08T21:16:02+00:00\" \/>\n<meta property=\"og:image\" content=\"https:\/\/www.ampipointservizimg.it\/wp-content\/uploads\/2023\/06\/impianti-fotovoltaici.jpg\" \/>\n\t<meta property=\"og:image:width\" content=\"400\" \/>\n\t<meta property=\"og:image:height\" content=\"400\" \/>\n\t<meta property=\"og:image:type\" content=\"image\/jpeg\" \/>\n<meta name=\"twitter:card\" content=\"summary_large_image\" \/>\n<meta name=\"twitter:label1\" content=\"Tempo di lettura stimato\" \/>\n\t<meta name=\"twitter:data1\" content=\"2 minuti\" \/>\n<script type=\"application\/ld+json\" class=\"yoast-schema-graph\">{\"@context\":\"https:\/\/schema.org\",\"@graph\":[{\"@type\":\"WebPage\",\"@id\":\"https:\/\/www.ampipointservizimg.it\/?product=progettista-di-impianti-fotovoltaici-2\",\"url\":\"https:\/\/www.ampipointservizimg.it\/?product=progettista-di-impianti-fotovoltaici-2\",\"name\":\"Progettista di impianti fotovoltaici - Ampi Point Servizi emmegi\",\"isPartOf\":{\"@id\":\"https:\/\/www.ampipointservizimg.it\/#website\"},\"primaryImageOfPage\":{\"@id\":\"https:\/\/www.ampipointservizimg.it\/?product=progettista-di-impianti-fotovoltaici-2#primaryimage\"},\"image\":{\"@id\":\"https:\/\/www.ampipointservizimg.it\/?product=progettista-di-impianti-fotovoltaici-2#primaryimage\"},\"thumbnailUrl\":\"https:\/\/www.ampipointservizimg.it\/wp-content\/uploads\/2023\/06\/impianti-fotovoltaici.jpg\",\"datePublished\":\"2023-06-12T16:20:57+00:00\",\"dateModified\":\"2025-07-08T21:16:02+00:00\",\"breadcrumb\":{\"@id\":\"https:\/\/www.ampipointservizimg.it\/?product=progettista-di-impianti-fotovoltaici-2#breadcrumb\"},\"inLanguage\":\"it-IT\",\"potentialAction\":[{\"@type\":\"ReadAction\",\"target\":[\"https:\/\/www.ampipointservizimg.it\/?product=progettista-di-impianti-fotovoltaici-2\"]}]},{\"@type\":\"ImageObject\",\"inLanguage\":\"it-IT\",\"@id\":\"https:\/\/www.ampipointservizimg.it\/?product=progettista-di-impianti-fotovoltaici-2#primaryimage\",\"url\":\"https:\/\/www.ampipointservizimg.it\/wp-content\/uploads\/2023\/06\/impianti-fotovoltaici.jpg\",\"contentUrl\":\"https:\/\/www.ampipointservizimg.it\/wp-content\/uploads\/2023\/06\/impianti-fotovoltaici.jpg\",\"width\":400,\"height\":400},{\"@type\":\"BreadcrumbList\",\"@id\":\"https:\/\/www.ampipointservizimg.it\/?product=progettista-di-impianti-fotovoltaici-2#breadcrumb\",\"itemListElement\":[{\"@type\":\"ListItem\",\"position\":1,\"name\":\"Home\",\"item\":\"https:\/\/www.ampipointservizimg.it\/\"},{\"@type\":\"ListItem\",\"position\":2,\"name\":\"Shop\",\"item\":\"https:\/\/www.ampipointservizimg.it\/?page_id=91\"},{\"@type\":\"ListItem\",\"position\":3,\"name\":\"Progettista di impianti fotovoltaici\"}]},{\"@type\":\"WebSite\",\"@id\":\"https:\/\/www.ampipointservizimg.it\/#website\",\"url\":\"https:\/\/www.ampipointservizimg.it\/\",\"name\":\"Ampi Point Servizi emmegi\",\"description\":\"\",\"publisher\":{\"@id\":\"https:\/\/www.ampipointservizimg.it\/#organization\"},\"potentialAction\":[{\"@type\":\"SearchAction\",\"target\":{\"@type\":\"EntryPoint\",\"urlTemplate\":\"https:\/\/www.ampipointservizimg.it\/?s={search_term_string}\"},\"query-input\":{\"@type\":\"PropertyValueSpecification\",\"valueRequired\":true,\"valueName\":\"search_term_string\"}}],\"inLanguage\":\"it-IT\"},{\"@type\":\"Organization\",\"@id\":\"https:\/\/www.ampipointservizimg.it\/#organization\",\"name\":\"Sviluppo Qualit\u00e0\",\"alternateName\":\"Sviluppo Qualit\u00e0\",\"url\":\"https:\/\/www.ampipointservizimg.it\/\",\"logo\":{\"@type\":\"ImageObject\",\"inLanguage\":\"it-IT\",\"@id\":\"https:\/\/www.ampipointservizimg.it\/#\/schema\/logo\/image\/\",\"url\":\"https:\/\/www.ampipointservizimg.it\/wp-content\/uploads\/2025\/06\/cropped-logo_con_ampi-1.png\",\"contentUrl\":\"https:\/\/www.ampipointservizimg.it\/wp-content\/uploads\/2025\/06\/cropped-logo_con_ampi-1.png\",\"width\":2269,\"height\":544,\"caption\":\"Sviluppo Qualit\u00e0\"},\"image\":{\"@id\":\"https:\/\/www.ampipointservizimg.it\/#\/schema\/logo\/image\/\"}}]}<\/script>\n<!-- \/ Yoast SEO plugin. -->","yoast_head_json":{"title":"Progettista di impianti fotovoltaici - Ampi Point Servizi emmegi","robots":{"index":"index","follow":"follow","max-snippet":"max-snippet:-1","max-image-preview":"max-image-preview:large","max-video-preview":"max-video-preview:-1"},"canonical":"https:\/\/www.ampipointservizimg.it\/?product=progettista-di-impianti-fotovoltaici-2","og_locale":"it_IT","og_type":"article","og_title":"Progettista di impianti fotovoltaici - Ampi Point Servizi emmegi","og_description":"Progettista di Impianti Fotovoltaici Descrizione finalit\u00e0 e vantaggi Scopo del corso \u00e8 quello di provvedere ad una formazione completa su tutti gli aspetti tecnici ed impiantistici riguardanti la tecnologia e la realizzazione di impianti fotovoltaici. Il corso fornisce le competenze tecnico-progettuali e normative fondamentali per una corretta realizzazione degli impianti secondo le tecnologie pi\u00f9 aggiornate. A chi \u00e8 destinato Il [&hellip;]","og_url":"https:\/\/www.ampipointservizimg.it\/?product=progettista-di-impianti-fotovoltaici-2","og_site_name":"Ampi Point Servizi emmegi","article_modified_time":"2025-07-08T21:16:02+00:00","og_image":[{"width":400,"height":400,"url":"https:\/\/www.ampipointservizimg.it\/wp-content\/uploads\/2023\/06\/impianti-fotovoltaici.jpg","type":"image\/jpeg"}],"twitter_card":"summary_large_image","twitter_misc":{"Tempo di lettura stimato":"2 minuti"},"schema":{"@context":"https:\/\/schema.org","@graph":[{"@type":"WebPage","@id":"https:\/\/www.ampipointservizimg.it\/?product=progettista-di-impianti-fotovoltaici-2","url":"https:\/\/www.ampipointservizimg.it\/?product=progettista-di-impianti-fotovoltaici-2","name":"Progettista di impianti fotovoltaici - Ampi Point Servizi emmegi","isPartOf":{"@id":"https:\/\/www.ampipointservizimg.it\/#website"},"primaryImageOfPage":{"@id":"https:\/\/www.ampipointservizimg.it\/?product=progettista-di-impianti-fotovoltaici-2#primaryimage"},"image":{"@id":"https:\/\/www.ampipointservizimg.it\/?product=progettista-di-impianti-fotovoltaici-2#primaryimage"},"thumbnailUrl":"https:\/\/www.ampipointservizimg.it\/wp-content\/uploads\/2023\/06\/impianti-fotovoltaici.jpg","datePublished":"2023-06-12T16:20:57+00:00","dateModified":"2025-07-08T21:16:02+00:00","breadcrumb":{"@id":"https:\/\/www.ampipointservizimg.it\/?product=progettista-di-impianti-fotovoltaici-2#breadcrumb"},"inLanguage":"it-IT","potentialAction":[{"@type":"ReadAction","target":["https:\/\/www.ampipointservizimg.it\/?product=progettista-di-impianti-fotovoltaici-2"]}]},{"@type":"ImageObject","inLanguage":"it-IT","@id":"https:\/\/www.ampipointservizimg.it\/?product=progettista-di-impianti-fotovoltaici-2#primaryimage","url":"https:\/\/www.ampipointservizimg.it\/wp-content\/uploads\/2023\/06\/impianti-fotovoltaici.jpg","contentUrl":"https:\/\/www.ampipointservizimg.it\/wp-content\/uploads\/2023\/06\/impianti-fotovoltaici.jpg","width":400,"height":400},{"@type":"BreadcrumbList","@id":"https:\/\/www.ampipointservizimg.it\/?product=progettista-di-impianti-fotovoltaici-2#breadcrumb","itemListElement":[{"@type":"ListItem","position":1,"name":"Home","item":"https:\/\/www.ampipointservizimg.it\/"},{"@type":"ListItem","position":2,"name":"Shop","item":"https:\/\/www.ampipointservizimg.it\/?page_id=91"},{"@type":"ListItem","position":3,"name":"Progettista di impianti fotovoltaici"}]},{"@type":"WebSite","@id":"https:\/\/www.ampipointservizimg.it\/#website","url":"https:\/\/www.ampipointservizimg.it\/","name":"Ampi Point Servizi emmegi","description":"","publisher":{"@id":"https:\/\/www.ampipointservizimg.it\/#organization"},"potentialAction":[{"@type":"SearchAction","target":{"@type":"EntryPoint","urlTemplate":"https:\/\/www.ampipointservizimg.it\/?s={search_term_string}"},"query-input":{"@type":"PropertyValueSpecification","valueRequired":true,"valueName":"search_term_string"}}],"inLanguage":"it-IT"},{"@type":"Organization","@id":"https:\/\/www.ampipointservizimg.it\/#organization","name":"Sviluppo Qualit\u00e0","alternateName":"Sviluppo Qualit\u00e0","url":"https:\/\/www.ampipointservizimg.it\/","logo":{"@type":"ImageObject","inLanguage":"it-IT","@id":"https:\/\/www.ampipointservizimg.it\/#\/schema\/logo\/image\/","url":"https:\/\/www.ampipointservizimg.it\/wp-content\/uploads\/2025\/06\/cropped-logo_con_ampi-1.png","contentUrl":"https:\/\/www.ampipointservizimg.it\/wp-content\/uploads\/2025\/06\/cropped-logo_con_ampi-1.png","width":2269,"height":544,"caption":"Sviluppo Qualit\u00e0"},"image":{"@id":"https:\/\/www.ampipointservizimg.it\/#\/schema\/logo\/image\/"}}]}},"_links":{"self":[{"href":"https:\/\/www.ampipointservizimg.it\/index.php?rest_route=\/wp\/v2\/product\/2493","targetHints":{"allow":["GET"]}}],"collection":[{"href":"https:\/\/www.ampipointservizimg.it\/index.php?rest_route=\/wp\/v2\/product"}],"about":[{"href":"https:\/\/www.ampipointservizimg.it\/index.php?rest_route=\/wp\/v2\/types\/product"}],"wp:featuredmedia":[{"embeddable":true,"href":"https:\/\/www.ampipointservizimg.it\/index.php?rest_route=\/wp\/v2\/media\/2494"}],"wp:attachment":[{"href":"https:\/\/www.ampipointservizimg.it\/index.php?rest_route=%2Fwp%2Fv2%2Fmedia&parent=2493"}],"wp:term":[{"taxonomy":"product_brand","embeddable":true,"href":"https:\/\/www.ampipointservizimg.it\/index.php?rest_route=%2Fwp%2Fv2%2Fproduct_brand&post=2493"},{"taxonomy":"product_cat","embeddable":true,"href":"https:\/\/www.ampipointservizimg.it\/index.php?rest_route=%2Fwp%2Fv2%2Fproduct_cat&post=2493"},{"taxonomy":"product_tag","embeddable":true,"href":"https:\/\/www.ampipointservizimg.it\/index.php?rest_route=%2Fwp%2Fv2%2Fproduct_tag&post=2493"}],"curies":[{"name":"wp","href":"https:\/\/api.w.org\/{rel}","templated":true}]}}