{"id":2514,"date":"2023-06-13T15:47:19","date_gmt":"2023-06-13T13:47:19","guid":{"rendered":"https:\/\/new.sviluppoqualita.it\/?post_type=product&#038;p=2514"},"modified":"2025-07-08T23:16:02","modified_gmt":"2025-07-08T21:16:02","slug":"project-management","status":"publish","type":"product","link":"https:\/\/www.ampipointservizimg.it\/?product=project-management","title":{"rendered":"Project Management"},"content":{"rendered":"<p>&nbsp;<\/p>\n<table>\n<tbody>\n<tr>\n<td width=\"123\"><strong>Titolo<\/strong><\/td>\n<td width=\"520\"><strong>Project Management<\/strong><\/td>\n<\/tr>\n<tr>\n<td width=\"123\"><strong>Soggetto proponente<\/strong><\/td>\n<td width=\"520\">&nbsp;<\/p>\n<p>Globalform S.r.l.<\/td>\n<\/tr>\n<tr>\n<td width=\"123\"><strong>Referente\/ Direttore scientifico<\/strong><\/td>\n<td width=\"520\">&nbsp;<\/p>\n<p>Ing. Secondo Martino<\/td>\n<\/tr>\n<tr>\n<td width=\"123\">&nbsp;<\/p>\n<p><strong>Destinatari<\/strong><\/td>\n<td width=\"520\">Consulenti, professionisti, lavoratori di piccole, medie e grandi imprese, programmatori, studenti, imprenditori del terziario avanzato.<\/td>\n<\/tr>\n<tr>\n<td width=\"123\"><strong>Obiettivi formativi<\/strong><\/td>\n<td width=\"520\">Il project management \u00e8 l&#8217;applicazione di conoscenze, attitudini, strumenti e tecniche alle attivit\u00e0 di un progetto al fine di conseguirne gli obiettivi.<\/td>\n<\/tr>\n<tr>\n<td width=\"123\"><strong>Durata e modalit\u00e0 di fruizione<\/strong><\/td>\n<td width=\"520\">Il corso ha una durata di 30 ore erogate completamente in modalit\u00e0 e-learning (FAD<\/p>\n<p>asincrona) con tecnologia L.M.S. (Learning Management System) in grado di monitorare e di certificare lo svolgimento, la tracciabilit\u00e0 e il completamento delle attivit\u00e0 didattiche di ciascun utente. https:\/\/globcfp.piattaformafad.com\/<\/td>\n<\/tr>\n<tr>\n<td width=\"123\"><strong>Periodo<\/strong><\/p>\n<p><strong>indicativo di svolgimento<\/strong><\/td>\n<td width=\"520\">Entro il 31\/12\/2022.<\/td>\n<\/tr>\n<tr>\n<td width=\"123\">&nbsp;<\/p>\n<p>&nbsp;<\/p>\n<p>&nbsp;<\/p>\n<p>&nbsp;<\/p>\n<p>&nbsp;<\/p>\n<p>&nbsp;<\/p>\n<p>&nbsp;<\/p>\n<p>&nbsp;<\/p>\n<p>&nbsp;<\/p>\n<p>&nbsp;<\/p>\n<p>&nbsp;<\/p>\n<p>&nbsp;<\/p>\n<p>&nbsp;<\/p>\n<p><strong>Programma del corso<\/strong><\/td>\n<td width=\"520\"><strong>Basi del project management<\/strong><\/p>\n<p>capitolo 1 collegamento di progetti a prestazioni; capitolo 2 cosa significa essere un project manager; capitolo 3 le regole del gioco del progetto;<\/p>\n<p>capitolo 4 le 10 aree di conoscenza; capitolo 5 partire con il piede giusto; capitolo 6 identificazione e analisi degli stakeholder; capitolo 7 individuazione del successo del progetto; capitolo 8 gestione di rischi e vincoli; capitolo 9 la rottura del lavoro; capitolo 10 stabilire il programma di lavoro; capitolo 11 percorso critico e pianificazione; capitolo 12 opzioni di budget e controllo dei costi; capitolo 13 costruire un team di progetto vincente; capitolo 14 ottenere forniture; attrezzature e altro ancora; capitolo 15 ottenere l&#8217;approvazione del piano; capitolo 16 iniziare sulla strada giusta; capitolo 17 leadership fornire la direzione; capitolo 18 definizione di linee guida operative; capitolo 19 fare in modo che le tue comunicazioni contino; capitolo 20 monitoraggio e controllo del piano; capitolo 21 preparazione delle operazioni per il successo; capitolo 22 modifiche; modifiche e altre modifiche; capitolo 23 qualit\u00e0; fornire il meglio; capitolo 24 chiusura del progetto; capitolo 25 la valutazione finale.<\/p>\n<p><strong>Project management per information technology<\/strong><\/p>\n<p>1 progetti e lavori di progetto; 2 pianificazione del progetto; 3 monitoraggio e controllo; 4 controllo delle modifiche e gestione della configurazione; 5 qualit\u00e0; 6 stima; 7 rischio; 8 organizzazione del progetto<\/td>\n<\/tr>\n<tr>\n<td width=\"123\">&nbsp;<\/p>\n<p><strong>Programma del corso<\/strong><\/td>\n<td width=\"519\"><strong>Metodo Agile e Scrum<\/strong><\/p>\n<p>gestione agile dei progetti capitolo 1 &#8211; applicazione del manifesto e dei principi agile; gestione agile dei progetti capitolo 2 usare gli strumenti su un progetto; 03 definizione del progetto utilizzando microsoft project 2019; 03 creazione di una struttura di suddivisione del lavoro con microsoft project 2019; 03 gestione delle risorse e degli incarichi del progetto; 03 utilizzo di microsoft project 2019 per ottimizzare il piano; 04 i primi passi di scrum; 04 pianificazione del progetto; 04 il talento e il tempismo; 04 pianificazione del rilascio e dello sprint; 04 ottenere il massimo dagli sprint; 04 ispeziona e adatta come correggere il tuo ciclo.<\/p>\n<p><strong>Lean Management<\/strong><\/p>\n<p>introduzione al metodo lean; l&#8217;eccellenza operativa come arma strategica; la storia; pensiero sistemico a lungo termine; connetti persone e processi; utilizzare sistemi &#8220;pull&#8221; per evitare la sovrapproduzione; livella il carico di lavoro; lavorare per stabilire processi standardizzati come base per il miglioramento continuo; costruisci una cultura dell&#8217;arresto per identificare condizioni fuori standard e aumentare la qualit\u00e0; usa il controllo visivo per supportare le persone nel processo decisionale e nella risoluzione dei problemi; adotta e adatta la tecnologia che supporta le tue persone e i tuoi processi; crescere dirigenti che comprendano a fondo il lavoro, mettano in pratica la filosofia e la insegnino ad altri; sviluppa persone e team eccezionali che seguono la filosofia della tua azienda; rispetta i tuoi partner della catena del valore sfidandoli e aiutandoli a migliorare; osserva in profondit\u00e0 e impara in modo iterativo; concentra l&#8217;energia di miglioramento delle tue persone attraverso obiettivi allineati a tutti i livelli; impara la tua strada verso il futuro attraverso una strategia audace, alcuni grandi balzi e molti piccoli passi; fai crescere la tua impresa di apprendimento snello; un riepilogo esecutivo;<\/p>\n<p><strong>Six Sigma<\/strong><\/p>\n<p>1 Definizione di Lean Six Sigma; 2 Comprensione dei principi del Lean Six Sigma; 3 Identificare i tuoi clienti; 4 Capire le esigenze dei tuoi clienti; 5 Determinazione della catena di eventi; 6 Raccolta di informazioni; 7 Presentare i tuoi dati; 8 Analizzare cosa sta influenzando le prestazioni; 9 Identificazione di passaggi e sprechi a valore aggiunto; 10 Alla scoperta dell&#8217;opportunit\u00e0 per la prevenzione; 11 identificare e controllare i colli di bottiglia; 12 Presentazione del Design per Six Sigma; 13 Alla guida della distribuzione; 14 Selezione dei progetti giusti; 15 Capire i problemi delle persone;<\/td>\n<\/tr>\n<tr>\n<td width=\"123\"><strong>Verifica di apprendimento<\/strong><\/td>\n<td width=\"519\">Al termine di ciascuna lezione \u00e8 prevista una domanda per il rilevamento dell&#8217;attenzione e un test composto da almeno 8 quesiti a risposta multipla.<\/td>\n<\/tr>\n<tr>\n<td width=\"123\"><strong>Attestazione di partecipazione<\/strong><\/td>\n<td width=\"519\">&nbsp;<\/p>\n<p>Verr\u00e0 rilasciato attestato di frequenza in formato pdf.<\/td>\n<\/tr>\n<tr>\n<td width=\"123\"><strong>Giudizio per il docente e per il corso<\/strong><\/td>\n<td width=\"519\">&nbsp;<\/p>\n<p>\u00c8 previsto il giudizio per il corso svolto attraverso apposito questionario on line di soddisfazione utente.<\/td>\n<\/tr>\n<\/tbody>\n<\/table>\n<p>&nbsp;<\/p>\n","protected":false},"excerpt":{"rendered":"<p>&nbsp; Titolo Project Management Soggetto proponente &nbsp; Globalform S.r.l. Referente\/ Direttore scientifico &nbsp; Ing. Secondo Martino &nbsp; Destinatari Consulenti, professionisti, lavoratori di piccole, medie e grandi imprese, programmatori, studenti, imprenditori del terziario avanzato. Obiettivi formativi Il project management \u00e8 l&#8217;applicazione di conoscenze, attitudini, strumenti e tecniche alle attivit\u00e0 di un progetto al fine di conseguirne gli obiettivi. Durata e modalit\u00e0 [&hellip;]<\/p>\n","protected":false},"featured_media":2516,"template":"","meta":[],"product_brand":[],"product_cat":[917,734],"product_tag":[],"class_list":{"0":"post-2514","1":"product","2":"type-product","3":"status-publish","4":"has-post-thumbnail","6":"product_cat-corsi-fad","7":"product_cat-corsi-professionali","9":"first","10":"instock","11":"taxable","12":"shipping-taxable","13":"purchasable","14":"product-type-simple"},"yoast_head":"<!-- This site is optimized with the Yoast SEO plugin v25.4 - https:\/\/yoast.com\/wordpress\/plugins\/seo\/ -->\n<title>Project Management - Ampi Point Servizi emmegi<\/title>\n<meta name=\"robots\" content=\"index, follow, max-snippet:-1, max-image-preview:large, max-video-preview:-1\" \/>\n<link rel=\"canonical\" href=\"https:\/\/www.ampipointservizimg.it\/?product=project-management\" \/>\n<meta property=\"og:locale\" content=\"it_IT\" \/>\n<meta property=\"og:type\" content=\"article\" \/>\n<meta property=\"og:title\" content=\"Project Management - Ampi Point Servizi emmegi\" \/>\n<meta property=\"og:description\" content=\"&nbsp; Titolo Project Management Soggetto proponente &nbsp; Globalform S.r.l. Referente\/ Direttore scientifico &nbsp; Ing. Secondo Martino &nbsp; Destinatari Consulenti, professionisti, lavoratori di piccole, medie e grandi imprese, programmatori, studenti, imprenditori del terziario avanzato. Obiettivi formativi Il project management \u00e8 l&#8217;applicazione di conoscenze, attitudini, strumenti e tecniche alle attivit\u00e0 di un progetto al fine di conseguirne gli obiettivi. Durata e modalit\u00e0 [&hellip;]\" \/>\n<meta property=\"og:url\" content=\"https:\/\/www.ampipointservizimg.it\/?product=project-management\" \/>\n<meta property=\"og:site_name\" content=\"Ampi Point Servizi emmegi\" \/>\n<meta property=\"article:modified_time\" content=\"2025-07-08T21:16:02+00:00\" \/>\n<meta property=\"og:image\" content=\"https:\/\/www.ampipointservizimg.it\/wp-content\/uploads\/2023\/06\/project-management.jpg\" \/>\n\t<meta property=\"og:image:width\" content=\"400\" \/>\n\t<meta property=\"og:image:height\" content=\"400\" \/>\n\t<meta property=\"og:image:type\" content=\"image\/jpeg\" \/>\n<meta name=\"twitter:card\" content=\"summary_large_image\" \/>\n<meta name=\"twitter:label1\" content=\"Tempo di lettura stimato\" \/>\n\t<meta name=\"twitter:data1\" content=\"5 minuti\" \/>\n<script type=\"application\/ld+json\" class=\"yoast-schema-graph\">{\"@context\":\"https:\/\/schema.org\",\"@graph\":[{\"@type\":\"WebPage\",\"@id\":\"https:\/\/www.ampipointservizimg.it\/?product=project-management\",\"url\":\"https:\/\/www.ampipointservizimg.it\/?product=project-management\",\"name\":\"Project Management - Ampi Point Servizi emmegi\",\"isPartOf\":{\"@id\":\"https:\/\/www.ampipointservizimg.it\/#website\"},\"primaryImageOfPage\":{\"@id\":\"https:\/\/www.ampipointservizimg.it\/?product=project-management#primaryimage\"},\"image\":{\"@id\":\"https:\/\/www.ampipointservizimg.it\/?product=project-management#primaryimage\"},\"thumbnailUrl\":\"https:\/\/www.ampipointservizimg.it\/wp-content\/uploads\/2023\/06\/project-management.jpg\",\"datePublished\":\"2023-06-13T13:47:19+00:00\",\"dateModified\":\"2025-07-08T21:16:02+00:00\",\"breadcrumb\":{\"@id\":\"https:\/\/www.ampipointservizimg.it\/?product=project-management#breadcrumb\"},\"inLanguage\":\"it-IT\",\"potentialAction\":[{\"@type\":\"ReadAction\",\"target\":[\"https:\/\/www.ampipointservizimg.it\/?product=project-management\"]}]},{\"@type\":\"ImageObject\",\"inLanguage\":\"it-IT\",\"@id\":\"https:\/\/www.ampipointservizimg.it\/?product=project-management#primaryimage\",\"url\":\"https:\/\/www.ampipointservizimg.it\/wp-content\/uploads\/2023\/06\/project-management.jpg\",\"contentUrl\":\"https:\/\/www.ampipointservizimg.it\/wp-content\/uploads\/2023\/06\/project-management.jpg\",\"width\":400,\"height\":400},{\"@type\":\"BreadcrumbList\",\"@id\":\"https:\/\/www.ampipointservizimg.it\/?product=project-management#breadcrumb\",\"itemListElement\":[{\"@type\":\"ListItem\",\"position\":1,\"name\":\"Home\",\"item\":\"https:\/\/www.ampipointservizimg.it\/\"},{\"@type\":\"ListItem\",\"position\":2,\"name\":\"Shop\",\"item\":\"https:\/\/www.ampipointservizimg.it\/?page_id=91\"},{\"@type\":\"ListItem\",\"position\":3,\"name\":\"Project Management\"}]},{\"@type\":\"WebSite\",\"@id\":\"https:\/\/www.ampipointservizimg.it\/#website\",\"url\":\"https:\/\/www.ampipointservizimg.it\/\",\"name\":\"Ampi Point Servizi emmegi\",\"description\":\"\",\"publisher\":{\"@id\":\"https:\/\/www.ampipointservizimg.it\/#organization\"},\"potentialAction\":[{\"@type\":\"SearchAction\",\"target\":{\"@type\":\"EntryPoint\",\"urlTemplate\":\"https:\/\/www.ampipointservizimg.it\/?s={search_term_string}\"},\"query-input\":{\"@type\":\"PropertyValueSpecification\",\"valueRequired\":true,\"valueName\":\"search_term_string\"}}],\"inLanguage\":\"it-IT\"},{\"@type\":\"Organization\",\"@id\":\"https:\/\/www.ampipointservizimg.it\/#organization\",\"name\":\"Sviluppo Qualit\u00e0\",\"alternateName\":\"Sviluppo Qualit\u00e0\",\"url\":\"https:\/\/www.ampipointservizimg.it\/\",\"logo\":{\"@type\":\"ImageObject\",\"inLanguage\":\"it-IT\",\"@id\":\"https:\/\/www.ampipointservizimg.it\/#\/schema\/logo\/image\/\",\"url\":\"https:\/\/www.ampipointservizimg.it\/wp-content\/uploads\/2025\/06\/cropped-logo_con_ampi-1.png\",\"contentUrl\":\"https:\/\/www.ampipointservizimg.it\/wp-content\/uploads\/2025\/06\/cropped-logo_con_ampi-1.png\",\"width\":2269,\"height\":544,\"caption\":\"Sviluppo Qualit\u00e0\"},\"image\":{\"@id\":\"https:\/\/www.ampipointservizimg.it\/#\/schema\/logo\/image\/\"}}]}<\/script>\n<!-- \/ Yoast SEO plugin. -->","yoast_head_json":{"title":"Project Management - Ampi Point Servizi emmegi","robots":{"index":"index","follow":"follow","max-snippet":"max-snippet:-1","max-image-preview":"max-image-preview:large","max-video-preview":"max-video-preview:-1"},"canonical":"https:\/\/www.ampipointservizimg.it\/?product=project-management","og_locale":"it_IT","og_type":"article","og_title":"Project Management - Ampi Point Servizi emmegi","og_description":"&nbsp; Titolo Project Management Soggetto proponente &nbsp; Globalform S.r.l. Referente\/ Direttore scientifico &nbsp; Ing. Secondo Martino &nbsp; Destinatari Consulenti, professionisti, lavoratori di piccole, medie e grandi imprese, programmatori, studenti, imprenditori del terziario avanzato. Obiettivi formativi Il project management \u00e8 l&#8217;applicazione di conoscenze, attitudini, strumenti e tecniche alle attivit\u00e0 di un progetto al fine di conseguirne gli obiettivi. Durata e modalit\u00e0 [&hellip;]","og_url":"https:\/\/www.ampipointservizimg.it\/?product=project-management","og_site_name":"Ampi Point Servizi emmegi","article_modified_time":"2025-07-08T21:16:02+00:00","og_image":[{"width":400,"height":400,"url":"https:\/\/www.ampipointservizimg.it\/wp-content\/uploads\/2023\/06\/project-management.jpg","type":"image\/jpeg"}],"twitter_card":"summary_large_image","twitter_misc":{"Tempo di lettura stimato":"5 minuti"},"schema":{"@context":"https:\/\/schema.org","@graph":[{"@type":"WebPage","@id":"https:\/\/www.ampipointservizimg.it\/?product=project-management","url":"https:\/\/www.ampipointservizimg.it\/?product=project-management","name":"Project Management - Ampi Point Servizi emmegi","isPartOf":{"@id":"https:\/\/www.ampipointservizimg.it\/#website"},"primaryImageOfPage":{"@id":"https:\/\/www.ampipointservizimg.it\/?product=project-management#primaryimage"},"image":{"@id":"https:\/\/www.ampipointservizimg.it\/?product=project-management#primaryimage"},"thumbnailUrl":"https:\/\/www.ampipointservizimg.it\/wp-content\/uploads\/2023\/06\/project-management.jpg","datePublished":"2023-06-13T13:47:19+00:00","dateModified":"2025-07-08T21:16:02+00:00","breadcrumb":{"@id":"https:\/\/www.ampipointservizimg.it\/?product=project-management#breadcrumb"},"inLanguage":"it-IT","potentialAction":[{"@type":"ReadAction","target":["https:\/\/www.ampipointservizimg.it\/?product=project-management"]}]},{"@type":"ImageObject","inLanguage":"it-IT","@id":"https:\/\/www.ampipointservizimg.it\/?product=project-management#primaryimage","url":"https:\/\/www.ampipointservizimg.it\/wp-content\/uploads\/2023\/06\/project-management.jpg","contentUrl":"https:\/\/www.ampipointservizimg.it\/wp-content\/uploads\/2023\/06\/project-management.jpg","width":400,"height":400},{"@type":"BreadcrumbList","@id":"https:\/\/www.ampipointservizimg.it\/?product=project-management#breadcrumb","itemListElement":[{"@type":"ListItem","position":1,"name":"Home","item":"https:\/\/www.ampipointservizimg.it\/"},{"@type":"ListItem","position":2,"name":"Shop","item":"https:\/\/www.ampipointservizimg.it\/?page_id=91"},{"@type":"ListItem","position":3,"name":"Project Management"}]},{"@type":"WebSite","@id":"https:\/\/www.ampipointservizimg.it\/#website","url":"https:\/\/www.ampipointservizimg.it\/","name":"Ampi Point Servizi emmegi","description":"","publisher":{"@id":"https:\/\/www.ampipointservizimg.it\/#organization"},"potentialAction":[{"@type":"SearchAction","target":{"@type":"EntryPoint","urlTemplate":"https:\/\/www.ampipointservizimg.it\/?s={search_term_string}"},"query-input":{"@type":"PropertyValueSpecification","valueRequired":true,"valueName":"search_term_string"}}],"inLanguage":"it-IT"},{"@type":"Organization","@id":"https:\/\/www.ampipointservizimg.it\/#organization","name":"Sviluppo Qualit\u00e0","alternateName":"Sviluppo Qualit\u00e0","url":"https:\/\/www.ampipointservizimg.it\/","logo":{"@type":"ImageObject","inLanguage":"it-IT","@id":"https:\/\/www.ampipointservizimg.it\/#\/schema\/logo\/image\/","url":"https:\/\/www.ampipointservizimg.it\/wp-content\/uploads\/2025\/06\/cropped-logo_con_ampi-1.png","contentUrl":"https:\/\/www.ampipointservizimg.it\/wp-content\/uploads\/2025\/06\/cropped-logo_con_ampi-1.png","width":2269,"height":544,"caption":"Sviluppo Qualit\u00e0"},"image":{"@id":"https:\/\/www.ampipointservizimg.it\/#\/schema\/logo\/image\/"}}]}},"_links":{"self":[{"href":"https:\/\/www.ampipointservizimg.it\/index.php?rest_route=\/wp\/v2\/product\/2514","targetHints":{"allow":["GET"]}}],"collection":[{"href":"https:\/\/www.ampipointservizimg.it\/index.php?rest_route=\/wp\/v2\/product"}],"about":[{"href":"https:\/\/www.ampipointservizimg.it\/index.php?rest_route=\/wp\/v2\/types\/product"}],"wp:featuredmedia":[{"embeddable":true,"href":"https:\/\/www.ampipointservizimg.it\/index.php?rest_route=\/wp\/v2\/media\/2516"}],"wp:attachment":[{"href":"https:\/\/www.ampipointservizimg.it\/index.php?rest_route=%2Fwp%2Fv2%2Fmedia&parent=2514"}],"wp:term":[{"taxonomy":"product_brand","embeddable":true,"href":"https:\/\/www.ampipointservizimg.it\/index.php?rest_route=%2Fwp%2Fv2%2Fproduct_brand&post=2514"},{"taxonomy":"product_cat","embeddable":true,"href":"https:\/\/www.ampipointservizimg.it\/index.php?rest_route=%2Fwp%2Fv2%2Fproduct_cat&post=2514"},{"taxonomy":"product_tag","embeddable":true,"href":"https:\/\/www.ampipointservizimg.it\/index.php?rest_route=%2Fwp%2Fv2%2Fproduct_tag&post=2514"}],"curies":[{"name":"wp","href":"https:\/\/api.w.org\/{rel}","templated":true}]}}