{"id":2521,"date":"2023-06-13T16:14:06","date_gmt":"2023-06-13T14:14:06","guid":{"rendered":"https:\/\/new.sviluppoqualita.it\/?post_type=product&#038;p=2521"},"modified":"2025-07-08T23:16:02","modified_gmt":"2025-07-08T21:16:02","slug":"risk-management","status":"publish","type":"product","link":"https:\/\/www.ampipointservizimg.it\/?product=risk-management","title":{"rendered":"Risk Management"},"content":{"rendered":"<h2><strong>A chi \u00e8 destinato<\/strong><\/h2>\n<p>Datori di lavoro, dirigenti, consulenti aziendali e professionisti interessati ad approfondire la formazione sulla gestione integrata dei rischi aziendali.<\/p>\n<h2><strong>Descrizione finalit\u00e0 e vantaggi<\/strong><\/h2>\n<p>La gestione del rischio \u00e8 parte integrante delle strategie di ogni organizzazione: \u00e8 il processo attraverso il quale le aziende affrontano i rischi legati alle proprie attivit\u00e0 con lo scopo di ottenere benefici durevoli nel tempo e quindi garantire la sostenibilit\u00e0 del proprio business. Lo scopo del corso \u00e8 quello di fornire le conoscenze relativamente alla gestione delle diverse categorie dirischio aziendale. In particolare ciascun capitolo del corso \u00e8 dedicato a una specifica tipologia di rischio: 1) rischi d\u2019impresa; 2) rischi relativi alla privacy; 3) rischi relativi alla salute e sicurezza sui luoghi di lavoro; 4) rischi relativi alla sicurezza informatica.<\/p>\n<h2><strong>Modalit\u00e0 e Durata<\/strong><\/h2>\n<p>Il corso ha una durata di 16 ore e si svolge interamente in modalit\u00e0 e-learningcon tecnologia L.M.S. (Learning Management System), in grado di monitorare e di certificare lo svolgimento, la tracciabilit\u00e0 e il completamento delle attivit\u00e0 didattiche di ciascun utente. (piattaforma http:\/\/www.aisf.piattaformafad.com)<\/p>\n<h2><strong>Programma e Docenti<\/strong><\/h2>\n<p><strong>RISCHIO DI IMPRESA<\/strong> &#8211; Elementi di economia e gestione delle imprese &#8211; Risk Management &#8211; Risk Based Thinking &#8211; Risk management Pratico &#8211; Pensiero basato sul rischio &#8211; Gestione delle Non conformit\u00e0 &#8211; Project management <strong>RISCHIO PRIVACY<\/strong> &#8211; Le possibili minacce e i rischi critici &#8211; Approccio basato sul rischio nel GDPR &#8211; Definire il rischio secondo il GDPR &#8211; Analisi criminologica dei sistemi informativi &#8211; Le possibili minacce dei rischi critici &#8211; Individuazione del rischio <strong>RISCHIO SICUREZZA<\/strong> &#8211; Concetti di pericolo, rischio, danno &#8211; Criteri e strumenti individuazione rischi &#8211; Controllo del rischio clinico &#8211; La componente etica nella gestione del rischio &#8211; Il risk management nella ISO 45001 &#8211; Ambiente di lavoro e tipologie di rischio &#8211; Faq Iso 45001 &#8211; Cronologia ISO 45001 &#8211; Test finale 45001 <strong>SICUREZZA DEI DATI E GESTIONE DEL RISCHIO<\/strong> &#8211; Panoramica sulle ISO 27000 &#8211; Struttura della Norma &#8211; Introduzione alla sicurezza informatica &#8211; La sicurezza informatica &#8211; Check List per l&#8217;implementazione della ISO 27001 &#8211; ISO 31000 &#8211; Test<\/p>\n<h2><strong>Valutazione e Attestazione<\/strong><\/h2>\n<p>Verifica di apprendimento tramite test finale con domande a risposta multipla.<\/p>\n<p>Verr\u00e0 rilasciato attestato di frequenza in formato pdf<\/p>\n<p>&nbsp;<\/p>\n","protected":false},"excerpt":{"rendered":"<p>A chi \u00e8 destinato Datori di lavoro, dirigenti, consulenti aziendali e professionisti interessati ad approfondire la formazione sulla gestione integrata dei rischi aziendali. Descrizione finalit\u00e0 e vantaggi La gestione del rischio \u00e8 parte integrante delle strategie di ogni organizzazione: \u00e8 il processo attraverso il quale le aziende affrontano i rischi legati alle proprie attivit\u00e0 con lo scopo di ottenere benefici [&hellip;]<\/p>\n","protected":false},"featured_media":2525,"template":"","meta":[],"product_brand":[],"product_cat":[917,734],"product_tag":[],"class_list":{"0":"post-2521","1":"product","2":"type-product","3":"status-publish","4":"has-post-thumbnail","6":"product_cat-corsi-fad","7":"product_cat-corsi-professionali","9":"first","10":"instock","11":"taxable","12":"shipping-taxable","13":"purchasable","14":"product-type-simple"},"yoast_head":"<!-- This site is optimized with the Yoast SEO plugin v25.4 - https:\/\/yoast.com\/wordpress\/plugins\/seo\/ -->\n<title>Risk Management - Ampi Point Servizi emmegi<\/title>\n<meta name=\"robots\" content=\"index, follow, max-snippet:-1, max-image-preview:large, max-video-preview:-1\" \/>\n<link rel=\"canonical\" href=\"https:\/\/www.ampipointservizimg.it\/?product=risk-management\" \/>\n<meta property=\"og:locale\" content=\"it_IT\" \/>\n<meta property=\"og:type\" content=\"article\" \/>\n<meta property=\"og:title\" content=\"Risk Management - Ampi Point Servizi emmegi\" \/>\n<meta property=\"og:description\" content=\"A chi \u00e8 destinato Datori di lavoro, dirigenti, consulenti aziendali e professionisti interessati ad approfondire la formazione sulla gestione integrata dei rischi aziendali. Descrizione finalit\u00e0 e vantaggi La gestione del rischio \u00e8 parte integrante delle strategie di ogni organizzazione: \u00e8 il processo attraverso il quale le aziende affrontano i rischi legati alle proprie attivit\u00e0 con lo scopo di ottenere benefici [&hellip;]\" \/>\n<meta property=\"og:url\" content=\"https:\/\/www.ampipointservizimg.it\/?product=risk-management\" \/>\n<meta property=\"og:site_name\" content=\"Ampi Point Servizi emmegi\" \/>\n<meta property=\"article:modified_time\" content=\"2025-07-08T21:16:02+00:00\" \/>\n<meta property=\"og:image\" content=\"https:\/\/www.ampipointservizimg.it\/wp-content\/uploads\/2023\/06\/risk-management.jpg\" \/>\n\t<meta property=\"og:image:width\" content=\"400\" \/>\n\t<meta property=\"og:image:height\" content=\"400\" \/>\n\t<meta property=\"og:image:type\" content=\"image\/jpeg\" \/>\n<meta name=\"twitter:card\" content=\"summary_large_image\" \/>\n<meta name=\"twitter:label1\" content=\"Tempo di lettura stimato\" \/>\n\t<meta name=\"twitter:data1\" content=\"2 minuti\" \/>\n<script type=\"application\/ld+json\" class=\"yoast-schema-graph\">{\"@context\":\"https:\/\/schema.org\",\"@graph\":[{\"@type\":\"WebPage\",\"@id\":\"https:\/\/www.ampipointservizimg.it\/?product=risk-management\",\"url\":\"https:\/\/www.ampipointservizimg.it\/?product=risk-management\",\"name\":\"Risk Management - Ampi Point Servizi emmegi\",\"isPartOf\":{\"@id\":\"https:\/\/www.ampipointservizimg.it\/#website\"},\"primaryImageOfPage\":{\"@id\":\"https:\/\/www.ampipointservizimg.it\/?product=risk-management#primaryimage\"},\"image\":{\"@id\":\"https:\/\/www.ampipointservizimg.it\/?product=risk-management#primaryimage\"},\"thumbnailUrl\":\"https:\/\/www.ampipointservizimg.it\/wp-content\/uploads\/2023\/06\/risk-management.jpg\",\"datePublished\":\"2023-06-13T14:14:06+00:00\",\"dateModified\":\"2025-07-08T21:16:02+00:00\",\"breadcrumb\":{\"@id\":\"https:\/\/www.ampipointservizimg.it\/?product=risk-management#breadcrumb\"},\"inLanguage\":\"it-IT\",\"potentialAction\":[{\"@type\":\"ReadAction\",\"target\":[\"https:\/\/www.ampipointservizimg.it\/?product=risk-management\"]}]},{\"@type\":\"ImageObject\",\"inLanguage\":\"it-IT\",\"@id\":\"https:\/\/www.ampipointservizimg.it\/?product=risk-management#primaryimage\",\"url\":\"https:\/\/www.ampipointservizimg.it\/wp-content\/uploads\/2023\/06\/risk-management.jpg\",\"contentUrl\":\"https:\/\/www.ampipointservizimg.it\/wp-content\/uploads\/2023\/06\/risk-management.jpg\",\"width\":400,\"height\":400},{\"@type\":\"BreadcrumbList\",\"@id\":\"https:\/\/www.ampipointservizimg.it\/?product=risk-management#breadcrumb\",\"itemListElement\":[{\"@type\":\"ListItem\",\"position\":1,\"name\":\"Home\",\"item\":\"https:\/\/www.ampipointservizimg.it\/\"},{\"@type\":\"ListItem\",\"position\":2,\"name\":\"Shop\",\"item\":\"https:\/\/www.ampipointservizimg.it\/?page_id=91\"},{\"@type\":\"ListItem\",\"position\":3,\"name\":\"Risk Management\"}]},{\"@type\":\"WebSite\",\"@id\":\"https:\/\/www.ampipointservizimg.it\/#website\",\"url\":\"https:\/\/www.ampipointservizimg.it\/\",\"name\":\"Ampi Point Servizi emmegi\",\"description\":\"\",\"publisher\":{\"@id\":\"https:\/\/www.ampipointservizimg.it\/#organization\"},\"potentialAction\":[{\"@type\":\"SearchAction\",\"target\":{\"@type\":\"EntryPoint\",\"urlTemplate\":\"https:\/\/www.ampipointservizimg.it\/?s={search_term_string}\"},\"query-input\":{\"@type\":\"PropertyValueSpecification\",\"valueRequired\":true,\"valueName\":\"search_term_string\"}}],\"inLanguage\":\"it-IT\"},{\"@type\":\"Organization\",\"@id\":\"https:\/\/www.ampipointservizimg.it\/#organization\",\"name\":\"Sviluppo Qualit\u00e0\",\"alternateName\":\"Sviluppo Qualit\u00e0\",\"url\":\"https:\/\/www.ampipointservizimg.it\/\",\"logo\":{\"@type\":\"ImageObject\",\"inLanguage\":\"it-IT\",\"@id\":\"https:\/\/www.ampipointservizimg.it\/#\/schema\/logo\/image\/\",\"url\":\"https:\/\/www.ampipointservizimg.it\/wp-content\/uploads\/2025\/06\/cropped-logo_con_ampi-1.png\",\"contentUrl\":\"https:\/\/www.ampipointservizimg.it\/wp-content\/uploads\/2025\/06\/cropped-logo_con_ampi-1.png\",\"width\":2269,\"height\":544,\"caption\":\"Sviluppo Qualit\u00e0\"},\"image\":{\"@id\":\"https:\/\/www.ampipointservizimg.it\/#\/schema\/logo\/image\/\"}}]}<\/script>\n<!-- \/ Yoast SEO plugin. -->","yoast_head_json":{"title":"Risk Management - Ampi Point Servizi emmegi","robots":{"index":"index","follow":"follow","max-snippet":"max-snippet:-1","max-image-preview":"max-image-preview:large","max-video-preview":"max-video-preview:-1"},"canonical":"https:\/\/www.ampipointservizimg.it\/?product=risk-management","og_locale":"it_IT","og_type":"article","og_title":"Risk Management - Ampi Point Servizi emmegi","og_description":"A chi \u00e8 destinato Datori di lavoro, dirigenti, consulenti aziendali e professionisti interessati ad approfondire la formazione sulla gestione integrata dei rischi aziendali. Descrizione finalit\u00e0 e vantaggi La gestione del rischio \u00e8 parte integrante delle strategie di ogni organizzazione: \u00e8 il processo attraverso il quale le aziende affrontano i rischi legati alle proprie attivit\u00e0 con lo scopo di ottenere benefici [&hellip;]","og_url":"https:\/\/www.ampipointservizimg.it\/?product=risk-management","og_site_name":"Ampi Point Servizi emmegi","article_modified_time":"2025-07-08T21:16:02+00:00","og_image":[{"width":400,"height":400,"url":"https:\/\/www.ampipointservizimg.it\/wp-content\/uploads\/2023\/06\/risk-management.jpg","type":"image\/jpeg"}],"twitter_card":"summary_large_image","twitter_misc":{"Tempo di lettura stimato":"2 minuti"},"schema":{"@context":"https:\/\/schema.org","@graph":[{"@type":"WebPage","@id":"https:\/\/www.ampipointservizimg.it\/?product=risk-management","url":"https:\/\/www.ampipointservizimg.it\/?product=risk-management","name":"Risk Management - Ampi Point Servizi emmegi","isPartOf":{"@id":"https:\/\/www.ampipointservizimg.it\/#website"},"primaryImageOfPage":{"@id":"https:\/\/www.ampipointservizimg.it\/?product=risk-management#primaryimage"},"image":{"@id":"https:\/\/www.ampipointservizimg.it\/?product=risk-management#primaryimage"},"thumbnailUrl":"https:\/\/www.ampipointservizimg.it\/wp-content\/uploads\/2023\/06\/risk-management.jpg","datePublished":"2023-06-13T14:14:06+00:00","dateModified":"2025-07-08T21:16:02+00:00","breadcrumb":{"@id":"https:\/\/www.ampipointservizimg.it\/?product=risk-management#breadcrumb"},"inLanguage":"it-IT","potentialAction":[{"@type":"ReadAction","target":["https:\/\/www.ampipointservizimg.it\/?product=risk-management"]}]},{"@type":"ImageObject","inLanguage":"it-IT","@id":"https:\/\/www.ampipointservizimg.it\/?product=risk-management#primaryimage","url":"https:\/\/www.ampipointservizimg.it\/wp-content\/uploads\/2023\/06\/risk-management.jpg","contentUrl":"https:\/\/www.ampipointservizimg.it\/wp-content\/uploads\/2023\/06\/risk-management.jpg","width":400,"height":400},{"@type":"BreadcrumbList","@id":"https:\/\/www.ampipointservizimg.it\/?product=risk-management#breadcrumb","itemListElement":[{"@type":"ListItem","position":1,"name":"Home","item":"https:\/\/www.ampipointservizimg.it\/"},{"@type":"ListItem","position":2,"name":"Shop","item":"https:\/\/www.ampipointservizimg.it\/?page_id=91"},{"@type":"ListItem","position":3,"name":"Risk Management"}]},{"@type":"WebSite","@id":"https:\/\/www.ampipointservizimg.it\/#website","url":"https:\/\/www.ampipointservizimg.it\/","name":"Ampi Point Servizi emmegi","description":"","publisher":{"@id":"https:\/\/www.ampipointservizimg.it\/#organization"},"potentialAction":[{"@type":"SearchAction","target":{"@type":"EntryPoint","urlTemplate":"https:\/\/www.ampipointservizimg.it\/?s={search_term_string}"},"query-input":{"@type":"PropertyValueSpecification","valueRequired":true,"valueName":"search_term_string"}}],"inLanguage":"it-IT"},{"@type":"Organization","@id":"https:\/\/www.ampipointservizimg.it\/#organization","name":"Sviluppo Qualit\u00e0","alternateName":"Sviluppo Qualit\u00e0","url":"https:\/\/www.ampipointservizimg.it\/","logo":{"@type":"ImageObject","inLanguage":"it-IT","@id":"https:\/\/www.ampipointservizimg.it\/#\/schema\/logo\/image\/","url":"https:\/\/www.ampipointservizimg.it\/wp-content\/uploads\/2025\/06\/cropped-logo_con_ampi-1.png","contentUrl":"https:\/\/www.ampipointservizimg.it\/wp-content\/uploads\/2025\/06\/cropped-logo_con_ampi-1.png","width":2269,"height":544,"caption":"Sviluppo Qualit\u00e0"},"image":{"@id":"https:\/\/www.ampipointservizimg.it\/#\/schema\/logo\/image\/"}}]}},"_links":{"self":[{"href":"https:\/\/www.ampipointservizimg.it\/index.php?rest_route=\/wp\/v2\/product\/2521","targetHints":{"allow":["GET"]}}],"collection":[{"href":"https:\/\/www.ampipointservizimg.it\/index.php?rest_route=\/wp\/v2\/product"}],"about":[{"href":"https:\/\/www.ampipointservizimg.it\/index.php?rest_route=\/wp\/v2\/types\/product"}],"wp:featuredmedia":[{"embeddable":true,"href":"https:\/\/www.ampipointservizimg.it\/index.php?rest_route=\/wp\/v2\/media\/2525"}],"wp:attachment":[{"href":"https:\/\/www.ampipointservizimg.it\/index.php?rest_route=%2Fwp%2Fv2%2Fmedia&parent=2521"}],"wp:term":[{"taxonomy":"product_brand","embeddable":true,"href":"https:\/\/www.ampipointservizimg.it\/index.php?rest_route=%2Fwp%2Fv2%2Fproduct_brand&post=2521"},{"taxonomy":"product_cat","embeddable":true,"href":"https:\/\/www.ampipointservizimg.it\/index.php?rest_route=%2Fwp%2Fv2%2Fproduct_cat&post=2521"},{"taxonomy":"product_tag","embeddable":true,"href":"https:\/\/www.ampipointservizimg.it\/index.php?rest_route=%2Fwp%2Fv2%2Fproduct_tag&post=2521"}],"curies":[{"name":"wp","href":"https:\/\/api.w.org\/{rel}","templated":true}]}}