{"id":300,"date":"2022-02-28T18:31:03","date_gmt":"2022-02-28T17:31:03","guid":{"rendered":"https:\/\/new.sviluppoqualita.it\/prodotto\/aggiornamento-fsl-8h-esperto-formatore-per-la-sicurezza-sul-lavoro\/"},"modified":"2025-07-08T23:16:10","modified_gmt":"2025-07-08T21:16:10","slug":"aggiornamento-fsl-8h-esperto-formatore-per-la-sicurezza-sul-lavoro","status":"publish","type":"product","link":"https:\/\/www.ampipointservizimg.it\/?product=aggiornamento-fsl-8h-esperto-formatore-per-la-sicurezza-sul-lavoro","title":{"rendered":"Aggiornamento FSL 8h &#8211; Esperto formatore per la sicurezza sul lavoro"},"content":{"rendered":"<table style=\"width: 87.6393%;\" width=\"695\">\n<tbody>\n<tr>\n<td style=\"width: 21.3043%;\" width=\"146\">Titolo<\/td>\n<td style=\"width: 157.21%; text-align: left;\" width=\"549\">Corso di formazione \u201cAggiornamento Formatore per la Sicurezza sul Lavoro\u201d<\/td>\n<\/tr>\n<tr>\n<td style=\"width: 21.3043%;\" width=\"146\">Destinatari<\/td>\n<td style=\"width: 157.21%; text-align: left;\" width=\"549\">Tutti i soggetti qualificati come formatore-docente in materia di salute e sicurezza sul lavoro ai sensi del D.M. 06\/03\/2013 e che hanno la necessit\u00e0 di effettuare l\u2019aggiornamento triennale.<\/td>\n<\/tr>\n<tr>\n<td style=\"width: 21.3043%;\" width=\"146\">Obiettivi<\/td>\n<td style=\"width: 157.21%; text-align: left;\" rowspan=\"3\">Il corso si propone di fornire le competenze necessarie per l\u2019aggiornamento della figura\u00a0 \u00a0del Formatore per la Sicurezza sul Lavoro riconosciuta dalla normativa vigente come il soggetto che ha le conoscenze, l\u2019esperienza e la capacit\u00e0 necessarie per poter effettuare la formazione e la gestione dei processi di apprendimento nell\u2019ambito della \u00a0Sicurezza \u00a0sul \u00a0Lavoro \u00a0cos\u00ec \u00a0come \u00a0disciplinato \u00a0dal \u00a0D. \u00a0lgs. \u00a0n.81\/08 \u00a0s.m.i. \u00a0e \u00a0dal Decreto Interministeriale del 6 marzo 2013.<\/td>\n<\/tr>\n<tr>\n<td style=\"width: 21.3043%;\">e<\/td>\n<\/tr>\n<tr>\n<td style=\"width: 21.3043%;\">Finalit\u00e0<\/td>\n<\/tr>\n<tr>\n<td style=\"width: 21.3043%;\" width=\"146\">Normativa di<\/td>\n<td style=\"width: 157.21%; text-align: left;\">\u2022 \u00a0D. lgs. n.81\/08 e s. s. m. e i.<\/td>\n<\/tr>\n<tr>\n<td style=\"width: 21.3043%;\">riferimento<\/td>\n<td style=\"width: 157.21%; text-align: left;\">\u2022 \u00a0D.M. del 06\/03\/2013<\/td>\n<\/tr>\n<tr>\n<td style=\"width: 21.3043%;\" width=\"146\">Requisiti di<\/td>\n<td style=\"width: 157.21%; text-align: left;\" rowspan=\"2\" width=\"549\">Possesso dei criteri di qualificazione per il formatore-docente previsti dal D.M.<br \/>\n06\/03\/2013.<\/td>\n<\/tr>\n<tr>\n<td style=\"width: 21.3043%;\">ammissione<\/td>\n<\/tr>\n<tr>\n<td style=\"width: 21.3043%;\" width=\"146\">Durata e modalit\u00e0<\/td>\n<td style=\"width: 157.21%; text-align: left;\" width=\"549\">Il corso ha una durata di 8 ore e pu\u00f2 essere svolto in modalit\u00e0 e-learning su apposita piattaforma con specifiche caratteristiche di qualit\u00e0 e certificazione delle sessioni di collegamento dei partecipanti.<\/td>\n<\/tr>\n<tr>\n<td style=\"width: 21.3043%;\">Programma del<\/td>\n<td style=\"width: 157.21%; text-align: left;\" rowspan=\"2\" width=\"549\">DISCIPLINE E CONTENUTI<\/td>\n<\/tr>\n<tr>\n<td style=\"width: 21.3043%;\">corso<\/td>\n<\/tr>\n<tr>\n<td style=\"width: 21.3043%;\"><\/td>\n<td style=\"width: 157.21%; text-align: left;\" width=\"549\">I contenuti del corso di aggiornamento riguardano evoluzioni e approfondimenti rispetto agli argomenti trattati nel corso di formazione base:<\/p>\n<p>La Comunicazione: definizioni ed aspetti storici Tecniche di comunicazione e sicurezza sul lavoro La Comunicazione: modalit\u00e0 e Strumenti<br \/>\nComunicazione e partecipazione in materia di sicurezza<\/p>\n<p>Comunicazione e formazione<\/td>\n<\/tr>\n<tr>\n<td style=\"width: 21.3043%;\" width=\"146\">Valutazione<\/td>\n<td style=\"width: 157.21%; text-align: left;\">La verifica dell&#8217;apprendimento si svolge sulla base di test a risposta multipla e quiz game somministrabili anche in itinere.<\/td>\n<\/tr>\n<tr>\n<td style=\"width: 21.3043%;\" width=\"146\">Attestato<\/td>\n<td style=\"width: 157.21%; text-align: left;\" rowspan=\"3\" width=\"549\">Attestato di frequenza \u201cAggiornamento Formatore per la Sicurezza sul Lavoro \u00a0(8 ore)\u201d valido ai fini del soddisfacimento dei criteri previsti per la qualificazione del formatore in materia di salute e sicurezza sul lavoro D. M. del 06-03-2013.<\/td>\n<\/tr>\n<tr>\n<td style=\"width: 21.3043%;\">Formativo<\/td>\n<\/tr>\n<tr>\n<td style=\"width: 21.3043%;\">Rilasciato<\/td>\n<\/tr>\n<tr>\n<td style=\"width: 21.3043%;\" width=\"146\">Docenza<\/td>\n<td style=\"width: 157.21%; text-align: left;\" width=\"549\">Docenti in possesso dei requisiti previsti dal decreto interministeriale 6 marzo 2013, emanato in attuazione dell&#8217;articolo 6, comma 8, lettera m bis), del d.lgs. n. 81\/2008, entrato in vigore il 18 marzo 2014.<\/td>\n<\/tr>\n<\/tbody>\n<\/table>\n","protected":false},"excerpt":{"rendered":"<p>Titolo Corso di formazione \u201cAggiornamento Formatore per la Sicurezza sul Lavoro\u201d Destinatari Tutti i soggetti qualificati come formatore-docente in materia di salute e sicurezza sul lavoro ai sensi del D.M. 06\/03\/2013 e che hanno la necessit\u00e0 di effettuare l\u2019aggiornamento triennale. Obiettivi Il corso si propone di fornire le competenze necessarie per l\u2019aggiornamento della figura\u00a0 \u00a0del Formatore per la Sicurezza sul [&hellip;]<\/p>\n","protected":false},"featured_media":299,"template":"","meta":[],"product_brand":[],"product_cat":[917,734],"product_tag":[75,45],"class_list":{"0":"post-300","1":"product","2":"type-product","3":"status-publish","4":"has-post-thumbnail","6":"product_cat-corsi-fad","7":"product_cat-corsi-professionali","8":"product_tag-corsi-qualificati-aisf","9":"product_tag-corso-8-ore","11":"first","12":"instock","13":"taxable","14":"shipping-taxable","15":"purchasable","16":"product-type-simple"},"yoast_head":"<!-- This site is optimized with the Yoast SEO plugin v25.4 - https:\/\/yoast.com\/wordpress\/plugins\/seo\/ -->\n<title>Aggiornamento FSL 8h - Esperto formatore per la sicurezza sul lavoro - Ampi Point Servizi emmegi<\/title>\n<meta name=\"robots\" content=\"index, follow, max-snippet:-1, max-image-preview:large, max-video-preview:-1\" \/>\n<link rel=\"canonical\" href=\"https:\/\/www.ampipointservizimg.it\/?product=aggiornamento-fsl-8h-esperto-formatore-per-la-sicurezza-sul-lavoro\" \/>\n<meta property=\"og:locale\" content=\"it_IT\" \/>\n<meta property=\"og:type\" content=\"article\" \/>\n<meta property=\"og:title\" content=\"Aggiornamento FSL 8h - Esperto formatore per la sicurezza sul lavoro - Ampi Point Servizi emmegi\" \/>\n<meta property=\"og:description\" content=\"Titolo Corso di formazione \u201cAggiornamento Formatore per la Sicurezza sul Lavoro\u201d Destinatari Tutti i soggetti qualificati come formatore-docente in materia di salute e sicurezza sul lavoro ai sensi del D.M. 06\/03\/2013 e che hanno la necessit\u00e0 di effettuare l\u2019aggiornamento triennale. Obiettivi Il corso si propone di fornire le competenze necessarie per l\u2019aggiornamento della figura\u00a0 \u00a0del Formatore per la Sicurezza sul [&hellip;]\" \/>\n<meta property=\"og:url\" content=\"https:\/\/www.ampipointservizimg.it\/?product=aggiornamento-fsl-8h-esperto-formatore-per-la-sicurezza-sul-lavoro\" \/>\n<meta property=\"og:site_name\" content=\"Ampi Point Servizi emmegi\" \/>\n<meta property=\"article:modified_time\" content=\"2025-07-08T21:16:10+00:00\" \/>\n<meta property=\"og:image\" content=\"https:\/\/www.ampipointservizimg.it\/wp-content\/uploads\/2022\/02\/Aggiornamento-FSL_icon.jpg\" \/>\n\t<meta property=\"og:image:width\" content=\"300\" \/>\n\t<meta property=\"og:image:height\" content=\"300\" \/>\n\t<meta property=\"og:image:type\" content=\"image\/jpeg\" \/>\n<meta name=\"twitter:card\" content=\"summary_large_image\" \/>\n<meta name=\"twitter:label1\" content=\"Tempo di lettura stimato\" \/>\n\t<meta name=\"twitter:data1\" content=\"2 minuti\" \/>\n<script type=\"application\/ld+json\" class=\"yoast-schema-graph\">{\"@context\":\"https:\/\/schema.org\",\"@graph\":[{\"@type\":\"WebPage\",\"@id\":\"https:\/\/www.ampipointservizimg.it\/?product=aggiornamento-fsl-8h-esperto-formatore-per-la-sicurezza-sul-lavoro\",\"url\":\"https:\/\/www.ampipointservizimg.it\/?product=aggiornamento-fsl-8h-esperto-formatore-per-la-sicurezza-sul-lavoro\",\"name\":\"Aggiornamento FSL 8h - Esperto formatore per la sicurezza sul lavoro - Ampi Point Servizi emmegi\",\"isPartOf\":{\"@id\":\"https:\/\/www.ampipointservizimg.it\/#website\"},\"primaryImageOfPage\":{\"@id\":\"https:\/\/www.ampipointservizimg.it\/?product=aggiornamento-fsl-8h-esperto-formatore-per-la-sicurezza-sul-lavoro#primaryimage\"},\"image\":{\"@id\":\"https:\/\/www.ampipointservizimg.it\/?product=aggiornamento-fsl-8h-esperto-formatore-per-la-sicurezza-sul-lavoro#primaryimage\"},\"thumbnailUrl\":\"https:\/\/www.ampipointservizimg.it\/wp-content\/uploads\/2022\/02\/Aggiornamento-FSL_icon.jpg\",\"datePublished\":\"2022-02-28T17:31:03+00:00\",\"dateModified\":\"2025-07-08T21:16:10+00:00\",\"breadcrumb\":{\"@id\":\"https:\/\/www.ampipointservizimg.it\/?product=aggiornamento-fsl-8h-esperto-formatore-per-la-sicurezza-sul-lavoro#breadcrumb\"},\"inLanguage\":\"it-IT\",\"potentialAction\":[{\"@type\":\"ReadAction\",\"target\":[\"https:\/\/www.ampipointservizimg.it\/?product=aggiornamento-fsl-8h-esperto-formatore-per-la-sicurezza-sul-lavoro\"]}]},{\"@type\":\"ImageObject\",\"inLanguage\":\"it-IT\",\"@id\":\"https:\/\/www.ampipointservizimg.it\/?product=aggiornamento-fsl-8h-esperto-formatore-per-la-sicurezza-sul-lavoro#primaryimage\",\"url\":\"https:\/\/www.ampipointservizimg.it\/wp-content\/uploads\/2022\/02\/Aggiornamento-FSL_icon.jpg\",\"contentUrl\":\"https:\/\/www.ampipointservizimg.it\/wp-content\/uploads\/2022\/02\/Aggiornamento-FSL_icon.jpg\",\"width\":300,\"height\":300},{\"@type\":\"BreadcrumbList\",\"@id\":\"https:\/\/www.ampipointservizimg.it\/?product=aggiornamento-fsl-8h-esperto-formatore-per-la-sicurezza-sul-lavoro#breadcrumb\",\"itemListElement\":[{\"@type\":\"ListItem\",\"position\":1,\"name\":\"Home\",\"item\":\"https:\/\/www.ampipointservizimg.it\/\"},{\"@type\":\"ListItem\",\"position\":2,\"name\":\"Shop\",\"item\":\"https:\/\/www.ampipointservizimg.it\/?page_id=91\"},{\"@type\":\"ListItem\",\"position\":3,\"name\":\"Aggiornamento FSL 8h &#8211; Esperto formatore per la sicurezza sul lavoro\"}]},{\"@type\":\"WebSite\",\"@id\":\"https:\/\/www.ampipointservizimg.it\/#website\",\"url\":\"https:\/\/www.ampipointservizimg.it\/\",\"name\":\"Ampi Point Servizi emmegi\",\"description\":\"\",\"publisher\":{\"@id\":\"https:\/\/www.ampipointservizimg.it\/#organization\"},\"potentialAction\":[{\"@type\":\"SearchAction\",\"target\":{\"@type\":\"EntryPoint\",\"urlTemplate\":\"https:\/\/www.ampipointservizimg.it\/?s={search_term_string}\"},\"query-input\":{\"@type\":\"PropertyValueSpecification\",\"valueRequired\":true,\"valueName\":\"search_term_string\"}}],\"inLanguage\":\"it-IT\"},{\"@type\":\"Organization\",\"@id\":\"https:\/\/www.ampipointservizimg.it\/#organization\",\"name\":\"Sviluppo Qualit\u00e0\",\"alternateName\":\"Sviluppo Qualit\u00e0\",\"url\":\"https:\/\/www.ampipointservizimg.it\/\",\"logo\":{\"@type\":\"ImageObject\",\"inLanguage\":\"it-IT\",\"@id\":\"https:\/\/www.ampipointservizimg.it\/#\/schema\/logo\/image\/\",\"url\":\"https:\/\/www.ampipointservizimg.it\/wp-content\/uploads\/2025\/06\/cropped-logo_con_ampi-1.png\",\"contentUrl\":\"https:\/\/www.ampipointservizimg.it\/wp-content\/uploads\/2025\/06\/cropped-logo_con_ampi-1.png\",\"width\":2269,\"height\":544,\"caption\":\"Sviluppo Qualit\u00e0\"},\"image\":{\"@id\":\"https:\/\/www.ampipointservizimg.it\/#\/schema\/logo\/image\/\"}}]}<\/script>\n<!-- \/ Yoast SEO plugin. -->","yoast_head_json":{"title":"Aggiornamento FSL 8h - Esperto formatore per la sicurezza sul lavoro - Ampi Point Servizi emmegi","robots":{"index":"index","follow":"follow","max-snippet":"max-snippet:-1","max-image-preview":"max-image-preview:large","max-video-preview":"max-video-preview:-1"},"canonical":"https:\/\/www.ampipointservizimg.it\/?product=aggiornamento-fsl-8h-esperto-formatore-per-la-sicurezza-sul-lavoro","og_locale":"it_IT","og_type":"article","og_title":"Aggiornamento FSL 8h - Esperto formatore per la sicurezza sul lavoro - Ampi Point Servizi emmegi","og_description":"Titolo Corso di formazione \u201cAggiornamento Formatore per la Sicurezza sul Lavoro\u201d Destinatari Tutti i soggetti qualificati come formatore-docente in materia di salute e sicurezza sul lavoro ai sensi del D.M. 06\/03\/2013 e che hanno la necessit\u00e0 di effettuare l\u2019aggiornamento triennale. Obiettivi Il corso si propone di fornire le competenze necessarie per l\u2019aggiornamento della figura\u00a0 \u00a0del Formatore per la Sicurezza sul [&hellip;]","og_url":"https:\/\/www.ampipointservizimg.it\/?product=aggiornamento-fsl-8h-esperto-formatore-per-la-sicurezza-sul-lavoro","og_site_name":"Ampi Point Servizi emmegi","article_modified_time":"2025-07-08T21:16:10+00:00","og_image":[{"width":300,"height":300,"url":"https:\/\/www.ampipointservizimg.it\/wp-content\/uploads\/2022\/02\/Aggiornamento-FSL_icon.jpg","type":"image\/jpeg"}],"twitter_card":"summary_large_image","twitter_misc":{"Tempo di lettura stimato":"2 minuti"},"schema":{"@context":"https:\/\/schema.org","@graph":[{"@type":"WebPage","@id":"https:\/\/www.ampipointservizimg.it\/?product=aggiornamento-fsl-8h-esperto-formatore-per-la-sicurezza-sul-lavoro","url":"https:\/\/www.ampipointservizimg.it\/?product=aggiornamento-fsl-8h-esperto-formatore-per-la-sicurezza-sul-lavoro","name":"Aggiornamento FSL 8h - Esperto formatore per la sicurezza sul lavoro - Ampi Point Servizi emmegi","isPartOf":{"@id":"https:\/\/www.ampipointservizimg.it\/#website"},"primaryImageOfPage":{"@id":"https:\/\/www.ampipointservizimg.it\/?product=aggiornamento-fsl-8h-esperto-formatore-per-la-sicurezza-sul-lavoro#primaryimage"},"image":{"@id":"https:\/\/www.ampipointservizimg.it\/?product=aggiornamento-fsl-8h-esperto-formatore-per-la-sicurezza-sul-lavoro#primaryimage"},"thumbnailUrl":"https:\/\/www.ampipointservizimg.it\/wp-content\/uploads\/2022\/02\/Aggiornamento-FSL_icon.jpg","datePublished":"2022-02-28T17:31:03+00:00","dateModified":"2025-07-08T21:16:10+00:00","breadcrumb":{"@id":"https:\/\/www.ampipointservizimg.it\/?product=aggiornamento-fsl-8h-esperto-formatore-per-la-sicurezza-sul-lavoro#breadcrumb"},"inLanguage":"it-IT","potentialAction":[{"@type":"ReadAction","target":["https:\/\/www.ampipointservizimg.it\/?product=aggiornamento-fsl-8h-esperto-formatore-per-la-sicurezza-sul-lavoro"]}]},{"@type":"ImageObject","inLanguage":"it-IT","@id":"https:\/\/www.ampipointservizimg.it\/?product=aggiornamento-fsl-8h-esperto-formatore-per-la-sicurezza-sul-lavoro#primaryimage","url":"https:\/\/www.ampipointservizimg.it\/wp-content\/uploads\/2022\/02\/Aggiornamento-FSL_icon.jpg","contentUrl":"https:\/\/www.ampipointservizimg.it\/wp-content\/uploads\/2022\/02\/Aggiornamento-FSL_icon.jpg","width":300,"height":300},{"@type":"BreadcrumbList","@id":"https:\/\/www.ampipointservizimg.it\/?product=aggiornamento-fsl-8h-esperto-formatore-per-la-sicurezza-sul-lavoro#breadcrumb","itemListElement":[{"@type":"ListItem","position":1,"name":"Home","item":"https:\/\/www.ampipointservizimg.it\/"},{"@type":"ListItem","position":2,"name":"Shop","item":"https:\/\/www.ampipointservizimg.it\/?page_id=91"},{"@type":"ListItem","position":3,"name":"Aggiornamento FSL 8h &#8211; Esperto formatore per la sicurezza sul lavoro"}]},{"@type":"WebSite","@id":"https:\/\/www.ampipointservizimg.it\/#website","url":"https:\/\/www.ampipointservizimg.it\/","name":"Ampi Point Servizi emmegi","description":"","publisher":{"@id":"https:\/\/www.ampipointservizimg.it\/#organization"},"potentialAction":[{"@type":"SearchAction","target":{"@type":"EntryPoint","urlTemplate":"https:\/\/www.ampipointservizimg.it\/?s={search_term_string}"},"query-input":{"@type":"PropertyValueSpecification","valueRequired":true,"valueName":"search_term_string"}}],"inLanguage":"it-IT"},{"@type":"Organization","@id":"https:\/\/www.ampipointservizimg.it\/#organization","name":"Sviluppo Qualit\u00e0","alternateName":"Sviluppo Qualit\u00e0","url":"https:\/\/www.ampipointservizimg.it\/","logo":{"@type":"ImageObject","inLanguage":"it-IT","@id":"https:\/\/www.ampipointservizimg.it\/#\/schema\/logo\/image\/","url":"https:\/\/www.ampipointservizimg.it\/wp-content\/uploads\/2025\/06\/cropped-logo_con_ampi-1.png","contentUrl":"https:\/\/www.ampipointservizimg.it\/wp-content\/uploads\/2025\/06\/cropped-logo_con_ampi-1.png","width":2269,"height":544,"caption":"Sviluppo Qualit\u00e0"},"image":{"@id":"https:\/\/www.ampipointservizimg.it\/#\/schema\/logo\/image\/"}}]}},"_links":{"self":[{"href":"https:\/\/www.ampipointservizimg.it\/index.php?rest_route=\/wp\/v2\/product\/300","targetHints":{"allow":["GET"]}}],"collection":[{"href":"https:\/\/www.ampipointservizimg.it\/index.php?rest_route=\/wp\/v2\/product"}],"about":[{"href":"https:\/\/www.ampipointservizimg.it\/index.php?rest_route=\/wp\/v2\/types\/product"}],"wp:featuredmedia":[{"embeddable":true,"href":"https:\/\/www.ampipointservizimg.it\/index.php?rest_route=\/wp\/v2\/media\/299"}],"wp:attachment":[{"href":"https:\/\/www.ampipointservizimg.it\/index.php?rest_route=%2Fwp%2Fv2%2Fmedia&parent=300"}],"wp:term":[{"taxonomy":"product_brand","embeddable":true,"href":"https:\/\/www.ampipointservizimg.it\/index.php?rest_route=%2Fwp%2Fv2%2Fproduct_brand&post=300"},{"taxonomy":"product_cat","embeddable":true,"href":"https:\/\/www.ampipointservizimg.it\/index.php?rest_route=%2Fwp%2Fv2%2Fproduct_cat&post=300"},{"taxonomy":"product_tag","embeddable":true,"href":"https:\/\/www.ampipointservizimg.it\/index.php?rest_route=%2Fwp%2Fv2%2Fproduct_tag&post=300"}],"curies":[{"name":"wp","href":"https:\/\/api.w.org\/{rel}","templated":true}]}}