{"id":477,"date":"2022-02-28T18:57:23","date_gmt":"2022-02-28T17:57:23","guid":{"rendered":"https:\/\/new.sviluppoqualita.it\/prodotto\/regolamento-ue-2016-679\/"},"modified":"2024-03-13T17:34:58","modified_gmt":"2024-03-13T16:34:58","slug":"antiriciclaggio","status":"publish","type":"product","link":"https:\/\/www.ampipointservizimg.it\/?product=antiriciclaggio","title":{"rendered":"Antiriciclaggio"},"content":{"rendered":"<h2><strong>Descrizione e finalit\u00e0<\/strong><\/h2>\n<p>La Legge Antiriciclaggio prevede l&#8217;obbligo per il datore di lavoro di pianificare corsi antiriciclaggio periodici per tutti i propri dipendenti e collaboratori. In particolare l&#8217;art.16 del D.lgs. 231-2007, cos\u00ec come modificato dalla legge di recepimento della IV Direttiva Antiriciclaggio (D.lgs. 90-2017) e della V Direttiva Antiriciclaggio (D.lgs. 125- 2019) obbliga i Commercialisti, i CED, i Revisori e i Tributaristi a far frequentare a tutti i professionisti, dipendenti e collaboratori dello studio professionale programmi permanenti di formazione antiriciclaggio.<\/p>\n<h2><strong>A chi \u00e8 destinato<\/strong><\/h2>\n<p>Il\u00a0Corso Antiriciclaggio\u00a0\u00e8 rivolto a tutti i Commercialisti e Consulenti del lavoro che hanno l\u2019obbligo di ottenere i <a href=\"https:\/\/shop.networkgtc.it\/product-category\/formazione-2\/formazione-corsi-con-rilascio-cfp\/\">Crediti Formativi Professionali.<\/a><\/p>\n<h2><strong>Modalit\u00e0 e Durata<\/strong><\/h2>\n<p>Il Corso Antiriciclaggio \u00e8 erogato in modalit\u00e0 e-learning ed ha una durata di 20 ore, secondo la normativa di riferimento:<\/p>\n<p><em>D.Lgs. n. 231\/2001; L. n. 190\/2012; ISO 37001:2016<\/em><\/p>\n<p>La Piattaforma e-learning \u00e8 dotata di tecnologia L.M.S., in grado di monitorare e di certificare lo svolgimento, la tracciabilit\u00e0 e il completamento dell&#8217;attivit\u00e0 didattica di tutti gli utenti iscritti in piattaforma.<\/p>\n<h2><strong>Programma e Docenti<\/strong><\/h2>\n<p>Il programma del Corso Antiriciclaggio \u00e8 suddiviso in <em>2 Moduli<\/em>:<\/p>\n<ol>\n<li><strong>Modulo 1<\/strong>:\n<ol>\n<li><em>il flusso di lavoro Antiriciclaggio; <\/em><\/li>\n<li><em>la Normativa Italiana; <\/em><\/li>\n<li><em>Sistema di Gestione per la prevenzione della corruzione; <\/em><\/li>\n<li><em>struttura della norma; <\/em><\/li>\n<li><em>i criteri della Norma; <\/em><\/li>\n<li><em><em>faq sulla37001.<\/em><\/em><\/li>\n<\/ol>\n<\/li>\n<li><strong>Modulo 2:<\/strong>\n<ol>\n<li><em>Un esame della norma e rapporti con il Dlgs 231\/01; 37001 nella PA; <\/em><\/li>\n<li><em>le responsabilit\u00e0 per la prevenzione della corruzione; <\/em><\/li>\n<li><em>Piano Nazionale Anticorruzione 2021 &#8211; 2023 parte 1; <\/em><\/li>\n<li><em>Piano Nazionale Anticorruzione 2021 &#8211; 2023 parte 2; <\/em><\/li>\n<li><em>due Diligence;<\/em><\/li>\n<li><em>il sistema di controllo interno negli enti locali;<\/em><\/li>\n<li><em>la tutela del Whistleblowing; <\/em><\/li>\n<li><em>la mappatura dei processi e la valutazione del rischio di corruzione; <\/em><\/li>\n<li><em>la prevenzione della corruzione dei <\/em><br \/>\n<em>partecipanti alla gara;<\/em><\/li>\n<li><em>la prevenzione della corruzione e la trasparenza negli appalti pubblici; <\/em><\/li>\n<li><em>la rappresentazione dei processi; <\/em><\/li>\n<li><em>asseverazione ASSE.CO; <\/em><\/li>\n<li><em>il Rating di legalit\u00e0;<\/em><\/li>\n<li><em>la direttiva PIF; <\/em><\/li>\n<li><em>la Responsabilit\u00e0 Sociale; <\/em><\/li>\n<li><em>riempi i vuoti; <\/em><\/li>\n<li><em>sequenza 37001;<\/em><\/li>\n<li><em>Drag and Drop 37001.<\/em><\/li>\n<\/ol>\n<\/li>\n<\/ol>\n<h2><strong>Valutazione e Attestazione<\/strong><\/h2>\n<p>Al termine di ogni modulo \u00e8 prevista una verifica intermedia basata su domande a risposta multipla per monitorare l&#8217;apprendimento di ciascun utente.<\/p>\n<p>Superato l&#8217;esame di verifica finale, verr\u00e0 rilasciato l&#8217;attestato di frequenza al Corso Antiriciclaggio, in formato PDF ed i<strong> 20 Crediti Formativi Professionali<\/strong> (<em>CFP<\/em>).<\/p>\n","protected":false},"excerpt":{"rendered":"<p>Descrizione e finalit\u00e0 La Legge Antiriciclaggio prevede l&#8217;obbligo per il datore di lavoro di pianificare corsi antiriciclaggio periodici per tutti i propri dipendenti e collaboratori. In particolare l&#8217;art.16 del D.lgs. 231-2007, cos\u00ec come modificato dalla legge di recepimento della IV Direttiva Antiriciclaggio (D.lgs. 90-2017) e della V Direttiva Antiriciclaggio (D.lgs. 125- 2019) obbliga i Commercialisti, i CED, i Revisori e [&hellip;]<\/p>\n","protected":false},"featured_media":2478,"template":"","meta":[],"product_brand":[],"product_cat":[325,188,917],"product_tag":[326,191],"class_list":{"0":"post-477","1":"product","2":"type-product","3":"status-publish","4":"has-post-thumbnail","6":"product_cat-cfp-consulenti-del-lavoro","7":"product_cat-formazione-corsi-con-rilascio-cfp","8":"product_cat-corsi-fad","9":"product_tag-cfp-consulenti-del-lavoro","10":"product_tag-corso-20-ore","12":"first","13":"instock","14":"taxable","15":"shipping-taxable","16":"purchasable","17":"product-type-simple"},"yoast_head":"<!-- This site is optimized with the Yoast SEO plugin v25.4 - https:\/\/yoast.com\/wordpress\/plugins\/seo\/ -->\n<title>Antiriciclaggio - Ampi Point Servizi emmegi<\/title>\n<meta name=\"robots\" content=\"index, follow, max-snippet:-1, max-image-preview:large, max-video-preview:-1\" \/>\n<link rel=\"canonical\" href=\"https:\/\/www.ampipointservizimg.it\/?product=antiriciclaggio\" \/>\n<meta property=\"og:locale\" content=\"it_IT\" \/>\n<meta property=\"og:type\" content=\"article\" \/>\n<meta property=\"og:title\" content=\"Antiriciclaggio - Ampi Point Servizi emmegi\" \/>\n<meta property=\"og:description\" content=\"Descrizione e finalit\u00e0 La Legge Antiriciclaggio prevede l&#8217;obbligo per il datore di lavoro di pianificare corsi antiriciclaggio periodici per tutti i propri dipendenti e collaboratori. In particolare l&#8217;art.16 del D.lgs. 231-2007, cos\u00ec come modificato dalla legge di recepimento della IV Direttiva Antiriciclaggio (D.lgs. 90-2017) e della V Direttiva Antiriciclaggio (D.lgs. 125- 2019) obbliga i Commercialisti, i CED, i Revisori e [&hellip;]\" \/>\n<meta property=\"og:url\" content=\"https:\/\/www.ampipointservizimg.it\/?product=antiriciclaggio\" \/>\n<meta property=\"og:site_name\" content=\"Ampi Point Servizi emmegi\" \/>\n<meta property=\"article:modified_time\" content=\"2024-03-13T16:34:58+00:00\" \/>\n<meta property=\"og:image\" content=\"https:\/\/www.ampipointservizimg.it\/wp-content\/uploads\/2022\/02\/antiriciclaggio.jpg\" \/>\n\t<meta property=\"og:image:width\" content=\"400\" \/>\n\t<meta property=\"og:image:height\" content=\"400\" \/>\n\t<meta property=\"og:image:type\" content=\"image\/jpeg\" \/>\n<meta name=\"twitter:card\" content=\"summary_large_image\" \/>\n<meta name=\"twitter:label1\" content=\"Tempo di lettura stimato\" \/>\n\t<meta name=\"twitter:data1\" content=\"3 minuti\" \/>\n<script type=\"application\/ld+json\" class=\"yoast-schema-graph\">{\"@context\":\"https:\/\/schema.org\",\"@graph\":[{\"@type\":\"WebPage\",\"@id\":\"https:\/\/www.ampipointservizimg.it\/?product=antiriciclaggio\",\"url\":\"https:\/\/www.ampipointservizimg.it\/?product=antiriciclaggio\",\"name\":\"Antiriciclaggio - Ampi Point Servizi emmegi\",\"isPartOf\":{\"@id\":\"https:\/\/www.ampipointservizimg.it\/#website\"},\"primaryImageOfPage\":{\"@id\":\"https:\/\/www.ampipointservizimg.it\/?product=antiriciclaggio#primaryimage\"},\"image\":{\"@id\":\"https:\/\/www.ampipointservizimg.it\/?product=antiriciclaggio#primaryimage\"},\"thumbnailUrl\":\"https:\/\/www.ampipointservizimg.it\/wp-content\/uploads\/2022\/02\/antiriciclaggio.jpg\",\"datePublished\":\"2022-02-28T17:57:23+00:00\",\"dateModified\":\"2024-03-13T16:34:58+00:00\",\"breadcrumb\":{\"@id\":\"https:\/\/www.ampipointservizimg.it\/?product=antiriciclaggio#breadcrumb\"},\"inLanguage\":\"it-IT\",\"potentialAction\":[{\"@type\":\"ReadAction\",\"target\":[\"https:\/\/www.ampipointservizimg.it\/?product=antiriciclaggio\"]}]},{\"@type\":\"ImageObject\",\"inLanguage\":\"it-IT\",\"@id\":\"https:\/\/www.ampipointservizimg.it\/?product=antiriciclaggio#primaryimage\",\"url\":\"https:\/\/www.ampipointservizimg.it\/wp-content\/uploads\/2022\/02\/antiriciclaggio.jpg\",\"contentUrl\":\"https:\/\/www.ampipointservizimg.it\/wp-content\/uploads\/2022\/02\/antiriciclaggio.jpg\",\"width\":400,\"height\":400},{\"@type\":\"BreadcrumbList\",\"@id\":\"https:\/\/www.ampipointservizimg.it\/?product=antiriciclaggio#breadcrumb\",\"itemListElement\":[{\"@type\":\"ListItem\",\"position\":1,\"name\":\"Home\",\"item\":\"https:\/\/www.ampipointservizimg.it\/\"},{\"@type\":\"ListItem\",\"position\":2,\"name\":\"Shop\",\"item\":\"https:\/\/www.ampipointservizimg.it\/?page_id=91\"},{\"@type\":\"ListItem\",\"position\":3,\"name\":\"Antiriciclaggio\"}]},{\"@type\":\"WebSite\",\"@id\":\"https:\/\/www.ampipointservizimg.it\/#website\",\"url\":\"https:\/\/www.ampipointservizimg.it\/\",\"name\":\"Ampi Point Servizi emmegi\",\"description\":\"\",\"publisher\":{\"@id\":\"https:\/\/www.ampipointservizimg.it\/#organization\"},\"potentialAction\":[{\"@type\":\"SearchAction\",\"target\":{\"@type\":\"EntryPoint\",\"urlTemplate\":\"https:\/\/www.ampipointservizimg.it\/?s={search_term_string}\"},\"query-input\":{\"@type\":\"PropertyValueSpecification\",\"valueRequired\":true,\"valueName\":\"search_term_string\"}}],\"inLanguage\":\"it-IT\"},{\"@type\":\"Organization\",\"@id\":\"https:\/\/www.ampipointservizimg.it\/#organization\",\"name\":\"Sviluppo Qualit\u00e0\",\"alternateName\":\"Sviluppo Qualit\u00e0\",\"url\":\"https:\/\/www.ampipointservizimg.it\/\",\"logo\":{\"@type\":\"ImageObject\",\"inLanguage\":\"it-IT\",\"@id\":\"https:\/\/www.ampipointservizimg.it\/#\/schema\/logo\/image\/\",\"url\":\"https:\/\/www.ampipointservizimg.it\/wp-content\/uploads\/2025\/06\/cropped-logo_con_ampi-1.png\",\"contentUrl\":\"https:\/\/www.ampipointservizimg.it\/wp-content\/uploads\/2025\/06\/cropped-logo_con_ampi-1.png\",\"width\":2269,\"height\":544,\"caption\":\"Sviluppo Qualit\u00e0\"},\"image\":{\"@id\":\"https:\/\/www.ampipointservizimg.it\/#\/schema\/logo\/image\/\"}}]}<\/script>\n<!-- \/ Yoast SEO plugin. -->","yoast_head_json":{"title":"Antiriciclaggio - Ampi Point Servizi emmegi","robots":{"index":"index","follow":"follow","max-snippet":"max-snippet:-1","max-image-preview":"max-image-preview:large","max-video-preview":"max-video-preview:-1"},"canonical":"https:\/\/www.ampipointservizimg.it\/?product=antiriciclaggio","og_locale":"it_IT","og_type":"article","og_title":"Antiriciclaggio - Ampi Point Servizi emmegi","og_description":"Descrizione e finalit\u00e0 La Legge Antiriciclaggio prevede l&#8217;obbligo per il datore di lavoro di pianificare corsi antiriciclaggio periodici per tutti i propri dipendenti e collaboratori. In particolare l&#8217;art.16 del D.lgs. 231-2007, cos\u00ec come modificato dalla legge di recepimento della IV Direttiva Antiriciclaggio (D.lgs. 90-2017) e della V Direttiva Antiriciclaggio (D.lgs. 125- 2019) obbliga i Commercialisti, i CED, i Revisori e [&hellip;]","og_url":"https:\/\/www.ampipointservizimg.it\/?product=antiriciclaggio","og_site_name":"Ampi Point Servizi emmegi","article_modified_time":"2024-03-13T16:34:58+00:00","og_image":[{"width":400,"height":400,"url":"https:\/\/www.ampipointservizimg.it\/wp-content\/uploads\/2022\/02\/antiriciclaggio.jpg","type":"image\/jpeg"}],"twitter_card":"summary_large_image","twitter_misc":{"Tempo di lettura stimato":"3 minuti"},"schema":{"@context":"https:\/\/schema.org","@graph":[{"@type":"WebPage","@id":"https:\/\/www.ampipointservizimg.it\/?product=antiriciclaggio","url":"https:\/\/www.ampipointservizimg.it\/?product=antiriciclaggio","name":"Antiriciclaggio - Ampi Point Servizi emmegi","isPartOf":{"@id":"https:\/\/www.ampipointservizimg.it\/#website"},"primaryImageOfPage":{"@id":"https:\/\/www.ampipointservizimg.it\/?product=antiriciclaggio#primaryimage"},"image":{"@id":"https:\/\/www.ampipointservizimg.it\/?product=antiriciclaggio#primaryimage"},"thumbnailUrl":"https:\/\/www.ampipointservizimg.it\/wp-content\/uploads\/2022\/02\/antiriciclaggio.jpg","datePublished":"2022-02-28T17:57:23+00:00","dateModified":"2024-03-13T16:34:58+00:00","breadcrumb":{"@id":"https:\/\/www.ampipointservizimg.it\/?product=antiriciclaggio#breadcrumb"},"inLanguage":"it-IT","potentialAction":[{"@type":"ReadAction","target":["https:\/\/www.ampipointservizimg.it\/?product=antiriciclaggio"]}]},{"@type":"ImageObject","inLanguage":"it-IT","@id":"https:\/\/www.ampipointservizimg.it\/?product=antiriciclaggio#primaryimage","url":"https:\/\/www.ampipointservizimg.it\/wp-content\/uploads\/2022\/02\/antiriciclaggio.jpg","contentUrl":"https:\/\/www.ampipointservizimg.it\/wp-content\/uploads\/2022\/02\/antiriciclaggio.jpg","width":400,"height":400},{"@type":"BreadcrumbList","@id":"https:\/\/www.ampipointservizimg.it\/?product=antiriciclaggio#breadcrumb","itemListElement":[{"@type":"ListItem","position":1,"name":"Home","item":"https:\/\/www.ampipointservizimg.it\/"},{"@type":"ListItem","position":2,"name":"Shop","item":"https:\/\/www.ampipointservizimg.it\/?page_id=91"},{"@type":"ListItem","position":3,"name":"Antiriciclaggio"}]},{"@type":"WebSite","@id":"https:\/\/www.ampipointservizimg.it\/#website","url":"https:\/\/www.ampipointservizimg.it\/","name":"Ampi Point Servizi emmegi","description":"","publisher":{"@id":"https:\/\/www.ampipointservizimg.it\/#organization"},"potentialAction":[{"@type":"SearchAction","target":{"@type":"EntryPoint","urlTemplate":"https:\/\/www.ampipointservizimg.it\/?s={search_term_string}"},"query-input":{"@type":"PropertyValueSpecification","valueRequired":true,"valueName":"search_term_string"}}],"inLanguage":"it-IT"},{"@type":"Organization","@id":"https:\/\/www.ampipointservizimg.it\/#organization","name":"Sviluppo Qualit\u00e0","alternateName":"Sviluppo Qualit\u00e0","url":"https:\/\/www.ampipointservizimg.it\/","logo":{"@type":"ImageObject","inLanguage":"it-IT","@id":"https:\/\/www.ampipointservizimg.it\/#\/schema\/logo\/image\/","url":"https:\/\/www.ampipointservizimg.it\/wp-content\/uploads\/2025\/06\/cropped-logo_con_ampi-1.png","contentUrl":"https:\/\/www.ampipointservizimg.it\/wp-content\/uploads\/2025\/06\/cropped-logo_con_ampi-1.png","width":2269,"height":544,"caption":"Sviluppo Qualit\u00e0"},"image":{"@id":"https:\/\/www.ampipointservizimg.it\/#\/schema\/logo\/image\/"}}]}},"_links":{"self":[{"href":"https:\/\/www.ampipointservizimg.it\/index.php?rest_route=\/wp\/v2\/product\/477","targetHints":{"allow":["GET"]}}],"collection":[{"href":"https:\/\/www.ampipointservizimg.it\/index.php?rest_route=\/wp\/v2\/product"}],"about":[{"href":"https:\/\/www.ampipointservizimg.it\/index.php?rest_route=\/wp\/v2\/types\/product"}],"wp:featuredmedia":[{"embeddable":true,"href":"https:\/\/www.ampipointservizimg.it\/index.php?rest_route=\/wp\/v2\/media\/2478"}],"wp:attachment":[{"href":"https:\/\/www.ampipointservizimg.it\/index.php?rest_route=%2Fwp%2Fv2%2Fmedia&parent=477"}],"wp:term":[{"taxonomy":"product_brand","embeddable":true,"href":"https:\/\/www.ampipointservizimg.it\/index.php?rest_route=%2Fwp%2Fv2%2Fproduct_brand&post=477"},{"taxonomy":"product_cat","embeddable":true,"href":"https:\/\/www.ampipointservizimg.it\/index.php?rest_route=%2Fwp%2Fv2%2Fproduct_cat&post=477"},{"taxonomy":"product_tag","embeddable":true,"href":"https:\/\/www.ampipointservizimg.it\/index.php?rest_route=%2Fwp%2Fv2%2Fproduct_tag&post=477"}],"curies":[{"name":"wp","href":"https:\/\/api.w.org\/{rel}","templated":true}]}}