{"id":479,"date":"2022-02-28T18:57:32","date_gmt":"2022-02-28T17:57:32","guid":{"rendered":"https:\/\/new.sviluppoqualita.it\/prodotto\/espero-di-sistemi-di-tracciabilita-degli-alimenti-copia\/"},"modified":"2025-07-08T23:16:08","modified_gmt":"2025-07-08T21:16:08","slug":"espero-di-sistemi-di-tracciabilita-degli-alimenti-copia","status":"publish","type":"product","link":"https:\/\/www.ampipointservizimg.it\/?product=espero-di-sistemi-di-tracciabilita-degli-alimenti-copia","title":{"rendered":"ISO 17025:2018"},"content":{"rendered":"<table style=\"width: 50.1453%;\" width=\"688\">\n<tbody>\n<tr>\n<td style=\"width: 19.2754%;\" width=\"131\">Titolo<\/td>\n<td style=\"width: 79.5652%;\" width=\"557\">&#8220;ISO 17025 2017&#8221;<\/td>\n<\/tr>\n<tr>\n<td style=\"width: 19.2754%;\" width=\"131\">Destinatari<\/td>\n<td style=\"width: 79.5652%;\" width=\"557\">Direzione del laboratorio, Responsabili tecnici di laboratorio, Responsabili del sistema di gestione, Responsabili di settore, Tecnici di laboratorio, Consulenti.<\/td>\n<\/tr>\n<tr>\n<td style=\"width: 19.2754%;\"><\/td>\n<td style=\"width: 79.5652%;\" rowspan=\"4\" width=\"557\">La revisionedellanormaISO\/IEC17025, pubblicata anovembre2017,\u00e8arrivatadopo12 anni dalla preced\u00a0\u00a0\u00a0\u00a0\u00a0 \u00a0revisione del 2005 che nella sostanza non aveva portato a cambiamentisosta \u00a0rispett alla versione del 2000.<br \/>\n&#8211; In questa revisione invece le modifiche sono di non poco conto e interes ano sia i req te che quelli gestionali, in particolare la nuova norma Acquisire le<br \/>\nconosc e gli strumenti per riesaminare e adeguare il Sistema di Gestione del<br \/>\nproprio laboratorio alla revisione della norma UNI CEI EN ISO\/IEC 17025:2017<\/td>\n<\/tr>\n<tr>\n<td style=\"width: 19.2754%;\" rowspan=\"3\" width=\"131\">Obiettivi e finalit\u00e0<\/td>\n<\/tr>\n<tr>\n<td style=\"width: 19.2754%;\" width=\"131\">Normativa di<\/td>\n<td style=\"width: 79.5652%;\" width=\"557\">&#8211;\u00a0\u00a0 \u00a0ISO 9001\/2015<\/td>\n<\/tr>\n<tr>\n<td style=\"width: 19.2754%;\">riferimento<\/td>\n<td style=\"width: 79.5652%;\">&#8211;\u00a0\u00a0 \u00a0ISO 17025\/2017<\/td>\n<\/tr>\n<tr>\n<td style=\"width: 19.2754%;\" width=\"131\">Requisiti di<\/td>\n<td style=\"width: 79.5652%;\" rowspan=\"2\" width=\"557\">Conoscenza della norma UNI CEI EN ISO\/IEC 17025: 2005 e dell&#8217;applicazione nei laboratori di taratura<\/td>\n<\/tr>\n<tr>\n<td style=\"width: 19.2754%;\">ammissione<\/td>\n<\/tr>\n<tr>\n<td style=\"width: 19.2754%;\" width=\"131\">Durata e<\/td>\n<td style=\"width: 79.5652%;\" rowspan=\"2\" width=\"557\">Il corso ha una durata di 8 ore erogabile completamente in modalit\u00e0 e-learning (L.M.S.) Learning Management System, in grado di monitorare e di certificare lo svolgimento, la tracciabilit\u00e0 e il completamento delle attivit\u00e0 didattiche di ciascun utente.<\/td>\n<\/tr>\n<tr>\n<td style=\"width: 19.2754%;\">modalit\u00e0<\/td>\n<\/tr>\n<tr>\n<td style=\"width: 19.2754%;\"><\/td>\n<td style=\"width: 79.5652%;\">DISCIPLINE E CO\/I\/T<\/td>\n<\/tr>\n<tr>\n<td style=\"width: 19.2754%;\" width=\"131\">Programma del<\/td>\n<td style=\"width: 79.5652%;\" width=\"557\">1. LanormaISO\/IEC17025: \/astru\u00a0\u00a0\u00a0\u00a0\u00a0\u00a0\u00a0\u00a0 \u00a0leprincipali modifi\u00a0\u00a0\u00a0\u00a0 \u00a0ei nuovi requisitiintrodotti<\/td>\n<\/tr>\n<tr>\n<td style=\"width: 19.2754%;\">corso<\/td>\n<td style=\"width: 79.5652%;\" width=\"557\">2. \u00a0I cambiamentiintrodotti<\/p>\n<p>3. \u00a0Ilris \u00a0Managenent<\/p>\n<p>4.\u00a0 \u00a0Come affrontare il cambiamento<\/td>\n<\/tr>\n<tr>\n<td style=\"width: 19.2754%;\" width=\"131\">Valutazione<\/td>\n<td style=\"width: 79.5652%;\">La valutazione finale verr effettuata mediante una verifica di apprendimento finale ( esame finale).<\/td>\n<\/tr>\n<tr>\n<td style=\"width: 19.2754%;\">Attestato<\/td>\n<td style=\"width: 79.5652%;\" rowspan=\"3\" width=\"557\">Attestato di frequenza del corso di &#8220;ISO 17025 2017&#8221; rilasciato dall&#8217;A.I.S.F.<\/td>\n<\/tr>\n<tr>\n<td style=\"width: 19.2754%;\">formativo<\/td>\n<\/tr>\n<tr>\n<td style=\"width: 19.2754%;\">rilasciato<\/td>\n<\/tr>\n<\/tbody>\n<\/table>\n","protected":false},"excerpt":{"rendered":"<p>Titolo &#8220;ISO 17025 2017&#8221; Destinatari Direzione del laboratorio, Responsabili tecnici di laboratorio, Responsabili del sistema di gestione, Responsabili di settore, Tecnici di laboratorio, Consulenti. La revisionedellanormaISO\/IEC17025, pubblicata anovembre2017,\u00e8arrivatadopo12 anni dalla preced\u00a0\u00a0\u00a0\u00a0\u00a0 \u00a0revisione del 2005 che nella sostanza non aveva portato a cambiamentisosta \u00a0rispett alla versione del 2000. &#8211; In questa revisione invece le modifiche sono di non poco conto e [&hellip;]<\/p>\n","protected":false},"featured_media":478,"template":"","meta":[],"product_brand":[],"product_cat":[917,734],"product_tag":[75,45],"class_list":{"0":"post-479","1":"product","2":"type-product","3":"status-publish","4":"has-post-thumbnail","6":"product_cat-corsi-fad","7":"product_cat-corsi-professionali","8":"product_tag-corsi-qualificati-aisf","9":"product_tag-corso-8-ore","11":"first","12":"instock","13":"taxable","14":"shipping-taxable","15":"purchasable","16":"product-type-simple"},"yoast_head":"<!-- This site is optimized with the Yoast SEO plugin v25.4 - https:\/\/yoast.com\/wordpress\/plugins\/seo\/ -->\n<title>ISO 17025:2018 - Ampi Point Servizi emmegi<\/title>\n<meta name=\"robots\" content=\"index, follow, max-snippet:-1, max-image-preview:large, max-video-preview:-1\" \/>\n<link rel=\"canonical\" href=\"https:\/\/www.ampipointservizimg.it\/?product=espero-di-sistemi-di-tracciabilita-degli-alimenti-copia\" \/>\n<meta property=\"og:locale\" content=\"it_IT\" \/>\n<meta property=\"og:type\" content=\"article\" \/>\n<meta property=\"og:title\" content=\"ISO 17025:2018 - Ampi Point Servizi emmegi\" \/>\n<meta property=\"og:description\" content=\"Titolo &#8220;ISO 17025 2017&#8221; Destinatari Direzione del laboratorio, Responsabili tecnici di laboratorio, Responsabili del sistema di gestione, Responsabili di settore, Tecnici di laboratorio, Consulenti. La revisionedellanormaISO\/IEC17025, pubblicata anovembre2017,\u00e8arrivatadopo12 anni dalla preced\u00a0\u00a0\u00a0\u00a0\u00a0 \u00a0revisione del 2005 che nella sostanza non aveva portato a cambiamentisosta \u00a0rispett alla versione del 2000. &#8211; In questa revisione invece le modifiche sono di non poco conto e [&hellip;]\" \/>\n<meta property=\"og:url\" content=\"https:\/\/www.ampipointservizimg.it\/?product=espero-di-sistemi-di-tracciabilita-degli-alimenti-copia\" \/>\n<meta property=\"og:site_name\" content=\"Ampi Point Servizi emmegi\" \/>\n<meta property=\"article:modified_time\" content=\"2025-07-08T21:16:08+00:00\" \/>\n<meta property=\"og:image\" content=\"https:\/\/www.ampipointservizimg.it\/wp-content\/uploads\/2022\/02\/17025_icon.jpg\" \/>\n\t<meta property=\"og:image:width\" content=\"300\" \/>\n\t<meta property=\"og:image:height\" content=\"300\" \/>\n\t<meta property=\"og:image:type\" content=\"image\/jpeg\" \/>\n<meta name=\"twitter:card\" content=\"summary_large_image\" \/>\n<meta name=\"twitter:label1\" content=\"Tempo di lettura stimato\" \/>\n\t<meta name=\"twitter:data1\" content=\"2 minuti\" \/>\n<script type=\"application\/ld+json\" class=\"yoast-schema-graph\">{\"@context\":\"https:\/\/schema.org\",\"@graph\":[{\"@type\":\"WebPage\",\"@id\":\"https:\/\/www.ampipointservizimg.it\/?product=espero-di-sistemi-di-tracciabilita-degli-alimenti-copia\",\"url\":\"https:\/\/www.ampipointservizimg.it\/?product=espero-di-sistemi-di-tracciabilita-degli-alimenti-copia\",\"name\":\"ISO 17025:2018 - Ampi Point Servizi emmegi\",\"isPartOf\":{\"@id\":\"https:\/\/www.ampipointservizimg.it\/#website\"},\"primaryImageOfPage\":{\"@id\":\"https:\/\/www.ampipointservizimg.it\/?product=espero-di-sistemi-di-tracciabilita-degli-alimenti-copia#primaryimage\"},\"image\":{\"@id\":\"https:\/\/www.ampipointservizimg.it\/?product=espero-di-sistemi-di-tracciabilita-degli-alimenti-copia#primaryimage\"},\"thumbnailUrl\":\"https:\/\/www.ampipointservizimg.it\/wp-content\/uploads\/2022\/02\/17025_icon.jpg\",\"datePublished\":\"2022-02-28T17:57:32+00:00\",\"dateModified\":\"2025-07-08T21:16:08+00:00\",\"breadcrumb\":{\"@id\":\"https:\/\/www.ampipointservizimg.it\/?product=espero-di-sistemi-di-tracciabilita-degli-alimenti-copia#breadcrumb\"},\"inLanguage\":\"it-IT\",\"potentialAction\":[{\"@type\":\"ReadAction\",\"target\":[\"https:\/\/www.ampipointservizimg.it\/?product=espero-di-sistemi-di-tracciabilita-degli-alimenti-copia\"]}]},{\"@type\":\"ImageObject\",\"inLanguage\":\"it-IT\",\"@id\":\"https:\/\/www.ampipointservizimg.it\/?product=espero-di-sistemi-di-tracciabilita-degli-alimenti-copia#primaryimage\",\"url\":\"https:\/\/www.ampipointservizimg.it\/wp-content\/uploads\/2022\/02\/17025_icon.jpg\",\"contentUrl\":\"https:\/\/www.ampipointservizimg.it\/wp-content\/uploads\/2022\/02\/17025_icon.jpg\",\"width\":300,\"height\":300},{\"@type\":\"BreadcrumbList\",\"@id\":\"https:\/\/www.ampipointservizimg.it\/?product=espero-di-sistemi-di-tracciabilita-degli-alimenti-copia#breadcrumb\",\"itemListElement\":[{\"@type\":\"ListItem\",\"position\":1,\"name\":\"Home\",\"item\":\"https:\/\/www.ampipointservizimg.it\/\"},{\"@type\":\"ListItem\",\"position\":2,\"name\":\"Shop\",\"item\":\"https:\/\/www.ampipointservizimg.it\/?page_id=91\"},{\"@type\":\"ListItem\",\"position\":3,\"name\":\"ISO 17025:2018\"}]},{\"@type\":\"WebSite\",\"@id\":\"https:\/\/www.ampipointservizimg.it\/#website\",\"url\":\"https:\/\/www.ampipointservizimg.it\/\",\"name\":\"Ampi Point Servizi emmegi\",\"description\":\"\",\"publisher\":{\"@id\":\"https:\/\/www.ampipointservizimg.it\/#organization\"},\"potentialAction\":[{\"@type\":\"SearchAction\",\"target\":{\"@type\":\"EntryPoint\",\"urlTemplate\":\"https:\/\/www.ampipointservizimg.it\/?s={search_term_string}\"},\"query-input\":{\"@type\":\"PropertyValueSpecification\",\"valueRequired\":true,\"valueName\":\"search_term_string\"}}],\"inLanguage\":\"it-IT\"},{\"@type\":\"Organization\",\"@id\":\"https:\/\/www.ampipointservizimg.it\/#organization\",\"name\":\"Sviluppo Qualit\u00e0\",\"alternateName\":\"Sviluppo Qualit\u00e0\",\"url\":\"https:\/\/www.ampipointservizimg.it\/\",\"logo\":{\"@type\":\"ImageObject\",\"inLanguage\":\"it-IT\",\"@id\":\"https:\/\/www.ampipointservizimg.it\/#\/schema\/logo\/image\/\",\"url\":\"https:\/\/www.ampipointservizimg.it\/wp-content\/uploads\/2025\/06\/cropped-logo_con_ampi-1.png\",\"contentUrl\":\"https:\/\/www.ampipointservizimg.it\/wp-content\/uploads\/2025\/06\/cropped-logo_con_ampi-1.png\",\"width\":2269,\"height\":544,\"caption\":\"Sviluppo Qualit\u00e0\"},\"image\":{\"@id\":\"https:\/\/www.ampipointservizimg.it\/#\/schema\/logo\/image\/\"}}]}<\/script>\n<!-- \/ Yoast SEO plugin. -->","yoast_head_json":{"title":"ISO 17025:2018 - Ampi Point Servizi emmegi","robots":{"index":"index","follow":"follow","max-snippet":"max-snippet:-1","max-image-preview":"max-image-preview:large","max-video-preview":"max-video-preview:-1"},"canonical":"https:\/\/www.ampipointservizimg.it\/?product=espero-di-sistemi-di-tracciabilita-degli-alimenti-copia","og_locale":"it_IT","og_type":"article","og_title":"ISO 17025:2018 - Ampi Point Servizi emmegi","og_description":"Titolo &#8220;ISO 17025 2017&#8221; Destinatari Direzione del laboratorio, Responsabili tecnici di laboratorio, Responsabili del sistema di gestione, Responsabili di settore, Tecnici di laboratorio, Consulenti. La revisionedellanormaISO\/IEC17025, pubblicata anovembre2017,\u00e8arrivatadopo12 anni dalla preced\u00a0\u00a0\u00a0\u00a0\u00a0 \u00a0revisione del 2005 che nella sostanza non aveva portato a cambiamentisosta \u00a0rispett alla versione del 2000. &#8211; In questa revisione invece le modifiche sono di non poco conto e [&hellip;]","og_url":"https:\/\/www.ampipointservizimg.it\/?product=espero-di-sistemi-di-tracciabilita-degli-alimenti-copia","og_site_name":"Ampi Point Servizi emmegi","article_modified_time":"2025-07-08T21:16:08+00:00","og_image":[{"width":300,"height":300,"url":"https:\/\/www.ampipointservizimg.it\/wp-content\/uploads\/2022\/02\/17025_icon.jpg","type":"image\/jpeg"}],"twitter_card":"summary_large_image","twitter_misc":{"Tempo di lettura stimato":"2 minuti"},"schema":{"@context":"https:\/\/schema.org","@graph":[{"@type":"WebPage","@id":"https:\/\/www.ampipointservizimg.it\/?product=espero-di-sistemi-di-tracciabilita-degli-alimenti-copia","url":"https:\/\/www.ampipointservizimg.it\/?product=espero-di-sistemi-di-tracciabilita-degli-alimenti-copia","name":"ISO 17025:2018 - Ampi Point Servizi emmegi","isPartOf":{"@id":"https:\/\/www.ampipointservizimg.it\/#website"},"primaryImageOfPage":{"@id":"https:\/\/www.ampipointservizimg.it\/?product=espero-di-sistemi-di-tracciabilita-degli-alimenti-copia#primaryimage"},"image":{"@id":"https:\/\/www.ampipointservizimg.it\/?product=espero-di-sistemi-di-tracciabilita-degli-alimenti-copia#primaryimage"},"thumbnailUrl":"https:\/\/www.ampipointservizimg.it\/wp-content\/uploads\/2022\/02\/17025_icon.jpg","datePublished":"2022-02-28T17:57:32+00:00","dateModified":"2025-07-08T21:16:08+00:00","breadcrumb":{"@id":"https:\/\/www.ampipointservizimg.it\/?product=espero-di-sistemi-di-tracciabilita-degli-alimenti-copia#breadcrumb"},"inLanguage":"it-IT","potentialAction":[{"@type":"ReadAction","target":["https:\/\/www.ampipointservizimg.it\/?product=espero-di-sistemi-di-tracciabilita-degli-alimenti-copia"]}]},{"@type":"ImageObject","inLanguage":"it-IT","@id":"https:\/\/www.ampipointservizimg.it\/?product=espero-di-sistemi-di-tracciabilita-degli-alimenti-copia#primaryimage","url":"https:\/\/www.ampipointservizimg.it\/wp-content\/uploads\/2022\/02\/17025_icon.jpg","contentUrl":"https:\/\/www.ampipointservizimg.it\/wp-content\/uploads\/2022\/02\/17025_icon.jpg","width":300,"height":300},{"@type":"BreadcrumbList","@id":"https:\/\/www.ampipointservizimg.it\/?product=espero-di-sistemi-di-tracciabilita-degli-alimenti-copia#breadcrumb","itemListElement":[{"@type":"ListItem","position":1,"name":"Home","item":"https:\/\/www.ampipointservizimg.it\/"},{"@type":"ListItem","position":2,"name":"Shop","item":"https:\/\/www.ampipointservizimg.it\/?page_id=91"},{"@type":"ListItem","position":3,"name":"ISO 17025:2018"}]},{"@type":"WebSite","@id":"https:\/\/www.ampipointservizimg.it\/#website","url":"https:\/\/www.ampipointservizimg.it\/","name":"Ampi Point Servizi emmegi","description":"","publisher":{"@id":"https:\/\/www.ampipointservizimg.it\/#organization"},"potentialAction":[{"@type":"SearchAction","target":{"@type":"EntryPoint","urlTemplate":"https:\/\/www.ampipointservizimg.it\/?s={search_term_string}"},"query-input":{"@type":"PropertyValueSpecification","valueRequired":true,"valueName":"search_term_string"}}],"inLanguage":"it-IT"},{"@type":"Organization","@id":"https:\/\/www.ampipointservizimg.it\/#organization","name":"Sviluppo Qualit\u00e0","alternateName":"Sviluppo Qualit\u00e0","url":"https:\/\/www.ampipointservizimg.it\/","logo":{"@type":"ImageObject","inLanguage":"it-IT","@id":"https:\/\/www.ampipointservizimg.it\/#\/schema\/logo\/image\/","url":"https:\/\/www.ampipointservizimg.it\/wp-content\/uploads\/2025\/06\/cropped-logo_con_ampi-1.png","contentUrl":"https:\/\/www.ampipointservizimg.it\/wp-content\/uploads\/2025\/06\/cropped-logo_con_ampi-1.png","width":2269,"height":544,"caption":"Sviluppo Qualit\u00e0"},"image":{"@id":"https:\/\/www.ampipointservizimg.it\/#\/schema\/logo\/image\/"}}]}},"_links":{"self":[{"href":"https:\/\/www.ampipointservizimg.it\/index.php?rest_route=\/wp\/v2\/product\/479","targetHints":{"allow":["GET"]}}],"collection":[{"href":"https:\/\/www.ampipointservizimg.it\/index.php?rest_route=\/wp\/v2\/product"}],"about":[{"href":"https:\/\/www.ampipointservizimg.it\/index.php?rest_route=\/wp\/v2\/types\/product"}],"wp:featuredmedia":[{"embeddable":true,"href":"https:\/\/www.ampipointservizimg.it\/index.php?rest_route=\/wp\/v2\/media\/478"}],"wp:attachment":[{"href":"https:\/\/www.ampipointservizimg.it\/index.php?rest_route=%2Fwp%2Fv2%2Fmedia&parent=479"}],"wp:term":[{"taxonomy":"product_brand","embeddable":true,"href":"https:\/\/www.ampipointservizimg.it\/index.php?rest_route=%2Fwp%2Fv2%2Fproduct_brand&post=479"},{"taxonomy":"product_cat","embeddable":true,"href":"https:\/\/www.ampipointservizimg.it\/index.php?rest_route=%2Fwp%2Fv2%2Fproduct_cat&post=479"},{"taxonomy":"product_tag","embeddable":true,"href":"https:\/\/www.ampipointservizimg.it\/index.php?rest_route=%2Fwp%2Fv2%2Fproduct_tag&post=479"}],"curies":[{"name":"wp","href":"https:\/\/api.w.org\/{rel}","templated":true}]}}