{"id":483,"date":"2022-03-02T15:23:28","date_gmt":"2022-03-02T14:23:28","guid":{"rendered":"https:\/\/new.sviluppoqualita.it\/prodotto\/auditor-sa8000\/"},"modified":"2025-07-08T23:16:08","modified_gmt":"2025-07-08T21:16:08","slug":"auditor-sa8000","status":"publish","type":"product","link":"https:\/\/www.ampipointservizimg.it\/?product=auditor-sa8000","title":{"rendered":"Auditor SA8000"},"content":{"rendered":"<table width=\"695\">\n<tbody>\n<tr>\n<td width=\"125\">Titolo<\/td>\n<td style=\"text-align: left;\" width=\"570\">Auditor SA8000\u00ae<\/td>\n<\/tr>\n<tr>\n<td width=\"125\">Destinatari<\/td>\n<td style=\"text-align: left;\" width=\"570\">Il corso \u00e8 rivolto:<br \/>\n&#8211;\u00a0\u00a0\u00a0 \u00a0A chiunque abbia necessit\u00e0 di conoscere i requisiti della norma SA8000\u00ae o \u00a0sia coinvolto negli studi e nella gestione sistemi di gestione della responsabilit\u00e0 sociale;<br \/>\n&#8211;\u00a0\u00a0\u00a0 \u00a0Professionisti che intendano accedere alla carriera di auditor\/lead auditor;<br \/>\n&#8211;\u00a0\u00a0\u00a0 \u00a0Organizzazioni complesse che intendano qualificare sia i propri auditor interni che gli specialisti per la valutazione dei fornitori<br \/>\n&#8211;\u00a0\u00a0\u00a0 \u00a0A chi \u00e8 gi\u00e0 Auditor e desidera migliorare le sue credenziali professionali.<\/td>\n<\/tr>\n<tr>\n<td width=\"125\">Obiettivi e<br \/>\nFinalit\u00e0<\/td>\n<td style=\"text-align: left;\" width=\"570\">Il corso ha l\u2019obiettivo di fornire le conoscenze e competenze necessarie per svolgere audit di sistemi di gestione della responsabilit\u00e0 sociale in conformit\u00e0 alla norma SA8000\u00ae, avendo acquisito buona conoscenza dei requisiti normativi e \u00a0delle tecniche di audit applicabili. Il corso \u00e8 rivolto a tutti coloro che intendano svolgere attivit\u00e0 di audit sui sistemi di gestione della responsabilit\u00e0 sociale in conformit\u00e0 a tale norma.<\/td>\n<\/tr>\n<tr>\n<td>Normativa di<\/td>\n<td style=\"text-align: left;\"><\/td>\n<\/tr>\n<tr>\n<td>riferimento<\/td>\n<td style=\"text-align: left;\">&#8211;\u00a0\u00a0\u00a0 \u00a0Norma SA8000\u00ae.<\/td>\n<\/tr>\n<tr>\n<td width=\"125\">Requisiti di<\/td>\n<td style=\"text-align: left;\" rowspan=\"2\" width=\"570\">Diploma di istruzione secondaria. Buona conoscenza delle norme SA8000\u00ae, ISO 19011 e ISO 17021.<\/td>\n<\/tr>\n<tr>\n<td>ammissione<\/td>\n<\/tr>\n<tr>\n<td>Durata e<\/td>\n<td style=\"text-align: left;\" rowspan=\"2\">Il corso ha una durata di 24 ore, erogabili in modalit\u00e0 FAD o aula. Sono previsti test di verifica dell\u2019apprendimento delle nozioni acquisite.<\/td>\n<\/tr>\n<tr>\n<td>modalit\u00e0<\/td>\n<\/tr>\n<tr>\n<td width=\"125\">Programma del<\/td>\n<td style=\"text-align: left;\" width=\"570\">&#8211;\u00a0\u00a0\u00a0 \u00a0Concetto di responsabilit\u00e0 sociale.<br \/>\n&#8211;\u00a0\u00a0\u00a0 \u00a0La norma SA8000\u00ae: scopo, principi ed aree di intervento.<br \/>\n&#8211;\u00a0\u00a0\u00a0 \u00a0La certificazione in conformit\u00e0 alla norma SA8000\u00ae.<br \/>\n&#8211;\u00a0\u00a0\u00a0 \u00a0Il ruolo delle parti interessate.<br \/>\n&#8211;\u00a0\u00a0\u00a0 \u00a0Il sistema di gestione della responsabilit\u00e0 sociale.<br \/>\n&#8211;\u00a0\u00a0\u00a0 \u00a0Valutazione dei requisiti salute e sicurezza, libert\u00e0 di associazione e diritto alla<\/td>\n<\/tr>\n<tr>\n<td>corso<\/td>\n<td style=\"text-align: left;\" width=\"570\">contrattazione collettiva, discriminazione.<br \/>\n&#8211;\u00a0\u00a0\u00a0 \u00a0L\u2019audit SA8000: preparazione, pianificazione e tecniche di conduzione di audit.<br \/>\n&#8211;\u00a0\u00a0\u00a0 \u00a0Approfondimento sui requisiti SA8000\u00ae in ottica di valutazione.<br \/>\n&#8211;\u00a0\u00a0\u00a0 \u00a0Metodi, strumenti, tecniche di raccolta e valutazione efficaci per le evidenze oggettive raccolte durante un audit, allo scopo di determinare la conformit\u00e0 ad uno standard.<br \/>\n&#8211;\u00a0\u00a0\u00a0 \u00a0Modalit\u00e0 di redazione del rapporto di audit.<br \/>\n&#8211;\u00a0\u00a0\u00a0 \u00a0Elementi di attuazione della legislazione nazionale in relazione ai requisiti SA8000\u00ae.<\/td>\n<\/tr>\n<tr>\n<td width=\"125\">Valutazione<\/td>\n<td style=\"text-align: left;\" width=\"570\">La valutazione finale verr\u00e0 effettuata mediante una verifica di apprendimento finale<br \/>\n(esame finale).<\/td>\n<\/tr>\n<tr>\n<td>Attestato<\/td>\n<td style=\"text-align: left;\" rowspan=\"3\" width=\"570\">Attestato di frequenza al corso \u201cAuditor SA8000\u00ae\u201d rilasciato dall\u2019A.I.S.F.<\/td>\n<\/tr>\n<tr>\n<td>Formativo<\/td>\n<\/tr>\n<tr>\n<td>Rilasciato<\/td>\n<\/tr>\n<tr>\n<td width=\"125\">Sede<\/td>\n<td style=\"text-align: left;\" width=\"570\">Piattaforma e-learning http:\/\/aisf.piattaformafad.com\/<\/td>\n<\/tr>\n<\/tbody>\n<\/table>\n","protected":false},"excerpt":{"rendered":"<p>Il corso si propone di fornire le competenze necessarie per la figura dell\u2019Formatore della Sicurezza sul Lavoro<\/p>\n","protected":false},"featured_media":482,"template":"","meta":[],"product_brand":[],"product_cat":[917,734],"product_tag":[75,85],"class_list":{"0":"post-483","1":"product","2":"type-product","3":"status-publish","4":"has-post-thumbnail","6":"product_cat-corsi-fad","7":"product_cat-corsi-professionali","8":"product_tag-corsi-qualificati-aisf","9":"product_tag-corso-24-ore","11":"first","12":"instock","13":"taxable","14":"shipping-taxable","15":"purchasable","16":"product-type-simple"},"yoast_head":"<!-- This site is optimized with the Yoast SEO plugin v25.4 - https:\/\/yoast.com\/wordpress\/plugins\/seo\/ -->\n<title>Auditor SA8000 - Ampi Point Servizi emmegi<\/title>\n<meta name=\"robots\" content=\"index, follow, max-snippet:-1, max-image-preview:large, max-video-preview:-1\" \/>\n<link rel=\"canonical\" href=\"https:\/\/www.ampipointservizimg.it\/?product=auditor-sa8000\" \/>\n<meta property=\"og:locale\" content=\"it_IT\" \/>\n<meta property=\"og:type\" content=\"article\" \/>\n<meta property=\"og:title\" content=\"Auditor SA8000 - Ampi Point Servizi emmegi\" \/>\n<meta property=\"og:description\" content=\"Il corso si propone di fornire le competenze necessarie per la figura dell\u2019Formatore della Sicurezza sul Lavoro\" \/>\n<meta property=\"og:url\" content=\"https:\/\/www.ampipointservizimg.it\/?product=auditor-sa8000\" \/>\n<meta property=\"og:site_name\" content=\"Ampi Point Servizi emmegi\" \/>\n<meta property=\"article:modified_time\" content=\"2025-07-08T21:16:08+00:00\" \/>\n<meta property=\"og:image\" content=\"https:\/\/www.ampipointservizimg.it\/wp-content\/uploads\/2022\/03\/Auditor-SA8000.jpg\" \/>\n\t<meta property=\"og:image:width\" content=\"300\" \/>\n\t<meta property=\"og:image:height\" content=\"300\" \/>\n\t<meta property=\"og:image:type\" content=\"image\/jpeg\" \/>\n<meta name=\"twitter:card\" content=\"summary_large_image\" \/>\n<meta name=\"twitter:label1\" content=\"Tempo di lettura stimato\" \/>\n\t<meta name=\"twitter:data1\" content=\"2 minuti\" \/>\n<script type=\"application\/ld+json\" class=\"yoast-schema-graph\">{\"@context\":\"https:\/\/schema.org\",\"@graph\":[{\"@type\":\"WebPage\",\"@id\":\"https:\/\/www.ampipointservizimg.it\/?product=auditor-sa8000\",\"url\":\"https:\/\/www.ampipointservizimg.it\/?product=auditor-sa8000\",\"name\":\"Auditor SA8000 - Ampi Point Servizi emmegi\",\"isPartOf\":{\"@id\":\"https:\/\/www.ampipointservizimg.it\/#website\"},\"primaryImageOfPage\":{\"@id\":\"https:\/\/www.ampipointservizimg.it\/?product=auditor-sa8000#primaryimage\"},\"image\":{\"@id\":\"https:\/\/www.ampipointservizimg.it\/?product=auditor-sa8000#primaryimage\"},\"thumbnailUrl\":\"https:\/\/www.ampipointservizimg.it\/wp-content\/uploads\/2022\/03\/Auditor-SA8000.jpg\",\"datePublished\":\"2022-03-02T14:23:28+00:00\",\"dateModified\":\"2025-07-08T21:16:08+00:00\",\"breadcrumb\":{\"@id\":\"https:\/\/www.ampipointservizimg.it\/?product=auditor-sa8000#breadcrumb\"},\"inLanguage\":\"it-IT\",\"potentialAction\":[{\"@type\":\"ReadAction\",\"target\":[\"https:\/\/www.ampipointservizimg.it\/?product=auditor-sa8000\"]}]},{\"@type\":\"ImageObject\",\"inLanguage\":\"it-IT\",\"@id\":\"https:\/\/www.ampipointservizimg.it\/?product=auditor-sa8000#primaryimage\",\"url\":\"https:\/\/www.ampipointservizimg.it\/wp-content\/uploads\/2022\/03\/Auditor-SA8000.jpg\",\"contentUrl\":\"https:\/\/www.ampipointservizimg.it\/wp-content\/uploads\/2022\/03\/Auditor-SA8000.jpg\",\"width\":300,\"height\":300},{\"@type\":\"BreadcrumbList\",\"@id\":\"https:\/\/www.ampipointservizimg.it\/?product=auditor-sa8000#breadcrumb\",\"itemListElement\":[{\"@type\":\"ListItem\",\"position\":1,\"name\":\"Home\",\"item\":\"https:\/\/www.ampipointservizimg.it\/\"},{\"@type\":\"ListItem\",\"position\":2,\"name\":\"Shop\",\"item\":\"https:\/\/www.ampipointservizimg.it\/?page_id=91\"},{\"@type\":\"ListItem\",\"position\":3,\"name\":\"Auditor SA8000\"}]},{\"@type\":\"WebSite\",\"@id\":\"https:\/\/www.ampipointservizimg.it\/#website\",\"url\":\"https:\/\/www.ampipointservizimg.it\/\",\"name\":\"Ampi Point Servizi emmegi\",\"description\":\"\",\"publisher\":{\"@id\":\"https:\/\/www.ampipointservizimg.it\/#organization\"},\"potentialAction\":[{\"@type\":\"SearchAction\",\"target\":{\"@type\":\"EntryPoint\",\"urlTemplate\":\"https:\/\/www.ampipointservizimg.it\/?s={search_term_string}\"},\"query-input\":{\"@type\":\"PropertyValueSpecification\",\"valueRequired\":true,\"valueName\":\"search_term_string\"}}],\"inLanguage\":\"it-IT\"},{\"@type\":\"Organization\",\"@id\":\"https:\/\/www.ampipointservizimg.it\/#organization\",\"name\":\"Sviluppo Qualit\u00e0\",\"alternateName\":\"Sviluppo Qualit\u00e0\",\"url\":\"https:\/\/www.ampipointservizimg.it\/\",\"logo\":{\"@type\":\"ImageObject\",\"inLanguage\":\"it-IT\",\"@id\":\"https:\/\/www.ampipointservizimg.it\/#\/schema\/logo\/image\/\",\"url\":\"https:\/\/www.ampipointservizimg.it\/wp-content\/uploads\/2025\/06\/cropped-logo_con_ampi-1.png\",\"contentUrl\":\"https:\/\/www.ampipointservizimg.it\/wp-content\/uploads\/2025\/06\/cropped-logo_con_ampi-1.png\",\"width\":2269,\"height\":544,\"caption\":\"Sviluppo Qualit\u00e0\"},\"image\":{\"@id\":\"https:\/\/www.ampipointservizimg.it\/#\/schema\/logo\/image\/\"}}]}<\/script>\n<!-- \/ Yoast SEO plugin. -->","yoast_head_json":{"title":"Auditor SA8000 - Ampi Point Servizi emmegi","robots":{"index":"index","follow":"follow","max-snippet":"max-snippet:-1","max-image-preview":"max-image-preview:large","max-video-preview":"max-video-preview:-1"},"canonical":"https:\/\/www.ampipointservizimg.it\/?product=auditor-sa8000","og_locale":"it_IT","og_type":"article","og_title":"Auditor SA8000 - Ampi Point Servizi emmegi","og_description":"Il corso si propone di fornire le competenze necessarie per la figura dell\u2019Formatore della Sicurezza sul Lavoro","og_url":"https:\/\/www.ampipointservizimg.it\/?product=auditor-sa8000","og_site_name":"Ampi Point Servizi emmegi","article_modified_time":"2025-07-08T21:16:08+00:00","og_image":[{"width":300,"height":300,"url":"https:\/\/www.ampipointservizimg.it\/wp-content\/uploads\/2022\/03\/Auditor-SA8000.jpg","type":"image\/jpeg"}],"twitter_card":"summary_large_image","twitter_misc":{"Tempo di lettura stimato":"2 minuti"},"schema":{"@context":"https:\/\/schema.org","@graph":[{"@type":"WebPage","@id":"https:\/\/www.ampipointservizimg.it\/?product=auditor-sa8000","url":"https:\/\/www.ampipointservizimg.it\/?product=auditor-sa8000","name":"Auditor SA8000 - Ampi Point Servizi emmegi","isPartOf":{"@id":"https:\/\/www.ampipointservizimg.it\/#website"},"primaryImageOfPage":{"@id":"https:\/\/www.ampipointservizimg.it\/?product=auditor-sa8000#primaryimage"},"image":{"@id":"https:\/\/www.ampipointservizimg.it\/?product=auditor-sa8000#primaryimage"},"thumbnailUrl":"https:\/\/www.ampipointservizimg.it\/wp-content\/uploads\/2022\/03\/Auditor-SA8000.jpg","datePublished":"2022-03-02T14:23:28+00:00","dateModified":"2025-07-08T21:16:08+00:00","breadcrumb":{"@id":"https:\/\/www.ampipointservizimg.it\/?product=auditor-sa8000#breadcrumb"},"inLanguage":"it-IT","potentialAction":[{"@type":"ReadAction","target":["https:\/\/www.ampipointservizimg.it\/?product=auditor-sa8000"]}]},{"@type":"ImageObject","inLanguage":"it-IT","@id":"https:\/\/www.ampipointservizimg.it\/?product=auditor-sa8000#primaryimage","url":"https:\/\/www.ampipointservizimg.it\/wp-content\/uploads\/2022\/03\/Auditor-SA8000.jpg","contentUrl":"https:\/\/www.ampipointservizimg.it\/wp-content\/uploads\/2022\/03\/Auditor-SA8000.jpg","width":300,"height":300},{"@type":"BreadcrumbList","@id":"https:\/\/www.ampipointservizimg.it\/?product=auditor-sa8000#breadcrumb","itemListElement":[{"@type":"ListItem","position":1,"name":"Home","item":"https:\/\/www.ampipointservizimg.it\/"},{"@type":"ListItem","position":2,"name":"Shop","item":"https:\/\/www.ampipointservizimg.it\/?page_id=91"},{"@type":"ListItem","position":3,"name":"Auditor SA8000"}]},{"@type":"WebSite","@id":"https:\/\/www.ampipointservizimg.it\/#website","url":"https:\/\/www.ampipointservizimg.it\/","name":"Ampi Point Servizi emmegi","description":"","publisher":{"@id":"https:\/\/www.ampipointservizimg.it\/#organization"},"potentialAction":[{"@type":"SearchAction","target":{"@type":"EntryPoint","urlTemplate":"https:\/\/www.ampipointservizimg.it\/?s={search_term_string}"},"query-input":{"@type":"PropertyValueSpecification","valueRequired":true,"valueName":"search_term_string"}}],"inLanguage":"it-IT"},{"@type":"Organization","@id":"https:\/\/www.ampipointservizimg.it\/#organization","name":"Sviluppo Qualit\u00e0","alternateName":"Sviluppo Qualit\u00e0","url":"https:\/\/www.ampipointservizimg.it\/","logo":{"@type":"ImageObject","inLanguage":"it-IT","@id":"https:\/\/www.ampipointservizimg.it\/#\/schema\/logo\/image\/","url":"https:\/\/www.ampipointservizimg.it\/wp-content\/uploads\/2025\/06\/cropped-logo_con_ampi-1.png","contentUrl":"https:\/\/www.ampipointservizimg.it\/wp-content\/uploads\/2025\/06\/cropped-logo_con_ampi-1.png","width":2269,"height":544,"caption":"Sviluppo Qualit\u00e0"},"image":{"@id":"https:\/\/www.ampipointservizimg.it\/#\/schema\/logo\/image\/"}}]}},"_links":{"self":[{"href":"https:\/\/www.ampipointservizimg.it\/index.php?rest_route=\/wp\/v2\/product\/483","targetHints":{"allow":["GET"]}}],"collection":[{"href":"https:\/\/www.ampipointservizimg.it\/index.php?rest_route=\/wp\/v2\/product"}],"about":[{"href":"https:\/\/www.ampipointservizimg.it\/index.php?rest_route=\/wp\/v2\/types\/product"}],"wp:featuredmedia":[{"embeddable":true,"href":"https:\/\/www.ampipointservizimg.it\/index.php?rest_route=\/wp\/v2\/media\/482"}],"wp:attachment":[{"href":"https:\/\/www.ampipointservizimg.it\/index.php?rest_route=%2Fwp%2Fv2%2Fmedia&parent=483"}],"wp:term":[{"taxonomy":"product_brand","embeddable":true,"href":"https:\/\/www.ampipointservizimg.it\/index.php?rest_route=%2Fwp%2Fv2%2Fproduct_brand&post=483"},{"taxonomy":"product_cat","embeddable":true,"href":"https:\/\/www.ampipointservizimg.it\/index.php?rest_route=%2Fwp%2Fv2%2Fproduct_cat&post=483"},{"taxonomy":"product_tag","embeddable":true,"href":"https:\/\/www.ampipointservizimg.it\/index.php?rest_route=%2Fwp%2Fv2%2Fproduct_tag&post=483"}],"curies":[{"name":"wp","href":"https:\/\/api.w.org\/{rel}","templated":true}]}}