{"id":492,"date":"2022-03-02T15:24:30","date_gmt":"2022-03-02T14:24:30","guid":{"rendered":"https:\/\/new.sviluppoqualita.it\/prodotto\/aggiornamento-corso-alimentarista\/"},"modified":"2025-07-08T23:16:07","modified_gmt":"2025-07-08T21:16:07","slug":"aggiornamento-corso-alimentarista","status":"publish","type":"product","link":"https:\/\/www.ampipointservizimg.it\/?product=aggiornamento-corso-alimentarista","title":{"rendered":"Aggiornamento Alimentarista"},"content":{"rendered":"<table class=\"tabella-scheda-tecnica-networkgtc\">\n<tbody>\n<tr>\n<td style=\"width: 112pt; border-width: 1pt; border-style: solid;\">\n<p class=\"s1\" style=\"padding-top: 5pt; padding-left: 13pt; padding-right: 12pt; text-indent: 0pt; text-align: center;\">Titolo<\/p>\n<\/td>\n<td style=\"width: 382pt; border-width: 1pt; border-style: solid;\">\n<p class=\"s2\" style=\"padding-top: 3pt; text-indent: 0pt; text-align: left;\">ALIMENTARISTA Aggiornamento- (6 ore)<\/p>\n<\/td>\n<\/tr>\n<tr>\n<td style=\"width: 112pt; border-width: 1pt; border-style: solid;\">\n<p class=\"s1\" style=\"padding-left: 13pt; padding-right: 12pt; text-indent: 0pt; text-align: center;\">Destinatari<\/p>\n<\/td>\n<td style=\"width: 382pt; border-width: 1pt; border-style: solid;\">Il corso \u00e8 rivolto a tutti coloro che intendono rinnovare le conoscenze in merito alle attivit\u00e0 che comportano manipolazione di alimenti deteriorabili, nelle fasi di produzione, preparazione, cottura e confezionamento. Ovvero:<br \/>\n\u2011 responsabili dell&#8217;industria alimentare e\/o della qualit\u00e0 all&#8217;interno di un&#8217;azienda, nonch\u00e9 personale con responsabilit\u00e0 di sorveglianza, gestione di settore del processo;<br \/>\n\u2011 pasticceri e produttori di gelato artigianale, ovvero stabilimenti di prodotti d&#8217;uovo, gastronomici e dolciari;<br \/>\n\u2011 addetti all&#8217;industria conserviera;<br \/>\n\u2011 personale operante all&#8217;interno delle cucine per mense, ristoranti, pizzerie e similari, caseifici;<br \/>\n\u2011 addetti alle rosticcerie, gastronomie, personale addetto alle lavorazioni della pasta fresca, pastifici;<br \/>\n\u2011 addetti ai bar, tavola calda e lavorazioni prodotti da forno;<br \/>\n\u2011 addetti in stabilimenti di lavorazione carni e pesce;<br \/>\n\u2011 addetti manipolazione prodotti dietetici, per la prima infanzia e destinati ad una alimentazione particolare;<br \/>\n\u2011 allievi di scuola alberghiera addetti a lavorazioni non contemplate nell&#8217;elenco di cui sopra, che presentano, comunque, un rischio microbiologico significativo;<br \/>\n\u2011 addetti alla vendita presso esercizi commerciali (supermercati, salumerie, macellerie, pescherie, ecc.).<\/td>\n<\/tr>\n<tr>\n<td style=\"width: 112pt; border-width: 1pt; border-style: solid;\">\n<p class=\"s1\" style=\"padding-top: 7pt; padding-left: 31pt; padding-right: 30pt; text-indent: 0pt; text-align: center;\">Obiettivi e Finalit\u00e0<\/p>\n<\/td>\n<td style=\"width: 382pt; border-width: 1pt; border-style: solid;\">\n<p class=\"s4\" style=\"padding-top: 9pt; padding-left: 5pt; padding-right: 4pt; text-indent: 0pt; text-align: justify;\">Il corso si propone di realizzare una efficace formazione oltre che adeguato addestramento del personale addetto alla manipolazione degli alimenti, finalizzati alla corretta attuazione di tutte le misure di buona prassi igienica, per garantire una reale prevenzione delle tossinfezioni alimentari.<br \/>\nCos\u00ec come previsto dalla normativa vigente il corso offre i contenuti tali da garantire all\u2019alimentarista la conoscenza pi\u00f9 approfondita in sostituzione del libretto di idoneit\u00e0 sanitaria, ad oggi abrogato.<\/p>\n<\/td>\n<\/tr>\n<tr>\n<td style=\"width: 112pt; border-width: 1pt; border-style: solid;\">\n<p class=\"s1\" style=\"padding-left: 24pt; padding-right: 17pt; text-indent: -4pt; text-align: left;\">Normativa di riferimento<\/p>\n<\/td>\n<td style=\"width: 382pt; border-width: 1pt; border-style: solid;\">Ai sensi del D.A. n. 275 del 19 febbraio 2018, del D.A. N\u00b0<br \/>\n630 \/2019 del 12\/04\/2019 e i regolamenti comunitari nn.<br \/>\n852\/04 e 853\/04<\/td>\n<\/tr>\n<tr>\n<td style=\"width: 112pt; border-width: 1pt; border-style: solid;\">\n<p class=\"s1\" style=\"padding-top: 5pt; padding-left: 21pt; padding-right: 19pt; text-indent: 2pt; text-align: left;\">Requisiti di ammissione<\/p>\n<\/td>\n<td style=\"width: 382pt; border-width: 1pt; border-style: solid;\">\n<p class=\"s4\" style=\"padding-left: 5pt; text-indent: 0pt; text-align: left;\">Diploma di scuola media inferiore.<\/p>\n<\/td>\n<\/tr>\n<tr>\n<td style=\"width: 112pt; border-width: 1pt; border-style: solid;\">\n<p class=\"s1\" style=\"padding-left: 36pt; padding-right: 35pt; text-indent: 0pt; text-align: center;\">Durata e<\/p>\n<p class=\"s1\" style=\"padding-left: 13pt; padding-right: 12pt; text-indent: 0pt; line-height: 13pt; text-align: center;\">modalit\u00e0<\/p>\n<\/td>\n<td style=\"width: 382pt; border-width: 1pt; border-style: solid;\">\n<p class=\"s4\" style=\"padding-left: 5pt; text-indent: 0pt; text-align: left;\">Il corso si svolger\u00e0 in FAD per una durata totale di 6 ore.<\/p>\n<\/td>\n<\/tr>\n<tr>\n<td style=\"width: 112pt; border-width: 1pt; border-style: solid;\">\n<p class=\"s1\" style=\"padding-left: 13pt; padding-right: 12pt; text-indent: 0pt; text-align: center;\">Contenuti<\/p>\n<\/td>\n<td style=\"width: 382pt; border-width: 1pt; border-style: solid;\">Il corso tratter\u00e0 i seguenti argomenti:<br \/>\n\u2011 approccio globale ed integrato;<br \/>\n\u2011 responsabilit\u00e0 primaria agli operatori del settore alimentare;<br \/>\n\u2011 messa in atto della rintracciabilit\u00e0;<br \/>\n\u2011 analisi del rischio alla base di ogni decisione;<br \/>\n\u2011 principio di precauzione;<br \/>\n\u2011 approccio orizzontale per tutti gli alimenti;<br \/>\n\u2011 considerazione di rischi particolari legati a specifici alimenti;<br \/>\n\u2011 eliminazione di molti dettagli tecnici;<br \/>\n\u2011 separazione dei testi relativi all\u2019igiene, ai controlli ufficiali e agli aspetti di Sanit\u00e0 animale.<br \/>\nIl corso \u00e8 articolato in 5 moduli didattici.<\/td>\n<\/tr>\n<tr>\n<td style=\"width: 112pt; border-width: 1pt; border-style: solid;\">\n<p class=\"s1\" style=\"padding-top: 11pt; padding-left: 39pt; padding-right: 10pt; text-indent: -27pt; text-align: left;\">Programma del corso<\/p>\n<\/td>\n<td style=\"width: 382pt; border-width: 1pt; border-style: solid;\">Ulteriori informazioni, elementi e approfondimenti su: microrganismi patogeni e condizioni che favoriscono o inibiscono la relativa crescita; corretta conservazione degli alimenti e trattamenti di abbattimento microbico, con particolare riferimento alla catena del freddo e alle corrette temperature di conservazione degli alimenti; prevenzione delle tossinfezioni alimentari; piani di autocontrollo basati sul sistema HACCP.<\/td>\n<\/tr>\n<tr>\n<td style=\"width: 112pt; border-width: 1pt; border-style: solid;\">\n<p class=\"s1\" style=\"padding-left: 13pt; padding-right: 12pt; text-indent: 0pt; text-align: center;\">Valutazione<\/p>\n<\/td>\n<td style=\"width: 382pt; border-width: 1pt; border-style: solid;\">\n<p class=\"s4\" style=\"padding-top: 9pt; padding-left: 5pt; text-indent: 0pt; text-align: left;\">La valutazione finale verr\u00e0 effettuata mediante una verifica di apprendimento (esame finale).<\/p>\n<\/td>\n<\/tr>\n<tr>\n<td style=\"width: 112pt; border-width: 1pt; border-style: solid;\">\n<p class=\"s1\" style=\"padding-left: 26pt; padding-right: 25pt; text-indent: 3pt; text-align: justify;\">Attestato Formativo Rilasciato<\/p>\n<\/td>\n<td style=\"width: 382pt; border-width: 1pt; border-style: solid;\">\n<p class=\"s4\" style=\"padding-left: 5pt; padding-right: 4pt; text-indent: 0pt; text-align: justify;\">Attestato rilasciato da ente accreditato Regione Sicilia e<br \/>\nriconosciuto a livello nazionale attraverso il Mutuo<br \/>\nRiconoscimento.<\/p>\n<\/td>\n<\/tr>\n<tr>\n<td style=\"width: 112pt; border-width: 1pt; border-style: solid;\">\n<p class=\"s1\" style=\"padding-top: 9pt; padding-left: 13pt; padding-right: 12pt; text-indent: 0pt; text-align: center;\">Docenza\/Tutor<\/p>\n<\/td>\n<td style=\"width: 382pt; border-width: 1pt; border-style: solid;\">\n<p class=\"s4\" style=\"padding-top: 9pt; padding-left: 5pt; text-indent: 0pt; text-align: left;\">Non richiesto in quanto erogabile interamente in FAD.<\/p>\n<\/td>\n<\/tr>\n<\/tbody>\n<\/table>\n","protected":false},"excerpt":{"rendered":"<p>ALIMENTARISTA &#8211; Livello 2 (8 ore)<\/p>\n","protected":false},"featured_media":491,"template":"","meta":[],"product_brand":[],"product_cat":[341,917],"product_tag":[342,166],"class_list":{"0":"post-492","1":"product","2":"type-product","3":"status-publish","4":"has-post-thumbnail","6":"product_cat-formazione-corsi-ex-haccp","7":"product_cat-corsi-fad","8":"product_tag-corsi-ex-haccp","9":"product_tag-corso-6-ore","11":"first","12":"instock","13":"taxable","14":"shipping-taxable","15":"purchasable","16":"product-type-simple"},"yoast_head":"<!-- This site is optimized with the Yoast SEO plugin v25.4 - https:\/\/yoast.com\/wordpress\/plugins\/seo\/ -->\n<title>Aggiornamento Alimentarista - Ampi Point Servizi emmegi<\/title>\n<meta name=\"robots\" content=\"index, follow, max-snippet:-1, max-image-preview:large, max-video-preview:-1\" \/>\n<link rel=\"canonical\" href=\"https:\/\/www.ampipointservizimg.it\/?product=aggiornamento-corso-alimentarista\" \/>\n<meta property=\"og:locale\" content=\"it_IT\" \/>\n<meta property=\"og:type\" content=\"article\" \/>\n<meta property=\"og:title\" content=\"Aggiornamento Alimentarista - Ampi Point Servizi emmegi\" \/>\n<meta property=\"og:description\" content=\"ALIMENTARISTA - Livello 2 (8 ore)\" \/>\n<meta property=\"og:url\" content=\"https:\/\/www.ampipointservizimg.it\/?product=aggiornamento-corso-alimentarista\" \/>\n<meta property=\"og:site_name\" content=\"Ampi Point Servizi emmegi\" \/>\n<meta property=\"article:modified_time\" content=\"2025-07-08T21:16:07+00:00\" \/>\n<meta property=\"og:image\" content=\"https:\/\/www.ampipointservizimg.it\/wp-content\/uploads\/2022\/03\/corso-alimentarista_icon.jpg\" \/>\n\t<meta property=\"og:image:width\" content=\"300\" \/>\n\t<meta property=\"og:image:height\" content=\"300\" \/>\n\t<meta property=\"og:image:type\" content=\"image\/jpeg\" \/>\n<meta name=\"twitter:card\" content=\"summary_large_image\" \/>\n<meta name=\"twitter:label1\" content=\"Tempo di lettura stimato\" \/>\n\t<meta name=\"twitter:data1\" content=\"3 minuti\" \/>\n<script type=\"application\/ld+json\" class=\"yoast-schema-graph\">{\"@context\":\"https:\/\/schema.org\",\"@graph\":[{\"@type\":\"WebPage\",\"@id\":\"https:\/\/www.ampipointservizimg.it\/?product=aggiornamento-corso-alimentarista\",\"url\":\"https:\/\/www.ampipointservizimg.it\/?product=aggiornamento-corso-alimentarista\",\"name\":\"Aggiornamento Alimentarista - Ampi Point Servizi emmegi\",\"isPartOf\":{\"@id\":\"https:\/\/www.ampipointservizimg.it\/#website\"},\"primaryImageOfPage\":{\"@id\":\"https:\/\/www.ampipointservizimg.it\/?product=aggiornamento-corso-alimentarista#primaryimage\"},\"image\":{\"@id\":\"https:\/\/www.ampipointservizimg.it\/?product=aggiornamento-corso-alimentarista#primaryimage\"},\"thumbnailUrl\":\"https:\/\/www.ampipointservizimg.it\/wp-content\/uploads\/2022\/03\/corso-alimentarista_icon.jpg\",\"datePublished\":\"2022-03-02T14:24:30+00:00\",\"dateModified\":\"2025-07-08T21:16:07+00:00\",\"breadcrumb\":{\"@id\":\"https:\/\/www.ampipointservizimg.it\/?product=aggiornamento-corso-alimentarista#breadcrumb\"},\"inLanguage\":\"it-IT\",\"potentialAction\":[{\"@type\":\"ReadAction\",\"target\":[\"https:\/\/www.ampipointservizimg.it\/?product=aggiornamento-corso-alimentarista\"]}]},{\"@type\":\"ImageObject\",\"inLanguage\":\"it-IT\",\"@id\":\"https:\/\/www.ampipointservizimg.it\/?product=aggiornamento-corso-alimentarista#primaryimage\",\"url\":\"https:\/\/www.ampipointservizimg.it\/wp-content\/uploads\/2022\/03\/corso-alimentarista_icon.jpg\",\"contentUrl\":\"https:\/\/www.ampipointservizimg.it\/wp-content\/uploads\/2022\/03\/corso-alimentarista_icon.jpg\",\"width\":300,\"height\":300},{\"@type\":\"BreadcrumbList\",\"@id\":\"https:\/\/www.ampipointservizimg.it\/?product=aggiornamento-corso-alimentarista#breadcrumb\",\"itemListElement\":[{\"@type\":\"ListItem\",\"position\":1,\"name\":\"Home\",\"item\":\"https:\/\/www.ampipointservizimg.it\/\"},{\"@type\":\"ListItem\",\"position\":2,\"name\":\"Shop\",\"item\":\"https:\/\/www.ampipointservizimg.it\/?page_id=91\"},{\"@type\":\"ListItem\",\"position\":3,\"name\":\"Aggiornamento Alimentarista\"}]},{\"@type\":\"WebSite\",\"@id\":\"https:\/\/www.ampipointservizimg.it\/#website\",\"url\":\"https:\/\/www.ampipointservizimg.it\/\",\"name\":\"Ampi Point Servizi emmegi\",\"description\":\"\",\"publisher\":{\"@id\":\"https:\/\/www.ampipointservizimg.it\/#organization\"},\"potentialAction\":[{\"@type\":\"SearchAction\",\"target\":{\"@type\":\"EntryPoint\",\"urlTemplate\":\"https:\/\/www.ampipointservizimg.it\/?s={search_term_string}\"},\"query-input\":{\"@type\":\"PropertyValueSpecification\",\"valueRequired\":true,\"valueName\":\"search_term_string\"}}],\"inLanguage\":\"it-IT\"},{\"@type\":\"Organization\",\"@id\":\"https:\/\/www.ampipointservizimg.it\/#organization\",\"name\":\"Sviluppo Qualit\u00e0\",\"alternateName\":\"Sviluppo Qualit\u00e0\",\"url\":\"https:\/\/www.ampipointservizimg.it\/\",\"logo\":{\"@type\":\"ImageObject\",\"inLanguage\":\"it-IT\",\"@id\":\"https:\/\/www.ampipointservizimg.it\/#\/schema\/logo\/image\/\",\"url\":\"https:\/\/www.ampipointservizimg.it\/wp-content\/uploads\/2025\/06\/cropped-logo_con_ampi-1.png\",\"contentUrl\":\"https:\/\/www.ampipointservizimg.it\/wp-content\/uploads\/2025\/06\/cropped-logo_con_ampi-1.png\",\"width\":2269,\"height\":544,\"caption\":\"Sviluppo Qualit\u00e0\"},\"image\":{\"@id\":\"https:\/\/www.ampipointservizimg.it\/#\/schema\/logo\/image\/\"}}]}<\/script>\n<!-- \/ Yoast SEO plugin. -->","yoast_head_json":{"title":"Aggiornamento Alimentarista - Ampi Point Servizi emmegi","robots":{"index":"index","follow":"follow","max-snippet":"max-snippet:-1","max-image-preview":"max-image-preview:large","max-video-preview":"max-video-preview:-1"},"canonical":"https:\/\/www.ampipointservizimg.it\/?product=aggiornamento-corso-alimentarista","og_locale":"it_IT","og_type":"article","og_title":"Aggiornamento Alimentarista - Ampi Point Servizi emmegi","og_description":"ALIMENTARISTA - Livello 2 (8 ore)","og_url":"https:\/\/www.ampipointservizimg.it\/?product=aggiornamento-corso-alimentarista","og_site_name":"Ampi Point Servizi emmegi","article_modified_time":"2025-07-08T21:16:07+00:00","og_image":[{"width":300,"height":300,"url":"https:\/\/www.ampipointservizimg.it\/wp-content\/uploads\/2022\/03\/corso-alimentarista_icon.jpg","type":"image\/jpeg"}],"twitter_card":"summary_large_image","twitter_misc":{"Tempo di lettura stimato":"3 minuti"},"schema":{"@context":"https:\/\/schema.org","@graph":[{"@type":"WebPage","@id":"https:\/\/www.ampipointservizimg.it\/?product=aggiornamento-corso-alimentarista","url":"https:\/\/www.ampipointservizimg.it\/?product=aggiornamento-corso-alimentarista","name":"Aggiornamento Alimentarista - Ampi Point Servizi emmegi","isPartOf":{"@id":"https:\/\/www.ampipointservizimg.it\/#website"},"primaryImageOfPage":{"@id":"https:\/\/www.ampipointservizimg.it\/?product=aggiornamento-corso-alimentarista#primaryimage"},"image":{"@id":"https:\/\/www.ampipointservizimg.it\/?product=aggiornamento-corso-alimentarista#primaryimage"},"thumbnailUrl":"https:\/\/www.ampipointservizimg.it\/wp-content\/uploads\/2022\/03\/corso-alimentarista_icon.jpg","datePublished":"2022-03-02T14:24:30+00:00","dateModified":"2025-07-08T21:16:07+00:00","breadcrumb":{"@id":"https:\/\/www.ampipointservizimg.it\/?product=aggiornamento-corso-alimentarista#breadcrumb"},"inLanguage":"it-IT","potentialAction":[{"@type":"ReadAction","target":["https:\/\/www.ampipointservizimg.it\/?product=aggiornamento-corso-alimentarista"]}]},{"@type":"ImageObject","inLanguage":"it-IT","@id":"https:\/\/www.ampipointservizimg.it\/?product=aggiornamento-corso-alimentarista#primaryimage","url":"https:\/\/www.ampipointservizimg.it\/wp-content\/uploads\/2022\/03\/corso-alimentarista_icon.jpg","contentUrl":"https:\/\/www.ampipointservizimg.it\/wp-content\/uploads\/2022\/03\/corso-alimentarista_icon.jpg","width":300,"height":300},{"@type":"BreadcrumbList","@id":"https:\/\/www.ampipointservizimg.it\/?product=aggiornamento-corso-alimentarista#breadcrumb","itemListElement":[{"@type":"ListItem","position":1,"name":"Home","item":"https:\/\/www.ampipointservizimg.it\/"},{"@type":"ListItem","position":2,"name":"Shop","item":"https:\/\/www.ampipointservizimg.it\/?page_id=91"},{"@type":"ListItem","position":3,"name":"Aggiornamento Alimentarista"}]},{"@type":"WebSite","@id":"https:\/\/www.ampipointservizimg.it\/#website","url":"https:\/\/www.ampipointservizimg.it\/","name":"Ampi Point Servizi emmegi","description":"","publisher":{"@id":"https:\/\/www.ampipointservizimg.it\/#organization"},"potentialAction":[{"@type":"SearchAction","target":{"@type":"EntryPoint","urlTemplate":"https:\/\/www.ampipointservizimg.it\/?s={search_term_string}"},"query-input":{"@type":"PropertyValueSpecification","valueRequired":true,"valueName":"search_term_string"}}],"inLanguage":"it-IT"},{"@type":"Organization","@id":"https:\/\/www.ampipointservizimg.it\/#organization","name":"Sviluppo Qualit\u00e0","alternateName":"Sviluppo Qualit\u00e0","url":"https:\/\/www.ampipointservizimg.it\/","logo":{"@type":"ImageObject","inLanguage":"it-IT","@id":"https:\/\/www.ampipointservizimg.it\/#\/schema\/logo\/image\/","url":"https:\/\/www.ampipointservizimg.it\/wp-content\/uploads\/2025\/06\/cropped-logo_con_ampi-1.png","contentUrl":"https:\/\/www.ampipointservizimg.it\/wp-content\/uploads\/2025\/06\/cropped-logo_con_ampi-1.png","width":2269,"height":544,"caption":"Sviluppo Qualit\u00e0"},"image":{"@id":"https:\/\/www.ampipointservizimg.it\/#\/schema\/logo\/image\/"}}]}},"_links":{"self":[{"href":"https:\/\/www.ampipointservizimg.it\/index.php?rest_route=\/wp\/v2\/product\/492","targetHints":{"allow":["GET"]}}],"collection":[{"href":"https:\/\/www.ampipointservizimg.it\/index.php?rest_route=\/wp\/v2\/product"}],"about":[{"href":"https:\/\/www.ampipointservizimg.it\/index.php?rest_route=\/wp\/v2\/types\/product"}],"wp:featuredmedia":[{"embeddable":true,"href":"https:\/\/www.ampipointservizimg.it\/index.php?rest_route=\/wp\/v2\/media\/491"}],"wp:attachment":[{"href":"https:\/\/www.ampipointservizimg.it\/index.php?rest_route=%2Fwp%2Fv2%2Fmedia&parent=492"}],"wp:term":[{"taxonomy":"product_brand","embeddable":true,"href":"https:\/\/www.ampipointservizimg.it\/index.php?rest_route=%2Fwp%2Fv2%2Fproduct_brand&post=492"},{"taxonomy":"product_cat","embeddable":true,"href":"https:\/\/www.ampipointservizimg.it\/index.php?rest_route=%2Fwp%2Fv2%2Fproduct_cat&post=492"},{"taxonomy":"product_tag","embeddable":true,"href":"https:\/\/www.ampipointservizimg.it\/index.php?rest_route=%2Fwp%2Fv2%2Fproduct_tag&post=492"}],"curies":[{"name":"wp","href":"https:\/\/api.w.org\/{rel}","templated":true}]}}