{"id":494,"date":"2022-03-02T15:24:41","date_gmt":"2022-03-02T14:24:41","guid":{"rendered":"https:\/\/new.sviluppoqualita.it\/prodotto\/corso-alimentarista\/"},"modified":"2025-07-08T23:16:07","modified_gmt":"2025-07-08T21:16:07","slug":"corso-alimentarista","status":"publish","type":"product","link":"https:\/\/www.ampipointservizimg.it\/?product=corso-alimentarista","title":{"rendered":"Alimentarista"},"content":{"rendered":"<table class=\"tabella-scheda-tecnica-networkgtc\">\n<tbody>\n<tr>\n<td style=\"width: 112pt; border-width: 1pt; border-style: solid;\">\n<p class=\"s1\" style=\"padding-top: 5pt; padding-left: 13pt; padding-right: 12pt; text-indent: 0pt; text-align: center;\">Titolo<\/p>\n<\/td>\n<td style=\"width: 382pt; border-width: 1pt; border-style: solid;\">\n<p class=\"s2\" style=\"padding-top: 3pt; text-indent: 0pt; text-align: left;\">ALIMENTARISTA &#8211; (12 ore)<\/p>\n<\/td>\n<\/tr>\n<tr>\n<td style=\"width: 112pt; border-width: 1pt; border-style: solid;\">\n<p class=\"s1\" style=\"padding-left: 13pt; padding-right: 12pt; text-indent: 0pt; text-align: center;\">Destinatari<\/p>\n<\/td>\n<td style=\"width: 382pt; border-width: 1pt; border-style: solid;\">Il corso \u00e8 rivolto a tutti coloro che intendono acquisire conoscenze in merito alle attivit\u00e0 che comportano <a href=\"https:\/\/shop.networkgtc.it\/product-category\/formazione\/formazione-corsi-ex-haccp\/\">manipolazione di alimenti<\/a> deteriorabili, nelle fasi di produzione, preparazione, cottura e confezionamento. Ovvero:<br \/>\n\u2011 responsabili dell&#8217;industria alimentare e\/o della qualit\u00e0 all&#8217;interno di un&#8217;azienda, nonch\u00e9 personale con responsabilit\u00e0 di sorveglianza, gestione di settore del processo;<br \/>\n\u2011 pasticceri e produttori di gelato artigianale, ovvero stabilimenti di prodotti d&#8217;uovo, gastronomici e dolciari;<br \/>\n\u2011 addetti all&#8217;industria conserviera;<br \/>\n\u2011 personale operante all&#8217;interno delle cucine per mense, ristoranti, pizzerie e similari, caseifici;<br \/>\n\u2011 addetti alle rosticcerie, gastronomie, personale addetto alle lavorazioni della pasta fresca, pastifici;<br \/>\n\u2011 addetti ai bar, tavola calda e lavorazioni prodotti da forno;<br \/>\n\u2011 addetti in stabilimenti di lavorazione carni e pesce;<br \/>\n\u2011 addetti manipolazione prodotti dietetici, per la prima infanzia e destinati ad una alimentazione particolare;<br \/>\n\u2011 allievi di scuola alberghiera addetti a lavorazioni non contemplate nell&#8217;elenco di cui sopra, che presentano, comunque, un rischio microbiologico significativo;<br \/>\n\u2011 addetti alla vendita presso esercizi commerciali (supermercati, salumerie, macellerie, pescherie, ecc.).<\/td>\n<\/tr>\n<tr>\n<td style=\"width: 112pt; border-width: 1pt; border-style: solid;\">\n<p class=\"s1\" style=\"padding-top: 7pt; padding-left: 31pt; padding-right: 30pt; text-indent: 0pt; text-align: center;\">Obiettivi e Finalit\u00e0<\/p>\n<\/td>\n<td style=\"width: 382pt; border-width: 1pt; border-style: solid;\">\n<p class=\"s4\" style=\"padding-top: 9pt; padding-left: 5pt; padding-right: 4pt; text-indent: 0pt; text-align: justify;\">Il corso si propone di realizzare una efficace formazione oltre che adeguato addestramento del personale addetto alla manipolazione degli alimenti, finalizzati alla corretta attuazione di tutte le misure di buona prassi igienica, per garantire una reale prevenzione delle tossinfezioni alimentari.<br \/>\nCos\u00ec come previsto dalla normativa vigente il corso offre i contenuti tali da garantire all\u2019alimentarista la conoscenza pi\u00f9 approfondita in sostituzione del libretto di idoneit\u00e0 sanitaria, ad oggi abrogato.<\/p>\n<\/td>\n<\/tr>\n<tr>\n<td style=\"width: 112pt; border-width: 1pt; border-style: solid;\">\n<p class=\"s1\" style=\"padding-left: 24pt; padding-right: 17pt; text-indent: -4pt; text-align: left;\">Normativa di riferimento<\/p>\n<\/td>\n<td style=\"width: 382pt; border-width: 1pt; border-style: solid;\">Ai sensi del D.A. n. 275 del 19 febbraio 2018, del D.A. N\u00b0 630 \/2019 del 12\/04\/2019 e i regolamenti comunitari nn. 852\/04 e 853\/04<\/td>\n<\/tr>\n<tr>\n<td style=\"width: 112pt; border-width: 1pt; border-style: solid;\">\n<p class=\"s1\" style=\"padding-top: 5pt; padding-left: 21pt; padding-right: 19pt; text-indent: 2pt; text-align: left;\">Requisiti di ammissione<\/p>\n<\/td>\n<td style=\"width: 382pt; border-width: 1pt; border-style: solid;\">\n<p class=\"s4\" style=\"padding-left: 5pt; text-indent: 0pt; text-align: left;\">Diploma di scuola media inferiore.<\/p>\n<\/td>\n<\/tr>\n<tr>\n<td style=\"width: 112pt; border-width: 1pt; border-style: solid;\">\n<p class=\"s1\" style=\"padding-left: 36pt; padding-right: 35pt; text-indent: 0pt; text-align: center;\">Durata e<\/p>\n<p class=\"s1\" style=\"padding-left: 13pt; padding-right: 12pt; text-indent: 0pt; line-height: 13pt; text-align: center;\">modalit\u00e0<\/p>\n<\/td>\n<td style=\"width: 382pt; border-width: 1pt; border-style: solid;\">Il corso si svolger\u00e0 in FAD per una durata totale di 12 ore.<\/td>\n<\/tr>\n<tr>\n<td style=\"width: 112pt; border-width: 1pt; border-style: solid;\">\n<p class=\"s1\" style=\"padding-left: 13pt; padding-right: 12pt; text-indent: 0pt; text-align: center;\">Contenuti<\/p>\n<\/td>\n<td style=\"width: 382pt; border-width: 1pt; border-style: solid;\">Il corso tratter\u00e0 i seguenti argomenti:<br \/>\n\u2011 approccio globale ed integrato;<br \/>\n\u2011 responsabilit\u00e0 primaria agli operatori del settore alimentare;<br \/>\n\u2011 messa in atto della rintracciabilit\u00e0;<br \/>\n\u2011 analisi del rischio alla base di ogni decisione;<br \/>\n\u2011 principio di precauzione;<br \/>\n\u2011 approccio orizzontale per tutti gli alimenti;<br \/>\n\u2011 considerazione di rischi particolari legati a specifici alimenti;<br \/>\n\u2011 eliminazione di molti dettagli tecnici;<br \/>\n\u2011 separazione dei testi relativi all\u2019igiene, ai controlli ufficiali e agli aspetti di Sanit\u00e0 animale.<br \/>\nIl corso \u00e8 articolato in 5 moduli didattici.<\/td>\n<\/tr>\n<tr>\n<td style=\"width: 112pt; border-width: 1pt; border-style: solid;\">\n<p class=\"s1\" style=\"padding-top: 11pt; padding-left: 39pt; padding-right: 10pt; text-indent: -27pt; text-align: left;\">Programma del corso<\/p>\n<\/td>\n<td style=\"width: 382pt; border-width: 1pt; border-style: solid;\">La formazione di cui al presente documento deve prevedere elementi attinenti a: rischi e pericoli alimentari: chimici, fisici, microbiologici; igiene personale e corrette prassi per la prevenzione delle malattie trasmissibili con gli alimenti; obblighi e responsabilit\u00e0 dell\u2019operatore del settore alimentare; requisiti generali in materia d\u2019igiene; principi di pulizia e disinfezione degli ambienti e delle attrezzature; modalit\u00e0 di conservazione degli alimenti; norme di buona pratica atte ad evitare la presenza di allergeni occulti negli alimenti; principali norme in materia di sicurezza degli alimenti e sanzioni per le violazioni di tali norme; tracciabilit\u00e0 e rintracciabilit\u00e0 degli alimenti; microrganismi patogeni e meccanismi di contaminazione biologica e chimica degli alimenti; autocontrollo, nozioni sui prerequisiti (lotta agli infestanti, smaltimento dei rifiuti, gestione dei sottoprodotti di origine animale, etc\u2026); autocontrollo: nozioni sulle procedure basate sui principi del sistema HACCP; nozioni di base sugli alimenti contenenti glutine, allergeni e relativa normativa.<\/td>\n<\/tr>\n<tr>\n<td style=\"width: 112pt; border-width: 1pt; border-style: solid;\">\n<p class=\"s1\" style=\"padding-left: 13pt; padding-right: 12pt; text-indent: 0pt; text-align: center;\">Valutazione<\/p>\n<\/td>\n<td style=\"width: 382pt; border-width: 1pt; border-style: solid;\">\n<p class=\"s4\" style=\"padding-top: 9pt; padding-left: 5pt; text-indent: 0pt; text-align: left;\">La valutazione finale verr\u00e0 effettuata mediante una verifica di apprendimento (esame finale).<\/p>\n<\/td>\n<\/tr>\n<tr>\n<td style=\"width: 112pt; border-width: 1pt; border-style: solid;\">\n<p class=\"s1\" style=\"padding-left: 26pt; padding-right: 25pt; text-indent: 3pt; text-align: justify;\">Attestato Formativo Rilasciato<\/p>\n<\/td>\n<td style=\"width: 382pt; border-width: 1pt; border-style: solid;\">\n<p class=\"s4\" style=\"padding-left: 5pt; padding-right: 4pt; text-indent: 0pt; text-align: justify;\">Attestato rilasciato da ente accreditato Regione Sicilia e riconosciuto a livello nazionale attraverso il Mutuo Riconoscimento.<\/p>\n<\/td>\n<\/tr>\n<tr>\n<td style=\"width: 112pt; border-width: 1pt; border-style: solid;\">\n<p class=\"s1\" style=\"padding-top: 9pt; padding-left: 13pt; padding-right: 12pt; text-indent: 0pt; text-align: center;\">Docenza\/Tutor<\/p>\n<\/td>\n<td style=\"width: 382pt; border-width: 1pt; border-style: solid;\">\n<p class=\"s4\" style=\"padding-top: 9pt; padding-left: 5pt; text-indent: 0pt; text-align: left;\">Non richiesto in quanto erogabile interamente in FAD.<\/p>\n<\/td>\n<\/tr>\n<\/tbody>\n<\/table>\n","protected":false},"excerpt":{"rendered":"<p>ALIMENTARISTA &#8211; Livello 2 (8 ore)<\/p>\n","protected":false},"featured_media":493,"template":"","meta":[],"product_brand":[],"product_cat":[341,917],"product_tag":[342,181],"class_list":{"0":"post-494","1":"product","2":"type-product","3":"status-publish","4":"has-post-thumbnail","6":"product_cat-formazione-corsi-ex-haccp","7":"product_cat-corsi-fad","8":"product_tag-corsi-ex-haccp","9":"product_tag-corso-12-ore","11":"first","12":"instock","13":"featured","14":"taxable","15":"shipping-taxable","16":"purchasable","17":"product-type-simple"},"yoast_head":"<!-- This site is optimized with the Yoast SEO plugin v25.4 - https:\/\/yoast.com\/wordpress\/plugins\/seo\/ -->\n<title>Alimentarista - Ampi Point Servizi emmegi<\/title>\n<meta name=\"robots\" content=\"index, follow, max-snippet:-1, max-image-preview:large, max-video-preview:-1\" \/>\n<link rel=\"canonical\" href=\"https:\/\/www.ampipointservizimg.it\/?product=corso-alimentarista\" \/>\n<meta property=\"og:locale\" content=\"it_IT\" \/>\n<meta property=\"og:type\" content=\"article\" \/>\n<meta property=\"og:title\" content=\"Alimentarista - Ampi Point Servizi emmegi\" \/>\n<meta property=\"og:description\" content=\"ALIMENTARISTA - Livello 2 (8 ore)\" \/>\n<meta property=\"og:url\" content=\"https:\/\/www.ampipointservizimg.it\/?product=corso-alimentarista\" \/>\n<meta property=\"og:site_name\" content=\"Ampi Point Servizi emmegi\" \/>\n<meta property=\"article:modified_time\" content=\"2025-07-08T21:16:07+00:00\" \/>\n<meta property=\"og:image\" content=\"https:\/\/www.ampipointservizimg.it\/wp-content\/uploads\/2022\/03\/corso-alimentarista_icon___.jpg\" \/>\n\t<meta property=\"og:image:width\" content=\"300\" \/>\n\t<meta property=\"og:image:height\" content=\"300\" \/>\n\t<meta property=\"og:image:type\" content=\"image\/jpeg\" \/>\n<meta name=\"twitter:card\" content=\"summary_large_image\" \/>\n<meta name=\"twitter:label1\" content=\"Tempo di lettura stimato\" \/>\n\t<meta name=\"twitter:data1\" content=\"3 minuti\" \/>\n<script type=\"application\/ld+json\" class=\"yoast-schema-graph\">{\"@context\":\"https:\/\/schema.org\",\"@graph\":[{\"@type\":\"WebPage\",\"@id\":\"https:\/\/www.ampipointservizimg.it\/?product=corso-alimentarista\",\"url\":\"https:\/\/www.ampipointservizimg.it\/?product=corso-alimentarista\",\"name\":\"Alimentarista - Ampi Point Servizi emmegi\",\"isPartOf\":{\"@id\":\"https:\/\/www.ampipointservizimg.it\/#website\"},\"primaryImageOfPage\":{\"@id\":\"https:\/\/www.ampipointservizimg.it\/?product=corso-alimentarista#primaryimage\"},\"image\":{\"@id\":\"https:\/\/www.ampipointservizimg.it\/?product=corso-alimentarista#primaryimage\"},\"thumbnailUrl\":\"https:\/\/www.ampipointservizimg.it\/wp-content\/uploads\/2022\/03\/corso-alimentarista_icon___.jpg\",\"datePublished\":\"2022-03-02T14:24:41+00:00\",\"dateModified\":\"2025-07-08T21:16:07+00:00\",\"breadcrumb\":{\"@id\":\"https:\/\/www.ampipointservizimg.it\/?product=corso-alimentarista#breadcrumb\"},\"inLanguage\":\"it-IT\",\"potentialAction\":[{\"@type\":\"ReadAction\",\"target\":[\"https:\/\/www.ampipointservizimg.it\/?product=corso-alimentarista\"]}]},{\"@type\":\"ImageObject\",\"inLanguage\":\"it-IT\",\"@id\":\"https:\/\/www.ampipointservizimg.it\/?product=corso-alimentarista#primaryimage\",\"url\":\"https:\/\/www.ampipointservizimg.it\/wp-content\/uploads\/2022\/03\/corso-alimentarista_icon___.jpg\",\"contentUrl\":\"https:\/\/www.ampipointservizimg.it\/wp-content\/uploads\/2022\/03\/corso-alimentarista_icon___.jpg\",\"width\":300,\"height\":300},{\"@type\":\"BreadcrumbList\",\"@id\":\"https:\/\/www.ampipointservizimg.it\/?product=corso-alimentarista#breadcrumb\",\"itemListElement\":[{\"@type\":\"ListItem\",\"position\":1,\"name\":\"Home\",\"item\":\"https:\/\/www.ampipointservizimg.it\/\"},{\"@type\":\"ListItem\",\"position\":2,\"name\":\"Shop\",\"item\":\"https:\/\/www.ampipointservizimg.it\/?page_id=91\"},{\"@type\":\"ListItem\",\"position\":3,\"name\":\"Alimentarista\"}]},{\"@type\":\"WebSite\",\"@id\":\"https:\/\/www.ampipointservizimg.it\/#website\",\"url\":\"https:\/\/www.ampipointservizimg.it\/\",\"name\":\"Ampi Point Servizi emmegi\",\"description\":\"\",\"publisher\":{\"@id\":\"https:\/\/www.ampipointservizimg.it\/#organization\"},\"potentialAction\":[{\"@type\":\"SearchAction\",\"target\":{\"@type\":\"EntryPoint\",\"urlTemplate\":\"https:\/\/www.ampipointservizimg.it\/?s={search_term_string}\"},\"query-input\":{\"@type\":\"PropertyValueSpecification\",\"valueRequired\":true,\"valueName\":\"search_term_string\"}}],\"inLanguage\":\"it-IT\"},{\"@type\":\"Organization\",\"@id\":\"https:\/\/www.ampipointservizimg.it\/#organization\",\"name\":\"Sviluppo Qualit\u00e0\",\"alternateName\":\"Sviluppo Qualit\u00e0\",\"url\":\"https:\/\/www.ampipointservizimg.it\/\",\"logo\":{\"@type\":\"ImageObject\",\"inLanguage\":\"it-IT\",\"@id\":\"https:\/\/www.ampipointservizimg.it\/#\/schema\/logo\/image\/\",\"url\":\"https:\/\/www.ampipointservizimg.it\/wp-content\/uploads\/2025\/06\/cropped-logo_con_ampi-1.png\",\"contentUrl\":\"https:\/\/www.ampipointservizimg.it\/wp-content\/uploads\/2025\/06\/cropped-logo_con_ampi-1.png\",\"width\":2269,\"height\":544,\"caption\":\"Sviluppo Qualit\u00e0\"},\"image\":{\"@id\":\"https:\/\/www.ampipointservizimg.it\/#\/schema\/logo\/image\/\"}}]}<\/script>\n<!-- \/ Yoast SEO plugin. -->","yoast_head_json":{"title":"Alimentarista - Ampi Point Servizi emmegi","robots":{"index":"index","follow":"follow","max-snippet":"max-snippet:-1","max-image-preview":"max-image-preview:large","max-video-preview":"max-video-preview:-1"},"canonical":"https:\/\/www.ampipointservizimg.it\/?product=corso-alimentarista","og_locale":"it_IT","og_type":"article","og_title":"Alimentarista - Ampi Point Servizi emmegi","og_description":"ALIMENTARISTA - Livello 2 (8 ore)","og_url":"https:\/\/www.ampipointservizimg.it\/?product=corso-alimentarista","og_site_name":"Ampi Point Servizi emmegi","article_modified_time":"2025-07-08T21:16:07+00:00","og_image":[{"width":300,"height":300,"url":"https:\/\/www.ampipointservizimg.it\/wp-content\/uploads\/2022\/03\/corso-alimentarista_icon___.jpg","type":"image\/jpeg"}],"twitter_card":"summary_large_image","twitter_misc":{"Tempo di lettura stimato":"3 minuti"},"schema":{"@context":"https:\/\/schema.org","@graph":[{"@type":"WebPage","@id":"https:\/\/www.ampipointservizimg.it\/?product=corso-alimentarista","url":"https:\/\/www.ampipointservizimg.it\/?product=corso-alimentarista","name":"Alimentarista - Ampi Point Servizi emmegi","isPartOf":{"@id":"https:\/\/www.ampipointservizimg.it\/#website"},"primaryImageOfPage":{"@id":"https:\/\/www.ampipointservizimg.it\/?product=corso-alimentarista#primaryimage"},"image":{"@id":"https:\/\/www.ampipointservizimg.it\/?product=corso-alimentarista#primaryimage"},"thumbnailUrl":"https:\/\/www.ampipointservizimg.it\/wp-content\/uploads\/2022\/03\/corso-alimentarista_icon___.jpg","datePublished":"2022-03-02T14:24:41+00:00","dateModified":"2025-07-08T21:16:07+00:00","breadcrumb":{"@id":"https:\/\/www.ampipointservizimg.it\/?product=corso-alimentarista#breadcrumb"},"inLanguage":"it-IT","potentialAction":[{"@type":"ReadAction","target":["https:\/\/www.ampipointservizimg.it\/?product=corso-alimentarista"]}]},{"@type":"ImageObject","inLanguage":"it-IT","@id":"https:\/\/www.ampipointservizimg.it\/?product=corso-alimentarista#primaryimage","url":"https:\/\/www.ampipointservizimg.it\/wp-content\/uploads\/2022\/03\/corso-alimentarista_icon___.jpg","contentUrl":"https:\/\/www.ampipointservizimg.it\/wp-content\/uploads\/2022\/03\/corso-alimentarista_icon___.jpg","width":300,"height":300},{"@type":"BreadcrumbList","@id":"https:\/\/www.ampipointservizimg.it\/?product=corso-alimentarista#breadcrumb","itemListElement":[{"@type":"ListItem","position":1,"name":"Home","item":"https:\/\/www.ampipointservizimg.it\/"},{"@type":"ListItem","position":2,"name":"Shop","item":"https:\/\/www.ampipointservizimg.it\/?page_id=91"},{"@type":"ListItem","position":3,"name":"Alimentarista"}]},{"@type":"WebSite","@id":"https:\/\/www.ampipointservizimg.it\/#website","url":"https:\/\/www.ampipointservizimg.it\/","name":"Ampi Point Servizi emmegi","description":"","publisher":{"@id":"https:\/\/www.ampipointservizimg.it\/#organization"},"potentialAction":[{"@type":"SearchAction","target":{"@type":"EntryPoint","urlTemplate":"https:\/\/www.ampipointservizimg.it\/?s={search_term_string}"},"query-input":{"@type":"PropertyValueSpecification","valueRequired":true,"valueName":"search_term_string"}}],"inLanguage":"it-IT"},{"@type":"Organization","@id":"https:\/\/www.ampipointservizimg.it\/#organization","name":"Sviluppo Qualit\u00e0","alternateName":"Sviluppo Qualit\u00e0","url":"https:\/\/www.ampipointservizimg.it\/","logo":{"@type":"ImageObject","inLanguage":"it-IT","@id":"https:\/\/www.ampipointservizimg.it\/#\/schema\/logo\/image\/","url":"https:\/\/www.ampipointservizimg.it\/wp-content\/uploads\/2025\/06\/cropped-logo_con_ampi-1.png","contentUrl":"https:\/\/www.ampipointservizimg.it\/wp-content\/uploads\/2025\/06\/cropped-logo_con_ampi-1.png","width":2269,"height":544,"caption":"Sviluppo Qualit\u00e0"},"image":{"@id":"https:\/\/www.ampipointservizimg.it\/#\/schema\/logo\/image\/"}}]}},"_links":{"self":[{"href":"https:\/\/www.ampipointservizimg.it\/index.php?rest_route=\/wp\/v2\/product\/494","targetHints":{"allow":["GET"]}}],"collection":[{"href":"https:\/\/www.ampipointservizimg.it\/index.php?rest_route=\/wp\/v2\/product"}],"about":[{"href":"https:\/\/www.ampipointservizimg.it\/index.php?rest_route=\/wp\/v2\/types\/product"}],"wp:featuredmedia":[{"embeddable":true,"href":"https:\/\/www.ampipointservizimg.it\/index.php?rest_route=\/wp\/v2\/media\/493"}],"wp:attachment":[{"href":"https:\/\/www.ampipointservizimg.it\/index.php?rest_route=%2Fwp%2Fv2%2Fmedia&parent=494"}],"wp:term":[{"taxonomy":"product_brand","embeddable":true,"href":"https:\/\/www.ampipointservizimg.it\/index.php?rest_route=%2Fwp%2Fv2%2Fproduct_brand&post=494"},{"taxonomy":"product_cat","embeddable":true,"href":"https:\/\/www.ampipointservizimg.it\/index.php?rest_route=%2Fwp%2Fv2%2Fproduct_cat&post=494"},{"taxonomy":"product_tag","embeddable":true,"href":"https:\/\/www.ampipointservizimg.it\/index.php?rest_route=%2Fwp%2Fv2%2Fproduct_tag&post=494"}],"curies":[{"name":"wp","href":"https:\/\/api.w.org\/{rel}","templated":true}]}}