{"id":517,"date":"2022-03-02T15:29:05","date_gmt":"2022-03-02T14:29:05","guid":{"rendered":"https:\/\/new.sviluppoqualita.it\/prodotto\/pes-pav-pei\/"},"modified":"2025-07-08T23:16:07","modified_gmt":"2025-07-08T21:16:07","slug":"pes-pav-pei","status":"publish","type":"product","link":"https:\/\/www.ampipointservizimg.it\/?product=pes-pav-pei","title":{"rendered":"PES, PAV e PEI"},"content":{"rendered":"<div id=\"div-scarica-scheda-tecnica\" style=\"text-align: center; padding: 7px; color: white; padding-top: 10px;\"><!-- blu 094775 rosso d1222b --> <a style=\"padding: 10px; border: 1px solid #dddddd; background-color: #d1222b; color: white;\" href=\"https:\/\/www.networkgtc.it\/wp-content\/uploads\/pdf_prodotti\/PAV-PES-PEI.pdf\"> <i class=\"fa fa-file-pdf-o\" style=\"padding-left: 5px; ;color: white;\" aria-hidden=\"true\"><\/i> \u00a0 <span style=\"border-left: 1px solid white;\"> \u00a0 Visualizza Scheda Tecnica in PDF<\/span><\/a><\/div>\n<table class=\"tabella-scheda-tecnica-networkgtc\" style=\"width: 93.4553%;\">\n<tbody>\n<tr>\n<td style=\"width: 19.7691%; border-width: 1pt; border-style: solid;\">\n<p class=\"s1\" style=\"padding-top: 6pt; padding-left: 11pt; padding-right: 13pt; text-indent: 0pt; text-align: center;\">Titolo<\/p>\n<\/td>\n<td style=\"width: 90.0118%; border-width: 1pt; border-style: solid;\">\n<p class=\"s2\" style=\"padding-top: 5pt; padding-left: 5pt; text-indent: 0pt; text-align: left;\">Corso di formazione teorico\/pratico per PAV, PES e PEI<\/p>\n<\/td>\n<\/tr>\n<tr>\n<td style=\"width: 19.7691%; border-width: 1pt; border-style: solid;\">\n<p class=\"s1\" style=\"padding-top: 6pt; padding-left: 11pt; padding-right: 13pt; text-indent: 0pt; text-align: center;\">Destinatari<\/p>\n<\/td>\n<td style=\"width: 90.0118%; border-width: 1pt; border-style: solid;\">\n<p class=\"s3\" style=\"padding-top: 3pt; padding-left: 5pt; padding-right: 4pt; text-indent: 0pt; text-align: justify;\">Il percorso formativo \u00e8 rivolto a tutti coloro che operano in \u201clavori elettrici\u201d sia sotto tensione, sia fuori tensione e in prossimit\u00e0.<\/p>\n<p class=\"s3\" style=\"padding-left: 5pt; padding-right: 4pt; text-indent: 0pt; text-align: justify;\">Responsabili (RSPP) e Addetti al Servizio di Prevenzione e Protezione (ASPP); personale che necessita di una conoscenza pi\u00f9 approfondita delle tematiche inerenti la sicurezza elettrica (preposti, capi squadra, capi cantiere, lavoratori, etc.).<\/p>\n<p class=\"s3\" style=\"padding-left: 5pt; padding-right: 4pt; text-indent: 0pt; text-align: justify;\">Manutentori, impiantisti elettrici che operano su impianti e apparecchiature con tensione nominale fino a 1000 volt.<\/p>\n<\/td>\n<\/tr>\n<tr>\n<td style=\"width: 19.7691%; border-width: 1pt; border-style: solid;\">\n<p class=\"s1\" style=\"padding-left: 25pt; padding-right: 20pt; text-indent: -6pt; text-align: center;\">Obiettivi e Finalit\u00e0<\/p>\n<\/td>\n<td style=\"width: 90.0118%; border-width: 1pt; border-style: solid;\">\n<p class=\"s3\" style=\"padding-top: 5pt; padding-left: 5pt; padding-right: 4pt; text-indent: 0pt; text-align: justify;\">Il corso intende fornire le competenze tecniche (livelli di competenze teoriche 1A e 2A, livelli di competenze pratiche 1B e 2B) per le figure di <a href=\"https:\/\/shop.networkgtc.it\/product-category\/formazione\/sicurezza\/formazione-corsi-sicurezza-d-lgs-8108-lavoratori\/\">PAV, PES e PEI<\/a>.<\/p>\n<p class=\"s3\" style=\"padding-left: 5pt; padding-right: 4pt; text-indent: 0pt; text-align: justify;\">Le persone che eseguono lavori elettrici devono essere in possesso delle qualifiche stabilite dalla norma CEI 11-27\/1. Tali qualifiche devono essere attribuite dal datore di lavoro e formalizzate per iscritto. Il datore di lavoro deve cio\u00e8 indicare tra i suoi dipendenti chi pu\u00f2 svolgere i lavori fuori tensione e in prossimit\u00e0 (PES e PAV) e chi, invece, pu\u00f2 eseguire i lavori elettrici sotto tensione (PEI).<\/p>\n<\/td>\n<\/tr>\n<tr>\n<td style=\"width: 19.7691%; border-top-style: solid; border-top-width: 1pt; border-left-style: solid; border-left-width: 1pt; border-right-style: solid; border-right-width: 1pt;\">\n<p style=\"text-indent: 0pt; text-align: center;\">Normativa di riferimento<\/p>\n<\/td>\n<td style=\"width: 90.0118%; border-top-style: solid; border-top-width: 1pt; border-left-style: solid; border-left-width: 1pt; border-right-style: solid; border-right-width: 1pt;\">\n<ul>\n<li>D.lgs. n.81\/08 e s. s. m. e i.;<\/li>\n<li>Norma CEI 11-27\/1;<\/li>\n<li>Norma CEI 11-1 e 64-8;<\/li>\n<li>DM 37\/2008.<\/li>\n<\/ul>\n<\/td>\n<\/tr>\n<tr>\n<td style=\"width: 19.7691%; border-width: 1pt; border-style: solid;\">\n<p class=\"s1\" style=\"padding-top: 9pt; padding-left: 13pt; padding-right: 7pt; text-indent: 2pt; text-align: left;\">Requisiti di ammissione<\/p>\n<\/td>\n<td style=\"width: 90.0118%; border-width: 1pt; border-style: solid;\">\n<p class=\"s3\" style=\"padding-left: 7pt; padding-right: 8pt; text-indent: 0pt; line-height: 115%; text-align: left;\">Conoscenze di base dell\u2019impiantistica elettrica; equilibrio, attenzione, precisione e ogni altra caratteristica che concorra a far ritenere affidabile l\u2019operatore.<\/p>\n<\/td>\n<\/tr>\n<tr>\n<td style=\"width: 19.7691%; border-top-style: solid; border-top-width: 1pt; border-left-style: solid; border-left-width: 1pt; border-right-style: solid; border-right-width: 1pt;\">\n<p style=\"text-indent: 0pt; text-align: center;\">Durata e modalit\u00e0<\/p>\n<\/td>\n<td style=\"width: 90.0118%; border-top-style: solid; border-top-width: 1pt; border-left-style: solid; border-left-width: 1pt; border-right-style: solid; border-right-width: 1pt;\">\n<p class=\"s3\" style=\"padding-left: 5pt; text-indent: 0pt; line-height: 13pt; text-align: left;\">Durata totale del corso: 22 ore (14 e-learning + 8 aula\/pratica):<\/p>\n<p class=\"s3\" style=\"padding-left: 5pt; text-indent: 0pt; line-height: 13pt; text-align: left;\">livello 1A: <span class=\"s3\">conoscenze teoriche per i lavori elettrici; durata: 10 ore in modalit\u00e0 e-learning;<\/span><\/p>\n<p class=\"s4\" style=\"padding-left: 5pt; text-indent: 0pt; line-height: 12pt; text-align: left;\">livello 1B: <span class=\"s3\">conoscenze pratiche nei lavori elettrici; durata: 4 ore in modalit\u00e0 aula\/pratica;<br \/>\n<\/span><\/p>\n<p class=\"s4\" style=\"padding-left: 5pt; text-indent: 0pt; text-align: left;\">livello 2A: <span class=\"s3\">conoscenze teoriche sui lavori sotto tensione; durata 4 ore in modalit\u00e0 e-lerning;<\/span><\/p>\n<p class=\"s4\" style=\"padding-left: 5pt; text-indent: 0pt; text-align: left;\">livello 2B: <span class=\"s3\">conoscenze pratiche sui lavori in tensione; durata: 4 ore in modalit\u00e0 aula\/pratica.<\/span><\/p>\n<\/td>\n<\/tr>\n<tr>\n<td style=\"width: 19.7691%; border-width: 1pt; border-style: solid;\" rowspan=\"2\">\n<p class=\"s1\" style=\"padding-top: 8pt; padding-left: 29pt; padding-right: 7pt; text-indent: -22pt; text-align: left;\">Programma del corso<\/p>\n<\/td>\n<td style=\"width: 90.0118%; border-width: 1pt; border-style: solid;\">\n<p class=\"s5\" style=\"padding-top: 7pt; padding-left: 145pt; padding-right: 144pt; text-indent: 0pt; text-align: center;\">DISCIPLINE E CONTENUTI<\/p>\n<\/td>\n<\/tr>\n<tr>\n<td style=\"width: 90.0118%; border-width: 1pt; border-style: solid;\">\n<p class=\"s6\" style=\"padding-left: 5pt; text-indent: 0pt; line-height: 13pt; text-align: left;\">Livello 1A &#8211; Conoscenze teoriche<\/p>\n<ul>\n<li>le sorgenti di rischio;<\/li>\n<li>i possibili eventi dannosi;<\/li>\n<li>la sicurezza elettrica;<\/li>\n<li>storia Elettrotecnica;<\/li>\n<li>principi di Elettronica;<\/li>\n<li>nozioni Legislative;<\/li>\n<li>applicazione D.lgs. 81 Titolo I;<\/li>\n<li>diritti e doveri della sicurezza;<\/li>\n<li>normativa Rischio Elettrico;<\/li>\n<li>lavori elettrici;<\/li>\n<li>impianto elettrico e di terra;<\/li>\n<li>valutazione Rischio Elettrico;<\/li>\n<li>rischio Elettrico in Cantiere;<\/li>\n<li>la Manutenzione elettrica in sicurezza;<\/li>\n<li>protezione antincendio e procedure;<\/li>\n<li>effetti della corrente sul corpo umano;<\/li>\n<li>primo Soccorso;<\/li>\n<li>organizzazione Emergenza Primo Soccorso;<\/li>\n<li>dpi;<\/li>\n<li>dpi Avanzati;<\/li>\n<li>organizzazione del Lavoro;<\/li>\n<li>procedure di lavoro.<\/li>\n<\/ul>\n<p>Livello 1B \u2013 Conoscenze pratiche<\/p>\n<ul>\n<li>definizione, individuazione, delimitazione della zona di lavoro;<\/li>\n<li>apposizione di blocchi ad apparecchiature o a macchinari;<\/li>\n<li>messa a terra e in cortocircuito;<\/li>\n<li>verifica dell\u2019assenza di tensione;<\/li>\n<li>valutazione delle condizioni ambientali;<\/li>\n<li>modalit\u00e0 di scambio delle informazioni;<\/li>\n<li>uso e verifica dei DPI previsti nelle disposizioni aziendali;<\/li>\n<li>apposizione di barriere e protezioni;<\/li>\n<li>valutazione delle distanze;<\/li>\n<li>predisposizione e corretta comprensione dei documenti specifici aziendali, equivalenti ad es. al Piano di lavoro, ai documenti di consegna e restituzione impianto, ecc.<\/li>\n<\/ul>\n<p class=\"s6\" style=\"padding-left: 5pt; text-indent: 0pt; line-height: 13pt; text-align: left;\">Livello 2A &#8211; Conoscenze teoriche<\/p>\n<ul>\n<li>lavori elettrici sotto tensione in bassa tensione;<\/li>\n<li>conoscenze e Capacit\u00e0 per operativit\u00e0;<\/li>\n<li>sicurezza nei lavori in presenza di rischio elettrico;<\/li>\n<li>formazione Specialistica Rischio Elettrico;<\/li>\n<li>uso e verifica <span class=\"s3\">dei Dpi previsti nelle disposizioni aziendali.<br \/>\n<\/span><\/li>\n<\/ul>\n<p>Livello 2B \u2013 Conoscenze pratiche<\/p>\n<ul>\n<li>Conoscenze pratiche: preparazione del lavoro;<\/li>\n<li>valutazione rischi;<\/li>\n<li>scambio informazioni;<\/li>\n<li>competenze nei singoli ruoli;<\/li>\n<li>analisi del lavoro;<\/li>\n<li>scelta attrezzatura;<\/li>\n<li>definizione del posto di lavoro;<\/li>\n<li>preparazione cantiere;<\/li>\n<li>protezione da parti prossime;<\/li>\n<li>sequenze operative dei lavori.<\/li>\n<\/ul>\n<\/td>\n<\/tr>\n<tr>\n<td style=\"width: 19.7691%; border-width: 1pt; border-style: solid;\">\n<p class=\"s1\" style=\"padding-top: 8pt; padding-left: 11pt; padding-right: 13pt; text-indent: 0pt; text-align: center;\">Valutazione<\/p>\n<\/td>\n<td style=\"width: 90.0118%; border-width: 1pt; border-style: solid;\">\n<p class=\"s3\" style=\"padding-left: 5pt; text-indent: 0pt; text-align: left;\">La valutazione finale verr\u00e0 effettuata mediante una verifica di apprendimento in aula (esame finale).<\/p>\n<\/td>\n<\/tr>\n<tr>\n<td style=\"width: 19.7691%; border-width: 1pt; border-style: solid;\">\n<p class=\"s1\" style=\"padding-left: 18pt; text-indent: 2pt; line-height: 11pt; text-align: center;\">Attestato Formativo Rilasciato<\/p>\n<\/td>\n<td style=\"width: 90.0118%; border-width: 1pt; border-style: solid;\">\n<p class=\"s3\" style=\"padding-top: 3pt; padding-left: 5pt; text-indent: 0pt; text-align: left;\">Attestato di frequenza di \u201cPAV, PES e PEI addetti lavori elettrici fuori tensione, in prossimit\u00e0 e sotto tensione\u201ddi 22 ore.<\/p>\n<\/td>\n<\/tr>\n<tr>\n<td style=\"width: 19.7691%; border-width: 1pt; border-style: solid;\">\n<p class=\"s1\" style=\"padding-left: 11pt; padding-right: 13pt; text-indent: 0pt; text-align: center;\">Docenza<\/p>\n<\/td>\n<td style=\"width: 90.0118%; border-width: 1pt; border-style: solid;\">\n<p class=\"s3\" style=\"padding-top: 8pt; padding-left: 5pt; text-indent: 0pt; text-align: left;\">I docenti del corso devono possedere conoscenza delle norme di sicurezza nella progettazione ed esercizio in materia di impianti elettrici, esperienza nel settore elettrico, esperienza come docente\/formatore.<\/p>\n<\/td>\n<\/tr>\n<tr>\n<td style=\"width: 19.7691%; border-width: 1pt; border-style: solid;\">\n<p class=\"s1\" style=\"padding-left: 11pt; padding-right: 13pt; text-indent: 0pt; text-align: center;\">Sede<\/p>\n<\/td>\n<td style=\"width: 90.0118%; border-width: 1pt; border-style: solid;\">\n<p class=\"s3\" style=\"padding-top: 2pt; padding-left: 5pt; padding-right: 8pt; text-indent: 0pt; text-align: left;\">Per la parte in aula, il corso sar\u00e0 erogato, secondo un calendario prestabilito, in una delle sedi pi\u00f9 vicine dislocate sul territorio nazionale.<\/p>\n<\/td>\n<\/tr>\n<\/tbody>\n<\/table>\n","protected":false},"excerpt":{"rendered":"<p>\u00a0 \u00a0 Visualizza Scheda Tecnica in PDF Titolo Corso di formazione teorico\/pratico per PAV, PES e PEI Destinatari Il percorso formativo \u00e8 rivolto a tutti coloro che operano in \u201clavori elettrici\u201d sia sotto tensione, sia fuori tensione e in prossimit\u00e0. Responsabili (RSPP) e Addetti al Servizio di Prevenzione e Protezione (ASPP); personale che necessita di una conoscenza pi\u00f9 approfondita delle [&hellip;]<\/p>\n","protected":false},"featured_media":302,"template":"","meta":[],"product_brand":[],"product_cat":[28,916],"product_tag":[31,364],"class_list":{"0":"post-517","1":"product","2":"type-product","3":"status-publish","4":"has-post-thumbnail","6":"product_cat-corsi-sicurezza-d-lgs-81-08","7":"product_cat-blended","8":"product_tag-corsi-sicurezza-d-lgs-81-08-lavoratori","9":"product_tag-corso-22-ore","11":"first","12":"instock","13":"taxable","14":"shipping-taxable","15":"product-type-simple"},"yoast_head":"<!-- This site is optimized with the Yoast SEO plugin v25.4 - https:\/\/yoast.com\/wordpress\/plugins\/seo\/ -->\n<title>PES, PAV e PEI - Ampi Point Servizi emmegi<\/title>\n<meta name=\"robots\" content=\"index, follow, max-snippet:-1, max-image-preview:large, max-video-preview:-1\" \/>\n<link rel=\"canonical\" href=\"https:\/\/www.ampipointservizimg.it\/?product=pes-pav-pei\" \/>\n<meta property=\"og:locale\" content=\"it_IT\" \/>\n<meta property=\"og:type\" content=\"article\" \/>\n<meta property=\"og:title\" content=\"PES, PAV e PEI - Ampi Point Servizi emmegi\" \/>\n<meta property=\"og:description\" content=\"\u00a0 \u00a0 Visualizza Scheda Tecnica in PDF Titolo Corso di formazione teorico\/pratico per PAV, PES e PEI Destinatari Il percorso formativo \u00e8 rivolto a tutti coloro che operano in \u201clavori elettrici\u201d sia sotto tensione, sia fuori tensione e in prossimit\u00e0. Responsabili (RSPP) e Addetti al Servizio di Prevenzione e Protezione (ASPP); personale che necessita di una conoscenza pi\u00f9 approfondita delle [&hellip;]\" \/>\n<meta property=\"og:url\" content=\"https:\/\/www.ampipointservizimg.it\/?product=pes-pav-pei\" \/>\n<meta property=\"og:site_name\" content=\"Ampi Point Servizi emmegi\" \/>\n<meta property=\"article:modified_time\" content=\"2025-07-08T21:16:07+00:00\" \/>\n<meta property=\"og:image\" content=\"https:\/\/www.ampipointservizimg.it\/wp-content\/uploads\/2022\/02\/PES-PAV-e-PEI-icon.jpg\" \/>\n\t<meta property=\"og:image:width\" content=\"300\" \/>\n\t<meta property=\"og:image:height\" content=\"300\" \/>\n\t<meta property=\"og:image:type\" content=\"image\/jpeg\" \/>\n<meta name=\"twitter:card\" content=\"summary_large_image\" \/>\n<meta name=\"twitter:label1\" content=\"Tempo di lettura stimato\" \/>\n\t<meta name=\"twitter:data1\" content=\"3 minuti\" \/>\n<script type=\"application\/ld+json\" class=\"yoast-schema-graph\">{\"@context\":\"https:\/\/schema.org\",\"@graph\":[{\"@type\":\"WebPage\",\"@id\":\"https:\/\/www.ampipointservizimg.it\/?product=pes-pav-pei\",\"url\":\"https:\/\/www.ampipointservizimg.it\/?product=pes-pav-pei\",\"name\":\"PES, PAV e PEI - Ampi Point Servizi emmegi\",\"isPartOf\":{\"@id\":\"https:\/\/www.ampipointservizimg.it\/#website\"},\"primaryImageOfPage\":{\"@id\":\"https:\/\/www.ampipointservizimg.it\/?product=pes-pav-pei#primaryimage\"},\"image\":{\"@id\":\"https:\/\/www.ampipointservizimg.it\/?product=pes-pav-pei#primaryimage\"},\"thumbnailUrl\":\"https:\/\/www.ampipointservizimg.it\/wp-content\/uploads\/2022\/02\/PES-PAV-e-PEI-icon.jpg\",\"datePublished\":\"2022-03-02T14:29:05+00:00\",\"dateModified\":\"2025-07-08T21:16:07+00:00\",\"breadcrumb\":{\"@id\":\"https:\/\/www.ampipointservizimg.it\/?product=pes-pav-pei#breadcrumb\"},\"inLanguage\":\"it-IT\",\"potentialAction\":[{\"@type\":\"ReadAction\",\"target\":[\"https:\/\/www.ampipointservizimg.it\/?product=pes-pav-pei\"]}]},{\"@type\":\"ImageObject\",\"inLanguage\":\"it-IT\",\"@id\":\"https:\/\/www.ampipointservizimg.it\/?product=pes-pav-pei#primaryimage\",\"url\":\"https:\/\/www.ampipointservizimg.it\/wp-content\/uploads\/2022\/02\/PES-PAV-e-PEI-icon.jpg\",\"contentUrl\":\"https:\/\/www.ampipointservizimg.it\/wp-content\/uploads\/2022\/02\/PES-PAV-e-PEI-icon.jpg\",\"width\":300,\"height\":300},{\"@type\":\"BreadcrumbList\",\"@id\":\"https:\/\/www.ampipointservizimg.it\/?product=pes-pav-pei#breadcrumb\",\"itemListElement\":[{\"@type\":\"ListItem\",\"position\":1,\"name\":\"Home\",\"item\":\"https:\/\/www.ampipointservizimg.it\/\"},{\"@type\":\"ListItem\",\"position\":2,\"name\":\"Shop\",\"item\":\"https:\/\/www.ampipointservizimg.it\/?page_id=91\"},{\"@type\":\"ListItem\",\"position\":3,\"name\":\"PES, PAV e PEI\"}]},{\"@type\":\"WebSite\",\"@id\":\"https:\/\/www.ampipointservizimg.it\/#website\",\"url\":\"https:\/\/www.ampipointservizimg.it\/\",\"name\":\"Ampi Point Servizi emmegi\",\"description\":\"\",\"publisher\":{\"@id\":\"https:\/\/www.ampipointservizimg.it\/#organization\"},\"potentialAction\":[{\"@type\":\"SearchAction\",\"target\":{\"@type\":\"EntryPoint\",\"urlTemplate\":\"https:\/\/www.ampipointservizimg.it\/?s={search_term_string}\"},\"query-input\":{\"@type\":\"PropertyValueSpecification\",\"valueRequired\":true,\"valueName\":\"search_term_string\"}}],\"inLanguage\":\"it-IT\"},{\"@type\":\"Organization\",\"@id\":\"https:\/\/www.ampipointservizimg.it\/#organization\",\"name\":\"Sviluppo Qualit\u00e0\",\"alternateName\":\"Sviluppo Qualit\u00e0\",\"url\":\"https:\/\/www.ampipointservizimg.it\/\",\"logo\":{\"@type\":\"ImageObject\",\"inLanguage\":\"it-IT\",\"@id\":\"https:\/\/www.ampipointservizimg.it\/#\/schema\/logo\/image\/\",\"url\":\"https:\/\/www.ampipointservizimg.it\/wp-content\/uploads\/2025\/06\/cropped-logo_con_ampi-1.png\",\"contentUrl\":\"https:\/\/www.ampipointservizimg.it\/wp-content\/uploads\/2025\/06\/cropped-logo_con_ampi-1.png\",\"width\":2269,\"height\":544,\"caption\":\"Sviluppo Qualit\u00e0\"},\"image\":{\"@id\":\"https:\/\/www.ampipointservizimg.it\/#\/schema\/logo\/image\/\"}}]}<\/script>\n<!-- \/ Yoast SEO plugin. -->","yoast_head_json":{"title":"PES, PAV e PEI - Ampi Point Servizi emmegi","robots":{"index":"index","follow":"follow","max-snippet":"max-snippet:-1","max-image-preview":"max-image-preview:large","max-video-preview":"max-video-preview:-1"},"canonical":"https:\/\/www.ampipointservizimg.it\/?product=pes-pav-pei","og_locale":"it_IT","og_type":"article","og_title":"PES, PAV e PEI - Ampi Point Servizi emmegi","og_description":"\u00a0 \u00a0 Visualizza Scheda Tecnica in PDF Titolo Corso di formazione teorico\/pratico per PAV, PES e PEI Destinatari Il percorso formativo \u00e8 rivolto a tutti coloro che operano in \u201clavori elettrici\u201d sia sotto tensione, sia fuori tensione e in prossimit\u00e0. Responsabili (RSPP) e Addetti al Servizio di Prevenzione e Protezione (ASPP); personale che necessita di una conoscenza pi\u00f9 approfondita delle [&hellip;]","og_url":"https:\/\/www.ampipointservizimg.it\/?product=pes-pav-pei","og_site_name":"Ampi Point Servizi emmegi","article_modified_time":"2025-07-08T21:16:07+00:00","og_image":[{"width":300,"height":300,"url":"https:\/\/www.ampipointservizimg.it\/wp-content\/uploads\/2022\/02\/PES-PAV-e-PEI-icon.jpg","type":"image\/jpeg"}],"twitter_card":"summary_large_image","twitter_misc":{"Tempo di lettura stimato":"3 minuti"},"schema":{"@context":"https:\/\/schema.org","@graph":[{"@type":"WebPage","@id":"https:\/\/www.ampipointservizimg.it\/?product=pes-pav-pei","url":"https:\/\/www.ampipointservizimg.it\/?product=pes-pav-pei","name":"PES, PAV e PEI - Ampi Point Servizi emmegi","isPartOf":{"@id":"https:\/\/www.ampipointservizimg.it\/#website"},"primaryImageOfPage":{"@id":"https:\/\/www.ampipointservizimg.it\/?product=pes-pav-pei#primaryimage"},"image":{"@id":"https:\/\/www.ampipointservizimg.it\/?product=pes-pav-pei#primaryimage"},"thumbnailUrl":"https:\/\/www.ampipointservizimg.it\/wp-content\/uploads\/2022\/02\/PES-PAV-e-PEI-icon.jpg","datePublished":"2022-03-02T14:29:05+00:00","dateModified":"2025-07-08T21:16:07+00:00","breadcrumb":{"@id":"https:\/\/www.ampipointservizimg.it\/?product=pes-pav-pei#breadcrumb"},"inLanguage":"it-IT","potentialAction":[{"@type":"ReadAction","target":["https:\/\/www.ampipointservizimg.it\/?product=pes-pav-pei"]}]},{"@type":"ImageObject","inLanguage":"it-IT","@id":"https:\/\/www.ampipointservizimg.it\/?product=pes-pav-pei#primaryimage","url":"https:\/\/www.ampipointservizimg.it\/wp-content\/uploads\/2022\/02\/PES-PAV-e-PEI-icon.jpg","contentUrl":"https:\/\/www.ampipointservizimg.it\/wp-content\/uploads\/2022\/02\/PES-PAV-e-PEI-icon.jpg","width":300,"height":300},{"@type":"BreadcrumbList","@id":"https:\/\/www.ampipointservizimg.it\/?product=pes-pav-pei#breadcrumb","itemListElement":[{"@type":"ListItem","position":1,"name":"Home","item":"https:\/\/www.ampipointservizimg.it\/"},{"@type":"ListItem","position":2,"name":"Shop","item":"https:\/\/www.ampipointservizimg.it\/?page_id=91"},{"@type":"ListItem","position":3,"name":"PES, PAV e PEI"}]},{"@type":"WebSite","@id":"https:\/\/www.ampipointservizimg.it\/#website","url":"https:\/\/www.ampipointservizimg.it\/","name":"Ampi Point Servizi emmegi","description":"","publisher":{"@id":"https:\/\/www.ampipointservizimg.it\/#organization"},"potentialAction":[{"@type":"SearchAction","target":{"@type":"EntryPoint","urlTemplate":"https:\/\/www.ampipointservizimg.it\/?s={search_term_string}"},"query-input":{"@type":"PropertyValueSpecification","valueRequired":true,"valueName":"search_term_string"}}],"inLanguage":"it-IT"},{"@type":"Organization","@id":"https:\/\/www.ampipointservizimg.it\/#organization","name":"Sviluppo Qualit\u00e0","alternateName":"Sviluppo Qualit\u00e0","url":"https:\/\/www.ampipointservizimg.it\/","logo":{"@type":"ImageObject","inLanguage":"it-IT","@id":"https:\/\/www.ampipointservizimg.it\/#\/schema\/logo\/image\/","url":"https:\/\/www.ampipointservizimg.it\/wp-content\/uploads\/2025\/06\/cropped-logo_con_ampi-1.png","contentUrl":"https:\/\/www.ampipointservizimg.it\/wp-content\/uploads\/2025\/06\/cropped-logo_con_ampi-1.png","width":2269,"height":544,"caption":"Sviluppo Qualit\u00e0"},"image":{"@id":"https:\/\/www.ampipointservizimg.it\/#\/schema\/logo\/image\/"}}]}},"_links":{"self":[{"href":"https:\/\/www.ampipointservizimg.it\/index.php?rest_route=\/wp\/v2\/product\/517","targetHints":{"allow":["GET"]}}],"collection":[{"href":"https:\/\/www.ampipointservizimg.it\/index.php?rest_route=\/wp\/v2\/product"}],"about":[{"href":"https:\/\/www.ampipointservizimg.it\/index.php?rest_route=\/wp\/v2\/types\/product"}],"wp:featuredmedia":[{"embeddable":true,"href":"https:\/\/www.ampipointservizimg.it\/index.php?rest_route=\/wp\/v2\/media\/302"}],"wp:attachment":[{"href":"https:\/\/www.ampipointservizimg.it\/index.php?rest_route=%2Fwp%2Fv2%2Fmedia&parent=517"}],"wp:term":[{"taxonomy":"product_brand","embeddable":true,"href":"https:\/\/www.ampipointservizimg.it\/index.php?rest_route=%2Fwp%2Fv2%2Fproduct_brand&post=517"},{"taxonomy":"product_cat","embeddable":true,"href":"https:\/\/www.ampipointservizimg.it\/index.php?rest_route=%2Fwp%2Fv2%2Fproduct_cat&post=517"},{"taxonomy":"product_tag","embeddable":true,"href":"https:\/\/www.ampipointservizimg.it\/index.php?rest_route=%2Fwp%2Fv2%2Fproduct_tag&post=517"}],"curies":[{"name":"wp","href":"https:\/\/api.w.org\/{rel}","templated":true}]}}