{"id":525,"date":"2022-03-02T15:32:32","date_gmt":"2022-03-02T14:32:32","guid":{"rendered":"https:\/\/new.sviluppoqualita.it\/prodotto\/operatore-patronato\/"},"modified":"2025-07-08T23:16:07","modified_gmt":"2025-07-08T21:16:07","slug":"operatore-patronato","status":"publish","type":"product","link":"https:\/\/www.ampipointservizimg.it\/?product=operatore-patronato","title":{"rendered":"Operatore Patronato"},"content":{"rendered":"<table style=\"width: 57.2454%;\" width=\"827\">\n<tbody>\n<tr>\n<td style=\"width: 16.9082%;\" width=\"139\">Titolo<\/td>\n<td style=\"width: 58.2448%;\" width=\"557\">Operatore Patronato<\/td>\n<\/tr>\n<tr>\n<td style=\"width: 16.9082%;\" width=\"139\">Destinatari<\/td>\n<td style=\"width: 58.2448%; text-align: left;\" width=\"557\">Diplomati, laureati, liberi professionisti in materie economiche e fiscali che intendono acquisire competenze per operare in centri CAF e Patronato.<\/td>\n<\/tr>\n<tr>\n<td style=\"width: 16.9082%;\" width=\"139\">Obiettivi<\/td>\n<td style=\"width: 58.2448%; text-align: left;\" rowspan=\"3\" width=\"557\">L\u2019operatore di Patronato \u00e8 una figura che ha competenze specialistiche in materia di consulenza e assistenza fiscale finalizzate al conseguimento delle prestazioni socio- assistenziali e sanitarie incluse quelle che riguardano la sfera dell\u2019immigrazione e dell\u2019emigrazione. L\u2019obiettivo del corso \u00e8 quello di fornire le conoscenze per assistere gli utenti nello svolgimento di pratiche quali la pensione, compresa quella di inabilit\u00e0 o di invalidit\u00e0, gli assegni familiari, infortuni, malattie professionali o causa di servizio, le richieste di disoccupazione, i permessi di soggiorno.<\/td>\n<\/tr>\n<tr>\n<td style=\"width: 16.9082%;\">e<\/td>\n<\/tr>\n<tr>\n<td style=\"width: 16.9082%;\">Finalit\u00e0<\/td>\n<\/tr>\n<tr>\n<td style=\"width: 16.9082%;\" width=\"139\">Durata e modalit\u00e0<\/td>\n<td style=\"width: 58.2448%; text-align: left;\" width=\"557\">Il corso ha una durata di 24 ore e si svolge in modalit\u00e0 e-learning (FAD asincrona) con specifiche caratteristiche di qualit\u00e0 e certificazione delle sessioni di collegamento dei partecipanti.<br \/>\n(piattaforma e-learning http:\/\/gtcfad.it\/ )<\/td>\n<\/tr>\n<tr>\n<td style=\"width: 16.9082%;\"><\/td>\n<td style=\"width: 58.2448%; text-align: left;\">DISCIPLINE E CONTENUTI<\/td>\n<\/tr>\n<tr>\n<td style=\"width: 75.153%;\" colspan=\"2\" rowspan=\"7\" width=\"696\">Patronato: introduzione<br \/>\nCos&#8217;\u00e8 l&#8217;Inail<br \/>\nInterventi Inail Normativa Inail Invalidit\u00e0 Civile<br \/>\nPrestazioni a sostegno del reddito &#8211; Disoccupazione Prestazioni a sostegno del reddito &#8211; Maternit\u00e0 Maternit\u00e0 e Paternit\u00e0<br \/>\nPrestazioni a sostegno del reddito &#8211; Assegni Familiari<br \/>\nProgramma del\u00a0\u00a0\u00a0\u00a0\u00a0 \u00a0Prestazioni a sostegno del reddito &#8211; Bonus Beb\u00e8, Voucher Baby Sitting<br \/>\ncorso\u00a0\u00a0\u00a0\u00a0\u00a0\u00a0\u00a0\u00a0\u00a0\u00a0\u00a0\u00a0\u00a0 \u00a0Prestazioni a sostegno del reddito &#8211; Malattia<br \/>\nPensione<br \/>\nPensione Anticipata Pensione di vecchiaia Pensione di Inabilit\u00e0 Pensione ai superstiti Ricongiunzione di Contributi Pensione di Privilegio Pensione supplementare Disoccupazione Agricola NASPI<br \/>\nMobilit\u00e0<\/td>\n<\/tr>\n<tr>\n<td style=\"width: 75.153%;\" colspan=\"2\" width=\"827\"><\/td>\n<\/tr>\n<tr>\n<td style=\"width: 75.153%;\" colspan=\"2\" width=\"827\"><\/td>\n<\/tr>\n<tr>\n<td style=\"width: 16.9082%;\"><\/td>\n<td style=\"width: 58.2448%;\" width=\"557\">Mobilit\u00e0 in deroga Anticipazione naspi Anf 42 e ANF 43<br \/>\nSR 16<br \/>\nAssegno Minori concesso dai comuni<br \/>\nModello sr163<br \/>\nAssegno sociale di disoccupazione<br \/>\nImmigrazione<br \/>\nVademecum immigrazione<br \/>\nCompilazione richiesta permesso e carta di soggiorno<br \/>\nVademecum immigrazione enac<br \/>\nGuida Kit Immigrazione<br \/>\nModuli Immigrazione<\/p>\n<p style=\"text-align: left;\">DISPENSE Inail<br \/>\nInps<br \/>\nInpdap<br \/>\nLegge 152 2001<br \/>\nCircolare 30 marzo 2010<br \/>\nCircolare 28 giugno 2010<br \/>\nDecreto direttoriale del 4 giugno 2015<br \/>\nCircolare 5 giugno 2015<\/p>\n<\/td>\n<\/tr>\n<tr>\n<td style=\"width: 16.9082%;\" width=\"139\">Attestato Formativo Rilasciato<\/td>\n<td style=\"width: 58.2448%;\" width=\"557\">Attestato di Frequenza di \u201cOperatore Patronato\u201d di 24 ore rilasciato in formato pdf.<\/td>\n<\/tr>\n<\/tbody>\n<\/table>\n","protected":false},"excerpt":{"rendered":"<p>Titolo Operatore Patronato Destinatari Diplomati, laureati, liberi professionisti in materie economiche e fiscali che intendono acquisire competenze per operare in centri CAF e Patronato. Obiettivi L\u2019operatore di Patronato \u00e8 una figura che ha competenze specialistiche in materia di consulenza e assistenza fiscale finalizzate al conseguimento delle prestazioni socio- assistenziali e sanitarie incluse quelle che riguardano la sfera dell\u2019immigrazione e dell\u2019emigrazione. [&hellip;]<\/p>\n","protected":false},"featured_media":513,"template":"","meta":[],"product_brand":[],"product_cat":[120,917],"product_tag":[357,85],"class_list":{"0":"post-525","1":"product","2":"type-product","3":"status-publish","4":"has-post-thumbnail","6":"product_cat-formazione-altri-corsi","7":"product_cat-corsi-fad","8":"product_tag-altri-corsi","9":"product_tag-corso-24-ore","11":"first","12":"instock","13":"taxable","14":"shipping-taxable","15":"purchasable","16":"product-type-simple"},"yoast_head":"<!-- This site is optimized with the Yoast SEO plugin v25.4 - https:\/\/yoast.com\/wordpress\/plugins\/seo\/ -->\n<title>Operatore Patronato - Ampi Point Servizi emmegi<\/title>\n<meta name=\"robots\" content=\"index, follow, max-snippet:-1, max-image-preview:large, max-video-preview:-1\" \/>\n<link rel=\"canonical\" href=\"https:\/\/www.ampipointservizimg.it\/?product=operatore-patronato\" \/>\n<meta property=\"og:locale\" content=\"it_IT\" \/>\n<meta property=\"og:type\" content=\"article\" \/>\n<meta property=\"og:title\" content=\"Operatore Patronato - Ampi Point Servizi emmegi\" \/>\n<meta property=\"og:description\" content=\"Titolo Operatore Patronato Destinatari Diplomati, laureati, liberi professionisti in materie economiche e fiscali che intendono acquisire competenze per operare in centri CAF e Patronato. Obiettivi L\u2019operatore di Patronato \u00e8 una figura che ha competenze specialistiche in materia di consulenza e assistenza fiscale finalizzate al conseguimento delle prestazioni socio- assistenziali e sanitarie incluse quelle che riguardano la sfera dell\u2019immigrazione e dell\u2019emigrazione. [&hellip;]\" \/>\n<meta property=\"og:url\" content=\"https:\/\/www.ampipointservizimg.it\/?product=operatore-patronato\" \/>\n<meta property=\"og:site_name\" content=\"Ampi Point Servizi emmegi\" \/>\n<meta property=\"article:modified_time\" content=\"2025-07-08T21:16:07+00:00\" \/>\n<meta property=\"og:image\" content=\"https:\/\/www.ampipointservizimg.it\/wp-content\/uploads\/2022\/03\/operatore_caf_.jpg\" \/>\n\t<meta property=\"og:image:width\" content=\"300\" \/>\n\t<meta property=\"og:image:height\" content=\"300\" \/>\n\t<meta property=\"og:image:type\" content=\"image\/jpeg\" \/>\n<meta name=\"twitter:card\" content=\"summary_large_image\" \/>\n<meta name=\"twitter:label1\" content=\"Tempo di lettura stimato\" \/>\n\t<meta name=\"twitter:data1\" content=\"2 minuti\" \/>\n<script type=\"application\/ld+json\" class=\"yoast-schema-graph\">{\"@context\":\"https:\/\/schema.org\",\"@graph\":[{\"@type\":\"WebPage\",\"@id\":\"https:\/\/www.ampipointservizimg.it\/?product=operatore-patronato\",\"url\":\"https:\/\/www.ampipointservizimg.it\/?product=operatore-patronato\",\"name\":\"Operatore Patronato - Ampi Point Servizi emmegi\",\"isPartOf\":{\"@id\":\"https:\/\/www.ampipointservizimg.it\/#website\"},\"primaryImageOfPage\":{\"@id\":\"https:\/\/www.ampipointservizimg.it\/?product=operatore-patronato#primaryimage\"},\"image\":{\"@id\":\"https:\/\/www.ampipointservizimg.it\/?product=operatore-patronato#primaryimage\"},\"thumbnailUrl\":\"https:\/\/www.ampipointservizimg.it\/wp-content\/uploads\/2022\/03\/operatore_caf_.jpg\",\"datePublished\":\"2022-03-02T14:32:32+00:00\",\"dateModified\":\"2025-07-08T21:16:07+00:00\",\"breadcrumb\":{\"@id\":\"https:\/\/www.ampipointservizimg.it\/?product=operatore-patronato#breadcrumb\"},\"inLanguage\":\"it-IT\",\"potentialAction\":[{\"@type\":\"ReadAction\",\"target\":[\"https:\/\/www.ampipointservizimg.it\/?product=operatore-patronato\"]}]},{\"@type\":\"ImageObject\",\"inLanguage\":\"it-IT\",\"@id\":\"https:\/\/www.ampipointservizimg.it\/?product=operatore-patronato#primaryimage\",\"url\":\"https:\/\/www.ampipointservizimg.it\/wp-content\/uploads\/2022\/03\/operatore_caf_.jpg\",\"contentUrl\":\"https:\/\/www.ampipointservizimg.it\/wp-content\/uploads\/2022\/03\/operatore_caf_.jpg\",\"width\":300,\"height\":300},{\"@type\":\"BreadcrumbList\",\"@id\":\"https:\/\/www.ampipointservizimg.it\/?product=operatore-patronato#breadcrumb\",\"itemListElement\":[{\"@type\":\"ListItem\",\"position\":1,\"name\":\"Home\",\"item\":\"https:\/\/www.ampipointservizimg.it\/\"},{\"@type\":\"ListItem\",\"position\":2,\"name\":\"Shop\",\"item\":\"https:\/\/www.ampipointservizimg.it\/?page_id=91\"},{\"@type\":\"ListItem\",\"position\":3,\"name\":\"Operatore Patronato\"}]},{\"@type\":\"WebSite\",\"@id\":\"https:\/\/www.ampipointservizimg.it\/#website\",\"url\":\"https:\/\/www.ampipointservizimg.it\/\",\"name\":\"Ampi Point Servizi emmegi\",\"description\":\"\",\"publisher\":{\"@id\":\"https:\/\/www.ampipointservizimg.it\/#organization\"},\"potentialAction\":[{\"@type\":\"SearchAction\",\"target\":{\"@type\":\"EntryPoint\",\"urlTemplate\":\"https:\/\/www.ampipointservizimg.it\/?s={search_term_string}\"},\"query-input\":{\"@type\":\"PropertyValueSpecification\",\"valueRequired\":true,\"valueName\":\"search_term_string\"}}],\"inLanguage\":\"it-IT\"},{\"@type\":\"Organization\",\"@id\":\"https:\/\/www.ampipointservizimg.it\/#organization\",\"name\":\"Sviluppo Qualit\u00e0\",\"alternateName\":\"Sviluppo Qualit\u00e0\",\"url\":\"https:\/\/www.ampipointservizimg.it\/\",\"logo\":{\"@type\":\"ImageObject\",\"inLanguage\":\"it-IT\",\"@id\":\"https:\/\/www.ampipointservizimg.it\/#\/schema\/logo\/image\/\",\"url\":\"https:\/\/www.ampipointservizimg.it\/wp-content\/uploads\/2025\/06\/cropped-logo_con_ampi-1.png\",\"contentUrl\":\"https:\/\/www.ampipointservizimg.it\/wp-content\/uploads\/2025\/06\/cropped-logo_con_ampi-1.png\",\"width\":2269,\"height\":544,\"caption\":\"Sviluppo Qualit\u00e0\"},\"image\":{\"@id\":\"https:\/\/www.ampipointservizimg.it\/#\/schema\/logo\/image\/\"}}]}<\/script>\n<!-- \/ Yoast SEO plugin. -->","yoast_head_json":{"title":"Operatore Patronato - Ampi Point Servizi emmegi","robots":{"index":"index","follow":"follow","max-snippet":"max-snippet:-1","max-image-preview":"max-image-preview:large","max-video-preview":"max-video-preview:-1"},"canonical":"https:\/\/www.ampipointservizimg.it\/?product=operatore-patronato","og_locale":"it_IT","og_type":"article","og_title":"Operatore Patronato - Ampi Point Servizi emmegi","og_description":"Titolo Operatore Patronato Destinatari Diplomati, laureati, liberi professionisti in materie economiche e fiscali che intendono acquisire competenze per operare in centri CAF e Patronato. Obiettivi L\u2019operatore di Patronato \u00e8 una figura che ha competenze specialistiche in materia di consulenza e assistenza fiscale finalizzate al conseguimento delle prestazioni socio- assistenziali e sanitarie incluse quelle che riguardano la sfera dell\u2019immigrazione e dell\u2019emigrazione. [&hellip;]","og_url":"https:\/\/www.ampipointservizimg.it\/?product=operatore-patronato","og_site_name":"Ampi Point Servizi emmegi","article_modified_time":"2025-07-08T21:16:07+00:00","og_image":[{"width":300,"height":300,"url":"https:\/\/www.ampipointservizimg.it\/wp-content\/uploads\/2022\/03\/operatore_caf_.jpg","type":"image\/jpeg"}],"twitter_card":"summary_large_image","twitter_misc":{"Tempo di lettura stimato":"2 minuti"},"schema":{"@context":"https:\/\/schema.org","@graph":[{"@type":"WebPage","@id":"https:\/\/www.ampipointservizimg.it\/?product=operatore-patronato","url":"https:\/\/www.ampipointservizimg.it\/?product=operatore-patronato","name":"Operatore Patronato - Ampi Point Servizi emmegi","isPartOf":{"@id":"https:\/\/www.ampipointservizimg.it\/#website"},"primaryImageOfPage":{"@id":"https:\/\/www.ampipointservizimg.it\/?product=operatore-patronato#primaryimage"},"image":{"@id":"https:\/\/www.ampipointservizimg.it\/?product=operatore-patronato#primaryimage"},"thumbnailUrl":"https:\/\/www.ampipointservizimg.it\/wp-content\/uploads\/2022\/03\/operatore_caf_.jpg","datePublished":"2022-03-02T14:32:32+00:00","dateModified":"2025-07-08T21:16:07+00:00","breadcrumb":{"@id":"https:\/\/www.ampipointservizimg.it\/?product=operatore-patronato#breadcrumb"},"inLanguage":"it-IT","potentialAction":[{"@type":"ReadAction","target":["https:\/\/www.ampipointservizimg.it\/?product=operatore-patronato"]}]},{"@type":"ImageObject","inLanguage":"it-IT","@id":"https:\/\/www.ampipointservizimg.it\/?product=operatore-patronato#primaryimage","url":"https:\/\/www.ampipointservizimg.it\/wp-content\/uploads\/2022\/03\/operatore_caf_.jpg","contentUrl":"https:\/\/www.ampipointservizimg.it\/wp-content\/uploads\/2022\/03\/operatore_caf_.jpg","width":300,"height":300},{"@type":"BreadcrumbList","@id":"https:\/\/www.ampipointservizimg.it\/?product=operatore-patronato#breadcrumb","itemListElement":[{"@type":"ListItem","position":1,"name":"Home","item":"https:\/\/www.ampipointservizimg.it\/"},{"@type":"ListItem","position":2,"name":"Shop","item":"https:\/\/www.ampipointservizimg.it\/?page_id=91"},{"@type":"ListItem","position":3,"name":"Operatore Patronato"}]},{"@type":"WebSite","@id":"https:\/\/www.ampipointservizimg.it\/#website","url":"https:\/\/www.ampipointservizimg.it\/","name":"Ampi Point Servizi emmegi","description":"","publisher":{"@id":"https:\/\/www.ampipointservizimg.it\/#organization"},"potentialAction":[{"@type":"SearchAction","target":{"@type":"EntryPoint","urlTemplate":"https:\/\/www.ampipointservizimg.it\/?s={search_term_string}"},"query-input":{"@type":"PropertyValueSpecification","valueRequired":true,"valueName":"search_term_string"}}],"inLanguage":"it-IT"},{"@type":"Organization","@id":"https:\/\/www.ampipointservizimg.it\/#organization","name":"Sviluppo Qualit\u00e0","alternateName":"Sviluppo Qualit\u00e0","url":"https:\/\/www.ampipointservizimg.it\/","logo":{"@type":"ImageObject","inLanguage":"it-IT","@id":"https:\/\/www.ampipointservizimg.it\/#\/schema\/logo\/image\/","url":"https:\/\/www.ampipointservizimg.it\/wp-content\/uploads\/2025\/06\/cropped-logo_con_ampi-1.png","contentUrl":"https:\/\/www.ampipointservizimg.it\/wp-content\/uploads\/2025\/06\/cropped-logo_con_ampi-1.png","width":2269,"height":544,"caption":"Sviluppo Qualit\u00e0"},"image":{"@id":"https:\/\/www.ampipointservizimg.it\/#\/schema\/logo\/image\/"}}]}},"_links":{"self":[{"href":"https:\/\/www.ampipointservizimg.it\/index.php?rest_route=\/wp\/v2\/product\/525","targetHints":{"allow":["GET"]}}],"collection":[{"href":"https:\/\/www.ampipointservizimg.it\/index.php?rest_route=\/wp\/v2\/product"}],"about":[{"href":"https:\/\/www.ampipointservizimg.it\/index.php?rest_route=\/wp\/v2\/types\/product"}],"wp:featuredmedia":[{"embeddable":true,"href":"https:\/\/www.ampipointservizimg.it\/index.php?rest_route=\/wp\/v2\/media\/513"}],"wp:attachment":[{"href":"https:\/\/www.ampipointservizimg.it\/index.php?rest_route=%2Fwp%2Fv2%2Fmedia&parent=525"}],"wp:term":[{"taxonomy":"product_brand","embeddable":true,"href":"https:\/\/www.ampipointservizimg.it\/index.php?rest_route=%2Fwp%2Fv2%2Fproduct_brand&post=525"},{"taxonomy":"product_cat","embeddable":true,"href":"https:\/\/www.ampipointservizimg.it\/index.php?rest_route=%2Fwp%2Fv2%2Fproduct_cat&post=525"},{"taxonomy":"product_tag","embeddable":true,"href":"https:\/\/www.ampipointservizimg.it\/index.php?rest_route=%2Fwp%2Fv2%2Fproduct_tag&post=525"}],"curies":[{"name":"wp","href":"https:\/\/api.w.org\/{rel}","templated":true}]}}