{"id":563,"date":"2022-03-02T15:43:09","date_gmt":"2022-03-02T14:43:09","guid":{"rendered":"https:\/\/new.sviluppoqualita.it\/prodotto\/formatore-della-sicurezza-sul-lavoro\/"},"modified":"2025-07-08T23:16:06","modified_gmt":"2025-07-08T21:16:06","slug":"formatore-della-sicurezza-sul-lavoro","status":"publish","type":"product","link":"https:\/\/www.ampipointservizimg.it\/?product=formatore-della-sicurezza-sul-lavoro","title":{"rendered":"FSL \u2013 Esperto Formatore per la Sicurezza sul Lavoro 24h"},"content":{"rendered":"<table style=\"padding-left: 4pt; text-indent: 0pt; text-align: left; font-size: 20px;\" cellspacing=\"0\">\n<tbody>\n<tr>\n<td width=\"253\">Titolo<\/td>\n<td width=\"1252\">Formatore per la <a href=\"https:\/\/shop.networkgtc.it\/product-category\/formazione\/formazione-corsi-qualificati-aisf\/\">Sicurezza sul Lavoro<\/a> (FSL) \u2013 D.I. 06\/03\/2013.<\/td>\n<\/tr>\n<tr>\n<td>Destinatari<\/td>\n<td>Datori di lavoro, responsabili del servizio di prevenzione e protezione, preposti, dirigenti o rappresentanti dei lavoratori, o altri soggetti individuati dalla Legge nell\u2019ambito del sistema aziendale di gestione della sicurezza, e tutti coloro che vogliono essere in grado di sviluppare competenze innovative e acquisire le capacit\u00e0 professionali necessarie ad erogare e gestire la formazione in materia di salute e sicurezza sui luoghi di lavoro.<\/td>\n<\/tr>\n<tr>\n<td>Obiettivi e finalit\u00e0<\/td>\n<td>Il corso si propone di fornire le competenze necessarie per la figura Formatore per la Sicurezza sul Lavoro.<\/p>\n<p>Pertanto gli obiettivi del corso sono:<\/p>\n<p>&#8211; Conoscenza e comprensione degli argomenti oggetto del corso;<\/p>\n<p>&#8211; Acquisizione di conoscenze, abilit\u00e0 e caratteristiche professionali per la figura formatore sulla salute e sicurezza dei lavoratori.<\/p>\n<p>Il Formatore per la Sicurezza sul Lavoro (FSL) \u00e8 una persona che ha le conoscenze, l\u2019esperienza e la capacit\u00e0 necessarie per poter effettuare la formazione e la gestione dei processi di apprendimento nell\u2019ambito della Sicurezza sul Lavoro cos\u00ec come disciplinato dal D. Lgs. 81\/08 e s.m.i.<\/td>\n<\/tr>\n<tr>\n<td>Normativa di riferimento<\/td>\n<td>&#8211; D. lgs. 81\/08 e s.m.i.<\/p>\n<p>&#8211; Accordo Stato \u2013 Regioni del 21\/12\/2011;<\/p>\n<p>&#8211; D. M. del 06\/03\/2013.<\/p>\n<p>&#8211; Accordo Stato \u2013 Regioni del 07\/07\/2016.<\/td>\n<\/tr>\n<tr>\n<td>Requisiti di ammissione<\/td>\n<td>Requisiti dei partecipanti per l\u2019accesso al corso:<\/p>\n<p>&#8211; diploma di scuola secondaria di secondo grado;<\/p>\n<p>&#8211; conoscenza in materia di salute e sicurezza nei luoghi di lavoro (D. Lgs. 81\/08).<\/td>\n<\/tr>\n<tr>\n<td>Durata<\/td>\n<td>Il corso ha una durata di 24 ore erogabile completamente in modalit\u00e0 e-learning (LMS) Learning Management System, in grado di monitorare e di certificare lo svolgimento, la tracciabilit\u00e0 e il completamento delle attivit\u00e0 didattiche di ciascun utente.<\/td>\n<\/tr>\n<tr>\n<td>Programma<\/td>\n<td>Programma del corso MODULO 1. La Comunicazione: definizioni ed aspetti storici<\/p>\n<p>&#8211; Aspetti Storici<\/p>\n<p>&#8211; Comunicazione e Tecnologia<\/p>\n<p>&#8211; La comunicazione come bisogno primordiale<\/p>\n<p>&#8211; La comunicazione come processo di trasferimento delle informazioni<\/p>\n<p>&#8211; La comunicazione in materia di salute e sicurezza nei luoghi di lavoro<\/p>\n<p>&#8211; Linguaggio come mezzo di comunicazione<\/p>\n<p>&#8211; Valore della comunicazione nelle attivit\u00e0 umane<\/p>\n<p>Programma del corso<\/p>\n<p>&nbsp;<\/p>\n<p>MODULO 2. Tecniche di comunicazione e sicurezza sul lavoro<\/p>\n<p>&#8211; Ascolto e Dialogo<\/p>\n<p>&#8211; Gli aspetti di incomprensione nella comunicazione<\/p>\n<p>&#8211; Gli attori della comunicazione<\/p>\n<p>&#8211; Il contesto ambientale e le personalit\u00e0 individuali<\/p>\n<p>&#8211; La percezione del proprio punto di vista e di quello altrui<\/p>\n<p>&#8211; Tecniche di comunicazione in tema di sicurezza lavoro<\/p>\n<p>&nbsp;<\/p>\n<p>MODULO 3. La Comunicazione: modalit\u00e0 e Strumenti<\/p>\n<p>&#8211; Faq<\/p>\n<p>&#8211; Forum<\/p>\n<p>&#8211; Il chatting<\/p>\n<p>&#8211; La comunicazione verbale<\/p>\n<p>&#8211; La posta elettronica<\/p>\n<p>&#8211; La videocomunicazionev<\/p>\n<p>&#8211; Le mailing list<\/p>\n<p>&#8211; Strumenti per la comunicazione<\/p>\n<p>&nbsp;<\/p>\n<p>MODULO 4. Comunicazione e Gestione<\/p>\n<p>&#8211; Formazione e piani di formazione<\/p>\n<p>&#8211; La comunicazione integrata interna ed esterna<\/p>\n<p>&#8211; La gestione della comunicazione e della documentazione<\/p>\n<p>&#8211; prevenzione rischi infortuni<\/p>\n<p>&#8211; Segnaletica<\/p>\n<p>&#8211; Valutazione dei rischi<\/p>\n<p>&nbsp;<\/p>\n<p>MODULO 5. Comunicazione e partecipazione in materia di sicurezza<\/p>\n<p>&#8211; Accordo Stato regioni 2012<\/p>\n<p>&#8211; Comunicazione, Partecipazione e Consulenza<\/p>\n<p>&#8211; Le risultanze della partecipazione<\/p>\n<p>&#8211; Ruolo dell&#8217;informazione e della formazione<\/p>\n<p>&nbsp;<\/p>\n<p>MODULO 6. Comunicazione e formazione<\/p>\n<p>&#8211; Comunicazione e organizzazione<\/p>\n<p>&#8211; I modelli di organizzazione e gestione<\/p>\n<p>&#8211; La comunicazione e-learning FAD<\/td>\n<\/tr>\n<tr>\n<td>Valutazione<\/td>\n<td>La verifica dell\u2019apprendimento \u00e8 svolta mediante test, somministrabili anche in itinere, per un totale minimo di 30 domande, ciascuna con almeno 3 risposte alternative.<\/td>\n<\/tr>\n<tr>\n<td>Attestato formativo rilasciato<\/td>\n<td>Attestato di frequenza del corso di Formatore per la Salute e Sicurezza sul Lavoro valido ai fini del soddisfacimento dei criteri previsti per la qualificazione del formatore-docente in materia di salute e sicurezza sul lavoro \u2013 D. M. del 06-03-2013 in attuazione dell\u2019art.6, comma 8, lett.m-bis del D.Lgs.81\/2008.<\/td>\n<\/tr>\n<\/tbody>\n<\/table>\n<div id=\"div-scarica-scheda-tecnica\" style=\"text-align: center; padding: 7px; color: white; padding-top: 10px;\"><!-- blu 094775 rosso d1222b --> <a style=\"padding: 10px; border: 1px solid #dddddd; background-color: #d1222b; color: white;\" href=\"https:\/\/www.networkgtc.it\/wp-content\/uploads\/2019\/07\/FSL-24-ore.pdf\" target=\"_blank\" rel=\"noopener noreferrer\"> <i class=\"fa fa-file-pdf-o\" style=\"padding-left: 5px; ;color: white;\"><\/i> \u00a0 <span style=\"border-left: 1px solid white;\"> \u00a0 Visualizza Scheda Tecnica in PDF<\/span><\/a><\/div>\n","protected":false},"excerpt":{"rendered":"<p>Il corso si propone di fornire le competenze necessarie per la figura dell\u2019Formatore della Sicurezza sul Lavoro<\/p>\n","protected":false},"featured_media":484,"template":"","meta":[],"product_brand":[],"product_cat":[917,734],"product_tag":[75,85],"class_list":{"0":"post-563","1":"product","2":"type-product","3":"status-publish","4":"has-post-thumbnail","6":"product_cat-corsi-fad","7":"product_cat-corsi-professionali","8":"product_tag-corsi-qualificati-aisf","9":"product_tag-corso-24-ore","11":"first","12":"instock","13":"taxable","14":"shipping-taxable","15":"purchasable","16":"product-type-simple"},"yoast_head":"<!-- This site is optimized with the Yoast SEO plugin v25.4 - https:\/\/yoast.com\/wordpress\/plugins\/seo\/ -->\n<title>FSL \u2013 Esperto Formatore per la Sicurezza sul Lavoro 24h - Ampi Point Servizi emmegi<\/title>\n<meta name=\"robots\" content=\"index, follow, max-snippet:-1, max-image-preview:large, max-video-preview:-1\" \/>\n<link rel=\"canonical\" href=\"https:\/\/www.ampipointservizimg.it\/?product=formatore-della-sicurezza-sul-lavoro\" \/>\n<meta property=\"og:locale\" content=\"it_IT\" \/>\n<meta property=\"og:type\" content=\"article\" \/>\n<meta property=\"og:title\" content=\"FSL \u2013 Esperto Formatore per la Sicurezza sul Lavoro 24h - Ampi Point Servizi emmegi\" \/>\n<meta property=\"og:description\" content=\"Il corso si propone di fornire le competenze necessarie per la figura dell\u2019Formatore della Sicurezza sul Lavoro\" \/>\n<meta property=\"og:url\" content=\"https:\/\/www.ampipointservizimg.it\/?product=formatore-della-sicurezza-sul-lavoro\" \/>\n<meta property=\"og:site_name\" content=\"Ampi Point Servizi emmegi\" \/>\n<meta property=\"article:modified_time\" content=\"2025-07-08T21:16:06+00:00\" \/>\n<meta property=\"og:image\" content=\"https:\/\/www.ampipointservizimg.it\/wp-content\/uploads\/2022\/03\/FSL-\u2013-Esperto-Formatore-per-la-Sicurezza-2_icon.jpg\" \/>\n\t<meta property=\"og:image:width\" content=\"300\" \/>\n\t<meta property=\"og:image:height\" content=\"300\" \/>\n\t<meta property=\"og:image:type\" content=\"image\/jpeg\" \/>\n<meta name=\"twitter:card\" content=\"summary_large_image\" \/>\n<meta name=\"twitter:label1\" content=\"Tempo di lettura stimato\" \/>\n\t<meta name=\"twitter:data1\" content=\"4 minuti\" \/>\n<script type=\"application\/ld+json\" class=\"yoast-schema-graph\">{\"@context\":\"https:\/\/schema.org\",\"@graph\":[{\"@type\":\"WebPage\",\"@id\":\"https:\/\/www.ampipointservizimg.it\/?product=formatore-della-sicurezza-sul-lavoro\",\"url\":\"https:\/\/www.ampipointservizimg.it\/?product=formatore-della-sicurezza-sul-lavoro\",\"name\":\"FSL \u2013 Esperto Formatore per la Sicurezza sul Lavoro 24h - Ampi Point Servizi emmegi\",\"isPartOf\":{\"@id\":\"https:\/\/www.ampipointservizimg.it\/#website\"},\"primaryImageOfPage\":{\"@id\":\"https:\/\/www.ampipointservizimg.it\/?product=formatore-della-sicurezza-sul-lavoro#primaryimage\"},\"image\":{\"@id\":\"https:\/\/www.ampipointservizimg.it\/?product=formatore-della-sicurezza-sul-lavoro#primaryimage\"},\"thumbnailUrl\":\"https:\/\/www.ampipointservizimg.it\/wp-content\/uploads\/2022\/03\/FSL-\u2013-Esperto-Formatore-per-la-Sicurezza-2_icon.jpg\",\"datePublished\":\"2022-03-02T14:43:09+00:00\",\"dateModified\":\"2025-07-08T21:16:06+00:00\",\"breadcrumb\":{\"@id\":\"https:\/\/www.ampipointservizimg.it\/?product=formatore-della-sicurezza-sul-lavoro#breadcrumb\"},\"inLanguage\":\"it-IT\",\"potentialAction\":[{\"@type\":\"ReadAction\",\"target\":[\"https:\/\/www.ampipointservizimg.it\/?product=formatore-della-sicurezza-sul-lavoro\"]}]},{\"@type\":\"ImageObject\",\"inLanguage\":\"it-IT\",\"@id\":\"https:\/\/www.ampipointservizimg.it\/?product=formatore-della-sicurezza-sul-lavoro#primaryimage\",\"url\":\"https:\/\/www.ampipointservizimg.it\/wp-content\/uploads\/2022\/03\/FSL-\u2013-Esperto-Formatore-per-la-Sicurezza-2_icon.jpg\",\"contentUrl\":\"https:\/\/www.ampipointservizimg.it\/wp-content\/uploads\/2022\/03\/FSL-\u2013-Esperto-Formatore-per-la-Sicurezza-2_icon.jpg\",\"width\":300,\"height\":300},{\"@type\":\"BreadcrumbList\",\"@id\":\"https:\/\/www.ampipointservizimg.it\/?product=formatore-della-sicurezza-sul-lavoro#breadcrumb\",\"itemListElement\":[{\"@type\":\"ListItem\",\"position\":1,\"name\":\"Home\",\"item\":\"https:\/\/www.ampipointservizimg.it\/\"},{\"@type\":\"ListItem\",\"position\":2,\"name\":\"Shop\",\"item\":\"https:\/\/www.ampipointservizimg.it\/?page_id=91\"},{\"@type\":\"ListItem\",\"position\":3,\"name\":\"FSL \u2013 Esperto Formatore per la Sicurezza sul Lavoro 24h\"}]},{\"@type\":\"WebSite\",\"@id\":\"https:\/\/www.ampipointservizimg.it\/#website\",\"url\":\"https:\/\/www.ampipointservizimg.it\/\",\"name\":\"Ampi Point Servizi emmegi\",\"description\":\"\",\"publisher\":{\"@id\":\"https:\/\/www.ampipointservizimg.it\/#organization\"},\"potentialAction\":[{\"@type\":\"SearchAction\",\"target\":{\"@type\":\"EntryPoint\",\"urlTemplate\":\"https:\/\/www.ampipointservizimg.it\/?s={search_term_string}\"},\"query-input\":{\"@type\":\"PropertyValueSpecification\",\"valueRequired\":true,\"valueName\":\"search_term_string\"}}],\"inLanguage\":\"it-IT\"},{\"@type\":\"Organization\",\"@id\":\"https:\/\/www.ampipointservizimg.it\/#organization\",\"name\":\"Sviluppo Qualit\u00e0\",\"alternateName\":\"Sviluppo Qualit\u00e0\",\"url\":\"https:\/\/www.ampipointservizimg.it\/\",\"logo\":{\"@type\":\"ImageObject\",\"inLanguage\":\"it-IT\",\"@id\":\"https:\/\/www.ampipointservizimg.it\/#\/schema\/logo\/image\/\",\"url\":\"https:\/\/www.ampipointservizimg.it\/wp-content\/uploads\/2025\/06\/cropped-logo_con_ampi-1.png\",\"contentUrl\":\"https:\/\/www.ampipointservizimg.it\/wp-content\/uploads\/2025\/06\/cropped-logo_con_ampi-1.png\",\"width\":2269,\"height\":544,\"caption\":\"Sviluppo Qualit\u00e0\"},\"image\":{\"@id\":\"https:\/\/www.ampipointservizimg.it\/#\/schema\/logo\/image\/\"}}]}<\/script>\n<!-- \/ Yoast SEO plugin. -->","yoast_head_json":{"title":"FSL \u2013 Esperto Formatore per la Sicurezza sul Lavoro 24h - Ampi Point Servizi emmegi","robots":{"index":"index","follow":"follow","max-snippet":"max-snippet:-1","max-image-preview":"max-image-preview:large","max-video-preview":"max-video-preview:-1"},"canonical":"https:\/\/www.ampipointservizimg.it\/?product=formatore-della-sicurezza-sul-lavoro","og_locale":"it_IT","og_type":"article","og_title":"FSL \u2013 Esperto Formatore per la Sicurezza sul Lavoro 24h - Ampi Point Servizi emmegi","og_description":"Il corso si propone di fornire le competenze necessarie per la figura dell\u2019Formatore della Sicurezza sul Lavoro","og_url":"https:\/\/www.ampipointservizimg.it\/?product=formatore-della-sicurezza-sul-lavoro","og_site_name":"Ampi Point Servizi emmegi","article_modified_time":"2025-07-08T21:16:06+00:00","og_image":[{"width":300,"height":300,"url":"https:\/\/www.ampipointservizimg.it\/wp-content\/uploads\/2022\/03\/FSL-\u2013-Esperto-Formatore-per-la-Sicurezza-2_icon.jpg","type":"image\/jpeg"}],"twitter_card":"summary_large_image","twitter_misc":{"Tempo di lettura stimato":"4 minuti"},"schema":{"@context":"https:\/\/schema.org","@graph":[{"@type":"WebPage","@id":"https:\/\/www.ampipointservizimg.it\/?product=formatore-della-sicurezza-sul-lavoro","url":"https:\/\/www.ampipointservizimg.it\/?product=formatore-della-sicurezza-sul-lavoro","name":"FSL \u2013 Esperto Formatore per la Sicurezza sul Lavoro 24h - Ampi Point Servizi emmegi","isPartOf":{"@id":"https:\/\/www.ampipointservizimg.it\/#website"},"primaryImageOfPage":{"@id":"https:\/\/www.ampipointservizimg.it\/?product=formatore-della-sicurezza-sul-lavoro#primaryimage"},"image":{"@id":"https:\/\/www.ampipointservizimg.it\/?product=formatore-della-sicurezza-sul-lavoro#primaryimage"},"thumbnailUrl":"https:\/\/www.ampipointservizimg.it\/wp-content\/uploads\/2022\/03\/FSL-\u2013-Esperto-Formatore-per-la-Sicurezza-2_icon.jpg","datePublished":"2022-03-02T14:43:09+00:00","dateModified":"2025-07-08T21:16:06+00:00","breadcrumb":{"@id":"https:\/\/www.ampipointservizimg.it\/?product=formatore-della-sicurezza-sul-lavoro#breadcrumb"},"inLanguage":"it-IT","potentialAction":[{"@type":"ReadAction","target":["https:\/\/www.ampipointservizimg.it\/?product=formatore-della-sicurezza-sul-lavoro"]}]},{"@type":"ImageObject","inLanguage":"it-IT","@id":"https:\/\/www.ampipointservizimg.it\/?product=formatore-della-sicurezza-sul-lavoro#primaryimage","url":"https:\/\/www.ampipointservizimg.it\/wp-content\/uploads\/2022\/03\/FSL-\u2013-Esperto-Formatore-per-la-Sicurezza-2_icon.jpg","contentUrl":"https:\/\/www.ampipointservizimg.it\/wp-content\/uploads\/2022\/03\/FSL-\u2013-Esperto-Formatore-per-la-Sicurezza-2_icon.jpg","width":300,"height":300},{"@type":"BreadcrumbList","@id":"https:\/\/www.ampipointservizimg.it\/?product=formatore-della-sicurezza-sul-lavoro#breadcrumb","itemListElement":[{"@type":"ListItem","position":1,"name":"Home","item":"https:\/\/www.ampipointservizimg.it\/"},{"@type":"ListItem","position":2,"name":"Shop","item":"https:\/\/www.ampipointservizimg.it\/?page_id=91"},{"@type":"ListItem","position":3,"name":"FSL \u2013 Esperto Formatore per la Sicurezza sul Lavoro 24h"}]},{"@type":"WebSite","@id":"https:\/\/www.ampipointservizimg.it\/#website","url":"https:\/\/www.ampipointservizimg.it\/","name":"Ampi Point Servizi emmegi","description":"","publisher":{"@id":"https:\/\/www.ampipointservizimg.it\/#organization"},"potentialAction":[{"@type":"SearchAction","target":{"@type":"EntryPoint","urlTemplate":"https:\/\/www.ampipointservizimg.it\/?s={search_term_string}"},"query-input":{"@type":"PropertyValueSpecification","valueRequired":true,"valueName":"search_term_string"}}],"inLanguage":"it-IT"},{"@type":"Organization","@id":"https:\/\/www.ampipointservizimg.it\/#organization","name":"Sviluppo Qualit\u00e0","alternateName":"Sviluppo Qualit\u00e0","url":"https:\/\/www.ampipointservizimg.it\/","logo":{"@type":"ImageObject","inLanguage":"it-IT","@id":"https:\/\/www.ampipointservizimg.it\/#\/schema\/logo\/image\/","url":"https:\/\/www.ampipointservizimg.it\/wp-content\/uploads\/2025\/06\/cropped-logo_con_ampi-1.png","contentUrl":"https:\/\/www.ampipointservizimg.it\/wp-content\/uploads\/2025\/06\/cropped-logo_con_ampi-1.png","width":2269,"height":544,"caption":"Sviluppo Qualit\u00e0"},"image":{"@id":"https:\/\/www.ampipointservizimg.it\/#\/schema\/logo\/image\/"}}]}},"_links":{"self":[{"href":"https:\/\/www.ampipointservizimg.it\/index.php?rest_route=\/wp\/v2\/product\/563","targetHints":{"allow":["GET"]}}],"collection":[{"href":"https:\/\/www.ampipointservizimg.it\/index.php?rest_route=\/wp\/v2\/product"}],"about":[{"href":"https:\/\/www.ampipointservizimg.it\/index.php?rest_route=\/wp\/v2\/types\/product"}],"wp:featuredmedia":[{"embeddable":true,"href":"https:\/\/www.ampipointservizimg.it\/index.php?rest_route=\/wp\/v2\/media\/484"}],"wp:attachment":[{"href":"https:\/\/www.ampipointservizimg.it\/index.php?rest_route=%2Fwp%2Fv2%2Fmedia&parent=563"}],"wp:term":[{"taxonomy":"product_brand","embeddable":true,"href":"https:\/\/www.ampipointservizimg.it\/index.php?rest_route=%2Fwp%2Fv2%2Fproduct_brand&post=563"},{"taxonomy":"product_cat","embeddable":true,"href":"https:\/\/www.ampipointservizimg.it\/index.php?rest_route=%2Fwp%2Fv2%2Fproduct_cat&post=563"},{"taxonomy":"product_tag","embeddable":true,"href":"https:\/\/www.ampipointservizimg.it\/index.php?rest_route=%2Fwp%2Fv2%2Fproduct_tag&post=563"}],"curies":[{"name":"wp","href":"https:\/\/api.w.org\/{rel}","templated":true}]}}