{"id":577,"date":"2022-03-02T15:47:26","date_gmt":"2022-03-02T14:47:26","guid":{"rendered":"https:\/\/new.sviluppoqualita.it\/prodotto\/lavoratori-addetti-funi-modulo-b-specifico-pratico\/"},"modified":"2025-07-08T23:16:06","modified_gmt":"2025-07-08T21:16:06","slug":"lavoratori-addetti-funi-modulo-b-specifico-pratico","status":"publish","type":"product","link":"https:\/\/www.ampipointservizimg.it\/?product=lavoratori-addetti-funi-modulo-b-specifico-pratico","title":{"rendered":"Lavoratori addetti funi (Modulo B specifico &#8211; pratico)"},"content":{"rendered":"<table style=\"height: 2106px; width: 80.966%;\">\n<tbody>\n<tr>\n<td style=\"border-style: solid; border-width: 1pt; height: 65px; width: 15.9124%;\">Titolo<\/td>\n<td style=\"border-style: solid; border-width: 1pt; height: 65px; width: 120.079%;\">Corso di formazione per lavoratori addetti ai sistemi di accesso e posizionamento mediante <a href=\"https:\/\/shop.networkgtc.it\/product-category\/formazione\/sicurezza\/formazione-corsi-sicurezza-d-lgs-8108-lavoratori\/\">funi<\/a>: Modulo base teorico &#8211; pratico e Modulo B specifico &#8211; pratico. (durata totale: 32 ore)<\/td>\n<\/tr>\n<tr>\n<td style=\"border-style: solid; border-width: 1pt; height: 172px; width: 15.9124%;\">Destinatari<\/td>\n<td style=\"border-style: solid; border-width: 1pt; height: 172px; width: 120.079%;\">\n<ul>\n<li>lavoratori adibiti a lavori temporanei in quota con impiego di sistemi di accesso e posizionamento mediante funi;<\/li>\n<li>operatori con funzione di sorveglianza dei lavori di cui al punto a) come richiesto dal comma 1 lettera e) dell\u2019art. 116 D.lgs. 81\/2008;<\/li>\n<li>eventuali altre figure interessate (datori di lavoro, lavoratori autonomi, personale di vigilanza ed ispezione ecc.).<\/li>\n<\/ul>\n<\/td>\n<\/tr>\n<tr>\n<td style=\"border-style: solid; border-width: 1pt; height: 77px; width: 15.9124%;\">Obiettivi e Finalit\u00e0<\/td>\n<td style=\"border-style: solid; border-width: 1pt; height: 77px; width: 120.079%;\">Il percorso formativo \u00e8 finalizzato all\u2019apprendimento di tecniche operative adeguate ad eseguire in condizioni di sicurezza le attivit\u00e0 che richiedono l\u2019impiego di sistemi di accesso e posizionamento mediante funi.<\/td>\n<\/tr>\n<tr>\n<td style=\"border-style: solid; border-width: 1pt; height: 81px; width: 15.9124%;\">Normativa di riferimento<\/td>\n<td style=\"border-style: solid; border-width: 1pt; height: 81px; width: 120.079%;\">\n<ul>\n<li>art. 116, comma 4, D. Lgs. 81\/08 e smi \u2013 allegato XXI;<\/li>\n<\/ul>\n<\/td>\n<\/tr>\n<tr>\n<td style=\"border-style: solid; border-width: 1pt; height: 141px; text-align: center; width: 15.9124%;\">Requisiti di ammissione<\/td>\n<td style=\"border-style: solid; border-width: 1pt; height: 141px; width: 120.079%;\">Esperienza minima nei lavori in quota; equilibrio, attenzione, precisione e ogni altra caratteristica che concorra a far ritenere affidabile l\u2019operatore.<\/td>\n<\/tr>\n<tr>\n<td style=\"border-style: solid; border-width: 1pt; height: 169px; text-align: center; width: 15.9124%;\">Durata e modalit\u00e0<\/td>\n<td style=\"border-style: solid; border-width: 1pt; height: 169px; width: 120.079%;\">Il percorso formativo \u00e8 strutturato nei seguenti moduli da svolgersi in modalit\u00e0 Aula\/Pratica:<\/p>\n<ul>\n<li>Modulo di base teorico\/pratico di 12 ore, propedeutico alla frequenza ai successivi moduli specifici, che da solo non abilita all&#8217;esecuzione dell\u2019attivit\u00e0 lavorativa.<\/li>\n<li>Moduli B specifico\/pratico di 20 ore per l\u2019accesso e l\u2019attivit\u00e0 lavorativa su alberi. Svolgimento della parte teorica in aula; svolgimento della parte pratica in sito operativo\/addestrativo.<\/li>\n<\/ul>\n<\/td>\n<\/tr>\n<tr>\n<td style=\"border-style: solid; border-width: 1pt; height: 21px; text-align: center; width: 15.9124%;\" rowspan=\"2\">Programma del corso<\/td>\n<td style=\"border-style: solid; border-width: 1pt; height: 21px; text-align: center; width: 120.079%;\">DISCIPLINE E CONTENUTI<\/td>\n<\/tr>\n<tr>\n<td style=\"border-style: solid; border-width: 1pt; height: 716px; width: 120.079%;\">MODULO BASE<\/p>\n<ul>\n<li>Normativa generale in materia di igiene e sicurezza del lavoro con particolare riferimento ai cantieri edili ed ai lavori in quota;<\/li>\n<li>Analisi e valutazione dei rischi pi\u00f9 ricorrenti nei lavori in quota (rischi ambientali, di caduta dall&#8217;alto e sospensione, da uso di attrezzature e sostanze particolari, ecc.);<\/li>\n<li>DPI specifici per lavori su funi: a) imbracature e caschi &#8211; b) funi, cordini, fettucce, assorbitori di energia &#8211; c) connettori, freni, bloccanti, carrucole riferiti ad accesso, posizionamento e sospensione. Loro idoneit\u00e0 e compatibilit\u00e0 con attrezzature e sostanze; manutenzione (verifica giornaliera e periodica, pulizia e stoccaggio, responsabilit\u00e0);<\/li>\n<li>Classificazione normativa e tecniche di realizzazione degli ancoraggi e dei frazionamenti;<\/li>\n<li>Illustrazione delle pi\u00f9 frequenti tipologie di lavoro con funi, suddivisione in funzione delle modalit\u00e0 di accesso e di uscita dalla zona di lavoro;<\/li>\n<li>Tecniche e procedure operative con accesso dall&#8217;alto, di calata o discesa su funi e tecniche di accesso dal basso (fattore di caduta);<\/li>\n<li>Rischi e modalit\u00e0 di protezione delle funi (spigoli, nodi, usura);<\/li>\n<li>Organizzazione del lavoro in squadra, compiti degli operatori e modalit\u00e0 di comunicazione;<\/li>\n<li>Elementi di primo soccorso e procedure operative di salvataggio: illustrazione del contenuto del kit di recupero e della sua utilizzazione.<\/li>\n<\/ul>\n<p>MODULO B &#8211; per l\u2019accesso e l\u2019attivit\u00e0 lavorativa su alberi<\/p>\n<ul>\n<li>Utilizzo delle funi e degli altri sistemi di accesso. Salita e discesa in sicurezza.<\/li>\n<li>Realizzazione degli ancoraggi e di eventuali frazionamenti.<\/li>\n<li>Movimento all&#8217;interno della chioma.<\/li>\n<li>Posizionamento in chioma.<\/li>\n<li>Simulazione di svolgimento di attivit\u00e0 lavorativa con sollevamento dell\u2019attrezzatura di lavoro e applicazione di tecniche di calata del materiale di risulta<\/li>\n<li>Applicazione di tecniche di evacuazione e salvataggio.<\/li>\n<\/ul>\n<\/td>\n<\/tr>\n<tr>\n<td style=\"border-style: solid; border-width: 1pt; height: 260px; width: 15.9124%;\">Valutazione<\/td>\n<td style=\"border-style: solid; border-width: 1pt; height: 260px; width: 120.079%;\">Al termine del modulo base comune si svolger\u00e0 una prima prova di verifica: un questionario a risposta multipla. Il successo nella prova, che si intende superata con almeno il 70% delle risposte esatte, consentir\u00e0 il passaggio alla seconda parte del corso, quella specifico &#8211; pratica. Il mancato superamento della prova, di converso, comporta la ripetizione del modulo. Eventuali errori, nella prova, attinenti argomenti riferiti al rischio di caduta incontrollata o altre situazioni di pericolo grave dovranno essere rilevati e fatti oggetto di valutazione mirata aggiuntiva nella successiva prova pratica;<\/p>\n<p>Al termine del modulo specifico avr\u00e0 luogo una prova pratica di verifica finale, consistente nell\u2019esecuzione di tecniche operative sui temi del modulo specifico frequentato. La prova si intende superata se le operazioni vengono eseguite correttamente.<\/td>\n<\/tr>\n<tr>\n<td style=\"border-style: solid; border-width: 1pt; height: 81px; text-align: center; width: 15.9124%;\">Attestato Formativo Rilasciato<\/td>\n<td style=\"border-style: solid; border-width: 1pt; height: 81px; width: 120.079%;\">Attestato di frequenza per lavoratori addetti ai sistemi di accesso e posizionamento mediante funi: modulo base \u2013 teorico \u2013 pratico, modulo A e modulo B &#8211; specifico pratico. (durata totale: 52 ore)<\/td>\n<\/tr>\n<tr>\n<td style=\"border-style: solid; border-width: 1pt; height: 150px; width: 15.9124%;\">Docenza<\/td>\n<td style=\"border-style: solid; border-width: 1pt; height: 150px; width: 120.079%;\">Le docenze sono effettuate, con riferimento ai diversi argomenti, da personale con esperienza documentata, almeno biennale, nel settore della formazione sia nel settore della prevenzione, sicurezza e salute nei luoghi di lavoro e da personale con esperienza professionale documentata, almeno biennale, nelle tecniche che comportano l\u2019impiego di sistemi di accesso e posizionamento mediante funi e il loro utilizzo in ambito lavorativo.<\/td>\n<\/tr>\n<tr>\n<td style=\"border-style: solid; border-width: 1pt; height: 173px; width: 15.9124%;\">Sede<\/td>\n<td style=\"border-style: solid; border-width: 1pt; height: 173px; width: 120.079%;\">Il corso sar\u00e0 erogato, secondo un calendario prestabilito, in una delle sedi pi\u00f9 vicine dislocate sul territorio nazionale.<\/p>\n<p>Numero dei partecipanti per ogni corso: massimo 20 unit\u00e0.<\/p>\n<p>Per le attivit\u00e0 pratiche il rapporto istruttore \/allievi non deve essere superiore al rapporto di 1 a 4 (almeno 1 docente ogni 4 allievi).<\/td>\n<\/tr>\n<\/tbody>\n<\/table>\n","protected":false},"excerpt":{"rendered":"<p>Titolo Corso di formazione per lavoratori addetti ai sistemi di accesso e posizionamento mediante funi: Modulo base teorico &#8211; pratico e Modulo B specifico &#8211; pratico. (durata totale: 32 ore) Destinatari lavoratori adibiti a lavori temporanei in quota con impiego di sistemi di accesso e posizionamento mediante funi; operatori con funzione di sorveglianza dei lavori di cui al punto a) [&hellip;]<\/p>\n","protected":false},"featured_media":576,"template":"","meta":[],"product_brand":[],"product_cat":[28,915],"product_tag":[31,191],"class_list":{"0":"post-577","1":"product","2":"type-product","3":"status-publish","4":"has-post-thumbnail","6":"product_cat-corsi-sicurezza-d-lgs-81-08","7":"product_cat-aula","8":"product_tag-corsi-sicurezza-d-lgs-81-08-lavoratori","9":"product_tag-corso-20-ore","11":"first","12":"instock","13":"taxable","14":"shipping-taxable","15":"product-type-simple"},"yoast_head":"<!-- This site is optimized with the Yoast SEO plugin v25.4 - https:\/\/yoast.com\/wordpress\/plugins\/seo\/ -->\n<title>Lavoratori addetti funi (Modulo B specifico - pratico) - Ampi Point Servizi emmegi<\/title>\n<meta name=\"robots\" content=\"index, follow, max-snippet:-1, max-image-preview:large, max-video-preview:-1\" \/>\n<link rel=\"canonical\" href=\"https:\/\/www.ampipointservizimg.it\/?product=lavoratori-addetti-funi-modulo-b-specifico-pratico\" \/>\n<meta property=\"og:locale\" content=\"it_IT\" \/>\n<meta property=\"og:type\" content=\"article\" \/>\n<meta property=\"og:title\" content=\"Lavoratori addetti funi (Modulo B specifico - pratico) - Ampi Point Servizi emmegi\" \/>\n<meta property=\"og:description\" content=\"Titolo Corso di formazione per lavoratori addetti ai sistemi di accesso e posizionamento mediante funi: Modulo base teorico &#8211; pratico e Modulo B specifico &#8211; pratico. (durata totale: 32 ore) Destinatari lavoratori adibiti a lavori temporanei in quota con impiego di sistemi di accesso e posizionamento mediante funi; operatori con funzione di sorveglianza dei lavori di cui al punto a) [&hellip;]\" \/>\n<meta property=\"og:url\" content=\"https:\/\/www.ampipointservizimg.it\/?product=lavoratori-addetti-funi-modulo-b-specifico-pratico\" \/>\n<meta property=\"og:site_name\" content=\"Ampi Point Servizi emmegi\" \/>\n<meta property=\"article:modified_time\" content=\"2025-07-08T21:16:06+00:00\" \/>\n<meta property=\"og:image\" content=\"https:\/\/www.ampipointservizimg.it\/wp-content\/uploads\/2022\/03\/addetto-funi_MODULO_B_icon.jpg\" \/>\n\t<meta property=\"og:image:width\" content=\"300\" \/>\n\t<meta property=\"og:image:height\" content=\"300\" \/>\n\t<meta property=\"og:image:type\" content=\"image\/jpeg\" \/>\n<meta name=\"twitter:card\" content=\"summary_large_image\" \/>\n<meta name=\"twitter:label1\" content=\"Tempo di lettura stimato\" \/>\n\t<meta name=\"twitter:data1\" content=\"4 minuti\" \/>\n<script type=\"application\/ld+json\" class=\"yoast-schema-graph\">{\"@context\":\"https:\/\/schema.org\",\"@graph\":[{\"@type\":\"WebPage\",\"@id\":\"https:\/\/www.ampipointservizimg.it\/?product=lavoratori-addetti-funi-modulo-b-specifico-pratico\",\"url\":\"https:\/\/www.ampipointservizimg.it\/?product=lavoratori-addetti-funi-modulo-b-specifico-pratico\",\"name\":\"Lavoratori addetti funi (Modulo B specifico - pratico) - Ampi Point Servizi emmegi\",\"isPartOf\":{\"@id\":\"https:\/\/www.ampipointservizimg.it\/#website\"},\"primaryImageOfPage\":{\"@id\":\"https:\/\/www.ampipointservizimg.it\/?product=lavoratori-addetti-funi-modulo-b-specifico-pratico#primaryimage\"},\"image\":{\"@id\":\"https:\/\/www.ampipointservizimg.it\/?product=lavoratori-addetti-funi-modulo-b-specifico-pratico#primaryimage\"},\"thumbnailUrl\":\"https:\/\/www.ampipointservizimg.it\/wp-content\/uploads\/2022\/03\/addetto-funi_MODULO_B_icon.jpg\",\"datePublished\":\"2022-03-02T14:47:26+00:00\",\"dateModified\":\"2025-07-08T21:16:06+00:00\",\"breadcrumb\":{\"@id\":\"https:\/\/www.ampipointservizimg.it\/?product=lavoratori-addetti-funi-modulo-b-specifico-pratico#breadcrumb\"},\"inLanguage\":\"it-IT\",\"potentialAction\":[{\"@type\":\"ReadAction\",\"target\":[\"https:\/\/www.ampipointservizimg.it\/?product=lavoratori-addetti-funi-modulo-b-specifico-pratico\"]}]},{\"@type\":\"ImageObject\",\"inLanguage\":\"it-IT\",\"@id\":\"https:\/\/www.ampipointservizimg.it\/?product=lavoratori-addetti-funi-modulo-b-specifico-pratico#primaryimage\",\"url\":\"https:\/\/www.ampipointservizimg.it\/wp-content\/uploads\/2022\/03\/addetto-funi_MODULO_B_icon.jpg\",\"contentUrl\":\"https:\/\/www.ampipointservizimg.it\/wp-content\/uploads\/2022\/03\/addetto-funi_MODULO_B_icon.jpg\",\"width\":300,\"height\":300},{\"@type\":\"BreadcrumbList\",\"@id\":\"https:\/\/www.ampipointservizimg.it\/?product=lavoratori-addetti-funi-modulo-b-specifico-pratico#breadcrumb\",\"itemListElement\":[{\"@type\":\"ListItem\",\"position\":1,\"name\":\"Home\",\"item\":\"https:\/\/www.ampipointservizimg.it\/\"},{\"@type\":\"ListItem\",\"position\":2,\"name\":\"Shop\",\"item\":\"https:\/\/www.ampipointservizimg.it\/?page_id=91\"},{\"@type\":\"ListItem\",\"position\":3,\"name\":\"Lavoratori addetti funi (Modulo B specifico &#8211; pratico)\"}]},{\"@type\":\"WebSite\",\"@id\":\"https:\/\/www.ampipointservizimg.it\/#website\",\"url\":\"https:\/\/www.ampipointservizimg.it\/\",\"name\":\"Ampi Point Servizi emmegi\",\"description\":\"\",\"publisher\":{\"@id\":\"https:\/\/www.ampipointservizimg.it\/#organization\"},\"potentialAction\":[{\"@type\":\"SearchAction\",\"target\":{\"@type\":\"EntryPoint\",\"urlTemplate\":\"https:\/\/www.ampipointservizimg.it\/?s={search_term_string}\"},\"query-input\":{\"@type\":\"PropertyValueSpecification\",\"valueRequired\":true,\"valueName\":\"search_term_string\"}}],\"inLanguage\":\"it-IT\"},{\"@type\":\"Organization\",\"@id\":\"https:\/\/www.ampipointservizimg.it\/#organization\",\"name\":\"Sviluppo Qualit\u00e0\",\"alternateName\":\"Sviluppo Qualit\u00e0\",\"url\":\"https:\/\/www.ampipointservizimg.it\/\",\"logo\":{\"@type\":\"ImageObject\",\"inLanguage\":\"it-IT\",\"@id\":\"https:\/\/www.ampipointservizimg.it\/#\/schema\/logo\/image\/\",\"url\":\"https:\/\/www.ampipointservizimg.it\/wp-content\/uploads\/2025\/06\/cropped-logo_con_ampi-1.png\",\"contentUrl\":\"https:\/\/www.ampipointservizimg.it\/wp-content\/uploads\/2025\/06\/cropped-logo_con_ampi-1.png\",\"width\":2269,\"height\":544,\"caption\":\"Sviluppo Qualit\u00e0\"},\"image\":{\"@id\":\"https:\/\/www.ampipointservizimg.it\/#\/schema\/logo\/image\/\"}}]}<\/script>\n<!-- \/ Yoast SEO plugin. -->","yoast_head_json":{"title":"Lavoratori addetti funi (Modulo B specifico - pratico) - Ampi Point Servizi emmegi","robots":{"index":"index","follow":"follow","max-snippet":"max-snippet:-1","max-image-preview":"max-image-preview:large","max-video-preview":"max-video-preview:-1"},"canonical":"https:\/\/www.ampipointservizimg.it\/?product=lavoratori-addetti-funi-modulo-b-specifico-pratico","og_locale":"it_IT","og_type":"article","og_title":"Lavoratori addetti funi (Modulo B specifico - pratico) - Ampi Point Servizi emmegi","og_description":"Titolo Corso di formazione per lavoratori addetti ai sistemi di accesso e posizionamento mediante funi: Modulo base teorico &#8211; pratico e Modulo B specifico &#8211; pratico. (durata totale: 32 ore) Destinatari lavoratori adibiti a lavori temporanei in quota con impiego di sistemi di accesso e posizionamento mediante funi; operatori con funzione di sorveglianza dei lavori di cui al punto a) [&hellip;]","og_url":"https:\/\/www.ampipointservizimg.it\/?product=lavoratori-addetti-funi-modulo-b-specifico-pratico","og_site_name":"Ampi Point Servizi emmegi","article_modified_time":"2025-07-08T21:16:06+00:00","og_image":[{"width":300,"height":300,"url":"https:\/\/www.ampipointservizimg.it\/wp-content\/uploads\/2022\/03\/addetto-funi_MODULO_B_icon.jpg","type":"image\/jpeg"}],"twitter_card":"summary_large_image","twitter_misc":{"Tempo di lettura stimato":"4 minuti"},"schema":{"@context":"https:\/\/schema.org","@graph":[{"@type":"WebPage","@id":"https:\/\/www.ampipointservizimg.it\/?product=lavoratori-addetti-funi-modulo-b-specifico-pratico","url":"https:\/\/www.ampipointservizimg.it\/?product=lavoratori-addetti-funi-modulo-b-specifico-pratico","name":"Lavoratori addetti funi (Modulo B specifico - pratico) - Ampi Point Servizi emmegi","isPartOf":{"@id":"https:\/\/www.ampipointservizimg.it\/#website"},"primaryImageOfPage":{"@id":"https:\/\/www.ampipointservizimg.it\/?product=lavoratori-addetti-funi-modulo-b-specifico-pratico#primaryimage"},"image":{"@id":"https:\/\/www.ampipointservizimg.it\/?product=lavoratori-addetti-funi-modulo-b-specifico-pratico#primaryimage"},"thumbnailUrl":"https:\/\/www.ampipointservizimg.it\/wp-content\/uploads\/2022\/03\/addetto-funi_MODULO_B_icon.jpg","datePublished":"2022-03-02T14:47:26+00:00","dateModified":"2025-07-08T21:16:06+00:00","breadcrumb":{"@id":"https:\/\/www.ampipointservizimg.it\/?product=lavoratori-addetti-funi-modulo-b-specifico-pratico#breadcrumb"},"inLanguage":"it-IT","potentialAction":[{"@type":"ReadAction","target":["https:\/\/www.ampipointservizimg.it\/?product=lavoratori-addetti-funi-modulo-b-specifico-pratico"]}]},{"@type":"ImageObject","inLanguage":"it-IT","@id":"https:\/\/www.ampipointservizimg.it\/?product=lavoratori-addetti-funi-modulo-b-specifico-pratico#primaryimage","url":"https:\/\/www.ampipointservizimg.it\/wp-content\/uploads\/2022\/03\/addetto-funi_MODULO_B_icon.jpg","contentUrl":"https:\/\/www.ampipointservizimg.it\/wp-content\/uploads\/2022\/03\/addetto-funi_MODULO_B_icon.jpg","width":300,"height":300},{"@type":"BreadcrumbList","@id":"https:\/\/www.ampipointservizimg.it\/?product=lavoratori-addetti-funi-modulo-b-specifico-pratico#breadcrumb","itemListElement":[{"@type":"ListItem","position":1,"name":"Home","item":"https:\/\/www.ampipointservizimg.it\/"},{"@type":"ListItem","position":2,"name":"Shop","item":"https:\/\/www.ampipointservizimg.it\/?page_id=91"},{"@type":"ListItem","position":3,"name":"Lavoratori addetti funi (Modulo B specifico &#8211; pratico)"}]},{"@type":"WebSite","@id":"https:\/\/www.ampipointservizimg.it\/#website","url":"https:\/\/www.ampipointservizimg.it\/","name":"Ampi Point Servizi emmegi","description":"","publisher":{"@id":"https:\/\/www.ampipointservizimg.it\/#organization"},"potentialAction":[{"@type":"SearchAction","target":{"@type":"EntryPoint","urlTemplate":"https:\/\/www.ampipointservizimg.it\/?s={search_term_string}"},"query-input":{"@type":"PropertyValueSpecification","valueRequired":true,"valueName":"search_term_string"}}],"inLanguage":"it-IT"},{"@type":"Organization","@id":"https:\/\/www.ampipointservizimg.it\/#organization","name":"Sviluppo Qualit\u00e0","alternateName":"Sviluppo Qualit\u00e0","url":"https:\/\/www.ampipointservizimg.it\/","logo":{"@type":"ImageObject","inLanguage":"it-IT","@id":"https:\/\/www.ampipointservizimg.it\/#\/schema\/logo\/image\/","url":"https:\/\/www.ampipointservizimg.it\/wp-content\/uploads\/2025\/06\/cropped-logo_con_ampi-1.png","contentUrl":"https:\/\/www.ampipointservizimg.it\/wp-content\/uploads\/2025\/06\/cropped-logo_con_ampi-1.png","width":2269,"height":544,"caption":"Sviluppo Qualit\u00e0"},"image":{"@id":"https:\/\/www.ampipointservizimg.it\/#\/schema\/logo\/image\/"}}]}},"_links":{"self":[{"href":"https:\/\/www.ampipointservizimg.it\/index.php?rest_route=\/wp\/v2\/product\/577","targetHints":{"allow":["GET"]}}],"collection":[{"href":"https:\/\/www.ampipointservizimg.it\/index.php?rest_route=\/wp\/v2\/product"}],"about":[{"href":"https:\/\/www.ampipointservizimg.it\/index.php?rest_route=\/wp\/v2\/types\/product"}],"wp:featuredmedia":[{"embeddable":true,"href":"https:\/\/www.ampipointservizimg.it\/index.php?rest_route=\/wp\/v2\/media\/576"}],"wp:attachment":[{"href":"https:\/\/www.ampipointservizimg.it\/index.php?rest_route=%2Fwp%2Fv2%2Fmedia&parent=577"}],"wp:term":[{"taxonomy":"product_brand","embeddable":true,"href":"https:\/\/www.ampipointservizimg.it\/index.php?rest_route=%2Fwp%2Fv2%2Fproduct_brand&post=577"},{"taxonomy":"product_cat","embeddable":true,"href":"https:\/\/www.ampipointservizimg.it\/index.php?rest_route=%2Fwp%2Fv2%2Fproduct_cat&post=577"},{"taxonomy":"product_tag","embeddable":true,"href":"https:\/\/www.ampipointservizimg.it\/index.php?rest_route=%2Fwp%2Fv2%2Fproduct_tag&post=577"}],"curies":[{"name":"wp","href":"https:\/\/api.w.org\/{rel}","templated":true}]}}