{"id":583,"date":"2022-03-02T16:53:07","date_gmt":"2022-03-02T15:53:07","guid":{"rendered":"https:\/\/new.sviluppoqualita.it\/prodotto\/agg-addetto-utilizzo-segnaletica-stradale\/"},"modified":"2025-07-08T23:16:06","modified_gmt":"2025-07-08T21:16:06","slug":"agg-addetto-utilizzo-segnaletica-stradale","status":"publish","type":"product","link":"https:\/\/www.ampipointservizimg.it\/?product=agg-addetto-utilizzo-segnaletica-stradale","title":{"rendered":"Aggiornamento &#8211; Addetto preposto utilizzo segnaletica stradale"},"content":{"rendered":"<p style=\"text-align: center;\"><!-- blu 094775 rosso d1222b --> <a style=\"padding: 10px; border: 1px solid #dddddd; background-color: #d1222b; color: white;\" href=\"http:\/\/www.networkgtc.it\/wp-content\/uploads\/pdf_prodotti\/aggiornamento-addetto-segnaletica-stradale.pdf\"> <i class=\"fa fa-file-pdf-o\" style=\"padding-left: 5px; ;color: white;\"><\/i> \u00a0 <span style=\"border-left: 1px solid white;\"> \u00a0 Visualizza Scheda Tecnica in PDF<\/span><\/a><\/p>\n<table class=\"tabella-scheda-tecnica-networkgtc\" style=\"width: 97.3951%;\">\n<tbody>\n<tr>\n<td style=\"width: 19.8839%; border-width: 1pt; border-style: solid;\">\n<p class=\"s1\" style=\"padding-left: 13pt; padding-right: 16pt; text-indent: 0pt; text-align: center;\">Titolo<\/p>\n<\/td>\n<td style=\"width: 174.311%; border-width: 1pt; border-style: solid;\">\n<p class=\"s2\" style=\"padding-top: 2pt; padding-left: 5pt; padding-right: 11pt; text-indent: 0pt; text-align: left;\">Corso di aggiornamento per \u201cLavoratori addetti all&#8217;utilizzo della <a href=\"https:\/\/shop.networkgtc.it\/product-category\/formazione\/sicurezza\/formazione-aggiornamento-corsi-sicurezza-d-lgs-8108-lavoratori\/\">segnaletica stradale<\/a>\u201d (6 ore).<\/p>\n<\/td>\n<\/tr>\n<tr>\n<td style=\"width: 19.8839%; border-width: 1pt; border-style: solid;\">\n<p class=\"s1\" style=\"padding-top: 9pt; padding-left: 13pt; padding-right: 16pt; text-indent: 0pt; text-align: center;\">Destinatari<\/p>\n<\/td>\n<td style=\"width: 174.311%; border-width: 1pt; border-style: solid;\">\n<p class=\"s3\" style=\"padding-top: 4pt; padding-left: 7pt; padding-right: 4pt; text-indent: 0pt; line-height: 114%; text-align: justify;\">Lavoratori addetti alle attivit\u00e0 di revisione, integrazione e apposizione della segnaletica stradale destinata alle attivit\u00e0 lavorative che si svolgano in presenza di traffico veicolare. (D.M.L.P.S. del 22 Gennaio 2019).<\/p>\n<\/td>\n<\/tr>\n<tr>\n<td style=\"width: 19.8839%; border-width: 1pt; border-style: solid;\">\n<p class=\"s1\" style=\"padding-left: 25pt; padding-right: 20pt; text-indent: -6pt; text-align: center;\">Obiettivi e Finalit\u00e0<\/p>\n<\/td>\n<td style=\"width: 174.311%; border-width: 1pt; border-style: solid;\">\n<p class=\"s3\" style=\"padding-left: 7pt; padding-right: 4pt; text-indent: 0pt; line-height: 114%; text-align: justify;\">Il percorso formativo \u00e8 finalizzato all&#8217;aggiornamento formativo riguardante le tecniche operative in presenza di traffico, adeguate ad eseguire in condizioni di sicurezza le attivit\u00e0 di:<\/p>\n<ul>\n<li>installazione del cantiere;<\/li>\n<li>rimozione del cantiere;<\/li>\n<li>revisione e integrazione della segnaletica;<\/li>\n<li>manovre di entrata ed uscita dal cantiere;<\/li>\n<li>interventi in emergenza.<\/li>\n<\/ul>\n<\/td>\n<\/tr>\n<tr>\n<td style=\"width: 19.8839%; border-width: 1pt; border-style: solid;\">\n<p class=\"s1\" style=\"padding-top: 9pt; padding-left: 16pt; padding-right: 14pt; text-indent: -4pt; text-align: center;\">Normativa di riferimento<\/p>\n<\/td>\n<td style=\"width: 174.311%; border-width: 1pt; border-style: solid;\">\n<p class=\"s3\" style=\"padding-top: 3pt; padding-left: 7pt; padding-right: 4pt; text-indent: 0pt; line-height: 114%; text-align: justify;\">Decreto del Ministro del Lavoro e delle Politiche Sociali del 22 gennaio 2019 &#8211; Criteri generali di sicurezza relativi alle procedure di revisione, integrazione e apposizione della segnaletica stradale destinata alle attivit\u00e0 lavorative che si svolgono in presenza di traffico veicolare (ai sensi dell\u2019articolo 161, comma 2-bis, del decreto legislativo n. 81\/2008).<\/p>\n<\/td>\n<\/tr>\n<tr>\n<td style=\"width: 19.8839%; border-width: 1pt; border-style: solid;\">\n<p class=\"s1\" style=\"padding-left: 13pt; padding-right: 14pt; text-indent: 2pt; text-align: center;\">Requisiti di ammissione<\/p>\n<\/td>\n<td style=\"width: 174.311%; border-width: 1pt; border-style: solid;\">\n<p class=\"s3\" style=\"padding-left: 7pt; text-indent: 0pt; line-height: 113%; text-align: left;\">Per accedere al corso di aggiornamento il lavoratore deve essere in possesso dell\u2019Attestato di frequenza al corso per \u201cAddetto all&#8217;utilizzo della segnaletica stradale\u201d di 8 ore.<\/p>\n<\/td>\n<\/tr>\n<tr>\n<td style=\"width: 19.8839%; border-width: 1pt; border-style: solid;\">\n<p class=\"s1\" style=\"padding-left: 22pt; padding-right: 24pt; text-indent: 0pt; text-align: center;\">Durata e modalit\u00e0<\/p>\n<\/td>\n<td style=\"width: 174.311%; border-width: 1pt; border-style: solid;\">\n<p class=\"s3\" style=\"padding-top: 5pt; padding-left: 7pt; padding-right: 4pt; text-indent: 0pt; line-height: 114%; text-align: justify;\">L\u2019aggiornamento della formazione dei lavoratori \u00e8 prevista ogni cinque anni per mezzo di corso teorico-pratico di durata minima di 6 ore, in particolare in caso di modifiche delle norme tecniche e in caso di interruzione prolungata dell\u2019attivit\u00e0 lavorativa. Svolgimento della parte teorica in aula; svolgimento della parte pratica in sito operativo\/addestrativo.<\/p>\n<\/td>\n<\/tr>\n<tr>\n<td style=\"width: 19.8839%; border-width: 1pt; border-style: solid;\">\n<p class=\"s1\" style=\"padding-top: 5pt; padding-left: 29pt; padding-right: 7pt; text-indent: -22pt; text-align: center;\">Programma del corso<\/p>\n<\/td>\n<td style=\"width: 174.311%; border-width: 1pt; border-style: solid;\">\n<p class=\"s4\" style=\"padding-top: 9pt; padding-left: 139pt; padding-right: 139pt; text-indent: 0pt; text-align: center;\">DISCIPLINE E CONTENUTI<\/p>\n<\/td>\n<\/tr>\n<tr>\n<td style=\"width: 19.8839%; border-width: 1pt; border-style: solid;\">\n<p style=\"text-indent: 0pt; text-align: left;\">\n<\/td>\n<td style=\"width: 174.311%; border-width: 1pt; border-style: solid;\">\n<p class=\"s3\" style=\"padding-left: 7pt; padding-right: 11pt; text-indent: 0pt; line-height: 114%; text-align: left;\">I contenuti e i principali argomenti trattati riguardano significative evoluzioni e innovazioni, applicazioni pratiche e\/o approfondimenti relativi a:<\/p>\n<ul>\n<li>Modulo giuridico normativo<br \/>\nCenni sugli articoli del Codice della strada e del suo regolamento di attuazione, che disciplinano l\u2019esecuzione di opere, depositi e l\u2019apertura di cantieri sulle strade di ogni classe;<br \/>\nCenni sull&#8217;analisi dei rischi a cui sono esposti i lavoratori in presenza di traffico e di quelli trasmessi agli utenti;<br \/>\nCenni sulle statistiche degli infortuni e delle violazioni delle norme nei cantieri stradali in presenza di traffico.<\/li>\n<li>Modulo tecnico<br \/>\nNozioni sulla segnaletica temporanea;<br \/>\nI dispositivi di protezione individuale:indumenti ad alta visibilit\u00e0;<br \/>\nOrganizzazione del lavoro in squadra, compiti degli operatori e modalit\u00e0 di comunicazione;<br \/>\nNorme operative e comportamentali per l\u2019esecuzione in sicurezza di interventi programmati e di emergenza (Allegato I \u2013 D.M.L.P.S. 22 Gennaio 2019).<\/li>\n<li>Modulo pratico<br \/>\nTecniche di installazione, integrazione, revisione e rimozione della segnaletica per cantieri stradali su:<br \/>\nStrade di tipo A, B, D (autostrade, strade extraurbane principali, strade urbane di scorrimento);<br \/>\nStrade di tipo C, F (strade extraurbane secondarie e locali extraurbane);<br \/>\nStrade di tipo E, F (strade urbane di quartiere e locali urbane);<br \/>\nTecniche di intervento mediante \u00abcantieri mobili\u00bb;<br \/>\nTecniche di intervento in sicurezza per situazioni di emergenza.<\/li>\n<\/ul>\n<\/td>\n<\/tr>\n<tr>\n<td style=\"width: 19.8839%; border-width: 1pt; border-style: solid;\"><\/td>\n<td style=\"width: 174.311%; border-width: 1pt; border-style: solid;\"><\/td>\n<\/tr>\n<tr>\n<td style=\"width: 19.8839%; border-width: 1pt; border-style: solid;\">\n<p class=\"s1\" style=\"padding-left: 13pt; padding-right: 16pt; text-indent: 0pt; text-align: center;\">Valutazione<\/p>\n<\/td>\n<td style=\"width: 174.311%; border-width: 1pt; border-style: solid;\">\n<p class=\"s3\" style=\"padding-top: 7pt; padding-left: 7pt; text-indent: 0pt; line-height: 113%; text-align: left;\">La valutazione finale verr\u00e0 effettuata mediante una verifica di apprendimento in aula o presso sito operativo\/addestrativo.<\/p>\n<\/td>\n<\/tr>\n<tr>\n<td style=\"width: 19.8839%; border-width: 1pt; border-style: solid; text-align: center;\">Attestato Formativo Rilasciato<\/td>\n<td style=\"width: 174.311%; border-width: 1pt; border-style: solid;\">\n<p class=\"s3\" style=\"padding-top: 9pt; padding-left: 7pt; text-indent: 0pt; line-height: 114%; text-align: left;\">Attestato di frequenza \u201cAggiornamento lavoratori addetti all&#8217;utilizzo della segnaletica stradale\u201d 6 ore.<\/p>\n<\/td>\n<\/tr>\n<tr>\n<td style=\"width: 19.8839%; border-width: 1pt; border-style: solid;\">\n<p class=\"s1\" style=\"padding-left: 13pt; padding-right: 16pt; text-indent: 0pt; text-align: center;\">Docenza<\/p>\n<\/td>\n<td style=\"width: 174.311%; border-width: 1pt; border-style: solid;\">\n<p class=\"s3\" style=\"padding-left: 7pt; padding-right: 4pt; text-indent: 0pt; line-height: 114%; text-align: justify;\">Le docenze vengono effettuate, con riferimento ai diversi argomenti, per la parte teorica, dal Responsabile del Servizio di Prevenzione e Protezione aziendale con esperienza almeno triennale nel settore stradale, ovvero da personale con esperienza documentata, almeno quinquennale, nel settore della formazione o nel settore della prevenzione, sicurezza e salute nei cantieri stradali; e per quanto riguarda la parte pratica da personale con esperienza professionale nel campo dell\u2019addestramento pratico, almeno quinquennale, documentata, nelle tecniche di installazione e rimozione dei sistemi segnaletici adottati per garantire la sicurezza e la fluidit\u00e0 della circolazione stradale.<\/p>\n<\/td>\n<\/tr>\n<tr>\n<td style=\"width: 19.8839%; border-width: 1pt; border-style: solid;\"><\/td>\n<td style=\"width: 174.311%; border-width: 1pt; border-style: solid;\"><\/td>\n<\/tr>\n<tr>\n<td style=\"width: 19.8839%; border-width: 1pt; border-style: solid;\">\n<p class=\"s1\" style=\"padding-top: 7pt; padding-left: 13pt; padding-right: 16pt; text-indent: 0pt; text-align: center;\">Sede<\/p>\n<\/td>\n<td style=\"width: 174.311%; border-width: 1pt; border-style: solid;\">\n<p class=\"s3\" style=\"padding-left: 7pt; padding-right: 11pt; text-indent: 0pt; line-height: 114%; text-align: left;\">Il corso sar\u00e0 erogato, secondo un calendario prestabilito, in una delle sedi pi\u00f9 vicine dislocate sul territorio nazionale.<\/p>\n<p class=\"s3\" style=\"padding-left: 7pt; text-indent: 0pt; line-height: 114%; text-align: left;\">Le prove pratiche e i relativi addestramenti devono essere effettuati in siti ove possano essere ricreate condizioni operative simili a quelle che si ritrovano sui luoghi di lavoro e che tengano conto della specifica tipologia di corso.<\/p>\n<\/td>\n<\/tr>\n<\/tbody>\n<\/table>\n","protected":false},"excerpt":{"rendered":"<p>\u00a0 \u00a0 Visualizza Scheda Tecnica in PDF Titolo Corso di aggiornamento per \u201cLavoratori addetti all&#8217;utilizzo della segnaletica stradale\u201d (6 ore). Destinatari Lavoratori addetti alle attivit\u00e0 di revisione, integrazione e apposizione della segnaletica stradale destinata alle attivit\u00e0 lavorative che si svolgano in presenza di traffico veicolare. (D.M.L.P.S. del 22 Gennaio 2019). Obiettivi e Finalit\u00e0 Il percorso formativo \u00e8 finalizzato all&#8217;aggiornamento formativo [&hellip;]<\/p>\n","protected":false},"featured_media":580,"template":"","meta":[],"product_brand":[],"product_cat":[28,915],"product_tag":[320,424],"class_list":{"0":"post-583","1":"product","2":"type-product","3":"status-publish","4":"has-post-thumbnail","6":"product_cat-corsi-sicurezza-d-lgs-81-08","7":"product_cat-aula","8":"product_tag-aggiornamento-corsi-sicurezza-d-lgs-81-08-lavoratori","9":"product_tag-corso-3-ore","11":"first","12":"instock","13":"taxable","14":"shipping-taxable","15":"product-type-simple"},"yoast_head":"<!-- This site is optimized with the Yoast SEO plugin v25.4 - https:\/\/yoast.com\/wordpress\/plugins\/seo\/ -->\n<title>Aggiornamento - Addetto preposto utilizzo segnaletica stradale - Ampi Point Servizi emmegi<\/title>\n<meta name=\"robots\" content=\"index, follow, max-snippet:-1, max-image-preview:large, max-video-preview:-1\" \/>\n<link rel=\"canonical\" href=\"https:\/\/www.ampipointservizimg.it\/?product=agg-addetto-utilizzo-segnaletica-stradale\" \/>\n<meta property=\"og:locale\" content=\"it_IT\" \/>\n<meta property=\"og:type\" content=\"article\" \/>\n<meta property=\"og:title\" content=\"Aggiornamento - Addetto preposto utilizzo segnaletica stradale - Ampi Point Servizi emmegi\" \/>\n<meta property=\"og:description\" content=\"\u00a0 \u00a0 Visualizza Scheda Tecnica in PDF Titolo Corso di aggiornamento per \u201cLavoratori addetti all&#8217;utilizzo della segnaletica stradale\u201d (6 ore). Destinatari Lavoratori addetti alle attivit\u00e0 di revisione, integrazione e apposizione della segnaletica stradale destinata alle attivit\u00e0 lavorative che si svolgano in presenza di traffico veicolare. (D.M.L.P.S. del 22 Gennaio 2019). Obiettivi e Finalit\u00e0 Il percorso formativo \u00e8 finalizzato all&#8217;aggiornamento formativo [&hellip;]\" \/>\n<meta property=\"og:url\" content=\"https:\/\/www.ampipointservizimg.it\/?product=agg-addetto-utilizzo-segnaletica-stradale\" \/>\n<meta property=\"og:site_name\" content=\"Ampi Point Servizi emmegi\" \/>\n<meta property=\"article:modified_time\" content=\"2025-07-08T21:16:06+00:00\" \/>\n<meta property=\"og:image\" content=\"https:\/\/www.ampipointservizimg.it\/wp-content\/uploads\/2022\/03\/addetti-segnaletica-stradale-preposti_icon.jpg\" \/>\n\t<meta property=\"og:image:width\" content=\"300\" \/>\n\t<meta property=\"og:image:height\" content=\"300\" \/>\n\t<meta property=\"og:image:type\" content=\"image\/jpeg\" \/>\n<meta name=\"twitter:card\" content=\"summary_large_image\" \/>\n<meta name=\"twitter:label1\" content=\"Tempo di lettura stimato\" \/>\n\t<meta name=\"twitter:data1\" content=\"3 minuti\" \/>\n<script type=\"application\/ld+json\" class=\"yoast-schema-graph\">{\"@context\":\"https:\/\/schema.org\",\"@graph\":[{\"@type\":\"WebPage\",\"@id\":\"https:\/\/www.ampipointservizimg.it\/?product=agg-addetto-utilizzo-segnaletica-stradale\",\"url\":\"https:\/\/www.ampipointservizimg.it\/?product=agg-addetto-utilizzo-segnaletica-stradale\",\"name\":\"Aggiornamento - Addetto preposto utilizzo segnaletica stradale - Ampi Point Servizi emmegi\",\"isPartOf\":{\"@id\":\"https:\/\/www.ampipointservizimg.it\/#website\"},\"primaryImageOfPage\":{\"@id\":\"https:\/\/www.ampipointservizimg.it\/?product=agg-addetto-utilizzo-segnaletica-stradale#primaryimage\"},\"image\":{\"@id\":\"https:\/\/www.ampipointservizimg.it\/?product=agg-addetto-utilizzo-segnaletica-stradale#primaryimage\"},\"thumbnailUrl\":\"https:\/\/www.ampipointservizimg.it\/wp-content\/uploads\/2022\/03\/addetti-segnaletica-stradale-preposti_icon.jpg\",\"datePublished\":\"2022-03-02T15:53:07+00:00\",\"dateModified\":\"2025-07-08T21:16:06+00:00\",\"breadcrumb\":{\"@id\":\"https:\/\/www.ampipointservizimg.it\/?product=agg-addetto-utilizzo-segnaletica-stradale#breadcrumb\"},\"inLanguage\":\"it-IT\",\"potentialAction\":[{\"@type\":\"ReadAction\",\"target\":[\"https:\/\/www.ampipointservizimg.it\/?product=agg-addetto-utilizzo-segnaletica-stradale\"]}]},{\"@type\":\"ImageObject\",\"inLanguage\":\"it-IT\",\"@id\":\"https:\/\/www.ampipointservizimg.it\/?product=agg-addetto-utilizzo-segnaletica-stradale#primaryimage\",\"url\":\"https:\/\/www.ampipointservizimg.it\/wp-content\/uploads\/2022\/03\/addetti-segnaletica-stradale-preposti_icon.jpg\",\"contentUrl\":\"https:\/\/www.ampipointservizimg.it\/wp-content\/uploads\/2022\/03\/addetti-segnaletica-stradale-preposti_icon.jpg\",\"width\":300,\"height\":300},{\"@type\":\"BreadcrumbList\",\"@id\":\"https:\/\/www.ampipointservizimg.it\/?product=agg-addetto-utilizzo-segnaletica-stradale#breadcrumb\",\"itemListElement\":[{\"@type\":\"ListItem\",\"position\":1,\"name\":\"Home\",\"item\":\"https:\/\/www.ampipointservizimg.it\/\"},{\"@type\":\"ListItem\",\"position\":2,\"name\":\"Shop\",\"item\":\"https:\/\/www.ampipointservizimg.it\/?page_id=91\"},{\"@type\":\"ListItem\",\"position\":3,\"name\":\"Aggiornamento &#8211; Addetto preposto utilizzo segnaletica stradale\"}]},{\"@type\":\"WebSite\",\"@id\":\"https:\/\/www.ampipointservizimg.it\/#website\",\"url\":\"https:\/\/www.ampipointservizimg.it\/\",\"name\":\"Ampi Point Servizi emmegi\",\"description\":\"\",\"publisher\":{\"@id\":\"https:\/\/www.ampipointservizimg.it\/#organization\"},\"potentialAction\":[{\"@type\":\"SearchAction\",\"target\":{\"@type\":\"EntryPoint\",\"urlTemplate\":\"https:\/\/www.ampipointservizimg.it\/?s={search_term_string}\"},\"query-input\":{\"@type\":\"PropertyValueSpecification\",\"valueRequired\":true,\"valueName\":\"search_term_string\"}}],\"inLanguage\":\"it-IT\"},{\"@type\":\"Organization\",\"@id\":\"https:\/\/www.ampipointservizimg.it\/#organization\",\"name\":\"Sviluppo Qualit\u00e0\",\"alternateName\":\"Sviluppo Qualit\u00e0\",\"url\":\"https:\/\/www.ampipointservizimg.it\/\",\"logo\":{\"@type\":\"ImageObject\",\"inLanguage\":\"it-IT\",\"@id\":\"https:\/\/www.ampipointservizimg.it\/#\/schema\/logo\/image\/\",\"url\":\"https:\/\/www.ampipointservizimg.it\/wp-content\/uploads\/2025\/06\/cropped-logo_con_ampi-1.png\",\"contentUrl\":\"https:\/\/www.ampipointservizimg.it\/wp-content\/uploads\/2025\/06\/cropped-logo_con_ampi-1.png\",\"width\":2269,\"height\":544,\"caption\":\"Sviluppo Qualit\u00e0\"},\"image\":{\"@id\":\"https:\/\/www.ampipointservizimg.it\/#\/schema\/logo\/image\/\"}}]}<\/script>\n<!-- \/ Yoast SEO plugin. -->","yoast_head_json":{"title":"Aggiornamento - Addetto preposto utilizzo segnaletica stradale - Ampi Point Servizi emmegi","robots":{"index":"index","follow":"follow","max-snippet":"max-snippet:-1","max-image-preview":"max-image-preview:large","max-video-preview":"max-video-preview:-1"},"canonical":"https:\/\/www.ampipointservizimg.it\/?product=agg-addetto-utilizzo-segnaletica-stradale","og_locale":"it_IT","og_type":"article","og_title":"Aggiornamento - Addetto preposto utilizzo segnaletica stradale - Ampi Point Servizi emmegi","og_description":"\u00a0 \u00a0 Visualizza Scheda Tecnica in PDF Titolo Corso di aggiornamento per \u201cLavoratori addetti all&#8217;utilizzo della segnaletica stradale\u201d (6 ore). Destinatari Lavoratori addetti alle attivit\u00e0 di revisione, integrazione e apposizione della segnaletica stradale destinata alle attivit\u00e0 lavorative che si svolgano in presenza di traffico veicolare. (D.M.L.P.S. del 22 Gennaio 2019). Obiettivi e Finalit\u00e0 Il percorso formativo \u00e8 finalizzato all&#8217;aggiornamento formativo [&hellip;]","og_url":"https:\/\/www.ampipointservizimg.it\/?product=agg-addetto-utilizzo-segnaletica-stradale","og_site_name":"Ampi Point Servizi emmegi","article_modified_time":"2025-07-08T21:16:06+00:00","og_image":[{"width":300,"height":300,"url":"https:\/\/www.ampipointservizimg.it\/wp-content\/uploads\/2022\/03\/addetti-segnaletica-stradale-preposti_icon.jpg","type":"image\/jpeg"}],"twitter_card":"summary_large_image","twitter_misc":{"Tempo di lettura stimato":"3 minuti"},"schema":{"@context":"https:\/\/schema.org","@graph":[{"@type":"WebPage","@id":"https:\/\/www.ampipointservizimg.it\/?product=agg-addetto-utilizzo-segnaletica-stradale","url":"https:\/\/www.ampipointservizimg.it\/?product=agg-addetto-utilizzo-segnaletica-stradale","name":"Aggiornamento - Addetto preposto utilizzo segnaletica stradale - Ampi Point Servizi emmegi","isPartOf":{"@id":"https:\/\/www.ampipointservizimg.it\/#website"},"primaryImageOfPage":{"@id":"https:\/\/www.ampipointservizimg.it\/?product=agg-addetto-utilizzo-segnaletica-stradale#primaryimage"},"image":{"@id":"https:\/\/www.ampipointservizimg.it\/?product=agg-addetto-utilizzo-segnaletica-stradale#primaryimage"},"thumbnailUrl":"https:\/\/www.ampipointservizimg.it\/wp-content\/uploads\/2022\/03\/addetti-segnaletica-stradale-preposti_icon.jpg","datePublished":"2022-03-02T15:53:07+00:00","dateModified":"2025-07-08T21:16:06+00:00","breadcrumb":{"@id":"https:\/\/www.ampipointservizimg.it\/?product=agg-addetto-utilizzo-segnaletica-stradale#breadcrumb"},"inLanguage":"it-IT","potentialAction":[{"@type":"ReadAction","target":["https:\/\/www.ampipointservizimg.it\/?product=agg-addetto-utilizzo-segnaletica-stradale"]}]},{"@type":"ImageObject","inLanguage":"it-IT","@id":"https:\/\/www.ampipointservizimg.it\/?product=agg-addetto-utilizzo-segnaletica-stradale#primaryimage","url":"https:\/\/www.ampipointservizimg.it\/wp-content\/uploads\/2022\/03\/addetti-segnaletica-stradale-preposti_icon.jpg","contentUrl":"https:\/\/www.ampipointservizimg.it\/wp-content\/uploads\/2022\/03\/addetti-segnaletica-stradale-preposti_icon.jpg","width":300,"height":300},{"@type":"BreadcrumbList","@id":"https:\/\/www.ampipointservizimg.it\/?product=agg-addetto-utilizzo-segnaletica-stradale#breadcrumb","itemListElement":[{"@type":"ListItem","position":1,"name":"Home","item":"https:\/\/www.ampipointservizimg.it\/"},{"@type":"ListItem","position":2,"name":"Shop","item":"https:\/\/www.ampipointservizimg.it\/?page_id=91"},{"@type":"ListItem","position":3,"name":"Aggiornamento &#8211; Addetto preposto utilizzo segnaletica stradale"}]},{"@type":"WebSite","@id":"https:\/\/www.ampipointservizimg.it\/#website","url":"https:\/\/www.ampipointservizimg.it\/","name":"Ampi Point Servizi emmegi","description":"","publisher":{"@id":"https:\/\/www.ampipointservizimg.it\/#organization"},"potentialAction":[{"@type":"SearchAction","target":{"@type":"EntryPoint","urlTemplate":"https:\/\/www.ampipointservizimg.it\/?s={search_term_string}"},"query-input":{"@type":"PropertyValueSpecification","valueRequired":true,"valueName":"search_term_string"}}],"inLanguage":"it-IT"},{"@type":"Organization","@id":"https:\/\/www.ampipointservizimg.it\/#organization","name":"Sviluppo Qualit\u00e0","alternateName":"Sviluppo Qualit\u00e0","url":"https:\/\/www.ampipointservizimg.it\/","logo":{"@type":"ImageObject","inLanguage":"it-IT","@id":"https:\/\/www.ampipointservizimg.it\/#\/schema\/logo\/image\/","url":"https:\/\/www.ampipointservizimg.it\/wp-content\/uploads\/2025\/06\/cropped-logo_con_ampi-1.png","contentUrl":"https:\/\/www.ampipointservizimg.it\/wp-content\/uploads\/2025\/06\/cropped-logo_con_ampi-1.png","width":2269,"height":544,"caption":"Sviluppo Qualit\u00e0"},"image":{"@id":"https:\/\/www.ampipointservizimg.it\/#\/schema\/logo\/image\/"}}]}},"_links":{"self":[{"href":"https:\/\/www.ampipointservizimg.it\/index.php?rest_route=\/wp\/v2\/product\/583","targetHints":{"allow":["GET"]}}],"collection":[{"href":"https:\/\/www.ampipointservizimg.it\/index.php?rest_route=\/wp\/v2\/product"}],"about":[{"href":"https:\/\/www.ampipointservizimg.it\/index.php?rest_route=\/wp\/v2\/types\/product"}],"wp:featuredmedia":[{"embeddable":true,"href":"https:\/\/www.ampipointservizimg.it\/index.php?rest_route=\/wp\/v2\/media\/580"}],"wp:attachment":[{"href":"https:\/\/www.ampipointservizimg.it\/index.php?rest_route=%2Fwp%2Fv2%2Fmedia&parent=583"}],"wp:term":[{"taxonomy":"product_brand","embeddable":true,"href":"https:\/\/www.ampipointservizimg.it\/index.php?rest_route=%2Fwp%2Fv2%2Fproduct_brand&post=583"},{"taxonomy":"product_cat","embeddable":true,"href":"https:\/\/www.ampipointservizimg.it\/index.php?rest_route=%2Fwp%2Fv2%2Fproduct_cat&post=583"},{"taxonomy":"product_tag","embeddable":true,"href":"https:\/\/www.ampipointservizimg.it\/index.php?rest_route=%2Fwp%2Fv2%2Fproduct_tag&post=583"}],"curies":[{"name":"wp","href":"https:\/\/api.w.org\/{rel}","templated":true}]}}