{"id":593,"date":"2022-03-02T16:56:02","date_gmt":"2022-03-02T15:56:02","guid":{"rendered":"https:\/\/new.sviluppoqualita.it\/prodotto\/primo-soccorso-aziende-gruppo\/"},"modified":"2025-07-08T23:16:06","modified_gmt":"2025-07-08T21:16:06","slug":"primo-soccorso-aziende-gruppo","status":"publish","type":"product","link":"https:\/\/www.ampipointservizimg.it\/?product=primo-soccorso-aziende-gruppo","title":{"rendered":"Primo Soccorso &#8211; (aziende gruppo A)"},"content":{"rendered":"<div id=\"div-scarica-scheda-tecnica\" style=\"text-align: center; padding: 7px; color: white; padding-top: 10px;\"><!-- blu 094775 rosso d1222b --> <a style=\"padding: 10px; border: 1px solid #dddddd; background-color: #d1222b; color: white;\" href=\"https:\/\/www.networkgtc.it\/wp-content\/uploads\/2019\/08\/21-Addetto-Primo-soccorso-gruppo-A.pdf\" target=\"_blank\" rel=\"noopener noreferrer\"> <i class=\"fa fa-file-pdf-o\" style=\"padding-left: 5px; ;color: white;\"><\/i> \u00a0 <span style=\"border-left: 1px solid white;\"> \u00a0 Visualizza Scheda Tecnica in PDF<\/span><\/a><\/div>\n<table class=\"tabella-scheda-tecnica-networkgtc\" style=\"width: 79.8935%; height: 2718px;\">\n<tbody>\n<tr style=\"height: 66px;\">\n<td style=\"width: 21.3467%; border-width: 1pt; border-style: solid; height: 66px;\">\n<p class=\"s1\" style=\"padding-left: 20pt; padding-right: 23pt; text-indent: 0pt; text-align: center;\">Titolo<\/p>\n<\/td>\n<td style=\"width: 110.794%; border-width: 1pt; border-style: solid; height: 66px;\">\n<p class=\"s2\" style=\"padding-top: 10pt; padding-left: 5pt; text-indent: 0pt; text-align: left;\">Corso di formazione per \u201cAddetto primo soccorso (aziende gruppo A)\u201d<\/p>\n<\/td>\n<\/tr>\n<tr style=\"height: 512px;\">\n<td style=\"width: 21.3467%; border-width: 1pt; border-style: solid; height: 512px;\">\n<p class=\"s1\" style=\"padding-left: 20pt; padding-right: 23pt; text-indent: 0pt; text-align: center;\">Destinatari<\/p>\n<\/td>\n<td style=\"width: 110.794%; border-width: 1pt; border-style: solid; height: 512px;\">\n<p class=\"s3\" style=\"padding-left: 5pt; padding-right: 4pt; text-indent: 0pt; text-align: justify;\">Coloro che sono designati a svolgere il ruolo di addetti al primo soccorso, che devono quindi saper attuare le azioni previste in situazioni di emergenza a fronte di un successivo intervento medico.<\/p>\n<p class=\"s3\" style=\"padding-left: 5pt; padding-right: 4pt; text-indent: 0pt; text-align: justify;\">Il corso \u00e8 rivolto alle aziende che secondo il Decreto Ministeriale 388 del 15 Luglio 2003 &#8220;Regolamento recante disposizioni sul pronto soccorso aziendale&#8221; fanno parte del<br \/>\n<b><br \/>\nGruppo A<\/b>, ovvero:<\/p>\n<ul>\n<li>Aziende o unit\u00e0 produttive con attivit\u00e0 industriali, soggette all&#8217;obbligo di dichiarazione o notifica, di cui all&#8217;articolo 2, del decreto legislativo 17 agosto 1999, n. 334, centrali termoelettriche, impianti e laboratori nucleari di cui agli articoli 7, 28 e 33 del decreto legislativo 17 marzo 1995, n. 230, aziende estrattive ed altre attivit\u00e0 minerarie definite dal decreto legislativo 25 novembre 1996, n. 624, lavori in sotterraneo di cui al decreto del Presidente della Repubblica 20 marzo 1956, n. 320, aziende per la fabbricazione di esplosivi, polveri e munizioni.<\/li>\n<li>Aziende o unit\u00e0 produttive con oltre cinque lavoratori appartenenti o riconducibili ai gruppi tariffari INAIL con indice infortunistico di inabilit\u00e0 permanente superiore a quattro, quali desumibili dalle statistiche nazionali INAIL relative al triennio precedente ed aggiornate al 31 dicembre di ciascun anno (clicca sul collegamento per consultare la tabella). Le predette statistiche nazionali INAIL sono pubblicate nella Gazzetta Ufficiale.<\/li>\n<li>Aziende o unit\u00e0 produttive con oltre cinque lavoratori a tempo indeterminato del comparto dell&#8217;agricoltura.<\/li>\n<\/ul>\n<\/td>\n<\/tr>\n<tr style=\"height: 267px;\">\n<td style=\"width: 21.3467%; border-width: 1pt; border-style: solid; height: 267px;\">\n<p class=\"s1\" style=\"padding-left: 27pt; padding-right: 30pt; text-indent: 0pt; text-align: center;\">Obiettivi e Finalit\u00e0<\/p>\n<\/td>\n<td style=\"width: 110.794%; border-width: 1pt; border-style: solid; height: 267px;\">\n<p class=\"s3\" style=\"padding-top: 6pt; padding-left: 11pt; padding-right: 4pt; text-indent: 0pt; text-align: justify;\">Il D. Lgs. 81\/2008, e s.m.i., dispone la formazione per addetti al pronto soccorso aziendale, in modo da affrontare le situazioni di emergenza e di primo intervento sanitario a tutela della salute di eventuale personale esposto ad eventi dannosi e che presenti lesioni fisiche o che si trovi in uno stato di difficolt\u00e0 e in pericolo di vita, in attesa dell\u2019arrivo degli operatori del campo medico competenti.<\/p>\n<p class=\"s3\" style=\"padding-left: 11pt; padding-right: 4pt; text-indent: 0pt; text-align: justify;\">La normativa prevede che l\u2019addetto al primo soccorso riceva, a seguito di quello che \u00e8 un assolvimento agli obblighi di legge da parte del datore di lavoro, adeguata formazione sulla capacit\u00e0 di intervenire con le idonee tecniche di primo soccorso nelle situazioni di pericolo per lo stato fisico del personale coinvolto a seguito di eventi dannosi e nocivi.<\/p>\n<\/td>\n<\/tr>\n<tr style=\"height: 125px;\">\n<td style=\"width: 21.3467%; border-width: 1pt; border-style: solid; text-align: center; height: 125px;\">Normativa di riferimento<\/td>\n<td style=\"width: 110.794%; border-width: 1pt; border-style: solid; height: 125px;\">\n<ul>\n<li>D. Lgs. 81\/08 e s. s. m. e i.;<\/li>\n<li>Decreto Ministeriale 388 del 15 Luglio 2003 &#8220;Regolamento recante disposizioni sul pronto soccorso aziendale&#8221;<\/li>\n<li>Accordo Stato \u2013 Regioni del 07\/07\/2016.<\/li>\n<\/ul>\n<\/td>\n<\/tr>\n<tr style=\"height: 65px;\">\n<td style=\"width: 21.3467%; border-width: 1pt; border-style: solid; text-align: center; height: 65px;\">Requisiti di ammissione<\/td>\n<td style=\"width: 110.794%; border-width: 1pt; border-style: solid; height: 65px;\">\n<p class=\"s3\" style=\"padding-top: 9pt; padding-left: 7pt; text-indent: 0pt; text-align: left;\">Nessun requisito.<\/p>\n<\/td>\n<\/tr>\n<tr style=\"height: 127px;\">\n<td style=\"width: 21.3467%; border-width: 1pt; border-style: solid; height: 127px;\">\n<p class=\"s1\" style=\"padding-left: 5pt; text-indent: 0pt; text-align: center;\">Durata e modalit\u00e0<\/p>\n<\/td>\n<td style=\"width: 110.794%; border-width: 1pt; border-style: solid; height: 127px;\">\n<p class=\"s3\" style=\"padding-top: 4pt; padding-left: 5pt; padding-right: 4pt; text-indent: 0pt; line-height: 113%; text-align: justify;\">Il corso \u00e8 strutturato in una &#8220;Formazione teorica&#8221; di 10 ore e in una &#8220;Formazione pratica&#8221; di 6 ore per i lavoratori delle aziende appartenenti al Gruppo A che deve essere svolta obbligatoriamente in aula.<\/p>\n<p class=\"s4\" style=\"padding-left: 5pt; text-indent: 0pt; text-align: justify;\">Ore totali<span class=\"s3\">: 16 ore (Modalit\u00e0 Aula).<br \/>\n<\/span><\/p>\n<\/td>\n<\/tr>\n<tr style=\"height: 53px;\">\n<td style=\"width: 21.3467%; border-width: 1pt; border-style: solid; height: 53px;\">\n<p style=\"text-indent: 0pt; text-align: left;\">\n<\/td>\n<td style=\"width: 110.794%; border-width: 1pt; border-style: solid; height: 53px;\">\n<p class=\"s5\" style=\"padding-left: 143pt; padding-right: 142pt; text-indent: 0pt; text-align: center;\">DISCIPLINE E CONTENUTI<\/p>\n<\/td>\n<\/tr>\n<tr style=\"height: 845px;\">\n<td style=\"width: 21.3467%; border-width: 1pt; border-style: solid; height: 845px;\">\n<p class=\"s1\" style=\"padding-left: 33pt; padding-right: 12pt; text-indent: -22pt; text-align: left;\">Programma del corso<\/p>\n<\/td>\n<td style=\"width: 110.794%; border-width: 1pt; border-style: solid; height: 845px;\">\n<p class=\"s3\" style=\"padding-left: 5pt; padding-right: 4pt; text-indent: 0pt; line-height: 113%; text-align: justify;\">Le discipline impartite sono conformi a quanto previsto all\u2019 Allegato n.3 (Contenuti minimi formazione pronto soccorso AZIENDE GRUPPO A) del Decreto Ministeriale 388 del 15 Luglio 2003 &#8220;Regolamento recante disposizioni sul pronto soccorso aziendale&#8221; ed al Decreto Legislativo n. 81 del 9 Aprile 2008 e s.m.i.<\/p>\n<p class=\"s3\" style=\"padding-left: 5pt; text-indent: 0pt; text-align: left;\">MODULO A (6 ore)<\/p>\n<p class=\"s3\" style=\"padding-left: 5pt; text-indent: 0pt; text-align: left;\">Allertare il sistema di soccorso<\/p>\n<ul>\n<li>Cause e circostanze dell&#8217;infortunio<\/li>\n<li>Comunicare le predette informazioni in maniera chiara e precisa ai Servizi di assistenza sanitaria di emergenza<\/li>\n<\/ul>\n<p>Riconoscere un&#8217;emergenza sanitaria<\/p>\n<ul>\n<li>Scena dell&#8217;infortunio<\/li>\n<li>raccolta delle informazioni<\/li>\n<li>previsione dei pericoli evidenti e di quelli probabili<\/li>\n<li>Accertamento delle condizioni psicofisiche del lavoratore infortunato<\/li>\n<li>funzioni vitali (polso, pressione, respiro)<\/li>\n<li>stato di coscienza<\/li>\n<li>ipotermia e ipertermia<\/li>\n<li>Nozioni elementari di anatomia e fisiologia dell&#8217;apparato cardiovascolare e respiratorio<\/li>\n<li>Tecniche di auto-protezione del personale addetto al soccorso Attuare gli interventi di primo soccorso<\/li>\n<li>Sostenimento delle funzioni vitali<\/li>\n<li>posizionamento dell&#8217;infortunato e manovre per la perviet\u00e0 delle prime vie aeree<\/li>\n<li>respirazione artificiale<\/li>\n<li>massaggio cardiaca esterno<\/li>\n<li>Riconoscimento e limiti d&#8217;intervento di primo soccorso<\/li>\n<li>lipotimia, sincope, shock<\/li>\n<li>edema polmonare acuto<\/li>\n<li>crisi asmatica<\/li>\n<li>dolore acuto stenocardico<\/li>\n<li>reazioni allergiche<\/li>\n<li>crisi convulsive<\/li>\n<li>emorragie esterne post- traumatiche e tamponamento emorragico<\/li>\n<\/ul>\n<p class=\"s3\" style=\"padding-top: 7pt; padding-left: 5pt; text-indent: 0pt; text-align: left;\">MODULO B (4 ore)<\/p>\n<p class=\"s3\" style=\"padding-left: 5pt; text-indent: 0pt; text-align: left;\">Acquisire conoscenze generali sui traumi in ambiente di lavoro<\/p>\n<ul>\n<li>Cenni di anatomia dello scheletro<\/li>\n<li>Lussazioni, fratture e complicanze<\/li>\n<li>Traumi e lesioni cranio-encefalici e della colonna vertebrale<\/li>\n<li>Traumi e lesioni toracico-addominali<\/li>\n<\/ul>\n<p>Acquisire conoscenze generali sulle patologie specifiche in ambiente di lavoro<\/p>\n<ul>\n<li>Lesioni da freddo e da calore<\/li>\n<li>Lesioni da corrente elettrica<\/li>\n<li>Lesioni da agenti chimici<\/li>\n<li>\u00a0Intossicazioni<\/li>\n<li>Ferite lacero contuse<\/li>\n<li>Emorragie esterne<\/li>\n<\/ul>\n<p class=\"s3\" style=\"padding-top: 4pt; padding-left: 5pt; text-indent: 0pt; text-align: left;\">MODULO C (6 ore)<\/p>\n<p class=\"s3\" style=\"padding-left: 5pt; text-indent: 0pt; text-align: left;\">Acquisire capacit\u00e0 di intervento pratico<\/p>\n<ul>\n<li>Tecniche di comunicazione con il sistema di emergenza del S.S.N<\/li>\n<li>Tecniche di primo soccorso nelle sindromi cerebrali acute<\/li>\n<li>Tecniche di primo soccorso nella sindrome di insufficienza respiratoria acuta<\/li>\n<li>Tecniche di rianimazione cardiopolmonare<\/li>\n<li>Tecniche di tamponamento emorragico<\/li>\n<li>Tecniche di sollevamento, spostamento e trasporto del traumatizzato<\/li>\n<li>Tecniche di primo soccorso in casi di esposizione accidentale ad agenti chimici e biologici.<\/li>\n<\/ul>\n<\/td>\n<\/tr>\n<tr style=\"height: 58px;\">\n<td style=\"width: 21.3467%; border-width: 1pt; border-style: solid; height: 58px;\">\n<p class=\"s1\" style=\"padding-left: 18pt; padding-right: 20pt; text-indent: 0pt; text-align: center;\">Valutazione<\/p>\n<\/td>\n<td style=\"width: 110.794%; border-width: 1pt; border-style: solid; height: 58px;\">\n<p class=\"s3\" style=\"padding-top: 4pt; padding-left: 5pt; text-indent: 0pt; text-align: left;\">La valutazione finale verr\u00e0 effettuata mediante una verifica di apprendimento in aula (esame finale).<\/p>\n<\/td>\n<\/tr>\n<tr style=\"height: 103px;\">\n<td style=\"width: 21.3467%; border-width: 1pt; border-style: solid; height: 103px; text-align: center;\">Attestato Formativo Rilasciato<\/td>\n<td style=\"width: 110.794%; border-width: 1pt; border-style: solid; height: 103px;\">\n<p class=\"s3\" style=\"padding-left: 5pt; text-indent: 0pt; text-align: left;\">Attestato di frequenza di \u201cPrimo Soccorso (gruppo A)\u201d di 16 ore.<\/p>\n<\/td>\n<\/tr>\n<tr style=\"height: 86px;\">\n<td style=\"width: 21.3467%; border-width: 1pt; border-style: solid; height: 86px;\">\n<p class=\"s1\" style=\"padding-left: 18pt; padding-right: 20pt; text-indent: 0pt; text-align: center;\">Docenza<\/p>\n<\/td>\n<td style=\"width: 110.794%; border-width: 1pt; border-style: solid; height: 86px;\">\n<p class=\"s3\" style=\"padding-top: 7pt; padding-left: 5pt; text-indent: 0pt; text-align: left;\">Personale medico, in collaborazione, ove possibile, con il sistema di emergenza del Servizio Sanitario Nazionale.<\/p>\n<\/td>\n<\/tr>\n<tr style=\"height: 105px;\">\n<td style=\"width: 21.3467%; border-width: 1pt; border-style: solid; height: 105px;\">\n<p class=\"s1\" style=\"padding-left: 18pt; padding-right: 20pt; text-indent: 0pt; text-align: center;\">Sede<\/p>\n<\/td>\n<td style=\"width: 110.794%; border-width: 1pt; border-style: solid; height: 105px;\">\n<p class=\"s3\" style=\"padding-top: 3pt; padding-left: 5pt; padding-right: 4pt; text-indent: 0pt; text-align: justify;\">Il corso sar\u00e0 erogato, secondo un calendario prestabilito, in una delle sedi pi\u00f9 vicine dislocate sul territorio nazionale. \u00c8 possibile ammettere un numero massimo di partecipanti ad ogni corso pari a 35 unit\u00e0. (punto 12.8 ASR 07\/07\/2016).<\/p>\n<\/td>\n<\/tr>\n<\/tbody>\n<\/table>\n","protected":false},"excerpt":{"rendered":"<p>\u00a0 \u00a0 Visualizza Scheda Tecnica in PDF Titolo Corso di formazione per \u201cAddetto primo soccorso (aziende gruppo A)\u201d Destinatari Coloro che sono designati a svolgere il ruolo di addetti al primo soccorso, che devono quindi saper attuare le azioni previste in situazioni di emergenza a fronte di un successivo intervento medico. Il corso \u00e8 rivolto alle aziende che secondo il [&hellip;]<\/p>\n","protected":false},"featured_media":590,"template":"","meta":[],"product_brand":[],"product_cat":[28,915],"product_tag":[31,177],"class_list":{"0":"post-593","1":"product","2":"type-product","3":"status-publish","4":"has-post-thumbnail","6":"product_cat-corsi-sicurezza-d-lgs-81-08","7":"product_cat-aula","8":"product_tag-corsi-sicurezza-d-lgs-81-08-lavoratori","9":"product_tag-corso-16-ore","11":"first","12":"instock","13":"taxable","14":"shipping-taxable","15":"product-type-simple"},"yoast_head":"<!-- This site is optimized with the Yoast SEO plugin v25.4 - https:\/\/yoast.com\/wordpress\/plugins\/seo\/ -->\n<title>Primo Soccorso - (aziende gruppo A) - Ampi Point Servizi emmegi<\/title>\n<meta name=\"robots\" content=\"index, follow, max-snippet:-1, max-image-preview:large, max-video-preview:-1\" \/>\n<link rel=\"canonical\" href=\"https:\/\/www.ampipointservizimg.it\/?product=primo-soccorso-aziende-gruppo\" \/>\n<meta property=\"og:locale\" content=\"it_IT\" \/>\n<meta property=\"og:type\" content=\"article\" \/>\n<meta property=\"og:title\" content=\"Primo Soccorso - (aziende gruppo A) - Ampi Point Servizi emmegi\" \/>\n<meta property=\"og:description\" content=\"\u00a0 \u00a0 Visualizza Scheda Tecnica in PDF Titolo Corso di formazione per \u201cAddetto primo soccorso (aziende gruppo A)\u201d Destinatari Coloro che sono designati a svolgere il ruolo di addetti al primo soccorso, che devono quindi saper attuare le azioni previste in situazioni di emergenza a fronte di un successivo intervento medico. Il corso \u00e8 rivolto alle aziende che secondo il [&hellip;]\" \/>\n<meta property=\"og:url\" content=\"https:\/\/www.ampipointservizimg.it\/?product=primo-soccorso-aziende-gruppo\" \/>\n<meta property=\"og:site_name\" content=\"Ampi Point Servizi emmegi\" \/>\n<meta property=\"article:modified_time\" content=\"2025-07-08T21:16:06+00:00\" \/>\n<meta property=\"og:image\" content=\"https:\/\/www.ampipointservizimg.it\/wp-content\/uploads\/2022\/03\/Primo-Soccorso-\u2013-aziende-gruppo-A.jpg\" \/>\n\t<meta property=\"og:image:width\" content=\"300\" \/>\n\t<meta property=\"og:image:height\" content=\"300\" \/>\n\t<meta property=\"og:image:type\" content=\"image\/jpeg\" \/>\n<meta name=\"twitter:card\" content=\"summary_large_image\" \/>\n<meta name=\"twitter:label1\" content=\"Tempo di lettura stimato\" \/>\n\t<meta name=\"twitter:data1\" content=\"4 minuti\" \/>\n<script type=\"application\/ld+json\" class=\"yoast-schema-graph\">{\"@context\":\"https:\/\/schema.org\",\"@graph\":[{\"@type\":\"WebPage\",\"@id\":\"https:\/\/www.ampipointservizimg.it\/?product=primo-soccorso-aziende-gruppo\",\"url\":\"https:\/\/www.ampipointservizimg.it\/?product=primo-soccorso-aziende-gruppo\",\"name\":\"Primo Soccorso - (aziende gruppo A) - Ampi Point Servizi emmegi\",\"isPartOf\":{\"@id\":\"https:\/\/www.ampipointservizimg.it\/#website\"},\"primaryImageOfPage\":{\"@id\":\"https:\/\/www.ampipointservizimg.it\/?product=primo-soccorso-aziende-gruppo#primaryimage\"},\"image\":{\"@id\":\"https:\/\/www.ampipointservizimg.it\/?product=primo-soccorso-aziende-gruppo#primaryimage\"},\"thumbnailUrl\":\"https:\/\/www.ampipointservizimg.it\/wp-content\/uploads\/2022\/03\/Primo-Soccorso-\u2013-aziende-gruppo-A.jpg\",\"datePublished\":\"2022-03-02T15:56:02+00:00\",\"dateModified\":\"2025-07-08T21:16:06+00:00\",\"breadcrumb\":{\"@id\":\"https:\/\/www.ampipointservizimg.it\/?product=primo-soccorso-aziende-gruppo#breadcrumb\"},\"inLanguage\":\"it-IT\",\"potentialAction\":[{\"@type\":\"ReadAction\",\"target\":[\"https:\/\/www.ampipointservizimg.it\/?product=primo-soccorso-aziende-gruppo\"]}]},{\"@type\":\"ImageObject\",\"inLanguage\":\"it-IT\",\"@id\":\"https:\/\/www.ampipointservizimg.it\/?product=primo-soccorso-aziende-gruppo#primaryimage\",\"url\":\"https:\/\/www.ampipointservizimg.it\/wp-content\/uploads\/2022\/03\/Primo-Soccorso-\u2013-aziende-gruppo-A.jpg\",\"contentUrl\":\"https:\/\/www.ampipointservizimg.it\/wp-content\/uploads\/2022\/03\/Primo-Soccorso-\u2013-aziende-gruppo-A.jpg\",\"width\":300,\"height\":300},{\"@type\":\"BreadcrumbList\",\"@id\":\"https:\/\/www.ampipointservizimg.it\/?product=primo-soccorso-aziende-gruppo#breadcrumb\",\"itemListElement\":[{\"@type\":\"ListItem\",\"position\":1,\"name\":\"Home\",\"item\":\"https:\/\/www.ampipointservizimg.it\/\"},{\"@type\":\"ListItem\",\"position\":2,\"name\":\"Shop\",\"item\":\"https:\/\/www.ampipointservizimg.it\/?page_id=91\"},{\"@type\":\"ListItem\",\"position\":3,\"name\":\"Primo Soccorso &#8211; (aziende gruppo A)\"}]},{\"@type\":\"WebSite\",\"@id\":\"https:\/\/www.ampipointservizimg.it\/#website\",\"url\":\"https:\/\/www.ampipointservizimg.it\/\",\"name\":\"Ampi Point Servizi emmegi\",\"description\":\"\",\"publisher\":{\"@id\":\"https:\/\/www.ampipointservizimg.it\/#organization\"},\"potentialAction\":[{\"@type\":\"SearchAction\",\"target\":{\"@type\":\"EntryPoint\",\"urlTemplate\":\"https:\/\/www.ampipointservizimg.it\/?s={search_term_string}\"},\"query-input\":{\"@type\":\"PropertyValueSpecification\",\"valueRequired\":true,\"valueName\":\"search_term_string\"}}],\"inLanguage\":\"it-IT\"},{\"@type\":\"Organization\",\"@id\":\"https:\/\/www.ampipointservizimg.it\/#organization\",\"name\":\"Sviluppo Qualit\u00e0\",\"alternateName\":\"Sviluppo Qualit\u00e0\",\"url\":\"https:\/\/www.ampipointservizimg.it\/\",\"logo\":{\"@type\":\"ImageObject\",\"inLanguage\":\"it-IT\",\"@id\":\"https:\/\/www.ampipointservizimg.it\/#\/schema\/logo\/image\/\",\"url\":\"https:\/\/www.ampipointservizimg.it\/wp-content\/uploads\/2025\/06\/cropped-logo_con_ampi-1.png\",\"contentUrl\":\"https:\/\/www.ampipointservizimg.it\/wp-content\/uploads\/2025\/06\/cropped-logo_con_ampi-1.png\",\"width\":2269,\"height\":544,\"caption\":\"Sviluppo Qualit\u00e0\"},\"image\":{\"@id\":\"https:\/\/www.ampipointservizimg.it\/#\/schema\/logo\/image\/\"}}]}<\/script>\n<!-- \/ Yoast SEO plugin. -->","yoast_head_json":{"title":"Primo Soccorso - (aziende gruppo A) - Ampi Point Servizi emmegi","robots":{"index":"index","follow":"follow","max-snippet":"max-snippet:-1","max-image-preview":"max-image-preview:large","max-video-preview":"max-video-preview:-1"},"canonical":"https:\/\/www.ampipointservizimg.it\/?product=primo-soccorso-aziende-gruppo","og_locale":"it_IT","og_type":"article","og_title":"Primo Soccorso - (aziende gruppo A) - Ampi Point Servizi emmegi","og_description":"\u00a0 \u00a0 Visualizza Scheda Tecnica in PDF Titolo Corso di formazione per \u201cAddetto primo soccorso (aziende gruppo A)\u201d Destinatari Coloro che sono designati a svolgere il ruolo di addetti al primo soccorso, che devono quindi saper attuare le azioni previste in situazioni di emergenza a fronte di un successivo intervento medico. Il corso \u00e8 rivolto alle aziende che secondo il [&hellip;]","og_url":"https:\/\/www.ampipointservizimg.it\/?product=primo-soccorso-aziende-gruppo","og_site_name":"Ampi Point Servizi emmegi","article_modified_time":"2025-07-08T21:16:06+00:00","og_image":[{"width":300,"height":300,"url":"https:\/\/www.ampipointservizimg.it\/wp-content\/uploads\/2022\/03\/Primo-Soccorso-\u2013-aziende-gruppo-A.jpg","type":"image\/jpeg"}],"twitter_card":"summary_large_image","twitter_misc":{"Tempo di lettura stimato":"4 minuti"},"schema":{"@context":"https:\/\/schema.org","@graph":[{"@type":"WebPage","@id":"https:\/\/www.ampipointservizimg.it\/?product=primo-soccorso-aziende-gruppo","url":"https:\/\/www.ampipointservizimg.it\/?product=primo-soccorso-aziende-gruppo","name":"Primo Soccorso - (aziende gruppo A) - Ampi Point Servizi emmegi","isPartOf":{"@id":"https:\/\/www.ampipointservizimg.it\/#website"},"primaryImageOfPage":{"@id":"https:\/\/www.ampipointservizimg.it\/?product=primo-soccorso-aziende-gruppo#primaryimage"},"image":{"@id":"https:\/\/www.ampipointservizimg.it\/?product=primo-soccorso-aziende-gruppo#primaryimage"},"thumbnailUrl":"https:\/\/www.ampipointservizimg.it\/wp-content\/uploads\/2022\/03\/Primo-Soccorso-\u2013-aziende-gruppo-A.jpg","datePublished":"2022-03-02T15:56:02+00:00","dateModified":"2025-07-08T21:16:06+00:00","breadcrumb":{"@id":"https:\/\/www.ampipointservizimg.it\/?product=primo-soccorso-aziende-gruppo#breadcrumb"},"inLanguage":"it-IT","potentialAction":[{"@type":"ReadAction","target":["https:\/\/www.ampipointservizimg.it\/?product=primo-soccorso-aziende-gruppo"]}]},{"@type":"ImageObject","inLanguage":"it-IT","@id":"https:\/\/www.ampipointservizimg.it\/?product=primo-soccorso-aziende-gruppo#primaryimage","url":"https:\/\/www.ampipointservizimg.it\/wp-content\/uploads\/2022\/03\/Primo-Soccorso-\u2013-aziende-gruppo-A.jpg","contentUrl":"https:\/\/www.ampipointservizimg.it\/wp-content\/uploads\/2022\/03\/Primo-Soccorso-\u2013-aziende-gruppo-A.jpg","width":300,"height":300},{"@type":"BreadcrumbList","@id":"https:\/\/www.ampipointservizimg.it\/?product=primo-soccorso-aziende-gruppo#breadcrumb","itemListElement":[{"@type":"ListItem","position":1,"name":"Home","item":"https:\/\/www.ampipointservizimg.it\/"},{"@type":"ListItem","position":2,"name":"Shop","item":"https:\/\/www.ampipointservizimg.it\/?page_id=91"},{"@type":"ListItem","position":3,"name":"Primo Soccorso &#8211; (aziende gruppo A)"}]},{"@type":"WebSite","@id":"https:\/\/www.ampipointservizimg.it\/#website","url":"https:\/\/www.ampipointservizimg.it\/","name":"Ampi Point Servizi emmegi","description":"","publisher":{"@id":"https:\/\/www.ampipointservizimg.it\/#organization"},"potentialAction":[{"@type":"SearchAction","target":{"@type":"EntryPoint","urlTemplate":"https:\/\/www.ampipointservizimg.it\/?s={search_term_string}"},"query-input":{"@type":"PropertyValueSpecification","valueRequired":true,"valueName":"search_term_string"}}],"inLanguage":"it-IT"},{"@type":"Organization","@id":"https:\/\/www.ampipointservizimg.it\/#organization","name":"Sviluppo Qualit\u00e0","alternateName":"Sviluppo Qualit\u00e0","url":"https:\/\/www.ampipointservizimg.it\/","logo":{"@type":"ImageObject","inLanguage":"it-IT","@id":"https:\/\/www.ampipointservizimg.it\/#\/schema\/logo\/image\/","url":"https:\/\/www.ampipointservizimg.it\/wp-content\/uploads\/2025\/06\/cropped-logo_con_ampi-1.png","contentUrl":"https:\/\/www.ampipointservizimg.it\/wp-content\/uploads\/2025\/06\/cropped-logo_con_ampi-1.png","width":2269,"height":544,"caption":"Sviluppo Qualit\u00e0"},"image":{"@id":"https:\/\/www.ampipointservizimg.it\/#\/schema\/logo\/image\/"}}]}},"_links":{"self":[{"href":"https:\/\/www.ampipointservizimg.it\/index.php?rest_route=\/wp\/v2\/product\/593","targetHints":{"allow":["GET"]}}],"collection":[{"href":"https:\/\/www.ampipointservizimg.it\/index.php?rest_route=\/wp\/v2\/product"}],"about":[{"href":"https:\/\/www.ampipointservizimg.it\/index.php?rest_route=\/wp\/v2\/types\/product"}],"wp:featuredmedia":[{"embeddable":true,"href":"https:\/\/www.ampipointservizimg.it\/index.php?rest_route=\/wp\/v2\/media\/590"}],"wp:attachment":[{"href":"https:\/\/www.ampipointservizimg.it\/index.php?rest_route=%2Fwp%2Fv2%2Fmedia&parent=593"}],"wp:term":[{"taxonomy":"product_brand","embeddable":true,"href":"https:\/\/www.ampipointservizimg.it\/index.php?rest_route=%2Fwp%2Fv2%2Fproduct_brand&post=593"},{"taxonomy":"product_cat","embeddable":true,"href":"https:\/\/www.ampipointservizimg.it\/index.php?rest_route=%2Fwp%2Fv2%2Fproduct_cat&post=593"},{"taxonomy":"product_tag","embeddable":true,"href":"https:\/\/www.ampipointservizimg.it\/index.php?rest_route=%2Fwp%2Fv2%2Fproduct_tag&post=593"}],"curies":[{"name":"wp","href":"https:\/\/api.w.org\/{rel}","templated":true}]}}