{"id":595,"date":"2022-03-02T16:56:33","date_gmt":"2022-03-02T15:56:33","guid":{"rendered":"https:\/\/new.sviluppoqualita.it\/prodotto\/dirigenti\/"},"modified":"2025-07-08T23:16:06","modified_gmt":"2025-07-08T21:16:06","slug":"dirigenti","status":"publish","type":"product","link":"https:\/\/www.ampipointservizimg.it\/?product=dirigenti","title":{"rendered":"Dirigenti"},"content":{"rendered":"<div id=\"div-scarica-scheda-tecnica\" style=\"text-align: center; padding: 7px; color: white; padding-top: 10px;\"><!-- blu 094775 rosso d1222b --> <a style=\"padding: 10px; border: 1px solid #dddddd; background-color: #d1222b; color: white;\" href=\"https:\/\/www.networkgtc.it\/wp-content\/uploads\/2019\/08\/7-Dirigenti.pdf\" target=\"_blank\" rel=\"noopener noreferrer\"> <i class=\"fa fa-file-pdf-o\" style=\"padding-left: 5px; ;color: white;\"><\/i> \u00a0 <span style=\"border-left: 1px solid white;\"> \u00a0 Visualizza Scheda Tecnica in PDF<\/span><\/a><\/div>\n<table class=\"tabella-scheda-tecnica-networkgtc\" style=\"width: 84.409%;\">\n<tbody>\n<tr>\n<td style=\"width: 21.7518%; border-width: 1pt; border-style: solid;\">\n<p class=\"s1\" style=\"padding-top: 6pt; padding-left: 4pt; padding-right: 6pt; text-indent: 0pt; text-align: center;\">Titolo<\/p>\n<\/td>\n<td style=\"width: 121.085%; border-width: 1pt; border-style: solid;\">\n<p class=\"s2\" style=\"padding-top: 5pt; padding-left: 5pt; text-indent: 0pt; text-align: left;\">Corso per \u201c<a href=\"https:\/\/shop.networkgtc.it\/product-category\/formazione\/sicurezza\/formazione-corsi-sicurezza-d-lgs-8108-lavoratori\/\">Dirigenti<\/a>\u201d<\/p>\n<\/td>\n<\/tr>\n<tr>\n<td style=\"width: 21.7518%; border-width: 1pt; border-style: solid;\">\n<p class=\"s1\" style=\"padding-left: 4pt; padding-right: 7pt; text-indent: 0pt; text-align: center;\">Destinatari<\/p>\n<\/td>\n<td style=\"width: 121.085%; border-width: 1pt; border-style: solid;\">\n<p class=\"s3\" style=\"padding-top: 2pt; padding-left: 5pt; padding-right: 4pt; text-indent: 0pt; text-align: justify;\">Dirigenti di attivit\u00e0 pubbliche e private cos\u00ec come definiti all\u2019art.2, comma 1, lett. d) del D.Lgs.81\/08.<\/p>\n<p class=\"s3\" style=\"padding-left: 5pt; padding-right: 4pt; text-indent: 0pt; text-align: justify;\">La formazione per dirigenti intende fornire un\u2019adeguata e specifica competenza professionale in relazione ai propri compiti in materia di salute e sicurezza del lavoro, articolo 37, comma 7 del d.lgs. n. 81\/08, e in relazione agli obblighi previsti all&#8217;articolo 18 dello stesso decreto.<\/p>\n<\/td>\n<\/tr>\n<tr>\n<td style=\"width: 21.7518%; border-width: 1pt; border-style: solid;\">\n<p class=\"s1\" style=\"padding-top: 8pt; padding-left: 27pt; padding-right: 30pt; text-indent: 0pt; text-align: center;\">Obiettivi e Finalit\u00e0<\/p>\n<\/td>\n<td style=\"width: 121.085%; border-width: 1pt; border-style: solid;\">\n<p class=\"s3\" style=\"padding-left: 7pt; padding-right: 4pt; text-indent: 0pt; line-height: 114%; text-align: justify;\">Il corso di formazione per dirigenti risponde ai criteri definiti nell\u2019Accordo Stato Regioni del 21\/12\/2011 e si propone di fornire ai partecipanti una formazione che copre gli ambiti giuridici e normativi in materia di salute e sicurezza sul lavoro, approfondendo la gestione e l\u2019organizzazione in azienda della salute e sicurezza sul lavoro.<\/p>\n<\/td>\n<\/tr>\n<tr>\n<td style=\"width: 21.7518%; border-width: 1pt; border-style: solid; text-align: center;\">Normativa di riferimento<\/td>\n<td style=\"width: 121.085%; border-width: 1pt; border-style: solid;\">\n<ul>\n<li>D. Lgs. 81\/08 e s. s. m. e i.;<\/li>\n<li>Accordo Stato \u2013 Regioni n.221 del 21 dicembre 2011;<\/li>\n<li>Accordo Stato \u2013 Regioni n.153 del 25 luglio 2012;<\/li>\n<li>Accordo Stato \u2013 Regioni n.128 del 07 luglio 2016.<\/li>\n<\/ul>\n<\/td>\n<\/tr>\n<tr>\n<td style=\"width: 21.7518%; border-width: 1pt; border-style: solid; text-align: center;\">Requisiti di ammissione<\/td>\n<td style=\"width: 121.085%; border-width: 1pt; border-style: solid;\">\n<p class=\"s3\" style=\"padding-left: 7pt; padding-right: 4pt; text-indent: 0pt; line-height: 114%; text-align: justify;\">Per l\u2019accesso al corso non sono richiesti titoli o requisiti specifici. Tuttavia il dirigente deve essere un soggetto che, in ragione delle competenze professionali e di poteri gerarchici e funzionali adeguati alla natura dell&#8217;incarico conferitogli, sia capace di attuare le direttive del datore di lavoro organizzando l&#8217;attivit\u00e0 lavorativa e vigilando su di essa.<\/p>\n<\/td>\n<\/tr>\n<tr>\n<td style=\"width: 21.7518%; border-width: 1pt; border-style: solid;\">\n<p class=\"s1\" style=\"padding-left: 4pt; padding-right: 7pt; text-indent: 0pt; text-align: center;\">Durata e modalit\u00e0<\/p>\n<\/td>\n<td style=\"width: 121.085%; border-width: 1pt; border-style: solid;\">\n<p class=\"s3\" style=\"padding-left: 5pt; padding-right: 3pt; text-indent: 0pt; text-align: left;\">Il corso \u00e8 strutturato in una formazione di 16 ore che pu\u00f2 essere svolta interamente in modalit\u00e0 E-learning con specifiche caratteristiche di qualit\u00e0 e certificazione delle sessioni di collegamento dei partecipanti.<\/p>\n<\/td>\n<\/tr>\n<tr>\n<td style=\"width: 21.7518%; border-width: 1pt; border-style: solid;\">\n<p style=\"text-indent: 0pt; text-align: left;\">\n<\/td>\n<td style=\"width: 121.085%; border-width: 1pt; border-style: solid;\">\n<p class=\"s4\" style=\"padding-top: 3pt; padding-left: 134pt; padding-right: 134pt; text-indent: 0pt; text-align: center;\">DISCIPLINE E CONTENUTI<\/p>\n<\/td>\n<\/tr>\n<tr>\n<td style=\"width: 21.7518%; border-width: 1pt; border-style: solid; text-align: center;\">Programma del corso<\/td>\n<td style=\"width: 121.085%; border-width: 1pt; border-style: solid;\">\u00a0 Modulo 1 &#8211; Giuridico Normativo<\/p>\n<ul>\n<li>Sistema legislativo in materia di sicurezza dei lavoratori;<\/li>\n<li>Organi di vigilanza e le procedure ispettive;<\/li>\n<li>Soggetti del sistema di prevenzione aziendale (Dlgs 81\/08, compiti, obblighi, responsabilit\u00e0 e tutela assicurativa);<\/li>\n<li>Delega di funzioni;<\/li>\n<li>La responsabilit\u00e0 civile e penale e la tutela assicurativa;<\/li>\n<li>La responsabilit\u00e0 amministrativa delle persone giuridiche (Dlgs 231\/01);<\/li>\n<li>I sistemi di qualificazione delle imprese e la patente a punti in edilizia.<\/li>\n<\/ul>\n<p class=\"s5\" style=\"padding-left: 5pt; text-indent: 0pt; line-height: 13pt; text-align: left;\">Modulo 2 <span class=\"s3\">&#8211; Gestione e organizzazione della sicurezza<br \/>\n<\/span><\/p>\n<ul>\n<li>Modelli di organizzazione e di gestione della salute e sicurezza sul lavoro (art. 30 D.lgs. 81\/08);<\/li>\n<li>Gestione della documentazione tecnica amministrativa;<\/li>\n<li>Obblighi connessi ai contratti di appalto o d\u2019opera o di somministrazione;<\/li>\n<li>Organizzazione della prevenzione incendi, primo soccorso e gestione delle emergenze;<\/li>\n<li>Modalit\u00e0 di organizzazione e di esercizio della funzione di vigilanza delle attivit\u00e0 lavorative e in ordine all\u2019adempimento degli obblighi previsti art. 18 comma 3 bis D.lgs. 81\/08;<\/li>\n<li>Ruolo del RSPP\/ASPP.<\/li>\n<\/ul>\n<p class=\"s5\" style=\"padding-top: 1pt; padding-left: 5pt; text-indent: 0pt; text-align: left;\">Modulo 3 &#8211; Criteri e strumenti per la valutazione dei rischi<\/p>\n<ul>\n<li>Il rischio da stress lavoro correlato;<\/li>\n<li>Rischio ricollegabile alle differenze di genere, et\u00e0, provenienza da altri paesi e dalla tipologia contrattuale;<\/li>\n<li>Il rischio da interferenze e lavori in appalto;<\/li>\n<li>Misure tecniche, organizzative e procedurali di prevenzione e protezione in base ai fattori di rischio;<\/li>\n<li>Considerazione degli infortuni mancati e delle risultanze delle attivit\u00e0 di partecipazione dei lavoratori e dei preposti;<\/li>\n<li>I DPI;<\/li>\n<li>La sorveglianza sanitaria.<\/li>\n<\/ul>\n<p class=\"s5\" style=\"padding-left: 5pt; text-indent: 0pt; line-height: 13pt; text-align: left;\">Modulo 4 &#8211; Comunicazione, informazione, consultazione<\/p>\n<ul>\n<li>Competenze relazionali e consapevolezza del ruolo;<\/li>\n<li>Importanza strategica dell\u2019informazione, della formazione e dell\u2019addestramento quali strumenti di conoscenza della realt\u00e0 aziendale;<\/li>\n<li>Tecniche di comunicazione;<\/li>\n<li>Lavoro di gruppo e gestione dei conflitti;<\/li>\n<li>Consultazione e partecipazione degli RLS;<\/li>\n<li>Natura, funzioni e modalit\u00e0 di nomina o di elezione degli RLS.<\/li>\n<\/ul>\n<\/td>\n<\/tr>\n<tr>\n<td style=\"width: 21.7518%; border-width: 1pt; border-style: solid;\">\n<p class=\"s1\" style=\"padding-left: 4pt; padding-right: 7pt; text-indent: 0pt; text-align: center;\">Valutazione<\/p>\n<\/td>\n<td style=\"width: 121.085%; border-width: 1pt; border-style: solid;\">\n<p class=\"s3\" style=\"padding-top: 4pt; padding-left: 5pt; text-indent: 0pt; text-align: left;\">La verifica dell&#8217;apprendimento si svolge sulla base di test a risposta multipla e quiz game somministrabili anche in itinere.<\/p>\n<\/td>\n<\/tr>\n<tr>\n<td style=\"width: 21.7518%; border-width: 1pt; border-style: solid; text-align: center;\">Attestato Formativo Rilasciato<\/td>\n<td style=\"width: 121.085%; border-width: 1pt; border-style: solid;\">\n<p class=\"s3\" style=\"padding-left: 5pt; text-indent: 0pt; text-align: left;\">Attestato di Frequenza da \u201cDirigenti\u201d di 16 ore.<\/p>\n<\/td>\n<\/tr>\n<tr>\n<td style=\"width: 21.7518%; border-width: 1pt; border-style: solid;\">\n<p class=\"s1\" style=\"padding-left: 4pt; padding-right: 7pt; text-indent: 0pt; text-align: center;\">Docenza<\/p>\n<\/td>\n<td style=\"width: 121.085%; border-width: 1pt; border-style: solid;\">\n<p class=\"s3\" style=\"padding-left: 5pt; text-indent: 0pt; text-align: left;\">Docenti in possesso dei requisiti previsti dal decreto interministeriale 6 marzo 2013, emanato in attuazione dell&#8217;articolo 6, comma 8, lettera m bis), del d.lgs. n. 81\/2008, entrato in vigore il 18 marzo 2014.<\/p>\n<\/td>\n<\/tr>\n<tr>\n<td style=\"width: 21.7518%; border-width: 1pt; border-style: solid;\">\n<p class=\"s1\" style=\"padding-left: 4pt; padding-right: 7pt; text-indent: 0pt; text-align: center;\">Sede<\/p>\n<\/td>\n<td style=\"width: 121.085%; border-width: 1pt; border-style: solid;\">\n<p class=\"s3\" style=\"padding-top: 1pt; padding-left: 5pt; padding-right: 4pt; text-indent: 0pt; text-align: justify;\">Il corso \u00e8 erogabile interamente in e-learning secondo le modalit\u00e0 definite all\u2019allegato II dell\u2019Accordo Stato \u2013 Regioni del 7 luglio 2016. In caso di svolgimento in aula il corso sar\u00e0 erogato, secondo un calendario prestabilito, in una delle sedi pi\u00f9 vicine dislocate sul territorio nazionale. \u00c8 possibile ammettere un numero massimo di partecipanti ad ogni corso pari a 35 unit\u00e0.<\/p>\n<\/td>\n<\/tr>\n<\/tbody>\n<\/table>\n","protected":false},"excerpt":{"rendered":"<p>\u00a0 \u00a0 Visualizza Scheda Tecnica in PDF Titolo Corso per \u201cDirigenti\u201d Destinatari Dirigenti di attivit\u00e0 pubbliche e private cos\u00ec come definiti all\u2019art.2, comma 1, lett. d) del D.Lgs.81\/08. La formazione per dirigenti intende fornire un\u2019adeguata e specifica competenza professionale in relazione ai propri compiti in materia di salute e sicurezza del lavoro, articolo 37, comma 7 del d.lgs. n. 81\/08, [&hellip;]<\/p>\n","protected":false},"featured_media":594,"template":"","meta":[],"product_brand":[],"product_cat":[28,917],"product_tag":[31,177],"class_list":{"0":"post-595","1":"product","2":"type-product","3":"status-publish","4":"has-post-thumbnail","6":"product_cat-corsi-sicurezza-d-lgs-81-08","7":"product_cat-corsi-fad","8":"product_tag-corsi-sicurezza-d-lgs-81-08-lavoratori","9":"product_tag-corso-16-ore","11":"first","12":"instock","13":"taxable","14":"shipping-taxable","15":"purchasable","16":"product-type-simple"},"yoast_head":"<!-- This site is optimized with the Yoast SEO plugin v25.4 - https:\/\/yoast.com\/wordpress\/plugins\/seo\/ -->\n<title>Dirigenti - Ampi Point Servizi emmegi<\/title>\n<meta name=\"robots\" content=\"index, follow, max-snippet:-1, max-image-preview:large, max-video-preview:-1\" \/>\n<link rel=\"canonical\" href=\"https:\/\/www.ampipointservizimg.it\/?product=dirigenti\" \/>\n<meta property=\"og:locale\" content=\"it_IT\" \/>\n<meta property=\"og:type\" content=\"article\" \/>\n<meta property=\"og:title\" content=\"Dirigenti - Ampi Point Servizi emmegi\" \/>\n<meta property=\"og:description\" content=\"\u00a0 \u00a0 Visualizza Scheda Tecnica in PDF Titolo Corso per \u201cDirigenti\u201d Destinatari Dirigenti di attivit\u00e0 pubbliche e private cos\u00ec come definiti all\u2019art.2, comma 1, lett. d) del D.Lgs.81\/08. La formazione per dirigenti intende fornire un\u2019adeguata e specifica competenza professionale in relazione ai propri compiti in materia di salute e sicurezza del lavoro, articolo 37, comma 7 del d.lgs. n. 81\/08, [&hellip;]\" \/>\n<meta property=\"og:url\" content=\"https:\/\/www.ampipointservizimg.it\/?product=dirigenti\" \/>\n<meta property=\"og:site_name\" content=\"Ampi Point Servizi emmegi\" \/>\n<meta property=\"article:modified_time\" content=\"2025-07-08T21:16:06+00:00\" \/>\n<meta property=\"og:image\" content=\"https:\/\/www.ampipointservizimg.it\/wp-content\/uploads\/2022\/03\/Dirigenti_icon-1.jpg\" \/>\n\t<meta property=\"og:image:width\" content=\"300\" \/>\n\t<meta property=\"og:image:height\" content=\"300\" \/>\n\t<meta property=\"og:image:type\" content=\"image\/jpeg\" \/>\n<meta name=\"twitter:card\" content=\"summary_large_image\" \/>\n<meta name=\"twitter:label1\" content=\"Tempo di lettura stimato\" \/>\n\t<meta name=\"twitter:data1\" content=\"3 minuti\" \/>\n<script type=\"application\/ld+json\" class=\"yoast-schema-graph\">{\"@context\":\"https:\/\/schema.org\",\"@graph\":[{\"@type\":\"WebPage\",\"@id\":\"https:\/\/www.ampipointservizimg.it\/?product=dirigenti\",\"url\":\"https:\/\/www.ampipointservizimg.it\/?product=dirigenti\",\"name\":\"Dirigenti - Ampi Point Servizi emmegi\",\"isPartOf\":{\"@id\":\"https:\/\/www.ampipointservizimg.it\/#website\"},\"primaryImageOfPage\":{\"@id\":\"https:\/\/www.ampipointservizimg.it\/?product=dirigenti#primaryimage\"},\"image\":{\"@id\":\"https:\/\/www.ampipointservizimg.it\/?product=dirigenti#primaryimage\"},\"thumbnailUrl\":\"https:\/\/www.ampipointservizimg.it\/wp-content\/uploads\/2022\/03\/Dirigenti_icon-1.jpg\",\"datePublished\":\"2022-03-02T15:56:33+00:00\",\"dateModified\":\"2025-07-08T21:16:06+00:00\",\"breadcrumb\":{\"@id\":\"https:\/\/www.ampipointservizimg.it\/?product=dirigenti#breadcrumb\"},\"inLanguage\":\"it-IT\",\"potentialAction\":[{\"@type\":\"ReadAction\",\"target\":[\"https:\/\/www.ampipointservizimg.it\/?product=dirigenti\"]}]},{\"@type\":\"ImageObject\",\"inLanguage\":\"it-IT\",\"@id\":\"https:\/\/www.ampipointservizimg.it\/?product=dirigenti#primaryimage\",\"url\":\"https:\/\/www.ampipointservizimg.it\/wp-content\/uploads\/2022\/03\/Dirigenti_icon-1.jpg\",\"contentUrl\":\"https:\/\/www.ampipointservizimg.it\/wp-content\/uploads\/2022\/03\/Dirigenti_icon-1.jpg\",\"width\":300,\"height\":300},{\"@type\":\"BreadcrumbList\",\"@id\":\"https:\/\/www.ampipointservizimg.it\/?product=dirigenti#breadcrumb\",\"itemListElement\":[{\"@type\":\"ListItem\",\"position\":1,\"name\":\"Home\",\"item\":\"https:\/\/www.ampipointservizimg.it\/\"},{\"@type\":\"ListItem\",\"position\":2,\"name\":\"Shop\",\"item\":\"https:\/\/www.ampipointservizimg.it\/?page_id=91\"},{\"@type\":\"ListItem\",\"position\":3,\"name\":\"Dirigenti\"}]},{\"@type\":\"WebSite\",\"@id\":\"https:\/\/www.ampipointservizimg.it\/#website\",\"url\":\"https:\/\/www.ampipointservizimg.it\/\",\"name\":\"Ampi Point Servizi emmegi\",\"description\":\"\",\"publisher\":{\"@id\":\"https:\/\/www.ampipointservizimg.it\/#organization\"},\"potentialAction\":[{\"@type\":\"SearchAction\",\"target\":{\"@type\":\"EntryPoint\",\"urlTemplate\":\"https:\/\/www.ampipointservizimg.it\/?s={search_term_string}\"},\"query-input\":{\"@type\":\"PropertyValueSpecification\",\"valueRequired\":true,\"valueName\":\"search_term_string\"}}],\"inLanguage\":\"it-IT\"},{\"@type\":\"Organization\",\"@id\":\"https:\/\/www.ampipointservizimg.it\/#organization\",\"name\":\"Sviluppo Qualit\u00e0\",\"alternateName\":\"Sviluppo Qualit\u00e0\",\"url\":\"https:\/\/www.ampipointservizimg.it\/\",\"logo\":{\"@type\":\"ImageObject\",\"inLanguage\":\"it-IT\",\"@id\":\"https:\/\/www.ampipointservizimg.it\/#\/schema\/logo\/image\/\",\"url\":\"https:\/\/www.ampipointservizimg.it\/wp-content\/uploads\/2025\/06\/cropped-logo_con_ampi-1.png\",\"contentUrl\":\"https:\/\/www.ampipointservizimg.it\/wp-content\/uploads\/2025\/06\/cropped-logo_con_ampi-1.png\",\"width\":2269,\"height\":544,\"caption\":\"Sviluppo Qualit\u00e0\"},\"image\":{\"@id\":\"https:\/\/www.ampipointservizimg.it\/#\/schema\/logo\/image\/\"}}]}<\/script>\n<!-- \/ Yoast SEO plugin. -->","yoast_head_json":{"title":"Dirigenti - Ampi Point Servizi emmegi","robots":{"index":"index","follow":"follow","max-snippet":"max-snippet:-1","max-image-preview":"max-image-preview:large","max-video-preview":"max-video-preview:-1"},"canonical":"https:\/\/www.ampipointservizimg.it\/?product=dirigenti","og_locale":"it_IT","og_type":"article","og_title":"Dirigenti - Ampi Point Servizi emmegi","og_description":"\u00a0 \u00a0 Visualizza Scheda Tecnica in PDF Titolo Corso per \u201cDirigenti\u201d Destinatari Dirigenti di attivit\u00e0 pubbliche e private cos\u00ec come definiti all\u2019art.2, comma 1, lett. d) del D.Lgs.81\/08. La formazione per dirigenti intende fornire un\u2019adeguata e specifica competenza professionale in relazione ai propri compiti in materia di salute e sicurezza del lavoro, articolo 37, comma 7 del d.lgs. n. 81\/08, [&hellip;]","og_url":"https:\/\/www.ampipointservizimg.it\/?product=dirigenti","og_site_name":"Ampi Point Servizi emmegi","article_modified_time":"2025-07-08T21:16:06+00:00","og_image":[{"width":300,"height":300,"url":"https:\/\/www.ampipointservizimg.it\/wp-content\/uploads\/2022\/03\/Dirigenti_icon-1.jpg","type":"image\/jpeg"}],"twitter_card":"summary_large_image","twitter_misc":{"Tempo di lettura stimato":"3 minuti"},"schema":{"@context":"https:\/\/schema.org","@graph":[{"@type":"WebPage","@id":"https:\/\/www.ampipointservizimg.it\/?product=dirigenti","url":"https:\/\/www.ampipointservizimg.it\/?product=dirigenti","name":"Dirigenti - Ampi Point Servizi emmegi","isPartOf":{"@id":"https:\/\/www.ampipointservizimg.it\/#website"},"primaryImageOfPage":{"@id":"https:\/\/www.ampipointservizimg.it\/?product=dirigenti#primaryimage"},"image":{"@id":"https:\/\/www.ampipointservizimg.it\/?product=dirigenti#primaryimage"},"thumbnailUrl":"https:\/\/www.ampipointservizimg.it\/wp-content\/uploads\/2022\/03\/Dirigenti_icon-1.jpg","datePublished":"2022-03-02T15:56:33+00:00","dateModified":"2025-07-08T21:16:06+00:00","breadcrumb":{"@id":"https:\/\/www.ampipointservizimg.it\/?product=dirigenti#breadcrumb"},"inLanguage":"it-IT","potentialAction":[{"@type":"ReadAction","target":["https:\/\/www.ampipointservizimg.it\/?product=dirigenti"]}]},{"@type":"ImageObject","inLanguage":"it-IT","@id":"https:\/\/www.ampipointservizimg.it\/?product=dirigenti#primaryimage","url":"https:\/\/www.ampipointservizimg.it\/wp-content\/uploads\/2022\/03\/Dirigenti_icon-1.jpg","contentUrl":"https:\/\/www.ampipointservizimg.it\/wp-content\/uploads\/2022\/03\/Dirigenti_icon-1.jpg","width":300,"height":300},{"@type":"BreadcrumbList","@id":"https:\/\/www.ampipointservizimg.it\/?product=dirigenti#breadcrumb","itemListElement":[{"@type":"ListItem","position":1,"name":"Home","item":"https:\/\/www.ampipointservizimg.it\/"},{"@type":"ListItem","position":2,"name":"Shop","item":"https:\/\/www.ampipointservizimg.it\/?page_id=91"},{"@type":"ListItem","position":3,"name":"Dirigenti"}]},{"@type":"WebSite","@id":"https:\/\/www.ampipointservizimg.it\/#website","url":"https:\/\/www.ampipointservizimg.it\/","name":"Ampi Point Servizi emmegi","description":"","publisher":{"@id":"https:\/\/www.ampipointservizimg.it\/#organization"},"potentialAction":[{"@type":"SearchAction","target":{"@type":"EntryPoint","urlTemplate":"https:\/\/www.ampipointservizimg.it\/?s={search_term_string}"},"query-input":{"@type":"PropertyValueSpecification","valueRequired":true,"valueName":"search_term_string"}}],"inLanguage":"it-IT"},{"@type":"Organization","@id":"https:\/\/www.ampipointservizimg.it\/#organization","name":"Sviluppo Qualit\u00e0","alternateName":"Sviluppo Qualit\u00e0","url":"https:\/\/www.ampipointservizimg.it\/","logo":{"@type":"ImageObject","inLanguage":"it-IT","@id":"https:\/\/www.ampipointservizimg.it\/#\/schema\/logo\/image\/","url":"https:\/\/www.ampipointservizimg.it\/wp-content\/uploads\/2025\/06\/cropped-logo_con_ampi-1.png","contentUrl":"https:\/\/www.ampipointservizimg.it\/wp-content\/uploads\/2025\/06\/cropped-logo_con_ampi-1.png","width":2269,"height":544,"caption":"Sviluppo Qualit\u00e0"},"image":{"@id":"https:\/\/www.ampipointservizimg.it\/#\/schema\/logo\/image\/"}}]}},"_links":{"self":[{"href":"https:\/\/www.ampipointservizimg.it\/index.php?rest_route=\/wp\/v2\/product\/595","targetHints":{"allow":["GET"]}}],"collection":[{"href":"https:\/\/www.ampipointservizimg.it\/index.php?rest_route=\/wp\/v2\/product"}],"about":[{"href":"https:\/\/www.ampipointservizimg.it\/index.php?rest_route=\/wp\/v2\/types\/product"}],"wp:featuredmedia":[{"embeddable":true,"href":"https:\/\/www.ampipointservizimg.it\/index.php?rest_route=\/wp\/v2\/media\/594"}],"wp:attachment":[{"href":"https:\/\/www.ampipointservizimg.it\/index.php?rest_route=%2Fwp%2Fv2%2Fmedia&parent=595"}],"wp:term":[{"taxonomy":"product_brand","embeddable":true,"href":"https:\/\/www.ampipointservizimg.it\/index.php?rest_route=%2Fwp%2Fv2%2Fproduct_brand&post=595"},{"taxonomy":"product_cat","embeddable":true,"href":"https:\/\/www.ampipointservizimg.it\/index.php?rest_route=%2Fwp%2Fv2%2Fproduct_cat&post=595"},{"taxonomy":"product_tag","embeddable":true,"href":"https:\/\/www.ampipointservizimg.it\/index.php?rest_route=%2Fwp%2Fv2%2Fproduct_tag&post=595"}],"curies":[{"name":"wp","href":"https:\/\/api.w.org\/{rel}","templated":true}]}}