{"id":596,"date":"2022-03-02T16:57:00","date_gmt":"2022-03-02T15:57:00","guid":{"rendered":"https:\/\/new.sviluppoqualita.it\/prodotto\/agg-formazione-lavoratori-rischio-alto\/"},"modified":"2025-07-08T23:16:06","modified_gmt":"2025-07-08T21:16:06","slug":"agg-formazione-lavoratori-rischio-alto","status":"publish","type":"product","link":"https:\/\/www.ampipointservizimg.it\/?product=agg-formazione-lavoratori-rischio-alto","title":{"rendered":"Aggiornamento Formazione Lavoratori Rischio Alto"},"content":{"rendered":"<table class=\"tabella-scheda-tecnica-networkgtc\" style=\"width: 78.0945%;\">\n<tbody>\n<tr>\n<td style=\"width: 21.7518%; border-width: 1pt; border-style: solid;\">\n<p class=\"s1\" style=\"padding-top: 6pt; padding-left: 18pt; padding-right: 20pt; text-indent: 0pt; text-align: center;\">Titolo<\/p>\n<\/td>\n<td style=\"width: 110.511%; border-width: 1pt; border-style: solid;\">\n<p class=\"s2\" style=\"padding-top: 5pt; padding-left: 5pt; text-indent: 0pt; text-align: left;\">Corso \u201cAggiornamento Formazione dei lavoratori rischio alto\u201d (6 ore)<\/p>\n<\/td>\n<\/tr>\n<tr>\n<td style=\"width: 21.7518%; border-width: 1pt; border-style: solid;\">\n<p class=\"s1\" style=\"padding-left: 18pt; padding-right: 20pt; text-indent: 0pt; text-align: center;\">Destinatari<\/p>\n<\/td>\n<td style=\"width: 110.511%; border-width: 1pt; border-style: solid;\">\n<p class=\"s3\" style=\"padding-top: 5pt; padding-left: 5pt; padding-right: 4pt; text-indent: 0pt; line-height: 114%; text-align: justify;\">Il corso si rivolge ai lavoratori che hanno la necessit\u00e0 di effettuare l\u2019<a href=\"https:\/\/shop.networkgtc.it\/product-category\/formazione\/sicurezza\/formazione-aggiornamento-corsi-sicurezza-d-lgs-8108-lavoratori\/\">aggiornamento quinquennale<\/a> della formazione per lavoratori ai sensi dell\u2019art 37, comma 2, D.lgs. 81\/08 e punto 9 ASR 21-12-2011.<\/p>\n<p class=\"s3\" style=\"padding-left: 5pt; padding-right: 4pt; text-indent: 0pt; line-height: 114%; text-align: justify;\">L\u2019art. 37 del D.lgs. 81\/08 prevede che il Datore di lavoro formi tutti i suoi dipendenti, nel rispetto dei contenuti e della durata previsti dall\u2019accordo tra il Ministro del lavoro e delle politiche sociali, il Ministro della salute, le Regioni e le Province autonome di Trento e Bolzano per la formazione dei lavoratori sanciti dalla Conferenza Stato Regioni in data 21\/12\/2011.<\/p>\n<\/td>\n<\/tr>\n<tr>\n<td style=\"width: 21.7518%; border-width: 1pt; border-style: solid;\">\n<p class=\"s1\" style=\"padding-top: 9pt; padding-left: 26pt; padding-right: 29pt; text-indent: 0pt; text-align: center;\">Obiettivi e Finalit\u00e0<\/p>\n<\/td>\n<td style=\"width: 110.511%; border-width: 1pt; border-style: solid;\">\n<p class=\"s3\" style=\"padding-top: 5pt; padding-left: 7pt; padding-right: 4pt; text-indent: 0pt; line-height: 114%; text-align: justify;\">Fornire ai partecipanti la formazione richiesta in funzione dei rischi riferiti alle mansioni e ai possibili danni e alle conseguenti misure e procedure di prevenzione e protezione caratteristici del settore o comparto di appartenenza dell&#8217;azienda. Il corso \u00e8 rivolto ai lavoratori la cui impresa rientra nelle macro categorie di rischio alto cos\u00ec come individuate all\u2019allegato 2\u00b0 dell\u2019 Accordo Stato Regioni del 21-12-2011 (ATECO 2007).<\/p>\n<\/td>\n<\/tr>\n<tr>\n<td style=\"width: 21.7518%; border-width: 1pt; border-style: solid; text-align: center;\">Normativa di riferimento<\/td>\n<td style=\"width: 110.511%; border-width: 1pt; border-style: solid;\">\n<ul>\n<li>D. Lgs. 81\/08 e s. s. m. e i.;<\/li>\n<li>Accordo Stato \u2013 Regioni n.221 del 21 dicembre 2011;<\/li>\n<li>Accordo Stato \u2013 Regioni n.153 del 25 luglio 2012;<\/li>\n<li>Accordo Stato \u2013 Regioni n.128 del 07 luglio 2016.<\/li>\n<\/ul>\n<\/td>\n<\/tr>\n<tr>\n<td style=\"width: 21.7518%; border-width: 1pt; border-style: solid; text-align: center;\">Requisiti di ammissione<\/td>\n<td style=\"width: 110.511%; border-width: 1pt; border-style: solid;\">\n<p class=\"s3\" style=\"padding-top: 9pt; padding-left: 7pt; text-indent: 0pt; text-align: left;\">Attestato di frequenza al corso di formazione dei lavoratori rischio alto.<\/p>\n<\/td>\n<\/tr>\n<tr>\n<td style=\"width: 21.7518%; border-width: 1pt 1pt 2pt; border-style: solid; text-align: center;\">Durata e modalit\u00e0<\/td>\n<td style=\"width: 110.511%; border-width: 1pt 1pt 2pt; border-style: solid;\">\n<p class=\"s3\" style=\"padding-top: 2pt; padding-left: 7pt; padding-right: 4pt; text-indent: 0pt; line-height: 114%; text-align: justify;\">Il corso \u00e8 erogabile in modalit\u00e0 e-learning con specifiche caratteristiche di qualit\u00e0 e certificazione delle sessioni di collegamento dei partecipanti e secondo le nuove disposizioni previste dall\u2019Accordo Stato Regioni n.128 del 07 luglio 2016.<\/p>\n<p class=\"s3\" style=\"padding-left: 7pt; text-indent: 0pt; text-align: justify;\">Ore totali: 6.<\/p>\n<p class=\"s3\" style=\"padding-top: 2pt; padding-left: 7pt; text-indent: 0pt; text-align: justify;\">Modalit\u00e0: E-LEARNING.<\/p>\n<\/td>\n<\/tr>\n<tr>\n<td style=\"width: 21.7518%; border-width: 2pt 1pt 1pt; border-style: solid;\">\n<p style=\"text-indent: 0pt; text-align: left;\">\n<\/td>\n<td style=\"width: 110.511%; border-width: 2pt 1pt 1pt; border-style: solid;\">\n<p class=\"s3\" style=\"padding-top: 5pt; padding-left: 7pt; text-indent: 0pt; text-align: left;\">DISCIPLINE E CONTENUTI<\/p>\n<\/td>\n<\/tr>\n<tr>\n<td style=\"width: 21.7518%; border-width: 1pt; border-style: solid;\">\n<p class=\"s1\" style=\"padding-left: 33pt; padding-right: 12pt; text-indent: -22pt; text-align: left;\">Programma del corso<\/p>\n<\/td>\n<td style=\"width: 110.511%; border-width: 1pt; border-style: solid;\">\n<p class=\"s3\" style=\"padding-left: 7pt; text-indent: 0pt; line-height: 113%; text-align: left;\">I contenuti e i principali argomenti trattati riguardano significative evoluzioni e innovazioni, applicazioni pratiche e\/o approfondimenti relativi a:<\/p>\n<ul>\n<li>Approfondimenti giuridico \u2013 normativi;<\/li>\n<li>Aggiornamenti tecnici sui rischi ai quali sono esposti i lavoratori;<\/li>\n<li>Aggiornamenti su organizzazione e gestione della sicurezza in azienda;<\/li>\n<li>Fonti di rischio e relative misure di prevenzione.<\/li>\n<\/ul>\n<\/td>\n<\/tr>\n<tr>\n<td style=\"width: 21.7518%; border-width: 1pt; border-style: solid;\">\n<p class=\"s1\" style=\"padding-left: 18pt; padding-right: 20pt; text-indent: 0pt; text-align: center;\">Valutazione<\/p>\n<\/td>\n<td style=\"width: 110.511%; border-width: 1pt; border-style: solid;\">\n<p class=\"s3\" style=\"padding-top: 2pt; padding-left: 7pt; text-indent: 0pt; line-height: 114%; text-align: left;\">La verifica dell&#8217;apprendimento si svolge sulla base di test a risposta multipla e quiz game somministrabili anche in itinere.<\/p>\n<\/td>\n<\/tr>\n<tr>\n<td style=\"width: 21.7518%; border-width: 1pt; border-style: solid; text-align: center;\">Attestato Formativo Rilasciato<\/td>\n<td style=\"width: 110.511%; border-width: 1pt; border-style: solid;\">\n<p class=\"s3\" style=\"padding-left: 7pt; text-indent: 0pt; text-align: left;\">Attestato di frequenza \u201cAggiornamento formazione dei lavoratori rischio alto\u201d.<\/p>\n<\/td>\n<\/tr>\n<tr>\n<td style=\"width: 21.7518%; border-width: 1pt; border-style: solid;\">\n<p class=\"s1\" style=\"padding-top: 9pt; padding-left: 18pt; padding-right: 20pt; text-indent: 0pt; text-align: center;\">Docenza<\/p>\n<\/td>\n<td style=\"width: 110.511%; border-width: 1pt; border-style: solid;\">\n<p class=\"s3\" style=\"padding-top: 4pt; padding-left: 7pt; padding-right: 4pt; text-indent: 0pt; line-height: 114%; text-align: justify;\">Docenti in possesso dei requisiti previsti dal decreto interministeriale 6 marzo 2013, emanato in attuazione dell&#8217;articolo 6, comma 8, lettera m bis), del d.lgs. n. 81\/2008, entrato in vigore il 18 marzo 2014.<\/p>\n<\/td>\n<\/tr>\n<tr>\n<td style=\"width: 21.7518%; border-width: 1pt; border-style: solid;\">\n<p class=\"s1\" style=\"padding-top: 7pt; padding-left: 18pt; padding-right: 20pt; text-indent: 0pt; text-align: center;\">Sede<\/p>\n<\/td>\n<td style=\"width: 110.511%; border-width: 1pt; border-style: solid;\">\n<p class=\"s3\" style=\"padding-left: 7pt; padding-right: 4pt; text-indent: 0pt; line-height: 114%; text-align: justify;\">Il corso \u00e8 erogabile interamente in e-learning secondo le modalit\u00e0 definite all\u2019allegato II dell\u2019Accordo Stato \u2013 Regioni del 7 luglio 2016. In caso di svolgimento in aula il corso sar\u00e0 erogato, secondo un calendario prestabilito, in una delle sedi pi\u00f9 vicine dislocate sul territorio nazionale. \u00c8 possibile ammettere un numero massimo di partecipanti ad ogni corso pari a 35 unit\u00e0.<\/p>\n<\/td>\n<\/tr>\n<\/tbody>\n<\/table>\n","protected":false},"excerpt":{"rendered":"<p>Titolo Corso \u201cAggiornamento Formazione dei lavoratori rischio alto\u201d (6 ore) Destinatari Il corso si rivolge ai lavoratori che hanno la necessit\u00e0 di effettuare l\u2019aggiornamento quinquennale della formazione per lavoratori ai sensi dell\u2019art 37, comma 2, D.lgs. 81\/08 e punto 9 ASR 21-12-2011. L\u2019art. 37 del D.lgs. 81\/08 prevede che il Datore di lavoro formi tutti i suoi dipendenti, nel rispetto [&hellip;]<\/p>\n","protected":false},"featured_media":313,"template":"","meta":[],"product_brand":[],"product_cat":[28,917],"product_tag":[320,166],"class_list":{"0":"post-596","1":"product","2":"type-product","3":"status-publish","4":"has-post-thumbnail","6":"product_cat-corsi-sicurezza-d-lgs-81-08","7":"product_cat-corsi-fad","8":"product_tag-aggiornamento-corsi-sicurezza-d-lgs-81-08-lavoratori","9":"product_tag-corso-6-ore","11":"first","12":"instock","13":"taxable","14":"shipping-taxable","15":"purchasable","16":"product-type-simple"},"yoast_head":"<!-- This site is optimized with the Yoast SEO plugin v25.4 - https:\/\/yoast.com\/wordpress\/plugins\/seo\/ -->\n<title>Aggiornamento Formazione Lavoratori Rischio Alto - Ampi Point Servizi emmegi<\/title>\n<meta name=\"robots\" content=\"index, follow, max-snippet:-1, max-image-preview:large, max-video-preview:-1\" \/>\n<link rel=\"canonical\" href=\"https:\/\/www.ampipointservizimg.it\/?product=agg-formazione-lavoratori-rischio-alto\" \/>\n<meta property=\"og:locale\" content=\"it_IT\" \/>\n<meta property=\"og:type\" content=\"article\" \/>\n<meta property=\"og:title\" content=\"Aggiornamento Formazione Lavoratori Rischio Alto - Ampi Point Servizi emmegi\" \/>\n<meta property=\"og:description\" content=\"Titolo Corso \u201cAggiornamento Formazione dei lavoratori rischio alto\u201d (6 ore) Destinatari Il corso si rivolge ai lavoratori che hanno la necessit\u00e0 di effettuare l\u2019aggiornamento quinquennale della formazione per lavoratori ai sensi dell\u2019art 37, comma 2, D.lgs. 81\/08 e punto 9 ASR 21-12-2011. L\u2019art. 37 del D.lgs. 81\/08 prevede che il Datore di lavoro formi tutti i suoi dipendenti, nel rispetto [&hellip;]\" \/>\n<meta property=\"og:url\" content=\"https:\/\/www.ampipointservizimg.it\/?product=agg-formazione-lavoratori-rischio-alto\" \/>\n<meta property=\"og:site_name\" content=\"Ampi Point Servizi emmegi\" \/>\n<meta property=\"article:modified_time\" content=\"2025-07-08T21:16:06+00:00\" \/>\n<meta property=\"og:image\" content=\"https:\/\/www.ampipointservizimg.it\/wp-content\/uploads\/2022\/02\/Formazione-Lavoratori-Rischio-alto_icon-1.jpg\" \/>\n\t<meta property=\"og:image:width\" content=\"300\" \/>\n\t<meta property=\"og:image:height\" content=\"300\" \/>\n\t<meta property=\"og:image:type\" content=\"image\/jpeg\" \/>\n<meta name=\"twitter:card\" content=\"summary_large_image\" \/>\n<meta name=\"twitter:label1\" content=\"Tempo di lettura stimato\" \/>\n\t<meta name=\"twitter:data1\" content=\"2 minuti\" \/>\n<script type=\"application\/ld+json\" class=\"yoast-schema-graph\">{\"@context\":\"https:\/\/schema.org\",\"@graph\":[{\"@type\":\"WebPage\",\"@id\":\"https:\/\/www.ampipointservizimg.it\/?product=agg-formazione-lavoratori-rischio-alto\",\"url\":\"https:\/\/www.ampipointservizimg.it\/?product=agg-formazione-lavoratori-rischio-alto\",\"name\":\"Aggiornamento Formazione Lavoratori Rischio Alto - Ampi Point Servizi emmegi\",\"isPartOf\":{\"@id\":\"https:\/\/www.ampipointservizimg.it\/#website\"},\"primaryImageOfPage\":{\"@id\":\"https:\/\/www.ampipointservizimg.it\/?product=agg-formazione-lavoratori-rischio-alto#primaryimage\"},\"image\":{\"@id\":\"https:\/\/www.ampipointservizimg.it\/?product=agg-formazione-lavoratori-rischio-alto#primaryimage\"},\"thumbnailUrl\":\"https:\/\/www.ampipointservizimg.it\/wp-content\/uploads\/2022\/02\/Formazione-Lavoratori-Rischio-alto_icon-1.jpg\",\"datePublished\":\"2022-03-02T15:57:00+00:00\",\"dateModified\":\"2025-07-08T21:16:06+00:00\",\"breadcrumb\":{\"@id\":\"https:\/\/www.ampipointservizimg.it\/?product=agg-formazione-lavoratori-rischio-alto#breadcrumb\"},\"inLanguage\":\"it-IT\",\"potentialAction\":[{\"@type\":\"ReadAction\",\"target\":[\"https:\/\/www.ampipointservizimg.it\/?product=agg-formazione-lavoratori-rischio-alto\"]}]},{\"@type\":\"ImageObject\",\"inLanguage\":\"it-IT\",\"@id\":\"https:\/\/www.ampipointservizimg.it\/?product=agg-formazione-lavoratori-rischio-alto#primaryimage\",\"url\":\"https:\/\/www.ampipointservizimg.it\/wp-content\/uploads\/2022\/02\/Formazione-Lavoratori-Rischio-alto_icon-1.jpg\",\"contentUrl\":\"https:\/\/www.ampipointservizimg.it\/wp-content\/uploads\/2022\/02\/Formazione-Lavoratori-Rischio-alto_icon-1.jpg\",\"width\":300,\"height\":300},{\"@type\":\"BreadcrumbList\",\"@id\":\"https:\/\/www.ampipointservizimg.it\/?product=agg-formazione-lavoratori-rischio-alto#breadcrumb\",\"itemListElement\":[{\"@type\":\"ListItem\",\"position\":1,\"name\":\"Home\",\"item\":\"https:\/\/www.ampipointservizimg.it\/\"},{\"@type\":\"ListItem\",\"position\":2,\"name\":\"Shop\",\"item\":\"https:\/\/www.ampipointservizimg.it\/?page_id=91\"},{\"@type\":\"ListItem\",\"position\":3,\"name\":\"Aggiornamento Formazione Lavoratori Rischio Alto\"}]},{\"@type\":\"WebSite\",\"@id\":\"https:\/\/www.ampipointservizimg.it\/#website\",\"url\":\"https:\/\/www.ampipointservizimg.it\/\",\"name\":\"Ampi Point Servizi emmegi\",\"description\":\"\",\"publisher\":{\"@id\":\"https:\/\/www.ampipointservizimg.it\/#organization\"},\"potentialAction\":[{\"@type\":\"SearchAction\",\"target\":{\"@type\":\"EntryPoint\",\"urlTemplate\":\"https:\/\/www.ampipointservizimg.it\/?s={search_term_string}\"},\"query-input\":{\"@type\":\"PropertyValueSpecification\",\"valueRequired\":true,\"valueName\":\"search_term_string\"}}],\"inLanguage\":\"it-IT\"},{\"@type\":\"Organization\",\"@id\":\"https:\/\/www.ampipointservizimg.it\/#organization\",\"name\":\"Sviluppo Qualit\u00e0\",\"alternateName\":\"Sviluppo Qualit\u00e0\",\"url\":\"https:\/\/www.ampipointservizimg.it\/\",\"logo\":{\"@type\":\"ImageObject\",\"inLanguage\":\"it-IT\",\"@id\":\"https:\/\/www.ampipointservizimg.it\/#\/schema\/logo\/image\/\",\"url\":\"https:\/\/www.ampipointservizimg.it\/wp-content\/uploads\/2025\/06\/cropped-logo_con_ampi-1.png\",\"contentUrl\":\"https:\/\/www.ampipointservizimg.it\/wp-content\/uploads\/2025\/06\/cropped-logo_con_ampi-1.png\",\"width\":2269,\"height\":544,\"caption\":\"Sviluppo Qualit\u00e0\"},\"image\":{\"@id\":\"https:\/\/www.ampipointservizimg.it\/#\/schema\/logo\/image\/\"}}]}<\/script>\n<!-- \/ Yoast SEO plugin. -->","yoast_head_json":{"title":"Aggiornamento Formazione Lavoratori Rischio Alto - Ampi Point Servizi emmegi","robots":{"index":"index","follow":"follow","max-snippet":"max-snippet:-1","max-image-preview":"max-image-preview:large","max-video-preview":"max-video-preview:-1"},"canonical":"https:\/\/www.ampipointservizimg.it\/?product=agg-formazione-lavoratori-rischio-alto","og_locale":"it_IT","og_type":"article","og_title":"Aggiornamento Formazione Lavoratori Rischio Alto - Ampi Point Servizi emmegi","og_description":"Titolo Corso \u201cAggiornamento Formazione dei lavoratori rischio alto\u201d (6 ore) Destinatari Il corso si rivolge ai lavoratori che hanno la necessit\u00e0 di effettuare l\u2019aggiornamento quinquennale della formazione per lavoratori ai sensi dell\u2019art 37, comma 2, D.lgs. 81\/08 e punto 9 ASR 21-12-2011. L\u2019art. 37 del D.lgs. 81\/08 prevede che il Datore di lavoro formi tutti i suoi dipendenti, nel rispetto [&hellip;]","og_url":"https:\/\/www.ampipointservizimg.it\/?product=agg-formazione-lavoratori-rischio-alto","og_site_name":"Ampi Point Servizi emmegi","article_modified_time":"2025-07-08T21:16:06+00:00","og_image":[{"width":300,"height":300,"url":"https:\/\/www.ampipointservizimg.it\/wp-content\/uploads\/2022\/02\/Formazione-Lavoratori-Rischio-alto_icon-1.jpg","type":"image\/jpeg"}],"twitter_card":"summary_large_image","twitter_misc":{"Tempo di lettura stimato":"2 minuti"},"schema":{"@context":"https:\/\/schema.org","@graph":[{"@type":"WebPage","@id":"https:\/\/www.ampipointservizimg.it\/?product=agg-formazione-lavoratori-rischio-alto","url":"https:\/\/www.ampipointservizimg.it\/?product=agg-formazione-lavoratori-rischio-alto","name":"Aggiornamento Formazione Lavoratori Rischio Alto - Ampi Point Servizi emmegi","isPartOf":{"@id":"https:\/\/www.ampipointservizimg.it\/#website"},"primaryImageOfPage":{"@id":"https:\/\/www.ampipointservizimg.it\/?product=agg-formazione-lavoratori-rischio-alto#primaryimage"},"image":{"@id":"https:\/\/www.ampipointservizimg.it\/?product=agg-formazione-lavoratori-rischio-alto#primaryimage"},"thumbnailUrl":"https:\/\/www.ampipointservizimg.it\/wp-content\/uploads\/2022\/02\/Formazione-Lavoratori-Rischio-alto_icon-1.jpg","datePublished":"2022-03-02T15:57:00+00:00","dateModified":"2025-07-08T21:16:06+00:00","breadcrumb":{"@id":"https:\/\/www.ampipointservizimg.it\/?product=agg-formazione-lavoratori-rischio-alto#breadcrumb"},"inLanguage":"it-IT","potentialAction":[{"@type":"ReadAction","target":["https:\/\/www.ampipointservizimg.it\/?product=agg-formazione-lavoratori-rischio-alto"]}]},{"@type":"ImageObject","inLanguage":"it-IT","@id":"https:\/\/www.ampipointservizimg.it\/?product=agg-formazione-lavoratori-rischio-alto#primaryimage","url":"https:\/\/www.ampipointservizimg.it\/wp-content\/uploads\/2022\/02\/Formazione-Lavoratori-Rischio-alto_icon-1.jpg","contentUrl":"https:\/\/www.ampipointservizimg.it\/wp-content\/uploads\/2022\/02\/Formazione-Lavoratori-Rischio-alto_icon-1.jpg","width":300,"height":300},{"@type":"BreadcrumbList","@id":"https:\/\/www.ampipointservizimg.it\/?product=agg-formazione-lavoratori-rischio-alto#breadcrumb","itemListElement":[{"@type":"ListItem","position":1,"name":"Home","item":"https:\/\/www.ampipointservizimg.it\/"},{"@type":"ListItem","position":2,"name":"Shop","item":"https:\/\/www.ampipointservizimg.it\/?page_id=91"},{"@type":"ListItem","position":3,"name":"Aggiornamento Formazione Lavoratori Rischio Alto"}]},{"@type":"WebSite","@id":"https:\/\/www.ampipointservizimg.it\/#website","url":"https:\/\/www.ampipointservizimg.it\/","name":"Ampi Point Servizi emmegi","description":"","publisher":{"@id":"https:\/\/www.ampipointservizimg.it\/#organization"},"potentialAction":[{"@type":"SearchAction","target":{"@type":"EntryPoint","urlTemplate":"https:\/\/www.ampipointservizimg.it\/?s={search_term_string}"},"query-input":{"@type":"PropertyValueSpecification","valueRequired":true,"valueName":"search_term_string"}}],"inLanguage":"it-IT"},{"@type":"Organization","@id":"https:\/\/www.ampipointservizimg.it\/#organization","name":"Sviluppo Qualit\u00e0","alternateName":"Sviluppo Qualit\u00e0","url":"https:\/\/www.ampipointservizimg.it\/","logo":{"@type":"ImageObject","inLanguage":"it-IT","@id":"https:\/\/www.ampipointservizimg.it\/#\/schema\/logo\/image\/","url":"https:\/\/www.ampipointservizimg.it\/wp-content\/uploads\/2025\/06\/cropped-logo_con_ampi-1.png","contentUrl":"https:\/\/www.ampipointservizimg.it\/wp-content\/uploads\/2025\/06\/cropped-logo_con_ampi-1.png","width":2269,"height":544,"caption":"Sviluppo Qualit\u00e0"},"image":{"@id":"https:\/\/www.ampipointservizimg.it\/#\/schema\/logo\/image\/"}}]}},"_links":{"self":[{"href":"https:\/\/www.ampipointservizimg.it\/index.php?rest_route=\/wp\/v2\/product\/596","targetHints":{"allow":["GET"]}}],"collection":[{"href":"https:\/\/www.ampipointservizimg.it\/index.php?rest_route=\/wp\/v2\/product"}],"about":[{"href":"https:\/\/www.ampipointservizimg.it\/index.php?rest_route=\/wp\/v2\/types\/product"}],"wp:featuredmedia":[{"embeddable":true,"href":"https:\/\/www.ampipointservizimg.it\/index.php?rest_route=\/wp\/v2\/media\/313"}],"wp:attachment":[{"href":"https:\/\/www.ampipointservizimg.it\/index.php?rest_route=%2Fwp%2Fv2%2Fmedia&parent=596"}],"wp:term":[{"taxonomy":"product_brand","embeddable":true,"href":"https:\/\/www.ampipointservizimg.it\/index.php?rest_route=%2Fwp%2Fv2%2Fproduct_brand&post=596"},{"taxonomy":"product_cat","embeddable":true,"href":"https:\/\/www.ampipointservizimg.it\/index.php?rest_route=%2Fwp%2Fv2%2Fproduct_cat&post=596"},{"taxonomy":"product_tag","embeddable":true,"href":"https:\/\/www.ampipointservizimg.it\/index.php?rest_route=%2Fwp%2Fv2%2Fproduct_tag&post=596"}],"curies":[{"name":"wp","href":"https:\/\/api.w.org\/{rel}","templated":true}]}}