{"id":610,"date":"2022-03-02T17:19:56","date_gmt":"2022-03-02T16:19:56","guid":{"rendered":"https:\/\/new.sviluppoqualita.it\/prodotto\/aggiornamento-rspp-tutti-2-annualita\/"},"modified":"2025-07-08T23:16:05","modified_gmt":"2025-07-08T21:16:05","slug":"aggiornamento-rspp-tutti-2-annualita","status":"publish","type":"product","link":"https:\/\/www.ampipointservizimg.it\/?product=aggiornamento-rspp-tutti-2-annualita","title":{"rendered":"Aggiornamento  RSPP (Tutti) &#8211; (2\u00b0 Annualit\u00e0)"},"content":{"rendered":"<div id=\"div-scarica-scheda-tecnica\" style=\"text-align: center; padding: 7px; color: white; padding-top: 10px;\"><!-- blu 094775 rosso d1222b --> <a style=\"padding: 10px; border: 1px solid #dddddd; background-color: #d1222b; color: white;\" href=\"http:\/\/www.networkgtc.it\/wp-content\/uploads\/pdf_prodotti\/aggiornamento-RSPP-modulo-B-2a-annualita.pdf\"> <i class=\"fa fa-file-pdf-o\" style=\"padding-left: 5px; ;color: white;\"><\/i> \u00a0 <span style=\"border-left: 1px solid white;\"> \u00a0 Visualizza Scheda Tecnica in PDF<\/span><\/a><\/div>\n<table class=\"tabella-scheda-tecnica-networkgtc\" style=\"width: 84.1156%;\">\n<tbody>\n<tr>\n<td style=\"width: 15.9124%; border-width: 1pt; border-style: solid;\">\n<p class=\"s1\" style=\"padding-top: 6pt; padding-left: 7pt; padding-right: 9pt; text-indent: 0pt; text-align: center;\">Titolo<\/p>\n<\/td>\n<td style=\"width: 125.401%; border-width: 1pt; border-style: solid;\">\n<p class=\"s2\" style=\"padding-top: 5pt; padding-left: 5pt; text-indent: 0pt; text-align: left;\">Corso di \u201cAggiornamento <a href=\"https:\/\/shop.networkgtc.it\/product-category\/formazione\/sicurezza\/formazione-aggiornamento-corsi-sicurezza-d-lgs-8108-datoriali\/\">RSPP modulo B<\/a> \u2013 2a annualit\u00e0\u201d<\/p>\n<\/td>\n<\/tr>\n<tr>\n<td style=\"width: 15.9124%; border-width: 1pt; border-style: solid;\">\n<p class=\"s1\" style=\"padding-left: 7pt; padding-right: 10pt; text-indent: 0pt; text-align: center;\">Destinatari<\/p>\n<\/td>\n<td style=\"width: 125.401%; border-width: 1pt; border-style: solid;\">\n<p class=\"s3\" style=\"padding-top: 6pt; padding-left: 5pt; padding-right: 4pt; text-indent: 0pt; line-height: 114%; text-align: justify;\">Il corso di aggiornamento \u00e8 destinato ai responsabili del servizio di prevenzione e protezione che hanno gi\u00e0 effettuato il corso di formazione per RSPP Modulo B e hanno necessit\u00e0 di effettuare l&#8217;aggiornamento quinquennale.<\/p>\n<\/td>\n<\/tr>\n<tr>\n<td style=\"width: 15.9124%; border-width: 1pt; border-style: solid;\">\n<p class=\"s1\" style=\"padding-left: 14pt; padding-right: 16pt; text-indent: 0pt; text-align: center;\">Obiettivi e Finalit\u00e0<\/p>\n<\/td>\n<td style=\"width: 125.401%; border-width: 1pt; border-style: solid;\">\n<p class=\"s3\" style=\"padding-top: 5pt; padding-left: 5pt; padding-right: 4pt; text-indent: 0pt; text-align: justify;\">Il corso costituisce 1\/5 del credito formativo per responsabili del servizio di prevenzione e protezione ai fini dell&#8217;aggiornamento quinquennale obbligatorio come previsto dall&#8217;accordo Stato-Regioni del 7 luglio 2016 di cui all&#8217;articolo 32, comma 6, del Decreto Legislativo n. 81 del 9 aprile 2008.<\/p>\n<p class=\"s3\" style=\"padding-left: 5pt; padding-right: 4pt; text-indent: 0pt; text-align: justify;\">Il corso di aggiornamento si riferisce alla seconda annualit\u00e0 e riguarda i sistemi di gestione e organizzazione.<\/p>\n<p class=\"s3\" style=\"padding-left: 5pt; padding-right: 4pt; text-indent: 0pt; text-align: justify;\">In relazione ai compiti di RSPP il corso riguarder\u00e0 evoluzioni, innovazioni, applicazioni pratiche e approfondimenti collegate al contesto produttivo e ai rischi specifici del settore.<\/p>\n<\/td>\n<\/tr>\n<tr>\n<td style=\"width: 15.9124%; border-width: 1pt; border-style: solid;\">\n<p class=\"s1\" style=\"padding-top: 7pt; padding-left: 7pt; padding-right: 10pt; text-indent: 0pt; text-align: center;\">Normativa di riferimento<\/p>\n<\/td>\n<td style=\"width: 125.401%; border-width: 1pt; border-style: solid;\">\n<ul id=\"l1\">\n<li style=\"padding-top: 9pt; padding-left: 43pt; text-indent: -18pt; text-align: left;\">\n<p class=\"s3\">D.lgs. 81\/08 e s.m.i.;<\/p>\n<\/li>\n<li style=\"padding-top: 2pt; padding-left: 43pt; text-indent: -18pt; text-align: left;\">\n<p class=\"s3\">Accordo Stato \u2013 Regioni del 07\/07\/2016.<\/p>\n<\/li>\n<\/ul>\n<\/td>\n<\/tr>\n<tr>\n<td style=\"width: 15.9124%; border-width: 1pt; border-style: solid; text-align: center;\">Requisiti di ammissione<\/td>\n<td style=\"width: 125.401%; border-width: 1pt; border-style: solid;\">\n<p class=\"s3\" style=\"padding-top: 3pt; padding-left: 5pt; text-indent: 0pt; text-align: left;\">L\u2019ammissione al corso \u00e8 subordinata al possesso dell\u2019attestato per RSPP\/ASPP modulo B comune a tutti i settori produttivi.<\/p>\n<\/td>\n<\/tr>\n<tr>\n<td style=\"width: 15.9124%; border-width: 1pt; border-style: solid; text-align: center;\">Durata e modalit\u00e0<\/td>\n<td style=\"width: 125.401%; border-width: 1pt; border-style: solid;\">\n<p class=\"s3\" style=\"padding-left: 5pt; padding-right: 4pt; text-indent: 0pt; text-align: justify;\">Il corso dura 8 ore e pu\u00f2 essere svolto interamente in modalit\u00e0 E-learning con specifiche caratteristiche di qualit\u00e0 e certificazione delle sessioni di collegamento dei partecipanti secondo le modalit\u00e0 definite all\u2019allegato II dell\u2019Accordo Stato \u2013 Regioni del 7 luglio 2016.<\/p>\n<\/td>\n<\/tr>\n<tr>\n<td style=\"width: 15.9124%; border-width: 1pt; border-style: solid; text-align: center;\" rowspan=\"2\">Programma del corso<\/td>\n<td style=\"width: 125.401%; border-width: 1pt; border-style: solid;\">\n<p class=\"s4\" style=\"padding-top: 9pt; padding-left: 148pt; padding-right: 147pt; text-indent: 0pt; text-align: center;\">DISCIPLINE E CONTENUTI<\/p>\n<\/td>\n<\/tr>\n<tr>\n<td style=\"width: 125.401%; border-width: 1pt; border-style: solid;\">\n<ul id=\"l2\">\n<li style=\"padding-left: 23pt; text-indent: -18pt; line-height: 14pt; text-align: left;\">\n<p class=\"s3\">Sistema sicurezza aziendale<\/p>\n<\/li>\n<li style=\"padding-top: 1pt; padding-left: 23pt; text-indent: -18pt; text-align: left;\">\n<p class=\"s3\">Sistema sicurezza aziendale 2<\/p>\n<\/li>\n<li style=\"padding-top: 2pt; padding-left: 23pt; text-indent: -18pt; text-align: left;\">\n<p class=\"s3\">Sistema Istituzionale Sicurezza<\/p>\n<\/li>\n<li style=\"padding-top: 1pt; padding-left: 23pt; text-indent: -18pt; text-align: left;\">\n<p class=\"s3\">Consultazione e partecipazione RLS<\/p>\n<\/li>\n<li style=\"padding-top: 2pt; padding-left: 23pt; text-indent: -18pt; text-align: left;\">\n<p class=\"s3\">I sistemi di certificazione<\/p>\n<\/li>\n<li style=\"padding-top: 1pt; padding-left: 23pt; text-indent: -18pt; text-align: left;\">\n<p class=\"s3\">LA ISO 9001 2015<\/p>\n<\/li>\n<li style=\"padding-top: 2pt; padding-left: 23pt; text-indent: -18pt; text-align: left;\">\n<p class=\"s3\">SGSL<\/p>\n<\/li>\n<li style=\"padding-top: 2pt; padding-left: 23pt; text-indent: -18pt; text-align: left;\">\n<p class=\"s3\">Responsabilit\u00e0 231<\/p>\n<\/li>\n<li style=\"padding-top: 1pt; padding-left: 23pt; text-indent: -18pt; text-align: left;\">\n<p class=\"s3\">Accordo stato regioni 2016<\/p>\n<\/li>\n<li style=\"padding-top: 2pt; padding-left: 23pt; text-indent: -18pt; text-align: left;\">\n<p class=\"s3\">Ritorno da un futuro sicuro<\/p>\n<\/li>\n<\/ul>\n<\/td>\n<\/tr>\n<tr>\n<td style=\"width: 15.9124%; border-width: 1pt; border-style: solid;\">\n<p class=\"s1\" style=\"padding-left: 5pt; padding-right: 8pt; text-indent: 0pt; text-align: center;\">Valutazione<\/p>\n<\/td>\n<td style=\"width: 125.401%; border-width: 1pt; border-style: solid;\">\n<p class=\"s3\" style=\"padding-left: 5pt; padding-right: 21pt; text-indent: 0pt; text-align: left;\">La verifica dell&#8217;apprendimento si svolge sulla base di test a risposta multipla e quiz game somministrabili anche in itinere.<\/p>\n<\/td>\n<\/tr>\n<tr>\n<td style=\"width: 15.9124%; border-width: 1pt; border-style: solid; text-align: center;\">Attestato Formativo Rilasciato<\/td>\n<td style=\"width: 125.401%; border-width: 1pt; border-style: solid;\">\n<p class=\"s3\" style=\"padding-top: 10pt; padding-left: 5pt; text-indent: 0pt; text-align: left;\">Attestato di frequenza \u201caggiornamento RSPP modulo B \u2013 2a annualit\u00e0\u201d.<\/p>\n<\/td>\n<\/tr>\n<tr>\n<td style=\"width: 15.9124%; border-width: 1pt; border-style: solid; text-align: center;\">Docenza<\/td>\n<td style=\"width: 125.401%; border-width: 1pt; border-style: solid;\">\n<p class=\"s3\" style=\"padding-top: 7pt; padding-left: 5pt; padding-right: 4pt; text-indent: 0pt; text-align: justify;\">Docenti in possesso dei requisiti previsti dal decreto interministeriale 6 marzo 2013, emanato in attuazione dell&#8217;articolo 6, comma 8, lettera m bis), del d.lgs. n. 81\/2008, entrato in vigore il 18 marzo 2014.<\/p>\n<\/td>\n<\/tr>\n<tr>\n<td style=\"width: 15.9124%; border-width: 1pt; border-style: solid;\">\n<p class=\"s1\" style=\"padding-top: 8pt; padding-left: 7pt; padding-right: 10pt; text-indent: 0pt; text-align: center;\">Sede<\/p>\n<\/td>\n<td style=\"width: 125.401%; border-width: 1pt; border-style: solid;\">\n<p class=\"s3\" style=\"padding-top: 5pt; padding-left: 5pt; padding-right: 4pt; text-indent: 0pt; text-align: justify;\">Il corso \u00e8 erogabile interamente in e-learning secondo le modalit\u00e0 definite all\u2019allegato II dell\u2019Accordo Stato\/Regioni del 7 luglio 2016. In caso di svolgimento in aula il corso sar\u00e0 erogato, secondo un calendario prestabilito, in una delle sedi pi\u00f9 vicine dislocate sul territorio nazionale. \u00c8 possibile ammettere un numero massimo di partecipanti ad ogni corso pari a 35 unit\u00e0.<\/p>\n<\/td>\n<\/tr>\n<\/tbody>\n<\/table>\n","protected":false},"excerpt":{"rendered":"<p>\u00a0 \u00a0 Visualizza Scheda Tecnica in PDF Titolo Corso di \u201cAggiornamento RSPP modulo B \u2013 2a annualit\u00e0\u201d Destinatari Il corso di aggiornamento \u00e8 destinato ai responsabili del servizio di prevenzione e protezione che hanno gi\u00e0 effettuato il corso di formazione per RSPP Modulo B e hanno necessit\u00e0 di effettuare l&#8217;aggiornamento quinquennale. Obiettivi e Finalit\u00e0 Il corso costituisce 1\/5 del credito [&hellip;]<\/p>\n","protected":false},"featured_media":609,"template":"","meta":[],"product_brand":[],"product_cat":[28,917],"product_tag":[442,45],"class_list":{"0":"post-610","1":"product","2":"type-product","3":"status-publish","4":"has-post-thumbnail","6":"product_cat-corsi-sicurezza-d-lgs-81-08","7":"product_cat-corsi-fad","8":"product_tag-aggiornamento-corsi-sicurezza-d-lgs-81-08-datoriali-e-per-professionisti","9":"product_tag-corso-8-ore","11":"first","12":"instock","13":"taxable","14":"shipping-taxable","15":"purchasable","16":"product-type-simple"},"yoast_head":"<!-- This site is optimized with the Yoast SEO plugin v25.4 - https:\/\/yoast.com\/wordpress\/plugins\/seo\/ -->\n<title>Aggiornamento RSPP (Tutti) - (2\u00b0 Annualit\u00e0) - Ampi Point Servizi emmegi<\/title>\n<meta name=\"robots\" content=\"index, follow, max-snippet:-1, max-image-preview:large, max-video-preview:-1\" \/>\n<link rel=\"canonical\" href=\"https:\/\/www.ampipointservizimg.it\/?product=aggiornamento-rspp-tutti-2-annualita\" \/>\n<meta property=\"og:locale\" content=\"it_IT\" \/>\n<meta property=\"og:type\" content=\"article\" \/>\n<meta property=\"og:title\" content=\"Aggiornamento RSPP (Tutti) - (2\u00b0 Annualit\u00e0) - Ampi Point Servizi emmegi\" \/>\n<meta property=\"og:description\" content=\"\u00a0 \u00a0 Visualizza Scheda Tecnica in PDF Titolo Corso di \u201cAggiornamento RSPP modulo B \u2013 2a annualit\u00e0\u201d Destinatari Il corso di aggiornamento \u00e8 destinato ai responsabili del servizio di prevenzione e protezione che hanno gi\u00e0 effettuato il corso di formazione per RSPP Modulo B e hanno necessit\u00e0 di effettuare l&#8217;aggiornamento quinquennale. Obiettivi e Finalit\u00e0 Il corso costituisce 1\/5 del credito [&hellip;]\" \/>\n<meta property=\"og:url\" content=\"https:\/\/www.ampipointservizimg.it\/?product=aggiornamento-rspp-tutti-2-annualita\" \/>\n<meta property=\"og:site_name\" content=\"Ampi Point Servizi emmegi\" \/>\n<meta property=\"article:modified_time\" content=\"2025-07-08T21:16:05+00:00\" \/>\n<meta property=\"og:image\" content=\"https:\/\/www.ampipointservizimg.it\/wp-content\/uploads\/2022\/03\/RSPP-ANNUALITA-2.jpg\" \/>\n\t<meta property=\"og:image:width\" content=\"300\" \/>\n\t<meta property=\"og:image:height\" content=\"300\" \/>\n\t<meta property=\"og:image:type\" content=\"image\/jpeg\" \/>\n<meta name=\"twitter:card\" content=\"summary_large_image\" \/>\n<meta name=\"twitter:label1\" content=\"Tempo di lettura stimato\" \/>\n\t<meta name=\"twitter:data1\" content=\"2 minuti\" \/>\n<script type=\"application\/ld+json\" class=\"yoast-schema-graph\">{\"@context\":\"https:\/\/schema.org\",\"@graph\":[{\"@type\":\"WebPage\",\"@id\":\"https:\/\/www.ampipointservizimg.it\/?product=aggiornamento-rspp-tutti-2-annualita\",\"url\":\"https:\/\/www.ampipointservizimg.it\/?product=aggiornamento-rspp-tutti-2-annualita\",\"name\":\"Aggiornamento RSPP (Tutti) - (2\u00b0 Annualit\u00e0) - Ampi Point Servizi emmegi\",\"isPartOf\":{\"@id\":\"https:\/\/www.ampipointservizimg.it\/#website\"},\"primaryImageOfPage\":{\"@id\":\"https:\/\/www.ampipointservizimg.it\/?product=aggiornamento-rspp-tutti-2-annualita#primaryimage\"},\"image\":{\"@id\":\"https:\/\/www.ampipointservizimg.it\/?product=aggiornamento-rspp-tutti-2-annualita#primaryimage\"},\"thumbnailUrl\":\"https:\/\/www.ampipointservizimg.it\/wp-content\/uploads\/2022\/03\/RSPP-ANNUALITA-2.jpg\",\"datePublished\":\"2022-03-02T16:19:56+00:00\",\"dateModified\":\"2025-07-08T21:16:05+00:00\",\"breadcrumb\":{\"@id\":\"https:\/\/www.ampipointservizimg.it\/?product=aggiornamento-rspp-tutti-2-annualita#breadcrumb\"},\"inLanguage\":\"it-IT\",\"potentialAction\":[{\"@type\":\"ReadAction\",\"target\":[\"https:\/\/www.ampipointservizimg.it\/?product=aggiornamento-rspp-tutti-2-annualita\"]}]},{\"@type\":\"ImageObject\",\"inLanguage\":\"it-IT\",\"@id\":\"https:\/\/www.ampipointservizimg.it\/?product=aggiornamento-rspp-tutti-2-annualita#primaryimage\",\"url\":\"https:\/\/www.ampipointservizimg.it\/wp-content\/uploads\/2022\/03\/RSPP-ANNUALITA-2.jpg\",\"contentUrl\":\"https:\/\/www.ampipointservizimg.it\/wp-content\/uploads\/2022\/03\/RSPP-ANNUALITA-2.jpg\",\"width\":300,\"height\":300},{\"@type\":\"BreadcrumbList\",\"@id\":\"https:\/\/www.ampipointservizimg.it\/?product=aggiornamento-rspp-tutti-2-annualita#breadcrumb\",\"itemListElement\":[{\"@type\":\"ListItem\",\"position\":1,\"name\":\"Home\",\"item\":\"https:\/\/www.ampipointservizimg.it\/\"},{\"@type\":\"ListItem\",\"position\":2,\"name\":\"Shop\",\"item\":\"https:\/\/www.ampipointservizimg.it\/?page_id=91\"},{\"@type\":\"ListItem\",\"position\":3,\"name\":\"Aggiornamento RSPP (Tutti) &#8211; (2\u00b0 Annualit\u00e0)\"}]},{\"@type\":\"WebSite\",\"@id\":\"https:\/\/www.ampipointservizimg.it\/#website\",\"url\":\"https:\/\/www.ampipointservizimg.it\/\",\"name\":\"Ampi Point Servizi emmegi\",\"description\":\"\",\"publisher\":{\"@id\":\"https:\/\/www.ampipointservizimg.it\/#organization\"},\"potentialAction\":[{\"@type\":\"SearchAction\",\"target\":{\"@type\":\"EntryPoint\",\"urlTemplate\":\"https:\/\/www.ampipointservizimg.it\/?s={search_term_string}\"},\"query-input\":{\"@type\":\"PropertyValueSpecification\",\"valueRequired\":true,\"valueName\":\"search_term_string\"}}],\"inLanguage\":\"it-IT\"},{\"@type\":\"Organization\",\"@id\":\"https:\/\/www.ampipointservizimg.it\/#organization\",\"name\":\"Sviluppo Qualit\u00e0\",\"alternateName\":\"Sviluppo Qualit\u00e0\",\"url\":\"https:\/\/www.ampipointservizimg.it\/\",\"logo\":{\"@type\":\"ImageObject\",\"inLanguage\":\"it-IT\",\"@id\":\"https:\/\/www.ampipointservizimg.it\/#\/schema\/logo\/image\/\",\"url\":\"https:\/\/www.ampipointservizimg.it\/wp-content\/uploads\/2025\/06\/cropped-logo_con_ampi-1.png\",\"contentUrl\":\"https:\/\/www.ampipointservizimg.it\/wp-content\/uploads\/2025\/06\/cropped-logo_con_ampi-1.png\",\"width\":2269,\"height\":544,\"caption\":\"Sviluppo Qualit\u00e0\"},\"image\":{\"@id\":\"https:\/\/www.ampipointservizimg.it\/#\/schema\/logo\/image\/\"}}]}<\/script>\n<!-- \/ Yoast SEO plugin. -->","yoast_head_json":{"title":"Aggiornamento RSPP (Tutti) - (2\u00b0 Annualit\u00e0) - Ampi Point Servizi emmegi","robots":{"index":"index","follow":"follow","max-snippet":"max-snippet:-1","max-image-preview":"max-image-preview:large","max-video-preview":"max-video-preview:-1"},"canonical":"https:\/\/www.ampipointservizimg.it\/?product=aggiornamento-rspp-tutti-2-annualita","og_locale":"it_IT","og_type":"article","og_title":"Aggiornamento RSPP (Tutti) - (2\u00b0 Annualit\u00e0) - Ampi Point Servizi emmegi","og_description":"\u00a0 \u00a0 Visualizza Scheda Tecnica in PDF Titolo Corso di \u201cAggiornamento RSPP modulo B \u2013 2a annualit\u00e0\u201d Destinatari Il corso di aggiornamento \u00e8 destinato ai responsabili del servizio di prevenzione e protezione che hanno gi\u00e0 effettuato il corso di formazione per RSPP Modulo B e hanno necessit\u00e0 di effettuare l&#8217;aggiornamento quinquennale. Obiettivi e Finalit\u00e0 Il corso costituisce 1\/5 del credito [&hellip;]","og_url":"https:\/\/www.ampipointservizimg.it\/?product=aggiornamento-rspp-tutti-2-annualita","og_site_name":"Ampi Point Servizi emmegi","article_modified_time":"2025-07-08T21:16:05+00:00","og_image":[{"width":300,"height":300,"url":"https:\/\/www.ampipointservizimg.it\/wp-content\/uploads\/2022\/03\/RSPP-ANNUALITA-2.jpg","type":"image\/jpeg"}],"twitter_card":"summary_large_image","twitter_misc":{"Tempo di lettura stimato":"2 minuti"},"schema":{"@context":"https:\/\/schema.org","@graph":[{"@type":"WebPage","@id":"https:\/\/www.ampipointservizimg.it\/?product=aggiornamento-rspp-tutti-2-annualita","url":"https:\/\/www.ampipointservizimg.it\/?product=aggiornamento-rspp-tutti-2-annualita","name":"Aggiornamento RSPP (Tutti) - (2\u00b0 Annualit\u00e0) - Ampi Point Servizi emmegi","isPartOf":{"@id":"https:\/\/www.ampipointservizimg.it\/#website"},"primaryImageOfPage":{"@id":"https:\/\/www.ampipointservizimg.it\/?product=aggiornamento-rspp-tutti-2-annualita#primaryimage"},"image":{"@id":"https:\/\/www.ampipointservizimg.it\/?product=aggiornamento-rspp-tutti-2-annualita#primaryimage"},"thumbnailUrl":"https:\/\/www.ampipointservizimg.it\/wp-content\/uploads\/2022\/03\/RSPP-ANNUALITA-2.jpg","datePublished":"2022-03-02T16:19:56+00:00","dateModified":"2025-07-08T21:16:05+00:00","breadcrumb":{"@id":"https:\/\/www.ampipointservizimg.it\/?product=aggiornamento-rspp-tutti-2-annualita#breadcrumb"},"inLanguage":"it-IT","potentialAction":[{"@type":"ReadAction","target":["https:\/\/www.ampipointservizimg.it\/?product=aggiornamento-rspp-tutti-2-annualita"]}]},{"@type":"ImageObject","inLanguage":"it-IT","@id":"https:\/\/www.ampipointservizimg.it\/?product=aggiornamento-rspp-tutti-2-annualita#primaryimage","url":"https:\/\/www.ampipointservizimg.it\/wp-content\/uploads\/2022\/03\/RSPP-ANNUALITA-2.jpg","contentUrl":"https:\/\/www.ampipointservizimg.it\/wp-content\/uploads\/2022\/03\/RSPP-ANNUALITA-2.jpg","width":300,"height":300},{"@type":"BreadcrumbList","@id":"https:\/\/www.ampipointservizimg.it\/?product=aggiornamento-rspp-tutti-2-annualita#breadcrumb","itemListElement":[{"@type":"ListItem","position":1,"name":"Home","item":"https:\/\/www.ampipointservizimg.it\/"},{"@type":"ListItem","position":2,"name":"Shop","item":"https:\/\/www.ampipointservizimg.it\/?page_id=91"},{"@type":"ListItem","position":3,"name":"Aggiornamento RSPP (Tutti) &#8211; (2\u00b0 Annualit\u00e0)"}]},{"@type":"WebSite","@id":"https:\/\/www.ampipointservizimg.it\/#website","url":"https:\/\/www.ampipointservizimg.it\/","name":"Ampi Point Servizi emmegi","description":"","publisher":{"@id":"https:\/\/www.ampipointservizimg.it\/#organization"},"potentialAction":[{"@type":"SearchAction","target":{"@type":"EntryPoint","urlTemplate":"https:\/\/www.ampipointservizimg.it\/?s={search_term_string}"},"query-input":{"@type":"PropertyValueSpecification","valueRequired":true,"valueName":"search_term_string"}}],"inLanguage":"it-IT"},{"@type":"Organization","@id":"https:\/\/www.ampipointservizimg.it\/#organization","name":"Sviluppo Qualit\u00e0","alternateName":"Sviluppo Qualit\u00e0","url":"https:\/\/www.ampipointservizimg.it\/","logo":{"@type":"ImageObject","inLanguage":"it-IT","@id":"https:\/\/www.ampipointservizimg.it\/#\/schema\/logo\/image\/","url":"https:\/\/www.ampipointservizimg.it\/wp-content\/uploads\/2025\/06\/cropped-logo_con_ampi-1.png","contentUrl":"https:\/\/www.ampipointservizimg.it\/wp-content\/uploads\/2025\/06\/cropped-logo_con_ampi-1.png","width":2269,"height":544,"caption":"Sviluppo Qualit\u00e0"},"image":{"@id":"https:\/\/www.ampipointservizimg.it\/#\/schema\/logo\/image\/"}}]}},"_links":{"self":[{"href":"https:\/\/www.ampipointservizimg.it\/index.php?rest_route=\/wp\/v2\/product\/610","targetHints":{"allow":["GET"]}}],"collection":[{"href":"https:\/\/www.ampipointservizimg.it\/index.php?rest_route=\/wp\/v2\/product"}],"about":[{"href":"https:\/\/www.ampipointservizimg.it\/index.php?rest_route=\/wp\/v2\/types\/product"}],"wp:featuredmedia":[{"embeddable":true,"href":"https:\/\/www.ampipointservizimg.it\/index.php?rest_route=\/wp\/v2\/media\/609"}],"wp:attachment":[{"href":"https:\/\/www.ampipointservizimg.it\/index.php?rest_route=%2Fwp%2Fv2%2Fmedia&parent=610"}],"wp:term":[{"taxonomy":"product_brand","embeddable":true,"href":"https:\/\/www.ampipointservizimg.it\/index.php?rest_route=%2Fwp%2Fv2%2Fproduct_brand&post=610"},{"taxonomy":"product_cat","embeddable":true,"href":"https:\/\/www.ampipointservizimg.it\/index.php?rest_route=%2Fwp%2Fv2%2Fproduct_cat&post=610"},{"taxonomy":"product_tag","embeddable":true,"href":"https:\/\/www.ampipointservizimg.it\/index.php?rest_route=%2Fwp%2Fv2%2Fproduct_tag&post=610"}],"curies":[{"name":"wp","href":"https:\/\/api.w.org\/{rel}","templated":true}]}}