{"id":613,"date":"2022-03-02T17:20:59","date_gmt":"2022-03-02T16:20:59","guid":{"rendered":"https:\/\/new.sviluppoqualita.it\/prodotto\/aggiornamento-rspp-tutti-quinquennale\/"},"modified":"2025-07-08T23:16:05","modified_gmt":"2025-07-08T21:16:05","slug":"aggiornamento-rspp-tutti-quinquennale","status":"publish","type":"product","link":"https:\/\/www.ampipointservizimg.it\/?product=aggiornamento-rspp-tutti-quinquennale","title":{"rendered":"Aggiornamento RSPP (Tutti) &#8211; Quinquennale"},"content":{"rendered":"<div id=\"div-scarica-scheda-tecnica\" style=\"text-align: center; padding: 7px; color: white; padding-top: 10px;\"><!-- blu 094775 rosso d1222b --> <a style=\"padding: 10px; border: 1px solid #dddddd; background-color: #d1222b; color: white;\" href=\"http:\/\/www.networkgtc.it\/wp-content\/uploads\/pdf_prodotti\/aggiornamento-RSPP-modulo-B.pdf\"> <i class=\"fa fa-file-pdf-o\" style=\"padding-left: 5px; ;color: white;\"><\/i> \u00a0 <span style=\"border-left: 1px solid white;\"> \u00a0 Visualizza Scheda Tecnica in PDF<\/span><\/a><\/div>\n<table class=\"tabella-scheda-tecnica-networkgtc\" style=\"width: 60.2685%; height: 1462px;\">\n<tbody>\n<tr style=\"height: 61px;\">\n<td style=\"width: 15.9124%; border-width: 1pt; border-style: solid; height: 61px;\">\n<p class=\"s1\" style=\"padding-top: 6pt; padding-left: 7pt; padding-right: 9pt; text-indent: 0pt; text-align: center;\">Titolo<\/p>\n<\/td>\n<td style=\"width: 95.3111%; border-width: 1pt; border-style: solid; height: 61px;\">\n<p class=\"s2\" style=\"padding-top: 5pt; padding-left: 5pt; text-indent: 0pt; text-align: left;\">Corso di \u201cAggiornamento RSPP modulo B\u201d<\/p>\n<\/td>\n<\/tr>\n<tr style=\"height: 93px;\">\n<td style=\"width: 15.9124%; border-width: 1pt; border-style: solid; height: 93px;\">\n<p class=\"s1\" style=\"padding-left: 7pt; padding-right: 10pt; text-indent: 0pt; text-align: center;\">Destinatari<\/p>\n<\/td>\n<td style=\"width: 95.3111%; border-width: 1pt; border-style: solid; height: 93px;\">\n<p class=\"s3\" style=\"padding-top: 6pt; padding-left: 5pt; padding-right: 4pt; text-indent: 0pt; line-height: 114%; text-align: justify;\">Il corso di aggiornamento \u00e8 destinato ai responsabili del servizio di <a href=\"https:\/\/shop.networkgtc.it\/product-category\/formazione\/sicurezza\/formazione-aggiornamento-corsi-sicurezza-d-lgs-8108-datoriali\/\">prevenzione e protezione<\/a> che hanno gi\u00e0 effettuato il corso di formazione per RSPP Modulo B e hanno necessit\u00e0 di effettuare l&#8217;aggiornamento quinquennale.<\/p>\n<\/td>\n<\/tr>\n<tr style=\"height: 170px;\">\n<td style=\"width: 15.9124%; border-width: 1pt; border-style: solid; height: 170px;\">\n<p class=\"s1\" style=\"padding-left: 14pt; padding-right: 16pt; text-indent: 0pt; text-align: center;\">Obiettivi e Finalit\u00e0<\/p>\n<\/td>\n<td style=\"width: 95.3111%; border-width: 1pt; border-style: solid; height: 170px;\">\n<p class=\"s3\" style=\"padding-top: 5pt; padding-left: 5pt; padding-right: 4pt; text-indent: 0pt; text-align: justify;\">Il corso costituisce quota intera del credito formativo per responsabili del servizio di prevenzione e protezione ai fini dell&#8217;aggiornamento quinquennale obbligatorio come previsto dall&#8217;accordo Stato-Regioni del 7 luglio 2016 di cui all&#8217;articolo 32, comma 6, del Decreto Legislativo n. 81 del 9 aprile 2008.<\/p>\n<p class=\"s3\" style=\"padding-left: 5pt; padding-right: 4pt; text-indent: 0pt; text-align: justify;\">In relazione ai compiti di RSPP il corso riguarder\u00e0 evoluzioni, innovazioni, applicazioni pratiche e approfondimenti collegate al contesto produttivo e ai rischi specifici del settore.<\/p>\n<\/td>\n<\/tr>\n<tr style=\"height: 91px;\">\n<td style=\"width: 15.9124%; border-width: 1pt; border-style: solid; height: 91px;\">\n<p class=\"s1\" style=\"padding-top: 7pt; padding-left: 7pt; padding-right: 10pt; text-indent: 0pt; text-align: center;\">Normativa di riferimento<\/p>\n<\/td>\n<td style=\"width: 95.3111%; border-width: 1pt; border-style: solid; height: 91px;\">\n<ul>\n<li>D. Lgs. 81\/08 e smi;<\/li>\n<li>Accordo Stato \u2013 Regioni del 07\/07\/2016.<\/li>\n<\/ul>\n<\/td>\n<\/tr>\n<tr style=\"height: 81px;\">\n<td style=\"width: 15.9124%; border-width: 1pt; border-style: solid; text-align: center; height: 81px;\">Requisiti di ammissione<\/td>\n<td style=\"width: 95.3111%; border-width: 1pt; border-style: solid; height: 81px;\">\n<p class=\"s3\" style=\"padding-top: 3pt; padding-left: 5pt; text-indent: 0pt; text-align: left;\">L\u2019ammissione al corso \u00e8 subordinata al possesso dell\u2019attestato per RSPP\/ASPP modulo B comune a tutti i settori produttivi.<\/p>\n<\/td>\n<\/tr>\n<tr style=\"height: 101px;\">\n<td style=\"width: 15.9124%; border-width: 1pt; border-style: solid; text-align: center; height: 101px;\">Durata e modalit\u00e0<\/td>\n<td style=\"width: 95.3111%; border-width: 1pt; border-style: solid; height: 101px;\">\n<p class=\"s3\" style=\"padding-left: 5pt; padding-right: 4pt; text-indent: 0pt; text-align: justify;\">Il corso ha una durata pari a 40 ore e pu\u00f2 essere svolto interamente in modalit\u00e0 E-learning con specifiche caratteristiche di qualit\u00e0 e certificazione delle sessioni di collegamento dei partecipanti secondo le modalit\u00e0 definite all\u2019allegato II dell\u2019Accordo Stato \u2013 Regioni del 7 luglio 2016.<\/p>\n<\/td>\n<\/tr>\n<tr style=\"height: 65px;\">\n<td style=\"width: 15.9124%; border-width: 1pt; border-style: solid; text-align: center; height: 348px;\" rowspan=\"2\">Programma del corso<\/td>\n<td style=\"width: 95.3111%; border-width: 1pt; border-style: solid; height: 65px;\">\n<p class=\"s4\" style=\"padding-top: 9pt; padding-left: 148pt; padding-right: 147pt; text-indent: 0pt; text-align: center;\">DISCIPLINE E CONTENUTI<\/p>\n<\/td>\n<\/tr>\n<tr style=\"height: 283px;\">\n<td style=\"width: 95.3111%; border-width: 1pt; border-style: solid; height: 283px;\">\u00a0 Moduli di aggiornamento sulle seguenti tematiche:<\/p>\n<ul>\n<li>aspetti giuridico-normativi e tecnico-organizzativi;<\/li>\n<li>sistemi di gestione e processi organizzativi;<\/li>\n<li>fonti di rischio specifiche dell&#8217;attivit\u00e0 lavorativa o del settore produttivo dove viene esercitato il ruolo compresi quelli riguardanti gruppi di lavoratori esposti a rischi particolari, quelli collegati allo stress lavoro-correlato, quelli riguardanti le lavoratrici in stato di gravidanza, nonch\u00e9 quelli connessi alle differenze di genere, all&#8217;et\u00e0, alla provenienza da altri Paesi e quelli connessi alla specifica tipologia contrattuale attraverso cui viene resa la prestazione di lavoro;<\/li>\n<li>tecniche di comunicazione, volte all&#8217;informazione e formazione dei lavoratori in tema di promozione della salute e della sicurezza nei luoghi di lavoro.<\/li>\n<\/ul>\n<\/td>\n<\/tr>\n<tr style=\"height: 75px;\">\n<td style=\"width: 15.9124%; border-width: 1pt; border-style: solid; text-align: center; height: 75px;\">Valutazione<\/td>\n<td style=\"width: 95.3111%; border-width: 1pt; border-style: solid; height: 75px;\">\u00a0 La verifica dell&#8217;apprendimento si svolge sulla base di test a risposta multipla e quiz game somministrabili anche in itinere.<\/td>\n<\/tr>\n<tr style=\"height: 107px;\">\n<td style=\"width: 15.9124%; border-width: 1pt; border-style: solid; height: 107px; text-align: center;\">Attestato Formativo Rilasciato<\/td>\n<td style=\"width: 95.3111%; border-width: 1pt; border-style: solid; height: 107px;\">\u00a0 Attestato di frequenza \u201caggiornamento RSPP modulo B &#8211; 40 ore\u201d.<\/td>\n<\/tr>\n<tr style=\"height: 110px;\">\n<td style=\"width: 15.9124%; border-width: 1pt; border-style: solid; height: 110px; text-align: center;\">Docenza<\/td>\n<td style=\"width: 95.3111%; border-width: 1pt; border-style: solid; height: 110px;\">\n<p class=\"s3\" style=\"padding-top: 7pt; padding-left: 5pt; padding-right: 4pt; text-indent: 0pt; text-align: justify;\">Docenti in possesso dei requisiti previsti dal decreto interministeriale 6 marzo 2013, emanato in attuazione dell&#8217;articolo 6, comma 8, lettera m bis), del d.lgs. n. 81\/2008, entrato in vigore il 18 marzo 2014.<\/p>\n<\/td>\n<\/tr>\n<tr style=\"height: 131px;\">\n<td style=\"width: 15.9124%; border-width: 1pt; border-style: solid; height: 131px;\">\n<p class=\"s1\" style=\"padding-top: 8pt; padding-left: 7pt; padding-right: 10pt; text-indent: 0pt; text-align: center;\">Sede<\/p>\n<\/td>\n<td style=\"width: 95.3111%; border-width: 1pt; border-style: solid; height: 131px;\">\n<p class=\"s3\" style=\"padding-top: 5pt; padding-left: 5pt; padding-right: 4pt; text-indent: 0pt; text-align: justify;\">Il corso \u00e8 erogabile interamente in e-learning secondo le modalit\u00e0 definite all\u2019allegato II dell\u2019Accordo Stato \u2013 Regioni del 7 luglio 2016. In caso di svolgimento in aula il corso sar\u00e0 erogato, secondo un calendario prestabilito, in una delle sedi pi\u00f9 vicine dislocate sul territorio nazionale. \u00c8 possibile ammettere un numero massimo di partecipanti ad ogni corso pari a 35 unit\u00e0.<\/p>\n<\/td>\n<\/tr>\n<\/tbody>\n<\/table>\n","protected":false},"excerpt":{"rendered":"<p>\u00a0 \u00a0 Visualizza Scheda Tecnica in PDF Titolo Corso di \u201cAggiornamento RSPP modulo B\u201d Destinatari Il corso di aggiornamento \u00e8 destinato ai responsabili del servizio di prevenzione e protezione che hanno gi\u00e0 effettuato il corso di formazione per RSPP Modulo B e hanno necessit\u00e0 di effettuare l&#8217;aggiornamento quinquennale. Obiettivi e Finalit\u00e0 Il corso costituisce quota intera del credito formativo per [&hellip;]<\/p>\n","protected":false},"featured_media":305,"template":"","meta":[],"product_brand":[],"product_cat":[28,917],"product_tag":[442,91],"class_list":{"0":"post-613","1":"product","2":"type-product","3":"status-publish","4":"has-post-thumbnail","6":"product_cat-corsi-sicurezza-d-lgs-81-08","7":"product_cat-corsi-fad","8":"product_tag-aggiornamento-corsi-sicurezza-d-lgs-81-08-datoriali-e-per-professionisti","9":"product_tag-corso-40-ore","11":"first","12":"instock","13":"taxable","14":"shipping-taxable","15":"purchasable","16":"product-type-simple"},"yoast_head":"<!-- This site is optimized with the Yoast SEO plugin v25.4 - https:\/\/yoast.com\/wordpress\/plugins\/seo\/ -->\n<title>Aggiornamento RSPP (Tutti) - Quinquennale - Ampi Point Servizi emmegi<\/title>\n<meta name=\"robots\" content=\"index, follow, max-snippet:-1, max-image-preview:large, max-video-preview:-1\" \/>\n<link rel=\"canonical\" href=\"https:\/\/www.ampipointservizimg.it\/?product=aggiornamento-rspp-tutti-quinquennale\" \/>\n<meta property=\"og:locale\" content=\"it_IT\" \/>\n<meta property=\"og:type\" content=\"article\" \/>\n<meta property=\"og:title\" content=\"Aggiornamento RSPP (Tutti) - Quinquennale - Ampi Point Servizi emmegi\" \/>\n<meta property=\"og:description\" content=\"\u00a0 \u00a0 Visualizza Scheda Tecnica in PDF Titolo Corso di \u201cAggiornamento RSPP modulo B\u201d Destinatari Il corso di aggiornamento \u00e8 destinato ai responsabili del servizio di prevenzione e protezione che hanno gi\u00e0 effettuato il corso di formazione per RSPP Modulo B e hanno necessit\u00e0 di effettuare l&#8217;aggiornamento quinquennale. Obiettivi e Finalit\u00e0 Il corso costituisce quota intera del credito formativo per [&hellip;]\" \/>\n<meta property=\"og:url\" content=\"https:\/\/www.ampipointservizimg.it\/?product=aggiornamento-rspp-tutti-quinquennale\" \/>\n<meta property=\"og:site_name\" content=\"Ampi Point Servizi emmegi\" \/>\n<meta property=\"article:modified_time\" content=\"2025-07-08T21:16:05+00:00\" \/>\n<meta property=\"og:image\" content=\"https:\/\/www.ampipointservizimg.it\/wp-content\/uploads\/2022\/02\/RSPP-ANNUALITA-QUINQUENNALE.jpg\" \/>\n\t<meta property=\"og:image:width\" content=\"300\" \/>\n\t<meta property=\"og:image:height\" content=\"300\" \/>\n\t<meta property=\"og:image:type\" content=\"image\/jpeg\" \/>\n<meta name=\"twitter:card\" content=\"summary_large_image\" \/>\n<meta name=\"twitter:label1\" content=\"Tempo di lettura stimato\" \/>\n\t<meta name=\"twitter:data1\" content=\"2 minuti\" \/>\n<script type=\"application\/ld+json\" class=\"yoast-schema-graph\">{\"@context\":\"https:\/\/schema.org\",\"@graph\":[{\"@type\":\"WebPage\",\"@id\":\"https:\/\/www.ampipointservizimg.it\/?product=aggiornamento-rspp-tutti-quinquennale\",\"url\":\"https:\/\/www.ampipointservizimg.it\/?product=aggiornamento-rspp-tutti-quinquennale\",\"name\":\"Aggiornamento RSPP (Tutti) - Quinquennale - Ampi Point Servizi emmegi\",\"isPartOf\":{\"@id\":\"https:\/\/www.ampipointservizimg.it\/#website\"},\"primaryImageOfPage\":{\"@id\":\"https:\/\/www.ampipointservizimg.it\/?product=aggiornamento-rspp-tutti-quinquennale#primaryimage\"},\"image\":{\"@id\":\"https:\/\/www.ampipointservizimg.it\/?product=aggiornamento-rspp-tutti-quinquennale#primaryimage\"},\"thumbnailUrl\":\"https:\/\/www.ampipointservizimg.it\/wp-content\/uploads\/2022\/02\/RSPP-ANNUALITA-QUINQUENNALE.jpg\",\"datePublished\":\"2022-03-02T16:20:59+00:00\",\"dateModified\":\"2025-07-08T21:16:05+00:00\",\"breadcrumb\":{\"@id\":\"https:\/\/www.ampipointservizimg.it\/?product=aggiornamento-rspp-tutti-quinquennale#breadcrumb\"},\"inLanguage\":\"it-IT\",\"potentialAction\":[{\"@type\":\"ReadAction\",\"target\":[\"https:\/\/www.ampipointservizimg.it\/?product=aggiornamento-rspp-tutti-quinquennale\"]}]},{\"@type\":\"ImageObject\",\"inLanguage\":\"it-IT\",\"@id\":\"https:\/\/www.ampipointservizimg.it\/?product=aggiornamento-rspp-tutti-quinquennale#primaryimage\",\"url\":\"https:\/\/www.ampipointservizimg.it\/wp-content\/uploads\/2022\/02\/RSPP-ANNUALITA-QUINQUENNALE.jpg\",\"contentUrl\":\"https:\/\/www.ampipointservizimg.it\/wp-content\/uploads\/2022\/02\/RSPP-ANNUALITA-QUINQUENNALE.jpg\",\"width\":300,\"height\":300},{\"@type\":\"BreadcrumbList\",\"@id\":\"https:\/\/www.ampipointservizimg.it\/?product=aggiornamento-rspp-tutti-quinquennale#breadcrumb\",\"itemListElement\":[{\"@type\":\"ListItem\",\"position\":1,\"name\":\"Home\",\"item\":\"https:\/\/www.ampipointservizimg.it\/\"},{\"@type\":\"ListItem\",\"position\":2,\"name\":\"Shop\",\"item\":\"https:\/\/www.ampipointservizimg.it\/?page_id=91\"},{\"@type\":\"ListItem\",\"position\":3,\"name\":\"Aggiornamento RSPP (Tutti) &#8211; Quinquennale\"}]},{\"@type\":\"WebSite\",\"@id\":\"https:\/\/www.ampipointservizimg.it\/#website\",\"url\":\"https:\/\/www.ampipointservizimg.it\/\",\"name\":\"Ampi Point Servizi emmegi\",\"description\":\"\",\"publisher\":{\"@id\":\"https:\/\/www.ampipointservizimg.it\/#organization\"},\"potentialAction\":[{\"@type\":\"SearchAction\",\"target\":{\"@type\":\"EntryPoint\",\"urlTemplate\":\"https:\/\/www.ampipointservizimg.it\/?s={search_term_string}\"},\"query-input\":{\"@type\":\"PropertyValueSpecification\",\"valueRequired\":true,\"valueName\":\"search_term_string\"}}],\"inLanguage\":\"it-IT\"},{\"@type\":\"Organization\",\"@id\":\"https:\/\/www.ampipointservizimg.it\/#organization\",\"name\":\"Sviluppo Qualit\u00e0\",\"alternateName\":\"Sviluppo Qualit\u00e0\",\"url\":\"https:\/\/www.ampipointservizimg.it\/\",\"logo\":{\"@type\":\"ImageObject\",\"inLanguage\":\"it-IT\",\"@id\":\"https:\/\/www.ampipointservizimg.it\/#\/schema\/logo\/image\/\",\"url\":\"https:\/\/www.ampipointservizimg.it\/wp-content\/uploads\/2025\/06\/cropped-logo_con_ampi-1.png\",\"contentUrl\":\"https:\/\/www.ampipointservizimg.it\/wp-content\/uploads\/2025\/06\/cropped-logo_con_ampi-1.png\",\"width\":2269,\"height\":544,\"caption\":\"Sviluppo Qualit\u00e0\"},\"image\":{\"@id\":\"https:\/\/www.ampipointservizimg.it\/#\/schema\/logo\/image\/\"}}]}<\/script>\n<!-- \/ Yoast SEO plugin. -->","yoast_head_json":{"title":"Aggiornamento RSPP (Tutti) - Quinquennale - Ampi Point Servizi emmegi","robots":{"index":"index","follow":"follow","max-snippet":"max-snippet:-1","max-image-preview":"max-image-preview:large","max-video-preview":"max-video-preview:-1"},"canonical":"https:\/\/www.ampipointservizimg.it\/?product=aggiornamento-rspp-tutti-quinquennale","og_locale":"it_IT","og_type":"article","og_title":"Aggiornamento RSPP (Tutti) - Quinquennale - Ampi Point Servizi emmegi","og_description":"\u00a0 \u00a0 Visualizza Scheda Tecnica in PDF Titolo Corso di \u201cAggiornamento RSPP modulo B\u201d Destinatari Il corso di aggiornamento \u00e8 destinato ai responsabili del servizio di prevenzione e protezione che hanno gi\u00e0 effettuato il corso di formazione per RSPP Modulo B e hanno necessit\u00e0 di effettuare l&#8217;aggiornamento quinquennale. Obiettivi e Finalit\u00e0 Il corso costituisce quota intera del credito formativo per [&hellip;]","og_url":"https:\/\/www.ampipointservizimg.it\/?product=aggiornamento-rspp-tutti-quinquennale","og_site_name":"Ampi Point Servizi emmegi","article_modified_time":"2025-07-08T21:16:05+00:00","og_image":[{"width":300,"height":300,"url":"https:\/\/www.ampipointservizimg.it\/wp-content\/uploads\/2022\/02\/RSPP-ANNUALITA-QUINQUENNALE.jpg","type":"image\/jpeg"}],"twitter_card":"summary_large_image","twitter_misc":{"Tempo di lettura stimato":"2 minuti"},"schema":{"@context":"https:\/\/schema.org","@graph":[{"@type":"WebPage","@id":"https:\/\/www.ampipointservizimg.it\/?product=aggiornamento-rspp-tutti-quinquennale","url":"https:\/\/www.ampipointservizimg.it\/?product=aggiornamento-rspp-tutti-quinquennale","name":"Aggiornamento RSPP (Tutti) - Quinquennale - Ampi Point Servizi emmegi","isPartOf":{"@id":"https:\/\/www.ampipointservizimg.it\/#website"},"primaryImageOfPage":{"@id":"https:\/\/www.ampipointservizimg.it\/?product=aggiornamento-rspp-tutti-quinquennale#primaryimage"},"image":{"@id":"https:\/\/www.ampipointservizimg.it\/?product=aggiornamento-rspp-tutti-quinquennale#primaryimage"},"thumbnailUrl":"https:\/\/www.ampipointservizimg.it\/wp-content\/uploads\/2022\/02\/RSPP-ANNUALITA-QUINQUENNALE.jpg","datePublished":"2022-03-02T16:20:59+00:00","dateModified":"2025-07-08T21:16:05+00:00","breadcrumb":{"@id":"https:\/\/www.ampipointservizimg.it\/?product=aggiornamento-rspp-tutti-quinquennale#breadcrumb"},"inLanguage":"it-IT","potentialAction":[{"@type":"ReadAction","target":["https:\/\/www.ampipointservizimg.it\/?product=aggiornamento-rspp-tutti-quinquennale"]}]},{"@type":"ImageObject","inLanguage":"it-IT","@id":"https:\/\/www.ampipointservizimg.it\/?product=aggiornamento-rspp-tutti-quinquennale#primaryimage","url":"https:\/\/www.ampipointservizimg.it\/wp-content\/uploads\/2022\/02\/RSPP-ANNUALITA-QUINQUENNALE.jpg","contentUrl":"https:\/\/www.ampipointservizimg.it\/wp-content\/uploads\/2022\/02\/RSPP-ANNUALITA-QUINQUENNALE.jpg","width":300,"height":300},{"@type":"BreadcrumbList","@id":"https:\/\/www.ampipointservizimg.it\/?product=aggiornamento-rspp-tutti-quinquennale#breadcrumb","itemListElement":[{"@type":"ListItem","position":1,"name":"Home","item":"https:\/\/www.ampipointservizimg.it\/"},{"@type":"ListItem","position":2,"name":"Shop","item":"https:\/\/www.ampipointservizimg.it\/?page_id=91"},{"@type":"ListItem","position":3,"name":"Aggiornamento RSPP (Tutti) &#8211; Quinquennale"}]},{"@type":"WebSite","@id":"https:\/\/www.ampipointservizimg.it\/#website","url":"https:\/\/www.ampipointservizimg.it\/","name":"Ampi Point Servizi emmegi","description":"","publisher":{"@id":"https:\/\/www.ampipointservizimg.it\/#organization"},"potentialAction":[{"@type":"SearchAction","target":{"@type":"EntryPoint","urlTemplate":"https:\/\/www.ampipointservizimg.it\/?s={search_term_string}"},"query-input":{"@type":"PropertyValueSpecification","valueRequired":true,"valueName":"search_term_string"}}],"inLanguage":"it-IT"},{"@type":"Organization","@id":"https:\/\/www.ampipointservizimg.it\/#organization","name":"Sviluppo Qualit\u00e0","alternateName":"Sviluppo Qualit\u00e0","url":"https:\/\/www.ampipointservizimg.it\/","logo":{"@type":"ImageObject","inLanguage":"it-IT","@id":"https:\/\/www.ampipointservizimg.it\/#\/schema\/logo\/image\/","url":"https:\/\/www.ampipointservizimg.it\/wp-content\/uploads\/2025\/06\/cropped-logo_con_ampi-1.png","contentUrl":"https:\/\/www.ampipointservizimg.it\/wp-content\/uploads\/2025\/06\/cropped-logo_con_ampi-1.png","width":2269,"height":544,"caption":"Sviluppo Qualit\u00e0"},"image":{"@id":"https:\/\/www.ampipointservizimg.it\/#\/schema\/logo\/image\/"}}]}},"_links":{"self":[{"href":"https:\/\/www.ampipointservizimg.it\/index.php?rest_route=\/wp\/v2\/product\/613","targetHints":{"allow":["GET"]}}],"collection":[{"href":"https:\/\/www.ampipointservizimg.it\/index.php?rest_route=\/wp\/v2\/product"}],"about":[{"href":"https:\/\/www.ampipointservizimg.it\/index.php?rest_route=\/wp\/v2\/types\/product"}],"wp:featuredmedia":[{"embeddable":true,"href":"https:\/\/www.ampipointservizimg.it\/index.php?rest_route=\/wp\/v2\/media\/305"}],"wp:attachment":[{"href":"https:\/\/www.ampipointservizimg.it\/index.php?rest_route=%2Fwp%2Fv2%2Fmedia&parent=613"}],"wp:term":[{"taxonomy":"product_brand","embeddable":true,"href":"https:\/\/www.ampipointservizimg.it\/index.php?rest_route=%2Fwp%2Fv2%2Fproduct_brand&post=613"},{"taxonomy":"product_cat","embeddable":true,"href":"https:\/\/www.ampipointservizimg.it\/index.php?rest_route=%2Fwp%2Fv2%2Fproduct_cat&post=613"},{"taxonomy":"product_tag","embeddable":true,"href":"https:\/\/www.ampipointservizimg.it\/index.php?rest_route=%2Fwp%2Fv2%2Fproduct_tag&post=613"}],"curies":[{"name":"wp","href":"https:\/\/api.w.org\/{rel}","templated":true}]}}