{"id":627,"date":"2022-03-03T17:38:07","date_gmt":"2022-03-03T16:38:07","guid":{"rendered":"https:\/\/new.sviluppoqualita.it\/prodotto\/formazione-generale-dei-lavoratori-rischio-basso-specifica\/"},"modified":"2025-07-08T23:16:05","modified_gmt":"2025-07-08T21:16:05","slug":"formazione-generale-dei-lavoratori-rischio-basso-specifica","status":"publish","type":"product","link":"https:\/\/www.ampipointservizimg.it\/?product=formazione-generale-dei-lavoratori-rischio-basso-specifica","title":{"rendered":"Formazione Lavoratori Rischio Basso &#8211; Specifica"},"content":{"rendered":"<div id=\"div-scarica-scheda-tecnica\" style=\"text-align: center; padding: 7px; color: white; padding-top: 10px;\"><!-- blu 094775 rosso d1222b --> <a style=\"padding: 10px; border: 1px solid #dddddd; background-color: #d1222b; color: white;\" href=\"https:\/\/www.networkgtc.it\/wp-content\/uploads\/2019\/08\/2-Formazione-lavoratori-rischio-basso-modulo-specifico.pdf\" target=\"_blank\" rel=\"noopener noreferrer\"> <i class=\"fa fa-file-pdf-o\" style=\"padding-left: 5px; ;color: white;\"><\/i> \u00a0 <span style=\"border-left: 1px solid white;\"> \u00a0 Visualizza Scheda Tecnica in PDF<\/span><\/a><\/div>\n<table class=\"tabella-scheda-tecnica-networkgtc\" style=\"width: 82.8373%;\">\n<tbody>\n<tr>\n<td style=\"width: 21.1679%; border-width: 1pt; border-style: solid;\">\n<p class=\"s1\" style=\"padding-top: 6pt; padding-left: 21pt; padding-right: 23pt; text-indent: 0pt; text-align: center;\">Titolo<\/p>\n<\/td>\n<td style=\"width: 118.394%; border-width: 1pt; border-style: solid;\">\n<p class=\"s2\" style=\"padding-top: 5pt; padding-left: 5pt; text-indent: 0pt; text-align: left;\">Corso di Formazione dei <a href=\"https:\/\/shop.networkgtc.it\/product-category\/formazione\/sicurezza\/formazione-corsi-sicurezza-d-lgs-8108-lavoratori\/\">lavoratori rischio basso<\/a> &#8211; modulo specifico (4 ore)<\/p>\n<\/td>\n<\/tr>\n<tr>\n<td style=\"width: 21.1679%; border-width: 1pt; border-style: solid;\">\n<p class=\"s1\" style=\"padding-top: 9pt; padding-left: 21pt; padding-right: 24pt; text-indent: 0pt; text-align: center;\">Destinatari<\/p>\n<\/td>\n<td style=\"width: 118.394%; border-width: 1pt; border-style: solid;\">\n<p class=\"s3\" style=\"padding-top: 1pt; padding-left: 7pt; padding-right: 4pt; text-indent: 0pt; line-height: 114%; text-align: justify;\">Il corso intende ottemperare al requisito obbligatorio (Art. 37 T.U. 81\/2008) per il quale tutti i lavoratori devono ricevere una formazione sufficiente ed adeguata in materia di sicurezza. La formazione dei lavoratori \u00e8 finalizzata a creare consapevolezza e cultura sui rischi e sulle misure di sicurezza da applicare per prevenire gli infortuni e preservare la salute e la sicurezza sui luogo di lavoro. L\u2019art. 37 del D.lgs. 81\/08 prevede che il Datore di lavoro formi tutti i suoi dipendenti, nel rispetto dei contenuti e della durata previsti dall\u2019accordo tra il Ministro del lavoro e delle politiche sociali, il Ministro della salute, le Regioni e le Province autonome di Trento e Bolzano per la formazione dei lavoratori sanciti dalla Conferenza Stato Regioni in data 21\/12\/2011.<\/p>\n<\/td>\n<\/tr>\n<tr>\n<td style=\"width: 21.1679%; border-width: 1pt; border-style: solid;\">\n<p class=\"s1\" style=\"padding-left: 28pt; padding-right: 30pt; text-indent: 0pt; text-align: center;\">Obiettivi e Finalit\u00e0<\/p>\n<\/td>\n<td style=\"width: 118.394%; border-width: 1pt; border-style: solid;\">\n<p class=\"s3\" style=\"padding-left: 5pt; padding-right: 4pt; text-indent: 0pt; line-height: 114%; text-align: justify;\">Fornire ai partecipanti la formazione richiesta in funzione dei rischi riferiti alle mansioni e ai possibili danni e alle conseguenti misure e procedure di prevenzione e protezione caratteristici del settore o comparto di appartenenza dell&#8217;azienda. Il corso \u00e8 rivolto ai lavoratori la cui impresa rientra nelle macro categorie di rischio basso cos\u00ec come individuate all\u2019allegato 2\u00b0 dell\u2019 Accordo Stato Regioni del 21-12-2011 (ATECO 2007):<\/p>\n<p>\u00a0G) Commercio all&#8217;ingrosso e al dettaglio; Riparazione di autoveicoli e motocicli.<br \/>\nI) Attivit\u00e0 dei servizi di alloggio e di ristorazione.<br \/>\nK) Attivit\u00e0 finanziarie e assicurative.<br \/>\nL) Attivit\u00e0 immobiliari.<br \/>\nJ) Servizi di informazione e comunicazione.<br \/>\nT) Attivit\u00e0 di famiglie e convivenze come datori di lavoro per personale domestico.<br \/>\nU) Organizzazioni e organismi extraterritoriali.<\/td>\n<\/tr>\n<tr>\n<td style=\"width: 21.1679%; border-width: 1pt; border-style: solid; text-align: center;\">Normativa di riferimento<\/td>\n<td style=\"width: 118.394%; border-width: 1pt; border-style: solid;\">\n<ul>\n<li>D.lgs. 81\/08 e s. s. m. e i.;<\/li>\n<li>Accordo Stato \u2013 Regioni n.221 del 21 dicembre 2011;<\/li>\n<li>Accordo Stato \u2013 Regioni n.153 del 25 luglio 2012;<\/li>\n<li>Accordo Stato \u2013 Regioni n.128 del 07 luglio 2016.<\/li>\n<\/ul>\n<\/td>\n<\/tr>\n<tr>\n<td style=\"width: 21.1679%; border-width: 1pt; border-style: solid; text-align: center;\">Requisiti di ammissione<\/td>\n<td style=\"width: 118.394%; border-width: 1pt; border-style: solid;\">\n<p class=\"s3\" style=\"padding-left: 5pt; padding-right: 21pt; text-indent: 0pt; line-height: 115%; text-align: left;\">Attestato di Frequenza al corso \u201cFormazione dei lavoratori rischio basso \u2013 modulo specifico\u201d.<\/p>\n<\/td>\n<\/tr>\n<tr>\n<td style=\"width: 21.1679%; border-width: 1pt; border-style: solid; text-align: center;\">Durata e modalit\u00e0<\/td>\n<td style=\"width: 118.394%; border-width: 1pt; border-style: solid;\">\n<p class=\"s3\" style=\"padding-left: 5pt; padding-right: 4pt; text-indent: 0pt; line-height: 114%; text-align: justify;\">Il corso ha una durata di 4 ore; per le aziende inserite nei macrosettori Ateco a rischio basso e per i lavoratori che a seguito di valutazione dei rischi risultino svolgere attivit\u00e0 appartenenti ad un livello di rischio basso il corso \u00e8 erogabile in modalit\u00e0 e-learning secondo le nuove disposizioni previste dall\u2019Accordo Stato Regioni n.128 del 07 luglio 2016.<\/p>\n<p class=\"s3\" style=\"padding-left: 5pt; text-indent: 0pt; text-align: justify;\">Ore totali: 4<\/p>\n<p class=\"s3\" style=\"padding-top: 1pt; padding-left: 5pt; text-indent: 0pt; text-align: justify;\">Modalit\u00e0: E-LEARNING.<\/p>\n<\/td>\n<\/tr>\n<tr>\n<td style=\"width: 21.1679%; border-width: 1pt; border-style: solid;\">\n<p style=\"text-indent: 0pt; text-align: left;\">\n<\/td>\n<td style=\"width: 118.394%; border-width: 1pt; border-style: solid;\">\n<p class=\"s6\" style=\"padding-left: 135pt; padding-right: 134pt; text-indent: 0pt; line-height: 15pt; text-align: center;\">DISCIPLINE E CONTENUTI<\/p>\n<\/td>\n<\/tr>\n<tr>\n<td style=\"width: 21.1679%; border-width: 1pt; border-style: solid; text-align: center;\">Programma del corso<\/td>\n<td style=\"width: 118.394%; border-width: 1pt; border-style: solid;\" rowspan=\"2\">\n<p class=\"s7\" style=\"padding-left: 5pt; text-indent: 0pt; line-height: 13pt; text-align: left;\">Modulo specifico (4 ore)<\/p>\n<ul>\n<li>Rischi infortuni.<\/li>\n<li>Rischi meccanici generali.<\/li>\n<li>Rischi specifici (elettrici generali, cadute dall\u2019alto, rischi da esplosione, rischi chimici, rischi cancerogeni, rischi biologici, rischi fisici, rumore, vibrazione, radiazioni, microclima ed illuminazione, videoterminali, stress da lavoro- correlato, movimentazione manuale dei carichi.)<\/li>\n<li>Macchine e Attrezzature.<\/li>\n<li>Nebbie, oli fumi, vapori, polveri.<\/li>\n<li>Etichettatura.<\/li>\n<li>DPI ed organizzazione del lavoro.<\/li>\n<li>La sorveglianza sanitaria.<\/li>\n<li>Ambienti di lavoro.<\/li>\n<li>Segnaletica.<\/li>\n<li>Emergenze.<\/li>\n<li>Le procedure di sicurezza con riferimento al profilo di rischio specifico.<\/li>\n<li>Procedure di esodo ed incendi.<\/li>\n<li>Procedure organizzative di primo soccorso.<\/li>\n<li>Incidenti ed infortuni mancati. Altri rischi<\/li>\n<\/ul>\n<\/td>\n<\/tr>\n<tr>\n<td style=\"width: 21.1679%; border-width: 1pt; border-style: solid;\">\n<p style=\"text-indent: 0pt; text-align: left;\">\n<\/td>\n<\/tr>\n<tr>\n<td style=\"width: 21.1679%; border-width: 1pt; border-style: solid;\">\n<p class=\"s1\" style=\"padding-left: 9pt; padding-right: 12pt; text-indent: 0pt; text-align: center;\">Valutazione<\/p>\n<\/td>\n<td style=\"width: 118.394%; border-width: 1pt; border-style: solid;\">\n<p class=\"s3\" style=\"padding-left: 5pt; padding-right: 23pt; text-indent: 0pt; line-height: 115%; text-align: left;\">La verifica dell&#8217;apprendimento si svolge sulla base di test a risposta multipla e quiz game somministrabili anche in itinere.<\/p>\n<\/td>\n<\/tr>\n<tr>\n<td style=\"width: 21.1679%; border-width: 1pt; border-style: solid; text-align: center;\">Attestato Formativo Rilasciato<\/td>\n<td style=\"width: 118.394%; border-width: 1pt; border-style: solid;\">\n<p class=\"s3\" style=\"padding-left: 5pt; padding-right: 6pt; text-indent: 0pt; line-height: 115%; text-align: left;\">Attestato di frequenza \u201cFormazione dei lavoratori rischio basso \u2013 modulo specifico\u201d di 4 ore.<\/p>\n<\/td>\n<\/tr>\n<tr>\n<td style=\"width: 21.1679%; border-width: 1pt; border-style: solid;\">\n<p class=\"s1\" style=\"padding-top: 8pt; padding-left: 9pt; padding-right: 12pt; text-indent: 0pt; text-align: center;\">Docenza<\/p>\n<\/td>\n<td style=\"width: 118.394%; border-width: 1pt; border-style: solid;\">\n<p class=\"s3\" style=\"padding-left: 5pt; padding-right: 16pt; text-indent: 0pt; line-height: 115%; text-align: justify;\">Docenti in possesso dei requisiti previsti dal decreto interministeriale 6 marzo 2013, emanato in attuazione dell&#8217;articolo 6, comma 8, lettera m bis), del d.lgs. n. 81\/2008, entrato in vigore il 18 marzo 2014.<\/p>\n<\/td>\n<\/tr>\n<\/tbody>\n<\/table>\n","protected":false},"excerpt":{"rendered":"<p>\u00a0 \u00a0 Visualizza Scheda Tecnica in PDF Titolo Corso di Formazione dei lavoratori rischio basso &#8211; modulo specifico (4 ore) Destinatari Il corso intende ottemperare al requisito obbligatorio (Art. 37 T.U. 81\/2008) per il quale tutti i lavoratori devono ricevere una formazione sufficiente ed adeguata in materia di sicurezza. La formazione dei lavoratori \u00e8 finalizzata a creare consapevolezza e cultura [&hellip;]<\/p>\n","protected":false},"featured_media":470,"template":"","meta":[],"product_brand":[],"product_cat":[28,917],"product_tag":[31,40],"class_list":{"0":"post-627","1":"product","2":"type-product","3":"status-publish","4":"has-post-thumbnail","6":"product_cat-corsi-sicurezza-d-lgs-81-08","7":"product_cat-corsi-fad","8":"product_tag-corsi-sicurezza-d-lgs-81-08-lavoratori","9":"product_tag-corso-4-ore","11":"first","12":"instock","13":"taxable","14":"shipping-taxable","15":"purchasable","16":"product-type-simple"},"yoast_head":"<!-- This site is optimized with the Yoast SEO plugin v25.4 - https:\/\/yoast.com\/wordpress\/plugins\/seo\/ -->\n<title>Formazione Lavoratori Rischio Basso - Specifica - Ampi Point Servizi emmegi<\/title>\n<meta name=\"robots\" content=\"index, follow, max-snippet:-1, max-image-preview:large, max-video-preview:-1\" \/>\n<link rel=\"canonical\" href=\"https:\/\/www.ampipointservizimg.it\/?product=formazione-generale-dei-lavoratori-rischio-basso-specifica\" \/>\n<meta property=\"og:locale\" content=\"it_IT\" \/>\n<meta property=\"og:type\" content=\"article\" \/>\n<meta property=\"og:title\" content=\"Formazione Lavoratori Rischio Basso - Specifica - Ampi Point Servizi emmegi\" \/>\n<meta property=\"og:description\" content=\"\u00a0 \u00a0 Visualizza Scheda Tecnica in PDF Titolo Corso di Formazione dei lavoratori rischio basso &#8211; modulo specifico (4 ore) Destinatari Il corso intende ottemperare al requisito obbligatorio (Art. 37 T.U. 81\/2008) per il quale tutti i lavoratori devono ricevere una formazione sufficiente ed adeguata in materia di sicurezza. La formazione dei lavoratori \u00e8 finalizzata a creare consapevolezza e cultura [&hellip;]\" \/>\n<meta property=\"og:url\" content=\"https:\/\/www.ampipointservizimg.it\/?product=formazione-generale-dei-lavoratori-rischio-basso-specifica\" \/>\n<meta property=\"og:site_name\" content=\"Ampi Point Servizi emmegi\" \/>\n<meta property=\"article:modified_time\" content=\"2025-07-08T21:16:05+00:00\" \/>\n<meta property=\"og:image\" content=\"https:\/\/www.ampipointservizimg.it\/wp-content\/uploads\/2022\/02\/Formazione-Generale-dei-lavoratori_icon.jpg\" \/>\n\t<meta property=\"og:image:width\" content=\"300\" \/>\n\t<meta property=\"og:image:height\" content=\"300\" \/>\n\t<meta property=\"og:image:type\" content=\"image\/jpeg\" \/>\n<meta name=\"twitter:card\" content=\"summary_large_image\" \/>\n<meta name=\"twitter:label1\" content=\"Tempo di lettura stimato\" \/>\n\t<meta name=\"twitter:data1\" content=\"3 minuti\" \/>\n<script type=\"application\/ld+json\" class=\"yoast-schema-graph\">{\"@context\":\"https:\/\/schema.org\",\"@graph\":[{\"@type\":\"WebPage\",\"@id\":\"https:\/\/www.ampipointservizimg.it\/?product=formazione-generale-dei-lavoratori-rischio-basso-specifica\",\"url\":\"https:\/\/www.ampipointservizimg.it\/?product=formazione-generale-dei-lavoratori-rischio-basso-specifica\",\"name\":\"Formazione Lavoratori Rischio Basso - Specifica - Ampi Point Servizi emmegi\",\"isPartOf\":{\"@id\":\"https:\/\/www.ampipointservizimg.it\/#website\"},\"primaryImageOfPage\":{\"@id\":\"https:\/\/www.ampipointservizimg.it\/?product=formazione-generale-dei-lavoratori-rischio-basso-specifica#primaryimage\"},\"image\":{\"@id\":\"https:\/\/www.ampipointservizimg.it\/?product=formazione-generale-dei-lavoratori-rischio-basso-specifica#primaryimage\"},\"thumbnailUrl\":\"https:\/\/www.ampipointservizimg.it\/wp-content\/uploads\/2022\/02\/Formazione-Generale-dei-lavoratori_icon.jpg\",\"datePublished\":\"2022-03-03T16:38:07+00:00\",\"dateModified\":\"2025-07-08T21:16:05+00:00\",\"breadcrumb\":{\"@id\":\"https:\/\/www.ampipointservizimg.it\/?product=formazione-generale-dei-lavoratori-rischio-basso-specifica#breadcrumb\"},\"inLanguage\":\"it-IT\",\"potentialAction\":[{\"@type\":\"ReadAction\",\"target\":[\"https:\/\/www.ampipointservizimg.it\/?product=formazione-generale-dei-lavoratori-rischio-basso-specifica\"]}]},{\"@type\":\"ImageObject\",\"inLanguage\":\"it-IT\",\"@id\":\"https:\/\/www.ampipointservizimg.it\/?product=formazione-generale-dei-lavoratori-rischio-basso-specifica#primaryimage\",\"url\":\"https:\/\/www.ampipointservizimg.it\/wp-content\/uploads\/2022\/02\/Formazione-Generale-dei-lavoratori_icon.jpg\",\"contentUrl\":\"https:\/\/www.ampipointservizimg.it\/wp-content\/uploads\/2022\/02\/Formazione-Generale-dei-lavoratori_icon.jpg\",\"width\":300,\"height\":300},{\"@type\":\"BreadcrumbList\",\"@id\":\"https:\/\/www.ampipointservizimg.it\/?product=formazione-generale-dei-lavoratori-rischio-basso-specifica#breadcrumb\",\"itemListElement\":[{\"@type\":\"ListItem\",\"position\":1,\"name\":\"Home\",\"item\":\"https:\/\/www.ampipointservizimg.it\/\"},{\"@type\":\"ListItem\",\"position\":2,\"name\":\"Shop\",\"item\":\"https:\/\/www.ampipointservizimg.it\/?page_id=91\"},{\"@type\":\"ListItem\",\"position\":3,\"name\":\"Formazione Lavoratori Rischio Basso &#8211; Specifica\"}]},{\"@type\":\"WebSite\",\"@id\":\"https:\/\/www.ampipointservizimg.it\/#website\",\"url\":\"https:\/\/www.ampipointservizimg.it\/\",\"name\":\"Ampi Point Servizi emmegi\",\"description\":\"\",\"publisher\":{\"@id\":\"https:\/\/www.ampipointservizimg.it\/#organization\"},\"potentialAction\":[{\"@type\":\"SearchAction\",\"target\":{\"@type\":\"EntryPoint\",\"urlTemplate\":\"https:\/\/www.ampipointservizimg.it\/?s={search_term_string}\"},\"query-input\":{\"@type\":\"PropertyValueSpecification\",\"valueRequired\":true,\"valueName\":\"search_term_string\"}}],\"inLanguage\":\"it-IT\"},{\"@type\":\"Organization\",\"@id\":\"https:\/\/www.ampipointservizimg.it\/#organization\",\"name\":\"Sviluppo Qualit\u00e0\",\"alternateName\":\"Sviluppo Qualit\u00e0\",\"url\":\"https:\/\/www.ampipointservizimg.it\/\",\"logo\":{\"@type\":\"ImageObject\",\"inLanguage\":\"it-IT\",\"@id\":\"https:\/\/www.ampipointservizimg.it\/#\/schema\/logo\/image\/\",\"url\":\"https:\/\/www.ampipointservizimg.it\/wp-content\/uploads\/2025\/06\/cropped-logo_con_ampi-1.png\",\"contentUrl\":\"https:\/\/www.ampipointservizimg.it\/wp-content\/uploads\/2025\/06\/cropped-logo_con_ampi-1.png\",\"width\":2269,\"height\":544,\"caption\":\"Sviluppo Qualit\u00e0\"},\"image\":{\"@id\":\"https:\/\/www.ampipointservizimg.it\/#\/schema\/logo\/image\/\"}}]}<\/script>\n<!-- \/ Yoast SEO plugin. -->","yoast_head_json":{"title":"Formazione Lavoratori Rischio Basso - Specifica - Ampi Point Servizi emmegi","robots":{"index":"index","follow":"follow","max-snippet":"max-snippet:-1","max-image-preview":"max-image-preview:large","max-video-preview":"max-video-preview:-1"},"canonical":"https:\/\/www.ampipointservizimg.it\/?product=formazione-generale-dei-lavoratori-rischio-basso-specifica","og_locale":"it_IT","og_type":"article","og_title":"Formazione Lavoratori Rischio Basso - Specifica - Ampi Point Servizi emmegi","og_description":"\u00a0 \u00a0 Visualizza Scheda Tecnica in PDF Titolo Corso di Formazione dei lavoratori rischio basso &#8211; modulo specifico (4 ore) Destinatari Il corso intende ottemperare al requisito obbligatorio (Art. 37 T.U. 81\/2008) per il quale tutti i lavoratori devono ricevere una formazione sufficiente ed adeguata in materia di sicurezza. La formazione dei lavoratori \u00e8 finalizzata a creare consapevolezza e cultura [&hellip;]","og_url":"https:\/\/www.ampipointservizimg.it\/?product=formazione-generale-dei-lavoratori-rischio-basso-specifica","og_site_name":"Ampi Point Servizi emmegi","article_modified_time":"2025-07-08T21:16:05+00:00","og_image":[{"width":300,"height":300,"url":"https:\/\/www.ampipointservizimg.it\/wp-content\/uploads\/2022\/02\/Formazione-Generale-dei-lavoratori_icon.jpg","type":"image\/jpeg"}],"twitter_card":"summary_large_image","twitter_misc":{"Tempo di lettura stimato":"3 minuti"},"schema":{"@context":"https:\/\/schema.org","@graph":[{"@type":"WebPage","@id":"https:\/\/www.ampipointservizimg.it\/?product=formazione-generale-dei-lavoratori-rischio-basso-specifica","url":"https:\/\/www.ampipointservizimg.it\/?product=formazione-generale-dei-lavoratori-rischio-basso-specifica","name":"Formazione Lavoratori Rischio Basso - Specifica - Ampi Point Servizi emmegi","isPartOf":{"@id":"https:\/\/www.ampipointservizimg.it\/#website"},"primaryImageOfPage":{"@id":"https:\/\/www.ampipointservizimg.it\/?product=formazione-generale-dei-lavoratori-rischio-basso-specifica#primaryimage"},"image":{"@id":"https:\/\/www.ampipointservizimg.it\/?product=formazione-generale-dei-lavoratori-rischio-basso-specifica#primaryimage"},"thumbnailUrl":"https:\/\/www.ampipointservizimg.it\/wp-content\/uploads\/2022\/02\/Formazione-Generale-dei-lavoratori_icon.jpg","datePublished":"2022-03-03T16:38:07+00:00","dateModified":"2025-07-08T21:16:05+00:00","breadcrumb":{"@id":"https:\/\/www.ampipointservizimg.it\/?product=formazione-generale-dei-lavoratori-rischio-basso-specifica#breadcrumb"},"inLanguage":"it-IT","potentialAction":[{"@type":"ReadAction","target":["https:\/\/www.ampipointservizimg.it\/?product=formazione-generale-dei-lavoratori-rischio-basso-specifica"]}]},{"@type":"ImageObject","inLanguage":"it-IT","@id":"https:\/\/www.ampipointservizimg.it\/?product=formazione-generale-dei-lavoratori-rischio-basso-specifica#primaryimage","url":"https:\/\/www.ampipointservizimg.it\/wp-content\/uploads\/2022\/02\/Formazione-Generale-dei-lavoratori_icon.jpg","contentUrl":"https:\/\/www.ampipointservizimg.it\/wp-content\/uploads\/2022\/02\/Formazione-Generale-dei-lavoratori_icon.jpg","width":300,"height":300},{"@type":"BreadcrumbList","@id":"https:\/\/www.ampipointservizimg.it\/?product=formazione-generale-dei-lavoratori-rischio-basso-specifica#breadcrumb","itemListElement":[{"@type":"ListItem","position":1,"name":"Home","item":"https:\/\/www.ampipointservizimg.it\/"},{"@type":"ListItem","position":2,"name":"Shop","item":"https:\/\/www.ampipointservizimg.it\/?page_id=91"},{"@type":"ListItem","position":3,"name":"Formazione Lavoratori Rischio Basso &#8211; Specifica"}]},{"@type":"WebSite","@id":"https:\/\/www.ampipointservizimg.it\/#website","url":"https:\/\/www.ampipointservizimg.it\/","name":"Ampi Point Servizi emmegi","description":"","publisher":{"@id":"https:\/\/www.ampipointservizimg.it\/#organization"},"potentialAction":[{"@type":"SearchAction","target":{"@type":"EntryPoint","urlTemplate":"https:\/\/www.ampipointservizimg.it\/?s={search_term_string}"},"query-input":{"@type":"PropertyValueSpecification","valueRequired":true,"valueName":"search_term_string"}}],"inLanguage":"it-IT"},{"@type":"Organization","@id":"https:\/\/www.ampipointservizimg.it\/#organization","name":"Sviluppo Qualit\u00e0","alternateName":"Sviluppo Qualit\u00e0","url":"https:\/\/www.ampipointservizimg.it\/","logo":{"@type":"ImageObject","inLanguage":"it-IT","@id":"https:\/\/www.ampipointservizimg.it\/#\/schema\/logo\/image\/","url":"https:\/\/www.ampipointservizimg.it\/wp-content\/uploads\/2025\/06\/cropped-logo_con_ampi-1.png","contentUrl":"https:\/\/www.ampipointservizimg.it\/wp-content\/uploads\/2025\/06\/cropped-logo_con_ampi-1.png","width":2269,"height":544,"caption":"Sviluppo Qualit\u00e0"},"image":{"@id":"https:\/\/www.ampipointservizimg.it\/#\/schema\/logo\/image\/"}}]}},"_links":{"self":[{"href":"https:\/\/www.ampipointservizimg.it\/index.php?rest_route=\/wp\/v2\/product\/627","targetHints":{"allow":["GET"]}}],"collection":[{"href":"https:\/\/www.ampipointservizimg.it\/index.php?rest_route=\/wp\/v2\/product"}],"about":[{"href":"https:\/\/www.ampipointservizimg.it\/index.php?rest_route=\/wp\/v2\/types\/product"}],"wp:featuredmedia":[{"embeddable":true,"href":"https:\/\/www.ampipointservizimg.it\/index.php?rest_route=\/wp\/v2\/media\/470"}],"wp:attachment":[{"href":"https:\/\/www.ampipointservizimg.it\/index.php?rest_route=%2Fwp%2Fv2%2Fmedia&parent=627"}],"wp:term":[{"taxonomy":"product_brand","embeddable":true,"href":"https:\/\/www.ampipointservizimg.it\/index.php?rest_route=%2Fwp%2Fv2%2Fproduct_brand&post=627"},{"taxonomy":"product_cat","embeddable":true,"href":"https:\/\/www.ampipointservizimg.it\/index.php?rest_route=%2Fwp%2Fv2%2Fproduct_cat&post=627"},{"taxonomy":"product_tag","embeddable":true,"href":"https:\/\/www.ampipointservizimg.it\/index.php?rest_route=%2Fwp%2Fv2%2Fproduct_tag&post=627"}],"curies":[{"name":"wp","href":"https:\/\/api.w.org\/{rel}","templated":true}]}}