{"id":632,"date":"2022-03-03T17:40:21","date_gmt":"2022-03-03T16:40:21","guid":{"rendered":"https:\/\/new.sviluppoqualita.it\/prodotto\/ifsl-esperto-istruttore-dei-formatori-per-la-sicurezza-sul-lavoro\/"},"modified":"2025-07-08T23:16:05","modified_gmt":"2025-07-08T21:16:05","slug":"ifsl-esperto-istruttore-dei-formatori-per-la-sicurezza-sul-lavoro","status":"publish","type":"product","link":"https:\/\/www.ampipointservizimg.it\/?product=ifsl-esperto-istruttore-dei-formatori-per-la-sicurezza-sul-lavoro","title":{"rendered":"IFSL \u2013 Esperto Istruttore dei Formatori per la Sicurezza sul Lavoro"},"content":{"rendered":"<table style=\"padding-left: 4pt; text-indent: 0pt; text-align: left; font-size: 20px;\" cellspacing=\"0\">\n<tbody>\n<tr>\n<td width=\"253\">Titolo<\/td>\n<td width=\"1252\">Istruttore dei Formatori per la Sicurezza sul Lavoro<\/td>\n<\/tr>\n<tr>\n<td>Destinatari<\/td>\n<td>Datori di lavoro, responsabili del servizio di prevenzione e protezione, preposti, dirigenti o rappresentanti dei lavoratori, o altri soggetti individuati dalla Legge nell\u2019ambito del sistema aziendale di gestione della sicurezza che risultano avere le competenze professionali espresse nella sezione \u201cRequisiti di ammissione\u201d tali da essere in grado di sviluppare competenze innovative e di acquisire le capacit\u00e0 professionali necessarie ad erogare e gestire la formazione dei formatori in materia di sicurezza.<\/td>\n<\/tr>\n<tr>\n<td>Obiettivi e finalit\u00e0<\/td>\n<td>L\u2019Esperto istruttore dei formatori per la sicurezza sul lavoro (IFSL) \u00e8 una persona che ha le conoscenze, l&#8217;esperienza e la capacit\u00e0 necessarie per la gestione dei processi di apprendimento degli adulti nel settore della sicurezza sul lavoro cos\u00ec come disciplinato dal D.Lgs. 81\/2008 e s.m.i. per la formazione dei formatori per la sicurezza sul lavoro (FSL). Tale figura \u00e8 caratterizzata da un uso appropriato dei metodi e delle tecniche, dalla loro coerenza con i processi organizzativi (strategie, strutture, tecnologie, sistemi di pianificazione e controllo) e sociali (esigenze delle risorse umane, cultura organizzativa, professionalit\u00e0, sistemi di comunicazione). Il presente schema, considerando la vastit\u00e0 della materia, prevede tre aree:<\/p>\n<p>&#8211; normativa\/giuridica\/organizzativa<\/p>\n<p>&#8211; rischi tecnici\/igienico-sanitari<\/p>\n<p>&#8211; relazioni\/comunicazione<\/p>\n<p>&nbsp;<\/p>\n<p>L\u2019Esperto istruttore dei formatori per la sicurezza sul lavoro (IFSL) dovr\u00e0:<\/p>\n<p>&#8211; dimostrare di possedere una professionalit\u00e0 specifica, nel settore della sicurezza sul lavoro, fatta di conoscenze, attivit\u00e0 e strumenti atti a garantire l&#8217;efficacia del suo operato;<\/p>\n<p>&#8211; dare prova dei riferimenti concettuali ed analitici utili per analizzare il contesto organizzativo, al fine di comprenderne le esigenze di sviluppo e formazione delle organizzazioni stesse;<\/p>\n<p>&#8211; dare prova di conoscere le fasi in cui si evolve il processo formativo (diagnosi, progettazione, erogazione, valutazione dei risultati) e approfondire le competenze e le capacit\u00e0 necessarie alla progettazione e all&#8217;utilizzo dei principali strumenti di analisi dei bisogni formativi.<\/td>\n<\/tr>\n<tr>\n<td>Normativa di riferimento<\/td>\n<td>&#8211; D. Lgs. 81\/08 e s. s. m. e i.;<\/p>\n<p>&#8211; Accordo Stato \u2013 Regioni del 21\/12\/2011;<\/p>\n<p>&#8211; D. M. del 06\/03\/2013.<\/td>\n<\/tr>\n<tr>\n<td>Requisiti di ammissione<\/td>\n<td>Diploma di scuola media superiore<\/p>\n<p>&#8211; almeno 6 anni di esperienza in enti, aziende, studi professionali, ecc. ricomprendo incarichi tecnici, manageriali e professionali in materia di prevenzione e sicurezza sul lavoro<\/p>\n<p>&#8211; possesso di attestato di frequenza, con verifica dell\u2019apprendimento, a corso\/i di formazione per RSPP\/ASPP (moduli A,B e C o evidenza di esenzioni applicabili, organizzato\/i dai soggetti di cui all\u2019art. 32 del D.Lgs. 81\/2008 e s.m.i.)<\/p>\n<p>precedente esperienza come docente in corsi di formazione RSPP\/ASPP per almeno 60 ore negli ultimi 3 anni.<\/p>\n<p>Diploma di laurea o laurea triennale<\/p>\n<p>&#8211; almeno 4 anni di esperienza in enti, aziende, studi professionali, ecc. ricomprendo incarichi tecnici, manageriali e professionali in materia di prevenzione e sicurezza sul lavoro &#8211; possesso di attestato di frequenza, con verifica dell\u2019apprendimento, a corso\/i di formazione per RSPP\/ASPP (moduli A,B e C o evidenza di esenzioni applicabili, organizzato\/i dai soggetti di cui all\u2019art. 32 del D.Lgs. 81\/2008 e s.m.i.)<\/p>\n<p>&#8211; precedente esperienza come docente in corsi di formazione RSPP\/ASPP per almeno 60 ore negli ultimi 3 anni.<\/p>\n<p>Laurea magistrale, specialistica o vecchio ordinamento o nel caso di master post laurea in sicurezza e salute sul lavoro<\/p>\n<p>almeno 3 anni di esperienza in enti, aziende, studi professionali, ecc. ricomprendo incarichi tecnici, manageriali e professionali in materia di prevenzione e sicurezza sul lavoro<\/p>\n<p>possesso di attestato di frequenza, con verifica dell\u2019apprendimento, a corso\/i di formazione per RSPP\/ASPP (moduli A,B e C o evidenza di esenzioni applicabili, organizzato\/i dai soggetti di cui all\u2019art. 32 del D.Lgs. 81\/2008 e s.m.i.)<\/p>\n<p>precedente esperienza come docente in corsi di formazione RSPP\/ASPP per almeno 60 ore negli ultimi 3 anni<br \/>\nSono accettati tutti i titoli, corsi e diplomi riconosciuti equipollenti a quelli italiani, ai sensi delle vigenti disposizioni di Legge<\/td>\n<\/tr>\n<tr>\n<td>Durata<\/td>\n<td>Il corso ha una durata di 40 ore erogabile completamente in modalit\u00e0 e-learning (LMS) Learning Management System, in grado di monitorare e di certificare lo svolgimento, la tracciabilit\u00e0 e il completamento delle attivit\u00e0 didattiche di ciascun utente.<\/td>\n<\/tr>\n<tr>\n<td>Programma<\/td>\n<td>&#8211; Tecniche di public speaking<\/p>\n<p>&#8211; Dinamiche dei gruppi e tecniche di conduzione dei piccoli gruppi<\/p>\n<p>&#8211; Metodologia, tecniche e strumenti del processo di formazione in presenza,<\/p>\n<p>&#8211; Metodologia, tecniche e strumenti del processo di formazione non in presenza, audio-video-conferenza ed e-learning<\/p>\n<p>&#8211; Microprogettazione formativa<\/p>\n<p>&#8211; Stili di apprendimento<\/p>\n<p>&#8211; Psicologia della motivazione<\/p>\n<p>&#8211; Metodi di valutazione delle conoscenze, delle abilit\u00e0 e valutazione formativa<\/p>\n<p>&#8211; Teorie, modelli e tecniche della comunicazione (comunicazione verbale e non verbale)<\/p>\n<p>&#8211; Comunicazione grafica, programmazione neurolinguistica<\/p>\n<p>&#8211; Teorie dell&#8217;apprendimento (psicologia dell&#8217;apprendimento)<\/p>\n<p>&#8211; Elementi di psicologia comportamentale e dell\u2019apprendimento<\/p>\n<p>&#8211; Elementi di pedagogia e di andragogia<\/p>\n<p>&#8211; Progettazione formativa<\/p>\n<p>&#8211; Elementi di legislazione sul diritto d&#8217;autore<\/p>\n<p>&#8211; Sistemi di gestione per la qualit\u00e0 applicabili alla formazione<\/td>\n<\/tr>\n<tr>\n<td>Valutazione<\/td>\n<td>La verifica dell\u2019apprendimento \u00e8 svolta mediante test, somministrabili anche in itinere, per un totale minimo di 30 domande, ciascuna con almeno 3 risposte alternative.<\/td>\n<\/tr>\n<tr>\n<td>Attestato formativo rilasciato<\/td>\n<td>Attestato di frequenza del corso di I. F. S. L., Istruttore dei Formatori per la Sicurezza sul Lavoro<\/td>\n<\/tr>\n<tr>\n<td>Sede<\/td>\n<td><\/td>\n<\/tr>\n<\/tbody>\n<\/table>\n","protected":false},"excerpt":{"rendered":"<p>l corso si propone di fornire le competenze necessarie per la figura dell\u2019Istruttore per la Formazione sulla Sicurezza sul Lavoro.<\/p>\n","protected":false},"featured_media":484,"template":"","meta":[],"product_brand":[],"product_cat":[917,734],"product_tag":[75,91],"class_list":{"0":"post-632","1":"product","2":"type-product","3":"status-publish","4":"has-post-thumbnail","6":"product_cat-corsi-fad","7":"product_cat-corsi-professionali","8":"product_tag-corsi-qualificati-aisf","9":"product_tag-corso-40-ore","11":"first","12":"instock","13":"taxable","14":"shipping-taxable","15":"purchasable","16":"product-type-simple"},"yoast_head":"<!-- This site is optimized with the Yoast SEO plugin v25.4 - https:\/\/yoast.com\/wordpress\/plugins\/seo\/ -->\n<title>IFSL \u2013 Esperto Istruttore dei Formatori per la Sicurezza sul Lavoro - Ampi Point Servizi emmegi<\/title>\n<meta name=\"robots\" content=\"index, follow, max-snippet:-1, max-image-preview:large, max-video-preview:-1\" \/>\n<link rel=\"canonical\" href=\"https:\/\/www.ampipointservizimg.it\/?product=ifsl-esperto-istruttore-dei-formatori-per-la-sicurezza-sul-lavoro\" \/>\n<meta property=\"og:locale\" content=\"it_IT\" \/>\n<meta property=\"og:type\" content=\"article\" \/>\n<meta property=\"og:title\" content=\"IFSL \u2013 Esperto Istruttore dei Formatori per la Sicurezza sul Lavoro - Ampi Point Servizi emmegi\" \/>\n<meta property=\"og:description\" content=\"l corso si propone di fornire le competenze necessarie per la figura dell\u2019Istruttore per la Formazione sulla Sicurezza sul Lavoro.\" \/>\n<meta property=\"og:url\" content=\"https:\/\/www.ampipointservizimg.it\/?product=ifsl-esperto-istruttore-dei-formatori-per-la-sicurezza-sul-lavoro\" \/>\n<meta property=\"og:site_name\" content=\"Ampi Point Servizi emmegi\" \/>\n<meta property=\"article:modified_time\" content=\"2025-07-08T21:16:05+00:00\" \/>\n<meta property=\"og:image\" content=\"https:\/\/www.ampipointservizimg.it\/wp-content\/uploads\/2022\/03\/FSL-\u2013-Esperto-Formatore-per-la-Sicurezza-2_icon.jpg\" \/>\n\t<meta property=\"og:image:width\" content=\"300\" \/>\n\t<meta property=\"og:image:height\" content=\"300\" \/>\n\t<meta property=\"og:image:type\" content=\"image\/jpeg\" \/>\n<meta name=\"twitter:card\" content=\"summary_large_image\" \/>\n<meta name=\"twitter:label1\" content=\"Tempo di lettura stimato\" \/>\n\t<meta name=\"twitter:data1\" content=\"4 minuti\" \/>\n<script type=\"application\/ld+json\" class=\"yoast-schema-graph\">{\"@context\":\"https:\/\/schema.org\",\"@graph\":[{\"@type\":\"WebPage\",\"@id\":\"https:\/\/www.ampipointservizimg.it\/?product=ifsl-esperto-istruttore-dei-formatori-per-la-sicurezza-sul-lavoro\",\"url\":\"https:\/\/www.ampipointservizimg.it\/?product=ifsl-esperto-istruttore-dei-formatori-per-la-sicurezza-sul-lavoro\",\"name\":\"IFSL \u2013 Esperto Istruttore dei Formatori per la Sicurezza sul Lavoro - Ampi Point Servizi emmegi\",\"isPartOf\":{\"@id\":\"https:\/\/www.ampipointservizimg.it\/#website\"},\"primaryImageOfPage\":{\"@id\":\"https:\/\/www.ampipointservizimg.it\/?product=ifsl-esperto-istruttore-dei-formatori-per-la-sicurezza-sul-lavoro#primaryimage\"},\"image\":{\"@id\":\"https:\/\/www.ampipointservizimg.it\/?product=ifsl-esperto-istruttore-dei-formatori-per-la-sicurezza-sul-lavoro#primaryimage\"},\"thumbnailUrl\":\"https:\/\/www.ampipointservizimg.it\/wp-content\/uploads\/2022\/03\/FSL-\u2013-Esperto-Formatore-per-la-Sicurezza-2_icon.jpg\",\"datePublished\":\"2022-03-03T16:40:21+00:00\",\"dateModified\":\"2025-07-08T21:16:05+00:00\",\"breadcrumb\":{\"@id\":\"https:\/\/www.ampipointservizimg.it\/?product=ifsl-esperto-istruttore-dei-formatori-per-la-sicurezza-sul-lavoro#breadcrumb\"},\"inLanguage\":\"it-IT\",\"potentialAction\":[{\"@type\":\"ReadAction\",\"target\":[\"https:\/\/www.ampipointservizimg.it\/?product=ifsl-esperto-istruttore-dei-formatori-per-la-sicurezza-sul-lavoro\"]}]},{\"@type\":\"ImageObject\",\"inLanguage\":\"it-IT\",\"@id\":\"https:\/\/www.ampipointservizimg.it\/?product=ifsl-esperto-istruttore-dei-formatori-per-la-sicurezza-sul-lavoro#primaryimage\",\"url\":\"https:\/\/www.ampipointservizimg.it\/wp-content\/uploads\/2022\/03\/FSL-\u2013-Esperto-Formatore-per-la-Sicurezza-2_icon.jpg\",\"contentUrl\":\"https:\/\/www.ampipointservizimg.it\/wp-content\/uploads\/2022\/03\/FSL-\u2013-Esperto-Formatore-per-la-Sicurezza-2_icon.jpg\",\"width\":300,\"height\":300},{\"@type\":\"BreadcrumbList\",\"@id\":\"https:\/\/www.ampipointservizimg.it\/?product=ifsl-esperto-istruttore-dei-formatori-per-la-sicurezza-sul-lavoro#breadcrumb\",\"itemListElement\":[{\"@type\":\"ListItem\",\"position\":1,\"name\":\"Home\",\"item\":\"https:\/\/www.ampipointservizimg.it\/\"},{\"@type\":\"ListItem\",\"position\":2,\"name\":\"Shop\",\"item\":\"https:\/\/www.ampipointservizimg.it\/?page_id=91\"},{\"@type\":\"ListItem\",\"position\":3,\"name\":\"IFSL \u2013 Esperto Istruttore dei Formatori per la Sicurezza sul Lavoro\"}]},{\"@type\":\"WebSite\",\"@id\":\"https:\/\/www.ampipointservizimg.it\/#website\",\"url\":\"https:\/\/www.ampipointservizimg.it\/\",\"name\":\"Ampi Point Servizi emmegi\",\"description\":\"\",\"publisher\":{\"@id\":\"https:\/\/www.ampipointservizimg.it\/#organization\"},\"potentialAction\":[{\"@type\":\"SearchAction\",\"target\":{\"@type\":\"EntryPoint\",\"urlTemplate\":\"https:\/\/www.ampipointservizimg.it\/?s={search_term_string}\"},\"query-input\":{\"@type\":\"PropertyValueSpecification\",\"valueRequired\":true,\"valueName\":\"search_term_string\"}}],\"inLanguage\":\"it-IT\"},{\"@type\":\"Organization\",\"@id\":\"https:\/\/www.ampipointservizimg.it\/#organization\",\"name\":\"Sviluppo Qualit\u00e0\",\"alternateName\":\"Sviluppo Qualit\u00e0\",\"url\":\"https:\/\/www.ampipointservizimg.it\/\",\"logo\":{\"@type\":\"ImageObject\",\"inLanguage\":\"it-IT\",\"@id\":\"https:\/\/www.ampipointservizimg.it\/#\/schema\/logo\/image\/\",\"url\":\"https:\/\/www.ampipointservizimg.it\/wp-content\/uploads\/2025\/06\/cropped-logo_con_ampi-1.png\",\"contentUrl\":\"https:\/\/www.ampipointservizimg.it\/wp-content\/uploads\/2025\/06\/cropped-logo_con_ampi-1.png\",\"width\":2269,\"height\":544,\"caption\":\"Sviluppo Qualit\u00e0\"},\"image\":{\"@id\":\"https:\/\/www.ampipointservizimg.it\/#\/schema\/logo\/image\/\"}}]}<\/script>\n<!-- \/ Yoast SEO plugin. -->","yoast_head_json":{"title":"IFSL \u2013 Esperto Istruttore dei Formatori per la Sicurezza sul Lavoro - Ampi Point Servizi emmegi","robots":{"index":"index","follow":"follow","max-snippet":"max-snippet:-1","max-image-preview":"max-image-preview:large","max-video-preview":"max-video-preview:-1"},"canonical":"https:\/\/www.ampipointservizimg.it\/?product=ifsl-esperto-istruttore-dei-formatori-per-la-sicurezza-sul-lavoro","og_locale":"it_IT","og_type":"article","og_title":"IFSL \u2013 Esperto Istruttore dei Formatori per la Sicurezza sul Lavoro - Ampi Point Servizi emmegi","og_description":"l corso si propone di fornire le competenze necessarie per la figura dell\u2019Istruttore per la Formazione sulla Sicurezza sul Lavoro.","og_url":"https:\/\/www.ampipointservizimg.it\/?product=ifsl-esperto-istruttore-dei-formatori-per-la-sicurezza-sul-lavoro","og_site_name":"Ampi Point Servizi emmegi","article_modified_time":"2025-07-08T21:16:05+00:00","og_image":[{"width":300,"height":300,"url":"https:\/\/www.ampipointservizimg.it\/wp-content\/uploads\/2022\/03\/FSL-\u2013-Esperto-Formatore-per-la-Sicurezza-2_icon.jpg","type":"image\/jpeg"}],"twitter_card":"summary_large_image","twitter_misc":{"Tempo di lettura stimato":"4 minuti"},"schema":{"@context":"https:\/\/schema.org","@graph":[{"@type":"WebPage","@id":"https:\/\/www.ampipointservizimg.it\/?product=ifsl-esperto-istruttore-dei-formatori-per-la-sicurezza-sul-lavoro","url":"https:\/\/www.ampipointservizimg.it\/?product=ifsl-esperto-istruttore-dei-formatori-per-la-sicurezza-sul-lavoro","name":"IFSL \u2013 Esperto Istruttore dei Formatori per la Sicurezza sul Lavoro - Ampi Point Servizi emmegi","isPartOf":{"@id":"https:\/\/www.ampipointservizimg.it\/#website"},"primaryImageOfPage":{"@id":"https:\/\/www.ampipointservizimg.it\/?product=ifsl-esperto-istruttore-dei-formatori-per-la-sicurezza-sul-lavoro#primaryimage"},"image":{"@id":"https:\/\/www.ampipointservizimg.it\/?product=ifsl-esperto-istruttore-dei-formatori-per-la-sicurezza-sul-lavoro#primaryimage"},"thumbnailUrl":"https:\/\/www.ampipointservizimg.it\/wp-content\/uploads\/2022\/03\/FSL-\u2013-Esperto-Formatore-per-la-Sicurezza-2_icon.jpg","datePublished":"2022-03-03T16:40:21+00:00","dateModified":"2025-07-08T21:16:05+00:00","breadcrumb":{"@id":"https:\/\/www.ampipointservizimg.it\/?product=ifsl-esperto-istruttore-dei-formatori-per-la-sicurezza-sul-lavoro#breadcrumb"},"inLanguage":"it-IT","potentialAction":[{"@type":"ReadAction","target":["https:\/\/www.ampipointservizimg.it\/?product=ifsl-esperto-istruttore-dei-formatori-per-la-sicurezza-sul-lavoro"]}]},{"@type":"ImageObject","inLanguage":"it-IT","@id":"https:\/\/www.ampipointservizimg.it\/?product=ifsl-esperto-istruttore-dei-formatori-per-la-sicurezza-sul-lavoro#primaryimage","url":"https:\/\/www.ampipointservizimg.it\/wp-content\/uploads\/2022\/03\/FSL-\u2013-Esperto-Formatore-per-la-Sicurezza-2_icon.jpg","contentUrl":"https:\/\/www.ampipointservizimg.it\/wp-content\/uploads\/2022\/03\/FSL-\u2013-Esperto-Formatore-per-la-Sicurezza-2_icon.jpg","width":300,"height":300},{"@type":"BreadcrumbList","@id":"https:\/\/www.ampipointservizimg.it\/?product=ifsl-esperto-istruttore-dei-formatori-per-la-sicurezza-sul-lavoro#breadcrumb","itemListElement":[{"@type":"ListItem","position":1,"name":"Home","item":"https:\/\/www.ampipointservizimg.it\/"},{"@type":"ListItem","position":2,"name":"Shop","item":"https:\/\/www.ampipointservizimg.it\/?page_id=91"},{"@type":"ListItem","position":3,"name":"IFSL \u2013 Esperto Istruttore dei Formatori per la Sicurezza sul Lavoro"}]},{"@type":"WebSite","@id":"https:\/\/www.ampipointservizimg.it\/#website","url":"https:\/\/www.ampipointservizimg.it\/","name":"Ampi Point Servizi emmegi","description":"","publisher":{"@id":"https:\/\/www.ampipointservizimg.it\/#organization"},"potentialAction":[{"@type":"SearchAction","target":{"@type":"EntryPoint","urlTemplate":"https:\/\/www.ampipointservizimg.it\/?s={search_term_string}"},"query-input":{"@type":"PropertyValueSpecification","valueRequired":true,"valueName":"search_term_string"}}],"inLanguage":"it-IT"},{"@type":"Organization","@id":"https:\/\/www.ampipointservizimg.it\/#organization","name":"Sviluppo Qualit\u00e0","alternateName":"Sviluppo Qualit\u00e0","url":"https:\/\/www.ampipointservizimg.it\/","logo":{"@type":"ImageObject","inLanguage":"it-IT","@id":"https:\/\/www.ampipointservizimg.it\/#\/schema\/logo\/image\/","url":"https:\/\/www.ampipointservizimg.it\/wp-content\/uploads\/2025\/06\/cropped-logo_con_ampi-1.png","contentUrl":"https:\/\/www.ampipointservizimg.it\/wp-content\/uploads\/2025\/06\/cropped-logo_con_ampi-1.png","width":2269,"height":544,"caption":"Sviluppo Qualit\u00e0"},"image":{"@id":"https:\/\/www.ampipointservizimg.it\/#\/schema\/logo\/image\/"}}]}},"_links":{"self":[{"href":"https:\/\/www.ampipointservizimg.it\/index.php?rest_route=\/wp\/v2\/product\/632","targetHints":{"allow":["GET"]}}],"collection":[{"href":"https:\/\/www.ampipointservizimg.it\/index.php?rest_route=\/wp\/v2\/product"}],"about":[{"href":"https:\/\/www.ampipointservizimg.it\/index.php?rest_route=\/wp\/v2\/types\/product"}],"wp:featuredmedia":[{"embeddable":true,"href":"https:\/\/www.ampipointservizimg.it\/index.php?rest_route=\/wp\/v2\/media\/484"}],"wp:attachment":[{"href":"https:\/\/www.ampipointservizimg.it\/index.php?rest_route=%2Fwp%2Fv2%2Fmedia&parent=632"}],"wp:term":[{"taxonomy":"product_brand","embeddable":true,"href":"https:\/\/www.ampipointservizimg.it\/index.php?rest_route=%2Fwp%2Fv2%2Fproduct_brand&post=632"},{"taxonomy":"product_cat","embeddable":true,"href":"https:\/\/www.ampipointservizimg.it\/index.php?rest_route=%2Fwp%2Fv2%2Fproduct_cat&post=632"},{"taxonomy":"product_tag","embeddable":true,"href":"https:\/\/www.ampipointservizimg.it\/index.php?rest_route=%2Fwp%2Fv2%2Fproduct_tag&post=632"}],"curies":[{"name":"wp","href":"https:\/\/api.w.org\/{rel}","templated":true}]}}