{"id":650,"date":"2022-03-03T17:44:21","date_gmt":"2022-03-03T16:44:21","guid":{"rendered":"https:\/\/new.sviluppoqualita.it\/prodotto\/energy-manager\/"},"modified":"2025-07-08T23:16:05","modified_gmt":"2025-07-08T21:16:05","slug":"energy-manager","status":"publish","type":"product","link":"https:\/\/www.ampipointservizimg.it\/?product=energy-manager","title":{"rendered":"Energy Manager"},"content":{"rendered":"<table style=\"padding-left: 4pt; text-indent: 0pt; text-align: left; font-size: 20px;\" cellspacing=\"0\">\n<tbody>\n<tr>\n<td width=\"253\">Titolo<\/td>\n<td width=\"1252\">Energy Manager<\/td>\n<\/tr>\n<tr>\n<td>Destinatari<\/td>\n<td>&#8211; Amministrazioni pubbliche, Consorzi, Agenzie per l&#8217;energia, Ordini e Collegi professionali interessati a fornire ai propri collaboratori\/dipendenti\/iscritti delle conoscenze specifiche nel settore dell&#8217;energia;<\/p>\n<p>&#8211; Laureandi e neolaureati, interessati a lavorare nel settore dell&#8217;energia;<\/p>\n<p>&#8211; Liberi professionisti e consulenti interessati ad offrire prestazioni professionali nel settore dell&#8217;energia.<\/td>\n<\/tr>\n<tr>\n<td>Obiettivi e finalit\u00e0<\/td>\n<td>Il corso per Energy Manager permette di acquisire le conoscenze necessarie per svolgere il ruolo di Energy Manager. L\u2019Energy Manager \u00e8 il responsabile per la conservazione e l\u2019uso razionale dell\u2019energia, una figura manageriale molto richiesta, con un ruolo strategico e delicato. Il corso fornisce una valida e completa formazione tecnica, sugli interventi di risparmio energetico e di energie rinnovabili, indispensabile per una corretta diagnosi energetica. Inoltre nel corso \u00e8 molto approfondita la parte economica degli interventi, fondamentale per la predisposizione di un piano di risparmio energetico.<\/td>\n<\/tr>\n<tr>\n<td>Normativa di riferimento<\/td>\n<td>&#8211; Legge n. 10 del 1991;<\/p>\n<p>&#8211; Circolare MICA n.219\/F del 2 Marzo 1992;<\/p>\n<p>&#8211; Circolare MICA n.226\/F del 2 Marzo 1993;<\/p>\n<p>&#8211; Successivi sviluppi normativi;<\/p>\n<p>&#8211; Direttiva 2006\/32\/CE.<\/td>\n<\/tr>\n<tr>\n<td>Requisiti di ammissione<\/td>\n<td>Non previsto alcun requisito per l\u2019accesso al corso.<\/td>\n<\/tr>\n<tr>\n<td>Durata<\/td>\n<td>Il corso ha una durata di 40 ore erogabile completamente in modalit\u00e0 e-learning (L.M.S.) Learning Management System, in grado di monitorare e di certificare lo svolgimento, la tracciabilit\u00e0 e il completamento delle attivit\u00e0 didattiche di ciascun utente.<\/td>\n<\/tr>\n<tr>\n<td>Programma<\/td>\n<td>MODULO 1 \u2013 Introduzione alla politica energetica.<\/p>\n<p>&#8211; La politica energetica;<\/p>\n<p>&#8211; La professione dell\u2019Energy manager;<\/p>\n<p>&#8211; Requisiti e formazione;<\/p>\n<p>&#8211; Energy Service Company.<\/p>\n<p>&nbsp;<\/p>\n<p>MODULO 2 \u2013 Energia negli edifici.<\/p>\n<p>&#8211; Unit\u00e0 di misura;<\/p>\n<p>&#8211; Involucro edilizio;<\/p>\n<p>&#8211; Isolamento involucro edilizio;<\/p>\n<p>&#8211; Strutture Trasparenti;<\/p>\n<p>&#8211; Certificazione energetica Edifici;<\/p>\n<p>&#8211; Certificazioni Ambientali.<\/p>\n<p>&nbsp;<\/p>\n<p>MODULO 3 \u2013 Impianti di climatizzazione.<\/p>\n<p>&#8211; Impianti termici civili;<\/p>\n<p>&#8211; Pompe calore e geotermia.<\/p>\n<p>&nbsp;<\/p>\n<p>MODULO 4 \u2013 Energia negli impianti.<\/p>\n<p>&#8211; Illuminare;<\/p>\n<p>&#8211; Illuminazione Pubblica;<\/p>\n<p>&#8211; Motori elettrici e Rifasamenti.<\/p>\n<p>&nbsp;<\/p>\n<p>MODULO 5 \u2013 Rinnovabili.<\/p>\n<p>&#8211; Origine della Biomassa;<\/p>\n<p>&#8211; Processi di conversione;<\/p>\n<p>&#8211; Biocarburanti;<\/p>\n<p>&#8211; Impianti fotovoltaici;<\/p>\n<p>&#8211; Solare termico;<\/p>\n<p>&#8211; Sistemi solari passivi;<\/p>\n<p>&#8211; Idroelettrico;<\/p>\n<p>&#8211; Impianti Eolici;<\/p>\n<p>&#8211; Titoli Autorizzativi;<\/p>\n<p>&#8211; Officina elettrica e Accisa.<\/p>\n<p>&nbsp;<\/p>\n<p>MODULO 6 \u2013 Incentivi.<\/p>\n<p>&#8211; Parametri economici di un investimento;<\/p>\n<p>&#8211; RID e SPP;<\/p>\n<p>&#8211; Le detrazioni fiscali;<\/p>\n<p>&#8211; Agevolazioni fiscali risparmio energetico;<\/p>\n<p>&#8211; Conto energia FER;<\/p>\n<p>&#8211; Certificati Bianchi TEE;<\/p>\n<p>&#8211; Conto termico.<\/td>\n<\/tr>\n<tr>\n<td>Valutazione<\/td>\n<td>La valutazione finale verr\u00e0 effettuata mediante una verifica di apprendimento finale (esame finale).<\/td>\n<\/tr>\n<tr>\n<td>Attestato formativo rilasciato<\/td>\n<td>Attestato di frequenza del corso di \u201cEnergy Manager\u201d rilasciato dall\u2019A.I.S.F.<\/td>\n<\/tr>\n<tr>\n<td>Sede<\/td>\n<td>Piattaforma e-learning<\/td>\n<\/tr>\n<\/tbody>\n<\/table>\n","protected":false},"excerpt":{"rendered":"<p>Il corso si propone di fornire le competenze necessarie per la figura dell\u2019Energy Manager<br \/>\nil corso prevede il rilascio di 40 CFP Ingegneri &#8211; 12 CFP Architetti &#8211; 43 CFP Per.Industriali &#8211; 15 CFP Per.Agrari<\/p>\n","protected":false},"featured_media":649,"template":"","meta":[],"product_brand":[],"product_cat":[917,734],"product_tag":[75,91],"class_list":{"0":"post-650","1":"product","2":"type-product","3":"status-publish","4":"has-post-thumbnail","6":"product_cat-corsi-fad","7":"product_cat-corsi-professionali","8":"product_tag-corsi-qualificati-aisf","9":"product_tag-corso-40-ore","11":"first","12":"instock","13":"taxable","14":"shipping-taxable","15":"purchasable","16":"product-type-simple"},"yoast_head":"<!-- This site is optimized with the Yoast SEO plugin v25.4 - https:\/\/yoast.com\/wordpress\/plugins\/seo\/ -->\n<title>Energy Manager - Ampi Point Servizi emmegi<\/title>\n<meta name=\"robots\" content=\"index, follow, max-snippet:-1, max-image-preview:large, max-video-preview:-1\" \/>\n<link rel=\"canonical\" href=\"https:\/\/www.ampipointservizimg.it\/?product=energy-manager\" \/>\n<meta property=\"og:locale\" content=\"it_IT\" \/>\n<meta property=\"og:type\" content=\"article\" \/>\n<meta property=\"og:title\" content=\"Energy Manager - Ampi Point Servizi emmegi\" \/>\n<meta property=\"og:description\" content=\"Il corso si propone di fornire le competenze necessarie per la figura dell\u2019Energy Manager il corso prevede il rilascio di 40 CFP Ingegneri - 12 CFP Architetti - 43 CFP Per.Industriali - 15 CFP Per.Agrari\" \/>\n<meta property=\"og:url\" content=\"https:\/\/www.ampipointservizimg.it\/?product=energy-manager\" \/>\n<meta property=\"og:site_name\" content=\"Ampi Point Servizi emmegi\" \/>\n<meta property=\"article:modified_time\" content=\"2025-07-08T21:16:05+00:00\" \/>\n<meta property=\"og:image\" content=\"https:\/\/www.ampipointservizimg.it\/wp-content\/uploads\/2022\/03\/Energy-Manager_icon.jpg\" \/>\n\t<meta property=\"og:image:width\" content=\"300\" \/>\n\t<meta property=\"og:image:height\" content=\"300\" \/>\n\t<meta property=\"og:image:type\" content=\"image\/jpeg\" \/>\n<meta name=\"twitter:card\" content=\"summary_large_image\" \/>\n<meta name=\"twitter:label1\" content=\"Tempo di lettura stimato\" \/>\n\t<meta name=\"twitter:data1\" content=\"3 minuti\" \/>\n<script type=\"application\/ld+json\" class=\"yoast-schema-graph\">{\"@context\":\"https:\/\/schema.org\",\"@graph\":[{\"@type\":\"WebPage\",\"@id\":\"https:\/\/www.ampipointservizimg.it\/?product=energy-manager\",\"url\":\"https:\/\/www.ampipointservizimg.it\/?product=energy-manager\",\"name\":\"Energy Manager - Ampi Point Servizi emmegi\",\"isPartOf\":{\"@id\":\"https:\/\/www.ampipointservizimg.it\/#website\"},\"primaryImageOfPage\":{\"@id\":\"https:\/\/www.ampipointservizimg.it\/?product=energy-manager#primaryimage\"},\"image\":{\"@id\":\"https:\/\/www.ampipointservizimg.it\/?product=energy-manager#primaryimage\"},\"thumbnailUrl\":\"https:\/\/www.ampipointservizimg.it\/wp-content\/uploads\/2022\/03\/Energy-Manager_icon.jpg\",\"datePublished\":\"2022-03-03T16:44:21+00:00\",\"dateModified\":\"2025-07-08T21:16:05+00:00\",\"breadcrumb\":{\"@id\":\"https:\/\/www.ampipointservizimg.it\/?product=energy-manager#breadcrumb\"},\"inLanguage\":\"it-IT\",\"potentialAction\":[{\"@type\":\"ReadAction\",\"target\":[\"https:\/\/www.ampipointservizimg.it\/?product=energy-manager\"]}]},{\"@type\":\"ImageObject\",\"inLanguage\":\"it-IT\",\"@id\":\"https:\/\/www.ampipointservizimg.it\/?product=energy-manager#primaryimage\",\"url\":\"https:\/\/www.ampipointservizimg.it\/wp-content\/uploads\/2022\/03\/Energy-Manager_icon.jpg\",\"contentUrl\":\"https:\/\/www.ampipointservizimg.it\/wp-content\/uploads\/2022\/03\/Energy-Manager_icon.jpg\",\"width\":300,\"height\":300},{\"@type\":\"BreadcrumbList\",\"@id\":\"https:\/\/www.ampipointservizimg.it\/?product=energy-manager#breadcrumb\",\"itemListElement\":[{\"@type\":\"ListItem\",\"position\":1,\"name\":\"Home\",\"item\":\"https:\/\/www.ampipointservizimg.it\/\"},{\"@type\":\"ListItem\",\"position\":2,\"name\":\"Shop\",\"item\":\"https:\/\/www.ampipointservizimg.it\/?page_id=91\"},{\"@type\":\"ListItem\",\"position\":3,\"name\":\"Energy Manager\"}]},{\"@type\":\"WebSite\",\"@id\":\"https:\/\/www.ampipointservizimg.it\/#website\",\"url\":\"https:\/\/www.ampipointservizimg.it\/\",\"name\":\"Ampi Point Servizi emmegi\",\"description\":\"\",\"publisher\":{\"@id\":\"https:\/\/www.ampipointservizimg.it\/#organization\"},\"potentialAction\":[{\"@type\":\"SearchAction\",\"target\":{\"@type\":\"EntryPoint\",\"urlTemplate\":\"https:\/\/www.ampipointservizimg.it\/?s={search_term_string}\"},\"query-input\":{\"@type\":\"PropertyValueSpecification\",\"valueRequired\":true,\"valueName\":\"search_term_string\"}}],\"inLanguage\":\"it-IT\"},{\"@type\":\"Organization\",\"@id\":\"https:\/\/www.ampipointservizimg.it\/#organization\",\"name\":\"Sviluppo Qualit\u00e0\",\"alternateName\":\"Sviluppo Qualit\u00e0\",\"url\":\"https:\/\/www.ampipointservizimg.it\/\",\"logo\":{\"@type\":\"ImageObject\",\"inLanguage\":\"it-IT\",\"@id\":\"https:\/\/www.ampipointservizimg.it\/#\/schema\/logo\/image\/\",\"url\":\"https:\/\/www.ampipointservizimg.it\/wp-content\/uploads\/2025\/06\/cropped-logo_con_ampi-1.png\",\"contentUrl\":\"https:\/\/www.ampipointservizimg.it\/wp-content\/uploads\/2025\/06\/cropped-logo_con_ampi-1.png\",\"width\":2269,\"height\":544,\"caption\":\"Sviluppo Qualit\u00e0\"},\"image\":{\"@id\":\"https:\/\/www.ampipointservizimg.it\/#\/schema\/logo\/image\/\"}}]}<\/script>\n<!-- \/ Yoast SEO plugin. -->","yoast_head_json":{"title":"Energy Manager - Ampi Point Servizi emmegi","robots":{"index":"index","follow":"follow","max-snippet":"max-snippet:-1","max-image-preview":"max-image-preview:large","max-video-preview":"max-video-preview:-1"},"canonical":"https:\/\/www.ampipointservizimg.it\/?product=energy-manager","og_locale":"it_IT","og_type":"article","og_title":"Energy Manager - Ampi Point Servizi emmegi","og_description":"Il corso si propone di fornire le competenze necessarie per la figura dell\u2019Energy Manager il corso prevede il rilascio di 40 CFP Ingegneri - 12 CFP Architetti - 43 CFP Per.Industriali - 15 CFP Per.Agrari","og_url":"https:\/\/www.ampipointservizimg.it\/?product=energy-manager","og_site_name":"Ampi Point Servizi emmegi","article_modified_time":"2025-07-08T21:16:05+00:00","og_image":[{"width":300,"height":300,"url":"https:\/\/www.ampipointservizimg.it\/wp-content\/uploads\/2022\/03\/Energy-Manager_icon.jpg","type":"image\/jpeg"}],"twitter_card":"summary_large_image","twitter_misc":{"Tempo di lettura stimato":"3 minuti"},"schema":{"@context":"https:\/\/schema.org","@graph":[{"@type":"WebPage","@id":"https:\/\/www.ampipointservizimg.it\/?product=energy-manager","url":"https:\/\/www.ampipointservizimg.it\/?product=energy-manager","name":"Energy Manager - Ampi Point Servizi emmegi","isPartOf":{"@id":"https:\/\/www.ampipointservizimg.it\/#website"},"primaryImageOfPage":{"@id":"https:\/\/www.ampipointservizimg.it\/?product=energy-manager#primaryimage"},"image":{"@id":"https:\/\/www.ampipointservizimg.it\/?product=energy-manager#primaryimage"},"thumbnailUrl":"https:\/\/www.ampipointservizimg.it\/wp-content\/uploads\/2022\/03\/Energy-Manager_icon.jpg","datePublished":"2022-03-03T16:44:21+00:00","dateModified":"2025-07-08T21:16:05+00:00","breadcrumb":{"@id":"https:\/\/www.ampipointservizimg.it\/?product=energy-manager#breadcrumb"},"inLanguage":"it-IT","potentialAction":[{"@type":"ReadAction","target":["https:\/\/www.ampipointservizimg.it\/?product=energy-manager"]}]},{"@type":"ImageObject","inLanguage":"it-IT","@id":"https:\/\/www.ampipointservizimg.it\/?product=energy-manager#primaryimage","url":"https:\/\/www.ampipointservizimg.it\/wp-content\/uploads\/2022\/03\/Energy-Manager_icon.jpg","contentUrl":"https:\/\/www.ampipointservizimg.it\/wp-content\/uploads\/2022\/03\/Energy-Manager_icon.jpg","width":300,"height":300},{"@type":"BreadcrumbList","@id":"https:\/\/www.ampipointservizimg.it\/?product=energy-manager#breadcrumb","itemListElement":[{"@type":"ListItem","position":1,"name":"Home","item":"https:\/\/www.ampipointservizimg.it\/"},{"@type":"ListItem","position":2,"name":"Shop","item":"https:\/\/www.ampipointservizimg.it\/?page_id=91"},{"@type":"ListItem","position":3,"name":"Energy Manager"}]},{"@type":"WebSite","@id":"https:\/\/www.ampipointservizimg.it\/#website","url":"https:\/\/www.ampipointservizimg.it\/","name":"Ampi Point Servizi emmegi","description":"","publisher":{"@id":"https:\/\/www.ampipointservizimg.it\/#organization"},"potentialAction":[{"@type":"SearchAction","target":{"@type":"EntryPoint","urlTemplate":"https:\/\/www.ampipointservizimg.it\/?s={search_term_string}"},"query-input":{"@type":"PropertyValueSpecification","valueRequired":true,"valueName":"search_term_string"}}],"inLanguage":"it-IT"},{"@type":"Organization","@id":"https:\/\/www.ampipointservizimg.it\/#organization","name":"Sviluppo Qualit\u00e0","alternateName":"Sviluppo Qualit\u00e0","url":"https:\/\/www.ampipointservizimg.it\/","logo":{"@type":"ImageObject","inLanguage":"it-IT","@id":"https:\/\/www.ampipointservizimg.it\/#\/schema\/logo\/image\/","url":"https:\/\/www.ampipointservizimg.it\/wp-content\/uploads\/2025\/06\/cropped-logo_con_ampi-1.png","contentUrl":"https:\/\/www.ampipointservizimg.it\/wp-content\/uploads\/2025\/06\/cropped-logo_con_ampi-1.png","width":2269,"height":544,"caption":"Sviluppo Qualit\u00e0"},"image":{"@id":"https:\/\/www.ampipointservizimg.it\/#\/schema\/logo\/image\/"}}]}},"_links":{"self":[{"href":"https:\/\/www.ampipointservizimg.it\/index.php?rest_route=\/wp\/v2\/product\/650","targetHints":{"allow":["GET"]}}],"collection":[{"href":"https:\/\/www.ampipointservizimg.it\/index.php?rest_route=\/wp\/v2\/product"}],"about":[{"href":"https:\/\/www.ampipointservizimg.it\/index.php?rest_route=\/wp\/v2\/types\/product"}],"wp:featuredmedia":[{"embeddable":true,"href":"https:\/\/www.ampipointservizimg.it\/index.php?rest_route=\/wp\/v2\/media\/649"}],"wp:attachment":[{"href":"https:\/\/www.ampipointservizimg.it\/index.php?rest_route=%2Fwp%2Fv2%2Fmedia&parent=650"}],"wp:term":[{"taxonomy":"product_brand","embeddable":true,"href":"https:\/\/www.ampipointservizimg.it\/index.php?rest_route=%2Fwp%2Fv2%2Fproduct_brand&post=650"},{"taxonomy":"product_cat","embeddable":true,"href":"https:\/\/www.ampipointservizimg.it\/index.php?rest_route=%2Fwp%2Fv2%2Fproduct_cat&post=650"},{"taxonomy":"product_tag","embeddable":true,"href":"https:\/\/www.ampipointservizimg.it\/index.php?rest_route=%2Fwp%2Fv2%2Fproduct_tag&post=650"}],"curies":[{"name":"wp","href":"https:\/\/api.w.org\/{rel}","templated":true}]}}