{"id":664,"date":"2022-03-03T17:45:46","date_gmt":"2022-03-03T16:45:46","guid":{"rendered":"https:\/\/new.sviluppoqualita.it\/prodotto\/rsppaspp-modulo-b-4-industtrie-alimentari-tessili-editoriarifiuti\/"},"modified":"2025-07-08T23:16:05","modified_gmt":"2025-07-08T21:16:05","slug":"rsppaspp-modulo-b-4-industtrie-alimentari-tessili-editoriarifiuti","status":"publish","type":"product","link":"https:\/\/www.ampipointservizimg.it\/?product=rsppaspp-modulo-b-4-industtrie-alimentari-tessili-editoriarifiuti","title":{"rendered":"RSPP\/ASPP \u2013 MODULO B &#8211; SP4 (CHIMICO, PETROLCHIMICO)"},"content":{"rendered":"<div id=\"div-scarica-scheda-tecnica\" style=\"text-align: center; padding: 7px; color: white; padding-top: 10px;\"><!-- blu 094775 rosso d1222b --> <a style=\"padding: 10px; border: 1px solid #dddddd; background-color: #d1222b; color: white;\" href=\"https:\/\/www.networkgtc.it\/wp-content\/uploads\/2019\/08\/19-RSPP_ASPP-modulo-B-SP4.pdf\" target=\"_blank\" rel=\"noopener noreferrer\"> <i class=\"fa fa-file-pdf-o\" style=\"padding-left: 5px; ;color: white;\"><\/i> \u00a0 <span style=\"border-left: 1px solid white;\"> \u00a0 Visualizza Scheda Tecnica in PDF<\/span><\/a><\/div>\n<table class=\"tabella-scheda-tecnica-networkgtc\" style=\"width: 80.2315%;\">\n<tbody>\n<tr>\n<td style=\"width: 15.9124%; border-width: 1pt; border-style: solid;\">\n<p class=\"s1\" style=\"padding-top: 6pt; padding-left: 7pt; padding-right: 9pt; text-indent: 0pt; text-align: center;\">Titolo<\/p>\n<\/td>\n<td style=\"width: 120.73%; border-width: 1pt; border-style: solid;\">\n<p class=\"s2\" style=\"padding-top: 5pt; padding-left: 5pt; text-indent: 0pt; text-align: left;\">Corso di formazione per RSPP\/ASPP modulo B-SP4: Chimico &#8211; Petrolchimico (16 ore)<\/p>\n<\/td>\n<\/tr>\n<tr>\n<td style=\"width: 15.9124%; border-width: 1pt; border-style: solid;\">\n<p class=\"s1\" style=\"padding-top: 7pt; padding-left: 7pt; padding-right: 10pt; text-indent: 0pt; text-align: center;\">Destinatari<\/p>\n<\/td>\n<td style=\"width: 120.73%; border-width: 1pt; border-style: solid;\">\n<p class=\"s3\" style=\"padding-top: 2pt; padding-left: 7pt; padding-right: 4pt; text-indent: 0pt; line-height: 114%; text-align: justify;\">Coloro che sono destinati a ricoprire il ruolo di responsabile o a<a href=\"https:\/\/shop.networkgtc.it\/product-category\/formazione\/sicurezza\/formazione-corsi-sicurezza-d-lgs-8108-datoriali\/\">ddetto del servizio<\/a> e prevenzione ai sensi ai sensi dell\u2019art. 32, comma 2, del D. Lgs. 81\/08 e s.m.i. e dell\u2019accordo Stato-Regioni del 7 luglio 2016.<\/p>\n<\/td>\n<\/tr>\n<tr>\n<td style=\"width: 15.9124%; border-width: 1pt; border-style: solid;\">\n<p class=\"s1\" style=\"padding-left: 14pt; padding-right: 16pt; text-indent: 0pt; text-align: center;\">Obiettivi e Finalit\u00e0<\/p>\n<\/td>\n<td style=\"width: 120.73%; border-width: 1pt; border-style: solid;\">\n<p class=\"s3\" style=\"padding-left: 7pt; padding-right: 4pt; text-indent: 0pt; line-height: 114%; text-align: justify;\">Il corso RSPP\/ASPP modulo B-SP4 \u00e8 il corso di specializzazione previsto ad integrazione del modulo B comune ed \u00e8 correlato alla natura dei rischi presenti sui luoghi di lavoro nei seguenti settori produttivi (macro categoria Ateco 2007):<\/p>\n<p class=\"s3\" style=\"padding-left: 7pt; padding-right: 4pt; text-indent: 0pt; line-height: 114%; text-align: justify;\">C \u2013 Attivit\u00e0 manufatturiere (19 \u2013 fabbricazione di coke e prodotti derivanti dalla raffinazione del petrolio e 20 \u2013 fabbricazione di prodotti chimici).<\/p>\n<p class=\"s3\" style=\"padding-left: 7pt; padding-right: 12pt; text-indent: 0pt; line-height: 114%; text-align: left;\">Il corso deve consentire ai responsabili e agli addetti dei servizi di prevenzione e protezione di acquisire le conoscenze\/abilit\u00e0 per:<\/p>\n<ul>\n<li>individuare i pericoli e valutare i rischi presenti negli ambienti di lavoro del comparto compresi i rischi ergonomici e stress lavoro-correlato;<\/li>\n<li>individuare le misure di prevenzione e protezione presenti negli specifici comparti, compresi i DPI, in riferimento alla specifica natura del rischio e dell&#8217;attivit\u00e0 lavorativa;<\/li>\n<li>contribuire ad individuare adeguate soluzioni tecniche, organizzative e procedurali di sicurezza per ogni tipologia di rischio.<\/li>\n<\/ul>\n<\/td>\n<\/tr>\n<tr>\n<td style=\"width: 15.9124%; border-width: 1pt; border-style: solid;\">\n<p class=\"s1\" style=\"padding-top: 9pt; padding-left: 7pt; padding-right: 10pt; text-indent: 0pt; text-align: center;\">Normativa di riferimento<\/p>\n<\/td>\n<td style=\"width: 120.73%; border-width: 1pt; border-style: solid;\">\n<ul>\n<li>D.lgs. 81\/08 e smi;<\/li>\n<li>Accordo Stato \u2013 Regioni del 07\/07\/2016.<\/li>\n<\/ul>\n<\/td>\n<\/tr>\n<tr>\n<td style=\"width: 15.9124%; border-width: 1pt; border-style: solid; text-align: center;\">Requisiti di ammissione<\/td>\n<td style=\"width: 120.73%; border-width: 1pt; border-style: solid;\">\n<p class=\"s3\" style=\"padding-left: 11pt; padding-right: 34pt; text-indent: 0pt; text-align: left;\">L\u2019ammissione al corso \u00e8 subordinata al possesso del modulo B di RSPP\/ASPP di 48 ore comune a tutti i settori produttivi.<\/p>\n<\/td>\n<\/tr>\n<tr>\n<td style=\"width: 15.9124%; border-width: 1pt; border-style: solid; text-align: center;\">Durata e modalit\u00e0<\/td>\n<td style=\"width: 120.73%; border-width: 1pt; border-style: solid;\">\n<p class=\"s3\" style=\"padding-left: 10pt; text-indent: 0pt; line-height: 13pt; text-align: left;\">Il corso ha una durata di 16 ore ed \u00e8 svolto esclusivamente in aula.<\/p>\n<\/td>\n<\/tr>\n<tr>\n<td style=\"width: 15.9124%; border-width: 1pt; border-style: solid;\" rowspan=\"9\">\n<p class=\"s1\" style=\"padding-left: 11pt; text-indent: -5pt; text-align: left;\">Programma del corso<\/p>\n<\/td>\n<td style=\"width: 120.73%; border-width: 1pt; border-style: solid;\">\n<p class=\"s4\" style=\"padding-top: 9pt; padding-left: 138pt; text-indent: 0pt; text-align: left;\">DISCIPLINE E CONTENUTI<\/p>\n<\/td>\n<\/tr>\n<tr>\n<td style=\"width: 120.73%; border-width: 1pt; border-style: solid;\">\n<p class=\"s3\" style=\"padding-top: 3pt; padding-left: 5pt; text-indent: 0pt; text-align: left;\">Organizzazione del lavoro: ambienti di lavoro nel settore chimico e petrolchimico<\/p>\n<\/td>\n<\/tr>\n<tr>\n<td style=\"width: 120.73%; border-width: 1pt; border-style: solid;\">\n<p class=\"s3\" style=\"padding-top: 3pt; padding-left: 5pt; text-indent: 0pt; text-align: left;\">Dispositivi di protezione individuali<\/p>\n<\/td>\n<\/tr>\n<tr>\n<td style=\"width: 120.73%; border-width: 1pt; border-style: solid;\">\n<p class=\"s3\" style=\"padding-top: 3pt; padding-left: 5pt; text-indent: 0pt; text-align: left;\">Rischio elettrico e normativa CEI per strutture e impianti<\/p>\n<\/td>\n<\/tr>\n<tr>\n<td style=\"width: 120.73%; border-width: 1pt; border-style: solid;\">\n<p class=\"s3\" style=\"padding-top: 3pt; padding-left: 5pt; text-indent: 0pt; text-align: left;\">Rischi infortunistici apparecchi, impianti e attrezzature nel settore chimico e petrolchimico<\/p>\n<\/td>\n<\/tr>\n<tr>\n<td style=\"width: 120.73%; border-width: 1pt; border-style: solid;\">\n<p class=\"s3\" style=\"padding-top: 3pt; padding-left: 5pt; text-indent: 0pt; text-align: left;\">Esposizione ad agenti chimici, cancerogeni e biologici utilizzati nel settore sanitario<\/p>\n<\/td>\n<\/tr>\n<tr>\n<td style=\"width: 120.73%; border-width: 1pt; border-style: solid;\">\n<p class=\"s3\" style=\"padding-left: 5pt; text-indent: 0pt; line-height: 13pt; text-align: left;\">Esposizione ad agenti fisici: rumore, microclima, campi elettromagnetici, radiazioni ionizzanti,<\/p>\n<p class=\"s3\" style=\"padding-left: 5pt; text-indent: 0pt; line-height: 13pt; text-align: left;\">vibrazione nel settore sanitario<\/p>\n<\/td>\n<\/tr>\n<tr>\n<td style=\"width: 120.73%; border-width: 1pt; border-style: solid;\">\n<p class=\"s3\" style=\"padding-top: 3pt; padding-left: 5pt; text-indent: 0pt; text-align: left;\">Rischi incendi e esplosioni e gestione dell&#8217;emergenza<\/p>\n<\/td>\n<\/tr>\n<tr>\n<td style=\"width: 120.73%; border-width: 1pt; border-style: solid;\">\n<p class=\"s3\" style=\"padding-top: 3pt; padding-left: 5pt; text-indent: 0pt; text-align: left;\">Gestione dei rifiuti<\/p>\n<\/td>\n<\/tr>\n<tr>\n<td style=\"width: 15.9124%; border-width: 1pt; border-style: solid;\">\n<p style=\"text-indent: 0pt; text-align: left;\">\n<\/td>\n<td style=\"width: 120.73%; border-width: 1pt; border-style: solid;\">\n<p class=\"s3\" style=\"padding-top: 3pt; padding-left: 5pt; text-indent: 0pt; text-align: left;\">Manutenzione impianti e gestione fornitori<\/p>\n<\/td>\n<\/tr>\n<tr>\n<td style=\"width: 15.9124%; border-width: 1pt; border-style: solid;\">\n<p class=\"s1\" style=\"padding-left: 5pt; padding-right: 8pt; text-indent: 0pt; text-align: center;\">Valutazione<\/p>\n<\/td>\n<td style=\"width: 120.73%; border-width: 1pt; border-style: solid;\">\n<p class=\"s3\" style=\"padding-left: 5pt; text-indent: 0pt; line-height: 13pt; text-align: left;\">La verifica dell&#8217;apprendimento si svolge secondo le seguenti modalit\u00e0:<\/p>\n<ul id=\"l3\">\n<li style=\"padding-left: 5pt; padding-right: 4pt; text-indent: 0pt; text-align: justify;\">\n<p class=\"s3\">test, somministrabili anche in itinere, per un totale minimo di 30 domande ciascuna con almeno tre risposte alternative {esito positivo dato dalla risposta corretta ad almeno il 70% delle domande);<\/p>\n<\/li>\n<li style=\"padding-left: 5pt; padding-right: 4pt; text-indent: 0pt; text-align: justify;\">\n<p class=\"s3\">una prova finale di tipo descrittivo basata sulla risoluzione di almeno 5 domande aperte su casi reali o una simulazione finalizzata alla verifica delle competenze tecnico-professionali attinenti il ruolo di ASPP e ASPP nel contesto lavorativo;<\/p>\n<\/li>\n<li style=\"padding-left: 11pt; text-indent: -5pt; text-align: justify;\">\n<p class=\"s3\">eventuale colloquio di approfondimento.<\/p>\n<\/li>\n<\/ul>\n<\/td>\n<\/tr>\n<tr>\n<td style=\"width: 15.9124%; border-width: 1pt; border-style: solid; text-align: center;\">Attestato Formativo Rilasciato<\/td>\n<td style=\"width: 120.73%; border-width: 1pt; border-style: solid;\">\n<p class=\"s3\" style=\"padding-left: 5pt; text-indent: 0pt; text-align: left;\">Attestato di frequenza per RSPP\/ASPP modulo B-SP4: Chimico &#8211; Petrolchimico (16 ore)<\/p>\n<\/td>\n<\/tr>\n<tr>\n<td style=\"width: 15.9124%; border-width: 1pt; border-style: solid;\">\n<p class=\"s1\" style=\"padding-top: 9pt; padding-left: 7pt; padding-right: 10pt; text-indent: 0pt; text-align: center;\">Docenza<\/p>\n<\/td>\n<td style=\"width: 120.73%; border-width: 1pt; border-style: solid;\">\n<p class=\"s3\" style=\"padding-top: 7pt; padding-left: 5pt; padding-right: 4pt; text-indent: 0pt; text-align: justify;\">Docenti in possesso dei requisiti previsti dal decreto interministeriale 6 marzo 2013, emanato in attuazione dell&#8217;articolo 6, comma 8, lettera m bis), del d.lgs. n. 81\/2008, entrato in vigore il 18 marzo 2014.<\/p>\n<\/td>\n<\/tr>\n<tr>\n<td style=\"width: 15.9124%; border-width: 1pt; border-style: solid;\">\n<p class=\"s1\" style=\"padding-top: 6pt; padding-left: 7pt; padding-right: 10pt; text-indent: 0pt; text-align: center;\">Sede<\/p>\n<\/td>\n<td style=\"width: 120.73%; border-width: 1pt; border-style: solid;\">\n<p class=\"s3\" style=\"padding-top: 5pt; padding-left: 5pt; padding-right: 4pt; text-indent: 0pt; text-align: justify;\">Il corso sar\u00e0 erogato, secondo un calendario prestabilito, in una delle sedi pi\u00f9 vicine dislocate sul territorio nazionale. \u00c8 possibile ammettere un numero massimo di partecipanti ad ogni corso pari a 35 unit\u00e0.<\/p>\n<\/td>\n<\/tr>\n<\/tbody>\n<\/table>\n","protected":false},"excerpt":{"rendered":"<p>\u00a0 \u00a0 Visualizza Scheda Tecnica in PDF Titolo Corso di formazione per RSPP\/ASPP modulo B-SP4: Chimico &#8211; Petrolchimico (16 ore) Destinatari Coloro che sono destinati a ricoprire il ruolo di responsabile o addetto del servizio e prevenzione ai sensi ai sensi dell\u2019art. 32, comma 2, del D. Lgs. 81\/08 e s.m.i. e dell\u2019accordo Stato-Regioni del 7 luglio 2016. Obiettivi e [&hellip;]<\/p>\n","protected":false},"featured_media":663,"template":"","meta":[],"product_brand":[],"product_cat":[28,915],"product_tag":[39,177],"class_list":{"0":"post-664","1":"product","2":"type-product","3":"status-publish","4":"has-post-thumbnail","6":"product_cat-corsi-sicurezza-d-lgs-81-08","7":"product_cat-aula","8":"product_tag-corsi-sicurezza-d-lgs-81-08-datoriali-e-per-professionisti","9":"product_tag-corso-16-ore","11":"first","12":"instock","13":"taxable","14":"shipping-taxable","15":"product-type-simple"},"yoast_head":"<!-- This site is optimized with the Yoast SEO plugin v25.4 - https:\/\/yoast.com\/wordpress\/plugins\/seo\/ -->\n<title>RSPP\/ASPP \u2013 MODULO B - SP4 (CHIMICO, PETROLCHIMICO) - Ampi Point Servizi emmegi<\/title>\n<meta name=\"robots\" content=\"index, follow, max-snippet:-1, max-image-preview:large, max-video-preview:-1\" \/>\n<link rel=\"canonical\" href=\"https:\/\/www.ampipointservizimg.it\/?product=rsppaspp-modulo-b-4-industtrie-alimentari-tessili-editoriarifiuti\" \/>\n<meta property=\"og:locale\" content=\"it_IT\" \/>\n<meta property=\"og:type\" content=\"article\" \/>\n<meta property=\"og:title\" content=\"RSPP\/ASPP \u2013 MODULO B - SP4 (CHIMICO, PETROLCHIMICO) - Ampi Point Servizi emmegi\" \/>\n<meta property=\"og:description\" content=\"\u00a0 \u00a0 Visualizza Scheda Tecnica in PDF Titolo Corso di formazione per RSPP\/ASPP modulo B-SP4: Chimico &#8211; Petrolchimico (16 ore) Destinatari Coloro che sono destinati a ricoprire il ruolo di responsabile o addetto del servizio e prevenzione ai sensi ai sensi dell\u2019art. 32, comma 2, del D. Lgs. 81\/08 e s.m.i. e dell\u2019accordo Stato-Regioni del 7 luglio 2016. Obiettivi e [&hellip;]\" \/>\n<meta property=\"og:url\" content=\"https:\/\/www.ampipointservizimg.it\/?product=rsppaspp-modulo-b-4-industtrie-alimentari-tessili-editoriarifiuti\" \/>\n<meta property=\"og:site_name\" content=\"Ampi Point Servizi emmegi\" \/>\n<meta property=\"article:modified_time\" content=\"2025-07-08T21:16:05+00:00\" \/>\n<meta property=\"og:image\" content=\"https:\/\/www.ampipointservizimg.it\/wp-content\/uploads\/2022\/03\/RSPP-ASPP-\u2013-MODULO-B-\u2013-SP4-CHIMICO.jpg\" \/>\n\t<meta property=\"og:image:width\" content=\"300\" \/>\n\t<meta property=\"og:image:height\" content=\"300\" \/>\n\t<meta property=\"og:image:type\" content=\"image\/jpeg\" \/>\n<meta name=\"twitter:card\" content=\"summary_large_image\" \/>\n<meta name=\"twitter:label1\" content=\"Tempo di lettura stimato\" \/>\n\t<meta name=\"twitter:data1\" content=\"3 minuti\" \/>\n<script type=\"application\/ld+json\" class=\"yoast-schema-graph\">{\"@context\":\"https:\/\/schema.org\",\"@graph\":[{\"@type\":\"WebPage\",\"@id\":\"https:\/\/www.ampipointservizimg.it\/?product=rsppaspp-modulo-b-4-industtrie-alimentari-tessili-editoriarifiuti\",\"url\":\"https:\/\/www.ampipointservizimg.it\/?product=rsppaspp-modulo-b-4-industtrie-alimentari-tessili-editoriarifiuti\",\"name\":\"RSPP\/ASPP \u2013 MODULO B - SP4 (CHIMICO, PETROLCHIMICO) - Ampi Point Servizi emmegi\",\"isPartOf\":{\"@id\":\"https:\/\/www.ampipointservizimg.it\/#website\"},\"primaryImageOfPage\":{\"@id\":\"https:\/\/www.ampipointservizimg.it\/?product=rsppaspp-modulo-b-4-industtrie-alimentari-tessili-editoriarifiuti#primaryimage\"},\"image\":{\"@id\":\"https:\/\/www.ampipointservizimg.it\/?product=rsppaspp-modulo-b-4-industtrie-alimentari-tessili-editoriarifiuti#primaryimage\"},\"thumbnailUrl\":\"https:\/\/www.ampipointservizimg.it\/wp-content\/uploads\/2022\/03\/RSPP-ASPP-\u2013-MODULO-B-\u2013-SP4-CHIMICO.jpg\",\"datePublished\":\"2022-03-03T16:45:46+00:00\",\"dateModified\":\"2025-07-08T21:16:05+00:00\",\"breadcrumb\":{\"@id\":\"https:\/\/www.ampipointservizimg.it\/?product=rsppaspp-modulo-b-4-industtrie-alimentari-tessili-editoriarifiuti#breadcrumb\"},\"inLanguage\":\"it-IT\",\"potentialAction\":[{\"@type\":\"ReadAction\",\"target\":[\"https:\/\/www.ampipointservizimg.it\/?product=rsppaspp-modulo-b-4-industtrie-alimentari-tessili-editoriarifiuti\"]}]},{\"@type\":\"ImageObject\",\"inLanguage\":\"it-IT\",\"@id\":\"https:\/\/www.ampipointservizimg.it\/?product=rsppaspp-modulo-b-4-industtrie-alimentari-tessili-editoriarifiuti#primaryimage\",\"url\":\"https:\/\/www.ampipointservizimg.it\/wp-content\/uploads\/2022\/03\/RSPP-ASPP-\u2013-MODULO-B-\u2013-SP4-CHIMICO.jpg\",\"contentUrl\":\"https:\/\/www.ampipointservizimg.it\/wp-content\/uploads\/2022\/03\/RSPP-ASPP-\u2013-MODULO-B-\u2013-SP4-CHIMICO.jpg\",\"width\":300,\"height\":300},{\"@type\":\"BreadcrumbList\",\"@id\":\"https:\/\/www.ampipointservizimg.it\/?product=rsppaspp-modulo-b-4-industtrie-alimentari-tessili-editoriarifiuti#breadcrumb\",\"itemListElement\":[{\"@type\":\"ListItem\",\"position\":1,\"name\":\"Home\",\"item\":\"https:\/\/www.ampipointservizimg.it\/\"},{\"@type\":\"ListItem\",\"position\":2,\"name\":\"Shop\",\"item\":\"https:\/\/www.ampipointservizimg.it\/?page_id=91\"},{\"@type\":\"ListItem\",\"position\":3,\"name\":\"RSPP\/ASPP \u2013 MODULO B &#8211; SP4 (CHIMICO, PETROLCHIMICO)\"}]},{\"@type\":\"WebSite\",\"@id\":\"https:\/\/www.ampipointservizimg.it\/#website\",\"url\":\"https:\/\/www.ampipointservizimg.it\/\",\"name\":\"Ampi Point Servizi emmegi\",\"description\":\"\",\"publisher\":{\"@id\":\"https:\/\/www.ampipointservizimg.it\/#organization\"},\"potentialAction\":[{\"@type\":\"SearchAction\",\"target\":{\"@type\":\"EntryPoint\",\"urlTemplate\":\"https:\/\/www.ampipointservizimg.it\/?s={search_term_string}\"},\"query-input\":{\"@type\":\"PropertyValueSpecification\",\"valueRequired\":true,\"valueName\":\"search_term_string\"}}],\"inLanguage\":\"it-IT\"},{\"@type\":\"Organization\",\"@id\":\"https:\/\/www.ampipointservizimg.it\/#organization\",\"name\":\"Sviluppo Qualit\u00e0\",\"alternateName\":\"Sviluppo Qualit\u00e0\",\"url\":\"https:\/\/www.ampipointservizimg.it\/\",\"logo\":{\"@type\":\"ImageObject\",\"inLanguage\":\"it-IT\",\"@id\":\"https:\/\/www.ampipointservizimg.it\/#\/schema\/logo\/image\/\",\"url\":\"https:\/\/www.ampipointservizimg.it\/wp-content\/uploads\/2025\/06\/cropped-logo_con_ampi-1.png\",\"contentUrl\":\"https:\/\/www.ampipointservizimg.it\/wp-content\/uploads\/2025\/06\/cropped-logo_con_ampi-1.png\",\"width\":2269,\"height\":544,\"caption\":\"Sviluppo Qualit\u00e0\"},\"image\":{\"@id\":\"https:\/\/www.ampipointservizimg.it\/#\/schema\/logo\/image\/\"}}]}<\/script>\n<!-- \/ Yoast SEO plugin. -->","yoast_head_json":{"title":"RSPP\/ASPP \u2013 MODULO B - SP4 (CHIMICO, PETROLCHIMICO) - Ampi Point Servizi emmegi","robots":{"index":"index","follow":"follow","max-snippet":"max-snippet:-1","max-image-preview":"max-image-preview:large","max-video-preview":"max-video-preview:-1"},"canonical":"https:\/\/www.ampipointservizimg.it\/?product=rsppaspp-modulo-b-4-industtrie-alimentari-tessili-editoriarifiuti","og_locale":"it_IT","og_type":"article","og_title":"RSPP\/ASPP \u2013 MODULO B - SP4 (CHIMICO, PETROLCHIMICO) - Ampi Point Servizi emmegi","og_description":"\u00a0 \u00a0 Visualizza Scheda Tecnica in PDF Titolo Corso di formazione per RSPP\/ASPP modulo B-SP4: Chimico &#8211; Petrolchimico (16 ore) Destinatari Coloro che sono destinati a ricoprire il ruolo di responsabile o addetto del servizio e prevenzione ai sensi ai sensi dell\u2019art. 32, comma 2, del D. Lgs. 81\/08 e s.m.i. e dell\u2019accordo Stato-Regioni del 7 luglio 2016. Obiettivi e [&hellip;]","og_url":"https:\/\/www.ampipointservizimg.it\/?product=rsppaspp-modulo-b-4-industtrie-alimentari-tessili-editoriarifiuti","og_site_name":"Ampi Point Servizi emmegi","article_modified_time":"2025-07-08T21:16:05+00:00","og_image":[{"width":300,"height":300,"url":"https:\/\/www.ampipointservizimg.it\/wp-content\/uploads\/2022\/03\/RSPP-ASPP-\u2013-MODULO-B-\u2013-SP4-CHIMICO.jpg","type":"image\/jpeg"}],"twitter_card":"summary_large_image","twitter_misc":{"Tempo di lettura stimato":"3 minuti"},"schema":{"@context":"https:\/\/schema.org","@graph":[{"@type":"WebPage","@id":"https:\/\/www.ampipointservizimg.it\/?product=rsppaspp-modulo-b-4-industtrie-alimentari-tessili-editoriarifiuti","url":"https:\/\/www.ampipointservizimg.it\/?product=rsppaspp-modulo-b-4-industtrie-alimentari-tessili-editoriarifiuti","name":"RSPP\/ASPP \u2013 MODULO B - SP4 (CHIMICO, PETROLCHIMICO) - Ampi Point Servizi emmegi","isPartOf":{"@id":"https:\/\/www.ampipointservizimg.it\/#website"},"primaryImageOfPage":{"@id":"https:\/\/www.ampipointservizimg.it\/?product=rsppaspp-modulo-b-4-industtrie-alimentari-tessili-editoriarifiuti#primaryimage"},"image":{"@id":"https:\/\/www.ampipointservizimg.it\/?product=rsppaspp-modulo-b-4-industtrie-alimentari-tessili-editoriarifiuti#primaryimage"},"thumbnailUrl":"https:\/\/www.ampipointservizimg.it\/wp-content\/uploads\/2022\/03\/RSPP-ASPP-\u2013-MODULO-B-\u2013-SP4-CHIMICO.jpg","datePublished":"2022-03-03T16:45:46+00:00","dateModified":"2025-07-08T21:16:05+00:00","breadcrumb":{"@id":"https:\/\/www.ampipointservizimg.it\/?product=rsppaspp-modulo-b-4-industtrie-alimentari-tessili-editoriarifiuti#breadcrumb"},"inLanguage":"it-IT","potentialAction":[{"@type":"ReadAction","target":["https:\/\/www.ampipointservizimg.it\/?product=rsppaspp-modulo-b-4-industtrie-alimentari-tessili-editoriarifiuti"]}]},{"@type":"ImageObject","inLanguage":"it-IT","@id":"https:\/\/www.ampipointservizimg.it\/?product=rsppaspp-modulo-b-4-industtrie-alimentari-tessili-editoriarifiuti#primaryimage","url":"https:\/\/www.ampipointservizimg.it\/wp-content\/uploads\/2022\/03\/RSPP-ASPP-\u2013-MODULO-B-\u2013-SP4-CHIMICO.jpg","contentUrl":"https:\/\/www.ampipointservizimg.it\/wp-content\/uploads\/2022\/03\/RSPP-ASPP-\u2013-MODULO-B-\u2013-SP4-CHIMICO.jpg","width":300,"height":300},{"@type":"BreadcrumbList","@id":"https:\/\/www.ampipointservizimg.it\/?product=rsppaspp-modulo-b-4-industtrie-alimentari-tessili-editoriarifiuti#breadcrumb","itemListElement":[{"@type":"ListItem","position":1,"name":"Home","item":"https:\/\/www.ampipointservizimg.it\/"},{"@type":"ListItem","position":2,"name":"Shop","item":"https:\/\/www.ampipointservizimg.it\/?page_id=91"},{"@type":"ListItem","position":3,"name":"RSPP\/ASPP \u2013 MODULO B &#8211; SP4 (CHIMICO, PETROLCHIMICO)"}]},{"@type":"WebSite","@id":"https:\/\/www.ampipointservizimg.it\/#website","url":"https:\/\/www.ampipointservizimg.it\/","name":"Ampi Point Servizi emmegi","description":"","publisher":{"@id":"https:\/\/www.ampipointservizimg.it\/#organization"},"potentialAction":[{"@type":"SearchAction","target":{"@type":"EntryPoint","urlTemplate":"https:\/\/www.ampipointservizimg.it\/?s={search_term_string}"},"query-input":{"@type":"PropertyValueSpecification","valueRequired":true,"valueName":"search_term_string"}}],"inLanguage":"it-IT"},{"@type":"Organization","@id":"https:\/\/www.ampipointservizimg.it\/#organization","name":"Sviluppo Qualit\u00e0","alternateName":"Sviluppo Qualit\u00e0","url":"https:\/\/www.ampipointservizimg.it\/","logo":{"@type":"ImageObject","inLanguage":"it-IT","@id":"https:\/\/www.ampipointservizimg.it\/#\/schema\/logo\/image\/","url":"https:\/\/www.ampipointservizimg.it\/wp-content\/uploads\/2025\/06\/cropped-logo_con_ampi-1.png","contentUrl":"https:\/\/www.ampipointservizimg.it\/wp-content\/uploads\/2025\/06\/cropped-logo_con_ampi-1.png","width":2269,"height":544,"caption":"Sviluppo Qualit\u00e0"},"image":{"@id":"https:\/\/www.ampipointservizimg.it\/#\/schema\/logo\/image\/"}}]}},"_links":{"self":[{"href":"https:\/\/www.ampipointservizimg.it\/index.php?rest_route=\/wp\/v2\/product\/664","targetHints":{"allow":["GET"]}}],"collection":[{"href":"https:\/\/www.ampipointservizimg.it\/index.php?rest_route=\/wp\/v2\/product"}],"about":[{"href":"https:\/\/www.ampipointservizimg.it\/index.php?rest_route=\/wp\/v2\/types\/product"}],"wp:featuredmedia":[{"embeddable":true,"href":"https:\/\/www.ampipointservizimg.it\/index.php?rest_route=\/wp\/v2\/media\/663"}],"wp:attachment":[{"href":"https:\/\/www.ampipointservizimg.it\/index.php?rest_route=%2Fwp%2Fv2%2Fmedia&parent=664"}],"wp:term":[{"taxonomy":"product_brand","embeddable":true,"href":"https:\/\/www.ampipointservizimg.it\/index.php?rest_route=%2Fwp%2Fv2%2Fproduct_brand&post=664"},{"taxonomy":"product_cat","embeddable":true,"href":"https:\/\/www.ampipointservizimg.it\/index.php?rest_route=%2Fwp%2Fv2%2Fproduct_cat&post=664"},{"taxonomy":"product_tag","embeddable":true,"href":"https:\/\/www.ampipointservizimg.it\/index.php?rest_route=%2Fwp%2Fv2%2Fproduct_tag&post=664"}],"curies":[{"name":"wp","href":"https:\/\/api.w.org\/{rel}","templated":true}]}}