{"id":672,"date":"2022-03-03T17:48:08","date_gmt":"2022-03-03T16:48:08","guid":{"rendered":"https:\/\/new.sviluppoqualita.it\/prodotto\/rsppaspp-modulo-a\/"},"modified":"2025-07-08T23:16:04","modified_gmt":"2025-07-08T21:16:04","slug":"rsppaspp-modulo-a","status":"publish","type":"product","link":"https:\/\/www.ampipointservizimg.it\/?product=rsppaspp-modulo-a","title":{"rendered":"RSPP\/ASPP &#8211; Modulo A"},"content":{"rendered":"<div id=\"div-scarica-scheda-tecnica\" style=\"text-align: center; padding: 7px; color: white; padding-top: 10px;\"><!-- blu 094775 rosso d1222b --> <a style=\"padding: 10px; border: 1px solid #dddddd; background-color: #d1222b; color: white;\" href=\"https:\/\/www.networkgtc.it\/wp-content\/uploads\/2019\/08\/12-RSPP_ASPP-modulo-A-28-ore.pdf\" target=\"_blank\" rel=\"noopener noreferrer\"> <i class=\"fa fa-file-pdf-o\" style=\"padding-left: 5px; ;color: white;\"><\/i> \u00a0 <span style=\"border-left: 1px solid white;\"> \u00a0 Visualizza Scheda Tecnica in PDF<\/span><\/a><\/div>\n<table class=\"tabella-scheda-tecnica-networkgtc\" style=\"width: 88.7677%; height: 1504px;\">\n<tbody>\n<tr style=\"height: 61px;\">\n<td style=\"width: 15.9124%; border-width: 1pt; border-style: solid; height: 61px;\">\n<p class=\"s1\" style=\"padding-top: 6pt; padding-left: 7pt; padding-right: 9pt; text-indent: 0pt; text-align: center;\">Titolo<\/p>\n<\/td>\n<td style=\"width: 134.453%; border-width: 1pt; border-style: solid; height: 61px;\" colspan=\"2\">\n<p class=\"s2\" style=\"padding-top: 5pt; padding-left: 5pt; text-indent: 0pt; text-align: left;\">Corso di formazione \u201cRSPP\/ASPP modulo A\u201d<\/p>\n<\/td>\n<\/tr>\n<tr style=\"height: 203px;\">\n<td style=\"width: 15.9124%; border-width: 1pt; border-style: solid; height: 203px;\">\n<p class=\"s1\" style=\"padding-left: 7pt; padding-right: 10pt; text-indent: 0pt; text-align: center;\">Destinatari<\/p>\n<\/td>\n<td style=\"width: 134.453%; border-width: 1pt; border-style: solid; height: 203px;\" colspan=\"2\">\n<p class=\"s3\" style=\"padding-top: 6pt; padding-left: 5pt; padding-right: 4pt; text-indent: 0pt; text-align: justify;\">Il modulo A costituisce il corso base per lo svolgimento della funzione di <a href=\"https:\/\/shop.networkgtc.it\/product-category\/formazione\/sicurezza\/formazione-corsi-sicurezza-d-lgs-8108-datoriali\/\">RSPP o ASPP<\/a>. Il corso \u00e8 propedeutico per l\u2019accesso al &#8220;Modulo B&#8221; comune a tutti i settori produttivi e al &#8220;Modulo C&#8221; di specializzazione per le sole funzioni di RSPP. Il Responsabile del Servizio Prevenzione e Protezione (RSPP), come definito nel D.lgs. 81\/2008, art. 2 comma 1 lettera f), \u00e8 la persona in possesso delle capacit\u00e0 e dei requisiti professionali di cui all&#8217;art. 32 designata dal datore di lavoro, a cui risponde, per coordinare il servizio di prevenzione e protezione dai rischi. L&#8217;Addetto al Servizio di Prevenzione e Protezione (ASPP), come definito nel D.lgs. 81\/2008, art. 2 comma 1 lettera g), \u00e8 la persona in possesso delle capacit\u00e0 e dei requisiti professionali di cui all&#8217;articolo 32, facente parte del servizio di prevenzione e protezione.<\/p>\n<\/td>\n<\/tr>\n<tr style=\"height: 155px;\">\n<td style=\"width: 15.9124%; border-width: 1pt; border-style: solid; height: 155px;\">\n<p class=\"s1\" style=\"padding-left: 14pt; padding-right: 16pt; text-indent: 0pt; text-align: center;\">Obiettivi e Finalit\u00e0<\/p>\n<\/td>\n<td style=\"width: 134.453%; border-width: 1pt; border-style: solid; height: 155px;\" colspan=\"2\">\n<p class=\"s3\" style=\"padding-top: 5pt; padding-left: 5pt; padding-right: 4pt; text-indent: 0pt; text-align: justify;\">La finalit\u00e0 del corso \u00e8 quella di fornire una visione degli aspetti generali delle normative sulla gestione dei rischi e di porre i presupposti pratici ed operativi (principalmente sulla corretta valutazione dei rischi) per rendere maggiormente sostenibile il passaggio ai moduli successivi di approfondimento che permetteranno al futuro Responsabile del Servizio di Prevenzione e Protezione (o Addetto al Servizio di Prevenzione e Protezione) di approfondire le tematiche specifiche dei rischi propri del macro settore di attivit\u00e0 che dovr\u00e0 gestire.<\/p>\n<\/td>\n<\/tr>\n<tr style=\"height: 86px;\">\n<td style=\"width: 15.9124%; border-width: 1pt; border-style: solid; height: 86px;\">\n<p class=\"s1\" style=\"padding-top: 7pt; padding-left: 7pt; padding-right: 10pt; text-indent: 0pt; text-align: center;\">Normativa di riferimento<\/p>\n<\/td>\n<td style=\"width: 134.453%; border-width: 1pt; border-style: solid; height: 86px;\" colspan=\"2\">\n<ul>\n<li>D. Lgs. 81\/08 e smi;<\/li>\n<li>Accordo Stato \u2013 Regioni del 07\/07\/2016.<\/li>\n<\/ul>\n<\/td>\n<\/tr>\n<tr style=\"height: 81px;\">\n<td style=\"width: 15.9124%; border-width: 1pt; border-style: solid; text-align: center; height: 81px;\">Requisiti di ammissione<\/td>\n<td style=\"width: 134.453%; border-width: 1pt; border-style: solid; height: 81px;\" colspan=\"2\">\n<p class=\"s3\" style=\"padding-top: 3pt; padding-left: 5pt; padding-right: 1pt; text-indent: 0pt; text-align: left;\">L\u2019ammissione al corso \u00e8 subordinata al possesso di un titolo di studio non inferiore al diploma di istruzione secondaria superiore.<\/p>\n<\/td>\n<\/tr>\n<tr style=\"height: 78px;\">\n<td style=\"width: 15.9124%; border-width: 1pt; border-style: solid; text-align: center; height: 78px;\">Durata e modalit\u00e0<\/td>\n<td style=\"width: 134.453%; border-width: 1pt; border-style: solid; height: 78px;\" colspan=\"2\">\n<p class=\"s3\" style=\"padding-left: 5pt; text-indent: 0pt; text-align: left;\">Il corso ha una durata di 28 ore ed \u00e8 erogabile interamente in e-learning secondo le modalit\u00e0 definite all\u2019allegato II dell\u2019Accordo Stato \u2013 Regioni del 7 luglio 2016.<\/p>\n<\/td>\n<\/tr>\n<tr style=\"height: 65px;\">\n<td style=\"width: 15.9124%; border-width: 1pt; border-style: solid; height: 417px; text-align: center;\" rowspan=\"5\">Programma del corso<\/td>\n<td style=\"width: 134.453%; border-width: 1pt; border-style: solid; height: 65px;\" colspan=\"2\">\n<p class=\"s4\" style=\"padding-top: 9pt; padding-left: 148pt; padding-right: 147pt; text-indent: 0pt; text-align: center;\">DISCIPLINE E CONTENUTI<\/p>\n<\/td>\n<\/tr>\n<tr style=\"height: 143px;\">\n<td style=\"width: 16.0584%; border-width: 1pt; border-style: solid; height: 143px;\">\n<p class=\"s3\" style=\"padding-top: 7pt; padding-left: 5pt; text-indent: 0pt; text-align: left;\">UD A1 \u2013 8 ore<\/p>\n<\/td>\n<td style=\"width: 118.394%; border-width: 1pt; border-style: solid; height: 143px;\">\n<ul>\n<li>Presentazione e apertura del corso<\/li>\n<li>L\u2019approccio alla prevenzione nel D.lgs. n. 81\/2008<\/li>\n<li>Il sistema legislativo: esame delle normative di riferimento<\/li>\n<li>Il sistema istituzionale della prevenzione<\/li>\n<li>Il sistema di vigilanza e assistenza<\/li>\n<\/ul>\n<\/td>\n<\/tr>\n<tr style=\"height: 53px;\">\n<td style=\"width: 16.0584%; border-width: 1pt; border-style: solid; height: 53px;\">\n<p class=\"s3\" style=\"padding-left: 5pt; text-indent: 0pt; text-align: left;\">UD A2 \u2013 4 ore<\/p>\n<\/td>\n<td style=\"width: 118.394%; border-width: 1pt; border-style: solid; height: 53px;\">\n<ul>\n<li>I soggetti del sistema di prevenzione aziendale secondo il D.lgs. n. 81\/2008<\/li>\n<\/ul>\n<\/td>\n<\/tr>\n<tr style=\"height: 61px;\">\n<td style=\"width: 16.0584%; border-width: 1pt; border-style: solid; height: 61px;\">\n<p class=\"s3\" style=\"padding-top: 6pt; padding-left: 5pt; text-indent: 0pt; text-align: left;\">UD A3 \u2013 8 ore<\/p>\n<\/td>\n<td style=\"width: 118.394%; border-width: 1pt; border-style: solid; height: 61px;\">\n<ul>\n<li>Il processo di valutazione dei rischi<\/li>\n<\/ul>\n<\/td>\n<\/tr>\n<tr style=\"height: 95px;\">\n<td style=\"width: 16.0584%; border-width: 1pt; border-style: solid; height: 95px;\">\n<p class=\"s3\" style=\"padding-top: 6pt; padding-left: 5pt; text-indent: 0pt; text-align: left;\">UD A4 \u2013 4 ore<\/p>\n<\/td>\n<td style=\"width: 118.394%; border-width: 1pt; border-style: solid; height: 95px;\">\n<ul>\n<li>Le ricadute applicative e organizzative della valutazione dei rischi<\/li>\n<li>La gestione delle emergenze<\/li>\n<li>La sorveglianza sanitaria<\/li>\n<\/ul>\n<\/td>\n<\/tr>\n<tr style=\"height: 65px;\">\n<td style=\"width: 15.9124%; border-width: 1pt; border-style: solid; height: 65px;\">\n<p style=\"text-indent: 0pt; text-align: left;\">\n<\/td>\n<td style=\"width: 16.0584%; border-width: 1pt; border-style: solid; height: 65px;\">\n<p class=\"s3\" style=\"padding-left: 5pt; text-indent: 0pt; text-align: left;\">UD A5 \u2013 4 ore<\/p>\n<\/td>\n<td style=\"width: 118.394%; border-width: 1pt; border-style: solid; height: 65px;\">\n<ul>\n<li>Gli istituti relazionali: informazione, formazione, addestramento, consultazione e partecipazione<\/li>\n<\/ul>\n<\/td>\n<\/tr>\n<tr style=\"height: 53px;\">\n<td style=\"width: 15.9124%; border-width: 1pt; border-style: solid; height: 53px;\">\n<p class=\"s1\" style=\"padding-left: 5pt; padding-right: 8pt; text-indent: 0pt; text-align: center;\">Valutazione<\/p>\n<\/td>\n<td style=\"width: 134.453%; border-width: 1pt; border-style: solid; height: 53px;\" colspan=\"2\">\n<p class=\"s3\" style=\"padding-left: 5pt; text-indent: 0pt; text-align: left;\">Test, somministrabili anche in itinere, per un totale minimo di 30 domande (eventuale colloquio di approfondimento).<\/p>\n<\/td>\n<\/tr>\n<tr style=\"height: 89px;\">\n<td style=\"width: 15.9124%; border-width: 1pt; border-style: solid; height: 89px; text-align: center;\">Attestato Formativo Rilasciato<\/td>\n<td style=\"width: 134.453%; border-width: 1pt; border-style: solid; height: 89px;\" colspan=\"2\">\n<p class=\"s3\" style=\"padding-left: 5pt; text-indent: 0pt; text-align: left;\">Attestato di frequenza per \u201cRSPP\/ASPP modulo A\u201d della durata di 28 ore.<\/p>\n<\/td>\n<\/tr>\n<tr style=\"height: 86px;\">\n<td style=\"width: 15.9124%; border-width: 1pt; border-style: solid; height: 86px;\">\n<p class=\"s1\" style=\"padding-top: 9pt; padding-left: 7pt; padding-right: 10pt; text-indent: 0pt; text-align: center;\">Docenza<\/p>\n<\/td>\n<td style=\"width: 134.453%; border-width: 1pt; border-style: solid; height: 86px;\" colspan=\"2\">\n<p class=\"s3\" style=\"padding-top: 7pt; padding-left: 5pt; padding-right: 4pt; text-indent: 0pt; text-align: justify;\">Docenti in possesso dei requisiti previsti dal decreto interministeriale 6 marzo 2013, emanato in attuazione dell&#8217;articolo 6, comma 8, lettera m bis, del D.lgs. n. 81\/2008, entrato in vigore il 18 marzo 2014.<\/p>\n<\/td>\n<\/tr>\n<tr style=\"height: 130px;\">\n<td style=\"width: 15.9124%; border-width: 1pt; border-style: solid; height: 130px;\">\n<p class=\"s1\" style=\"padding-top: 7pt; padding-left: 7pt; padding-right: 10pt; text-indent: 0pt; text-align: center;\">Sede<\/p>\n<\/td>\n<td style=\"width: 134.453%; border-width: 1pt; border-style: solid; height: 130px;\" colspan=\"2\">\n<p class=\"s3\" style=\"padding-top: 4pt; padding-left: 5pt; padding-right: 4pt; text-indent: 0pt; text-align: justify;\">Il corso \u00e8 erogabile interamente in e-learning secondo le modalit\u00e0 definite all\u2019allegato II dell\u2019Accordo Stato \u2013 Regioni del 7 luglio 2016. In caso di svolgimento in aula il corso sar\u00e0 erogato, secondo un calendario prestabilito, in una delle sedi pi\u00f9 vicine dislocate sul territorio nazionale. \u00c8 possibile ammettere un numero massimo di partecipanti ad ogni corso pari a 35 unit\u00e0.<\/p>\n<\/td>\n<\/tr>\n<\/tbody>\n<\/table>\n","protected":false},"excerpt":{"rendered":"<p>\u00a0 \u00a0 Visualizza Scheda Tecnica in PDF Titolo Corso di formazione \u201cRSPP\/ASPP modulo A\u201d Destinatari Il modulo A costituisce il corso base per lo svolgimento della funzione di RSPP o ASPP. Il corso \u00e8 propedeutico per l\u2019accesso al &#8220;Modulo B&#8221; comune a tutti i settori produttivi e al &#8220;Modulo C&#8221; di specializzazione per le sole funzioni di RSPP. Il Responsabile [&hellip;]<\/p>\n","protected":false},"featured_media":671,"template":"","meta":[],"product_brand":[],"product_cat":[28,917],"product_tag":[39,501],"class_list":{"0":"post-672","1":"product","2":"type-product","3":"status-publish","4":"has-post-thumbnail","6":"product_cat-corsi-sicurezza-d-lgs-81-08","7":"product_cat-corsi-fad","8":"product_tag-corsi-sicurezza-d-lgs-81-08-datoriali-e-per-professionisti","9":"product_tag-corso-28-ore","11":"first","12":"instock","13":"taxable","14":"shipping-taxable","15":"purchasable","16":"product-type-simple"},"yoast_head":"<!-- This site is optimized with the Yoast SEO plugin v25.4 - https:\/\/yoast.com\/wordpress\/plugins\/seo\/ -->\n<title>RSPP\/ASPP - Modulo A - Ampi Point Servizi emmegi<\/title>\n<meta name=\"robots\" content=\"index, follow, max-snippet:-1, max-image-preview:large, max-video-preview:-1\" \/>\n<link rel=\"canonical\" href=\"https:\/\/www.ampipointservizimg.it\/?product=rsppaspp-modulo-a\" \/>\n<meta property=\"og:locale\" content=\"it_IT\" \/>\n<meta property=\"og:type\" content=\"article\" \/>\n<meta property=\"og:title\" content=\"RSPP\/ASPP - Modulo A - Ampi Point Servizi emmegi\" \/>\n<meta property=\"og:description\" content=\"\u00a0 \u00a0 Visualizza Scheda Tecnica in PDF Titolo Corso di formazione \u201cRSPP\/ASPP modulo A\u201d Destinatari Il modulo A costituisce il corso base per lo svolgimento della funzione di RSPP o ASPP. Il corso \u00e8 propedeutico per l\u2019accesso al &#8220;Modulo B&#8221; comune a tutti i settori produttivi e al &#8220;Modulo C&#8221; di specializzazione per le sole funzioni di RSPP. Il Responsabile [&hellip;]\" \/>\n<meta property=\"og:url\" content=\"https:\/\/www.ampipointservizimg.it\/?product=rsppaspp-modulo-a\" \/>\n<meta property=\"og:site_name\" content=\"Ampi Point Servizi emmegi\" \/>\n<meta property=\"article:modified_time\" content=\"2025-07-08T21:16:04+00:00\" \/>\n<meta property=\"og:image\" content=\"https:\/\/www.ampipointservizimg.it\/wp-content\/uploads\/2022\/03\/RSPP-ASPP-MODULO-A.jpg\" \/>\n\t<meta property=\"og:image:width\" content=\"300\" \/>\n\t<meta property=\"og:image:height\" content=\"300\" \/>\n\t<meta property=\"og:image:type\" content=\"image\/jpeg\" \/>\n<meta name=\"twitter:card\" content=\"summary_large_image\" \/>\n<meta name=\"twitter:label1\" content=\"Tempo di lettura stimato\" \/>\n\t<meta name=\"twitter:data1\" content=\"3 minuti\" \/>\n<script type=\"application\/ld+json\" class=\"yoast-schema-graph\">{\"@context\":\"https:\/\/schema.org\",\"@graph\":[{\"@type\":\"WebPage\",\"@id\":\"https:\/\/www.ampipointservizimg.it\/?product=rsppaspp-modulo-a\",\"url\":\"https:\/\/www.ampipointservizimg.it\/?product=rsppaspp-modulo-a\",\"name\":\"RSPP\/ASPP - Modulo A - Ampi Point Servizi emmegi\",\"isPartOf\":{\"@id\":\"https:\/\/www.ampipointservizimg.it\/#website\"},\"primaryImageOfPage\":{\"@id\":\"https:\/\/www.ampipointservizimg.it\/?product=rsppaspp-modulo-a#primaryimage\"},\"image\":{\"@id\":\"https:\/\/www.ampipointservizimg.it\/?product=rsppaspp-modulo-a#primaryimage\"},\"thumbnailUrl\":\"https:\/\/www.ampipointservizimg.it\/wp-content\/uploads\/2022\/03\/RSPP-ASPP-MODULO-A.jpg\",\"datePublished\":\"2022-03-03T16:48:08+00:00\",\"dateModified\":\"2025-07-08T21:16:04+00:00\",\"breadcrumb\":{\"@id\":\"https:\/\/www.ampipointservizimg.it\/?product=rsppaspp-modulo-a#breadcrumb\"},\"inLanguage\":\"it-IT\",\"potentialAction\":[{\"@type\":\"ReadAction\",\"target\":[\"https:\/\/www.ampipointservizimg.it\/?product=rsppaspp-modulo-a\"]}]},{\"@type\":\"ImageObject\",\"inLanguage\":\"it-IT\",\"@id\":\"https:\/\/www.ampipointservizimg.it\/?product=rsppaspp-modulo-a#primaryimage\",\"url\":\"https:\/\/www.ampipointservizimg.it\/wp-content\/uploads\/2022\/03\/RSPP-ASPP-MODULO-A.jpg\",\"contentUrl\":\"https:\/\/www.ampipointservizimg.it\/wp-content\/uploads\/2022\/03\/RSPP-ASPP-MODULO-A.jpg\",\"width\":300,\"height\":300},{\"@type\":\"BreadcrumbList\",\"@id\":\"https:\/\/www.ampipointservizimg.it\/?product=rsppaspp-modulo-a#breadcrumb\",\"itemListElement\":[{\"@type\":\"ListItem\",\"position\":1,\"name\":\"Home\",\"item\":\"https:\/\/www.ampipointservizimg.it\/\"},{\"@type\":\"ListItem\",\"position\":2,\"name\":\"Shop\",\"item\":\"https:\/\/www.ampipointservizimg.it\/?page_id=91\"},{\"@type\":\"ListItem\",\"position\":3,\"name\":\"RSPP\/ASPP &#8211; Modulo A\"}]},{\"@type\":\"WebSite\",\"@id\":\"https:\/\/www.ampipointservizimg.it\/#website\",\"url\":\"https:\/\/www.ampipointservizimg.it\/\",\"name\":\"Ampi Point Servizi emmegi\",\"description\":\"\",\"publisher\":{\"@id\":\"https:\/\/www.ampipointservizimg.it\/#organization\"},\"potentialAction\":[{\"@type\":\"SearchAction\",\"target\":{\"@type\":\"EntryPoint\",\"urlTemplate\":\"https:\/\/www.ampipointservizimg.it\/?s={search_term_string}\"},\"query-input\":{\"@type\":\"PropertyValueSpecification\",\"valueRequired\":true,\"valueName\":\"search_term_string\"}}],\"inLanguage\":\"it-IT\"},{\"@type\":\"Organization\",\"@id\":\"https:\/\/www.ampipointservizimg.it\/#organization\",\"name\":\"Sviluppo Qualit\u00e0\",\"alternateName\":\"Sviluppo Qualit\u00e0\",\"url\":\"https:\/\/www.ampipointservizimg.it\/\",\"logo\":{\"@type\":\"ImageObject\",\"inLanguage\":\"it-IT\",\"@id\":\"https:\/\/www.ampipointservizimg.it\/#\/schema\/logo\/image\/\",\"url\":\"https:\/\/www.ampipointservizimg.it\/wp-content\/uploads\/2025\/06\/cropped-logo_con_ampi-1.png\",\"contentUrl\":\"https:\/\/www.ampipointservizimg.it\/wp-content\/uploads\/2025\/06\/cropped-logo_con_ampi-1.png\",\"width\":2269,\"height\":544,\"caption\":\"Sviluppo Qualit\u00e0\"},\"image\":{\"@id\":\"https:\/\/www.ampipointservizimg.it\/#\/schema\/logo\/image\/\"}}]}<\/script>\n<!-- \/ Yoast SEO plugin. -->","yoast_head_json":{"title":"RSPP\/ASPP - Modulo A - Ampi Point Servizi emmegi","robots":{"index":"index","follow":"follow","max-snippet":"max-snippet:-1","max-image-preview":"max-image-preview:large","max-video-preview":"max-video-preview:-1"},"canonical":"https:\/\/www.ampipointservizimg.it\/?product=rsppaspp-modulo-a","og_locale":"it_IT","og_type":"article","og_title":"RSPP\/ASPP - Modulo A - Ampi Point Servizi emmegi","og_description":"\u00a0 \u00a0 Visualizza Scheda Tecnica in PDF Titolo Corso di formazione \u201cRSPP\/ASPP modulo A\u201d Destinatari Il modulo A costituisce il corso base per lo svolgimento della funzione di RSPP o ASPP. Il corso \u00e8 propedeutico per l\u2019accesso al &#8220;Modulo B&#8221; comune a tutti i settori produttivi e al &#8220;Modulo C&#8221; di specializzazione per le sole funzioni di RSPP. Il Responsabile [&hellip;]","og_url":"https:\/\/www.ampipointservizimg.it\/?product=rsppaspp-modulo-a","og_site_name":"Ampi Point Servizi emmegi","article_modified_time":"2025-07-08T21:16:04+00:00","og_image":[{"width":300,"height":300,"url":"https:\/\/www.ampipointservizimg.it\/wp-content\/uploads\/2022\/03\/RSPP-ASPP-MODULO-A.jpg","type":"image\/jpeg"}],"twitter_card":"summary_large_image","twitter_misc":{"Tempo di lettura stimato":"3 minuti"},"schema":{"@context":"https:\/\/schema.org","@graph":[{"@type":"WebPage","@id":"https:\/\/www.ampipointservizimg.it\/?product=rsppaspp-modulo-a","url":"https:\/\/www.ampipointservizimg.it\/?product=rsppaspp-modulo-a","name":"RSPP\/ASPP - Modulo A - Ampi Point Servizi emmegi","isPartOf":{"@id":"https:\/\/www.ampipointservizimg.it\/#website"},"primaryImageOfPage":{"@id":"https:\/\/www.ampipointservizimg.it\/?product=rsppaspp-modulo-a#primaryimage"},"image":{"@id":"https:\/\/www.ampipointservizimg.it\/?product=rsppaspp-modulo-a#primaryimage"},"thumbnailUrl":"https:\/\/www.ampipointservizimg.it\/wp-content\/uploads\/2022\/03\/RSPP-ASPP-MODULO-A.jpg","datePublished":"2022-03-03T16:48:08+00:00","dateModified":"2025-07-08T21:16:04+00:00","breadcrumb":{"@id":"https:\/\/www.ampipointservizimg.it\/?product=rsppaspp-modulo-a#breadcrumb"},"inLanguage":"it-IT","potentialAction":[{"@type":"ReadAction","target":["https:\/\/www.ampipointservizimg.it\/?product=rsppaspp-modulo-a"]}]},{"@type":"ImageObject","inLanguage":"it-IT","@id":"https:\/\/www.ampipointservizimg.it\/?product=rsppaspp-modulo-a#primaryimage","url":"https:\/\/www.ampipointservizimg.it\/wp-content\/uploads\/2022\/03\/RSPP-ASPP-MODULO-A.jpg","contentUrl":"https:\/\/www.ampipointservizimg.it\/wp-content\/uploads\/2022\/03\/RSPP-ASPP-MODULO-A.jpg","width":300,"height":300},{"@type":"BreadcrumbList","@id":"https:\/\/www.ampipointservizimg.it\/?product=rsppaspp-modulo-a#breadcrumb","itemListElement":[{"@type":"ListItem","position":1,"name":"Home","item":"https:\/\/www.ampipointservizimg.it\/"},{"@type":"ListItem","position":2,"name":"Shop","item":"https:\/\/www.ampipointservizimg.it\/?page_id=91"},{"@type":"ListItem","position":3,"name":"RSPP\/ASPP &#8211; Modulo A"}]},{"@type":"WebSite","@id":"https:\/\/www.ampipointservizimg.it\/#website","url":"https:\/\/www.ampipointservizimg.it\/","name":"Ampi Point Servizi emmegi","description":"","publisher":{"@id":"https:\/\/www.ampipointservizimg.it\/#organization"},"potentialAction":[{"@type":"SearchAction","target":{"@type":"EntryPoint","urlTemplate":"https:\/\/www.ampipointservizimg.it\/?s={search_term_string}"},"query-input":{"@type":"PropertyValueSpecification","valueRequired":true,"valueName":"search_term_string"}}],"inLanguage":"it-IT"},{"@type":"Organization","@id":"https:\/\/www.ampipointservizimg.it\/#organization","name":"Sviluppo Qualit\u00e0","alternateName":"Sviluppo Qualit\u00e0","url":"https:\/\/www.ampipointservizimg.it\/","logo":{"@type":"ImageObject","inLanguage":"it-IT","@id":"https:\/\/www.ampipointservizimg.it\/#\/schema\/logo\/image\/","url":"https:\/\/www.ampipointservizimg.it\/wp-content\/uploads\/2025\/06\/cropped-logo_con_ampi-1.png","contentUrl":"https:\/\/www.ampipointservizimg.it\/wp-content\/uploads\/2025\/06\/cropped-logo_con_ampi-1.png","width":2269,"height":544,"caption":"Sviluppo Qualit\u00e0"},"image":{"@id":"https:\/\/www.ampipointservizimg.it\/#\/schema\/logo\/image\/"}}]}},"_links":{"self":[{"href":"https:\/\/www.ampipointservizimg.it\/index.php?rest_route=\/wp\/v2\/product\/672","targetHints":{"allow":["GET"]}}],"collection":[{"href":"https:\/\/www.ampipointservizimg.it\/index.php?rest_route=\/wp\/v2\/product"}],"about":[{"href":"https:\/\/www.ampipointservizimg.it\/index.php?rest_route=\/wp\/v2\/types\/product"}],"wp:featuredmedia":[{"embeddable":true,"href":"https:\/\/www.ampipointservizimg.it\/index.php?rest_route=\/wp\/v2\/media\/671"}],"wp:attachment":[{"href":"https:\/\/www.ampipointservizimg.it\/index.php?rest_route=%2Fwp%2Fv2%2Fmedia&parent=672"}],"wp:term":[{"taxonomy":"product_brand","embeddable":true,"href":"https:\/\/www.ampipointservizimg.it\/index.php?rest_route=%2Fwp%2Fv2%2Fproduct_brand&post=672"},{"taxonomy":"product_cat","embeddable":true,"href":"https:\/\/www.ampipointservizimg.it\/index.php?rest_route=%2Fwp%2Fv2%2Fproduct_cat&post=672"},{"taxonomy":"product_tag","embeddable":true,"href":"https:\/\/www.ampipointservizimg.it\/index.php?rest_route=%2Fwp%2Fv2%2Fproduct_tag&post=672"}],"curies":[{"name":"wp","href":"https:\/\/api.w.org\/{rel}","templated":true}]}}