{"id":674,"date":"2022-03-03T17:48:20","date_gmt":"2022-03-03T16:48:20","guid":{"rendered":"https:\/\/new.sviluppoqualita.it\/prodotto\/agg-rspp-datore-di-lavoro-r-alto\/"},"modified":"2025-07-08T23:16:04","modified_gmt":"2025-07-08T21:16:04","slug":"agg-rspp-datore-di-lavoro-r-alto","status":"publish","type":"product","link":"https:\/\/www.ampipointservizimg.it\/?product=agg-rspp-datore-di-lavoro-r-alto","title":{"rendered":"Aggiornamento  RSPP &#8211; Datore di Lavoro &#8211; Rischio Alto"},"content":{"rendered":"<div id=\"div-scarica-scheda-tecnica\" style=\"text-align: center; padding: 7px; color: white; padding-top: 10px;\"><!-- blu 094775 rosso d1222b --> <a style=\"padding: 10px; border: 1px solid #dddddd; background-color: #d1222b; color: white;\" href=\"http:\/\/www.networkgtc.it\/wp-content\/uploads\/pdf_prodotti\/Aggiornamento-RSPP_Datore-di-lavoro-rischio-alto.pdf\"> <i class=\"fa fa-file-pdf-o\" style=\"padding-left: 5px; ;color: white;\"><\/i> \u00a0 <span style=\"border-left: 1px solid white;\"> \u00a0 Visualizza Scheda Tecnica in PDF<\/span><\/a><\/div>\n<table class=\"tabella-scheda-tecnica-networkgtc\" style=\"width: 80.4545%;\">\n<tbody>\n<tr>\n<td style=\"width: 20.146%; border-width: 1pt; border-style: solid;\">\n<p class=\"s1\" style=\"padding-left: 13pt; padding-right: 16pt; text-indent: 0pt; text-align: center;\">Titolo<\/p>\n<\/td>\n<td style=\"width: 116.204%; border-width: 1pt; border-style: solid;\">\n<p class=\"s2\" style=\"padding-top: 10pt; padding-left: 5pt; text-indent: 0pt; text-align: left;\">Aggiornamento RSPP\/Datore di lavoro rischio alto<\/p>\n<\/td>\n<\/tr>\n<tr>\n<td style=\"width: 20.146%; border-width: 1pt; border-style: solid; text-align: center;\">Destinatari<\/td>\n<td style=\"width: 116.204%; border-width: 1pt; border-style: solid;\">\n<p class=\"s3\" style=\"padding-left: 7pt; padding-right: 4pt; text-indent: 0pt; line-height: 114%; text-align: justify;\">Il corso rappresenta l\u2019aggiornamento della formazione per il Datore di Lavoro che intende svolgere i compiti propri del Responsabile del<a href=\"https:\/\/shop.networkgtc.it\/product-category\/formazione\/sicurezza\/formazione-aggiornamento-corsi-sicurezza-d-lgs-8108-datoriali\/\"> Servizio di Prevenzione e Protezione<\/a> (RSPP) nella propria azienda, ai sensi dell&#8217;art 34 del D.lgs.81\/08 e disciplinato nei contenuti dall&#8217;Accordo Stato Regioni del 21\/12\/2011 (Rep. Atti n. 223\/CSR) (G.U. n. 8 del 11-1-2012 ). Esso si rivolge a tutti i datori di lavoro di aziende classificate a rischio alto cos\u00ec come individuato all\u2019allegato II dell\u2019 Accordo Stato Regioni 223 del 21-12-2011.<\/p>\n<\/td>\n<\/tr>\n<tr>\n<td style=\"width: 20.146%; border-width: 1pt; border-style: solid; text-align: center;\">Obiettivi e Finalit\u00e0<\/td>\n<td style=\"width: 116.204%; border-width: 1pt; border-style: solid;\">\n<p class=\"s3\" style=\"padding-top: 2pt; padding-left: 5pt; text-indent: 0pt; line-height: 115%; text-align: left;\">L&#8217;aggiornamento che ha periodicit\u00e0 quinquennale ha durata modulata in relazione al livello di rischio (macrocategorie ATECO 2002-2007) di appartenenza dell\u2019azienda.<\/p>\n<p class=\"s3\" style=\"padding-left: 5pt; text-indent: 0pt; line-height: 114%; text-align: left;\">Il corso mira a fornire approfondimenti su aspetti innovativi rispetto agli argomenti trattati nel percorso formativo di base di 48 ore.<\/p>\n<\/td>\n<\/tr>\n<tr>\n<td style=\"width: 20.146%; border-width: 1pt; border-style: solid; text-align: center;\">Normativa di riferimento<\/td>\n<td style=\"width: 116.204%; border-width: 1pt; border-style: solid;\">\n<ul>\n<li>D.lgs. 81\/08 e s.m.i.;<\/li>\n<li>D.M. 16.01.1997;<\/li>\n<li>D.lgs. 195\/03;<\/li>\n<li>Accordo Stato \u2013 Regioni del 21\/12\/2011;<\/li>\n<li>Accordo Stato \u2013 Regioni del 07\/07\/2016.<\/li>\n<\/ul>\n<\/td>\n<\/tr>\n<tr>\n<td style=\"width: 20.146%; border-width: 1pt; border-style: solid; text-align: center;\">Requisiti di ammissione<\/td>\n<td style=\"width: 116.204%; border-width: 1pt; border-style: solid;\">\n<p class=\"s3\" style=\"padding-left: 7pt; text-indent: 0pt; line-height: 13pt; text-align: left;\">Per accedere al corso di aggiornamento bisogna dimostrare di aver frequentato il corso di prima formazione per RSPP \u2013 Datore di lavoro rischio alto di 48 ore.<\/p>\n<\/td>\n<\/tr>\n<tr>\n<td style=\"width: 20.146%; border-width: 1pt; border-style: solid; text-align: center;\">Durata e modalit\u00e0<\/td>\n<td style=\"width: 116.204%; border-width: 1pt; border-style: solid;\">\n<p class=\"s3\" style=\"padding-left: 7pt; padding-right: 4pt; text-indent: 0pt; line-height: 114%; text-align: justify;\">Il corso ha una durata pari a 14 ore e pu\u00f2 essere svolto interamente in modalit\u00e0 E- learning con specifiche caratteristiche di qualit\u00e0 e certificazione delle sessioni di collegamento dei partecipanti secondo le modalit\u00e0 definite all\u2019allegato II dell\u2019Accordo Stato \u2013 Regioni del 7 luglio 2016.<\/p>\n<\/td>\n<\/tr>\n<tr>\n<td style=\"width: 20.146%; border-width: 1pt; border-style: solid;\">\n<p class=\"s1\" style=\"padding-top: 3pt; padding-left: 29pt; padding-right: 7pt; text-indent: -22pt; text-align: left;\">\n<\/td>\n<td style=\"width: 116.204%; border-width: 1pt; border-style: solid;\">\n<p class=\"s4\" style=\"padding-top: 2pt; padding-left: 146pt; padding-right: 143pt; text-indent: 0pt; text-align: center;\">DISCIPLINE E CONTENUTI<\/p>\n<\/td>\n<\/tr>\n<tr>\n<td style=\"width: 20.146%; border-width: 1pt; border-style: solid;\">\n<p style=\"text-indent: 0pt; text-align: center;\">Programma del corso<\/p>\n<\/td>\n<td style=\"width: 116.204%; border-width: 1pt; border-style: solid;\">\n<ul>\n<li>approfondimenti tecnico-organizzativi e giuridico-normativi;<\/li>\n<li>sistemi di gestione e processi organizzativi;<\/li>\n<li>fonti di rischio, compresi i rischi di tipo ergonomico;<\/li>\n<li>tecniche di comunicazione, volte all&#8217;informazione e formazione dei lavoratori in tema di promozione della salute e della sicurezza nei luoghi di lavoro.<\/li>\n<\/ul>\n<\/td>\n<\/tr>\n<tr>\n<td style=\"width: 20.146%; border-width: 1pt; border-style: solid; text-align: center;\">Valutazione<\/td>\n<td style=\"width: 116.204%; border-width: 1pt; border-style: solid;\">\n<p class=\"s3\" style=\"padding-left: 7pt; padding-right: 6pt; text-indent: 0pt; line-height: 115%; text-align: left;\">La verifica dell&#8217;apprendimento si svolge sulla base di test a risposta multipla e quiz game somministrabili anche in itinere.<\/p>\n<\/td>\n<\/tr>\n<tr>\n<td style=\"width: 20.146%; border-width: 1pt; border-style: solid; text-align: center;\">Attestato Formativo Rilasciato<\/td>\n<td style=\"width: 116.204%; border-width: 1pt; border-style: solid;\">\n<p class=\"s3\" style=\"padding-top: 3pt; padding-left: 7pt; text-indent: 0pt; text-align: left;\">Attestato di frequenza \u201c<span class=\"s5\">Aggiornamento RSPP\/Datore di lavoro rischio alto<\/span>\u201d 14 ore.<\/p>\n<\/td>\n<\/tr>\n<tr>\n<td style=\"width: 20.146%; border-width: 1pt; border-style: solid; text-align: center;\">Docenza<\/td>\n<td style=\"width: 116.204%; border-width: 1pt; border-style: solid;\">\n<p class=\"s3\" style=\"padding-left: 7pt; padding-right: 4pt; text-indent: 0pt; line-height: 114%; text-align: justify;\">Docenti in possesso dei requisiti previsti dal decreto interministeriale 6 marzo 2013, emanato in attuazione dell&#8217;articolo 6, comma 8, lettera m bis), del d.lgs. n. 81\/2008, entrato in vigore il 18 marzo 2014.<\/p>\n<\/td>\n<\/tr>\n<tr>\n<td style=\"width: 20.146%; border-width: 1pt; border-style: solid;\">\n<p class=\"s1\" style=\"padding-left: 13pt; padding-right: 16pt; text-indent: 0pt; text-align: center;\">Sede<\/p>\n<\/td>\n<td style=\"width: 116.204%; border-width: 1pt; border-style: solid;\">\n<p class=\"s3\" style=\"padding-left: 7pt; padding-right: 4pt; text-indent: 0pt; line-height: 114%; text-align: justify;\">Il corso \u00e8 erogabile interamente in e-learning secondo le modalit\u00e0 definite all\u2019allegato II dell\u2019Accordo Stato \u2013 Regioni del 7 luglio 2016. In caso di svolgimento in aula il corso sar\u00e0 erogato, secondo un calendario prestabilito, in una delle sedi pi\u00f9 vicine dislocate sul territorio nazionale. \u00c8 possibile ammettere un numero massimo di partecipanti ad ogni corso pari a 35 unit\u00e0.<\/p>\n<\/td>\n<\/tr>\n<\/tbody>\n<\/table>\n","protected":false},"excerpt":{"rendered":"<p>\u00a0 \u00a0 Visualizza Scheda Tecnica in PDF Titolo Aggiornamento RSPP\/Datore di lavoro rischio alto Destinatari Il corso rappresenta l\u2019aggiornamento della formazione per il Datore di Lavoro che intende svolgere i compiti propri del Responsabile del Servizio di Prevenzione e Protezione (RSPP) nella propria azienda, ai sensi dell&#8217;art 34 del D.lgs.81\/08 e disciplinato nei contenuti dall&#8217;Accordo Stato Regioni del 21\/12\/2011 (Rep. [&hellip;]<\/p>\n","protected":false},"featured_media":673,"template":"","meta":[],"product_brand":[],"product_cat":[28,917],"product_tag":[442,512],"class_list":{"0":"post-674","1":"product","2":"type-product","3":"status-publish","4":"has-post-thumbnail","6":"product_cat-corsi-sicurezza-d-lgs-81-08","7":"product_cat-corsi-fad","8":"product_tag-aggiornamento-corsi-sicurezza-d-lgs-81-08-datoriali-e-per-professionisti","9":"product_tag-corso-14-ore","11":"first","12":"instock","13":"taxable","14":"shipping-taxable","15":"purchasable","16":"product-type-simple"},"yoast_head":"<!-- This site is optimized with the Yoast SEO plugin v25.4 - https:\/\/yoast.com\/wordpress\/plugins\/seo\/ -->\n<title>Aggiornamento RSPP - Datore di Lavoro - Rischio Alto - Ampi Point Servizi emmegi<\/title>\n<meta name=\"robots\" content=\"index, follow, max-snippet:-1, max-image-preview:large, max-video-preview:-1\" \/>\n<link rel=\"canonical\" href=\"https:\/\/www.ampipointservizimg.it\/?product=agg-rspp-datore-di-lavoro-r-alto\" \/>\n<meta property=\"og:locale\" content=\"it_IT\" \/>\n<meta property=\"og:type\" content=\"article\" \/>\n<meta property=\"og:title\" content=\"Aggiornamento RSPP - Datore di Lavoro - Rischio Alto - Ampi Point Servizi emmegi\" \/>\n<meta property=\"og:description\" content=\"\u00a0 \u00a0 Visualizza Scheda Tecnica in PDF Titolo Aggiornamento RSPP\/Datore di lavoro rischio alto Destinatari Il corso rappresenta l\u2019aggiornamento della formazione per il Datore di Lavoro che intende svolgere i compiti propri del Responsabile del Servizio di Prevenzione e Protezione (RSPP) nella propria azienda, ai sensi dell&#8217;art 34 del D.lgs.81\/08 e disciplinato nei contenuti dall&#8217;Accordo Stato Regioni del 21\/12\/2011 (Rep. [&hellip;]\" \/>\n<meta property=\"og:url\" content=\"https:\/\/www.ampipointservizimg.it\/?product=agg-rspp-datore-di-lavoro-r-alto\" \/>\n<meta property=\"og:site_name\" content=\"Ampi Point Servizi emmegi\" \/>\n<meta property=\"article:modified_time\" content=\"2025-07-08T21:16:04+00:00\" \/>\n<meta property=\"og:image\" content=\"https:\/\/www.ampipointservizimg.it\/wp-content\/uploads\/2022\/03\/modulo-rspp.jpg\" \/>\n\t<meta property=\"og:image:width\" content=\"300\" \/>\n\t<meta property=\"og:image:height\" content=\"300\" \/>\n\t<meta property=\"og:image:type\" content=\"image\/jpeg\" \/>\n<meta name=\"twitter:card\" content=\"summary_large_image\" \/>\n<meta name=\"twitter:label1\" content=\"Tempo di lettura stimato\" \/>\n\t<meta name=\"twitter:data1\" content=\"2 minuti\" \/>\n<script type=\"application\/ld+json\" class=\"yoast-schema-graph\">{\"@context\":\"https:\/\/schema.org\",\"@graph\":[{\"@type\":\"WebPage\",\"@id\":\"https:\/\/www.ampipointservizimg.it\/?product=agg-rspp-datore-di-lavoro-r-alto\",\"url\":\"https:\/\/www.ampipointservizimg.it\/?product=agg-rspp-datore-di-lavoro-r-alto\",\"name\":\"Aggiornamento RSPP - Datore di Lavoro - Rischio Alto - Ampi Point Servizi emmegi\",\"isPartOf\":{\"@id\":\"https:\/\/www.ampipointservizimg.it\/#website\"},\"primaryImageOfPage\":{\"@id\":\"https:\/\/www.ampipointservizimg.it\/?product=agg-rspp-datore-di-lavoro-r-alto#primaryimage\"},\"image\":{\"@id\":\"https:\/\/www.ampipointservizimg.it\/?product=agg-rspp-datore-di-lavoro-r-alto#primaryimage\"},\"thumbnailUrl\":\"https:\/\/www.ampipointservizimg.it\/wp-content\/uploads\/2022\/03\/modulo-rspp.jpg\",\"datePublished\":\"2022-03-03T16:48:20+00:00\",\"dateModified\":\"2025-07-08T21:16:04+00:00\",\"breadcrumb\":{\"@id\":\"https:\/\/www.ampipointservizimg.it\/?product=agg-rspp-datore-di-lavoro-r-alto#breadcrumb\"},\"inLanguage\":\"it-IT\",\"potentialAction\":[{\"@type\":\"ReadAction\",\"target\":[\"https:\/\/www.ampipointservizimg.it\/?product=agg-rspp-datore-di-lavoro-r-alto\"]}]},{\"@type\":\"ImageObject\",\"inLanguage\":\"it-IT\",\"@id\":\"https:\/\/www.ampipointservizimg.it\/?product=agg-rspp-datore-di-lavoro-r-alto#primaryimage\",\"url\":\"https:\/\/www.ampipointservizimg.it\/wp-content\/uploads\/2022\/03\/modulo-rspp.jpg\",\"contentUrl\":\"https:\/\/www.ampipointservizimg.it\/wp-content\/uploads\/2022\/03\/modulo-rspp.jpg\",\"width\":300,\"height\":300},{\"@type\":\"BreadcrumbList\",\"@id\":\"https:\/\/www.ampipointservizimg.it\/?product=agg-rspp-datore-di-lavoro-r-alto#breadcrumb\",\"itemListElement\":[{\"@type\":\"ListItem\",\"position\":1,\"name\":\"Home\",\"item\":\"https:\/\/www.ampipointservizimg.it\/\"},{\"@type\":\"ListItem\",\"position\":2,\"name\":\"Shop\",\"item\":\"https:\/\/www.ampipointservizimg.it\/?page_id=91\"},{\"@type\":\"ListItem\",\"position\":3,\"name\":\"Aggiornamento RSPP &#8211; Datore di Lavoro &#8211; Rischio Alto\"}]},{\"@type\":\"WebSite\",\"@id\":\"https:\/\/www.ampipointservizimg.it\/#website\",\"url\":\"https:\/\/www.ampipointservizimg.it\/\",\"name\":\"Ampi Point Servizi emmegi\",\"description\":\"\",\"publisher\":{\"@id\":\"https:\/\/www.ampipointservizimg.it\/#organization\"},\"potentialAction\":[{\"@type\":\"SearchAction\",\"target\":{\"@type\":\"EntryPoint\",\"urlTemplate\":\"https:\/\/www.ampipointservizimg.it\/?s={search_term_string}\"},\"query-input\":{\"@type\":\"PropertyValueSpecification\",\"valueRequired\":true,\"valueName\":\"search_term_string\"}}],\"inLanguage\":\"it-IT\"},{\"@type\":\"Organization\",\"@id\":\"https:\/\/www.ampipointservizimg.it\/#organization\",\"name\":\"Sviluppo Qualit\u00e0\",\"alternateName\":\"Sviluppo Qualit\u00e0\",\"url\":\"https:\/\/www.ampipointservizimg.it\/\",\"logo\":{\"@type\":\"ImageObject\",\"inLanguage\":\"it-IT\",\"@id\":\"https:\/\/www.ampipointservizimg.it\/#\/schema\/logo\/image\/\",\"url\":\"https:\/\/www.ampipointservizimg.it\/wp-content\/uploads\/2025\/06\/cropped-logo_con_ampi-1.png\",\"contentUrl\":\"https:\/\/www.ampipointservizimg.it\/wp-content\/uploads\/2025\/06\/cropped-logo_con_ampi-1.png\",\"width\":2269,\"height\":544,\"caption\":\"Sviluppo Qualit\u00e0\"},\"image\":{\"@id\":\"https:\/\/www.ampipointservizimg.it\/#\/schema\/logo\/image\/\"}}]}<\/script>\n<!-- \/ Yoast SEO plugin. -->","yoast_head_json":{"title":"Aggiornamento RSPP - Datore di Lavoro - Rischio Alto - Ampi Point Servizi emmegi","robots":{"index":"index","follow":"follow","max-snippet":"max-snippet:-1","max-image-preview":"max-image-preview:large","max-video-preview":"max-video-preview:-1"},"canonical":"https:\/\/www.ampipointservizimg.it\/?product=agg-rspp-datore-di-lavoro-r-alto","og_locale":"it_IT","og_type":"article","og_title":"Aggiornamento RSPP - Datore di Lavoro - Rischio Alto - Ampi Point Servizi emmegi","og_description":"\u00a0 \u00a0 Visualizza Scheda Tecnica in PDF Titolo Aggiornamento RSPP\/Datore di lavoro rischio alto Destinatari Il corso rappresenta l\u2019aggiornamento della formazione per il Datore di Lavoro che intende svolgere i compiti propri del Responsabile del Servizio di Prevenzione e Protezione (RSPP) nella propria azienda, ai sensi dell&#8217;art 34 del D.lgs.81\/08 e disciplinato nei contenuti dall&#8217;Accordo Stato Regioni del 21\/12\/2011 (Rep. [&hellip;]","og_url":"https:\/\/www.ampipointservizimg.it\/?product=agg-rspp-datore-di-lavoro-r-alto","og_site_name":"Ampi Point Servizi emmegi","article_modified_time":"2025-07-08T21:16:04+00:00","og_image":[{"width":300,"height":300,"url":"https:\/\/www.ampipointservizimg.it\/wp-content\/uploads\/2022\/03\/modulo-rspp.jpg","type":"image\/jpeg"}],"twitter_card":"summary_large_image","twitter_misc":{"Tempo di lettura stimato":"2 minuti"},"schema":{"@context":"https:\/\/schema.org","@graph":[{"@type":"WebPage","@id":"https:\/\/www.ampipointservizimg.it\/?product=agg-rspp-datore-di-lavoro-r-alto","url":"https:\/\/www.ampipointservizimg.it\/?product=agg-rspp-datore-di-lavoro-r-alto","name":"Aggiornamento RSPP - Datore di Lavoro - Rischio Alto - Ampi Point Servizi emmegi","isPartOf":{"@id":"https:\/\/www.ampipointservizimg.it\/#website"},"primaryImageOfPage":{"@id":"https:\/\/www.ampipointservizimg.it\/?product=agg-rspp-datore-di-lavoro-r-alto#primaryimage"},"image":{"@id":"https:\/\/www.ampipointservizimg.it\/?product=agg-rspp-datore-di-lavoro-r-alto#primaryimage"},"thumbnailUrl":"https:\/\/www.ampipointservizimg.it\/wp-content\/uploads\/2022\/03\/modulo-rspp.jpg","datePublished":"2022-03-03T16:48:20+00:00","dateModified":"2025-07-08T21:16:04+00:00","breadcrumb":{"@id":"https:\/\/www.ampipointservizimg.it\/?product=agg-rspp-datore-di-lavoro-r-alto#breadcrumb"},"inLanguage":"it-IT","potentialAction":[{"@type":"ReadAction","target":["https:\/\/www.ampipointservizimg.it\/?product=agg-rspp-datore-di-lavoro-r-alto"]}]},{"@type":"ImageObject","inLanguage":"it-IT","@id":"https:\/\/www.ampipointservizimg.it\/?product=agg-rspp-datore-di-lavoro-r-alto#primaryimage","url":"https:\/\/www.ampipointservizimg.it\/wp-content\/uploads\/2022\/03\/modulo-rspp.jpg","contentUrl":"https:\/\/www.ampipointservizimg.it\/wp-content\/uploads\/2022\/03\/modulo-rspp.jpg","width":300,"height":300},{"@type":"BreadcrumbList","@id":"https:\/\/www.ampipointservizimg.it\/?product=agg-rspp-datore-di-lavoro-r-alto#breadcrumb","itemListElement":[{"@type":"ListItem","position":1,"name":"Home","item":"https:\/\/www.ampipointservizimg.it\/"},{"@type":"ListItem","position":2,"name":"Shop","item":"https:\/\/www.ampipointservizimg.it\/?page_id=91"},{"@type":"ListItem","position":3,"name":"Aggiornamento RSPP &#8211; Datore di Lavoro &#8211; Rischio Alto"}]},{"@type":"WebSite","@id":"https:\/\/www.ampipointservizimg.it\/#website","url":"https:\/\/www.ampipointservizimg.it\/","name":"Ampi Point Servizi emmegi","description":"","publisher":{"@id":"https:\/\/www.ampipointservizimg.it\/#organization"},"potentialAction":[{"@type":"SearchAction","target":{"@type":"EntryPoint","urlTemplate":"https:\/\/www.ampipointservizimg.it\/?s={search_term_string}"},"query-input":{"@type":"PropertyValueSpecification","valueRequired":true,"valueName":"search_term_string"}}],"inLanguage":"it-IT"},{"@type":"Organization","@id":"https:\/\/www.ampipointservizimg.it\/#organization","name":"Sviluppo Qualit\u00e0","alternateName":"Sviluppo Qualit\u00e0","url":"https:\/\/www.ampipointservizimg.it\/","logo":{"@type":"ImageObject","inLanguage":"it-IT","@id":"https:\/\/www.ampipointservizimg.it\/#\/schema\/logo\/image\/","url":"https:\/\/www.ampipointservizimg.it\/wp-content\/uploads\/2025\/06\/cropped-logo_con_ampi-1.png","contentUrl":"https:\/\/www.ampipointservizimg.it\/wp-content\/uploads\/2025\/06\/cropped-logo_con_ampi-1.png","width":2269,"height":544,"caption":"Sviluppo Qualit\u00e0"},"image":{"@id":"https:\/\/www.ampipointservizimg.it\/#\/schema\/logo\/image\/"}}]}},"_links":{"self":[{"href":"https:\/\/www.ampipointservizimg.it\/index.php?rest_route=\/wp\/v2\/product\/674","targetHints":{"allow":["GET"]}}],"collection":[{"href":"https:\/\/www.ampipointservizimg.it\/index.php?rest_route=\/wp\/v2\/product"}],"about":[{"href":"https:\/\/www.ampipointservizimg.it\/index.php?rest_route=\/wp\/v2\/types\/product"}],"wp:featuredmedia":[{"embeddable":true,"href":"https:\/\/www.ampipointservizimg.it\/index.php?rest_route=\/wp\/v2\/media\/673"}],"wp:attachment":[{"href":"https:\/\/www.ampipointservizimg.it\/index.php?rest_route=%2Fwp%2Fv2%2Fmedia&parent=674"}],"wp:term":[{"taxonomy":"product_brand","embeddable":true,"href":"https:\/\/www.ampipointservizimg.it\/index.php?rest_route=%2Fwp%2Fv2%2Fproduct_brand&post=674"},{"taxonomy":"product_cat","embeddable":true,"href":"https:\/\/www.ampipointservizimg.it\/index.php?rest_route=%2Fwp%2Fv2%2Fproduct_cat&post=674"},{"taxonomy":"product_tag","embeddable":true,"href":"https:\/\/www.ampipointservizimg.it\/index.php?rest_route=%2Fwp%2Fv2%2Fproduct_tag&post=674"}],"curies":[{"name":"wp","href":"https:\/\/api.w.org\/{rel}","templated":true}]}}