{"id":678,"date":"2022-03-03T17:49:10","date_gmt":"2022-03-03T16:49:10","guid":{"rendered":"https:\/\/new.sviluppoqualita.it\/prodotto\/rspp-datore-di-lavoro-r-medio\/"},"modified":"2025-07-08T23:16:04","modified_gmt":"2025-07-08T21:16:04","slug":"rspp-datore-di-lavoro-r-medio","status":"publish","type":"product","link":"https:\/\/www.ampipointservizimg.it\/?product=rspp-datore-di-lavoro-r-medio","title":{"rendered":"RSPP &#8211; Datore di Lavoro &#8211; Rischio Medio"},"content":{"rendered":"<div id=\"div-scarica-scheda-tecnica\" style=\"text-align: center; padding: 7px; color: white; padding-top: 10px;\"><!-- blu 094775 rosso d1222b --> <a style=\"padding: 10px; border: 1px solid #dddddd; background-color: #d1222b; color: white;\" href=\"https:\/\/www.networkgtc.it\/wp-content\/uploads\/2019\/08\/9-RSPP_Datore-di-lavoro-rischio-medio.pdf\" target=\"_blank\" rel=\"noopener noreferrer\"> <i class=\"fa fa-file-pdf-o\" style=\"padding-left: 5px; ;color: white;\"><\/i> \u00a0 <span style=\"border-left: 1px solid white;\"> \u00a0 Visualizza Scheda Tecnica in PDF<\/span><\/a><\/div>\n<table class=\"tabella-scheda-tecnica-networkgtc\" style=\"width: 80.6691%;\">\n<tbody>\n<tr>\n<td style=\"width: 20.146%; border-width: 1pt; border-style: solid;\">\n<p class=\"s1\" style=\"padding-left: 15pt; padding-right: 18pt; text-indent: 0pt; text-align: center;\">Titolo<\/p>\n<\/td>\n<td style=\"width: 116.496%; border-width: 1pt; border-style: solid;\">\n<p class=\"s2\" style=\"padding-top: 10pt; padding-left: 5pt; text-indent: 0pt; text-align: left;\">Corso di formazione per RSPP\/Datore di lavoro rischio medio<\/p>\n<\/td>\n<\/tr>\n<tr>\n<td style=\"width: 20.146%; border-width: 1pt; border-style: solid;\">\n<p class=\"s1\" style=\"padding-left: 15pt; padding-right: 18pt; text-indent: 0pt; text-align: center;\">Destinatari<\/p>\n<\/td>\n<td style=\"width: 116.496%; border-width: 1pt; border-style: solid;\">\n<p class=\"s3\" style=\"padding-left: 7pt; padding-right: 3pt; text-indent: 0pt; line-height: 114%; text-align: justify;\">Il corso rappresenta il percorso di formazione per il Datore di Lavoro che intende svolgere i compiti propri del Responsabile del Servizio di <a href=\"https:\/\/shop.networkgtc.it\/product-category\/formazione\/sicurezza\/formazione-corsi-sicurezza-d-lgs-8108-datoriali\/\">Prevenzione e Protezione<\/a> (RSPP) nella propria azienda, ai sensi dell&#8217;art 34 del D.lgs.81\/08 e disciplinato nei contenuti dall&#8217;Accordo Stato Regioni del 21\/12\/2011 (Rep. Atti n. 223\/CSR) (G.U. n. 8 del 11-1-2012 ). Esso si rivolge a tutti i datori di lavoro di aziende classificate a rischio medio cos\u00ec come individuato all\u2019allegato 2\u00b0 dell\u2019 Accordo Stato Regioni 223 del 21-12-2011.<\/p>\n<\/td>\n<\/tr>\n<tr>\n<td style=\"width: 20.146%; border-width: 1pt; border-style: solid; text-align: center;\">Obiettivi e Finalit\u00e0<\/td>\n<td style=\"width: 116.496%; border-width: 1pt; border-style: solid;\">\n<p class=\"s3\" style=\"padding-top: 4pt; padding-left: 5pt; padding-right: 4pt; text-indent: 0pt; line-height: 114%; text-align: justify;\">L&#8217;obiettivo della formazione per Datori di Lavoro che intendono svolgere il ruolo di RSPP, in rispetto dell&#8217;Accordo Stato Regioni del 21\/12\/2001 (Rep. Atti n. 223\/CSR) (G.U. n. 8 del 11-1-2012 ) e D.lgs. 81\/08 \u00e8 fornire conoscenze e metodi ritenuti indispensabili per affrontare e risolvere le problematiche connesse all&#8217;attuazione e alla gestione della sicurezza e salute sul lavoro. Sviluppare capacit\u00e0 analitiche (formazione per l&#8217;individuazione dei rischi), progettuali (formazione per la riduzione o l\u2019eliminazione dei rischi), decisionali (scelta di interventi preventivi adeguati).<\/p>\n<\/td>\n<\/tr>\n<tr>\n<td style=\"width: 20.146%; border-width: 1pt; border-style: solid; text-align: center;\">Normativa di riferimento<\/td>\n<td style=\"width: 116.496%; border-width: 1pt; border-style: solid;\">\n<ul>\n<li>D.lgs. 81\/08 e s.m.i.;<\/li>\n<li>D.M. 16.01.1997;<\/li>\n<li>D.lgs. 195\/03;<\/li>\n<li>Accordo Stato \u2013 Regioni del 21\/12\/2011;<\/li>\n<li>Accordo Stato \u2013 Regioni del 07\/07\/2016.<\/li>\n<\/ul>\n<\/td>\n<\/tr>\n<tr>\n<td style=\"width: 20.146%; border-width: 1pt; border-style: solid; text-align: center;\">Requisiti di ammissione<\/td>\n<td style=\"width: 116.496%; border-width: 1pt; border-style: solid;\">\n<p class=\"s3\" style=\"padding-top: 3pt; padding-left: 7pt; text-indent: 0pt; text-align: left;\">Datori di lavoro.<\/p>\n<\/td>\n<\/tr>\n<tr>\n<td style=\"width: 20.146%; border-width: 1pt; border-style: solid; text-align: center;\">Durata e modalit\u00e0<\/td>\n<td style=\"width: 116.496%; border-width: 1pt; border-style: solid;\">\n<p class=\"s3\" style=\"padding-top: 4pt; padding-left: 7pt; text-indent: 0pt; line-height: 113%; text-align: left;\">Il corso ha una durata di 32 ore erogabile in modalit\u00e0 blended (16 ore in e-learning + 16 ore in aula).<\/p>\n<\/td>\n<\/tr>\n<tr>\n<td style=\"width: 20.146%; border-width: 1pt; border-style: solid;\">\n<p style=\"text-indent: 0pt; text-align: left;\">\n<\/td>\n<td style=\"width: 116.496%; border-width: 1pt; border-style: solid;\">\n<p class=\"s4\" style=\"padding-top: 2pt; padding-left: 146pt; padding-right: 143pt; text-indent: 0pt; text-align: center;\">DISCIPLINE E CONTENUTI<\/p>\n<\/td>\n<\/tr>\n<tr>\n<td style=\"width: 20.146%; border-width: 1pt; border-style: solid;\">\n<p class=\"s1\" style=\"padding-left: 29pt; padding-right: 7pt; text-indent: -22pt; text-align: left;\">Programma del corso<\/p>\n<\/td>\n<td style=\"width: 116.496%; border-width: 1pt; border-style: solid;\">\n<p class=\"s5\" style=\"padding-top: 4pt; padding-left: 10pt; text-indent: 0pt; line-height: 13pt; text-align: left;\">Modulo 1 &#8211; MODULO GIURIDICO NORMATIVO<\/p>\n<ul>\n<li>Il sistema legislativo in materia di sicurezza dei lavoratori<\/li>\n<li>La responsabilit\u00e0 civile e penale e la tutela assicurativa<\/li>\n<li>La \u00abresponsabilit\u00e0 amministrativa delle persone giuridiche, delle societ\u00e0 e delle associazioni, anche prive di responsabilit\u00e0 giuridica\u00bb ex D.Lgs. n. 231\/2001, e s.m.i.<\/li>\n<li>I soggetti del sistema di prevenzione aziendale (D.lgs 81\/08, compiti, obblighi, responsabilit\u00e0<\/li>\n<li>I sistemi di qualificazione delle imprese<\/li>\n<li>Il sistema istituzionale della prevenzione<\/li>\n<\/ul>\n<\/td>\n<\/tr>\n<tr>\n<td style=\"width: 20.146%; border-width: 1pt; border-style: solid;\">\n<p style=\"text-indent: 0pt; text-align: left;\">\n<\/td>\n<td style=\"width: 116.496%; border-width: 1pt; border-style: solid;\">\n<p class=\"s5\" style=\"padding-left: 10pt; text-indent: 0pt; text-align: left;\">Modulo 2 &#8211; MODULO GESTIONALE \u2013 Gestione e organizzazione della sicurezza<\/p>\n<ul>\n<li>I criteri e gli strumenti per l&#8217;individuazione e la valutazione dei rischi;<\/li>\n<li>La considerazione degli infortuni mancati e delle modalit\u00e0 di accadimento degli stessi;<\/li>\n<li>La considerazione delle risultanze delle attivit\u00e0 di partecipazione dei lavoratori;<\/li>\n<li>Il documento di valutazione dei rischi (contenuti, specificit\u00e0 e metodologie);<\/li>\n<li>I modelli di organizzazione e gestione della sicurezza;<\/li>\n<li>Gli obblighi connessi ai contratti di appalto o d&#8217;opera o di somministrazione;<\/li>\n<li>Il documento unico di valutazione dei rischi da interferenza;<\/li>\n<li>La gestione della documentazione tecnico amministrativa;<\/li>\n<li>L&#8217;organizzazione della prevenzione incendi, del primo soccorso e della gestione delle emergenze.<\/li>\n<\/ul>\n<p class=\"s5\" style=\"padding-left: 16pt; text-indent: 0pt; text-align: left;\">Modulo 3 &#8211; MODULO TECNICO: Individuazione e valutazione dei rischi<\/p>\n<p class=\"s3\">I principali fattori di rischio e le relative misure tecniche, organizzative e procedurali di prevenzione e protezione:<\/p>\n<p class=\"s3\" style=\"padding-left: 58pt; text-indent: 0pt; text-align: left;\">-Movimentazione carichi<\/p>\n<p class=\"s3\" style=\"padding-top: 1pt; padding-left: 58pt; text-indent: 0pt; text-align: left;\">-Microclima<\/p>\n<p class=\"s3\" style=\"padding-top: 2pt; padding-left: 58pt; text-indent: 0pt; text-align: left;\">-Rumore<\/p>\n<p class=\"s3\" style=\"padding-top: 2pt; padding-left: 58pt; text-indent: 0pt; text-align: left;\">-Macchine<\/p>\n<p class=\"s3\" style=\"padding-top: 1pt; padding-left: 58pt; text-indent: 0pt; text-align: left;\">-Chimico<\/p>\n<p class=\"s3\" style=\"padding-top: 2pt; padding-left: 58pt; text-indent: 0pt; text-align: left;\">-Biologico<\/p>\n<ul>\n<li>Il rischio da stress lavoro-correlato;<\/li>\n<li>I rischi ricollegabili al genere, all&#8217;et\u00e0 e alla provenienza da altri paesi;<\/li>\n<li>I dispositivi di protezione individuale;<\/li>\n<li>La sorveglianza sanitaria.<\/li>\n<\/ul>\n<p class=\"s5\" style=\"padding-top: 12pt; padding-left: 16pt; text-indent: 0pt; text-align: left;\">Modulo 4 &#8211; MODULO RELAZIONALE: formazione e consultazione dei lavoratori<\/p>\n<ul>\n<li>L&#8217;informazione, la formazione e l&#8217;addestramento;<\/li>\n<li>Le tecniche di comunicazione;<\/li>\n<li>Il sistema delle relazioni aziendali e della comunicazione in azienda;<\/li>\n<li>La consultazione e la partecipazione dei rappresentanti dei lavoratori per la sicurezza;<\/li>\n<li>Natura, funzioni e modalit\u00e0 di nomina o di elezione dei rappresentanti dei lavoratori per la sicurezza.<\/li>\n<\/ul>\n<\/td>\n<\/tr>\n<tr>\n<td style=\"width: 20.146%; border-width: 1pt; border-style: solid; text-align: center;\">Valutazione<\/td>\n<td style=\"width: 116.496%; border-width: 1pt; border-style: solid;\">\n<p class=\"s3\" style=\"padding-left: 7pt; padding-right: 9pt; text-indent: 0pt; line-height: 115%; text-align: left;\">La valutazione verr\u00e0 effettuata mediante una verifica di apprendimento in aula (esame finale).<\/p>\n<\/td>\n<\/tr>\n<tr>\n<td style=\"width: 20.146%; border-width: 1pt; border-style: solid; text-align: center;\">Attestato Formativo Rilasciato<\/td>\n<td style=\"width: 116.496%; border-width: 1pt; border-style: solid;\">\n<p class=\"s3\" style=\"padding-top: 4pt; padding-left: 7pt; text-indent: 0pt; text-align: left;\">Attestato di frequenza \u201cRSPP\/Datore di lavoro rischio medio\u201d di 32 ore.<\/p>\n<\/td>\n<\/tr>\n<tr>\n<td style=\"width: 20.146%; border-width: 1pt; border-style: solid;\">\n<p class=\"s1\" style=\"padding-top: 9pt; padding-left: 15pt; padding-right: 18pt; text-indent: 0pt; text-align: center;\">Docenza<\/p>\n<\/td>\n<td style=\"width: 116.496%; border-width: 1pt; border-style: solid;\">\n<p class=\"s3\" style=\"padding-left: 7pt; padding-right: 22pt; text-indent: 0pt; line-height: 115%; text-align: justify;\">Docenti in possesso dei requisiti previsti dal decreto interministeriale 6 marzo 2013, emanato in attuazione dell&#8217;articolo 6, comma 8, lettera m bis), del d.lgs. n. 81\/2008, entrato in vigore il 18 marzo 2014.<\/p>\n<\/td>\n<\/tr>\n<tr>\n<td style=\"width: 20.146%; border-width: 1pt; border-style: solid;\">\n<p class=\"s1\" style=\"padding-top: 9pt; padding-left: 15pt; padding-right: 18pt; text-indent: 0pt; text-align: center;\">Sede<\/p>\n<\/td>\n<td style=\"width: 116.496%; border-width: 1pt; border-style: solid;\">\n<p class=\"s3\" style=\"padding-left: 7pt; padding-right: 4pt; text-indent: 0pt; line-height: 115%; text-align: justify;\">Per lo svolgimento in aula il corso sar\u00e0 erogato, secondo un calendario prestabilito, in una delle sedi pi\u00f9 vicine dislocate sul territorio nazionale. \u00c8 possibile ammettere un numero massimo di partecipanti ad ogni corso pari a 35 unit\u00e0.<\/p>\n<\/td>\n<\/tr>\n<\/tbody>\n<\/table>\n","protected":false},"excerpt":{"rendered":"<p>\u00a0 \u00a0 Visualizza Scheda Tecnica in PDF Titolo Corso di formazione per RSPP\/Datore di lavoro rischio medio Destinatari Il corso rappresenta il percorso di formazione per il Datore di Lavoro che intende svolgere i compiti propri del Responsabile del Servizio di Prevenzione e Protezione (RSPP) nella propria azienda, ai sensi dell&#8217;art 34 del D.lgs.81\/08 e disciplinato nei contenuti dall&#8217;Accordo Stato [&hellip;]<\/p>\n","protected":false},"featured_media":673,"template":"","meta":[],"product_brand":[],"product_cat":[28,916],"product_tag":[39,471],"class_list":{"0":"post-678","1":"product","2":"type-product","3":"status-publish","4":"has-post-thumbnail","6":"product_cat-corsi-sicurezza-d-lgs-81-08","7":"product_cat-blended","8":"product_tag-corsi-sicurezza-d-lgs-81-08-datoriali-e-per-professionisti","9":"product_tag-corso-32-ore","11":"first","12":"instock","13":"taxable","14":"shipping-taxable","15":"product-type-simple"},"yoast_head":"<!-- This site is optimized with the Yoast SEO plugin v25.4 - https:\/\/yoast.com\/wordpress\/plugins\/seo\/ -->\n<title>RSPP - Datore di Lavoro - Rischio Medio - Ampi Point Servizi emmegi<\/title>\n<meta name=\"robots\" content=\"index, follow, max-snippet:-1, max-image-preview:large, max-video-preview:-1\" \/>\n<link rel=\"canonical\" href=\"https:\/\/www.ampipointservizimg.it\/?product=rspp-datore-di-lavoro-r-medio\" \/>\n<meta property=\"og:locale\" content=\"it_IT\" \/>\n<meta property=\"og:type\" content=\"article\" \/>\n<meta property=\"og:title\" content=\"RSPP - Datore di Lavoro - Rischio Medio - Ampi Point Servizi emmegi\" \/>\n<meta property=\"og:description\" content=\"\u00a0 \u00a0 Visualizza Scheda Tecnica in PDF Titolo Corso di formazione per RSPP\/Datore di lavoro rischio medio Destinatari Il corso rappresenta il percorso di formazione per il Datore di Lavoro che intende svolgere i compiti propri del Responsabile del Servizio di Prevenzione e Protezione (RSPP) nella propria azienda, ai sensi dell&#8217;art 34 del D.lgs.81\/08 e disciplinato nei contenuti dall&#8217;Accordo Stato [&hellip;]\" \/>\n<meta property=\"og:url\" content=\"https:\/\/www.ampipointservizimg.it\/?product=rspp-datore-di-lavoro-r-medio\" \/>\n<meta property=\"og:site_name\" content=\"Ampi Point Servizi emmegi\" \/>\n<meta property=\"article:modified_time\" content=\"2025-07-08T21:16:04+00:00\" \/>\n<meta property=\"og:image\" content=\"https:\/\/www.ampipointservizimg.it\/wp-content\/uploads\/2022\/03\/modulo-rspp.jpg\" \/>\n\t<meta property=\"og:image:width\" content=\"300\" \/>\n\t<meta property=\"og:image:height\" content=\"300\" \/>\n\t<meta property=\"og:image:type\" content=\"image\/jpeg\" \/>\n<meta name=\"twitter:card\" content=\"summary_large_image\" \/>\n<meta name=\"twitter:label1\" content=\"Tempo di lettura stimato\" \/>\n\t<meta name=\"twitter:data1\" content=\"3 minuti\" \/>\n<script type=\"application\/ld+json\" class=\"yoast-schema-graph\">{\"@context\":\"https:\/\/schema.org\",\"@graph\":[{\"@type\":\"WebPage\",\"@id\":\"https:\/\/www.ampipointservizimg.it\/?product=rspp-datore-di-lavoro-r-medio\",\"url\":\"https:\/\/www.ampipointservizimg.it\/?product=rspp-datore-di-lavoro-r-medio\",\"name\":\"RSPP - Datore di Lavoro - Rischio Medio - Ampi Point Servizi emmegi\",\"isPartOf\":{\"@id\":\"https:\/\/www.ampipointservizimg.it\/#website\"},\"primaryImageOfPage\":{\"@id\":\"https:\/\/www.ampipointservizimg.it\/?product=rspp-datore-di-lavoro-r-medio#primaryimage\"},\"image\":{\"@id\":\"https:\/\/www.ampipointservizimg.it\/?product=rspp-datore-di-lavoro-r-medio#primaryimage\"},\"thumbnailUrl\":\"https:\/\/www.ampipointservizimg.it\/wp-content\/uploads\/2022\/03\/modulo-rspp.jpg\",\"datePublished\":\"2022-03-03T16:49:10+00:00\",\"dateModified\":\"2025-07-08T21:16:04+00:00\",\"breadcrumb\":{\"@id\":\"https:\/\/www.ampipointservizimg.it\/?product=rspp-datore-di-lavoro-r-medio#breadcrumb\"},\"inLanguage\":\"it-IT\",\"potentialAction\":[{\"@type\":\"ReadAction\",\"target\":[\"https:\/\/www.ampipointservizimg.it\/?product=rspp-datore-di-lavoro-r-medio\"]}]},{\"@type\":\"ImageObject\",\"inLanguage\":\"it-IT\",\"@id\":\"https:\/\/www.ampipointservizimg.it\/?product=rspp-datore-di-lavoro-r-medio#primaryimage\",\"url\":\"https:\/\/www.ampipointservizimg.it\/wp-content\/uploads\/2022\/03\/modulo-rspp.jpg\",\"contentUrl\":\"https:\/\/www.ampipointservizimg.it\/wp-content\/uploads\/2022\/03\/modulo-rspp.jpg\",\"width\":300,\"height\":300},{\"@type\":\"BreadcrumbList\",\"@id\":\"https:\/\/www.ampipointservizimg.it\/?product=rspp-datore-di-lavoro-r-medio#breadcrumb\",\"itemListElement\":[{\"@type\":\"ListItem\",\"position\":1,\"name\":\"Home\",\"item\":\"https:\/\/www.ampipointservizimg.it\/\"},{\"@type\":\"ListItem\",\"position\":2,\"name\":\"Shop\",\"item\":\"https:\/\/www.ampipointservizimg.it\/?page_id=91\"},{\"@type\":\"ListItem\",\"position\":3,\"name\":\"RSPP &#8211; Datore di Lavoro &#8211; Rischio Medio\"}]},{\"@type\":\"WebSite\",\"@id\":\"https:\/\/www.ampipointservizimg.it\/#website\",\"url\":\"https:\/\/www.ampipointservizimg.it\/\",\"name\":\"Ampi Point Servizi emmegi\",\"description\":\"\",\"publisher\":{\"@id\":\"https:\/\/www.ampipointservizimg.it\/#organization\"},\"potentialAction\":[{\"@type\":\"SearchAction\",\"target\":{\"@type\":\"EntryPoint\",\"urlTemplate\":\"https:\/\/www.ampipointservizimg.it\/?s={search_term_string}\"},\"query-input\":{\"@type\":\"PropertyValueSpecification\",\"valueRequired\":true,\"valueName\":\"search_term_string\"}}],\"inLanguage\":\"it-IT\"},{\"@type\":\"Organization\",\"@id\":\"https:\/\/www.ampipointservizimg.it\/#organization\",\"name\":\"Sviluppo Qualit\u00e0\",\"alternateName\":\"Sviluppo Qualit\u00e0\",\"url\":\"https:\/\/www.ampipointservizimg.it\/\",\"logo\":{\"@type\":\"ImageObject\",\"inLanguage\":\"it-IT\",\"@id\":\"https:\/\/www.ampipointservizimg.it\/#\/schema\/logo\/image\/\",\"url\":\"https:\/\/www.ampipointservizimg.it\/wp-content\/uploads\/2025\/06\/cropped-logo_con_ampi-1.png\",\"contentUrl\":\"https:\/\/www.ampipointservizimg.it\/wp-content\/uploads\/2025\/06\/cropped-logo_con_ampi-1.png\",\"width\":2269,\"height\":544,\"caption\":\"Sviluppo Qualit\u00e0\"},\"image\":{\"@id\":\"https:\/\/www.ampipointservizimg.it\/#\/schema\/logo\/image\/\"}}]}<\/script>\n<!-- \/ Yoast SEO plugin. -->","yoast_head_json":{"title":"RSPP - Datore di Lavoro - Rischio Medio - Ampi Point Servizi emmegi","robots":{"index":"index","follow":"follow","max-snippet":"max-snippet:-1","max-image-preview":"max-image-preview:large","max-video-preview":"max-video-preview:-1"},"canonical":"https:\/\/www.ampipointservizimg.it\/?product=rspp-datore-di-lavoro-r-medio","og_locale":"it_IT","og_type":"article","og_title":"RSPP - Datore di Lavoro - Rischio Medio - Ampi Point Servizi emmegi","og_description":"\u00a0 \u00a0 Visualizza Scheda Tecnica in PDF Titolo Corso di formazione per RSPP\/Datore di lavoro rischio medio Destinatari Il corso rappresenta il percorso di formazione per il Datore di Lavoro che intende svolgere i compiti propri del Responsabile del Servizio di Prevenzione e Protezione (RSPP) nella propria azienda, ai sensi dell&#8217;art 34 del D.lgs.81\/08 e disciplinato nei contenuti dall&#8217;Accordo Stato [&hellip;]","og_url":"https:\/\/www.ampipointservizimg.it\/?product=rspp-datore-di-lavoro-r-medio","og_site_name":"Ampi Point Servizi emmegi","article_modified_time":"2025-07-08T21:16:04+00:00","og_image":[{"width":300,"height":300,"url":"https:\/\/www.ampipointservizimg.it\/wp-content\/uploads\/2022\/03\/modulo-rspp.jpg","type":"image\/jpeg"}],"twitter_card":"summary_large_image","twitter_misc":{"Tempo di lettura stimato":"3 minuti"},"schema":{"@context":"https:\/\/schema.org","@graph":[{"@type":"WebPage","@id":"https:\/\/www.ampipointservizimg.it\/?product=rspp-datore-di-lavoro-r-medio","url":"https:\/\/www.ampipointservizimg.it\/?product=rspp-datore-di-lavoro-r-medio","name":"RSPP - Datore di Lavoro - Rischio Medio - Ampi Point Servizi emmegi","isPartOf":{"@id":"https:\/\/www.ampipointservizimg.it\/#website"},"primaryImageOfPage":{"@id":"https:\/\/www.ampipointservizimg.it\/?product=rspp-datore-di-lavoro-r-medio#primaryimage"},"image":{"@id":"https:\/\/www.ampipointservizimg.it\/?product=rspp-datore-di-lavoro-r-medio#primaryimage"},"thumbnailUrl":"https:\/\/www.ampipointservizimg.it\/wp-content\/uploads\/2022\/03\/modulo-rspp.jpg","datePublished":"2022-03-03T16:49:10+00:00","dateModified":"2025-07-08T21:16:04+00:00","breadcrumb":{"@id":"https:\/\/www.ampipointservizimg.it\/?product=rspp-datore-di-lavoro-r-medio#breadcrumb"},"inLanguage":"it-IT","potentialAction":[{"@type":"ReadAction","target":["https:\/\/www.ampipointservizimg.it\/?product=rspp-datore-di-lavoro-r-medio"]}]},{"@type":"ImageObject","inLanguage":"it-IT","@id":"https:\/\/www.ampipointservizimg.it\/?product=rspp-datore-di-lavoro-r-medio#primaryimage","url":"https:\/\/www.ampipointservizimg.it\/wp-content\/uploads\/2022\/03\/modulo-rspp.jpg","contentUrl":"https:\/\/www.ampipointservizimg.it\/wp-content\/uploads\/2022\/03\/modulo-rspp.jpg","width":300,"height":300},{"@type":"BreadcrumbList","@id":"https:\/\/www.ampipointservizimg.it\/?product=rspp-datore-di-lavoro-r-medio#breadcrumb","itemListElement":[{"@type":"ListItem","position":1,"name":"Home","item":"https:\/\/www.ampipointservizimg.it\/"},{"@type":"ListItem","position":2,"name":"Shop","item":"https:\/\/www.ampipointservizimg.it\/?page_id=91"},{"@type":"ListItem","position":3,"name":"RSPP &#8211; Datore di Lavoro &#8211; Rischio Medio"}]},{"@type":"WebSite","@id":"https:\/\/www.ampipointservizimg.it\/#website","url":"https:\/\/www.ampipointservizimg.it\/","name":"Ampi Point Servizi emmegi","description":"","publisher":{"@id":"https:\/\/www.ampipointservizimg.it\/#organization"},"potentialAction":[{"@type":"SearchAction","target":{"@type":"EntryPoint","urlTemplate":"https:\/\/www.ampipointservizimg.it\/?s={search_term_string}"},"query-input":{"@type":"PropertyValueSpecification","valueRequired":true,"valueName":"search_term_string"}}],"inLanguage":"it-IT"},{"@type":"Organization","@id":"https:\/\/www.ampipointservizimg.it\/#organization","name":"Sviluppo Qualit\u00e0","alternateName":"Sviluppo Qualit\u00e0","url":"https:\/\/www.ampipointservizimg.it\/","logo":{"@type":"ImageObject","inLanguage":"it-IT","@id":"https:\/\/www.ampipointservizimg.it\/#\/schema\/logo\/image\/","url":"https:\/\/www.ampipointservizimg.it\/wp-content\/uploads\/2025\/06\/cropped-logo_con_ampi-1.png","contentUrl":"https:\/\/www.ampipointservizimg.it\/wp-content\/uploads\/2025\/06\/cropped-logo_con_ampi-1.png","width":2269,"height":544,"caption":"Sviluppo Qualit\u00e0"},"image":{"@id":"https:\/\/www.ampipointservizimg.it\/#\/schema\/logo\/image\/"}}]}},"_links":{"self":[{"href":"https:\/\/www.ampipointservizimg.it\/index.php?rest_route=\/wp\/v2\/product\/678","targetHints":{"allow":["GET"]}}],"collection":[{"href":"https:\/\/www.ampipointservizimg.it\/index.php?rest_route=\/wp\/v2\/product"}],"about":[{"href":"https:\/\/www.ampipointservizimg.it\/index.php?rest_route=\/wp\/v2\/types\/product"}],"wp:featuredmedia":[{"embeddable":true,"href":"https:\/\/www.ampipointservizimg.it\/index.php?rest_route=\/wp\/v2\/media\/673"}],"wp:attachment":[{"href":"https:\/\/www.ampipointservizimg.it\/index.php?rest_route=%2Fwp%2Fv2%2Fmedia&parent=678"}],"wp:term":[{"taxonomy":"product_brand","embeddable":true,"href":"https:\/\/www.ampipointservizimg.it\/index.php?rest_route=%2Fwp%2Fv2%2Fproduct_brand&post=678"},{"taxonomy":"product_cat","embeddable":true,"href":"https:\/\/www.ampipointservizimg.it\/index.php?rest_route=%2Fwp%2Fv2%2Fproduct_cat&post=678"},{"taxonomy":"product_tag","embeddable":true,"href":"https:\/\/www.ampipointservizimg.it\/index.php?rest_route=%2Fwp%2Fv2%2Fproduct_tag&post=678"}],"curies":[{"name":"wp","href":"https:\/\/api.w.org\/{rel}","templated":true}]}}