{"id":687,"date":"2022-03-03T17:53:09","date_gmt":"2022-03-03T16:53:09","guid":{"rendered":"https:\/\/new.sviluppoqualita.it\/prodotto\/gru-per-autocarro\/"},"modified":"2025-07-08T23:16:04","modified_gmt":"2025-07-08T21:16:04","slug":"gru-per-autocarro","status":"publish","type":"product","link":"https:\/\/www.ampipointservizimg.it\/?product=gru-per-autocarro","title":{"rendered":"Gru per Autocarri"},"content":{"rendered":"<div id=\"div-scarica-scheda-tecnica\" style=\"text-align: center; padding: 7px; color: white; padding-top: 10px;\"><!-- blu 094775 rosso d1222b --> <a style=\"padding: 10px; border: 1px solid #dddddd; background-color: #d1222b; color: white;\" href=\"https:\/\/www.networkgtc.it\/wp-content\/uploads\/2019\/07\/4-Gru-per-autocarro.pdf\"> <i class=\"fa fa-file-pdf-o\" style=\"padding-left: 5px; ;color: white;\"><\/i> \u00a0 <span style=\"border-left: 1px solid white;\"> \u00a0 Visualizza Scheda Tecnica in PDF<\/span><\/a><\/div>\n<table class=\"tabella-scheda-tecnica-networkgtc\" style=\"width: 81.8491%;\">\n<tbody>\n<tr>\n<td style=\"width: 20.146%; border-width: 1pt; border-style: solid;\">\n<p class=\"s1\" style=\"padding-top: 6pt; padding-left: 13pt; padding-right: 16pt; text-indent: 0pt; text-align: center;\">Titolo<\/p>\n<\/td>\n<td style=\"width: 118.54%; border-width: 1pt; border-style: solid;\">\n<p class=\"s2\" style=\"padding-top: 5pt; padding-left: 5pt; text-indent: 0pt; text-align: left;\">Corso per \u201cAddetto alla conduzione di Gru per Autocarro\u201d<\/p>\n<\/td>\n<\/tr>\n<tr>\n<td style=\"width: 20.146%; border-width: 1pt; border-style: solid;\">\n<p class=\"s1\" style=\"padding-top: 6pt; padding-left: 13pt; padding-right: 16pt; text-indent: 0pt; text-align: center;\">Destinatari<\/p>\n<\/td>\n<td style=\"width: 118.54%; border-width: 1pt; border-style: solid;\">\n<p class=\"s3\" style=\"padding-left: 7pt; text-indent: 0pt; line-height: 13pt; text-align: left;\">Operatori Addetto alla conduzione di Gru per Autocarro.<\/p>\n<\/td>\n<\/tr>\n<tr>\n<td style=\"width: 20.146%; border-width: 1pt; border-style: solid;\">\n<p class=\"s1\" style=\"padding-left: 25pt; padding-right: 20pt; text-indent: -6pt; text-align: left;\">Obiettivi e Finalit\u00e0<\/p>\n<\/td>\n<td style=\"width: 118.54%; border-width: 1pt; border-style: solid;\">\n<p class=\"s3\" style=\"padding-left: 7pt; padding-right: 4pt; text-indent: 0pt; line-height: 114%; text-align: justify;\">Il corso assolve agli obblighi indicati nell\u2019articolo 73, comma 4, del D.Lgs. 81\/08 e nell\u2019ultimo accordo Stato Regioni in materia di formazione per l\u2019utilizzo di attrezzature di lavoro per le quali \u00e8 richiesta una specifica abilitazione degli operatori, in particolare per la conduzione delle gru per autocarro, definite come gru a motore comprendente una colonna, che ruota intorno ad una base ed un gruppo di bracci che \u00e8 applicato alla sommit\u00e0 della colonna. La gru \u00e8 montata di regola su un veicolo (eventualmente su un rimorchio, su una trattrice o su una base fissa) ed \u00e8 progettata per caricare e scaricare il veicolo.<\/p>\n<p class=\"s3\" style=\"padding-left: 7pt; text-indent: 0pt; text-align: justify;\">Nello specifico il corso prepara per la <b>conduzione di gru per autocarro<\/b>.<\/p>\n<\/td>\n<\/tr>\n<tr>\n<td style=\"width: 20.146%; border-width: 1pt; border-style: solid; text-align: center;\">Normativa di riferimento<\/td>\n<td style=\"width: 118.54%; border-width: 1pt; border-style: solid;\">\n<ul>\n<li>D. Lgs. 81\/08 e s. s. m. e i.;<\/li>\n<li>Accordo Stato \u2013 Regioni del 22\/02\/2012;<\/li>\n<li>Accordo Stato \u2013 Regioni del 07\/07\/2016.<\/li>\n<\/ul>\n<\/td>\n<\/tr>\n<tr>\n<td style=\"width: 20.146%; border-width: 1pt; border-style: solid; text-align: center;\">Requisiti di ammissione<\/td>\n<td style=\"width: 118.54%; border-width: 1pt; border-style: solid;\">\n<p class=\"s3\" style=\"padding-left: 7pt; text-indent: 0pt; text-align: left;\">Nessun requisito minimo<\/p>\n<\/td>\n<\/tr>\n<tr>\n<td style=\"width: 20.146%; border-width: 1pt; border-style: solid; text-align: center;\">Durata e modalit\u00e0<\/td>\n<td style=\"width: 118.54%; border-width: 1pt; border-style: solid;\">\n<p class=\"s3\" style=\"padding-left: 7pt; text-indent: 0pt; line-height: 115%; text-align: left;\">Durata 12 Ore:<\/p>\n<p class=\"s3\" style=\"padding-left: 7pt; text-indent: 0pt; line-height: 115%; text-align: left;\">1 ora di modulo giuridico-normativo + 3 ore di modulo tecnico + 8 ore di modulo pratico per gru per autocarro;<\/p>\n<p class=\"s3\" style=\"padding-left: 7pt; text-indent: 0pt; line-height: 115%; text-align: left;\">Modalit\u00e0 e-learning oppure aula per il modulo giuridico-normativo e per il modulo tecnico;<\/p>\n<p class=\"s3\" style=\"padding-left: 7pt; text-indent: 0pt; line-height: 115%; text-align: left;\">Le attivit\u00e0 pratiche dovranno essere effettuate in area idonea, come previsto in allegato I dell&#8217;Accordo Stato Regioni 22\/02\/2012, al fine di movimentare\/utilizzare l\u2019attrezzatura di che trattasi in modo adeguato.<\/p>\n<\/td>\n<\/tr>\n<tr>\n<td style=\"width: 20.146%; border-width: 1pt; border-style: solid;\" rowspan=\"2\">\n<p class=\"s1\" style=\"padding-left: 29pt; padding-right: 7pt; text-indent: -22pt; text-align: left;\">Programma del corso<\/p>\n<\/td>\n<td style=\"width: 118.54%; border-width: 1pt; border-style: solid;\">\n<p class=\"s5\" style=\"padding-top: 9pt; padding-left: 139pt; padding-right: 139pt; text-indent: 0pt; text-align: center;\">DISCIPLINE E CONTENUTI<\/p>\n<\/td>\n<\/tr>\n<tr>\n<td style=\"width: 118.54%; border-width: 1pt; border-style: solid;\">\n<p class=\"s4\" style=\"padding-top: 1pt; padding-left: 5pt; text-indent: 0pt; text-align: left;\">Modulo 1 &#8211; giuridico normativo<\/p>\n<ul>\n<li>Cenni di normativa generale in materia di igiene e sicurezza del lavoro con particolare riferimento ai lavori in quota ed all\u2019uso di attrezzature di lavoro per le operazioni di movimentazione dei carichi;<\/li>\n<li>responsabilit\u00e0 dell\u2019operatore.<\/li>\n<\/ul>\n<p>Modulo 2 \u2013 tecnico<\/p>\n<ul>\n<li>Terminologia, caratteristiche delle diverse tipologie di gru per autocarro con riferimento alla posizione di installazione, loro movimenti e equipaggiamenti di sollevamento, modifica delle configurazioni in funzione degli accessori installati.<\/li>\n<li>Nozioni elementari di fisica per poter valutare la massa di un carico e per poter apprezzare le condizioni di equilibrio di un corpo, oltre alla valutazione dei necessari attributi che consentono il mantenimento dell\u2019insieme gru con carico appeso in condizioni di stabilit\u00e0.<\/li>\n<li>Condizioni di stabilit\u00e0 di una gru per autocarro: fattori ed elementi che influenzano la stabilit\u00e0.<\/li>\n<li>Caratteristiche principali e principali componenti delle gru per autocarro.<\/li>\n<li>Tipi di allestimento e organi di presa.<\/li>\n<li>Dispositivi di comando a distanza.<\/li>\n<li>Contenuti delle documentazioni e delle targhe segnaletiche in dotazione delle gru per autocarro.<\/li>\n<li>Utilizzo delle tabelle di carico fornite dal costruttore.<\/li>\n<li>Principi di funzionamento, di verifica e di regolazione dei dispositivi limitatori, indicatori, di controllo.<\/li>\n<li>Principi generali per il trasferimento, il posizionamento e la stabilizzazione.<\/li>\n<li>Modalit\u00e0 di utilizzo in sicurezza e rischi: analisi e valutazione dei rischi pi\u00f9 ricorrenti nell\u2019utilizzo delle gru per autocarro (caduta del carico, perdita di stabilit\u00e0 della gru per autocarro, urto di persone con il carico o con la gru, rischi connessi con l\u2019ambiente, quali vento, ostacoli, linee elettriche, ecc., rischi connessi alla non corretta stabilizzazione).<\/li>\n<li>Segnaletica gestuale.<\/li>\n<\/ul>\n<p>Modulo 3 &#8211; pratico<\/p>\n<ul>\n<li>1 Individuazione dei componenti strutturali: base, telalo e controtelaio, sistemi di stabilizzazione, colonna, gruppo bracci.<\/li>\n<li>Dispositivi di comando e di sicurezza: identificazione dei dispositivi di comando (comandi idraulici e elettroidraulici, radiocomandi) e loro funzionamento (spostamento, posizionamento ed operativit\u00e0), identificazione del dispositivi di sicurezza e loro funzione.<\/li>\n<li>Controlli pre-utilizzo: controlli visivi e funzionali della gru per autocarro e dei componenti accessori, dei dispositivi di comando, di segnalazione e di sicurezza, previsti dal costruttore nel manuale di istruzioni dell\u2019attrezzatura. Manovre della gru per autocarro senza carico (sollevamento, estensione, rotazione, ecc.) singole e combinate.<\/li>\n<li>Controlli prima del trasferimento su strada: verifica delle condizioni di assetto (struttura di sollevamento e stabilizzatori).<\/li>\n<li>Pianificazione delle operazioni del sollevamento: condizioni del sito di lavoro (pendenze, condizioni del piano di appoggio), valutazione della massa del carico, determinazione del raggio, configurazione della gru per autocarro, sistemi di imbracatura, ecc.<\/li>\n<li>Posizionamento della gru per autocarro sul luogo di lavoro: posizionamento della gru rispetto al baricentro del carico, delimitazione dell\u2019area di lavoro, segnaletica da predisporre su strade pubbliche, messa in opera di<\/li>\n<li>stabilizzatori, livellamento della gru. Procedure per la messa in opera di accessori, bozzelli, stabilizzatori, jib, ecc.,<\/li>\n<li>Esercitazione di pratiche operative:<\/li>\n<\/ul>\n<ol>\n<li>Effettuazione di esercitazioni di presa\/aggancio del carico per il controllo della rotazione, dell\u2019oscillazione, degli urti e del posizionamento del carico. Operazioni in prossimit\u00e0 di ostacoli fissi o altre gru (interferenza). Movimentazione di carichi di uso comune e carichi di forma particolare quali: carichi lunghi e flessibili, carichi piani con superficie molto ampia, carichi di grandi dimensioni. Manovre di precisione per il sollevamento, il rilascio ed il posizionamento dei carichi in posizioni visibili e non visibili.<\/li>\n<li>Utilizzo di accessori di sollevamento diversi dal gancio (polipo, benna, ecc.). Movimentazione di carichi con accessori di sollevamento speciali. Imbracature di carichi.<\/li>\n<\/ol>\n<ul>\n<li>Manovre di emergenza: effettuazione delle manovre di emergenza per il recupero del carico.<\/li>\n<li>Prove di comunicazione con segnali gestuali e via radio.<\/li>\n<li>Operazioni pratiche per provare il corretto funzionamento dei dispositivi limitatori, indicatori e di posizione.<\/li>\n<li>Esercitazioni sull&#8217;uso sicuro, gestione di situazioni di emergenza e compilazione del registro di controllo.<\/li>\n<li>Messa a riposo della gru per autocarro: procedure per il rimessaggio di accessori, bozzelli, stabilizzatori, jib, ecc.<\/li>\n<\/ul>\n<\/td>\n<\/tr>\n<tr>\n<td style=\"width: 20.146%; border-width: 1pt; border-style: solid;\">\n<p class=\"s1\" style=\"padding-left: 13pt; padding-right: 16pt; text-indent: 0pt; text-align: center;\">Valutazione<\/p>\n<\/td>\n<td style=\"width: 118.54%; border-width: 1pt; border-style: solid;\">\n<p class=\"s3\" style=\"padding-left: 7pt; padding-right: 4pt; text-indent: 0pt; line-height: 114%; text-align: justify;\">Al termine del due moduli teorici (al di fuori del tempi previsti per i moduli teorici) si svolger\u00e0 una prova intermedia di verifica consistente in un questionario a risposta multipla concernente anche quesiti sui DPI. Il superamento della prova, che si intende superata con almeno il 70% delle risposte esatte, consentir\u00e0 il passaggio ai moduli pratici specifici. Il mancato superamento della prova comporta la ripetizione dei due moduli.<\/p>\n<p class=\"s3\" style=\"padding-left: 7pt; padding-right: 4pt; text-indent: 0pt; line-height: 115%; text-align: justify;\">Al termine di ognuno dei moduli pratici (al di fuori dei tempi previsti per i moduli pratici) avr\u00e0 luogo una prova pratica di verifica finale. Il mancato superamento della prova di verifica finale comporta l\u2019obbligo di ripetere il modulo pratico.<\/p>\n<\/td>\n<\/tr>\n<tr>\n<td style=\"width: 20.146%; border-width: 1pt; border-style: solid; text-align: center;\">Attestato Formativo Rilasciato<\/td>\n<td style=\"width: 118.54%; border-width: 1pt; border-style: solid;\">\n<p class=\"s3\" style=\"padding-left: 5pt; text-indent: 0pt; line-height: 13pt; text-align: left;\">Attestato di abilitazione per l\u2019utilizzo delle <b>Gru per Autocarro<\/b>.<\/p>\n<\/td>\n<\/tr>\n<tr>\n<td style=\"width: 20.146%; border-width: 1pt; border-style: solid;\">\n<p class=\"s1\" style=\"padding-left: 13pt; padding-right: 16pt; text-indent: 0pt; text-align: center;\">Docenza<\/p>\n<\/td>\n<td style=\"width: 118.54%; border-width: 1pt; border-style: solid;\">\n<p class=\"s3\" style=\"padding-left: 5pt; padding-right: 4pt; text-indent: 0pt; text-align: justify;\">Personale con esperienza documentata sia nel settore della formazione sia nel settore della prevenzione, sicurezza e salute nei luoghi di lavoro e da personale con esperienza professionale pratica.<\/p>\n<\/td>\n<\/tr>\n<tr>\n<td style=\"width: 20.146%; border-width: 1pt; border-style: solid;\">\n<p class=\"s1\" style=\"padding-left: 13pt; padding-right: 16pt; text-indent: 0pt; text-align: center;\">Sede<\/p>\n<\/td>\n<td style=\"width: 118.54%; border-width: 1pt; border-style: solid;\">\n<p class=\"s3\" style=\"padding-left: 5pt; padding-right: 5pt; text-indent: 0pt; text-align: left;\">Per la parte in aula, il corso sar\u00e0 erogato, secondo un calendario prestabilito, in una delle sedi pi\u00f9 vicine dislocate sul territorio nazionale.<\/p>\n<\/td>\n<\/tr>\n<\/tbody>\n<\/table>\n","protected":false},"excerpt":{"rendered":"<p>\u00a0 \u00a0 Visualizza Scheda Tecnica in PDF Titolo Corso per \u201cAddetto alla conduzione di Gru per Autocarro\u201d Destinatari Operatori Addetto alla conduzione di Gru per Autocarro. Obiettivi e Finalit\u00e0 Il corso assolve agli obblighi indicati nell\u2019articolo 73, comma 4, del D.Lgs. 81\/08 e nell\u2019ultimo accordo Stato Regioni in materia di formazione per l\u2019utilizzo di attrezzature di lavoro per le quali [&hellip;]<\/p>\n","protected":false},"featured_media":537,"template":"","meta":[],"product_brand":[],"product_cat":[28,916],"product_tag":[450,181],"class_list":{"0":"post-687","1":"product","2":"type-product","3":"status-publish","4":"has-post-thumbnail","6":"product_cat-corsi-sicurezza-d-lgs-81-08","7":"product_cat-blended","8":"product_tag-corsi-attrezzature-d-lgs-81-08","9":"product_tag-corso-12-ore","11":"first","12":"instock","13":"taxable","14":"shipping-taxable","15":"product-type-simple"},"yoast_head":"<!-- This site is optimized with the Yoast SEO plugin v25.4 - https:\/\/yoast.com\/wordpress\/plugins\/seo\/ -->\n<title>Gru per Autocarri - Ampi Point Servizi emmegi<\/title>\n<meta name=\"robots\" content=\"index, follow, max-snippet:-1, max-image-preview:large, max-video-preview:-1\" \/>\n<link rel=\"canonical\" href=\"https:\/\/www.ampipointservizimg.it\/?product=gru-per-autocarro\" \/>\n<meta property=\"og:locale\" content=\"it_IT\" \/>\n<meta property=\"og:type\" content=\"article\" \/>\n<meta property=\"og:title\" content=\"Gru per Autocarri - Ampi Point Servizi emmegi\" \/>\n<meta property=\"og:description\" content=\"\u00a0 \u00a0 Visualizza Scheda Tecnica in PDF Titolo Corso per \u201cAddetto alla conduzione di Gru per Autocarro\u201d Destinatari Operatori Addetto alla conduzione di Gru per Autocarro. Obiettivi e Finalit\u00e0 Il corso assolve agli obblighi indicati nell\u2019articolo 73, comma 4, del D.Lgs. 81\/08 e nell\u2019ultimo accordo Stato Regioni in materia di formazione per l\u2019utilizzo di attrezzature di lavoro per le quali [&hellip;]\" \/>\n<meta property=\"og:url\" content=\"https:\/\/www.ampipointservizimg.it\/?product=gru-per-autocarro\" \/>\n<meta property=\"og:site_name\" content=\"Ampi Point Servizi emmegi\" \/>\n<meta property=\"article:modified_time\" content=\"2025-07-08T21:16:04+00:00\" \/>\n<meta property=\"og:image\" content=\"https:\/\/www.ampipointservizimg.it\/wp-content\/uploads\/2022\/03\/gru-per-autocarri-1.jpg\" \/>\n\t<meta property=\"og:image:width\" content=\"300\" \/>\n\t<meta property=\"og:image:height\" content=\"300\" \/>\n\t<meta property=\"og:image:type\" content=\"image\/jpeg\" \/>\n<meta name=\"twitter:card\" content=\"summary_large_image\" \/>\n<meta name=\"twitter:label1\" content=\"Tempo di lettura stimato\" \/>\n\t<meta name=\"twitter:data1\" content=\"5 minuti\" \/>\n<script type=\"application\/ld+json\" class=\"yoast-schema-graph\">{\"@context\":\"https:\/\/schema.org\",\"@graph\":[{\"@type\":\"WebPage\",\"@id\":\"https:\/\/www.ampipointservizimg.it\/?product=gru-per-autocarro\",\"url\":\"https:\/\/www.ampipointservizimg.it\/?product=gru-per-autocarro\",\"name\":\"Gru per Autocarri - Ampi Point Servizi emmegi\",\"isPartOf\":{\"@id\":\"https:\/\/www.ampipointservizimg.it\/#website\"},\"primaryImageOfPage\":{\"@id\":\"https:\/\/www.ampipointservizimg.it\/?product=gru-per-autocarro#primaryimage\"},\"image\":{\"@id\":\"https:\/\/www.ampipointservizimg.it\/?product=gru-per-autocarro#primaryimage\"},\"thumbnailUrl\":\"https:\/\/www.ampipointservizimg.it\/wp-content\/uploads\/2022\/03\/gru-per-autocarri-1.jpg\",\"datePublished\":\"2022-03-03T16:53:09+00:00\",\"dateModified\":\"2025-07-08T21:16:04+00:00\",\"breadcrumb\":{\"@id\":\"https:\/\/www.ampipointservizimg.it\/?product=gru-per-autocarro#breadcrumb\"},\"inLanguage\":\"it-IT\",\"potentialAction\":[{\"@type\":\"ReadAction\",\"target\":[\"https:\/\/www.ampipointservizimg.it\/?product=gru-per-autocarro\"]}]},{\"@type\":\"ImageObject\",\"inLanguage\":\"it-IT\",\"@id\":\"https:\/\/www.ampipointservizimg.it\/?product=gru-per-autocarro#primaryimage\",\"url\":\"https:\/\/www.ampipointservizimg.it\/wp-content\/uploads\/2022\/03\/gru-per-autocarri-1.jpg\",\"contentUrl\":\"https:\/\/www.ampipointservizimg.it\/wp-content\/uploads\/2022\/03\/gru-per-autocarri-1.jpg\",\"width\":300,\"height\":300},{\"@type\":\"BreadcrumbList\",\"@id\":\"https:\/\/www.ampipointservizimg.it\/?product=gru-per-autocarro#breadcrumb\",\"itemListElement\":[{\"@type\":\"ListItem\",\"position\":1,\"name\":\"Home\",\"item\":\"https:\/\/www.ampipointservizimg.it\/\"},{\"@type\":\"ListItem\",\"position\":2,\"name\":\"Shop\",\"item\":\"https:\/\/www.ampipointservizimg.it\/?page_id=91\"},{\"@type\":\"ListItem\",\"position\":3,\"name\":\"Gru per Autocarri\"}]},{\"@type\":\"WebSite\",\"@id\":\"https:\/\/www.ampipointservizimg.it\/#website\",\"url\":\"https:\/\/www.ampipointservizimg.it\/\",\"name\":\"Ampi Point Servizi emmegi\",\"description\":\"\",\"publisher\":{\"@id\":\"https:\/\/www.ampipointservizimg.it\/#organization\"},\"potentialAction\":[{\"@type\":\"SearchAction\",\"target\":{\"@type\":\"EntryPoint\",\"urlTemplate\":\"https:\/\/www.ampipointservizimg.it\/?s={search_term_string}\"},\"query-input\":{\"@type\":\"PropertyValueSpecification\",\"valueRequired\":true,\"valueName\":\"search_term_string\"}}],\"inLanguage\":\"it-IT\"},{\"@type\":\"Organization\",\"@id\":\"https:\/\/www.ampipointservizimg.it\/#organization\",\"name\":\"Sviluppo Qualit\u00e0\",\"alternateName\":\"Sviluppo Qualit\u00e0\",\"url\":\"https:\/\/www.ampipointservizimg.it\/\",\"logo\":{\"@type\":\"ImageObject\",\"inLanguage\":\"it-IT\",\"@id\":\"https:\/\/www.ampipointservizimg.it\/#\/schema\/logo\/image\/\",\"url\":\"https:\/\/www.ampipointservizimg.it\/wp-content\/uploads\/2025\/06\/cropped-logo_con_ampi-1.png\",\"contentUrl\":\"https:\/\/www.ampipointservizimg.it\/wp-content\/uploads\/2025\/06\/cropped-logo_con_ampi-1.png\",\"width\":2269,\"height\":544,\"caption\":\"Sviluppo Qualit\u00e0\"},\"image\":{\"@id\":\"https:\/\/www.ampipointservizimg.it\/#\/schema\/logo\/image\/\"}}]}<\/script>\n<!-- \/ Yoast SEO plugin. -->","yoast_head_json":{"title":"Gru per Autocarri - Ampi Point Servizi emmegi","robots":{"index":"index","follow":"follow","max-snippet":"max-snippet:-1","max-image-preview":"max-image-preview:large","max-video-preview":"max-video-preview:-1"},"canonical":"https:\/\/www.ampipointservizimg.it\/?product=gru-per-autocarro","og_locale":"it_IT","og_type":"article","og_title":"Gru per Autocarri - Ampi Point Servizi emmegi","og_description":"\u00a0 \u00a0 Visualizza Scheda Tecnica in PDF Titolo Corso per \u201cAddetto alla conduzione di Gru per Autocarro\u201d Destinatari Operatori Addetto alla conduzione di Gru per Autocarro. Obiettivi e Finalit\u00e0 Il corso assolve agli obblighi indicati nell\u2019articolo 73, comma 4, del D.Lgs. 81\/08 e nell\u2019ultimo accordo Stato Regioni in materia di formazione per l\u2019utilizzo di attrezzature di lavoro per le quali [&hellip;]","og_url":"https:\/\/www.ampipointservizimg.it\/?product=gru-per-autocarro","og_site_name":"Ampi Point Servizi emmegi","article_modified_time":"2025-07-08T21:16:04+00:00","og_image":[{"width":300,"height":300,"url":"https:\/\/www.ampipointservizimg.it\/wp-content\/uploads\/2022\/03\/gru-per-autocarri-1.jpg","type":"image\/jpeg"}],"twitter_card":"summary_large_image","twitter_misc":{"Tempo di lettura stimato":"5 minuti"},"schema":{"@context":"https:\/\/schema.org","@graph":[{"@type":"WebPage","@id":"https:\/\/www.ampipointservizimg.it\/?product=gru-per-autocarro","url":"https:\/\/www.ampipointservizimg.it\/?product=gru-per-autocarro","name":"Gru per Autocarri - Ampi Point Servizi emmegi","isPartOf":{"@id":"https:\/\/www.ampipointservizimg.it\/#website"},"primaryImageOfPage":{"@id":"https:\/\/www.ampipointservizimg.it\/?product=gru-per-autocarro#primaryimage"},"image":{"@id":"https:\/\/www.ampipointservizimg.it\/?product=gru-per-autocarro#primaryimage"},"thumbnailUrl":"https:\/\/www.ampipointservizimg.it\/wp-content\/uploads\/2022\/03\/gru-per-autocarri-1.jpg","datePublished":"2022-03-03T16:53:09+00:00","dateModified":"2025-07-08T21:16:04+00:00","breadcrumb":{"@id":"https:\/\/www.ampipointservizimg.it\/?product=gru-per-autocarro#breadcrumb"},"inLanguage":"it-IT","potentialAction":[{"@type":"ReadAction","target":["https:\/\/www.ampipointservizimg.it\/?product=gru-per-autocarro"]}]},{"@type":"ImageObject","inLanguage":"it-IT","@id":"https:\/\/www.ampipointservizimg.it\/?product=gru-per-autocarro#primaryimage","url":"https:\/\/www.ampipointservizimg.it\/wp-content\/uploads\/2022\/03\/gru-per-autocarri-1.jpg","contentUrl":"https:\/\/www.ampipointservizimg.it\/wp-content\/uploads\/2022\/03\/gru-per-autocarri-1.jpg","width":300,"height":300},{"@type":"BreadcrumbList","@id":"https:\/\/www.ampipointservizimg.it\/?product=gru-per-autocarro#breadcrumb","itemListElement":[{"@type":"ListItem","position":1,"name":"Home","item":"https:\/\/www.ampipointservizimg.it\/"},{"@type":"ListItem","position":2,"name":"Shop","item":"https:\/\/www.ampipointservizimg.it\/?page_id=91"},{"@type":"ListItem","position":3,"name":"Gru per Autocarri"}]},{"@type":"WebSite","@id":"https:\/\/www.ampipointservizimg.it\/#website","url":"https:\/\/www.ampipointservizimg.it\/","name":"Ampi Point Servizi emmegi","description":"","publisher":{"@id":"https:\/\/www.ampipointservizimg.it\/#organization"},"potentialAction":[{"@type":"SearchAction","target":{"@type":"EntryPoint","urlTemplate":"https:\/\/www.ampipointservizimg.it\/?s={search_term_string}"},"query-input":{"@type":"PropertyValueSpecification","valueRequired":true,"valueName":"search_term_string"}}],"inLanguage":"it-IT"},{"@type":"Organization","@id":"https:\/\/www.ampipointservizimg.it\/#organization","name":"Sviluppo Qualit\u00e0","alternateName":"Sviluppo Qualit\u00e0","url":"https:\/\/www.ampipointservizimg.it\/","logo":{"@type":"ImageObject","inLanguage":"it-IT","@id":"https:\/\/www.ampipointservizimg.it\/#\/schema\/logo\/image\/","url":"https:\/\/www.ampipointservizimg.it\/wp-content\/uploads\/2025\/06\/cropped-logo_con_ampi-1.png","contentUrl":"https:\/\/www.ampipointservizimg.it\/wp-content\/uploads\/2025\/06\/cropped-logo_con_ampi-1.png","width":2269,"height":544,"caption":"Sviluppo Qualit\u00e0"},"image":{"@id":"https:\/\/www.ampipointservizimg.it\/#\/schema\/logo\/image\/"}}]}},"_links":{"self":[{"href":"https:\/\/www.ampipointservizimg.it\/index.php?rest_route=\/wp\/v2\/product\/687","targetHints":{"allow":["GET"]}}],"collection":[{"href":"https:\/\/www.ampipointservizimg.it\/index.php?rest_route=\/wp\/v2\/product"}],"about":[{"href":"https:\/\/www.ampipointservizimg.it\/index.php?rest_route=\/wp\/v2\/types\/product"}],"wp:featuredmedia":[{"embeddable":true,"href":"https:\/\/www.ampipointservizimg.it\/index.php?rest_route=\/wp\/v2\/media\/537"}],"wp:attachment":[{"href":"https:\/\/www.ampipointservizimg.it\/index.php?rest_route=%2Fwp%2Fv2%2Fmedia&parent=687"}],"wp:term":[{"taxonomy":"product_brand","embeddable":true,"href":"https:\/\/www.ampipointservizimg.it\/index.php?rest_route=%2Fwp%2Fv2%2Fproduct_brand&post=687"},{"taxonomy":"product_cat","embeddable":true,"href":"https:\/\/www.ampipointservizimg.it\/index.php?rest_route=%2Fwp%2Fv2%2Fproduct_cat&post=687"},{"taxonomy":"product_tag","embeddable":true,"href":"https:\/\/www.ampipointservizimg.it\/index.php?rest_route=%2Fwp%2Fv2%2Fproduct_tag&post=687"}],"curies":[{"name":"wp","href":"https:\/\/api.w.org\/{rel}","templated":true}]}}