{"id":703,"date":"2022-03-07T17:10:50","date_gmt":"2022-03-07T16:10:50","guid":{"rendered":"https:\/\/new.sviluppoqualita.it\/prodotto\/addetto-alla-conduzione-di-escavatori-idraulici-caricatori-frontali-e-terne\/"},"modified":"2025-07-08T23:16:03","modified_gmt":"2025-07-08T21:16:03","slug":"addetto-alla-conduzione-di-escavatori-idraulici-caricatori-frontali-e-terne","status":"publish","type":"product","link":"https:\/\/www.ampipointservizimg.it\/?product=addetto-alla-conduzione-di-escavatori-idraulici-caricatori-frontali-e-terne","title":{"rendered":"Escavatori idraulici, caricatori frontali e terne"},"content":{"rendered":"<div id=\"div-scarica-scheda-tecnica\" style=\"text-align: center; padding: 7px; color: white; padding-top: 10px;\"><!-- blu 094775 rosso d1222b --> <a style=\"padding: 10px; border: 1px solid #dddddd; background-color: #d1222b; color: white;\" href=\"https:\/\/www.networkgtc.it\/wp-content\/uploads\/2019\/07\/22-Escavatori-idraulici-caricatori-front-e-terne.pdf\"> <i class=\"fa fa-file-pdf-o\" style=\"padding-left: 5px; ;color: white;\"><\/i> \u00a0 <span style=\"border-left: 1px solid white;\"> \u00a0 Visualizza Scheda Tecnica in PDF<\/span><\/a><\/div>\n<table class=\"tabella-scheda-tecnica-networkgtc\" style=\"width: 85.2818%;\">\n<tbody>\n<tr>\n<td style=\"width: 20.146%; border-width: 1pt; border-style: solid;\">\n<p class=\"s1\" style=\"padding-top: 8pt; padding-left: 13pt; padding-right: 16pt; text-indent: 0pt; text-align: center;\">Titolo<\/p>\n<\/td>\n<td style=\"width: 124.38%; border-width: 1pt; border-style: solid;\">\u00a0Corso per \u201cAddetto alla conduzione di <a href=\"https:\/\/shop.networkgtc.it\/product-category\/formazione\/sicurezza\/formazione-corsi-attrezzature\/\">escavatori idraulici<\/a>, caricatori frontali e terne\u201d<\/td>\n<\/tr>\n<tr>\n<td style=\"width: 20.146%; border-width: 1pt; border-style: solid;\">\n<p class=\"s1\" style=\"padding-left: 13pt; padding-right: 16pt; text-indent: 0pt; text-align: center;\">Destinatari<\/p>\n<\/td>\n<td style=\"width: 124.38%; border-width: 1pt; border-style: solid;\">\n<p class=\"s3\" style=\"padding-left: 7pt; padding-right: 4pt; text-indent: 0pt; line-height: 114%; text-align: justify;\">Il corso \u00e8 rivolto agli operatori addetti alla conduzione di macchine movimento terra, con particolare attenzione a escavatori idraulici, caricatori frontali e terne. Fornisce le conoscenze necessarie per legge in materia di sicurezza e prevede esercitazioni di pratiche operative.<\/p>\n<\/td>\n<\/tr>\n<tr>\n<td style=\"width: 20.146%; border-width: 1pt; border-style: solid;\">\n<p class=\"s1\" style=\"padding-left: 25pt; padding-right: 20pt; text-indent: -6pt; text-align: left;\">Obiettivi e Finalit\u00e0<\/p>\n<\/td>\n<td style=\"width: 124.38%; border-width: 1pt; border-style: solid;\">\n<p class=\"s3\" style=\"padding-left: 7pt; padding-right: 4pt; text-indent: 0pt; line-height: 114%; text-align: justify;\">Il corso assolve agli obblighi indicati nell\u2019articolo 73, comma 4, del D.Lgs. 81\/08 e nell\u2019ultimo accordo Stato Regioni in materia di formazione per l\u2019utilizzo di attrezzature di lavoro per le quali \u00e8 richiesta una specifica abilitazione degli operatori, in particolare per la conduzione di escavatori idraulici, caricatori frontali e terne.<\/p>\n<p class=\"s3\" style=\"padding-top: 1pt; padding-left: 7pt; padding-right: 4pt; text-indent: 0pt; line-height: 115%; text-align: justify;\">Nello specifico il corso prepara per la conduzione di <b>escavatori idraulici, caricatori frontali e terne.<br \/>\n<\/b><\/p>\n<\/td>\n<\/tr>\n<tr>\n<td style=\"width: 20.146%; border-width: 1pt; border-style: solid; text-align: center;\">Normativa di riferimento<\/td>\n<td style=\"width: 124.38%; border-width: 1pt; border-style: solid;\">\n<ul>\n<li>D. Lgs. 81\/08 e s. s. m. e i.;<\/li>\n<li>Accordo Stato \u2013 Regioni del 22\/02\/2012;<\/li>\n<li>Accordo Stato \u2013 Regioni del 07\/07\/2016.<\/li>\n<\/ul>\n<\/td>\n<\/tr>\n<tr>\n<td style=\"width: 20.146%; border-width: 1pt; border-style: solid; text-align: center;\">Requisiti di ammissione<\/td>\n<td style=\"width: 124.38%; border-width: 1pt; border-style: solid;\">\n<p class=\"s3\" style=\"padding-left: 7pt; text-indent: 0pt; line-height: 13pt; text-align: left;\">Nessun requisito minimo<\/p>\n<\/td>\n<\/tr>\n<tr>\n<td style=\"width: 20.146%; border-width: 1pt; border-style: solid;\">\n<p class=\"s1\" style=\"padding-top: 8pt; padding-left: 22pt; padding-right: 24pt; text-indent: 0pt; text-align: left;\">Durata e modalit\u00e0<\/p>\n<\/td>\n<td style=\"width: 124.38%; border-width: 1pt; border-style: solid;\">\n<p class=\"s3\" style=\"padding-left: 7pt; text-indent: 0pt; line-height: 115%; text-align: left;\">Durata: 16 Ore<\/p>\n<p class=\"s3\" style=\"padding-left: 7pt; text-indent: 0pt; line-height: 115%; text-align: left;\">1 ora di Modulo giuridico &#8211; normativo + 3 ore di Modulo tecnico + 12 ore di Modulo pratico.<\/p>\n<p class=\"s3\" style=\"padding-left: 7pt; text-indent: 0pt; line-height: 115%; text-align: left;\">Modalit\u00e0 E-learning oppure aula per il modulo giuridico-normativo e per il modulo tecnico;<\/p>\n<p class=\"s3\" style=\"padding-left: 7pt; text-indent: 0pt; line-height: 115%; text-align: left;\">Le attivit\u00e0 pratiche dovranno essere effettuate in area idonea, come previsto all&#8217;allegato I dell&#8217;Accordo Stato Regioni 22\/02\/2012, al fine di movimentare\/utilizzare l\u2019attrezzatura di che trattasi in modo adeguato.<\/p>\n<\/td>\n<\/tr>\n<tr>\n<td style=\"width: 20.146%; border-width: 1pt; border-style: solid;\" rowspan=\"2\">\n<p class=\"s1\" style=\"padding-top: 8pt; padding-left: 29pt; padding-right: 7pt; text-indent: -22pt; text-align: left;\">Programma del corso<\/p>\n<\/td>\n<td style=\"width: 124.38%; border-width: 1pt; border-style: solid;\">\n<p class=\"s5\" style=\"padding-top: 9pt; padding-left: 8pt; padding-right: 7pt; text-indent: 0pt; text-align: center;\">DISCIPLINE E CONTENUTI<\/p>\n<\/td>\n<\/tr>\n<tr>\n<td style=\"width: 124.38%; border-width: 1pt; border-style: solid;\">\n<p class=\"s4\" style=\"padding-top: 1pt; padding-left: 5pt; text-indent: 0pt; text-align: left;\">Modulo 1 &#8211; giuridico normativo<\/p>\n<ul>\n<li>Presentazione del corso.<\/li>\n<li>Cenni di normativa generale in materia di igiene e sicurezza del lavoro con particolare riferimento all\u2019uso di attrezzature di lavoro semoventi con operatore a bordo (D.lgs. n. 81\/2008).<\/li>\n<li>Responsabilit\u00e0 dell\u2019operatore.<\/li>\n<\/ul>\n<p>Modulo 2 \u2013 tecnico<\/p>\n<ul>\n<li>Categorie di attrezzature: I vari tipi di macchine movimento terra e descrizione delle caratteristiche generali e specifiche, con particolare riferimento a escavatori, caricatori, escavatori idraulici, caricatori frontali e terne e escavatori idraulici, caricatori frontali e terne.<\/li>\n<li>Componenti strutturali: struttura portante, organi di trasmissione, organi di propulsione, organi di direzione e frenatura, circuito di comando, impianto idraulico, impianto elettrico (ciascuna componente riferita alle attrezzature<\/li>\n<li>oggetto del corso).<\/li>\n<li>Dispositivi di comando e di sicurezza: identificazione dei dispositivi di comando e loro funzionamento, identificazione dei dispositivi di sicurezza e loro funzione. Visibilit\u00e0 dell\u2019attrezzatura e identificazione delle zone cieche, sistemi di accesso.<\/li>\n<li>Controlli da effettuare prima dell\u2019utilizzo: controlli visivi e funzionali ad inizio ciclo di lavoro.<\/li>\n<li>Modalit\u00e0 di utilizzo in sicurezza e rischi: analisi e valutazione dei rischi pi\u00f9 ricorrenti nel ciclo base delle attrezzature (rischio di capovolgimento e stabilit\u00e0 statica e dinamica, contatti non intenzionali con organi in movimento e con superfici calde, rischi dovuti alla mobilita, ecc). Avviamento, spostamento, azionamenti, manovre, operazioni con le principali attrezzature di lavoro. Precauzioni da adottare sull\u2019organizzazione dell\u2019area di scavo o lavoro;<\/li>\n<li>Protezione nei confronti degli agenti fisici: rumore, vibrazioni al corpo intero ed al sistema mano-braccio.<\/li>\n<\/ul>\n<p class=\"s4\" style=\"padding-left: 5pt; text-indent: 0pt; text-align: left;\">Modulo 3 &#8211; pratico<\/p>\n<ul>\n<li>Individuazione dei componenti strutturali: struttura portante, organi di trasmissione, organi di propulsione, organi di direzione e frenatura, dispositivi di accoppiamento e azionamento delle macchine operatrici.<\/li>\n<li>Individuazione dei dispositivi di comando e di sicurezza: identificazione dei dispositivi di comando e loro funzionamento, identificazione dei dispositivi di sicurezza e loro funzione, conoscenza dei pattern di comando.<\/li>\n<li>Controlli pre-utilizzo: controlli visivi e funzionali delle macchine, dei dispositivi di comando e di sicurezza.<\/li>\n<li>Pianificazione delle operazioni di campo, scavo e caricamento: pendenze, accesso, ostacoli sul percorso, tipologia e condizioni del fondo e del terreno, sbancamento, livellamento, scavo, scavo offset, spostamento in pendenza a vuoto ed a carico nominale. Operazioni di movimentazione e sollevamento carichi, manovra di agganci rapidi per attrezzi.<\/li>\n<li>Esercitazioni di pratiche operative: tecniche di manovra e gestione delle situazioni di pericolo.<\/li>\n<li>Guida degli escavatori idraulici, dei caricatori frontali e delle terne su strada. Le esercitazioni devono prevedere:<\/li>\n<li>predisposizione del mezzo e posizionamento organi di lavoro;<\/li>\n<li>guida con attrezzature.<\/li>\n<li>Uso di escavatori idraulici, dei caricatori frontali e delle terne. Le esercitazioni devono prevedere:<\/li>\n<li>esecuzione di manovre di scavo e riempimento;<\/li>\n<li>accoppiamento attrezzature in piano e non;<\/li>\n<li>manovre di livellamento;<\/li>\n<li>operazioni di movimentazione carichi pesanti e di precisione;<\/li>\n<li>use con forche o pinza;<\/li>\n<li>aggancio di attrezzature speciali (martello demolitore, pinza idraulica, trivella, ecc.) e loro impiego;<\/li>\n<li>manovre di caricamento.<\/li>\n<li>Messa a riposo e trasporto degli escavatori idraulici, dei caricatori frontali e delle terne: parcheggio e rimessaggio (ricovero) in area idonea, precauzioni contro l\u2019utilizzo non autorizzato. Salita sul carrellone di trasporto. Individuazione dei punti di aggancio per il sollevamento.<\/li>\n<\/ul>\n<\/td>\n<\/tr>\n<tr>\n<td style=\"width: 20.146%; border-width: 1pt; border-style: solid;\">\n<p class=\"s1\" style=\"padding-left: 13pt; padding-right: 16pt; text-indent: 0pt; text-align: center;\">Valutazione<\/p>\n<\/td>\n<td style=\"width: 124.38%; border-width: 1pt; border-style: solid;\">\n<p class=\"s3\" style=\"padding-left: 7pt; padding-right: 4pt; text-indent: 0pt; line-height: 114%; text-align: justify;\">Al termine del due moduli teorici (al di fuori del tempi previsti per i moduli teorici) si svolger\u00e0 una prova intermedia di verifica consistente in un questionario a risposta multipla concernente anche quesiti sui DPI. Il superamento della prova, che si intende superata con almeno il 70% delle risposte esatte, consentir\u00e0 il passaggio ai moduli pratici specifici. Il mancato superamento della prova comporta la ripetizione dei due moduli.<\/p>\n<p class=\"s3\" style=\"padding-left: 7pt; padding-right: 4pt; text-indent: 0pt; line-height: 114%; text-align: justify;\">Al termine di ognuno dei moduli pratici (al di fuori dei tempi previsti per i moduli pratici) avr\u00e0 luogo una prova pratica di verifica finale.<\/p>\n<p class=\"s3\" style=\"padding-left: 7pt; padding-right: 4pt; text-indent: 0pt; line-height: 114%; text-align: justify;\">Il mancato superamento della prova di verifica finale comporta l\u2019obbligo di ripetere il modulo pratico.<\/p>\n<\/td>\n<\/tr>\n<tr>\n<td style=\"width: 20.146%; border-width: 1pt; border-style: solid; text-align: center;\">Attestato Formativo Rilasciato<\/td>\n<td style=\"width: 124.38%; border-width: 1pt; border-style: solid;\">\n<p class=\"s3\" style=\"padding-left: 5pt; text-indent: 0pt; text-align: left;\">Attestato di abilitazione per la conduzione di <b>escavatori idraulici, caricatori frontali e terne<\/b>.<\/p>\n<\/td>\n<\/tr>\n<tr>\n<td style=\"width: 20.146%; border-width: 1pt; border-style: solid;\">\n<p class=\"s1\" style=\"padding-left: 13pt; padding-right: 16pt; text-indent: 0pt; text-align: center;\">Docenza<\/p>\n<\/td>\n<td style=\"width: 124.38%; border-width: 1pt; border-style: solid;\">\n<p class=\"s3\" style=\"padding-left: 5pt; padding-right: 4pt; text-indent: 0pt; text-align: justify;\">Personale con esperienza documentata sia nel settore della formazione sia nel settore della prevenzione, sicurezza e salute nei luoghi di lavoro e da personale con esperienza professionale pratica.<\/p>\n<\/td>\n<\/tr>\n<tr>\n<td style=\"width: 20.146%; border-width: 1pt; border-style: solid;\">\n<p class=\"s1\" style=\"padding-left: 13pt; padding-right: 16pt; text-indent: 0pt; text-align: center;\">Sede<\/p>\n<\/td>\n<td style=\"width: 124.38%; border-width: 1pt; border-style: solid;\">\n<p class=\"s3\" style=\"padding-left: 5pt; padding-right: 5pt; text-indent: 0pt; text-align: left;\">Per la parte in aula, il corso sar\u00e0 erogato, secondo un calendario prestabilito, in una delle sedi pi\u00f9 vicine dislocate sul territorio nazionale<\/p>\n<\/td>\n<\/tr>\n<\/tbody>\n<\/table>\n","protected":false},"excerpt":{"rendered":"<p>\u00a0 \u00a0 Visualizza Scheda Tecnica in PDF Titolo \u00a0Corso per \u201cAddetto alla conduzione di escavatori idraulici, caricatori frontali e terne\u201d Destinatari Il corso \u00e8 rivolto agli operatori addetti alla conduzione di macchine movimento terra, con particolare attenzione a escavatori idraulici, caricatori frontali e terne. Fornisce le conoscenze necessarie per legge in materia di sicurezza e prevede esercitazioni di pratiche operative. [&hellip;]<\/p>\n","protected":false},"featured_media":531,"template":"","meta":[],"product_brand":[],"product_cat":[28,916],"product_tag":[450,177],"class_list":{"0":"post-703","1":"product","2":"type-product","3":"status-publish","4":"has-post-thumbnail","6":"product_cat-corsi-sicurezza-d-lgs-81-08","7":"product_cat-blended","8":"product_tag-corsi-attrezzature-d-lgs-81-08","9":"product_tag-corso-16-ore","11":"first","12":"instock","13":"taxable","14":"shipping-taxable","15":"product-type-simple"},"yoast_head":"<!-- This site is optimized with the Yoast SEO plugin v25.4 - https:\/\/yoast.com\/wordpress\/plugins\/seo\/ -->\n<title>Escavatori idraulici, caricatori frontali e terne - Ampi Point Servizi emmegi<\/title>\n<meta name=\"robots\" content=\"index, follow, max-snippet:-1, max-image-preview:large, max-video-preview:-1\" \/>\n<link rel=\"canonical\" href=\"https:\/\/www.ampipointservizimg.it\/?product=addetto-alla-conduzione-di-escavatori-idraulici-caricatori-frontali-e-terne\" \/>\n<meta property=\"og:locale\" content=\"it_IT\" \/>\n<meta property=\"og:type\" content=\"article\" \/>\n<meta property=\"og:title\" content=\"Escavatori idraulici, caricatori frontali e terne - Ampi Point Servizi emmegi\" \/>\n<meta property=\"og:description\" content=\"\u00a0 \u00a0 Visualizza Scheda Tecnica in PDF Titolo \u00a0Corso per \u201cAddetto alla conduzione di escavatori idraulici, caricatori frontali e terne\u201d Destinatari Il corso \u00e8 rivolto agli operatori addetti alla conduzione di macchine movimento terra, con particolare attenzione a escavatori idraulici, caricatori frontali e terne. Fornisce le conoscenze necessarie per legge in materia di sicurezza e prevede esercitazioni di pratiche operative. [&hellip;]\" \/>\n<meta property=\"og:url\" content=\"https:\/\/www.ampipointservizimg.it\/?product=addetto-alla-conduzione-di-escavatori-idraulici-caricatori-frontali-e-terne\" \/>\n<meta property=\"og:site_name\" content=\"Ampi Point Servizi emmegi\" \/>\n<meta property=\"article:modified_time\" content=\"2025-07-08T21:16:03+00:00\" \/>\n<meta property=\"og:image\" content=\"https:\/\/www.ampipointservizimg.it\/wp-content\/uploads\/2022\/03\/scavatore_icon-1.jpg\" \/>\n\t<meta property=\"og:image:width\" content=\"300\" \/>\n\t<meta property=\"og:image:height\" content=\"300\" \/>\n\t<meta property=\"og:image:type\" content=\"image\/jpeg\" \/>\n<meta name=\"twitter:card\" content=\"summary_large_image\" \/>\n<meta name=\"twitter:label1\" content=\"Tempo di lettura stimato\" \/>\n\t<meta name=\"twitter:data1\" content=\"4 minuti\" \/>\n<script type=\"application\/ld+json\" class=\"yoast-schema-graph\">{\"@context\":\"https:\/\/schema.org\",\"@graph\":[{\"@type\":\"WebPage\",\"@id\":\"https:\/\/www.ampipointservizimg.it\/?product=addetto-alla-conduzione-di-escavatori-idraulici-caricatori-frontali-e-terne\",\"url\":\"https:\/\/www.ampipointservizimg.it\/?product=addetto-alla-conduzione-di-escavatori-idraulici-caricatori-frontali-e-terne\",\"name\":\"Escavatori idraulici, caricatori frontali e terne - Ampi Point Servizi emmegi\",\"isPartOf\":{\"@id\":\"https:\/\/www.ampipointservizimg.it\/#website\"},\"primaryImageOfPage\":{\"@id\":\"https:\/\/www.ampipointservizimg.it\/?product=addetto-alla-conduzione-di-escavatori-idraulici-caricatori-frontali-e-terne#primaryimage\"},\"image\":{\"@id\":\"https:\/\/www.ampipointservizimg.it\/?product=addetto-alla-conduzione-di-escavatori-idraulici-caricatori-frontali-e-terne#primaryimage\"},\"thumbnailUrl\":\"https:\/\/www.ampipointservizimg.it\/wp-content\/uploads\/2022\/03\/scavatore_icon-1.jpg\",\"datePublished\":\"2022-03-07T16:10:50+00:00\",\"dateModified\":\"2025-07-08T21:16:03+00:00\",\"breadcrumb\":{\"@id\":\"https:\/\/www.ampipointservizimg.it\/?product=addetto-alla-conduzione-di-escavatori-idraulici-caricatori-frontali-e-terne#breadcrumb\"},\"inLanguage\":\"it-IT\",\"potentialAction\":[{\"@type\":\"ReadAction\",\"target\":[\"https:\/\/www.ampipointservizimg.it\/?product=addetto-alla-conduzione-di-escavatori-idraulici-caricatori-frontali-e-terne\"]}]},{\"@type\":\"ImageObject\",\"inLanguage\":\"it-IT\",\"@id\":\"https:\/\/www.ampipointservizimg.it\/?product=addetto-alla-conduzione-di-escavatori-idraulici-caricatori-frontali-e-terne#primaryimage\",\"url\":\"https:\/\/www.ampipointservizimg.it\/wp-content\/uploads\/2022\/03\/scavatore_icon-1.jpg\",\"contentUrl\":\"https:\/\/www.ampipointservizimg.it\/wp-content\/uploads\/2022\/03\/scavatore_icon-1.jpg\",\"width\":300,\"height\":300},{\"@type\":\"BreadcrumbList\",\"@id\":\"https:\/\/www.ampipointservizimg.it\/?product=addetto-alla-conduzione-di-escavatori-idraulici-caricatori-frontali-e-terne#breadcrumb\",\"itemListElement\":[{\"@type\":\"ListItem\",\"position\":1,\"name\":\"Home\",\"item\":\"https:\/\/www.ampipointservizimg.it\/\"},{\"@type\":\"ListItem\",\"position\":2,\"name\":\"Shop\",\"item\":\"https:\/\/www.ampipointservizimg.it\/?page_id=91\"},{\"@type\":\"ListItem\",\"position\":3,\"name\":\"Escavatori idraulici, caricatori frontali e terne\"}]},{\"@type\":\"WebSite\",\"@id\":\"https:\/\/www.ampipointservizimg.it\/#website\",\"url\":\"https:\/\/www.ampipointservizimg.it\/\",\"name\":\"Ampi Point Servizi emmegi\",\"description\":\"\",\"publisher\":{\"@id\":\"https:\/\/www.ampipointservizimg.it\/#organization\"},\"potentialAction\":[{\"@type\":\"SearchAction\",\"target\":{\"@type\":\"EntryPoint\",\"urlTemplate\":\"https:\/\/www.ampipointservizimg.it\/?s={search_term_string}\"},\"query-input\":{\"@type\":\"PropertyValueSpecification\",\"valueRequired\":true,\"valueName\":\"search_term_string\"}}],\"inLanguage\":\"it-IT\"},{\"@type\":\"Organization\",\"@id\":\"https:\/\/www.ampipointservizimg.it\/#organization\",\"name\":\"Sviluppo Qualit\u00e0\",\"alternateName\":\"Sviluppo Qualit\u00e0\",\"url\":\"https:\/\/www.ampipointservizimg.it\/\",\"logo\":{\"@type\":\"ImageObject\",\"inLanguage\":\"it-IT\",\"@id\":\"https:\/\/www.ampipointservizimg.it\/#\/schema\/logo\/image\/\",\"url\":\"https:\/\/www.ampipointservizimg.it\/wp-content\/uploads\/2025\/06\/cropped-logo_con_ampi-1.png\",\"contentUrl\":\"https:\/\/www.ampipointservizimg.it\/wp-content\/uploads\/2025\/06\/cropped-logo_con_ampi-1.png\",\"width\":2269,\"height\":544,\"caption\":\"Sviluppo Qualit\u00e0\"},\"image\":{\"@id\":\"https:\/\/www.ampipointservizimg.it\/#\/schema\/logo\/image\/\"}}]}<\/script>\n<!-- \/ Yoast SEO plugin. -->","yoast_head_json":{"title":"Escavatori idraulici, caricatori frontali e terne - Ampi Point Servizi emmegi","robots":{"index":"index","follow":"follow","max-snippet":"max-snippet:-1","max-image-preview":"max-image-preview:large","max-video-preview":"max-video-preview:-1"},"canonical":"https:\/\/www.ampipointservizimg.it\/?product=addetto-alla-conduzione-di-escavatori-idraulici-caricatori-frontali-e-terne","og_locale":"it_IT","og_type":"article","og_title":"Escavatori idraulici, caricatori frontali e terne - Ampi Point Servizi emmegi","og_description":"\u00a0 \u00a0 Visualizza Scheda Tecnica in PDF Titolo \u00a0Corso per \u201cAddetto alla conduzione di escavatori idraulici, caricatori frontali e terne\u201d Destinatari Il corso \u00e8 rivolto agli operatori addetti alla conduzione di macchine movimento terra, con particolare attenzione a escavatori idraulici, caricatori frontali e terne. Fornisce le conoscenze necessarie per legge in materia di sicurezza e prevede esercitazioni di pratiche operative. [&hellip;]","og_url":"https:\/\/www.ampipointservizimg.it\/?product=addetto-alla-conduzione-di-escavatori-idraulici-caricatori-frontali-e-terne","og_site_name":"Ampi Point Servizi emmegi","article_modified_time":"2025-07-08T21:16:03+00:00","og_image":[{"width":300,"height":300,"url":"https:\/\/www.ampipointservizimg.it\/wp-content\/uploads\/2022\/03\/scavatore_icon-1.jpg","type":"image\/jpeg"}],"twitter_card":"summary_large_image","twitter_misc":{"Tempo di lettura stimato":"4 minuti"},"schema":{"@context":"https:\/\/schema.org","@graph":[{"@type":"WebPage","@id":"https:\/\/www.ampipointservizimg.it\/?product=addetto-alla-conduzione-di-escavatori-idraulici-caricatori-frontali-e-terne","url":"https:\/\/www.ampipointservizimg.it\/?product=addetto-alla-conduzione-di-escavatori-idraulici-caricatori-frontali-e-terne","name":"Escavatori idraulici, caricatori frontali e terne - Ampi Point Servizi emmegi","isPartOf":{"@id":"https:\/\/www.ampipointservizimg.it\/#website"},"primaryImageOfPage":{"@id":"https:\/\/www.ampipointservizimg.it\/?product=addetto-alla-conduzione-di-escavatori-idraulici-caricatori-frontali-e-terne#primaryimage"},"image":{"@id":"https:\/\/www.ampipointservizimg.it\/?product=addetto-alla-conduzione-di-escavatori-idraulici-caricatori-frontali-e-terne#primaryimage"},"thumbnailUrl":"https:\/\/www.ampipointservizimg.it\/wp-content\/uploads\/2022\/03\/scavatore_icon-1.jpg","datePublished":"2022-03-07T16:10:50+00:00","dateModified":"2025-07-08T21:16:03+00:00","breadcrumb":{"@id":"https:\/\/www.ampipointservizimg.it\/?product=addetto-alla-conduzione-di-escavatori-idraulici-caricatori-frontali-e-terne#breadcrumb"},"inLanguage":"it-IT","potentialAction":[{"@type":"ReadAction","target":["https:\/\/www.ampipointservizimg.it\/?product=addetto-alla-conduzione-di-escavatori-idraulici-caricatori-frontali-e-terne"]}]},{"@type":"ImageObject","inLanguage":"it-IT","@id":"https:\/\/www.ampipointservizimg.it\/?product=addetto-alla-conduzione-di-escavatori-idraulici-caricatori-frontali-e-terne#primaryimage","url":"https:\/\/www.ampipointservizimg.it\/wp-content\/uploads\/2022\/03\/scavatore_icon-1.jpg","contentUrl":"https:\/\/www.ampipointservizimg.it\/wp-content\/uploads\/2022\/03\/scavatore_icon-1.jpg","width":300,"height":300},{"@type":"BreadcrumbList","@id":"https:\/\/www.ampipointservizimg.it\/?product=addetto-alla-conduzione-di-escavatori-idraulici-caricatori-frontali-e-terne#breadcrumb","itemListElement":[{"@type":"ListItem","position":1,"name":"Home","item":"https:\/\/www.ampipointservizimg.it\/"},{"@type":"ListItem","position":2,"name":"Shop","item":"https:\/\/www.ampipointservizimg.it\/?page_id=91"},{"@type":"ListItem","position":3,"name":"Escavatori idraulici, caricatori frontali e terne"}]},{"@type":"WebSite","@id":"https:\/\/www.ampipointservizimg.it\/#website","url":"https:\/\/www.ampipointservizimg.it\/","name":"Ampi Point Servizi emmegi","description":"","publisher":{"@id":"https:\/\/www.ampipointservizimg.it\/#organization"},"potentialAction":[{"@type":"SearchAction","target":{"@type":"EntryPoint","urlTemplate":"https:\/\/www.ampipointservizimg.it\/?s={search_term_string}"},"query-input":{"@type":"PropertyValueSpecification","valueRequired":true,"valueName":"search_term_string"}}],"inLanguage":"it-IT"},{"@type":"Organization","@id":"https:\/\/www.ampipointservizimg.it\/#organization","name":"Sviluppo Qualit\u00e0","alternateName":"Sviluppo Qualit\u00e0","url":"https:\/\/www.ampipointservizimg.it\/","logo":{"@type":"ImageObject","inLanguage":"it-IT","@id":"https:\/\/www.ampipointservizimg.it\/#\/schema\/logo\/image\/","url":"https:\/\/www.ampipointservizimg.it\/wp-content\/uploads\/2025\/06\/cropped-logo_con_ampi-1.png","contentUrl":"https:\/\/www.ampipointservizimg.it\/wp-content\/uploads\/2025\/06\/cropped-logo_con_ampi-1.png","width":2269,"height":544,"caption":"Sviluppo Qualit\u00e0"},"image":{"@id":"https:\/\/www.ampipointservizimg.it\/#\/schema\/logo\/image\/"}}]}},"_links":{"self":[{"href":"https:\/\/www.ampipointservizimg.it\/index.php?rest_route=\/wp\/v2\/product\/703","targetHints":{"allow":["GET"]}}],"collection":[{"href":"https:\/\/www.ampipointservizimg.it\/index.php?rest_route=\/wp\/v2\/product"}],"about":[{"href":"https:\/\/www.ampipointservizimg.it\/index.php?rest_route=\/wp\/v2\/types\/product"}],"wp:featuredmedia":[{"embeddable":true,"href":"https:\/\/www.ampipointservizimg.it\/index.php?rest_route=\/wp\/v2\/media\/531"}],"wp:attachment":[{"href":"https:\/\/www.ampipointservizimg.it\/index.php?rest_route=%2Fwp%2Fv2%2Fmedia&parent=703"}],"wp:term":[{"taxonomy":"product_brand","embeddable":true,"href":"https:\/\/www.ampipointservizimg.it\/index.php?rest_route=%2Fwp%2Fv2%2Fproduct_brand&post=703"},{"taxonomy":"product_cat","embeddable":true,"href":"https:\/\/www.ampipointservizimg.it\/index.php?rest_route=%2Fwp%2Fv2%2Fproduct_cat&post=703"},{"taxonomy":"product_tag","embeddable":true,"href":"https:\/\/www.ampipointservizimg.it\/index.php?rest_route=%2Fwp%2Fv2%2Fproduct_tag&post=703"}],"curies":[{"name":"wp","href":"https:\/\/api.w.org\/{rel}","templated":true}]}}