{"id":710,"date":"2022-03-07T17:12:04","date_gmt":"2022-03-07T16:12:04","guid":{"rendered":"https:\/\/new.sviluppoqualita.it\/prodotto\/coordinatore-della-sicurezza\/"},"modified":"2025-07-08T23:16:03","modified_gmt":"2025-07-08T21:16:03","slug":"coordinatore-della-sicurezza","status":"publish","type":"product","link":"https:\/\/www.ampipointservizimg.it\/?product=coordinatore-della-sicurezza","title":{"rendered":"Coordinatore della sicurezza"},"content":{"rendered":"<div id=\"div-scarica-scheda-tecnica\" style=\"text-align: center; padding: 7px; color: white; padding-top: 10px;\"><!-- blu 094775 rosso d1222b --> <a style=\"padding: 10px; border: 1px solid #dddddd; background-color: #d1222b; color: white;\" href=\"https:\/\/www.networkgtc.it\/wp-content\/uploads\/2019\/08\/20-Coordinatore-della-sicurezza-120-ore.pdf\" target=\"_blank\" rel=\"noopener noreferrer\"> <i class=\"fa fa-file-pdf-o\" style=\"padding-left: 5px; ;color: white;\"><\/i> \u00a0 <span style=\"border-left: 1px solid white;\"> \u00a0 Visualizza Scheda Tecnica in PDF<\/span><\/a><\/div>\n<table class=\"tabella-scheda-tecnica-networkgtc\" style=\"width: 74.0791%;\">\n<tbody>\n<tr>\n<td style=\"width: 19.6051%; border-width: 1pt; border-style: solid;\">\n<p class=\"s1\" style=\"padding-left: 7pt; padding-right: 9pt; text-indent: 0pt; text-align: center;\">Titolo<\/p>\n<\/td>\n<td style=\"width: 101.693%; border-width: 1pt; border-style: solid;\">\n<p class=\"s2\" style=\"padding-top: 2pt; padding-left: 5pt; padding-right: 11pt; text-indent: 0pt; text-align: left;\">Corso di formazione per \u201c<a href=\"https:\/\/shop.networkgtc.it\/product-category\/formazione\/sicurezza\/formazione-corsi-sicurezza-d-lgs-8108-datoriali\/\">Coordinatore della sicurezza<\/a> in fase di progettazione ed esecuzione\u201d (120 ore)<\/p>\n<\/td>\n<\/tr>\n<tr>\n<td style=\"width: 19.6051%; border-width: 1pt; border-style: solid;\">\n<p class=\"s1\" style=\"padding-left: 7pt; padding-right: 10pt; text-indent: 0pt; text-align: center;\">Destinatari<\/p>\n<\/td>\n<td style=\"width: 101.693%; border-width: 1pt; border-style: solid;\">\n<p class=\"s3\" style=\"padding-top: 4pt; padding-left: 7pt; padding-right: 4pt; text-indent: 0pt; line-height: 114%; text-align: justify;\">Il corso \u00e8 rivolto a coloro che devono ricoprire l\u2019incarico di coordinatore in materia di sicurezza e di salute durante la progettazione e l\u2019esecuzione dell&#8217;opera (Titolo IV D.lgs. 81\/2008). L\u2019attestato di frequenza rilasciato al termine del corso costituisce requisito professionale obbligatorio cos\u00ec come previsto dall\u2019art. 98 del D.lgs. 81\/2008.<\/p>\n<\/td>\n<\/tr>\n<tr>\n<td style=\"width: 19.6051%; border-width: 1pt; border-style: solid;\">\n<p class=\"s1\" style=\"padding-top: 8pt; padding-left: 14pt; padding-right: 16pt; text-indent: 0pt; text-align: center;\">Obiettivi e Finalit\u00e0<\/p>\n<\/td>\n<td style=\"width: 101.693%; border-width: 1pt; border-style: solid;\">\n<p class=\"s3\" style=\"padding-left: 5pt; padding-right: 4pt; text-indent: 0pt; line-height: 114%; text-align: justify;\">Il corso ha la finalit\u00e0 di fornire la formazione utile nel campo della salute e sicurezza sul lavoro per quanto riguarda i cantieri temporanei o mobili (Titolo IV &#8211; D.lgs. 81\/2008) nel cui ambito il coordinatore della sicurezza ricopre una posizione principale, di direzione e collegamento, tra le diverse figure interessate: committenti, progettisti, liberi professionisti,<\/p>\n<p class=\"s3\" style=\"padding-left: 5pt; text-indent: 0pt; text-align: justify;\">imprese appaltanti, subappaltatori, ditte individuali, enti di vigilanza, ecc.<\/p>\n<\/td>\n<\/tr>\n<tr>\n<td style=\"width: 19.6051%; border-width: 1pt; border-style: solid;\">\n<p class=\"s1\" style=\"padding-top: 5pt; padding-left: 7pt; padding-right: 10pt; text-indent: 0pt; text-align: center;\">Normativa di riferimento<\/p>\n<\/td>\n<td style=\"width: 101.693%; border-width: 1pt; border-style: solid;\">\n<ul id=\"l1\">\n<li style=\"padding-top: 6pt; padding-left: 34pt; text-indent: -17pt; text-align: left;\">\n<p class=\"s3\">D. Lgs. 81\/08 e smi;<\/p>\n<\/li>\n<li style=\"padding-top: 2pt; padding-left: 34pt; text-indent: -17pt; text-align: left;\">\n<p class=\"s3\">Accordo Stato \u2013 Regioni del 07\/07\/2016.<\/p>\n<\/li>\n<\/ul>\n<\/td>\n<\/tr>\n<tr>\n<td style=\"width: 19.6051%; border-width: 1pt; border-style: solid; text-align: center;\">Requisiti di ammissione<\/td>\n<td style=\"width: 101.693%; border-width: 1pt; border-style: solid;\">\n<p class=\"s3\" style=\"padding-top: 9pt; padding-left: 5pt; text-indent: 0pt; text-align: left;\">Possesso di titolo di studio cos\u00ec come previsto all\u2019art. 98 del D.lgs. 81\/2008.<\/p>\n<\/td>\n<\/tr>\n<tr>\n<td style=\"width: 19.6051%; border-width: 1pt; border-style: solid; text-align: center;\">Durata e modalit\u00e0<\/td>\n<td style=\"width: 101.693%; border-width: 1pt; border-style: solid;\">\n<p class=\"s3\" style=\"padding-top: 8pt; padding-left: 5pt; padding-right: 4pt; text-indent: 0pt; text-align: justify;\">La durata del corso \u00e8 di 120 ore di cui solo 28 ore, relative al modulo giuridico, sono erogabili in modalit\u00e0 e-learning. La parte restante del corso deve essere svolta in aula e con esercitazioni pratiche relative a esempi di redazione di PSC, POS e altra documentazione la cui redazione rientra tra gli obblighi del Coordinatore della Sicurezza.<\/p>\n<\/td>\n<\/tr>\n<tr>\n<td style=\"width: 19.6051%; border-width: 1pt; border-style: solid;\" rowspan=\"2\">\n<p class=\"s1\" style=\"padding-left: 11pt; text-indent: -5pt; text-align: left;\">Programma del corso<\/p>\n<\/td>\n<td style=\"width: 101.693%; border-width: 1pt; border-style: solid;\">\n<p class=\"s4\" style=\"padding-top: 9pt; padding-left: 148pt; padding-right: 147pt; text-indent: 0pt; text-align: center;\">DISCIPLINE E CONTENUTI<\/p>\n<\/td>\n<\/tr>\n<tr>\n<td style=\"width: 101.693%; border-width: 1pt; border-style: solid;\">\n<p class=\"s5\" style=\"padding-left: 5pt; text-indent: 0pt; line-height: 13pt; text-align: left;\">Modulo Giuridico 28 ore:<\/p>\n<ul>\n<li>Le figure coinvolte nel processo dei cantieri temporanei e mobili &#8211; dalle opere semplici alle opere complesse;<\/li>\n<li>Norme e regole di base in materia di sicurezza e di igiene sul lavoro e loro evoluzione &#8211; Normativa europee e relativa valenza;<\/li>\n<li>Figure interessate alla realizzazione dell&#8217;opera: i compiti, gli obblighi, le responsabilit\u00e0 civili e penali. I coordinamenti nel cantiere;<\/li>\n<li>La legge quadro in materia di lavori pubblici ed i principali decreti attuativi;<\/li>\n<li>I soggetti del Sistema di prevenzione Aziendale: il datore di lavoro, il dirigente, il RSPP, il preposto, il RLS;<\/li>\n<li>La legislazione specifica in materia di salute e sicurezza nei cantieri<\/li>\n<li>temporanei o mobili e nei lavori in quota;<\/li>\n<li>ll Testo Unico in materia di salute e sicurezza nei luoghi di lavoro con<\/li>\n<li>particolare riferimento al Titolo I;<\/li>\n<li>ll titolo IV del Testo Unico in materia di salute e sicurezza nei luoghi di lavoro.<\/li>\n<li>La norma e correlazione con il titolo I.<\/li>\n<\/ul>\n<p>Modulo Tecnico 52 ore:<\/p>\n<ul>\n<li>L\u2019organizzazione in sicurezza di un cantiere. Il cronoprogramma dei lavori;<\/li>\n<li>Gli obblighi documentali da parte di committenti, imprese e coordinatori per la sicurezza;<\/li>\n<li>Rischi di caduta dall\u2019alto;<\/li>\n<li>Il rischio elettrico e la protezione contro le scariche atmosferiche;<\/li>\n<li>Il rischio negli scavi, nelle demolizioni, nelle opere in sotterraneo ed in galleria;<\/li>\n<li>I rischi connessi all\u2019uso di macchine e attrezzature di lavoro con particolare riferimento agli apparecchi di sollevamento e trasporto;<\/li>\n<li>I rischi biologici in cantiere;<\/li>\n<li>I rischi chimici in cantiere;<\/li>\n<li>I rischi fisici: microclima e illuminazione;<\/li>\n<li>I rischi fisici: rumore e vibrazioni;<\/li>\n<li>I rischi da movimentazione dei carichi;<\/li>\n<li>I rischi connessi all\u2019uso di macchine per la movimentazione dei carichi;<\/li>\n<li>I rischi connessi alle bonifiche da amianto;<\/li>\n<li>I rischi nei lavori di montaggio e smontaggio di elementi prefabbricati;<\/li>\n<li>Valutazione dei rischi di incendio e di esplosione;<\/li>\n<li>Dispositivi di protezione individuali e la segnaletica di sicurezza;<\/li>\n<li>Le malattie professionali ed il primo soccorso.<\/li>\n<\/ul>\n<p>Modulo Metodologico\/organizzativo 16 ore:<\/p>\n<ul>\n<li>I contenuti minimi del piano di sicurezza e di coordinamento, del piano sostitutivo di sicurezza e del piano operativo di sicurezza. Elaborazione Piano;<\/li>\n<li>L\u2019elaborazione del P.I.M.U.S. (Piano di Montaggio, Uso, Smontaggio dei ponteggi;<\/li>\n<li>La stima dei costi della sicurezza;<\/li>\n<li>Teorie e tecniche di comunicazione, orientate alla risoluzione di problemi e alla cooperazione;<\/li>\n<li>Teorie di gestione dei gruppi e leadership;<\/li>\n<li>I rapporti con la committenza, i progettisti, la direzione dei lavori, i rappresentanti dei lavoratori per la sicurezza.<\/li>\n<\/ul>\n<p class=\"s5\" style=\"padding-left: 5pt; text-indent: 0pt; line-height: 13pt; text-align: left;\">Modulo Pratico 14 ore:<\/p>\n<ul>\n<li>Esempio PSC per il rifacimento della facciata di un fabbricato. Problematiche e metodologie;<\/li>\n<li>Esempio PSC per un cantiere di recupero. Problematiche e metodologie;<\/li>\n<li>Esempi di Piani Operativi di Sicurezza e di Piani Sostitutivi di Sicurezza;<\/li>\n<li>Esempio PSC per il rifacimento della facciata di un fabbricato. Problematiche e metodologie;<\/li>\n<li>Esempio PSC per la costruzione di un fabbricato per civili abitazioni. Problematiche e metodologie;<\/li>\n<li>Simulazione sul ruolo del Coordinatore per la Sicurezza in fase di esecuzione;<\/li>\n<li>Esempio PSC per la costruzione di un fabbricato per civili abitazioni. Problematiche e metodologie.<\/li>\n<\/ul>\n<\/td>\n<\/tr>\n<tr>\n<td style=\"width: 19.6051%; border-width: 1pt; border-style: solid;\">\n<p class=\"s1\" style=\"padding-top: 8pt; padding-left: 16pt; padding-right: 19pt; text-indent: 0pt; text-align: center;\">Valutazione<\/p>\n<\/td>\n<td style=\"width: 101.693%; border-width: 1pt; border-style: solid;\">\n<p class=\"s3\" style=\"padding-left: 5pt; text-indent: 0pt; line-height: 13pt; text-align: left;\">La verifica dell&#8217;apprendimento si svolge secondo le seguenti modalit\u00e0:<\/p>\n<ul>\n<li>Simulazione al fine di valutare le competenze tecnico-professionali;<\/li>\n<li>Test finalizzati a verificare le competenze cognitive.<\/li>\n<\/ul>\n<\/td>\n<\/tr>\n<tr>\n<td style=\"width: 19.6051%; border-width: 1pt; border-style: solid; text-align: center;\">Attestato Formativo Rilasciato<\/td>\n<td style=\"width: 101.693%; border-width: 1pt; border-style: solid;\">\n<p class=\"s3\" style=\"padding-left: 5pt; text-indent: 0pt; text-align: left;\">Attestato di frequenza per \u201cCoordinatore della Sicurezza\u201d di 120 ore.<\/p>\n<\/td>\n<\/tr>\n<tr>\n<td style=\"width: 19.6051%; border-width: 1pt; border-style: solid;\">\n<p class=\"s1\" style=\"padding-top: 9pt; padding-left: 16pt; padding-right: 19pt; text-indent: 0pt; text-align: center;\">Docenza<\/p>\n<\/td>\n<td style=\"width: 101.693%; border-width: 1pt; border-style: solid;\">\n<p class=\"s3\" style=\"padding-top: 7pt; padding-left: 5pt; padding-right: 4pt; text-indent: 0pt; text-align: justify;\">Docenti in possesso dei requisiti previsti dal decreto interministeriale 6 marzo 2013, emanato in attuazione dell&#8217;articolo 6, comma 8, lettera m bis, del D.lgs. n. 81\/2008, entrato in vigore il 18 marzo 2014.<\/p>\n<\/td>\n<\/tr>\n<tr>\n<td style=\"width: 19.6051%; border-width: 1pt; border-style: solid;\">\n<p class=\"s1\" style=\"padding-left: 16pt; padding-right: 19pt; text-indent: 0pt; text-align: center;\">Sede<\/p>\n<\/td>\n<td style=\"width: 101.693%; border-width: 1pt; border-style: solid;\">\n<p class=\"s3\" style=\"padding-top: 2pt; padding-left: 5pt; padding-right: 4pt; text-indent: 0pt; text-align: justify;\">Per la parte in aula il corso sar\u00e0 erogato, secondo un calendario prestabilito, in una delle sedi pi\u00f9 vicine dislocate sul territorio nazionale. \u00c8 possibile ammettere un numero massimo di partecipanti ad ogni corso pari a 35 unit\u00e0. (punto 12.8 ASR 07\/07\/2016).<\/p>\n<\/td>\n<\/tr>\n<\/tbody>\n<\/table>\n","protected":false},"excerpt":{"rendered":"<p>\u00a0 \u00a0 Visualizza Scheda Tecnica in PDF Titolo Corso di formazione per \u201cCoordinatore della sicurezza in fase di progettazione ed esecuzione\u201d (120 ore) Destinatari Il corso \u00e8 rivolto a coloro che devono ricoprire l\u2019incarico di coordinatore in materia di sicurezza e di salute durante la progettazione e l\u2019esecuzione dell&#8217;opera (Titolo IV D.lgs. 81\/2008). L\u2019attestato di frequenza rilasciato al termine del [&hellip;]<\/p>\n","protected":false},"featured_media":709,"template":"","meta":[],"product_brand":[],"product_cat":[28,916],"product_tag":[39,414],"class_list":{"0":"post-710","1":"product","2":"type-product","3":"status-publish","4":"has-post-thumbnail","6":"product_cat-corsi-sicurezza-d-lgs-81-08","7":"product_cat-blended","8":"product_tag-corsi-sicurezza-d-lgs-81-08-datoriali-e-per-professionisti","9":"product_tag-corso-120-ore","11":"first","12":"instock","13":"taxable","14":"shipping-taxable","15":"product-type-simple"},"yoast_head":"<!-- This site is optimized with the Yoast SEO plugin v25.4 - https:\/\/yoast.com\/wordpress\/plugins\/seo\/ -->\n<title>Coordinatore della sicurezza - Ampi Point Servizi emmegi<\/title>\n<meta name=\"robots\" content=\"index, follow, max-snippet:-1, max-image-preview:large, max-video-preview:-1\" \/>\n<link rel=\"canonical\" href=\"https:\/\/www.ampipointservizimg.it\/?product=coordinatore-della-sicurezza\" \/>\n<meta property=\"og:locale\" content=\"it_IT\" \/>\n<meta property=\"og:type\" content=\"article\" \/>\n<meta property=\"og:title\" content=\"Coordinatore della sicurezza - Ampi Point Servizi emmegi\" \/>\n<meta property=\"og:description\" content=\"\u00a0 \u00a0 Visualizza Scheda Tecnica in PDF Titolo Corso di formazione per \u201cCoordinatore della sicurezza in fase di progettazione ed esecuzione\u201d (120 ore) Destinatari Il corso \u00e8 rivolto a coloro che devono ricoprire l\u2019incarico di coordinatore in materia di sicurezza e di salute durante la progettazione e l\u2019esecuzione dell&#8217;opera (Titolo IV D.lgs. 81\/2008). L\u2019attestato di frequenza rilasciato al termine del [&hellip;]\" \/>\n<meta property=\"og:url\" content=\"https:\/\/www.ampipointservizimg.it\/?product=coordinatore-della-sicurezza\" \/>\n<meta property=\"og:site_name\" content=\"Ampi Point Servizi emmegi\" \/>\n<meta property=\"article:modified_time\" content=\"2025-07-08T21:16:03+00:00\" \/>\n<meta property=\"og:image\" content=\"https:\/\/www.ampipointservizimg.it\/wp-content\/uploads\/2022\/03\/Coordinatore-della-sicurezza.jpg\" \/>\n\t<meta property=\"og:image:width\" content=\"300\" \/>\n\t<meta property=\"og:image:height\" content=\"300\" \/>\n\t<meta property=\"og:image:type\" content=\"image\/jpeg\" \/>\n<meta name=\"twitter:card\" content=\"summary_large_image\" \/>\n<meta name=\"twitter:label1\" content=\"Tempo di lettura stimato\" \/>\n\t<meta name=\"twitter:data1\" content=\"4 minuti\" \/>\n<script type=\"application\/ld+json\" class=\"yoast-schema-graph\">{\"@context\":\"https:\/\/schema.org\",\"@graph\":[{\"@type\":\"WebPage\",\"@id\":\"https:\/\/www.ampipointservizimg.it\/?product=coordinatore-della-sicurezza\",\"url\":\"https:\/\/www.ampipointservizimg.it\/?product=coordinatore-della-sicurezza\",\"name\":\"Coordinatore della sicurezza - Ampi Point Servizi emmegi\",\"isPartOf\":{\"@id\":\"https:\/\/www.ampipointservizimg.it\/#website\"},\"primaryImageOfPage\":{\"@id\":\"https:\/\/www.ampipointservizimg.it\/?product=coordinatore-della-sicurezza#primaryimage\"},\"image\":{\"@id\":\"https:\/\/www.ampipointservizimg.it\/?product=coordinatore-della-sicurezza#primaryimage\"},\"thumbnailUrl\":\"https:\/\/www.ampipointservizimg.it\/wp-content\/uploads\/2022\/03\/Coordinatore-della-sicurezza.jpg\",\"datePublished\":\"2022-03-07T16:12:04+00:00\",\"dateModified\":\"2025-07-08T21:16:03+00:00\",\"breadcrumb\":{\"@id\":\"https:\/\/www.ampipointservizimg.it\/?product=coordinatore-della-sicurezza#breadcrumb\"},\"inLanguage\":\"it-IT\",\"potentialAction\":[{\"@type\":\"ReadAction\",\"target\":[\"https:\/\/www.ampipointservizimg.it\/?product=coordinatore-della-sicurezza\"]}]},{\"@type\":\"ImageObject\",\"inLanguage\":\"it-IT\",\"@id\":\"https:\/\/www.ampipointservizimg.it\/?product=coordinatore-della-sicurezza#primaryimage\",\"url\":\"https:\/\/www.ampipointservizimg.it\/wp-content\/uploads\/2022\/03\/Coordinatore-della-sicurezza.jpg\",\"contentUrl\":\"https:\/\/www.ampipointservizimg.it\/wp-content\/uploads\/2022\/03\/Coordinatore-della-sicurezza.jpg\",\"width\":300,\"height\":300},{\"@type\":\"BreadcrumbList\",\"@id\":\"https:\/\/www.ampipointservizimg.it\/?product=coordinatore-della-sicurezza#breadcrumb\",\"itemListElement\":[{\"@type\":\"ListItem\",\"position\":1,\"name\":\"Home\",\"item\":\"https:\/\/www.ampipointservizimg.it\/\"},{\"@type\":\"ListItem\",\"position\":2,\"name\":\"Shop\",\"item\":\"https:\/\/www.ampipointservizimg.it\/?page_id=91\"},{\"@type\":\"ListItem\",\"position\":3,\"name\":\"Coordinatore della sicurezza\"}]},{\"@type\":\"WebSite\",\"@id\":\"https:\/\/www.ampipointservizimg.it\/#website\",\"url\":\"https:\/\/www.ampipointservizimg.it\/\",\"name\":\"Ampi Point Servizi emmegi\",\"description\":\"\",\"publisher\":{\"@id\":\"https:\/\/www.ampipointservizimg.it\/#organization\"},\"potentialAction\":[{\"@type\":\"SearchAction\",\"target\":{\"@type\":\"EntryPoint\",\"urlTemplate\":\"https:\/\/www.ampipointservizimg.it\/?s={search_term_string}\"},\"query-input\":{\"@type\":\"PropertyValueSpecification\",\"valueRequired\":true,\"valueName\":\"search_term_string\"}}],\"inLanguage\":\"it-IT\"},{\"@type\":\"Organization\",\"@id\":\"https:\/\/www.ampipointservizimg.it\/#organization\",\"name\":\"Sviluppo Qualit\u00e0\",\"alternateName\":\"Sviluppo Qualit\u00e0\",\"url\":\"https:\/\/www.ampipointservizimg.it\/\",\"logo\":{\"@type\":\"ImageObject\",\"inLanguage\":\"it-IT\",\"@id\":\"https:\/\/www.ampipointservizimg.it\/#\/schema\/logo\/image\/\",\"url\":\"https:\/\/www.ampipointservizimg.it\/wp-content\/uploads\/2025\/06\/cropped-logo_con_ampi-1.png\",\"contentUrl\":\"https:\/\/www.ampipointservizimg.it\/wp-content\/uploads\/2025\/06\/cropped-logo_con_ampi-1.png\",\"width\":2269,\"height\":544,\"caption\":\"Sviluppo Qualit\u00e0\"},\"image\":{\"@id\":\"https:\/\/www.ampipointservizimg.it\/#\/schema\/logo\/image\/\"}}]}<\/script>\n<!-- \/ Yoast SEO plugin. -->","yoast_head_json":{"title":"Coordinatore della sicurezza - Ampi Point Servizi emmegi","robots":{"index":"index","follow":"follow","max-snippet":"max-snippet:-1","max-image-preview":"max-image-preview:large","max-video-preview":"max-video-preview:-1"},"canonical":"https:\/\/www.ampipointservizimg.it\/?product=coordinatore-della-sicurezza","og_locale":"it_IT","og_type":"article","og_title":"Coordinatore della sicurezza - Ampi Point Servizi emmegi","og_description":"\u00a0 \u00a0 Visualizza Scheda Tecnica in PDF Titolo Corso di formazione per \u201cCoordinatore della sicurezza in fase di progettazione ed esecuzione\u201d (120 ore) Destinatari Il corso \u00e8 rivolto a coloro che devono ricoprire l\u2019incarico di coordinatore in materia di sicurezza e di salute durante la progettazione e l\u2019esecuzione dell&#8217;opera (Titolo IV D.lgs. 81\/2008). L\u2019attestato di frequenza rilasciato al termine del [&hellip;]","og_url":"https:\/\/www.ampipointservizimg.it\/?product=coordinatore-della-sicurezza","og_site_name":"Ampi Point Servizi emmegi","article_modified_time":"2025-07-08T21:16:03+00:00","og_image":[{"width":300,"height":300,"url":"https:\/\/www.ampipointservizimg.it\/wp-content\/uploads\/2022\/03\/Coordinatore-della-sicurezza.jpg","type":"image\/jpeg"}],"twitter_card":"summary_large_image","twitter_misc":{"Tempo di lettura stimato":"4 minuti"},"schema":{"@context":"https:\/\/schema.org","@graph":[{"@type":"WebPage","@id":"https:\/\/www.ampipointservizimg.it\/?product=coordinatore-della-sicurezza","url":"https:\/\/www.ampipointservizimg.it\/?product=coordinatore-della-sicurezza","name":"Coordinatore della sicurezza - Ampi Point Servizi emmegi","isPartOf":{"@id":"https:\/\/www.ampipointservizimg.it\/#website"},"primaryImageOfPage":{"@id":"https:\/\/www.ampipointservizimg.it\/?product=coordinatore-della-sicurezza#primaryimage"},"image":{"@id":"https:\/\/www.ampipointservizimg.it\/?product=coordinatore-della-sicurezza#primaryimage"},"thumbnailUrl":"https:\/\/www.ampipointservizimg.it\/wp-content\/uploads\/2022\/03\/Coordinatore-della-sicurezza.jpg","datePublished":"2022-03-07T16:12:04+00:00","dateModified":"2025-07-08T21:16:03+00:00","breadcrumb":{"@id":"https:\/\/www.ampipointservizimg.it\/?product=coordinatore-della-sicurezza#breadcrumb"},"inLanguage":"it-IT","potentialAction":[{"@type":"ReadAction","target":["https:\/\/www.ampipointservizimg.it\/?product=coordinatore-della-sicurezza"]}]},{"@type":"ImageObject","inLanguage":"it-IT","@id":"https:\/\/www.ampipointservizimg.it\/?product=coordinatore-della-sicurezza#primaryimage","url":"https:\/\/www.ampipointservizimg.it\/wp-content\/uploads\/2022\/03\/Coordinatore-della-sicurezza.jpg","contentUrl":"https:\/\/www.ampipointservizimg.it\/wp-content\/uploads\/2022\/03\/Coordinatore-della-sicurezza.jpg","width":300,"height":300},{"@type":"BreadcrumbList","@id":"https:\/\/www.ampipointservizimg.it\/?product=coordinatore-della-sicurezza#breadcrumb","itemListElement":[{"@type":"ListItem","position":1,"name":"Home","item":"https:\/\/www.ampipointservizimg.it\/"},{"@type":"ListItem","position":2,"name":"Shop","item":"https:\/\/www.ampipointservizimg.it\/?page_id=91"},{"@type":"ListItem","position":3,"name":"Coordinatore della sicurezza"}]},{"@type":"WebSite","@id":"https:\/\/www.ampipointservizimg.it\/#website","url":"https:\/\/www.ampipointservizimg.it\/","name":"Ampi Point Servizi emmegi","description":"","publisher":{"@id":"https:\/\/www.ampipointservizimg.it\/#organization"},"potentialAction":[{"@type":"SearchAction","target":{"@type":"EntryPoint","urlTemplate":"https:\/\/www.ampipointservizimg.it\/?s={search_term_string}"},"query-input":{"@type":"PropertyValueSpecification","valueRequired":true,"valueName":"search_term_string"}}],"inLanguage":"it-IT"},{"@type":"Organization","@id":"https:\/\/www.ampipointservizimg.it\/#organization","name":"Sviluppo Qualit\u00e0","alternateName":"Sviluppo Qualit\u00e0","url":"https:\/\/www.ampipointservizimg.it\/","logo":{"@type":"ImageObject","inLanguage":"it-IT","@id":"https:\/\/www.ampipointservizimg.it\/#\/schema\/logo\/image\/","url":"https:\/\/www.ampipointservizimg.it\/wp-content\/uploads\/2025\/06\/cropped-logo_con_ampi-1.png","contentUrl":"https:\/\/www.ampipointservizimg.it\/wp-content\/uploads\/2025\/06\/cropped-logo_con_ampi-1.png","width":2269,"height":544,"caption":"Sviluppo Qualit\u00e0"},"image":{"@id":"https:\/\/www.ampipointservizimg.it\/#\/schema\/logo\/image\/"}}]}},"_links":{"self":[{"href":"https:\/\/www.ampipointservizimg.it\/index.php?rest_route=\/wp\/v2\/product\/710","targetHints":{"allow":["GET"]}}],"collection":[{"href":"https:\/\/www.ampipointservizimg.it\/index.php?rest_route=\/wp\/v2\/product"}],"about":[{"href":"https:\/\/www.ampipointservizimg.it\/index.php?rest_route=\/wp\/v2\/types\/product"}],"wp:featuredmedia":[{"embeddable":true,"href":"https:\/\/www.ampipointservizimg.it\/index.php?rest_route=\/wp\/v2\/media\/709"}],"wp:attachment":[{"href":"https:\/\/www.ampipointservizimg.it\/index.php?rest_route=%2Fwp%2Fv2%2Fmedia&parent=710"}],"wp:term":[{"taxonomy":"product_brand","embeddable":true,"href":"https:\/\/www.ampipointservizimg.it\/index.php?rest_route=%2Fwp%2Fv2%2Fproduct_brand&post=710"},{"taxonomy":"product_cat","embeddable":true,"href":"https:\/\/www.ampipointservizimg.it\/index.php?rest_route=%2Fwp%2Fv2%2Fproduct_cat&post=710"},{"taxonomy":"product_tag","embeddable":true,"href":"https:\/\/www.ampipointservizimg.it\/index.php?rest_route=%2Fwp%2Fv2%2Fproduct_tag&post=710"}],"curies":[{"name":"wp","href":"https:\/\/api.w.org\/{rel}","templated":true}]}}