{"id":711,"date":"2022-03-07T17:12:19","date_gmt":"2022-03-07T16:12:19","guid":{"rendered":"https:\/\/new.sviluppoqualita.it\/prodotto\/rspp-modulo-c\/"},"modified":"2025-07-08T23:16:03","modified_gmt":"2025-07-08T21:16:03","slug":"rspp-modulo-c","status":"publish","type":"product","link":"https:\/\/www.ampipointservizimg.it\/?product=rspp-modulo-c","title":{"rendered":"RSPP \u2013 Modulo C"},"content":{"rendered":"<div id=\"div-scarica-scheda-tecnica\" style=\"text-align: center; padding: 7px; color: white; padding-top: 10px;\"><!-- blu 094775 rosso d1222b --> <a style=\"padding: 10px; border: 1px solid #dddddd; background-color: #d1222b; color: white;\" href=\"https:\/\/www.networkgtc.it\/wp-content\/uploads\/2019\/08\/15-RSPP-Modulo-C.pdf\" target=\"_blank\" rel=\"noopener noreferrer\"> <i class=\"fa fa-file-pdf-o\" style=\"padding-left: 5px; ;color: white;\"><\/i> \u00a0 <span style=\"border-left: 1px solid white;\"> \u00a0 Visualizza Scheda Tecnica in PDF<\/span><\/a><\/div>\n<table class=\"tabella-scheda-tecnica-networkgtc\" style=\"width: 76.5034%; height: 1601px;\">\n<tbody>\n<tr style=\"height: 64px;\">\n<td style=\"width: 15.7971%; border-width: 1pt; border-style: solid; height: 64px;\">\n<p class=\"s1\" style=\"padding-top: 6pt; padding-left: 7pt; padding-right: 9pt; text-indent: 0pt; text-align: center;\"><span style=\"font-size: 12pt;\">Titolo<\/span><\/p>\n<\/td>\n<td style=\"width: 132.912%; border-width: 1pt; border-style: solid; height: 64px;\" colspan=\"2\">\n<p class=\"s2\" style=\"padding-top: 5pt; padding-left: 5pt; text-indent: 0pt; text-align: left;\"><span style=\"font-size: 12pt;\">Corso di formazione \u201cR.S.P.P. \u2013 MODULO C\u201d<\/span><\/p>\n<\/td>\n<\/tr>\n<tr style=\"height: 122px;\">\n<td style=\"width: 15.7971%; border-width: 1pt; border-style: solid; height: 122px;\">\n<p class=\"s1\" style=\"padding-top: 7pt; padding-left: 7pt; padding-right: 10pt; text-indent: 0pt; text-align: center;\"><span style=\"font-size: 12pt;\">Destinatari<\/span><\/p>\n<\/td>\n<td style=\"width: 132.912%; border-width: 1pt; border-style: solid; height: 122px;\" colspan=\"2\">\n<p class=\"s3\" style=\"padding-left: 7pt; padding-right: 4pt; text-indent: 0pt; line-height: 114%; text-align: justify;\"><span style=\"font-size: 12pt;\">Il corso \u00e8 rivolto a coloro che hanno necessit\u00e0 di completare il <a href=\"https:\/\/shop.networkgtc.it\/product-category\/formazione\/sicurezza\/formazione-corsi-sicurezza-d-lgs-8108-datoriali\/\">percorso formativo<\/a> per RSPP. Il Modulo C \u00e8 il corso di specializzazione rivolto ai soli RSPP e va ad integrare e completare la formazione di base acquisita con il modulo A e eventualmente con il modulo B comune sui rischi specifici dei diversi settori produttivi. Quindi i destinatari sono esclusivamente RSSP che hanno gi\u00e0 svolto con profitto il corso base per lo svolgimento della funzione di RSPP, ossia quello indicato come \u201cModulo A\u201d nell\u2019Accordo Stato \u2013 Regioni del 07\/07\/2016.<\/span><\/p>\n<\/td>\n<\/tr>\n<tr style=\"height: 225px;\">\n<td style=\"width: 15.7971%; border-width: 1pt; border-style: solid; height: 225px;\">\n<p class=\"s1\" style=\"padding-top: 9pt; padding-left: 14pt; padding-right: 16pt; text-indent: 0pt; text-align: center;\"><span style=\"font-size: 12pt;\">Obiettivi e Finalit\u00e0<\/span><\/p>\n<\/td>\n<td style=\"width: 132.912%; border-width: 1pt; border-style: solid; height: 225px;\" colspan=\"2\">\n<p class=\"s3\" style=\"padding-left: 5pt; padding-right: 4pt; text-indent: 0pt; line-height: 120%; text-align: justify;\"><span style=\"font-size: 12pt;\">Il corso di formazione ha la finalit\u00e0 di implementare le competenze in materia di prevenzione e protezione dei rischi; integrare la formazione pregressa dei Responsabili SPP al fine di sviluppare, negli stessi, capacita gestionali e relazionali e far loro acquisire elementi di conoscenza su:<\/span><\/p>\n<ul>\n<li><span style=\"font-size: 12pt;\">sistemi di gestione della sicurezza;<\/span><\/li>\n<li><span style=\"font-size: 12pt;\">organizzazione tecnico-amministrativa della prevenzione;<\/span><\/li>\n<li><span style=\"font-size: 12pt;\">dinamica delle relazioni e della comunicazione;<\/span><\/li>\n<li><span style=\"font-size: 12pt;\">fattori di rischio psico-sociali ed ergonomici;<\/span><\/li>\n<li><span style=\"font-size: 12pt;\">progettazione e gestione dei processi formativi aziendali.<\/span><\/li>\n<\/ul>\n<\/td>\n<\/tr>\n<tr style=\"height: 82px;\">\n<td style=\"width: 15.7971%; border-width: 1pt; border-style: solid; height: 82px;\">\n<p class=\"s1\" style=\"padding-top: 2pt; padding-left: 7pt; padding-right: 10pt; text-indent: 0pt; text-align: center;\"><span style=\"font-size: 12pt;\">Normativa di riferimento<\/span><\/p>\n<\/td>\n<td style=\"width: 132.912%; border-width: 1pt; border-style: solid; height: 82px;\" colspan=\"2\">\n<ul>\n<li><span style=\"font-size: 12pt;\">D. Lgs. 81\/08 e smi;<\/span><\/li>\n<li><span style=\"font-size: 12pt;\">Accordo Stato \u2013 Regioni del 07\/07\/2016.<\/span><\/li>\n<\/ul>\n<\/td>\n<\/tr>\n<tr style=\"height: 70px;\">\n<td style=\"width: 15.7971%; border-width: 1pt; border-style: solid; text-align: center; height: 70px;\"><span style=\"font-size: 12pt;\">Requisiti di ammissione<\/span><\/td>\n<td style=\"width: 132.912%; border-width: 1pt; border-style: solid; height: 70px;\" colspan=\"2\">\n<p class=\"s3\" style=\"padding-top: 2pt; padding-left: 5pt; padding-right: 10pt; text-indent: 0pt; line-height: 114%; text-align: justify;\"><span style=\"font-size: 12pt;\">L\u2019accesso al corso \u00e8 consentito a coloro che hanno gi\u00e0 svolto con profitto il corso base per lo svolgimento della funzione di RSPP, ossia quello indicato come \u201cModulo A\u201d nell\u2019Accordo Stato \u2013 Regioni del 07\/07\/2016.<\/span><\/p>\n<\/td>\n<\/tr>\n<tr style=\"height: 61px;\">\n<td style=\"width: 15.7971%; border-width: 1pt; border-style: solid; text-align: center; height: 61px;\"><span style=\"font-size: 12pt;\">Durata e modalit\u00e0<\/span><\/td>\n<td style=\"width: 132.912%; border-width: 1pt; border-style: solid; height: 61px;\" colspan=\"2\">\n<p class=\"s3\" style=\"padding-top: 4pt; padding-left: 5pt; text-indent: 0pt; text-align: left;\"><span style=\"font-size: 12pt;\">Il corso ha una durata di 24 ore ed \u00e8 svolto esclusivamente in aula.<\/span><\/p>\n<\/td>\n<\/tr>\n<tr style=\"height: 68px;\">\n<td style=\"width: 15.7971%; border-width: 1pt; border-style: solid; text-align: center; height: 369px;\" rowspan=\"4\"><span style=\"font-size: 12pt;\">Programma del corso<\/span><\/td>\n<td style=\"width: 132.912%; border-width: 1pt; border-style: solid; height: 68px;\" colspan=\"2\">\n<p class=\"s4\" style=\"padding-top: 9pt; padding-left: 148pt; padding-right: 147pt; text-indent: 0pt; text-align: center;\">DISCIPLINE E CONTENUTI<\/p>\n<\/td>\n<\/tr>\n<tr style=\"height: 60px;\">\n<td style=\"width: 24.6377%; border-width: 1pt; border-style: solid; height: 168px;\" rowspan=\"2\">\n<p class=\"s3\" style=\"padding-left: 5pt; padding-right: 20pt; text-indent: 0pt; text-align: left;\"><span style=\"font-size: 12pt;\">Unit\u00e0 Didattica C1 \u2013 8 ore<\/span><\/p>\n<\/td>\n<td style=\"width: 108.274%; border-width: 1pt; border-style: solid; height: 60px;\">\n<p class=\"s3\" style=\"padding-top: 3pt; padding-left: 6pt; text-indent: 0pt; text-align: left;\">Presentazione su obiettivi e contenuti del corso.<\/p>\n<\/td>\n<\/tr>\n<tr style=\"height: 108px;\">\n<td style=\"width: 108.274%; border-width: 1pt; border-style: solid; height: 108px;\">\n<p class=\"s3\" style=\"padding-top: 3pt; padding-left: 6pt; padding-right: 5pt; text-indent: 0pt; text-align: justify;\">Ruolo dell\u2019informazione e della formazione: dalla valutazione dei rischi alla predisposizione dei piani di informazione e formazione; le fonti informative su salute e sicurezza sul lavoro; elementi di progettazione didattica.<\/p>\n<\/td>\n<\/tr>\n<tr style=\"height: 133px;\">\n<td style=\"width: 24.6377%; border-width: 1pt; border-style: solid; height: 133px;\">\n<p class=\"s3\" style=\"padding-left: 5pt; padding-right: 20pt; text-indent: 0pt; text-align: left;\"><span style=\"font-size: 12pt;\">Unit\u00e0 Didattica C2 \u2013 8 ore<\/span><\/p>\n<\/td>\n<td style=\"width: 108.274%; border-width: 1pt; border-style: solid; height: 133px;\">\n<p class=\"s3\" style=\"padding-top: 4pt; padding-left: 6pt; padding-right: 4pt; text-indent: 0pt; text-align: justify;\">Organizzazione e sistemi di gestione; conoscere la struttura di un SGSL secondo le principali normative; conoscere i principali elementi di organizzazione aziendale; il processo del miglioramento continuo; la responsabilit\u00e0 amministrativa delle persone giuridiche (d.lgs. 231\/2001).<\/p>\n<\/td>\n<\/tr>\n<tr style=\"height: 65px;\">\n<td style=\"width: 15.7971%; border-width: 1pt; border-style: solid; height: 223px;\" rowspan=\"2\">\n<p style=\"text-indent: 0pt; text-align: center;\"><span style=\"font-size: 12pt;\">Programma del corso<\/span><\/p>\n<\/td>\n<td style=\"width: 24.6377%; border-width: 1pt; border-style: solid; height: 65px;\">\n<p class=\"s3\" style=\"padding-left: 5pt; padding-right: 20pt; text-indent: 0pt; text-align: left;\"><span style=\"font-size: 12pt;\">Unit\u00e0 Didattica C3 \u2013 4 ore<\/span><\/p>\n<\/td>\n<td style=\"width: 108.274%; border-width: 1pt; border-style: solid; height: 65px;\">\n<p class=\"s3\" style=\"padding-top: 5pt; padding-left: 6pt; padding-right: 4pt; text-indent: 0pt; text-align: justify;\"><span style=\"font-size: 12pt;\">Il sistema delle relazioni e della comunicazione; il sistema delle relazioni: RLS, Medico competente, lavoratori, datore di lavoro, enti pubblici, fornitori, lavoratori autonomi, appaltatori, ecc. gestione della comunicazione nelle diverse situazioni di lavoro; metodi, tecniche e strumenti della comunicazione; gestione degli incontri di lavoro e della riunione periodica; negoziazione e gestione delle relazioni sindacali.<\/span><\/p>\n<\/td>\n<\/tr>\n<tr style=\"height: 158px;\">\n<td style=\"width: 24.6377%; border-width: 1pt; border-style: solid; height: 158px;\">\n<p class=\"s3\" style=\"padding-top: 6pt; padding-left: 5pt; padding-right: 20pt; text-indent: 0pt; text-align: left;\"><span style=\"font-size: 12pt;\">Unit\u00e0 Didattica C4 \u2013 4 ore<\/span><\/p>\n<\/td>\n<td style=\"width: 108.274%; border-width: 1pt; border-style: solid; height: 158px;\">\n<p class=\"s3\" style=\"padding-top: 5pt; padding-left: 6pt; padding-right: 4pt; text-indent: 0pt; text-align: justify;\"><span style=\"font-size: 12pt;\">Benessere organizzativo, fattori di natura ergonomica e da stress lavoro-correlato; analisi del clima aziendale; elementi di comprensione e differenziazione fra stress, mobbing e burn- out; conseguenze lavorative dei rischi da tali fenomeni sulla efficienza organizzativa, sul comportamento di sicurezza del lavoratore e sul suo stato di salute.<\/span><\/p>\n<\/td>\n<\/tr>\n<tr style=\"height: 137px;\">\n<td style=\"width: 15.7971%; border-width: 1pt; border-style: solid; height: 137px;\">\n<p class=\"s1\" style=\"padding-top: 6pt; padding-left: 5pt; padding-right: 8pt; text-indent: 0pt; text-align: center;\"><span style=\"font-size: 12pt;\">Valutazione<\/span><\/p>\n<\/td>\n<td style=\"width: 132.912%; border-width: 1pt; border-style: solid; height: 137px;\" colspan=\"2\">\n<p class=\"s3\" style=\"padding-left: 11pt; text-indent: 0pt; line-height: 13pt; text-align: left;\">La verifica dell&#8217;apprendimento si svolge secondo le seguenti modalit\u00e0:<\/p>\n<ul>\n<li>test, somministrabili anche in itinere, per un totale minimo di 30 domande ciascuna con almeno tre risposte alternative {esito positivo dato dalla risposta corretta ad almeno il 70% delle domande);<\/li>\n<li>colloquio individuale di approfondimento.<\/li>\n<\/ul>\n<\/td>\n<\/tr>\n<tr style=\"height: 74px;\">\n<td style=\"width: 15.7971%; border-width: 1pt; border-style: solid; height: 74px;\">\n<p class=\"s1\" style=\"padding-left: 10pt; padding-right: 12pt; text-indent: 0pt; line-height: 11pt; text-align: center;\"><span style=\"font-size: 12pt;\">Attestato Formativo Rilasciato<\/span><\/p>\n<\/td>\n<td style=\"width: 132.912%; border-width: 1pt; border-style: solid; height: 74px;\" colspan=\"2\">\n<p class=\"s3\" style=\"padding-left: 5pt; text-indent: 0pt; text-align: left;\">Attestato di frequenza per \u201cRSPP modulo C\u201d della durata di 24 ore.<\/p>\n<\/td>\n<\/tr>\n<tr style=\"height: 89px;\">\n<td style=\"width: 15.7971%; border-width: 1pt; border-style: solid; height: 89px;\">\n<p class=\"s1\" style=\"padding-top: 9pt; padding-left: 7pt; padding-right: 10pt; text-indent: 0pt; text-align: center;\"><span style=\"font-size: 12pt;\">Docenza<\/span><\/p>\n<\/td>\n<td style=\"width: 132.912%; border-width: 1pt; border-style: solid; height: 89px;\" colspan=\"2\">\n<p class=\"s3\" style=\"padding-top: 7pt; padding-left: 5pt; padding-right: 4pt; text-indent: 0pt; text-align: justify;\">Docenti in possesso dei requisiti previsti dal decreto interministeriale 6 marzo 2013, emanato in attuazione dell&#8217;articolo 6, comma 8, lettera m bis, del D.lgs. n. 81\/2008, entrato in vigore il 18 marzo 2014.<\/p>\n<\/td>\n<\/tr>\n<tr style=\"height: 85px;\">\n<td style=\"width: 15.7971%; border-width: 1pt; border-style: solid; height: 85px;\">\n<p class=\"s1\" style=\"padding-top: 6pt; padding-left: 7pt; padding-right: 10pt; text-indent: 0pt; text-align: center;\"><span style=\"font-size: 12pt;\">Sede<\/span><\/p>\n<\/td>\n<td style=\"width: 132.912%; border-width: 1pt; border-style: solid; height: 85px;\" colspan=\"2\">\n<p class=\"s3\" style=\"padding-top: 4pt; padding-left: 5pt; padding-right: 4pt; text-indent: 0pt; text-align: justify;\">Il corso sar\u00e0 erogato, secondo un calendario prestabilito, in una delle sedi pi\u00f9 vicine dislocate sul territorio nazionale. \u00c8 possibile ammettere un numero massimo di partecipanti ad ogni corso pari a 35 unit\u00e0.<\/p>\n<\/td>\n<\/tr>\n<\/tbody>\n<\/table>\n","protected":false},"excerpt":{"rendered":"<p>\u00a0 \u00a0 Visualizza Scheda Tecnica in PDF Titolo Corso di formazione \u201cR.S.P.P. \u2013 MODULO C\u201d Destinatari Il corso \u00e8 rivolto a coloro che hanno necessit\u00e0 di completare il percorso formativo per RSPP. Il Modulo C \u00e8 il corso di specializzazione rivolto ai soli RSPP e va ad integrare e completare la formazione di base acquisita con il modulo A e [&hellip;]<\/p>\n","protected":false},"featured_media":673,"template":"","meta":[],"product_brand":[],"product_cat":[28,915],"product_tag":[39,85],"class_list":{"0":"post-711","1":"product","2":"type-product","3":"status-publish","4":"has-post-thumbnail","6":"product_cat-corsi-sicurezza-d-lgs-81-08","7":"product_cat-aula","8":"product_tag-corsi-sicurezza-d-lgs-81-08-datoriali-e-per-professionisti","9":"product_tag-corso-24-ore","11":"first","12":"instock","13":"taxable","14":"shipping-taxable","15":"product-type-simple"},"yoast_head":"<!-- This site is optimized with the Yoast SEO plugin v25.4 - https:\/\/yoast.com\/wordpress\/plugins\/seo\/ -->\n<title>RSPP \u2013 Modulo C - Ampi Point Servizi emmegi<\/title>\n<meta name=\"robots\" content=\"index, follow, max-snippet:-1, max-image-preview:large, max-video-preview:-1\" \/>\n<link rel=\"canonical\" href=\"https:\/\/www.ampipointservizimg.it\/?product=rspp-modulo-c\" \/>\n<meta property=\"og:locale\" content=\"it_IT\" \/>\n<meta property=\"og:type\" content=\"article\" \/>\n<meta property=\"og:title\" content=\"RSPP \u2013 Modulo C - Ampi Point Servizi emmegi\" \/>\n<meta property=\"og:description\" content=\"\u00a0 \u00a0 Visualizza Scheda Tecnica in PDF Titolo Corso di formazione \u201cR.S.P.P. \u2013 MODULO C\u201d Destinatari Il corso \u00e8 rivolto a coloro che hanno necessit\u00e0 di completare il percorso formativo per RSPP. Il Modulo C \u00e8 il corso di specializzazione rivolto ai soli RSPP e va ad integrare e completare la formazione di base acquisita con il modulo A e [&hellip;]\" \/>\n<meta property=\"og:url\" content=\"https:\/\/www.ampipointservizimg.it\/?product=rspp-modulo-c\" \/>\n<meta property=\"og:site_name\" content=\"Ampi Point Servizi emmegi\" \/>\n<meta property=\"article:modified_time\" content=\"2025-07-08T21:16:03+00:00\" \/>\n<meta property=\"og:image\" content=\"https:\/\/www.ampipointservizimg.it\/wp-content\/uploads\/2022\/03\/modulo-rspp.jpg\" \/>\n\t<meta property=\"og:image:width\" content=\"300\" \/>\n\t<meta property=\"og:image:height\" content=\"300\" \/>\n\t<meta property=\"og:image:type\" content=\"image\/jpeg\" \/>\n<meta name=\"twitter:card\" content=\"summary_large_image\" \/>\n<meta name=\"twitter:label1\" content=\"Tempo di lettura stimato\" \/>\n\t<meta name=\"twitter:data1\" content=\"3 minuti\" \/>\n<script type=\"application\/ld+json\" class=\"yoast-schema-graph\">{\"@context\":\"https:\/\/schema.org\",\"@graph\":[{\"@type\":\"WebPage\",\"@id\":\"https:\/\/www.ampipointservizimg.it\/?product=rspp-modulo-c\",\"url\":\"https:\/\/www.ampipointservizimg.it\/?product=rspp-modulo-c\",\"name\":\"RSPP \u2013 Modulo C - Ampi Point Servizi emmegi\",\"isPartOf\":{\"@id\":\"https:\/\/www.ampipointservizimg.it\/#website\"},\"primaryImageOfPage\":{\"@id\":\"https:\/\/www.ampipointservizimg.it\/?product=rspp-modulo-c#primaryimage\"},\"image\":{\"@id\":\"https:\/\/www.ampipointservizimg.it\/?product=rspp-modulo-c#primaryimage\"},\"thumbnailUrl\":\"https:\/\/www.ampipointservizimg.it\/wp-content\/uploads\/2022\/03\/modulo-rspp.jpg\",\"datePublished\":\"2022-03-07T16:12:19+00:00\",\"dateModified\":\"2025-07-08T21:16:03+00:00\",\"breadcrumb\":{\"@id\":\"https:\/\/www.ampipointservizimg.it\/?product=rspp-modulo-c#breadcrumb\"},\"inLanguage\":\"it-IT\",\"potentialAction\":[{\"@type\":\"ReadAction\",\"target\":[\"https:\/\/www.ampipointservizimg.it\/?product=rspp-modulo-c\"]}]},{\"@type\":\"ImageObject\",\"inLanguage\":\"it-IT\",\"@id\":\"https:\/\/www.ampipointservizimg.it\/?product=rspp-modulo-c#primaryimage\",\"url\":\"https:\/\/www.ampipointservizimg.it\/wp-content\/uploads\/2022\/03\/modulo-rspp.jpg\",\"contentUrl\":\"https:\/\/www.ampipointservizimg.it\/wp-content\/uploads\/2022\/03\/modulo-rspp.jpg\",\"width\":300,\"height\":300},{\"@type\":\"BreadcrumbList\",\"@id\":\"https:\/\/www.ampipointservizimg.it\/?product=rspp-modulo-c#breadcrumb\",\"itemListElement\":[{\"@type\":\"ListItem\",\"position\":1,\"name\":\"Home\",\"item\":\"https:\/\/www.ampipointservizimg.it\/\"},{\"@type\":\"ListItem\",\"position\":2,\"name\":\"Shop\",\"item\":\"https:\/\/www.ampipointservizimg.it\/?page_id=91\"},{\"@type\":\"ListItem\",\"position\":3,\"name\":\"RSPP \u2013 Modulo C\"}]},{\"@type\":\"WebSite\",\"@id\":\"https:\/\/www.ampipointservizimg.it\/#website\",\"url\":\"https:\/\/www.ampipointservizimg.it\/\",\"name\":\"Ampi Point Servizi emmegi\",\"description\":\"\",\"publisher\":{\"@id\":\"https:\/\/www.ampipointservizimg.it\/#organization\"},\"potentialAction\":[{\"@type\":\"SearchAction\",\"target\":{\"@type\":\"EntryPoint\",\"urlTemplate\":\"https:\/\/www.ampipointservizimg.it\/?s={search_term_string}\"},\"query-input\":{\"@type\":\"PropertyValueSpecification\",\"valueRequired\":true,\"valueName\":\"search_term_string\"}}],\"inLanguage\":\"it-IT\"},{\"@type\":\"Organization\",\"@id\":\"https:\/\/www.ampipointservizimg.it\/#organization\",\"name\":\"Sviluppo Qualit\u00e0\",\"alternateName\":\"Sviluppo Qualit\u00e0\",\"url\":\"https:\/\/www.ampipointservizimg.it\/\",\"logo\":{\"@type\":\"ImageObject\",\"inLanguage\":\"it-IT\",\"@id\":\"https:\/\/www.ampipointservizimg.it\/#\/schema\/logo\/image\/\",\"url\":\"https:\/\/www.ampipointservizimg.it\/wp-content\/uploads\/2025\/06\/cropped-logo_con_ampi-1.png\",\"contentUrl\":\"https:\/\/www.ampipointservizimg.it\/wp-content\/uploads\/2025\/06\/cropped-logo_con_ampi-1.png\",\"width\":2269,\"height\":544,\"caption\":\"Sviluppo Qualit\u00e0\"},\"image\":{\"@id\":\"https:\/\/www.ampipointservizimg.it\/#\/schema\/logo\/image\/\"}}]}<\/script>\n<!-- \/ Yoast SEO plugin. -->","yoast_head_json":{"title":"RSPP \u2013 Modulo C - Ampi Point Servizi emmegi","robots":{"index":"index","follow":"follow","max-snippet":"max-snippet:-1","max-image-preview":"max-image-preview:large","max-video-preview":"max-video-preview:-1"},"canonical":"https:\/\/www.ampipointservizimg.it\/?product=rspp-modulo-c","og_locale":"it_IT","og_type":"article","og_title":"RSPP \u2013 Modulo C - Ampi Point Servizi emmegi","og_description":"\u00a0 \u00a0 Visualizza Scheda Tecnica in PDF Titolo Corso di formazione \u201cR.S.P.P. \u2013 MODULO C\u201d Destinatari Il corso \u00e8 rivolto a coloro che hanno necessit\u00e0 di completare il percorso formativo per RSPP. Il Modulo C \u00e8 il corso di specializzazione rivolto ai soli RSPP e va ad integrare e completare la formazione di base acquisita con il modulo A e [&hellip;]","og_url":"https:\/\/www.ampipointservizimg.it\/?product=rspp-modulo-c","og_site_name":"Ampi Point Servizi emmegi","article_modified_time":"2025-07-08T21:16:03+00:00","og_image":[{"width":300,"height":300,"url":"https:\/\/www.ampipointservizimg.it\/wp-content\/uploads\/2022\/03\/modulo-rspp.jpg","type":"image\/jpeg"}],"twitter_card":"summary_large_image","twitter_misc":{"Tempo di lettura stimato":"3 minuti"},"schema":{"@context":"https:\/\/schema.org","@graph":[{"@type":"WebPage","@id":"https:\/\/www.ampipointservizimg.it\/?product=rspp-modulo-c","url":"https:\/\/www.ampipointservizimg.it\/?product=rspp-modulo-c","name":"RSPP \u2013 Modulo C - Ampi Point Servizi emmegi","isPartOf":{"@id":"https:\/\/www.ampipointservizimg.it\/#website"},"primaryImageOfPage":{"@id":"https:\/\/www.ampipointservizimg.it\/?product=rspp-modulo-c#primaryimage"},"image":{"@id":"https:\/\/www.ampipointservizimg.it\/?product=rspp-modulo-c#primaryimage"},"thumbnailUrl":"https:\/\/www.ampipointservizimg.it\/wp-content\/uploads\/2022\/03\/modulo-rspp.jpg","datePublished":"2022-03-07T16:12:19+00:00","dateModified":"2025-07-08T21:16:03+00:00","breadcrumb":{"@id":"https:\/\/www.ampipointservizimg.it\/?product=rspp-modulo-c#breadcrumb"},"inLanguage":"it-IT","potentialAction":[{"@type":"ReadAction","target":["https:\/\/www.ampipointservizimg.it\/?product=rspp-modulo-c"]}]},{"@type":"ImageObject","inLanguage":"it-IT","@id":"https:\/\/www.ampipointservizimg.it\/?product=rspp-modulo-c#primaryimage","url":"https:\/\/www.ampipointservizimg.it\/wp-content\/uploads\/2022\/03\/modulo-rspp.jpg","contentUrl":"https:\/\/www.ampipointservizimg.it\/wp-content\/uploads\/2022\/03\/modulo-rspp.jpg","width":300,"height":300},{"@type":"BreadcrumbList","@id":"https:\/\/www.ampipointservizimg.it\/?product=rspp-modulo-c#breadcrumb","itemListElement":[{"@type":"ListItem","position":1,"name":"Home","item":"https:\/\/www.ampipointservizimg.it\/"},{"@type":"ListItem","position":2,"name":"Shop","item":"https:\/\/www.ampipointservizimg.it\/?page_id=91"},{"@type":"ListItem","position":3,"name":"RSPP \u2013 Modulo C"}]},{"@type":"WebSite","@id":"https:\/\/www.ampipointservizimg.it\/#website","url":"https:\/\/www.ampipointservizimg.it\/","name":"Ampi Point Servizi emmegi","description":"","publisher":{"@id":"https:\/\/www.ampipointservizimg.it\/#organization"},"potentialAction":[{"@type":"SearchAction","target":{"@type":"EntryPoint","urlTemplate":"https:\/\/www.ampipointservizimg.it\/?s={search_term_string}"},"query-input":{"@type":"PropertyValueSpecification","valueRequired":true,"valueName":"search_term_string"}}],"inLanguage":"it-IT"},{"@type":"Organization","@id":"https:\/\/www.ampipointservizimg.it\/#organization","name":"Sviluppo Qualit\u00e0","alternateName":"Sviluppo Qualit\u00e0","url":"https:\/\/www.ampipointservizimg.it\/","logo":{"@type":"ImageObject","inLanguage":"it-IT","@id":"https:\/\/www.ampipointservizimg.it\/#\/schema\/logo\/image\/","url":"https:\/\/www.ampipointservizimg.it\/wp-content\/uploads\/2025\/06\/cropped-logo_con_ampi-1.png","contentUrl":"https:\/\/www.ampipointservizimg.it\/wp-content\/uploads\/2025\/06\/cropped-logo_con_ampi-1.png","width":2269,"height":544,"caption":"Sviluppo Qualit\u00e0"},"image":{"@id":"https:\/\/www.ampipointservizimg.it\/#\/schema\/logo\/image\/"}}]}},"_links":{"self":[{"href":"https:\/\/www.ampipointservizimg.it\/index.php?rest_route=\/wp\/v2\/product\/711","targetHints":{"allow":["GET"]}}],"collection":[{"href":"https:\/\/www.ampipointservizimg.it\/index.php?rest_route=\/wp\/v2\/product"}],"about":[{"href":"https:\/\/www.ampipointservizimg.it\/index.php?rest_route=\/wp\/v2\/types\/product"}],"wp:featuredmedia":[{"embeddable":true,"href":"https:\/\/www.ampipointservizimg.it\/index.php?rest_route=\/wp\/v2\/media\/673"}],"wp:attachment":[{"href":"https:\/\/www.ampipointservizimg.it\/index.php?rest_route=%2Fwp%2Fv2%2Fmedia&parent=711"}],"wp:term":[{"taxonomy":"product_brand","embeddable":true,"href":"https:\/\/www.ampipointservizimg.it\/index.php?rest_route=%2Fwp%2Fv2%2Fproduct_brand&post=711"},{"taxonomy":"product_cat","embeddable":true,"href":"https:\/\/www.ampipointservizimg.it\/index.php?rest_route=%2Fwp%2Fv2%2Fproduct_cat&post=711"},{"taxonomy":"product_tag","embeddable":true,"href":"https:\/\/www.ampipointservizimg.it\/index.php?rest_route=%2Fwp%2Fv2%2Fproduct_tag&post=711"}],"curies":[{"name":"wp","href":"https:\/\/api.w.org\/{rel}","templated":true}]}}