{"id":724,"date":"2022-03-07T17:15:47","date_gmt":"2022-03-07T16:15:47","guid":{"rendered":"https:\/\/new.sviluppoqualita.it\/prodotto\/aggiornamento-rls-4-ore\/"},"modified":"2025-07-08T23:16:03","modified_gmt":"2025-07-08T21:16:03","slug":"aggiornamento-rls-4-ore","status":"publish","type":"product","link":"https:\/\/www.ampipointservizimg.it\/?product=aggiornamento-rls-4-ore","title":{"rendered":"Aggiornamento RLS \u2013 4 ORE"},"content":{"rendered":"<div id=\"div-scarica-scheda-tecnica\" style=\"text-align: center; padding: 7px; color: white; padding-top: 10px;\"><!-- blu 094775 rosso d1222b --> <a style=\"padding: 10px; border: 1px solid #dddddd; background-color: #d1222b; color: white;\" href=\"https:\/\/www.networkgtc.it\/wp-content\/uploads\/2020\/04\/aggiornamento-RLS-4-ore.pdf\"> <i class=\"fa fa-file-pdf-o\" style=\"padding-left: 5px; ;color: white;\"><\/i> \u00a0 <span style=\"border-left: 1px solid white;\"> \u00a0 Visualizza Scheda Tecnica in PDF<\/span><\/a><\/div>\n<table class=\"tabella-scheda-tecnica-networkgtc\" style=\"width: 75.8418%; height: 1174px;\">\n<tbody>\n<tr style=\"height: 61px;\">\n<td style=\"width: 21.7518%; border-width: 1pt; border-style: solid; height: 61px;\">\n<p class=\"s1\" style=\"padding-top: 6pt; padding-left: 18pt; padding-right: 20pt; text-indent: 0pt; text-align: center;\">Titolo<\/p>\n<\/td>\n<td style=\"width: 106.715%; border-width: 1pt; border-style: solid; height: 61px;\">\n<p class=\"s2\" style=\"padding-top: 5pt; padding-left: 5pt; text-indent: 0pt; text-align: left;\">Corso di \u201cAggiornamento RLS 4 ore\u201d<\/p>\n<\/td>\n<\/tr>\n<tr style=\"height: 61px;\">\n<td style=\"width: 21.7518%; border-width: 1pt; border-style: solid; height: 61px;\">\n<p class=\"s1\" style=\"padding-top: 6pt; padding-left: 18pt; padding-right: 20pt; text-indent: 0pt; text-align: center;\">Destinatari<\/p>\n<\/td>\n<td style=\"width: 106.715%; border-width: 1pt; border-style: solid; height: 61px;\">\n<p class=\"s3\" style=\"padding-left: 7pt; text-indent: 0pt; line-height: 13pt; text-align: left;\">Rappresentanti dei lavoratori per la <a href=\"https:\/\/shop.networkgtc.it\/product-category\/formazione\/sicurezza\/formazione-aggiornamento-corsi-sicurezza-d-lgs-8108-lavoratori\/\">sicurezza<\/a> in carica.<\/p>\n<\/td>\n<\/tr>\n<tr style=\"height: 117px;\">\n<td style=\"width: 21.7518%; border-width: 1pt; border-style: solid; height: 117px;\">\n<p class=\"s1\" style=\"padding-left: 26pt; padding-right: 29pt; text-indent: 0pt; text-align: center;\">Obiettivi e Finalit\u00e0<\/p>\n<\/td>\n<td style=\"width: 106.715%; border-width: 1pt; border-style: solid; height: 117px;\">\n<p class=\"s3\" style=\"padding-left: 7pt; padding-right: 4pt; text-indent: 0pt; line-height: 114%; text-align: justify;\">Secondo quanto stabilito dal comma 11 dell\u2019articolo 37 del D. lgs 81\/08 e s.m.i., \u00e8 necessario che il Rappresentante dei Lavoratori per la Sicurezza segua dei corsi di aggiornamenti periodici: La contrattazione collettiva nazionale disciplina le modalit\u00e0 dell\u2019obbligo di aggiornamento periodico, la cui durata non pu\u00f2 essere inferiore a 4 ore annue per le imprese che occupano dai 15 ai 50 lavoratori.<\/p>\n<\/td>\n<\/tr>\n<tr style=\"height: 101px;\">\n<td style=\"width: 21.7518%; border-width: 1pt; border-style: solid; text-align: center; height: 101px;\">Normativa di riferimento<\/td>\n<td style=\"width: 106.715%; border-width: 1pt; border-style: solid; height: 101px;\">\n<ul>\n<li>D. Lgs. 81\/08 e smi;<\/li>\n<li>Accordo Stato \u2013 Regioni del 21\/12\/2011;<\/li>\n<li>Accordo Stato \u2013 Regioni del 07\/07\/2016.<\/li>\n<\/ul>\n<\/td>\n<\/tr>\n<tr style=\"height: 46px;\">\n<td style=\"width: 21.7518%; border-width: 1pt; border-style: solid; text-align: center; height: 46px;\">Requisiti di ammissione<\/td>\n<td style=\"width: 106.715%; border-width: 1pt; border-style: solid; height: 46px;\">\n<p class=\"s3\" style=\"padding-left: 7pt; text-indent: 0pt; line-height: 13pt; text-align: left;\">RLS in carica da almeno un anno in imprese che occupano dai 15 ai 50 lavoratori.<\/p>\n<\/td>\n<\/tr>\n<tr style=\"height: 46px;\">\n<td style=\"width: 21.7518%; border-width: 1pt; border-style: solid; text-align: center; height: 46px;\">Durata e modalit\u00e0<\/td>\n<td style=\"width: 106.715%; border-width: 1pt; border-style: solid; height: 46px;\">\n<p class=\"s3\" style=\"padding-left: 7pt; text-indent: 0pt; line-height: 13pt; text-align: left;\">Il corso ha una durata pari a 4 ore ed \u00e8 svolto interamente in aula.*<\/p>\n<p>\u00a0 *vedi scheda<\/td>\n<\/tr>\n<tr style=\"height: 57px;\">\n<td style=\"width: 21.7518%; border-width: 1pt; border-style: solid; height: 270px;\" rowspan=\"2\">\n<p class=\"s1\" style=\"padding-left: 33pt; padding-right: 12pt; text-indent: -22pt; text-align: left;\">Programma del corso<\/p>\n<\/td>\n<td style=\"width: 106.715%; border-width: 1pt; border-style: solid; height: 57px; text-align: center;\">DISCIPLINE E CONTENUTI<\/td>\n<\/tr>\n<tr style=\"height: 213px;\">\n<td style=\"width: 106.715%; border-width: 1pt; border-style: solid; height: 213px;\">\n<ul>\n<li>Principi costituzionali e civilistici<\/li>\n<li>I principali soggetti coinvolti ed i relativi obblighi<\/li>\n<li>La definizione e l&#8217;individuazione dei fattori di rischio. La valutazione dei rischi<\/li>\n<li>Lo stress da lavoro-correlato<\/li>\n<li>L&#8217;individuazione delle misure (tecniche, organizzative, procedurali) di prevenzione e protezione<\/li>\n<li>L\u2019informazione e la formazione nei luoghi di lavoro<\/li>\n<li>Nozioni di tecnica della comunicazione<\/li>\n<\/ul>\n<\/td>\n<\/tr>\n<tr style=\"height: 61px;\">\n<td style=\"width: 21.7518%; border-width: 1pt; border-style: solid; height: 61px;\">\n<p class=\"s1\" style=\"padding-top: 6pt; padding-left: 18pt; padding-right: 20pt; text-indent: 0pt; text-align: center;\">Valutazione<\/p>\n<\/td>\n<td style=\"width: 106.715%; border-width: 1pt; border-style: solid; height: 61px;\">\n<p class=\"s3\" style=\"padding-top: 5pt; padding-left: 5pt; text-indent: 0pt; text-align: left;\">La verifica dell&#8217;apprendimento si svolge sulla base di test a risposta multipla.<\/p>\n<\/td>\n<\/tr>\n<tr style=\"height: 107px;\">\n<td style=\"width: 21.7518%; border-width: 1pt; border-style: solid; height: 107px; text-align: center;\">Attestato Formativo Rilasciato<\/td>\n<td style=\"width: 106.715%; border-width: 1pt; border-style: solid; height: 107px;\">\n<p class=\"s3\" style=\"padding-left: 5pt; text-indent: 0pt; text-align: left;\">Attestato di frequenza \u201cAggiornamento RLS di 4 ore\u201d.<\/p>\n<\/td>\n<\/tr>\n<tr style=\"height: 106px;\">\n<td style=\"width: 21.7518%; border-width: 1pt; border-style: solid; height: 106px;\">\n<p class=\"s1\" style=\"padding-left: 18pt; padding-right: 20pt; text-indent: 0pt; text-align: center;\">Docenza<\/p>\n<\/td>\n<td style=\"width: 106.715%; border-width: 1pt; border-style: solid; height: 106px;\">\n<p class=\"s3\" style=\"padding-top: 4pt; padding-left: 5pt; padding-right: 4pt; text-indent: 0pt; text-align: justify;\">Docenti in possesso dei requisiti previsti dal decreto interministeriale 6 marzo 2013, emanato in attuazione dell&#8217;articolo 6, comma 8, lettera m bis), del d.lgs. n. 81\/2008, entrato in vigore il 18 marzo 2014.<\/p>\n<\/td>\n<\/tr>\n<tr style=\"height: 110px;\">\n<td style=\"width: 21.7518%; border-width: 1pt; border-style: solid; height: 110px;\">\n<p class=\"s1\" style=\"padding-top: 9pt; padding-left: 18pt; padding-right: 20pt; text-indent: 0pt; text-align: center;\">Sede<\/p>\n<\/td>\n<td style=\"width: 106.715%; border-width: 1pt; border-style: solid; height: 110px;\">\n<p class=\"s3\" style=\"padding-top: 7pt; padding-left: 5pt; padding-right: 4pt; text-indent: 0pt; text-align: justify;\">Il corso sar\u00e0 erogato, secondo un calendario prestabilito, in una delle sedi pi\u00f9 vicine dislocate sul territorio nazionale. \u00c8 possibile ammettere un numero massimo di partecipanti ad ogni corso pari a 35 unit\u00e0.<\/p>\n<\/td>\n<\/tr>\n<\/tbody>\n<\/table>\n","protected":false},"excerpt":{"rendered":"<p>\u00a0 \u00a0 Visualizza Scheda Tecnica in PDF Titolo Corso di \u201cAggiornamento RLS 4 ore\u201d Destinatari Rappresentanti dei lavoratori per la sicurezza in carica. Obiettivi e Finalit\u00e0 Secondo quanto stabilito dal comma 11 dell\u2019articolo 37 del D. lgs 81\/08 e s.m.i., \u00e8 necessario che il Rappresentante dei Lavoratori per la Sicurezza segua dei corsi di aggiornamenti periodici: La contrattazione collettiva nazionale [&hellip;]<\/p>\n","protected":false},"featured_media":723,"template":"","meta":[],"product_brand":[],"product_cat":[28,915],"product_tag":[320,40],"class_list":{"0":"post-724","1":"product","2":"type-product","3":"status-publish","4":"has-post-thumbnail","6":"product_cat-corsi-sicurezza-d-lgs-81-08","7":"product_cat-aula","8":"product_tag-aggiornamento-corsi-sicurezza-d-lgs-81-08-lavoratori","9":"product_tag-corso-4-ore","11":"first","12":"instock","13":"taxable","14":"shipping-taxable","15":"product-type-simple"},"yoast_head":"<!-- This site is optimized with the Yoast SEO plugin v25.4 - https:\/\/yoast.com\/wordpress\/plugins\/seo\/ -->\n<title>Aggiornamento RLS \u2013 4 ORE - Ampi Point Servizi emmegi<\/title>\n<meta name=\"robots\" content=\"index, follow, max-snippet:-1, max-image-preview:large, max-video-preview:-1\" \/>\n<link rel=\"canonical\" href=\"https:\/\/www.ampipointservizimg.it\/?product=aggiornamento-rls-4-ore\" \/>\n<meta property=\"og:locale\" content=\"it_IT\" \/>\n<meta property=\"og:type\" content=\"article\" \/>\n<meta property=\"og:title\" content=\"Aggiornamento RLS \u2013 4 ORE - Ampi Point Servizi emmegi\" \/>\n<meta property=\"og:description\" content=\"\u00a0 \u00a0 Visualizza Scheda Tecnica in PDF Titolo Corso di \u201cAggiornamento RLS 4 ore\u201d Destinatari Rappresentanti dei lavoratori per la sicurezza in carica. Obiettivi e Finalit\u00e0 Secondo quanto stabilito dal comma 11 dell\u2019articolo 37 del D. lgs 81\/08 e s.m.i., \u00e8 necessario che il Rappresentante dei Lavoratori per la Sicurezza segua dei corsi di aggiornamenti periodici: La contrattazione collettiva nazionale [&hellip;]\" \/>\n<meta property=\"og:url\" content=\"https:\/\/www.ampipointservizimg.it\/?product=aggiornamento-rls-4-ore\" \/>\n<meta property=\"og:site_name\" content=\"Ampi Point Servizi emmegi\" \/>\n<meta property=\"article:modified_time\" content=\"2025-07-08T21:16:03+00:00\" \/>\n<meta property=\"og:image\" content=\"https:\/\/www.ampipointservizimg.it\/wp-content\/uploads\/2022\/03\/RLS-4-ORE.jpg\" \/>\n\t<meta property=\"og:image:width\" content=\"300\" \/>\n\t<meta property=\"og:image:height\" content=\"300\" \/>\n\t<meta property=\"og:image:type\" content=\"image\/jpeg\" \/>\n<meta name=\"twitter:card\" content=\"summary_large_image\" \/>\n<meta name=\"twitter:label1\" content=\"Tempo di lettura stimato\" \/>\n\t<meta name=\"twitter:data1\" content=\"2 minuti\" \/>\n<script type=\"application\/ld+json\" class=\"yoast-schema-graph\">{\"@context\":\"https:\/\/schema.org\",\"@graph\":[{\"@type\":\"WebPage\",\"@id\":\"https:\/\/www.ampipointservizimg.it\/?product=aggiornamento-rls-4-ore\",\"url\":\"https:\/\/www.ampipointservizimg.it\/?product=aggiornamento-rls-4-ore\",\"name\":\"Aggiornamento RLS \u2013 4 ORE - Ampi Point Servizi emmegi\",\"isPartOf\":{\"@id\":\"https:\/\/www.ampipointservizimg.it\/#website\"},\"primaryImageOfPage\":{\"@id\":\"https:\/\/www.ampipointservizimg.it\/?product=aggiornamento-rls-4-ore#primaryimage\"},\"image\":{\"@id\":\"https:\/\/www.ampipointservizimg.it\/?product=aggiornamento-rls-4-ore#primaryimage\"},\"thumbnailUrl\":\"https:\/\/www.ampipointservizimg.it\/wp-content\/uploads\/2022\/03\/RLS-4-ORE.jpg\",\"datePublished\":\"2022-03-07T16:15:47+00:00\",\"dateModified\":\"2025-07-08T21:16:03+00:00\",\"breadcrumb\":{\"@id\":\"https:\/\/www.ampipointservizimg.it\/?product=aggiornamento-rls-4-ore#breadcrumb\"},\"inLanguage\":\"it-IT\",\"potentialAction\":[{\"@type\":\"ReadAction\",\"target\":[\"https:\/\/www.ampipointservizimg.it\/?product=aggiornamento-rls-4-ore\"]}]},{\"@type\":\"ImageObject\",\"inLanguage\":\"it-IT\",\"@id\":\"https:\/\/www.ampipointservizimg.it\/?product=aggiornamento-rls-4-ore#primaryimage\",\"url\":\"https:\/\/www.ampipointservizimg.it\/wp-content\/uploads\/2022\/03\/RLS-4-ORE.jpg\",\"contentUrl\":\"https:\/\/www.ampipointservizimg.it\/wp-content\/uploads\/2022\/03\/RLS-4-ORE.jpg\",\"width\":300,\"height\":300},{\"@type\":\"BreadcrumbList\",\"@id\":\"https:\/\/www.ampipointservizimg.it\/?product=aggiornamento-rls-4-ore#breadcrumb\",\"itemListElement\":[{\"@type\":\"ListItem\",\"position\":1,\"name\":\"Home\",\"item\":\"https:\/\/www.ampipointservizimg.it\/\"},{\"@type\":\"ListItem\",\"position\":2,\"name\":\"Shop\",\"item\":\"https:\/\/www.ampipointservizimg.it\/?page_id=91\"},{\"@type\":\"ListItem\",\"position\":3,\"name\":\"Aggiornamento RLS \u2013 4 ORE\"}]},{\"@type\":\"WebSite\",\"@id\":\"https:\/\/www.ampipointservizimg.it\/#website\",\"url\":\"https:\/\/www.ampipointservizimg.it\/\",\"name\":\"Ampi Point Servizi emmegi\",\"description\":\"\",\"publisher\":{\"@id\":\"https:\/\/www.ampipointservizimg.it\/#organization\"},\"potentialAction\":[{\"@type\":\"SearchAction\",\"target\":{\"@type\":\"EntryPoint\",\"urlTemplate\":\"https:\/\/www.ampipointservizimg.it\/?s={search_term_string}\"},\"query-input\":{\"@type\":\"PropertyValueSpecification\",\"valueRequired\":true,\"valueName\":\"search_term_string\"}}],\"inLanguage\":\"it-IT\"},{\"@type\":\"Organization\",\"@id\":\"https:\/\/www.ampipointservizimg.it\/#organization\",\"name\":\"Sviluppo Qualit\u00e0\",\"alternateName\":\"Sviluppo Qualit\u00e0\",\"url\":\"https:\/\/www.ampipointservizimg.it\/\",\"logo\":{\"@type\":\"ImageObject\",\"inLanguage\":\"it-IT\",\"@id\":\"https:\/\/www.ampipointservizimg.it\/#\/schema\/logo\/image\/\",\"url\":\"https:\/\/www.ampipointservizimg.it\/wp-content\/uploads\/2025\/06\/cropped-logo_con_ampi-1.png\",\"contentUrl\":\"https:\/\/www.ampipointservizimg.it\/wp-content\/uploads\/2025\/06\/cropped-logo_con_ampi-1.png\",\"width\":2269,\"height\":544,\"caption\":\"Sviluppo Qualit\u00e0\"},\"image\":{\"@id\":\"https:\/\/www.ampipointservizimg.it\/#\/schema\/logo\/image\/\"}}]}<\/script>\n<!-- \/ Yoast SEO plugin. -->","yoast_head_json":{"title":"Aggiornamento RLS \u2013 4 ORE - Ampi Point Servizi emmegi","robots":{"index":"index","follow":"follow","max-snippet":"max-snippet:-1","max-image-preview":"max-image-preview:large","max-video-preview":"max-video-preview:-1"},"canonical":"https:\/\/www.ampipointservizimg.it\/?product=aggiornamento-rls-4-ore","og_locale":"it_IT","og_type":"article","og_title":"Aggiornamento RLS \u2013 4 ORE - Ampi Point Servizi emmegi","og_description":"\u00a0 \u00a0 Visualizza Scheda Tecnica in PDF Titolo Corso di \u201cAggiornamento RLS 4 ore\u201d Destinatari Rappresentanti dei lavoratori per la sicurezza in carica. Obiettivi e Finalit\u00e0 Secondo quanto stabilito dal comma 11 dell\u2019articolo 37 del D. lgs 81\/08 e s.m.i., \u00e8 necessario che il Rappresentante dei Lavoratori per la Sicurezza segua dei corsi di aggiornamenti periodici: La contrattazione collettiva nazionale [&hellip;]","og_url":"https:\/\/www.ampipointservizimg.it\/?product=aggiornamento-rls-4-ore","og_site_name":"Ampi Point Servizi emmegi","article_modified_time":"2025-07-08T21:16:03+00:00","og_image":[{"width":300,"height":300,"url":"https:\/\/www.ampipointservizimg.it\/wp-content\/uploads\/2022\/03\/RLS-4-ORE.jpg","type":"image\/jpeg"}],"twitter_card":"summary_large_image","twitter_misc":{"Tempo di lettura stimato":"2 minuti"},"schema":{"@context":"https:\/\/schema.org","@graph":[{"@type":"WebPage","@id":"https:\/\/www.ampipointservizimg.it\/?product=aggiornamento-rls-4-ore","url":"https:\/\/www.ampipointservizimg.it\/?product=aggiornamento-rls-4-ore","name":"Aggiornamento RLS \u2013 4 ORE - Ampi Point Servizi emmegi","isPartOf":{"@id":"https:\/\/www.ampipointservizimg.it\/#website"},"primaryImageOfPage":{"@id":"https:\/\/www.ampipointservizimg.it\/?product=aggiornamento-rls-4-ore#primaryimage"},"image":{"@id":"https:\/\/www.ampipointservizimg.it\/?product=aggiornamento-rls-4-ore#primaryimage"},"thumbnailUrl":"https:\/\/www.ampipointservizimg.it\/wp-content\/uploads\/2022\/03\/RLS-4-ORE.jpg","datePublished":"2022-03-07T16:15:47+00:00","dateModified":"2025-07-08T21:16:03+00:00","breadcrumb":{"@id":"https:\/\/www.ampipointservizimg.it\/?product=aggiornamento-rls-4-ore#breadcrumb"},"inLanguage":"it-IT","potentialAction":[{"@type":"ReadAction","target":["https:\/\/www.ampipointservizimg.it\/?product=aggiornamento-rls-4-ore"]}]},{"@type":"ImageObject","inLanguage":"it-IT","@id":"https:\/\/www.ampipointservizimg.it\/?product=aggiornamento-rls-4-ore#primaryimage","url":"https:\/\/www.ampipointservizimg.it\/wp-content\/uploads\/2022\/03\/RLS-4-ORE.jpg","contentUrl":"https:\/\/www.ampipointservizimg.it\/wp-content\/uploads\/2022\/03\/RLS-4-ORE.jpg","width":300,"height":300},{"@type":"BreadcrumbList","@id":"https:\/\/www.ampipointservizimg.it\/?product=aggiornamento-rls-4-ore#breadcrumb","itemListElement":[{"@type":"ListItem","position":1,"name":"Home","item":"https:\/\/www.ampipointservizimg.it\/"},{"@type":"ListItem","position":2,"name":"Shop","item":"https:\/\/www.ampipointservizimg.it\/?page_id=91"},{"@type":"ListItem","position":3,"name":"Aggiornamento RLS \u2013 4 ORE"}]},{"@type":"WebSite","@id":"https:\/\/www.ampipointservizimg.it\/#website","url":"https:\/\/www.ampipointservizimg.it\/","name":"Ampi Point Servizi emmegi","description":"","publisher":{"@id":"https:\/\/www.ampipointservizimg.it\/#organization"},"potentialAction":[{"@type":"SearchAction","target":{"@type":"EntryPoint","urlTemplate":"https:\/\/www.ampipointservizimg.it\/?s={search_term_string}"},"query-input":{"@type":"PropertyValueSpecification","valueRequired":true,"valueName":"search_term_string"}}],"inLanguage":"it-IT"},{"@type":"Organization","@id":"https:\/\/www.ampipointservizimg.it\/#organization","name":"Sviluppo Qualit\u00e0","alternateName":"Sviluppo Qualit\u00e0","url":"https:\/\/www.ampipointservizimg.it\/","logo":{"@type":"ImageObject","inLanguage":"it-IT","@id":"https:\/\/www.ampipointservizimg.it\/#\/schema\/logo\/image\/","url":"https:\/\/www.ampipointservizimg.it\/wp-content\/uploads\/2025\/06\/cropped-logo_con_ampi-1.png","contentUrl":"https:\/\/www.ampipointservizimg.it\/wp-content\/uploads\/2025\/06\/cropped-logo_con_ampi-1.png","width":2269,"height":544,"caption":"Sviluppo Qualit\u00e0"},"image":{"@id":"https:\/\/www.ampipointservizimg.it\/#\/schema\/logo\/image\/"}}]}},"_links":{"self":[{"href":"https:\/\/www.ampipointservizimg.it\/index.php?rest_route=\/wp\/v2\/product\/724","targetHints":{"allow":["GET"]}}],"collection":[{"href":"https:\/\/www.ampipointservizimg.it\/index.php?rest_route=\/wp\/v2\/product"}],"about":[{"href":"https:\/\/www.ampipointservizimg.it\/index.php?rest_route=\/wp\/v2\/types\/product"}],"wp:featuredmedia":[{"embeddable":true,"href":"https:\/\/www.ampipointservizimg.it\/index.php?rest_route=\/wp\/v2\/media\/723"}],"wp:attachment":[{"href":"https:\/\/www.ampipointservizimg.it\/index.php?rest_route=%2Fwp%2Fv2%2Fmedia&parent=724"}],"wp:term":[{"taxonomy":"product_brand","embeddable":true,"href":"https:\/\/www.ampipointservizimg.it\/index.php?rest_route=%2Fwp%2Fv2%2Fproduct_brand&post=724"},{"taxonomy":"product_cat","embeddable":true,"href":"https:\/\/www.ampipointservizimg.it\/index.php?rest_route=%2Fwp%2Fv2%2Fproduct_cat&post=724"},{"taxonomy":"product_tag","embeddable":true,"href":"https:\/\/www.ampipointservizimg.it\/index.php?rest_route=%2Fwp%2Fv2%2Fproduct_tag&post=724"}],"curies":[{"name":"wp","href":"https:\/\/api.w.org\/{rel}","templated":true}]}}