{"id":728,"date":"2022-03-07T17:16:17","date_gmt":"2022-03-07T16:16:17","guid":{"rendered":"https:\/\/new.sviluppoqualita.it\/prodotto\/agg-preposto\/"},"modified":"2025-07-08T23:16:03","modified_gmt":"2025-07-08T21:16:03","slug":"agg-preposto","status":"publish","type":"product","link":"https:\/\/www.ampipointservizimg.it\/?product=agg-preposto","title":{"rendered":"Aggiornamento &#8211; Preposto"},"content":{"rendered":"<div id=\"div-scarica-scheda-tecnica\" style=\"text-align: center; padding: 7px; color: white; padding-top: 10px;\"><!-- blu 094775 rosso d1222b --> <a style=\"padding: 10px; border: 1px solid #dddddd; background-color: #d1222b; color: white;\" href=\"http:\/\/www.networkgtc.it\/wp-content\/uploads\/pdf_prodotti\/aggiornamento-Preposto.pdf\"> <i class=\"fa fa-file-pdf-o\" style=\"padding-left: 5px; ;color: white;\"><\/i> \u00a0 <span style=\"border-left: 1px solid white;\"> \u00a0 Visualizza Scheda Tecnica in PDF<\/span><\/a><\/div>\n<table class=\"tabella-scheda-tecnica-networkgtc\" style=\"width: 77.0218%;\">\n<tbody>\n<tr>\n<td style=\"width: 21.7518%; border-width: 1pt; border-style: solid;\">\n<p class=\"s1\" style=\"padding-top: 6pt; padding-left: 20pt; padding-right: 22pt; text-indent: 0pt; text-align: center;\">Titolo<\/p>\n<\/td>\n<td style=\"width: 108.759%; border-width: 1pt; border-style: solid;\">\n<p class=\"s2\" style=\"padding-top: 5pt; padding-left: 5pt; text-indent: 0pt; text-align: left;\">Corso di aggiornamento per \u201cPreposto\u201d<\/p>\n<\/td>\n<\/tr>\n<tr>\n<td style=\"width: 21.7518%; border-width: 1pt; border-style: solid;\">\n<p class=\"s1\" style=\"padding-left: 20pt; padding-right: 22pt; text-indent: 0pt; text-align: center;\">Destinatari<\/p>\n<\/td>\n<td style=\"width: 108.759%; border-width: 1pt; border-style: solid;\">\n<p class=\"s3\" style=\"padding-top: 6pt; padding-left: 5pt; padding-right: 4pt; text-indent: 0pt; text-align: justify;\">Il corso \u00e8 rivolto alla figura del preposto che ha gi\u00e0 svolto il corso di <a href=\"https:\/\/shop.networkgtc.it\/product-category\/formazione\/sicurezza\/formazione-aggiornamento-corsi-sicurezza-d-lgs-8108-lavoratori\/\">formazione<\/a> per Preposto e ha la necessit\u00e0 di effettuare l\u2019aggiornamento quinquennale della formazione. Il preposto nell\u2019ambito dell\u2019organizzazione aziendale ha il compito di sovrintendere all\u2019 attivit\u00e0 lavorativa e di garantire l&#8217;attuazione delle direttive ricevute, controllandone la corretta esecuzione da parte dei lavoratori ed esercitando un funzionale potere di iniziativa (capisquadra, capireparto, capiturno, capocantiere, capisala, capiufficio, capiarea).<\/p>\n<\/td>\n<\/tr>\n<tr>\n<td style=\"width: 21.7518%; border-width: 1pt; border-style: solid;\">\n<p class=\"s1\" style=\"padding-left: 27pt; padding-right: 29pt; text-indent: 0pt; text-align: center;\">Obiettivi e Finalit\u00e0<\/p>\n<\/td>\n<td style=\"width: 108.759%; border-width: 1pt; border-style: solid;\">\n<p class=\"s3\" style=\"padding-top: 4pt; padding-left: 7pt; padding-right: 4pt; text-indent: 0pt; text-align: justify;\">I preposti, ai sensi dell\u2019articolo 37 del D.lgs. 9 aprile 2008 n. 81, devono ricevere a cura del proprio datore di lavoro una formazione di aggiornamento come definito con l\u2019Accordo del 21 dicembre 2011 dalla Conferenza permanente per i rapporti tra lo Stato, le regioni e le province autonome: \u00e8 prevista una periodicit\u00e0 quinquennale e una durata minima di 6 ore, per tutti i livelli di rischio aziendale.<\/p>\n<p class=\"s3\" style=\"padding-left: 7pt; padding-right: 4pt; text-indent: 0pt; text-align: justify;\">In conformit\u00e0 a quanto previsto dall\u2019Accordo, gli argomenti trattati dal corso riguardano le significative evoluzioni delle azioni di prevenzione e protezione nella salvaguardia e tutela della sicurezza e salute nei luoghi di lavoro.<\/p>\n<p class=\"s3\" style=\"padding-left: 7pt; padding-right: 4pt; text-indent: 0pt; text-align: justify;\">Particolare attenzione \u00e8 rivolta alle applicazioni pratiche e agli approfondimenti esemplificativi relativi agli aspetti giuridico-normativi, all\u2019organizzazione e alla gestione della sicurezza in azienda dopo il D.lgs. 81\/2008, alle nuove modalit\u00e0 di gestione della formazione dei lavoratori, agli aggiornamenti su fonti di rischio e misure di prevenzione.<\/p>\n<\/td>\n<\/tr>\n<tr>\n<td style=\"width: 21.7518%; border-width: 1pt; border-style: solid; text-align: center;\">Normativa di riferimento<\/td>\n<td style=\"width: 108.759%; border-width: 1pt; border-style: solid;\">\n<ul>\n<li>D. Lgs. 81\/08 e s. s. m. e i.;<\/li>\n<li>Accordo Stato \u2013 Regioni n.221 del 21 dicembre 2011;<\/li>\n<li>Accordo Stato \u2013 Regioni n.153 del 25 luglio 2012;<\/li>\n<li>Accordo Stato \u2013 Regioni n.128 del 07 luglio 2016.<\/li>\n<\/ul>\n<\/td>\n<\/tr>\n<tr>\n<td style=\"width: 21.7518%; border-width: 1pt; border-style: solid; text-align: center;\">Requisiti di ammissione<\/td>\n<td style=\"width: 108.759%; border-width: 1pt; border-style: solid;\">\n<p class=\"s3\" style=\"padding-top: 5pt; padding-left: 7pt; padding-right: 4pt; text-indent: 0pt; line-height: 113%; text-align: left;\">Per l\u2019accesso al corso di aggiornamento \u00e8 richiesto il possesso di attestato di frequenza al corso di formazione per \u201cPreposto\u201d.<\/p>\n<\/td>\n<\/tr>\n<tr>\n<td style=\"width: 21.7518%; border-width: 1pt; border-style: solid; text-align: center;\">Durata e modalit\u00e0<\/td>\n<td style=\"width: 108.759%; border-width: 1pt; border-style: solid;\">\n<p class=\"s3\" style=\"padding-top: 4pt; padding-left: 7pt; padding-right: 4pt; text-indent: 0pt; text-align: justify;\">Il corso dura 6 ore e pu\u00f2 essere svolto interamente in modalit\u00e0 E-learning con specifiche caratteristiche di qualit\u00e0 e certificazione delle sessioni di collegamento dei partecipanti.<\/p>\n<\/td>\n<\/tr>\n<tr>\n<td style=\"width: 21.7518%; border-width: 1pt; border-style: solid;\" rowspan=\"2\">\n<p class=\"s1\" style=\"padding-top: 9pt; padding-left: 33pt; padding-right: 12pt; text-indent: -22pt; text-align: left;\">Programma del corso<\/p>\n<\/td>\n<td style=\"width: 108.759%; border-width: 1pt; border-style: solid;\">\n<p class=\"s4\" style=\"padding-top: 9pt; padding-left: 140pt; padding-right: 139pt; text-indent: 0pt; text-align: center;\">DISCIPLINE E CONTENUTI<\/p>\n<\/td>\n<\/tr>\n<tr>\n<td style=\"width: 108.759%; border-width: 1pt; border-style: solid;\">\n<ul>\n<li>Aggiornamento dei principi giuridici e normativi in materia di gestione della sicurezza sul lavoro<\/li>\n<li>La formazione e l\u2019Accordo Stato-Regioni<\/li>\n<li>Il sistema di prevenzione aziendale: ruoli, obblighi e organizzazione<\/li>\n<li>La nuova organizzazione della sicurezza dopo il D.Lgs. 81\/2008: misure di prevenzione e protezione per affrontare i rischi, relativi al livello indicato, nei<\/li>\n<li>luoghi di lavoro.<\/li>\n<\/ul>\n<\/td>\n<\/tr>\n<tr>\n<td style=\"width: 21.7518%; border-width: 1pt; border-style: solid;\">\n<p class=\"s1\" style=\"padding-left: 18pt; padding-right: 20pt; text-indent: 0pt; text-align: center;\">Valutazione<\/p>\n<\/td>\n<td style=\"width: 108.759%; border-width: 1pt; border-style: solid;\">\n<p class=\"s3\" style=\"padding-top: 4pt; padding-left: 5pt; text-indent: 0pt; text-align: left;\">La verifica dell&#8217;apprendimento si svolge sulla base di test a risposta multipla e quiz game somministrabili anche in itinere.<\/p>\n<\/td>\n<\/tr>\n<tr>\n<td style=\"width: 21.7518%; border-width: 1pt; border-style: solid; text-align: center;\">Attestato Formativo Rilasciato<\/td>\n<td style=\"width: 108.759%; border-width: 1pt; border-style: solid;\">\n<p class=\"s3\" style=\"padding-left: 5pt; text-indent: 0pt; text-align: left;\">Attestato di aggiornamento professionale di \u201cPreposto\u201d di 6 ore.<\/p>\n<\/td>\n<\/tr>\n<tr>\n<td style=\"width: 21.7518%; border-width: 1pt; border-style: solid;\">\n<p class=\"s1\" style=\"padding-left: 18pt; padding-right: 20pt; text-indent: 0pt; text-align: center;\">Docenza<\/p>\n<\/td>\n<td style=\"width: 108.759%; border-width: 1pt; border-style: solid;\">\n<p class=\"s3\" style=\"padding-top: 4pt; padding-left: 5pt; padding-right: 4pt; text-indent: 0pt; text-align: justify;\">Docenti in possesso dei requisiti previsti dal decreto interministeriale 6 marzo 2013, emanato in attuazione dell&#8217;articolo 6, comma 8, lettera m bis), del d.lgs. n. 81\/2008, entrato in vigore il 18 marzo 2014.<\/p>\n<\/td>\n<\/tr>\n<tr>\n<td style=\"width: 21.7518%; border-width: 1pt; border-style: solid;\">\n<p class=\"s1\" style=\"padding-left: 18pt; padding-right: 20pt; text-indent: 0pt; text-align: center;\">Sede<\/p>\n<\/td>\n<td style=\"width: 108.759%; border-width: 1pt; border-style: solid;\">\n<p class=\"s3\" style=\"padding-top: 1pt; padding-left: 5pt; padding-right: 4pt; text-indent: 0pt; text-align: justify;\">Il corso \u00e8 erogabile interamente in e-learning secondo le modalit\u00e0 definite all\u2019allegato II dell\u2019Accordo Stato \u2013 Regioni del 7 luglio 2016. In caso di svolgimento in aula il corso sar\u00e0 erogato, secondo un calendario prestabilito, in una delle sedi pi\u00f9 vicine dislocate sul territorio nazionale. \u00c8 possibile ammettere un numero massimo di partecipanti ad ogni corso pari a 35 unit\u00e0.<\/p>\n<\/td>\n<\/tr>\n<\/tbody>\n<\/table>\n","protected":false},"excerpt":{"rendered":"<p>\u00a0 \u00a0 Visualizza Scheda Tecnica in PDF Titolo Corso di aggiornamento per \u201cPreposto\u201d Destinatari Il corso \u00e8 rivolto alla figura del preposto che ha gi\u00e0 svolto il corso di formazione per Preposto e ha la necessit\u00e0 di effettuare l\u2019aggiornamento quinquennale della formazione. Il preposto nell\u2019ambito dell\u2019organizzazione aziendale ha il compito di sovrintendere all\u2019 attivit\u00e0 lavorativa e di garantire l&#8217;attuazione delle [&hellip;]<\/p>\n","protected":false},"featured_media":727,"template":"","meta":[],"product_brand":[],"product_cat":[28,917],"product_tag":[320,166],"class_list":{"0":"post-728","1":"product","2":"type-product","3":"status-publish","4":"has-post-thumbnail","6":"product_cat-corsi-sicurezza-d-lgs-81-08","7":"product_cat-corsi-fad","8":"product_tag-aggiornamento-corsi-sicurezza-d-lgs-81-08-lavoratori","9":"product_tag-corso-6-ore","11":"first","12":"instock","13":"taxable","14":"shipping-taxable","15":"purchasable","16":"product-type-simple"},"yoast_head":"<!-- This site is optimized with the Yoast SEO plugin v25.4 - https:\/\/yoast.com\/wordpress\/plugins\/seo\/ -->\n<title>Aggiornamento - Preposto - Ampi Point Servizi emmegi<\/title>\n<meta name=\"robots\" content=\"index, follow, max-snippet:-1, max-image-preview:large, max-video-preview:-1\" \/>\n<link rel=\"canonical\" href=\"https:\/\/www.ampipointservizimg.it\/?product=agg-preposto\" \/>\n<meta property=\"og:locale\" content=\"it_IT\" \/>\n<meta property=\"og:type\" content=\"article\" \/>\n<meta property=\"og:title\" content=\"Aggiornamento - Preposto - Ampi Point Servizi emmegi\" \/>\n<meta property=\"og:description\" content=\"\u00a0 \u00a0 Visualizza Scheda Tecnica in PDF Titolo Corso di aggiornamento per \u201cPreposto\u201d Destinatari Il corso \u00e8 rivolto alla figura del preposto che ha gi\u00e0 svolto il corso di formazione per Preposto e ha la necessit\u00e0 di effettuare l\u2019aggiornamento quinquennale della formazione. Il preposto nell\u2019ambito dell\u2019organizzazione aziendale ha il compito di sovrintendere all\u2019 attivit\u00e0 lavorativa e di garantire l&#8217;attuazione delle [&hellip;]\" \/>\n<meta property=\"og:url\" content=\"https:\/\/www.ampipointservizimg.it\/?product=agg-preposto\" \/>\n<meta property=\"og:site_name\" content=\"Ampi Point Servizi emmegi\" \/>\n<meta property=\"article:modified_time\" content=\"2025-07-08T21:16:03+00:00\" \/>\n<meta property=\"og:image\" content=\"https:\/\/www.ampipointservizimg.it\/wp-content\/uploads\/2022\/03\/Preposto_icon.jpg\" \/>\n\t<meta property=\"og:image:width\" content=\"300\" \/>\n\t<meta property=\"og:image:height\" content=\"300\" \/>\n\t<meta property=\"og:image:type\" content=\"image\/jpeg\" \/>\n<meta name=\"twitter:card\" content=\"summary_large_image\" \/>\n<meta name=\"twitter:label1\" content=\"Tempo di lettura stimato\" \/>\n\t<meta name=\"twitter:data1\" content=\"3 minuti\" \/>\n<script type=\"application\/ld+json\" class=\"yoast-schema-graph\">{\"@context\":\"https:\/\/schema.org\",\"@graph\":[{\"@type\":\"WebPage\",\"@id\":\"https:\/\/www.ampipointservizimg.it\/?product=agg-preposto\",\"url\":\"https:\/\/www.ampipointservizimg.it\/?product=agg-preposto\",\"name\":\"Aggiornamento - Preposto - Ampi Point Servizi emmegi\",\"isPartOf\":{\"@id\":\"https:\/\/www.ampipointservizimg.it\/#website\"},\"primaryImageOfPage\":{\"@id\":\"https:\/\/www.ampipointservizimg.it\/?product=agg-preposto#primaryimage\"},\"image\":{\"@id\":\"https:\/\/www.ampipointservizimg.it\/?product=agg-preposto#primaryimage\"},\"thumbnailUrl\":\"https:\/\/www.ampipointservizimg.it\/wp-content\/uploads\/2022\/03\/Preposto_icon.jpg\",\"datePublished\":\"2022-03-07T16:16:17+00:00\",\"dateModified\":\"2025-07-08T21:16:03+00:00\",\"breadcrumb\":{\"@id\":\"https:\/\/www.ampipointservizimg.it\/?product=agg-preposto#breadcrumb\"},\"inLanguage\":\"it-IT\",\"potentialAction\":[{\"@type\":\"ReadAction\",\"target\":[\"https:\/\/www.ampipointservizimg.it\/?product=agg-preposto\"]}]},{\"@type\":\"ImageObject\",\"inLanguage\":\"it-IT\",\"@id\":\"https:\/\/www.ampipointservizimg.it\/?product=agg-preposto#primaryimage\",\"url\":\"https:\/\/www.ampipointservizimg.it\/wp-content\/uploads\/2022\/03\/Preposto_icon.jpg\",\"contentUrl\":\"https:\/\/www.ampipointservizimg.it\/wp-content\/uploads\/2022\/03\/Preposto_icon.jpg\",\"width\":300,\"height\":300},{\"@type\":\"BreadcrumbList\",\"@id\":\"https:\/\/www.ampipointservizimg.it\/?product=agg-preposto#breadcrumb\",\"itemListElement\":[{\"@type\":\"ListItem\",\"position\":1,\"name\":\"Home\",\"item\":\"https:\/\/www.ampipointservizimg.it\/\"},{\"@type\":\"ListItem\",\"position\":2,\"name\":\"Shop\",\"item\":\"https:\/\/www.ampipointservizimg.it\/?page_id=91\"},{\"@type\":\"ListItem\",\"position\":3,\"name\":\"Aggiornamento &#8211; Preposto\"}]},{\"@type\":\"WebSite\",\"@id\":\"https:\/\/www.ampipointservizimg.it\/#website\",\"url\":\"https:\/\/www.ampipointservizimg.it\/\",\"name\":\"Ampi Point Servizi emmegi\",\"description\":\"\",\"publisher\":{\"@id\":\"https:\/\/www.ampipointservizimg.it\/#organization\"},\"potentialAction\":[{\"@type\":\"SearchAction\",\"target\":{\"@type\":\"EntryPoint\",\"urlTemplate\":\"https:\/\/www.ampipointservizimg.it\/?s={search_term_string}\"},\"query-input\":{\"@type\":\"PropertyValueSpecification\",\"valueRequired\":true,\"valueName\":\"search_term_string\"}}],\"inLanguage\":\"it-IT\"},{\"@type\":\"Organization\",\"@id\":\"https:\/\/www.ampipointservizimg.it\/#organization\",\"name\":\"Sviluppo Qualit\u00e0\",\"alternateName\":\"Sviluppo Qualit\u00e0\",\"url\":\"https:\/\/www.ampipointservizimg.it\/\",\"logo\":{\"@type\":\"ImageObject\",\"inLanguage\":\"it-IT\",\"@id\":\"https:\/\/www.ampipointservizimg.it\/#\/schema\/logo\/image\/\",\"url\":\"https:\/\/www.ampipointservizimg.it\/wp-content\/uploads\/2025\/06\/cropped-logo_con_ampi-1.png\",\"contentUrl\":\"https:\/\/www.ampipointservizimg.it\/wp-content\/uploads\/2025\/06\/cropped-logo_con_ampi-1.png\",\"width\":2269,\"height\":544,\"caption\":\"Sviluppo Qualit\u00e0\"},\"image\":{\"@id\":\"https:\/\/www.ampipointservizimg.it\/#\/schema\/logo\/image\/\"}}]}<\/script>\n<!-- \/ Yoast SEO plugin. -->","yoast_head_json":{"title":"Aggiornamento - Preposto - Ampi Point Servizi emmegi","robots":{"index":"index","follow":"follow","max-snippet":"max-snippet:-1","max-image-preview":"max-image-preview:large","max-video-preview":"max-video-preview:-1"},"canonical":"https:\/\/www.ampipointservizimg.it\/?product=agg-preposto","og_locale":"it_IT","og_type":"article","og_title":"Aggiornamento - Preposto - Ampi Point Servizi emmegi","og_description":"\u00a0 \u00a0 Visualizza Scheda Tecnica in PDF Titolo Corso di aggiornamento per \u201cPreposto\u201d Destinatari Il corso \u00e8 rivolto alla figura del preposto che ha gi\u00e0 svolto il corso di formazione per Preposto e ha la necessit\u00e0 di effettuare l\u2019aggiornamento quinquennale della formazione. Il preposto nell\u2019ambito dell\u2019organizzazione aziendale ha il compito di sovrintendere all\u2019 attivit\u00e0 lavorativa e di garantire l&#8217;attuazione delle [&hellip;]","og_url":"https:\/\/www.ampipointservizimg.it\/?product=agg-preposto","og_site_name":"Ampi Point Servizi emmegi","article_modified_time":"2025-07-08T21:16:03+00:00","og_image":[{"width":300,"height":300,"url":"https:\/\/www.ampipointservizimg.it\/wp-content\/uploads\/2022\/03\/Preposto_icon.jpg","type":"image\/jpeg"}],"twitter_card":"summary_large_image","twitter_misc":{"Tempo di lettura stimato":"3 minuti"},"schema":{"@context":"https:\/\/schema.org","@graph":[{"@type":"WebPage","@id":"https:\/\/www.ampipointservizimg.it\/?product=agg-preposto","url":"https:\/\/www.ampipointservizimg.it\/?product=agg-preposto","name":"Aggiornamento - Preposto - Ampi Point Servizi emmegi","isPartOf":{"@id":"https:\/\/www.ampipointservizimg.it\/#website"},"primaryImageOfPage":{"@id":"https:\/\/www.ampipointservizimg.it\/?product=agg-preposto#primaryimage"},"image":{"@id":"https:\/\/www.ampipointservizimg.it\/?product=agg-preposto#primaryimage"},"thumbnailUrl":"https:\/\/www.ampipointservizimg.it\/wp-content\/uploads\/2022\/03\/Preposto_icon.jpg","datePublished":"2022-03-07T16:16:17+00:00","dateModified":"2025-07-08T21:16:03+00:00","breadcrumb":{"@id":"https:\/\/www.ampipointservizimg.it\/?product=agg-preposto#breadcrumb"},"inLanguage":"it-IT","potentialAction":[{"@type":"ReadAction","target":["https:\/\/www.ampipointservizimg.it\/?product=agg-preposto"]}]},{"@type":"ImageObject","inLanguage":"it-IT","@id":"https:\/\/www.ampipointservizimg.it\/?product=agg-preposto#primaryimage","url":"https:\/\/www.ampipointservizimg.it\/wp-content\/uploads\/2022\/03\/Preposto_icon.jpg","contentUrl":"https:\/\/www.ampipointservizimg.it\/wp-content\/uploads\/2022\/03\/Preposto_icon.jpg","width":300,"height":300},{"@type":"BreadcrumbList","@id":"https:\/\/www.ampipointservizimg.it\/?product=agg-preposto#breadcrumb","itemListElement":[{"@type":"ListItem","position":1,"name":"Home","item":"https:\/\/www.ampipointservizimg.it\/"},{"@type":"ListItem","position":2,"name":"Shop","item":"https:\/\/www.ampipointservizimg.it\/?page_id=91"},{"@type":"ListItem","position":3,"name":"Aggiornamento &#8211; Preposto"}]},{"@type":"WebSite","@id":"https:\/\/www.ampipointservizimg.it\/#website","url":"https:\/\/www.ampipointservizimg.it\/","name":"Ampi Point Servizi emmegi","description":"","publisher":{"@id":"https:\/\/www.ampipointservizimg.it\/#organization"},"potentialAction":[{"@type":"SearchAction","target":{"@type":"EntryPoint","urlTemplate":"https:\/\/www.ampipointservizimg.it\/?s={search_term_string}"},"query-input":{"@type":"PropertyValueSpecification","valueRequired":true,"valueName":"search_term_string"}}],"inLanguage":"it-IT"},{"@type":"Organization","@id":"https:\/\/www.ampipointservizimg.it\/#organization","name":"Sviluppo Qualit\u00e0","alternateName":"Sviluppo Qualit\u00e0","url":"https:\/\/www.ampipointservizimg.it\/","logo":{"@type":"ImageObject","inLanguage":"it-IT","@id":"https:\/\/www.ampipointservizimg.it\/#\/schema\/logo\/image\/","url":"https:\/\/www.ampipointservizimg.it\/wp-content\/uploads\/2025\/06\/cropped-logo_con_ampi-1.png","contentUrl":"https:\/\/www.ampipointservizimg.it\/wp-content\/uploads\/2025\/06\/cropped-logo_con_ampi-1.png","width":2269,"height":544,"caption":"Sviluppo Qualit\u00e0"},"image":{"@id":"https:\/\/www.ampipointservizimg.it\/#\/schema\/logo\/image\/"}}]}},"_links":{"self":[{"href":"https:\/\/www.ampipointservizimg.it\/index.php?rest_route=\/wp\/v2\/product\/728","targetHints":{"allow":["GET"]}}],"collection":[{"href":"https:\/\/www.ampipointservizimg.it\/index.php?rest_route=\/wp\/v2\/product"}],"about":[{"href":"https:\/\/www.ampipointservizimg.it\/index.php?rest_route=\/wp\/v2\/types\/product"}],"wp:featuredmedia":[{"embeddable":true,"href":"https:\/\/www.ampipointservizimg.it\/index.php?rest_route=\/wp\/v2\/media\/727"}],"wp:attachment":[{"href":"https:\/\/www.ampipointservizimg.it\/index.php?rest_route=%2Fwp%2Fv2%2Fmedia&parent=728"}],"wp:term":[{"taxonomy":"product_brand","embeddable":true,"href":"https:\/\/www.ampipointservizimg.it\/index.php?rest_route=%2Fwp%2Fv2%2Fproduct_brand&post=728"},{"taxonomy":"product_cat","embeddable":true,"href":"https:\/\/www.ampipointservizimg.it\/index.php?rest_route=%2Fwp%2Fv2%2Fproduct_cat&post=728"},{"taxonomy":"product_tag","embeddable":true,"href":"https:\/\/www.ampipointservizimg.it\/index.php?rest_route=%2Fwp%2Fv2%2Fproduct_tag&post=728"}],"curies":[{"name":"wp","href":"https:\/\/api.w.org\/{rel}","templated":true}]}}