{"id":729,"date":"2022-03-07T17:16:32","date_gmt":"2022-03-07T16:16:32","guid":{"rendered":"https:\/\/new.sviluppoqualita.it\/prodotto\/preposto\/"},"modified":"2025-07-08T23:16:03","modified_gmt":"2025-07-08T21:16:03","slug":"preposto","status":"publish","type":"product","link":"https:\/\/www.ampipointservizimg.it\/?product=preposto","title":{"rendered":"Preposto"},"content":{"rendered":"<div id=\"div-scarica-scheda-tecnica\" style=\"text-align: center; padding: 7px; color: white; padding-top: 10px;\"><!-- blu 094775 rosso d1222b --> <a style=\"padding: 10px; border: 1px solid #dddddd; background-color: #d1222b; color: white;\" href=\"https:\/\/www.networkgtc.it\/wp-content\/uploads\/2019\/08\/6-Preposto.pdf\" target=\"_blank\" rel=\"noopener noreferrer\"> <i class=\"fa fa-file-pdf-o\" style=\"padding-left: 5px; ;color: white;\"><\/i> \u00a0 <span style=\"border-left: 1px solid white;\"> \u00a0 Visualizza Scheda Tecnica in PDF<\/span><\/a><\/div>\n<table class=\"tabella-scheda-tecnica-networkgtc\" style=\"width: 81.18%; height: 2030px;\">\n<tbody>\n<tr style=\"height: 61px;\">\n<td style=\"width: 21.0219%; border-width: 1pt; border-style: solid; height: 61px;\">\n<p class=\"s1\" style=\"padding-top: 6pt; padding-left: 5pt; padding-right: 7pt; text-indent: 0pt; text-align: center;\">Titolo<\/p>\n<\/td>\n<td style=\"width: 116.607%; border-width: 1pt; border-style: solid; height: 61px;\">\n<p class=\"s2\" style=\"padding-top: 5pt; padding-left: 5pt; text-indent: 0pt; text-align: left;\">Corso di formazione per \u201c<a href=\"https:\/\/shop.networkgtc.it\/product-category\/formazione\/sicurezza\/formazione-corsi-sicurezza-d-lgs-8108-lavoratori\/\">Preposto<\/a>\u201d<\/p>\n<\/td>\n<\/tr>\n<tr style=\"height: 133px;\">\n<td style=\"width: 21.0219%; border-width: 1pt; border-style: solid; height: 133px;\">\n<p class=\"s1\" style=\"padding-top: 8pt; padding-left: 5pt; padding-right: 7pt; text-indent: 0pt; text-align: center;\">Destinatari<\/p>\n<\/td>\n<td style=\"width: 116.607%; border-width: 1pt; border-style: solid; height: 133px;\">\n<p class=\"s3\" style=\"padding-top: 6pt; padding-left: 5pt; padding-right: 4pt; text-indent: 0pt; text-align: justify;\">Il corso \u00e8 rivolto alla figura del Preposto che nell\u2019ambito dell\u2019organizzazione aziendale ha il compito di sovrintendere all\u2019 attivit\u00e0 lavorativa e di garantire l&#8217;attuazione delle direttive ricevute, controllandone la corretta esecuzione da parte dei lavoratori ed esercitando un funzionale potere di iniziativa (capisquadra, capireparto, capiturno, capocantiere, capisala, capiufficio, capiarea).<\/p>\n<\/td>\n<\/tr>\n<tr style=\"height: 127px;\">\n<td style=\"width: 21.0219%; border-top-style: solid; border-top-width: 1pt; border-left-style: solid; border-left-width: 1pt; border-right-style: solid; border-right-width: 1pt; height: 127px;\">\n<p style=\"text-indent: 0pt; text-align: center;\">Obiettivi e Finalit\u00e0<\/p>\n<\/td>\n<td style=\"width: 116.607%; border-top-style: solid; border-top-width: 1pt; border-left-style: solid; border-left-width: 1pt; border-right-style: solid; border-right-width: 1pt; height: 127px;\">\n<p class=\"s3\" style=\"padding-left: 7pt; text-indent: 0pt; line-height: 13pt; text-align: left;\">Fornire gli elementi formativi al personale che ricopre il ruolo di preposto in riferimento alla tipologia di rischio indicato e in conformit\u00e0 a quanto previsto all\u2019art.37, comma 7, D.lgs. n. 81\/08 e al punto 5 dell&#8217;accordo Stato-Regioni n.221 del21\/12\/2011.La figura del preposto \u00e8 di notevole importanza per la sicurezza e la salute sul lavoro poich\u00e9 \u00e8 la pi\u00f9 vicina ai lavoratori e ne conosce tutte le criticit\u00e0 nell&#8217;attivit\u00e0 lavorativa, inoltre vigila e controlla il rispetto delle norme da parte del lavoratore nell&#8217;attivit\u00e0 quotidiana.<\/p>\n<\/td>\n<\/tr>\n<tr style=\"height: 125px;\">\n<td style=\"width: 21.0219%; border-width: 1pt; border-style: solid; height: 125px; text-align: center;\">Normativa di riferimento<\/td>\n<td style=\"width: 116.607%; border-width: 1pt; border-style: solid; height: 125px;\">\n<ul>\n<li>D. Lgs. 81\/08 e s. s. m. e i.;<\/li>\n<li>Accordo Stato \u2013 Regioni n.221 del 21 dicembre 2011;<\/li>\n<li>Accordo Stato \u2013 Regioni n.153 del 25 luglio 2012;<\/li>\n<li>Accordo Stato \u2013 Regioni n.128 del 07 luglio 2016.<\/li>\n<\/ul>\n<\/td>\n<\/tr>\n<tr style=\"height: 85px;\">\n<td style=\"width: 21.0219%; border-width: 1pt; border-style: solid; height: 85px; text-align: center;\">Requisiti di ammissione<\/td>\n<td style=\"width: 116.607%; border-width: 1pt; border-style: solid; height: 85px;\">\n<p class=\"s3\" style=\"padding-top: 2pt; padding-left: 7pt; padding-right: 4pt; text-indent: 0pt; line-height: 114%; text-align: justify;\">Nomina a Preposto\/Dirigente da parte del Datore di Lavoro (ci si basa sul principio di effettivit\u00e0, cio\u00e8 ove manchi la nomina ma si riscontri l&#8217;effettiva applicazione di tale incarico il Preposto viene identificato dall&#8217;organo ispettivo).<\/p>\n<\/td>\n<\/tr>\n<tr style=\"height: 555px;\">\n<td style=\"width: 21.0219%; border-width: 1pt; border-style: solid; height: 519px;\">\n<p class=\"s1\" style=\"padding-left: 5pt; padding-right: 7pt; text-indent: 0pt; text-align: center;\">Durata e modalit\u00e0<\/p>\n<\/td>\n<td style=\"width: 116.607%; border-width: 1pt; border-style: solid; height: 519px;\">\n<p class=\"s3\" style=\"padding-left: 7pt; text-indent: 0pt; line-height: 13pt; text-align: left;\">La durata minima del corso per preposti \u00e8 di 8 ore.<\/p>\n<p class=\"s3\" style=\"padding-left: 7pt; text-indent: 0pt; text-align: left;\">Il corso viene svolto per il 50% delle ore in e-learning e il 50% in Aula.<\/p>\n<p class=\"s3\" style=\"padding-left: 7pt; padding-right: 4pt; text-indent: 0pt; text-align: justify;\">Il programma del corso formativo per il preposto svolto in modalit\u00e0 e-learning secondo quanto previsto dall&#8217;Accordo Stato Regioni del 21 dicembre 2011, comprende gli argomenti da 1 a 5 del punto 5 del suddetto Accordo:<\/p>\n<ul>\n<li>Principali soggetti del sistema di prevenzione aziendale: compiti, obblighi, responsabilit\u00e0;<\/li>\n<li>Relazioni tra vari soggetti interni ed esterni del sistema di prevenzione;<\/li>\n<li>Definizione ed individuazione dei fattori di rischio;<\/li>\n<li>Incidenti ed infortuni mancati;<\/li>\n<li>Tecniche di comunicazione e sensibilizzazione dei lavoratori, in particolare neoassunti, somministrati e stranieri.<\/li>\n<\/ul>\n<p class=\"s3\" style=\"padding-left: 7pt; text-indent: 0pt; text-align: left;\">Il percorso formativo dovr\u00e0 essere completato e integrato con la frequenza di corsi frontali relativi agli argomenti 6, 7, 8 del punto 5 dell&#8217;Accordo Stato Regioni del 21 dicembre 2011.<\/p>\n<p class=\"s4\" style=\"padding-left: 5pt; text-indent: 0pt; text-align: left;\">N.B.<span class=\"s3\"><br \/>\nLa formazione per il preposto non sostituisce ma integra quella prevista per i <\/span>lavoratori cos\u00ec come previsto al punto 5 dell&#8217;Accordo Stato Regioni del 21 dicembre 2011.<\/p>\n<\/td>\n<\/tr>\n<tr style=\"height: 62px;\">\n<td style=\"width: 21.0219%; border-width: 1pt; border-style: solid; height: 62px;\">\n<p style=\"text-indent: 0pt; text-align: left;\">\n<\/td>\n<td style=\"width: 116.607%; border-width: 1pt; border-style: solid; height: 62px;\">\n<p class=\"s5\" style=\"padding-top: 7pt; padding-left: 142pt; padding-right: 141pt; text-indent: 0pt; text-align: center;\">DISCIPLINE E CONTENUTI<\/p>\n<\/td>\n<\/tr>\n<tr style=\"height: 458px;\">\n<td style=\"width: 21.0219%; border-width: 1pt; border-style: solid; height: 458px;\">\n<p class=\"s1\" style=\"padding-top: 7pt; padding-left: 31pt; padding-right: 10pt; text-indent: -22pt; text-align: left;\">Programma del corso<\/p>\n<\/td>\n<td style=\"width: 116.607%; border-width: 1pt; border-style: solid; height: 458px;\">\n<ul>\n<li>Accordo stato &#8211; regioni<\/li>\n<li>Dirigenti e Preposti<\/li>\n<li>I soggetti del sistema di prevenzione aziendale<\/li>\n<li>I soggetti del sistema di prevenzione aziendale 2<\/li>\n<li>I modelli di organizzazione e gestione<\/li>\n<li>Responsabilit\u00e0 civile penale e tutela assicurativa<\/li>\n<li>Contenuti del DVR<\/li>\n<li>Valutazione dei rischi<\/li>\n<li>La valutazione del rischio come conoscenza del sistema di organizzazione<\/li>\n<li>aziendale<\/li>\n<li>DUVRI<\/li>\n<li>DPI<\/li>\n<li>Prevenzione rischi infortuni<\/li>\n<li>I contenuti minimi di PSC POS e PSS<\/li>\n<li>Infortuni in occasione di lavoro<\/li>\n<li>Partecipazione dei lavoratori<\/li>\n<li>Sistema qualificazione imprese<\/li>\n<li>Tecniche di comunicazione in tema di sicurezza lavoro<\/li>\n<li>Ruolo dell&#8217;informazione e della formazione<\/li>\n<\/ul>\n<\/td>\n<\/tr>\n<tr style=\"height: 146px;\">\n<td style=\"width: 21.0219%; border-width: 1pt; border-style: solid; height: 146px;\">\n<p class=\"s1\" style=\"padding-top: 7pt; padding-left: 16pt; padding-right: 18pt; text-indent: 0pt; text-align: center;\">Valutazione<\/p>\n<\/td>\n<td style=\"width: 116.607%; border-width: 1pt; border-style: solid; height: 146px;\">\n<p class=\"s3\" style=\"padding-top: 4pt; padding-left: 5pt; padding-right: 4pt; text-indent: 0pt; text-align: justify;\">Al termine del percorso formativo, verr\u00e0 effettuata una prova di verifica obbligatoria tramite colloquio o test a risposta multipla, in alternativa tra loro.<\/p>\n<p class=\"s3\" style=\"padding-left: 5pt; padding-right: 4pt; text-indent: 0pt; text-align: justify;\">Tale prova \u00e8 finalizzata a verificare le conoscenze relative alla normativa vigente e le competenze tecnico-professionali acquisite in base ai contenuti dei percorso formativo.<\/p>\n<\/td>\n<\/tr>\n<tr style=\"height: 105px;\">\n<td style=\"width: 21.0219%; border-width: 1pt; border-style: solid; height: 105px; text-align: center;\">Attestato Formativo Rilasciato<\/td>\n<td style=\"width: 116.607%; border-width: 1pt; border-style: solid; height: 105px;\">\n<p class=\"s3\" style=\"padding-left: 5pt; text-indent: 0pt; text-align: left;\">Attestato di Frequenza per \u201cPreposto\u201d di 8 ore.<\/p>\n<\/td>\n<\/tr>\n<tr style=\"height: 106px;\">\n<td style=\"width: 21.0219%; border-width: 1pt; border-style: solid; height: 106px;\">\n<p class=\"s1\" style=\"padding-left: 16pt; padding-right: 18pt; text-indent: 0pt; text-align: center;\">Docenza<\/p>\n<\/td>\n<td style=\"width: 116.607%; border-width: 1pt; border-style: solid; height: 106px;\">\n<p class=\"s3\" style=\"padding-top: 4pt; padding-left: 5pt; padding-right: 4pt; text-indent: 0pt; text-align: justify;\">Docenti in possesso dei requisiti previsti dal decreto interministeriale 6 marzo 2013, emanato in attuazione dell&#8217;articolo 6, comma 8, lettera m bis), del d.lgs. n. 81\/2008, entrato in vigore il 18 marzo 2014.<\/p>\n<\/td>\n<\/tr>\n<tr style=\"height: 103px;\">\n<td style=\"width: 21.0219%; border-width: 1pt; border-style: solid; height: 103px;\">\n<p class=\"s1\" style=\"padding-top: 9pt; padding-left: 16pt; padding-right: 18pt; text-indent: 0pt; text-align: center;\">Sede<\/p>\n<\/td>\n<td style=\"width: 116.607%; border-width: 1pt; border-style: solid; height: 103px;\">\n<p class=\"s3\" style=\"padding-top: 1pt; padding-left: 5pt; padding-right: 4pt; text-indent: 0pt; text-align: justify;\">Per la parte in aula il corso sar\u00e0 erogato, secondo un calendario prestabilito, in una delle sedi pi\u00f9 vicine dislocate sul territorio nazionale. \u00c8 possibile ammettere un numero massimo di partecipanti ad ogni corso pari a 35 unit\u00e0. (punto 12.8 ASR 07\/07\/2016).<\/p>\n<\/td>\n<\/tr>\n<\/tbody>\n<\/table>\n","protected":false},"excerpt":{"rendered":"<p>\u00a0 \u00a0 Visualizza Scheda Tecnica in PDF Titolo Corso di formazione per \u201cPreposto\u201d Destinatari Il corso \u00e8 rivolto alla figura del Preposto che nell\u2019ambito dell\u2019organizzazione aziendale ha il compito di sovrintendere all\u2019 attivit\u00e0 lavorativa e di garantire l&#8217;attuazione delle direttive ricevute, controllandone la corretta esecuzione da parte dei lavoratori ed esercitando un funzionale potere di iniziativa (capisquadra, capireparto, capiturno, capocantiere, [&hellip;]<\/p>\n","protected":false},"featured_media":727,"template":"","meta":[],"product_brand":[],"product_cat":[28,916],"product_tag":[31,45],"class_list":{"0":"post-729","1":"product","2":"type-product","3":"status-publish","4":"has-post-thumbnail","6":"product_cat-corsi-sicurezza-d-lgs-81-08","7":"product_cat-blended","8":"product_tag-corsi-sicurezza-d-lgs-81-08-lavoratori","9":"product_tag-corso-8-ore","11":"first","12":"instock","13":"taxable","14":"shipping-taxable","15":"product-type-simple"},"yoast_head":"<!-- This site is optimized with the Yoast SEO plugin v25.4 - https:\/\/yoast.com\/wordpress\/plugins\/seo\/ -->\n<title>Preposto - Ampi Point Servizi emmegi<\/title>\n<meta name=\"robots\" content=\"index, follow, max-snippet:-1, max-image-preview:large, max-video-preview:-1\" \/>\n<link rel=\"canonical\" href=\"https:\/\/www.ampipointservizimg.it\/?product=preposto\" \/>\n<meta property=\"og:locale\" content=\"it_IT\" \/>\n<meta property=\"og:type\" content=\"article\" \/>\n<meta property=\"og:title\" content=\"Preposto - Ampi Point Servizi emmegi\" \/>\n<meta property=\"og:description\" content=\"\u00a0 \u00a0 Visualizza Scheda Tecnica in PDF Titolo Corso di formazione per \u201cPreposto\u201d Destinatari Il corso \u00e8 rivolto alla figura del Preposto che nell\u2019ambito dell\u2019organizzazione aziendale ha il compito di sovrintendere all\u2019 attivit\u00e0 lavorativa e di garantire l&#8217;attuazione delle direttive ricevute, controllandone la corretta esecuzione da parte dei lavoratori ed esercitando un funzionale potere di iniziativa (capisquadra, capireparto, capiturno, capocantiere, [&hellip;]\" \/>\n<meta property=\"og:url\" content=\"https:\/\/www.ampipointservizimg.it\/?product=preposto\" \/>\n<meta property=\"og:site_name\" content=\"Ampi Point Servizi emmegi\" \/>\n<meta property=\"article:modified_time\" content=\"2025-07-08T21:16:03+00:00\" \/>\n<meta property=\"og:image\" content=\"https:\/\/www.ampipointservizimg.it\/wp-content\/uploads\/2022\/03\/Preposto_icon.jpg\" \/>\n\t<meta property=\"og:image:width\" content=\"300\" \/>\n\t<meta property=\"og:image:height\" content=\"300\" \/>\n\t<meta property=\"og:image:type\" content=\"image\/jpeg\" \/>\n<meta name=\"twitter:card\" content=\"summary_large_image\" \/>\n<meta name=\"twitter:label1\" content=\"Tempo di lettura stimato\" \/>\n\t<meta name=\"twitter:data1\" content=\"3 minuti\" \/>\n<script type=\"application\/ld+json\" class=\"yoast-schema-graph\">{\"@context\":\"https:\/\/schema.org\",\"@graph\":[{\"@type\":\"WebPage\",\"@id\":\"https:\/\/www.ampipointservizimg.it\/?product=preposto\",\"url\":\"https:\/\/www.ampipointservizimg.it\/?product=preposto\",\"name\":\"Preposto - Ampi Point Servizi emmegi\",\"isPartOf\":{\"@id\":\"https:\/\/www.ampipointservizimg.it\/#website\"},\"primaryImageOfPage\":{\"@id\":\"https:\/\/www.ampipointservizimg.it\/?product=preposto#primaryimage\"},\"image\":{\"@id\":\"https:\/\/www.ampipointservizimg.it\/?product=preposto#primaryimage\"},\"thumbnailUrl\":\"https:\/\/www.ampipointservizimg.it\/wp-content\/uploads\/2022\/03\/Preposto_icon.jpg\",\"datePublished\":\"2022-03-07T16:16:32+00:00\",\"dateModified\":\"2025-07-08T21:16:03+00:00\",\"breadcrumb\":{\"@id\":\"https:\/\/www.ampipointservizimg.it\/?product=preposto#breadcrumb\"},\"inLanguage\":\"it-IT\",\"potentialAction\":[{\"@type\":\"ReadAction\",\"target\":[\"https:\/\/www.ampipointservizimg.it\/?product=preposto\"]}]},{\"@type\":\"ImageObject\",\"inLanguage\":\"it-IT\",\"@id\":\"https:\/\/www.ampipointservizimg.it\/?product=preposto#primaryimage\",\"url\":\"https:\/\/www.ampipointservizimg.it\/wp-content\/uploads\/2022\/03\/Preposto_icon.jpg\",\"contentUrl\":\"https:\/\/www.ampipointservizimg.it\/wp-content\/uploads\/2022\/03\/Preposto_icon.jpg\",\"width\":300,\"height\":300},{\"@type\":\"BreadcrumbList\",\"@id\":\"https:\/\/www.ampipointservizimg.it\/?product=preposto#breadcrumb\",\"itemListElement\":[{\"@type\":\"ListItem\",\"position\":1,\"name\":\"Home\",\"item\":\"https:\/\/www.ampipointservizimg.it\/\"},{\"@type\":\"ListItem\",\"position\":2,\"name\":\"Shop\",\"item\":\"https:\/\/www.ampipointservizimg.it\/?page_id=91\"},{\"@type\":\"ListItem\",\"position\":3,\"name\":\"Preposto\"}]},{\"@type\":\"WebSite\",\"@id\":\"https:\/\/www.ampipointservizimg.it\/#website\",\"url\":\"https:\/\/www.ampipointservizimg.it\/\",\"name\":\"Ampi Point Servizi emmegi\",\"description\":\"\",\"publisher\":{\"@id\":\"https:\/\/www.ampipointservizimg.it\/#organization\"},\"potentialAction\":[{\"@type\":\"SearchAction\",\"target\":{\"@type\":\"EntryPoint\",\"urlTemplate\":\"https:\/\/www.ampipointservizimg.it\/?s={search_term_string}\"},\"query-input\":{\"@type\":\"PropertyValueSpecification\",\"valueRequired\":true,\"valueName\":\"search_term_string\"}}],\"inLanguage\":\"it-IT\"},{\"@type\":\"Organization\",\"@id\":\"https:\/\/www.ampipointservizimg.it\/#organization\",\"name\":\"Sviluppo Qualit\u00e0\",\"alternateName\":\"Sviluppo Qualit\u00e0\",\"url\":\"https:\/\/www.ampipointservizimg.it\/\",\"logo\":{\"@type\":\"ImageObject\",\"inLanguage\":\"it-IT\",\"@id\":\"https:\/\/www.ampipointservizimg.it\/#\/schema\/logo\/image\/\",\"url\":\"https:\/\/www.ampipointservizimg.it\/wp-content\/uploads\/2025\/06\/cropped-logo_con_ampi-1.png\",\"contentUrl\":\"https:\/\/www.ampipointservizimg.it\/wp-content\/uploads\/2025\/06\/cropped-logo_con_ampi-1.png\",\"width\":2269,\"height\":544,\"caption\":\"Sviluppo Qualit\u00e0\"},\"image\":{\"@id\":\"https:\/\/www.ampipointservizimg.it\/#\/schema\/logo\/image\/\"}}]}<\/script>\n<!-- \/ Yoast SEO plugin. -->","yoast_head_json":{"title":"Preposto - Ampi Point Servizi emmegi","robots":{"index":"index","follow":"follow","max-snippet":"max-snippet:-1","max-image-preview":"max-image-preview:large","max-video-preview":"max-video-preview:-1"},"canonical":"https:\/\/www.ampipointservizimg.it\/?product=preposto","og_locale":"it_IT","og_type":"article","og_title":"Preposto - Ampi Point Servizi emmegi","og_description":"\u00a0 \u00a0 Visualizza Scheda Tecnica in PDF Titolo Corso di formazione per \u201cPreposto\u201d Destinatari Il corso \u00e8 rivolto alla figura del Preposto che nell\u2019ambito dell\u2019organizzazione aziendale ha il compito di sovrintendere all\u2019 attivit\u00e0 lavorativa e di garantire l&#8217;attuazione delle direttive ricevute, controllandone la corretta esecuzione da parte dei lavoratori ed esercitando un funzionale potere di iniziativa (capisquadra, capireparto, capiturno, capocantiere, [&hellip;]","og_url":"https:\/\/www.ampipointservizimg.it\/?product=preposto","og_site_name":"Ampi Point Servizi emmegi","article_modified_time":"2025-07-08T21:16:03+00:00","og_image":[{"width":300,"height":300,"url":"https:\/\/www.ampipointservizimg.it\/wp-content\/uploads\/2022\/03\/Preposto_icon.jpg","type":"image\/jpeg"}],"twitter_card":"summary_large_image","twitter_misc":{"Tempo di lettura stimato":"3 minuti"},"schema":{"@context":"https:\/\/schema.org","@graph":[{"@type":"WebPage","@id":"https:\/\/www.ampipointservizimg.it\/?product=preposto","url":"https:\/\/www.ampipointservizimg.it\/?product=preposto","name":"Preposto - Ampi Point Servizi emmegi","isPartOf":{"@id":"https:\/\/www.ampipointservizimg.it\/#website"},"primaryImageOfPage":{"@id":"https:\/\/www.ampipointservizimg.it\/?product=preposto#primaryimage"},"image":{"@id":"https:\/\/www.ampipointservizimg.it\/?product=preposto#primaryimage"},"thumbnailUrl":"https:\/\/www.ampipointservizimg.it\/wp-content\/uploads\/2022\/03\/Preposto_icon.jpg","datePublished":"2022-03-07T16:16:32+00:00","dateModified":"2025-07-08T21:16:03+00:00","breadcrumb":{"@id":"https:\/\/www.ampipointservizimg.it\/?product=preposto#breadcrumb"},"inLanguage":"it-IT","potentialAction":[{"@type":"ReadAction","target":["https:\/\/www.ampipointservizimg.it\/?product=preposto"]}]},{"@type":"ImageObject","inLanguage":"it-IT","@id":"https:\/\/www.ampipointservizimg.it\/?product=preposto#primaryimage","url":"https:\/\/www.ampipointservizimg.it\/wp-content\/uploads\/2022\/03\/Preposto_icon.jpg","contentUrl":"https:\/\/www.ampipointservizimg.it\/wp-content\/uploads\/2022\/03\/Preposto_icon.jpg","width":300,"height":300},{"@type":"BreadcrumbList","@id":"https:\/\/www.ampipointservizimg.it\/?product=preposto#breadcrumb","itemListElement":[{"@type":"ListItem","position":1,"name":"Home","item":"https:\/\/www.ampipointservizimg.it\/"},{"@type":"ListItem","position":2,"name":"Shop","item":"https:\/\/www.ampipointservizimg.it\/?page_id=91"},{"@type":"ListItem","position":3,"name":"Preposto"}]},{"@type":"WebSite","@id":"https:\/\/www.ampipointservizimg.it\/#website","url":"https:\/\/www.ampipointservizimg.it\/","name":"Ampi Point Servizi emmegi","description":"","publisher":{"@id":"https:\/\/www.ampipointservizimg.it\/#organization"},"potentialAction":[{"@type":"SearchAction","target":{"@type":"EntryPoint","urlTemplate":"https:\/\/www.ampipointservizimg.it\/?s={search_term_string}"},"query-input":{"@type":"PropertyValueSpecification","valueRequired":true,"valueName":"search_term_string"}}],"inLanguage":"it-IT"},{"@type":"Organization","@id":"https:\/\/www.ampipointservizimg.it\/#organization","name":"Sviluppo Qualit\u00e0","alternateName":"Sviluppo Qualit\u00e0","url":"https:\/\/www.ampipointservizimg.it\/","logo":{"@type":"ImageObject","inLanguage":"it-IT","@id":"https:\/\/www.ampipointservizimg.it\/#\/schema\/logo\/image\/","url":"https:\/\/www.ampipointservizimg.it\/wp-content\/uploads\/2025\/06\/cropped-logo_con_ampi-1.png","contentUrl":"https:\/\/www.ampipointservizimg.it\/wp-content\/uploads\/2025\/06\/cropped-logo_con_ampi-1.png","width":2269,"height":544,"caption":"Sviluppo Qualit\u00e0"},"image":{"@id":"https:\/\/www.ampipointservizimg.it\/#\/schema\/logo\/image\/"}}]}},"_links":{"self":[{"href":"https:\/\/www.ampipointservizimg.it\/index.php?rest_route=\/wp\/v2\/product\/729","targetHints":{"allow":["GET"]}}],"collection":[{"href":"https:\/\/www.ampipointservizimg.it\/index.php?rest_route=\/wp\/v2\/product"}],"about":[{"href":"https:\/\/www.ampipointservizimg.it\/index.php?rest_route=\/wp\/v2\/types\/product"}],"wp:featuredmedia":[{"embeddable":true,"href":"https:\/\/www.ampipointservizimg.it\/index.php?rest_route=\/wp\/v2\/media\/727"}],"wp:attachment":[{"href":"https:\/\/www.ampipointservizimg.it\/index.php?rest_route=%2Fwp%2Fv2%2Fmedia&parent=729"}],"wp:term":[{"taxonomy":"product_brand","embeddable":true,"href":"https:\/\/www.ampipointservizimg.it\/index.php?rest_route=%2Fwp%2Fv2%2Fproduct_brand&post=729"},{"taxonomy":"product_cat","embeddable":true,"href":"https:\/\/www.ampipointservizimg.it\/index.php?rest_route=%2Fwp%2Fv2%2Fproduct_cat&post=729"},{"taxonomy":"product_tag","embeddable":true,"href":"https:\/\/www.ampipointservizimg.it\/index.php?rest_route=%2Fwp%2Fv2%2Fproduct_tag&post=729"}],"curies":[{"name":"wp","href":"https:\/\/api.w.org\/{rel}","templated":true}]}}