{"id":730,"date":"2022-03-07T17:16:47","date_gmt":"2022-03-07T16:16:47","guid":{"rendered":"https:\/\/new.sviluppoqualita.it\/prodotto\/formazione-lavoratori-generale\/"},"modified":"2025-07-08T23:16:03","modified_gmt":"2025-07-08T21:16:03","slug":"formazione-lavoratori-generale","status":"publish","type":"product","link":"https:\/\/www.ampipointservizimg.it\/?product=formazione-lavoratori-generale","title":{"rendered":"Formazione generale dei Lavoratori &#8211; FAD"},"content":{"rendered":"<div id=\"div-scarica-scheda-tecnica\" style=\"text-align: center; padding: 7px; color: white; padding-top: 10px;\"><!-- blu 094775 rosso d1222b --> <a style=\"padding: 10px; border: 1px solid #dddddd; background-color: #d1222b; color: white;\" href=\"https:\/\/www.networkgtc.it\/wp-content\/uploads\/2019\/08\/1-Formazione-lavoratori-generale-fad.pdf\" target=\"_blank\" rel=\"noopener noreferrer\"> <i class=\"fa fa-file-pdf-o\" style=\"padding-left: 5px; ;color: white;\"><\/i> \u00a0 <span style=\"border-left: 1px solid white;\"> \u00a0 Visualizza Scheda Tecnica in PDF<\/span><\/a><\/div>\n<table class=\"tabella-scheda-tecnica-networkgtc\" style=\"width: 79.7127%; height: 1491px;\">\n<tbody>\n<tr style=\"height: 61px;\">\n<td style=\"width: 20.6304%; border-width: 1pt; border-style: solid; height: 61px;\">\n<p class=\"s1\" style=\"padding-top: 6pt; padding-left: 5pt; padding-right: 7pt; text-indent: 0pt; text-align: center;\">Titolo<\/p>\n<\/td>\n<td style=\"width: 111.461%; border-width: 1pt; border-style: solid; height: 61px;\">\n<p class=\"s2\" style=\"padding-top: 5pt; padding-left: 5pt; text-indent: 0pt; text-align: left;\">Corso di <a href=\"https:\/\/shop.networkgtc.it\/product-category\/formazione\/sicurezza\/formazione-corsi-sicurezza-d-lgs-8108-lavoratori\/\">Formazione dei lavoratori<\/a> generale<\/p>\n<\/td>\n<\/tr>\n<tr style=\"height: 170px;\">\n<td style=\"width: 20.6304%; border-width: 1pt; border-style: solid; height: 170px;\">\n<p class=\"s1\" style=\"padding-left: 5pt; padding-right: 7pt; text-indent: 0pt; text-align: center;\">Destinatari<\/p>\n<\/td>\n<td style=\"width: 111.461%; border-width: 1pt; border-style: solid; height: 170px;\">\n<p class=\"s3\" style=\"padding-left: 7pt; padding-right: 4pt; text-indent: 0pt; line-height: 114%; text-align: justify;\">Il corso si propone di fornire ai lavoratori i principi generali della legge in materia di salute e sicurezza sui luoghi di lavoro nel rispetto della normativa vigente (art.37 D.lgs n. 81 del 2008). La formazione dei lavoratori \u00e8 finalizzata a creare consapevolezza e cultura sui rischi e sulle misure di sicurezza da applicare per prevenire gli infortuni. L\u2019art. 37 del D.lgs. 81\/08 prevede che il Datore di lavoro formi tutti i suoi dipendenti, nel rispetto dei contenuti e della durata previsti dall\u2019accordo tra il Ministro del lavoro e delle politiche sociali, il Ministro della salute, le Regioni e le Province autonome di Trento e Bolzano per la formazione dei lavoratori sanciti dalla Conferenza Stato Regioni in data 21\/12\/2011 (Rep. Atti n. 221\/CSR) (G.U. n. 8 del 11-1-2012 ).<\/p>\n<\/td>\n<\/tr>\n<tr style=\"height: 252px;\">\n<td style=\"width: 20.6304%; border-width: 1pt; border-style: solid; height: 252px;\">\n<p class=\"s1\" style=\"padding-left: 28pt; padding-right: 30pt; text-indent: 0pt; text-align: center;\">Obiettivi e Finalit\u00e0<\/p>\n<\/td>\n<td style=\"width: 111.461%; border-width: 1pt; border-style: solid; height: 252px;\">\n<p class=\"s3\" style=\"padding-left: 7pt; padding-right: 4pt; text-indent: 0pt; line-height: 114%; text-align: justify;\">Fornire ai partecipanti gli approfondimenti e aggiornamenti necessari per conoscere i principi del Sistema di Prevenzione e Protezione adottato presso le Aziende e attraverso quali strumenti e strategie il lavoratore \u00e8 chiamato ad operare per preservare lo stato di sicurezza sul luogo di lavoro.<\/p>\n<p class=\"s3\" style=\"padding-left: 7pt; padding-right: 4pt; text-indent: 0pt; line-height: 114%; text-align: justify;\">Il corso di formazione generale e informazione per i lavoratori \u00e8 rivolto ai datori di lavoro che vogliono mantenere la propria azienda in regola con il decreto legislativo n.81\/2008 e s.m.i.<\/p>\n<p class=\"s3\" style=\"padding-left: 7pt; padding-right: 4pt; text-indent: 0pt; line-height: 114%; text-align: justify;\">Il decreto obbliga, infatti, il datore di lavoro, a formare ed informare i lavoratori della sua impresa, sui rischi specifici dell&#8217;attivit\u00e0 svolta all&#8217;interno dell&#8217;azienda.<\/p>\n<p class=\"s3\" style=\"padding-left: 7pt; padding-right: 4pt; text-indent: 0pt; line-height: 114%; text-align: justify;\">Il corso per la formazione e l&#8217;informazione del lavoratore si occupa di fornire tutte le nozioni principali sugli aspetti della sicurezza, obblighi da rispettare e divieti per la prevenzione dei possibili rischi presenti durante l&#8217;attivit\u00e0 lavorativa.<\/p>\n<\/td>\n<\/tr>\n<tr style=\"height: 125px;\">\n<td style=\"width: 20.6304%; border-width: 1pt; border-style: solid; height: 125px;\">\n<p class=\"s1\" style=\"padding-left: 22pt; padding-right: 19pt; text-indent: -4pt; text-align: left;\">Normativa di riferimento<\/p>\n<\/td>\n<td style=\"width: 111.461%; border-width: 1pt; border-style: solid; height: 125px;\">\n<ul>\n<li>D. Lgs. 81\/08 e s. m. e i.;<\/li>\n<li>Accordo Stato \u2013 Regioni n.221 del 21 dicembre 2011;<\/li>\n<li>Accordo Stato \u2013 Regioni n.153 del 25 luglio 2012;<\/li>\n<li>Accordo Stato \u2013 Regioni n.128 del 07 luglio 2016.<\/li>\n<\/ul>\n<\/td>\n<\/tr>\n<tr style=\"height: 78px;\">\n<td style=\"width: 20.6304%; border-width: 1pt; border-style: solid; height: 78px;\">\n<p class=\"s1\" style=\"padding-top: 1pt; padding-left: 19pt; padding-right: 19pt; text-indent: 2pt; text-align: left;\">Requisiti di ammissione<\/p>\n<\/td>\n<td style=\"width: 111.461%; border-width: 1pt; border-style: solid; height: 78px;\">\n<p class=\"s3\" style=\"padding-left: 7pt; text-indent: 0pt; line-height: 13pt; text-align: left;\">Nessun requisito.<\/p>\n<\/td>\n<\/tr>\n<tr style=\"height: 83px;\">\n<td style=\"width: 20.6304%; border-width: 1pt; border-style: solid; height: 83px;\">\n<p class=\"s1\" style=\"padding-top: 9pt; padding-left: 5pt; padding-right: 7pt; text-indent: 0pt; text-align: center;\">Durata e modalit\u00e0<\/p>\n<\/td>\n<td style=\"width: 111.461%; border-width: 1pt; border-style: solid; height: 83px;\">\n<p class=\"s3\" style=\"padding-left: 7pt; padding-right: 4pt; text-indent: 0pt; line-height: 114%; text-align: justify;\">Il corso ha una durata di 4 ore, uguale per tutti i lavoratori, e pu\u00f2 essere svolto in modalit\u00e0 e-learning con specifiche caratteristiche di qualit\u00e0 e certificazione delle sessioni di collegamento dei partecipanti.<\/p>\n<\/td>\n<\/tr>\n<tr style=\"height: 43px;\">\n<td style=\"width: 20.6304%; border-width: 1pt; border-style: solid; height: 318px;\" rowspan=\"2\">\n<p class=\"s1\" style=\"padding-left: 19pt; padding-right: 5pt; text-indent: -5pt; text-align: left;\">Programma del corso<\/p>\n<\/td>\n<td style=\"width: 111.461%; border-width: 1pt; border-style: solid; text-align: center; height: 43px;\">DISCIPLINE E CONTENUTI<\/td>\n<\/tr>\n<tr style=\"height: 275px;\">\n<td style=\"width: 111.461%; border-width: 1pt; border-style: solid; height: 275px;\">\n<p class=\"s5\" style=\"padding-left: 7pt; text-indent: 0pt; line-height: 13pt; text-align: left;\">Modulo generale (4 ore)<\/p>\n<ul>\n<li>Cenni sul sistema legislativo in materia di sicurezza dei lavoratori.<\/li>\n<li>Concetti di rischio.<\/li>\n<li>Il Sistema istituzionale della prevenzione.<\/li>\n<li>I soggetti del Sistema di Prevenzione Aziendale secondo il D. Lgs. 81\/2008: compiti, obblighi e responsabilit\u00e0.<\/li>\n<li>Danno, Prevenzione, Protezione.<\/li>\n<li>Organizzazione della prevenzione aziendale.<\/li>\n<li>Diritti, doveri e sanzioni per i vari soggetti aziendali.<\/li>\n<li>Organi di vigilanza, controllo e assistenza.<\/li>\n<\/ul>\n<\/td>\n<\/tr>\n<tr style=\"height: 85px;\">\n<td style=\"width: 20.6304%; border-width: 1pt; border-style: solid; height: 85px;\">\n<p class=\"s1\" style=\"padding-left: 12pt; padding-right: 15pt; text-indent: 0pt; text-align: center;\">Valutazione<\/p>\n<\/td>\n<td style=\"width: 111.461%; border-width: 1pt; border-style: solid; height: 85px;\">\n<p class=\"s3\" style=\"padding-top: 6pt; padding-left: 5pt; padding-right: 7pt; text-indent: 0pt; text-align: left;\">La verifica dell&#8217;apprendimento si svolge sulla base di test a risposta multipla e quiz game somministrabili anche in itinere.<\/p>\n<\/td>\n<\/tr>\n<tr style=\"height: 83px;\">\n<td style=\"width: 20.6304%; border-width: 1pt; border-style: solid; height: 83px;\">\n<p class=\"s1\" style=\"padding-left: 17pt; padding-right: 5pt; text-indent: 2pt; text-align: center;\">Attestato Formativo<\/p>\n<p class=\"s1\" style=\"padding-left: 18pt; text-indent: 0pt; line-height: 11pt; text-align: center;\">Rilasciato<\/p>\n<\/td>\n<td style=\"width: 111.461%; border-width: 1pt; border-style: solid; height: 83px;\">\n<p class=\"s3\" style=\"padding-top: 8pt; padding-left: 5pt; text-indent: 0pt; text-align: left;\">Attestato di Frequenza di \u201cFormazione dei lavoratori generale\u201d di 4 ore.<\/p>\n<\/td>\n<\/tr>\n<tr style=\"height: 105px;\">\n<td style=\"width: 20.6304%; border-width: 1pt; border-style: solid; height: 105px;\">\n<p class=\"s1\" style=\"padding-left: 12pt; padding-right: 15pt; text-indent: 0pt; text-align: center;\">Docenza<\/p>\n<\/td>\n<td style=\"width: 111.461%; border-width: 1pt; border-style: solid; height: 105px;\">\n<p class=\"s3\" style=\"padding-top: 3pt; padding-left: 5pt; padding-right: 4pt; text-indent: 0pt; text-align: justify;\">Docenti in possesso dei requisiti previsti dal decreto interministeriale 6 marzo 2013, emanato in attuazione dell&#8217;articolo 6, comma 8, lettera m bis), del d.lgs. n. 81\/2008, entrato in vigore il 18 marzo 2014.<\/p>\n<\/td>\n<\/tr>\n<tr style=\"height: 131px;\">\n<td style=\"width: 20.6304%; border-width: 1pt; border-style: solid; height: 131px;\">\n<p class=\"s1\" style=\"padding-top: 7pt; padding-left: 12pt; padding-right: 15pt; text-indent: 0pt; text-align: center;\">Sede<\/p>\n<\/td>\n<td style=\"width: 111.461%; border-width: 1pt; border-style: solid; height: 131px;\">\n<p class=\"s3\" style=\"padding-top: 5pt; padding-left: 5pt; padding-right: 4pt; text-indent: 0pt; text-align: justify;\">Il corso \u00e8 erogabile interamente in e-learning secondo le modalit\u00e0 definite all&#8217;allegato II dell\u2019Accordo Stato \u2013 Regioni del 7 luglio 2016. In caso di svolgimento in aula il corso sar\u00e0 erogato, secondo un calendario prestabilito, in una delle sedi pi\u00f9 vicine dislocate sul territorio nazionale. \u00c8 possibile ammettere un numero massimo di partecipanti ad ogni corso pari a 35 unit\u00e0.<\/p>\n<\/td>\n<\/tr>\n<\/tbody>\n<\/table>\n","protected":false},"excerpt":{"rendered":"<p>\u00a0 \u00a0 Visualizza Scheda Tecnica in PDF Titolo Corso di Formazione dei lavoratori generale Destinatari Il corso si propone di fornire ai lavoratori i principi generali della legge in materia di salute e sicurezza sui luoghi di lavoro nel rispetto della normativa vigente (art.37 D.lgs n. 81 del 2008). La formazione dei lavoratori \u00e8 finalizzata a creare consapevolezza e cultura [&hellip;]<\/p>\n","protected":false},"featured_media":2416,"template":"","meta":[],"product_brand":[],"product_cat":[28,917],"product_tag":[31,40],"class_list":{"0":"post-730","1":"product","2":"type-product","3":"status-publish","4":"has-post-thumbnail","6":"product_cat-corsi-sicurezza-d-lgs-81-08","7":"product_cat-corsi-fad","8":"product_tag-corsi-sicurezza-d-lgs-81-08-lavoratori","9":"product_tag-corso-4-ore","11":"first","12":"instock","13":"taxable","14":"shipping-taxable","15":"purchasable","16":"product-type-simple"},"yoast_head":"<!-- This site is optimized with the Yoast SEO plugin v25.4 - https:\/\/yoast.com\/wordpress\/plugins\/seo\/ -->\n<title>Formazione generale dei Lavoratori - FAD - Ampi Point Servizi emmegi<\/title>\n<meta name=\"robots\" content=\"index, follow, max-snippet:-1, max-image-preview:large, max-video-preview:-1\" \/>\n<link rel=\"canonical\" href=\"https:\/\/www.ampipointservizimg.it\/?product=formazione-lavoratori-generale\" \/>\n<meta property=\"og:locale\" content=\"it_IT\" \/>\n<meta property=\"og:type\" content=\"article\" \/>\n<meta property=\"og:title\" content=\"Formazione generale dei Lavoratori - FAD - Ampi Point Servizi emmegi\" \/>\n<meta property=\"og:description\" content=\"\u00a0 \u00a0 Visualizza Scheda Tecnica in PDF Titolo Corso di Formazione dei lavoratori generale Destinatari Il corso si propone di fornire ai lavoratori i principi generali della legge in materia di salute e sicurezza sui luoghi di lavoro nel rispetto della normativa vigente (art.37 D.lgs n. 81 del 2008). La formazione dei lavoratori \u00e8 finalizzata a creare consapevolezza e cultura [&hellip;]\" \/>\n<meta property=\"og:url\" content=\"https:\/\/www.ampipointservizimg.it\/?product=formazione-lavoratori-generale\" \/>\n<meta property=\"og:site_name\" content=\"Ampi Point Servizi emmegi\" \/>\n<meta property=\"article:modified_time\" content=\"2025-07-08T21:16:03+00:00\" \/>\n<meta property=\"og:image\" content=\"https:\/\/www.ampipointservizimg.it\/wp-content\/uploads\/2022\/03\/www.jpg\" \/>\n\t<meta property=\"og:image:width\" content=\"300\" \/>\n\t<meta property=\"og:image:height\" content=\"300\" \/>\n\t<meta property=\"og:image:type\" content=\"image\/jpeg\" \/>\n<meta name=\"twitter:card\" content=\"summary_large_image\" \/>\n<meta name=\"twitter:label1\" content=\"Tempo di lettura stimato\" \/>\n\t<meta name=\"twitter:data1\" content=\"3 minuti\" \/>\n<script type=\"application\/ld+json\" class=\"yoast-schema-graph\">{\"@context\":\"https:\/\/schema.org\",\"@graph\":[{\"@type\":\"WebPage\",\"@id\":\"https:\/\/www.ampipointservizimg.it\/?product=formazione-lavoratori-generale\",\"url\":\"https:\/\/www.ampipointservizimg.it\/?product=formazione-lavoratori-generale\",\"name\":\"Formazione generale dei Lavoratori - FAD - Ampi Point Servizi emmegi\",\"isPartOf\":{\"@id\":\"https:\/\/www.ampipointservizimg.it\/#website\"},\"primaryImageOfPage\":{\"@id\":\"https:\/\/www.ampipointservizimg.it\/?product=formazione-lavoratori-generale#primaryimage\"},\"image\":{\"@id\":\"https:\/\/www.ampipointservizimg.it\/?product=formazione-lavoratori-generale#primaryimage\"},\"thumbnailUrl\":\"https:\/\/www.ampipointservizimg.it\/wp-content\/uploads\/2022\/03\/www.jpg\",\"datePublished\":\"2022-03-07T16:16:47+00:00\",\"dateModified\":\"2025-07-08T21:16:03+00:00\",\"breadcrumb\":{\"@id\":\"https:\/\/www.ampipointservizimg.it\/?product=formazione-lavoratori-generale#breadcrumb\"},\"inLanguage\":\"it-IT\",\"potentialAction\":[{\"@type\":\"ReadAction\",\"target\":[\"https:\/\/www.ampipointservizimg.it\/?product=formazione-lavoratori-generale\"]}]},{\"@type\":\"ImageObject\",\"inLanguage\":\"it-IT\",\"@id\":\"https:\/\/www.ampipointservizimg.it\/?product=formazione-lavoratori-generale#primaryimage\",\"url\":\"https:\/\/www.ampipointservizimg.it\/wp-content\/uploads\/2022\/03\/www.jpg\",\"contentUrl\":\"https:\/\/www.ampipointservizimg.it\/wp-content\/uploads\/2022\/03\/www.jpg\",\"width\":300,\"height\":300},{\"@type\":\"BreadcrumbList\",\"@id\":\"https:\/\/www.ampipointservizimg.it\/?product=formazione-lavoratori-generale#breadcrumb\",\"itemListElement\":[{\"@type\":\"ListItem\",\"position\":1,\"name\":\"Home\",\"item\":\"https:\/\/www.ampipointservizimg.it\/\"},{\"@type\":\"ListItem\",\"position\":2,\"name\":\"Shop\",\"item\":\"https:\/\/www.ampipointservizimg.it\/?page_id=91\"},{\"@type\":\"ListItem\",\"position\":3,\"name\":\"Formazione generale dei Lavoratori &#8211; FAD\"}]},{\"@type\":\"WebSite\",\"@id\":\"https:\/\/www.ampipointservizimg.it\/#website\",\"url\":\"https:\/\/www.ampipointservizimg.it\/\",\"name\":\"Ampi Point Servizi emmegi\",\"description\":\"\",\"publisher\":{\"@id\":\"https:\/\/www.ampipointservizimg.it\/#organization\"},\"potentialAction\":[{\"@type\":\"SearchAction\",\"target\":{\"@type\":\"EntryPoint\",\"urlTemplate\":\"https:\/\/www.ampipointservizimg.it\/?s={search_term_string}\"},\"query-input\":{\"@type\":\"PropertyValueSpecification\",\"valueRequired\":true,\"valueName\":\"search_term_string\"}}],\"inLanguage\":\"it-IT\"},{\"@type\":\"Organization\",\"@id\":\"https:\/\/www.ampipointservizimg.it\/#organization\",\"name\":\"Sviluppo Qualit\u00e0\",\"alternateName\":\"Sviluppo Qualit\u00e0\",\"url\":\"https:\/\/www.ampipointservizimg.it\/\",\"logo\":{\"@type\":\"ImageObject\",\"inLanguage\":\"it-IT\",\"@id\":\"https:\/\/www.ampipointservizimg.it\/#\/schema\/logo\/image\/\",\"url\":\"https:\/\/www.ampipointservizimg.it\/wp-content\/uploads\/2025\/06\/cropped-logo_con_ampi-1.png\",\"contentUrl\":\"https:\/\/www.ampipointservizimg.it\/wp-content\/uploads\/2025\/06\/cropped-logo_con_ampi-1.png\",\"width\":2269,\"height\":544,\"caption\":\"Sviluppo Qualit\u00e0\"},\"image\":{\"@id\":\"https:\/\/www.ampipointservizimg.it\/#\/schema\/logo\/image\/\"}}]}<\/script>\n<!-- \/ Yoast SEO plugin. -->","yoast_head_json":{"title":"Formazione generale dei Lavoratori - FAD - Ampi Point Servizi emmegi","robots":{"index":"index","follow":"follow","max-snippet":"max-snippet:-1","max-image-preview":"max-image-preview:large","max-video-preview":"max-video-preview:-1"},"canonical":"https:\/\/www.ampipointservizimg.it\/?product=formazione-lavoratori-generale","og_locale":"it_IT","og_type":"article","og_title":"Formazione generale dei Lavoratori - FAD - Ampi Point Servizi emmegi","og_description":"\u00a0 \u00a0 Visualizza Scheda Tecnica in PDF Titolo Corso di Formazione dei lavoratori generale Destinatari Il corso si propone di fornire ai lavoratori i principi generali della legge in materia di salute e sicurezza sui luoghi di lavoro nel rispetto della normativa vigente (art.37 D.lgs n. 81 del 2008). La formazione dei lavoratori \u00e8 finalizzata a creare consapevolezza e cultura [&hellip;]","og_url":"https:\/\/www.ampipointservizimg.it\/?product=formazione-lavoratori-generale","og_site_name":"Ampi Point Servizi emmegi","article_modified_time":"2025-07-08T21:16:03+00:00","og_image":[{"width":300,"height":300,"url":"https:\/\/www.ampipointservizimg.it\/wp-content\/uploads\/2022\/03\/www.jpg","type":"image\/jpeg"}],"twitter_card":"summary_large_image","twitter_misc":{"Tempo di lettura stimato":"3 minuti"},"schema":{"@context":"https:\/\/schema.org","@graph":[{"@type":"WebPage","@id":"https:\/\/www.ampipointservizimg.it\/?product=formazione-lavoratori-generale","url":"https:\/\/www.ampipointservizimg.it\/?product=formazione-lavoratori-generale","name":"Formazione generale dei Lavoratori - FAD - Ampi Point Servizi emmegi","isPartOf":{"@id":"https:\/\/www.ampipointservizimg.it\/#website"},"primaryImageOfPage":{"@id":"https:\/\/www.ampipointservizimg.it\/?product=formazione-lavoratori-generale#primaryimage"},"image":{"@id":"https:\/\/www.ampipointservizimg.it\/?product=formazione-lavoratori-generale#primaryimage"},"thumbnailUrl":"https:\/\/www.ampipointservizimg.it\/wp-content\/uploads\/2022\/03\/www.jpg","datePublished":"2022-03-07T16:16:47+00:00","dateModified":"2025-07-08T21:16:03+00:00","breadcrumb":{"@id":"https:\/\/www.ampipointservizimg.it\/?product=formazione-lavoratori-generale#breadcrumb"},"inLanguage":"it-IT","potentialAction":[{"@type":"ReadAction","target":["https:\/\/www.ampipointservizimg.it\/?product=formazione-lavoratori-generale"]}]},{"@type":"ImageObject","inLanguage":"it-IT","@id":"https:\/\/www.ampipointservizimg.it\/?product=formazione-lavoratori-generale#primaryimage","url":"https:\/\/www.ampipointservizimg.it\/wp-content\/uploads\/2022\/03\/www.jpg","contentUrl":"https:\/\/www.ampipointservizimg.it\/wp-content\/uploads\/2022\/03\/www.jpg","width":300,"height":300},{"@type":"BreadcrumbList","@id":"https:\/\/www.ampipointservizimg.it\/?product=formazione-lavoratori-generale#breadcrumb","itemListElement":[{"@type":"ListItem","position":1,"name":"Home","item":"https:\/\/www.ampipointservizimg.it\/"},{"@type":"ListItem","position":2,"name":"Shop","item":"https:\/\/www.ampipointservizimg.it\/?page_id=91"},{"@type":"ListItem","position":3,"name":"Formazione generale dei Lavoratori &#8211; FAD"}]},{"@type":"WebSite","@id":"https:\/\/www.ampipointservizimg.it\/#website","url":"https:\/\/www.ampipointservizimg.it\/","name":"Ampi Point Servizi emmegi","description":"","publisher":{"@id":"https:\/\/www.ampipointservizimg.it\/#organization"},"potentialAction":[{"@type":"SearchAction","target":{"@type":"EntryPoint","urlTemplate":"https:\/\/www.ampipointservizimg.it\/?s={search_term_string}"},"query-input":{"@type":"PropertyValueSpecification","valueRequired":true,"valueName":"search_term_string"}}],"inLanguage":"it-IT"},{"@type":"Organization","@id":"https:\/\/www.ampipointservizimg.it\/#organization","name":"Sviluppo Qualit\u00e0","alternateName":"Sviluppo Qualit\u00e0","url":"https:\/\/www.ampipointservizimg.it\/","logo":{"@type":"ImageObject","inLanguage":"it-IT","@id":"https:\/\/www.ampipointservizimg.it\/#\/schema\/logo\/image\/","url":"https:\/\/www.ampipointservizimg.it\/wp-content\/uploads\/2025\/06\/cropped-logo_con_ampi-1.png","contentUrl":"https:\/\/www.ampipointservizimg.it\/wp-content\/uploads\/2025\/06\/cropped-logo_con_ampi-1.png","width":2269,"height":544,"caption":"Sviluppo Qualit\u00e0"},"image":{"@id":"https:\/\/www.ampipointservizimg.it\/#\/schema\/logo\/image\/"}}]}},"_links":{"self":[{"href":"https:\/\/www.ampipointservizimg.it\/index.php?rest_route=\/wp\/v2\/product\/730","targetHints":{"allow":["GET"]}}],"collection":[{"href":"https:\/\/www.ampipointservizimg.it\/index.php?rest_route=\/wp\/v2\/product"}],"about":[{"href":"https:\/\/www.ampipointservizimg.it\/index.php?rest_route=\/wp\/v2\/types\/product"}],"wp:featuredmedia":[{"embeddable":true,"href":"https:\/\/www.ampipointservizimg.it\/index.php?rest_route=\/wp\/v2\/media\/2416"}],"wp:attachment":[{"href":"https:\/\/www.ampipointservizimg.it\/index.php?rest_route=%2Fwp%2Fv2%2Fmedia&parent=730"}],"wp:term":[{"taxonomy":"product_brand","embeddable":true,"href":"https:\/\/www.ampipointservizimg.it\/index.php?rest_route=%2Fwp%2Fv2%2Fproduct_brand&post=730"},{"taxonomy":"product_cat","embeddable":true,"href":"https:\/\/www.ampipointservizimg.it\/index.php?rest_route=%2Fwp%2Fv2%2Fproduct_cat&post=730"},{"taxonomy":"product_tag","embeddable":true,"href":"https:\/\/www.ampipointservizimg.it\/index.php?rest_route=%2Fwp%2Fv2%2Fproduct_tag&post=730"}],"curies":[{"name":"wp","href":"https:\/\/api.w.org\/{rel}","templated":true}]}}