{"id":732,"date":"2022-03-07T17:17:53","date_gmt":"2022-03-07T16:17:53","guid":{"rendered":"https:\/\/new.sviluppoqualita.it\/prodotto\/formazione-lavoratori-rischio-medio\/"},"modified":"2025-07-08T23:16:03","modified_gmt":"2025-07-08T21:16:03","slug":"formazione-lavoratori-rischio-medio","status":"publish","type":"product","link":"https:\/\/www.ampipointservizimg.it\/?product=formazione-lavoratori-rischio-medio","title":{"rendered":"Formazione Lavoratori Rischio Medio"},"content":{"rendered":"<div id=\"div-scarica-scheda-tecnica\" style=\"text-align: center; padding: 7px; color: white; padding-top: 10px;\"><!-- blu 094775 rosso d1222b --> <a style=\"padding: 10px; border: 1px solid #dddddd; background-color: #d1222b; color: white;\" href=\"https:\/\/www.networkgtc.it\/wp-content\/uploads\/2019\/08\/4-Formazione-lavoratori-rischio-medio.pdf\" target=\"_blank\" rel=\"noopener noreferrer\"> <i class=\"fa fa-file-pdf-o\" style=\"padding-left: 5px; ;color: white;\"><\/i> \u00a0 <span style=\"border-left: 1px solid white;\"> \u00a0 Visualizza Scheda Tecnica in PDF<\/span><\/a><\/div>\n<table class=\"tabella-scheda-tecnica-networkgtc\" style=\"width: 80.0255%;\">\n<tbody>\n<tr>\n<td style=\"width: 21.7518%; border-width: 1pt; border-style: solid;\">\n<p class=\"s1\" style=\"padding-top: 6pt; padding-left: 5pt; padding-right: 7pt; text-indent: 0pt; text-align: center;\">Titolo<\/p>\n<\/td>\n<td style=\"width: 113.869%; border-width: 1pt; border-style: solid;\">\n<p class=\"s2\" style=\"padding-top: 5pt; padding-left: 5pt; text-indent: 0pt; text-align: left;\">Corso \u201c<a href=\"https:\/\/shop.networkgtc.it\/product-category\/formazione\/sicurezza\/formazione-corsi-sicurezza-d-lgs-8108-lavoratori\/\">Formazione dei lavoratori<\/a> rischio medio\u201d (12 ore)<\/p>\n<\/td>\n<\/tr>\n<tr>\n<td style=\"width: 21.7518%; border-width: 1pt; border-style: solid;\">\n<p class=\"s1\" style=\"padding-top: 9pt; padding-left: 5pt; padding-right: 7pt; text-indent: 0pt; text-align: center;\">Destinatari<\/p>\n<\/td>\n<td style=\"width: 113.869%; border-width: 1pt; border-style: solid;\">\n<p class=\"s3\" style=\"padding-top: 9pt; padding-left: 7pt; padding-right: 4pt; text-indent: 0pt; line-height: 114%; text-align: justify;\">Il corso intende ottemperare al requisito obbligatorio (Art. 37 T.U. 81\/08) per il quale tutti i lavoratori devono ricevere una formazione sufficiente ed adeguata in materia di sicurezza. La formazione dei lavoratori \u00e8 finalizzata a creare consapevolezza e cultura sui rischi e sulle misure di sicurezza da applicare per prevenire gli infortuni e preservare la salute e la sicurezza sui luogo di lavoro. L\u2019art. 37 del D.Lgs. 81\/08 prevede che il Datore di lavoro formi tutti i suoi dipendenti, nel rispetto dei contenuti e della durata previsti dall\u2019accordo tra il Ministro del lavoro e delle politiche sociali, il Ministro della salute, le Regioni e le Province autonome di Trento e Bolzano per la formazione dei lavoratori sanciti dalla Conferenza Stato Regioni in data 21\/12\/2011.<\/p>\n<\/td>\n<\/tr>\n<tr>\n<td style=\"width: 21.7518%; border-width: 1pt; border-style: solid;\">\n<p class=\"s1\" style=\"padding-left: 28pt; padding-right: 30pt; text-indent: 0pt; text-align: center;\">Obiettivi e Finalit\u00e0<\/p>\n<\/td>\n<td style=\"width: 113.869%; border-width: 1pt; border-style: solid;\">\n<p class=\"s3\" style=\"padding-left: 7pt; padding-right: 4pt; text-indent: 0pt; line-height: 114%; text-align: justify;\">Fornire ai partecipanti la formazione richiesta in funzione dei rischi riferiti alle mansioni e ai possibili danni e alle conseguenti misure e procedure di prevenzione e protezione caratteristici del settore o comparto di appartenenza dell&#8217;azienda. Il corso \u00e8 rivolto ai lavoratori la cui impresa rientra nelle macro categorie di rischio medio cos\u00ec come individuate all\u2019allegato 2\u00b0 dell\u2019 Accordo Stato Regioni del 21-12- 2011 (ATECO 2007):<\/p>\n<p class=\"s4\" style=\"padding-left: 7pt; padding-right: 4pt; text-indent: 0pt; line-height: 114%; text-align: justify;\">A) <span class=\"s5\">Agricoltura, silvicoltura e pesca.<br \/>\n<\/span><\/p>\n<p class=\"s4\" style=\"padding-left: 7pt; padding-right: 4pt; text-indent: 0pt; line-height: 114%; text-align: justify;\">H) <span class=\"s5\">Trasporto e magazzinaggio.<br \/>\n<\/span><\/p>\n<p class=\"s4\" style=\"padding-left: 7pt; text-indent: 0pt; text-align: justify;\">Q88) <span class=\"s5\">Assistenza sociale non residenziale.<\/span><\/p>\n<p class=\"s4\" style=\"padding-left: 7pt; text-indent: 0pt; text-align: justify;\">\u00a0O) Amministrazione Pubblica e Difesa. Assicurazione sociale obbligatoria.<\/p>\n<p class=\"s4\" style=\"padding-left: 7pt; text-indent: 0pt; text-align: justify;\">\u00a0P) Istruzione.<\/p>\n<\/td>\n<\/tr>\n<tr>\n<td style=\"width: 21.7518%; border-width: 1pt; border-style: solid; text-align: center;\">Normativa di riferimento<\/td>\n<td style=\"width: 113.869%; border-width: 1pt; border-style: solid;\">\n<ul>\n<li>D. Lgs. 81\/08 e s. s. m. e i.;<\/li>\n<li>Accordo Stato \u2013 Regioni n.221 del 21 dicembre 2011;<\/li>\n<li>Accordo Stato \u2013 Regioni n.153 del 25 luglio 2012;<\/li>\n<li>Accordo Stato \u2013 Regioni n.128 del 07 luglio 2016.<\/li>\n<\/ul>\n<\/td>\n<\/tr>\n<tr>\n<td style=\"width: 21.7518%; border-width: 1pt; border-style: solid; text-align: center;\">Requisiti di ammissione<\/td>\n<td style=\"width: 113.869%; border-width: 1pt; border-style: solid;\">\n<p class=\"s3\" style=\"padding-top: 2pt; padding-left: 5pt; text-indent: 0pt; text-align: left;\">Nessun requisito.<\/p>\n<\/td>\n<\/tr>\n<tr>\n<td style=\"width: 21.7518%; border-width: 1pt; border-style: solid;\">\n<p class=\"s1\" style=\"padding-left: 5pt; padding-right: 7pt; text-indent: 0pt; text-align: center;\">Durata e modalit\u00e0<\/p>\n<\/td>\n<td style=\"width: 113.869%; border-width: 1pt; border-style: solid;\">\n<p class=\"s3\" style=\"padding-left: 5pt; padding-right: 4pt; text-indent: 0pt; line-height: 114%; text-align: justify;\">Il corso \u00e8 strutturato in un modulo di &#8220;Formazione Generale&#8221; di 4 ore uguale per tutti i lavoratori erogabile in modalit\u00e0 e-learning con specifiche caratteristiche di qualit\u00e0 e certificazione delle sessioni di collegamento dei partecipanti e in un modulo di &#8220;Formazione Specifica&#8221; di 8 ore per i lavoratori delle imprese a medio rischio che deve essere svolta obbligatoriamente in aula.<\/p>\n<p class=\"s3\" style=\"padding-left: 5pt; padding-right: 211pt; text-indent: 0pt; line-height: 114%; text-align: left;\">Ore totali: 12 &#8211; Modalit\u00e0 Blended:<\/p>\n<p class=\"s3\" style=\"padding-left: 5pt; padding-right: 211pt; text-indent: 0pt; line-height: 114%; text-align: left;\">Formazione generale e-learning &#8211; 4 ore;<\/p>\n<p class=\"s3\" style=\"padding-left: 5pt; text-indent: 0pt; text-align: justify;\">Formazione specifica in aula &#8211; 8 ore.<\/p>\n<\/td>\n<\/tr>\n<tr>\n<td style=\"width: 21.7518%; border-width: 1pt; border-style: solid;\">\n<p style=\"text-indent: 0pt; text-align: left;\">\n<\/td>\n<td style=\"width: 113.869%; border-width: 1pt; border-style: solid;\">\n<p class=\"s6\" style=\"padding-left: 135pt; padding-right: 134pt; text-indent: 0pt; line-height: 15pt; text-align: center;\">DISCIPLINE E CONTENUTI<\/p>\n<\/td>\n<\/tr>\n<tr>\n<td style=\"width: 21.7518%; border-width: 1pt; border-style: solid;\" rowspan=\"2\">\n<p class=\"s1\" style=\"padding-left: 33pt; padding-right: 12pt; text-indent: -22pt; line-height: 114%; text-align: left;\">Programma del corso<\/p>\n<\/td>\n<td style=\"width: 113.869%; border-width: 1pt; border-style: solid;\">\n<p class=\"s7\" style=\"padding-left: 7pt; text-indent: 0pt; line-height: 13pt; text-align: left;\">Modulo generale (4 ore)<\/p>\n<ul>\n<li>Cenni sul sistema legislativo in materia di sicurezza dei lavoratori.<\/li>\n<li>Concetti di rischio.<\/li>\n<li>Il Sistema istituzionale della prevenzione.<\/li>\n<li>I soggetti del Sistema di Prevenzione Aziendale secondo il D. Lgs. 81\/2008: compiti, obblighi e responsabilit\u00e0.<\/li>\n<li>Danno, Prevenzione, Protezione.<\/li>\n<li>Organizzazione della prevenzione aziendale.<\/li>\n<li>Diritti, doveri e sanzioni per i vari soggetti aziendali.<\/li>\n<li>Organi di vigilanza, controllo e assistenza.<\/li>\n<\/ul>\n<\/td>\n<\/tr>\n<tr>\n<td style=\"width: 113.869%; border-width: 1pt; border-style: solid;\">\n<p class=\"s7\" style=\"padding-left: 7pt; text-indent: 0pt; line-height: 13pt; text-align: left;\">Modulo specifico (8 ore)<\/p>\n<ul>\n<li>Rischi infortuni.<\/li>\n<li>Rischi meccanici generali.<\/li>\n<li>Rischi specifici (elettrici generali, Cadute dall\u2019alto. Rischi da esplosione. Rischi chimici. Rischi cancerogeni. Rischi biologici. Rischi fisici. Rumore. Vibrazione. Radiazioni. Microclima ed illuminazione. Videoterminali. Stress da lavoro-correlato. Movimentazione manuale dei carichi. Movimentazione merci )<\/li>\n<li>Macchine e Attrezzature.<\/li>\n<li>Nebbie, oli fumi, vapori, polveri.<\/li>\n<li>Etichettatura.<\/li>\n<li>DPI ed organizzazione del lavoro.<\/li>\n<li>La sorveglianza sanitaria.<\/li>\n<li>Ambienti di lavoro.<\/li>\n<li>Segnaletica.<\/li>\n<li>Emergenze.<\/li>\n<li>Le procedure di sicurezza con riferimento al profilo di rischio specifico.<\/li>\n<li>Procedure di esodo ed incendi.<\/li>\n<li>Procedure organizzative di primo soccorso.<\/li>\n<li>Incidenti ed infortuni mancati. Altri rischi.<\/li>\n<\/ul>\n<\/td>\n<\/tr>\n<tr>\n<td style=\"width: 21.7518%; border-width: 1pt; border-style: solid; text-align: center;\">Valutazione<\/td>\n<td style=\"width: 113.869%; border-width: 1pt; border-style: solid;\">\n<p class=\"s3\" style=\"padding-left: 5pt; padding-right: 4pt; text-indent: 0pt; line-height: 115%; text-align: justify;\">La verifica dell&#8217;apprendimento si svolge sulla base di test a risposta multipla e quiz game somministrabili anche in itinere. La valutazione finale verr\u00e0 effettuata mediante una verifica di apprendimento in aula (esame finale).<\/p>\n<\/td>\n<\/tr>\n<tr>\n<td style=\"width: 21.7518%; border-width: 1pt; border-style: solid;\">\n<p class=\"s1\" style=\"padding-left: 22pt; padding-right: 12pt; text-indent: 2pt; line-height: 114%; text-align: center;\">Attestato Formativo Rilasciato<\/p>\n<\/td>\n<td style=\"width: 113.869%; border-width: 1pt; border-style: solid;\">\n<p class=\"s3\" style=\"padding-top: 7pt; padding-left: 5pt; text-indent: 0pt; text-align: left;\">Attestato di frequenza \u201cFormazione dei lavoratori rischio medio\u201d.<\/p>\n<\/td>\n<\/tr>\n<tr>\n<td style=\"width: 21.7518%; border-width: 1pt; border-style: solid;\">\n<p class=\"s1\" style=\"padding-top: 8pt; padding-left: 25pt; padding-right: 28pt; text-indent: 0pt; text-align: center;\">Docenza<\/p>\n<\/td>\n<td style=\"width: 113.869%; border-width: 1pt; border-style: solid;\">\n<p class=\"s3\" style=\"padding-left: 5pt; padding-right: 4pt; text-indent: 0pt; line-height: 114%; text-align: justify;\">Docenti in possesso dei requisiti previsti dal decreto interministeriale 6 marzo 2013, emanato in attuazione dell&#8217;articolo 6, comma 8, lettera m bis), del d.lgs. n. 81\/2008, entrato in vigore il 18 marzo 2014.<\/p>\n<\/td>\n<\/tr>\n<tr>\n<td style=\"width: 21.7518%; border-width: 1pt; border-style: solid;\">\n<p class=\"s1\" style=\"padding-top: 8pt; padding-left: 25pt; padding-right: 28pt; text-indent: 0pt; text-align: center;\">Sede<\/p>\n<\/td>\n<td style=\"width: 113.869%; border-width: 1pt; border-style: solid;\">\n<p class=\"s3\" style=\"padding-left: 5pt; padding-right: 4pt; text-indent: 0pt; line-height: 114%; text-align: justify;\">Per lo svolgimento in aula il corso sar\u00e0 erogato, secondo un calendario prestabilito, in una delle sedi pi\u00f9 vicine dislocate sul territorio nazionale. \u00c8 possibile ammettere un numero massimo di partecipanti ad ogni corso di 35 unit\u00e0.<\/p>\n<\/td>\n<\/tr>\n<\/tbody>\n<\/table>\n","protected":false},"excerpt":{"rendered":"<p>\u00a0 \u00a0 Visualizza Scheda Tecnica in PDF Titolo Corso \u201cFormazione dei lavoratori rischio medio\u201d (12 ore) Destinatari Il corso intende ottemperare al requisito obbligatorio (Art. 37 T.U. 81\/08) per il quale tutti i lavoratori devono ricevere una formazione sufficiente ed adeguata in materia di sicurezza. La formazione dei lavoratori \u00e8 finalizzata a creare consapevolezza e cultura sui rischi e sulle [&hellip;]<\/p>\n","protected":false},"featured_media":313,"template":"","meta":[],"product_brand":[],"product_cat":[28,916],"product_tag":[31,181],"class_list":{"0":"post-732","1":"product","2":"type-product","3":"status-publish","4":"has-post-thumbnail","6":"product_cat-corsi-sicurezza-d-lgs-81-08","7":"product_cat-blended","8":"product_tag-corsi-sicurezza-d-lgs-81-08-lavoratori","9":"product_tag-corso-12-ore","11":"first","12":"instock","13":"taxable","14":"shipping-taxable","15":"product-type-simple"},"yoast_head":"<!-- This site is optimized with the Yoast SEO plugin v25.4 - https:\/\/yoast.com\/wordpress\/plugins\/seo\/ -->\n<title>Formazione Lavoratori Rischio Medio - Ampi Point Servizi emmegi<\/title>\n<meta name=\"robots\" content=\"index, follow, max-snippet:-1, max-image-preview:large, max-video-preview:-1\" \/>\n<link rel=\"canonical\" href=\"https:\/\/www.ampipointservizimg.it\/?product=formazione-lavoratori-rischio-medio\" \/>\n<meta property=\"og:locale\" content=\"it_IT\" \/>\n<meta property=\"og:type\" content=\"article\" \/>\n<meta property=\"og:title\" content=\"Formazione Lavoratori Rischio Medio - Ampi Point Servizi emmegi\" \/>\n<meta property=\"og:description\" content=\"\u00a0 \u00a0 Visualizza Scheda Tecnica in PDF Titolo Corso \u201cFormazione dei lavoratori rischio medio\u201d (12 ore) Destinatari Il corso intende ottemperare al requisito obbligatorio (Art. 37 T.U. 81\/08) per il quale tutti i lavoratori devono ricevere una formazione sufficiente ed adeguata in materia di sicurezza. La formazione dei lavoratori \u00e8 finalizzata a creare consapevolezza e cultura sui rischi e sulle [&hellip;]\" \/>\n<meta property=\"og:url\" content=\"https:\/\/www.ampipointservizimg.it\/?product=formazione-lavoratori-rischio-medio\" \/>\n<meta property=\"og:site_name\" content=\"Ampi Point Servizi emmegi\" \/>\n<meta property=\"article:modified_time\" content=\"2025-07-08T21:16:03+00:00\" \/>\n<meta property=\"og:image\" content=\"https:\/\/www.ampipointservizimg.it\/wp-content\/uploads\/2022\/02\/Formazione-Lavoratori-Rischio-alto_icon-1.jpg\" \/>\n\t<meta property=\"og:image:width\" content=\"300\" \/>\n\t<meta property=\"og:image:height\" content=\"300\" \/>\n\t<meta property=\"og:image:type\" content=\"image\/jpeg\" \/>\n<meta name=\"twitter:card\" content=\"summary_large_image\" \/>\n<meta name=\"twitter:label1\" content=\"Tempo di lettura stimato\" \/>\n\t<meta name=\"twitter:data1\" content=\"3 minuti\" \/>\n<script type=\"application\/ld+json\" class=\"yoast-schema-graph\">{\"@context\":\"https:\/\/schema.org\",\"@graph\":[{\"@type\":\"WebPage\",\"@id\":\"https:\/\/www.ampipointservizimg.it\/?product=formazione-lavoratori-rischio-medio\",\"url\":\"https:\/\/www.ampipointservizimg.it\/?product=formazione-lavoratori-rischio-medio\",\"name\":\"Formazione Lavoratori Rischio Medio - Ampi Point Servizi emmegi\",\"isPartOf\":{\"@id\":\"https:\/\/www.ampipointservizimg.it\/#website\"},\"primaryImageOfPage\":{\"@id\":\"https:\/\/www.ampipointservizimg.it\/?product=formazione-lavoratori-rischio-medio#primaryimage\"},\"image\":{\"@id\":\"https:\/\/www.ampipointservizimg.it\/?product=formazione-lavoratori-rischio-medio#primaryimage\"},\"thumbnailUrl\":\"https:\/\/www.ampipointservizimg.it\/wp-content\/uploads\/2022\/02\/Formazione-Lavoratori-Rischio-alto_icon-1.jpg\",\"datePublished\":\"2022-03-07T16:17:53+00:00\",\"dateModified\":\"2025-07-08T21:16:03+00:00\",\"breadcrumb\":{\"@id\":\"https:\/\/www.ampipointservizimg.it\/?product=formazione-lavoratori-rischio-medio#breadcrumb\"},\"inLanguage\":\"it-IT\",\"potentialAction\":[{\"@type\":\"ReadAction\",\"target\":[\"https:\/\/www.ampipointservizimg.it\/?product=formazione-lavoratori-rischio-medio\"]}]},{\"@type\":\"ImageObject\",\"inLanguage\":\"it-IT\",\"@id\":\"https:\/\/www.ampipointservizimg.it\/?product=formazione-lavoratori-rischio-medio#primaryimage\",\"url\":\"https:\/\/www.ampipointservizimg.it\/wp-content\/uploads\/2022\/02\/Formazione-Lavoratori-Rischio-alto_icon-1.jpg\",\"contentUrl\":\"https:\/\/www.ampipointservizimg.it\/wp-content\/uploads\/2022\/02\/Formazione-Lavoratori-Rischio-alto_icon-1.jpg\",\"width\":300,\"height\":300},{\"@type\":\"BreadcrumbList\",\"@id\":\"https:\/\/www.ampipointservizimg.it\/?product=formazione-lavoratori-rischio-medio#breadcrumb\",\"itemListElement\":[{\"@type\":\"ListItem\",\"position\":1,\"name\":\"Home\",\"item\":\"https:\/\/www.ampipointservizimg.it\/\"},{\"@type\":\"ListItem\",\"position\":2,\"name\":\"Shop\",\"item\":\"https:\/\/www.ampipointservizimg.it\/?page_id=91\"},{\"@type\":\"ListItem\",\"position\":3,\"name\":\"Formazione Lavoratori Rischio Medio\"}]},{\"@type\":\"WebSite\",\"@id\":\"https:\/\/www.ampipointservizimg.it\/#website\",\"url\":\"https:\/\/www.ampipointservizimg.it\/\",\"name\":\"Ampi Point Servizi emmegi\",\"description\":\"\",\"publisher\":{\"@id\":\"https:\/\/www.ampipointservizimg.it\/#organization\"},\"potentialAction\":[{\"@type\":\"SearchAction\",\"target\":{\"@type\":\"EntryPoint\",\"urlTemplate\":\"https:\/\/www.ampipointservizimg.it\/?s={search_term_string}\"},\"query-input\":{\"@type\":\"PropertyValueSpecification\",\"valueRequired\":true,\"valueName\":\"search_term_string\"}}],\"inLanguage\":\"it-IT\"},{\"@type\":\"Organization\",\"@id\":\"https:\/\/www.ampipointservizimg.it\/#organization\",\"name\":\"Sviluppo Qualit\u00e0\",\"alternateName\":\"Sviluppo Qualit\u00e0\",\"url\":\"https:\/\/www.ampipointservizimg.it\/\",\"logo\":{\"@type\":\"ImageObject\",\"inLanguage\":\"it-IT\",\"@id\":\"https:\/\/www.ampipointservizimg.it\/#\/schema\/logo\/image\/\",\"url\":\"https:\/\/www.ampipointservizimg.it\/wp-content\/uploads\/2025\/06\/cropped-logo_con_ampi-1.png\",\"contentUrl\":\"https:\/\/www.ampipointservizimg.it\/wp-content\/uploads\/2025\/06\/cropped-logo_con_ampi-1.png\",\"width\":2269,\"height\":544,\"caption\":\"Sviluppo Qualit\u00e0\"},\"image\":{\"@id\":\"https:\/\/www.ampipointservizimg.it\/#\/schema\/logo\/image\/\"}}]}<\/script>\n<!-- \/ Yoast SEO plugin. -->","yoast_head_json":{"title":"Formazione Lavoratori Rischio Medio - Ampi Point Servizi emmegi","robots":{"index":"index","follow":"follow","max-snippet":"max-snippet:-1","max-image-preview":"max-image-preview:large","max-video-preview":"max-video-preview:-1"},"canonical":"https:\/\/www.ampipointservizimg.it\/?product=formazione-lavoratori-rischio-medio","og_locale":"it_IT","og_type":"article","og_title":"Formazione Lavoratori Rischio Medio - Ampi Point Servizi emmegi","og_description":"\u00a0 \u00a0 Visualizza Scheda Tecnica in PDF Titolo Corso \u201cFormazione dei lavoratori rischio medio\u201d (12 ore) Destinatari Il corso intende ottemperare al requisito obbligatorio (Art. 37 T.U. 81\/08) per il quale tutti i lavoratori devono ricevere una formazione sufficiente ed adeguata in materia di sicurezza. La formazione dei lavoratori \u00e8 finalizzata a creare consapevolezza e cultura sui rischi e sulle [&hellip;]","og_url":"https:\/\/www.ampipointservizimg.it\/?product=formazione-lavoratori-rischio-medio","og_site_name":"Ampi Point Servizi emmegi","article_modified_time":"2025-07-08T21:16:03+00:00","og_image":[{"width":300,"height":300,"url":"https:\/\/www.ampipointservizimg.it\/wp-content\/uploads\/2022\/02\/Formazione-Lavoratori-Rischio-alto_icon-1.jpg","type":"image\/jpeg"}],"twitter_card":"summary_large_image","twitter_misc":{"Tempo di lettura stimato":"3 minuti"},"schema":{"@context":"https:\/\/schema.org","@graph":[{"@type":"WebPage","@id":"https:\/\/www.ampipointservizimg.it\/?product=formazione-lavoratori-rischio-medio","url":"https:\/\/www.ampipointservizimg.it\/?product=formazione-lavoratori-rischio-medio","name":"Formazione Lavoratori Rischio Medio - Ampi Point Servizi emmegi","isPartOf":{"@id":"https:\/\/www.ampipointservizimg.it\/#website"},"primaryImageOfPage":{"@id":"https:\/\/www.ampipointservizimg.it\/?product=formazione-lavoratori-rischio-medio#primaryimage"},"image":{"@id":"https:\/\/www.ampipointservizimg.it\/?product=formazione-lavoratori-rischio-medio#primaryimage"},"thumbnailUrl":"https:\/\/www.ampipointservizimg.it\/wp-content\/uploads\/2022\/02\/Formazione-Lavoratori-Rischio-alto_icon-1.jpg","datePublished":"2022-03-07T16:17:53+00:00","dateModified":"2025-07-08T21:16:03+00:00","breadcrumb":{"@id":"https:\/\/www.ampipointservizimg.it\/?product=formazione-lavoratori-rischio-medio#breadcrumb"},"inLanguage":"it-IT","potentialAction":[{"@type":"ReadAction","target":["https:\/\/www.ampipointservizimg.it\/?product=formazione-lavoratori-rischio-medio"]}]},{"@type":"ImageObject","inLanguage":"it-IT","@id":"https:\/\/www.ampipointservizimg.it\/?product=formazione-lavoratori-rischio-medio#primaryimage","url":"https:\/\/www.ampipointservizimg.it\/wp-content\/uploads\/2022\/02\/Formazione-Lavoratori-Rischio-alto_icon-1.jpg","contentUrl":"https:\/\/www.ampipointservizimg.it\/wp-content\/uploads\/2022\/02\/Formazione-Lavoratori-Rischio-alto_icon-1.jpg","width":300,"height":300},{"@type":"BreadcrumbList","@id":"https:\/\/www.ampipointservizimg.it\/?product=formazione-lavoratori-rischio-medio#breadcrumb","itemListElement":[{"@type":"ListItem","position":1,"name":"Home","item":"https:\/\/www.ampipointservizimg.it\/"},{"@type":"ListItem","position":2,"name":"Shop","item":"https:\/\/www.ampipointservizimg.it\/?page_id=91"},{"@type":"ListItem","position":3,"name":"Formazione Lavoratori Rischio Medio"}]},{"@type":"WebSite","@id":"https:\/\/www.ampipointservizimg.it\/#website","url":"https:\/\/www.ampipointservizimg.it\/","name":"Ampi Point Servizi emmegi","description":"","publisher":{"@id":"https:\/\/www.ampipointservizimg.it\/#organization"},"potentialAction":[{"@type":"SearchAction","target":{"@type":"EntryPoint","urlTemplate":"https:\/\/www.ampipointservizimg.it\/?s={search_term_string}"},"query-input":{"@type":"PropertyValueSpecification","valueRequired":true,"valueName":"search_term_string"}}],"inLanguage":"it-IT"},{"@type":"Organization","@id":"https:\/\/www.ampipointservizimg.it\/#organization","name":"Sviluppo Qualit\u00e0","alternateName":"Sviluppo Qualit\u00e0","url":"https:\/\/www.ampipointservizimg.it\/","logo":{"@type":"ImageObject","inLanguage":"it-IT","@id":"https:\/\/www.ampipointservizimg.it\/#\/schema\/logo\/image\/","url":"https:\/\/www.ampipointservizimg.it\/wp-content\/uploads\/2025\/06\/cropped-logo_con_ampi-1.png","contentUrl":"https:\/\/www.ampipointservizimg.it\/wp-content\/uploads\/2025\/06\/cropped-logo_con_ampi-1.png","width":2269,"height":544,"caption":"Sviluppo Qualit\u00e0"},"image":{"@id":"https:\/\/www.ampipointservizimg.it\/#\/schema\/logo\/image\/"}}]}},"_links":{"self":[{"href":"https:\/\/www.ampipointservizimg.it\/index.php?rest_route=\/wp\/v2\/product\/732","targetHints":{"allow":["GET"]}}],"collection":[{"href":"https:\/\/www.ampipointservizimg.it\/index.php?rest_route=\/wp\/v2\/product"}],"about":[{"href":"https:\/\/www.ampipointservizimg.it\/index.php?rest_route=\/wp\/v2\/types\/product"}],"wp:featuredmedia":[{"embeddable":true,"href":"https:\/\/www.ampipointservizimg.it\/index.php?rest_route=\/wp\/v2\/media\/313"}],"wp:attachment":[{"href":"https:\/\/www.ampipointservizimg.it\/index.php?rest_route=%2Fwp%2Fv2%2Fmedia&parent=732"}],"wp:term":[{"taxonomy":"product_brand","embeddable":true,"href":"https:\/\/www.ampipointservizimg.it\/index.php?rest_route=%2Fwp%2Fv2%2Fproduct_brand&post=732"},{"taxonomy":"product_cat","embeddable":true,"href":"https:\/\/www.ampipointservizimg.it\/index.php?rest_route=%2Fwp%2Fv2%2Fproduct_cat&post=732"},{"taxonomy":"product_tag","embeddable":true,"href":"https:\/\/www.ampipointservizimg.it\/index.php?rest_route=%2Fwp%2Fv2%2Fproduct_tag&post=732"}],"curies":[{"name":"wp","href":"https:\/\/api.w.org\/{rel}","templated":true}]}}